{"id":40344,"date":"2023-07-04T15:14:42","date_gmt":"2023-07-04T13:14:42","guid":{"rendered":"https:\/\/laguiole.com\/produit\/le-buron-laguiole-kaesemesser-in-aubrac-olivier\/"},"modified":"2023-07-04T15:14:42","modified_gmt":"2023-07-04T13:14:42","slug":"le-buron-laguiole-kaesemesser-in-aubrac-olivier","status":"publish","type":"product","link":"https:\/\/laguiole.com\/de\/produit\/le-buron-laguiole-kaesemesser-in-aubrac-olivier\/","title":{"rendered":"Le Buron Laguiole K\u00e4semesser in Aubrac Olivier"},"content":{"rendered":"<p>Das Le Buron K\u00e4semesser von Laguiole in Aubrac verk\u00f6rpert Eleganz und Raffinesse. Entworfen von dem renommierten franz\u00f6sischen Designer Benjamin Auzier, verf\u00fchrt dieses 29 cm lange Messer durch seine Raffinesse. Ein Unterscheidungsmerkmal dieses Messers ist seine F\u00e4higkeit, aufrecht zu stehen, was seiner \u00c4sthetik eine praktische Note verleiht. Getreu der Tradition der Laguiole-Messer wird jedes Exemplar sorgf\u00e4ltig von Hand geformt und bietet ein au\u00dfergew\u00f6hnliches Finish, das von der Handwerkskunst zeugt.   <\/p>\n<p>Die Klinge dieses K\u00e4semessers besteht aus Sandvik 12C27 Stahl, der f\u00fcr seine Korrosionsbest\u00e4ndigkeit bekannt ist. Dieser schwedische Stahl, der h\u00e4ufig in der Rasiermesserherstellung verwendet wird, zeichnet sich durch seine Festigkeit, seine F\u00e4higkeit, mit gro\u00dfer Finesse gesch\u00e4rft zu werden, und seine F\u00e4higkeit, eine optimale Sch\u00e4rfe beizubehalten, aus. Die hochglanzpolierte Klinge hat eine abgerundete Form, die in Kombination mit ihrer H\u00e4rte ein pr\u00e4zises Schneiden aller Arten von K\u00e4se erm\u00f6glicht, egal ob weich oder hart.<br \/>\nDas Laguiole-K\u00e4semesser in Aubrac hat einen Griff aus Olivenholz, einer leichten Sorte, die mit einer sch\u00f6nen Maserung verziert ist, die jedem Messer eine einzigartige Einzigartigkeit verleiht. Der Griff ist mit dem f\u00fcr Laguiole-Messer charakteristischen Hirtenkreuz verziert und auf der R\u00fcckseite des Griffs befindet sich eine Laguiole-Biene mit einem schlanken Design. Das Griffdesign erm\u00f6glicht es dem Messer, aufrecht zu stehen, was der Pr\u00e4sentation Ihrer K\u00e4seplatte eine unverwechselbare Note verleiht.    <\/p>\n<p>Laguiole in Aubrac verk\u00f6rpert Luxus pur. Das Schneiden wird mit den Laguiole-Messern in Aubrac zu einem au\u00dfergew\u00f6hnlichen Erlebnis. Es wird empfohlen, das Messer nach jedem Gebrauch zu waschen, um eine optimale Pflege zu gew\u00e4hrleisten. Dieses Messer wird mit einer stilvollen Aufbewahrungsbox geliefert und bietet nicht nur eine luxuri\u00f6se und stilvolle \u00c4sthetik, sondern auch eine unvergleichliche Aufbewahrungssicherheit. Luxus, Eleganz und Zweckm\u00e4\u00dfigkeit in einem einzigen Objekt vereint.    <\/p>\n","protected":false},"excerpt":{"rendered":"<p>Laguiole K\u00e4semesser in Aubrac Le Buron<br \/>\nGriff: Olivier<br \/>\nGesamtmessergr\u00f6\u00dfe: 29 cm<br \/>\nGriffgr\u00f6\u00dfe: 14 cm<br \/>\nKlingengr\u00f6\u00dfe: 15 cm<br \/>\nKlinge: Gl\u00e4nzender Edelstahl<\/p>\n","protected":false},"featured_media":40346,"template":"","meta":{"_acf_changed":false,"_monsterinsights_skip_tracking":false,"_monsterinsights_sitenote_active":false,"_monsterinsights_sitenote_note":"","_monsterinsights_sitenote_category":0},"product_brand":[],"product_cat":[5934],"product_tag":[],"class_list":{"0":"post-40344","1":"product","2":"type-product","3":"status-publish","4":"has-post-thumbnail","6":"product_cat-laguiole-spezialmesser-und-zubehoer","7":"pa_lame-glaenzender-edelstahl","8":"pa_manche-en-bois-olive","9":"pa_marque-laguiole-en-aubracfr","10":"tm-has-options","13":"instock","14":"taxable","15":"shipping-taxable","16":"purchasable","17":"product-type-simple"},"supplier_id":null,"supplier_sku":"","barcode":null,"atum_controlled":true,"out_stock_date":null,"out_stock_threshold":null,"inheritable":false,"inbound_stock":0,"stock_on_hold":0,"sold_today":0,"sales_last_days":0,"reserved_stock":0,"customer_returns":0,"warehouse_damage":0,"lost_in_post":0,"other_logs":0,"out_stock_days":0,"lost_sales":0,"has_location":false,"update_date":"2026-05-11T00:56:07","atum_locations":[],"atum_stock_status":"instock","restock_status":false,"low_stock_amount":"","sales_update_date":"2026-05-11T00:56:07","calc_backorders":0,"acf":[],"yoast_head":"<!-- This site is optimized with the Yoast SEO plugin v27.3 - https:\/\/yoast.com\/product\/yoast-seo-wordpress\/ -->\n<title>Le Buron Laguiole K\u00e4semesser in Aubrac Olivier - Laguiole.com \u00ae<\/title>\n<meta name=\"robots\" content=\"index, follow, max-snippet:-1, max-image-preview:large, max-video-preview:-1\" \/>\n<link rel=\"canonical\" href=\"https:\/\/laguiole.com\/de\/produit\/le-buron-laguiole-kaesemesser-in-aubrac-olivier\/\" \/>\n<meta property=\"og:locale\" content=\"de_DE\" \/>\n<meta property=\"og:type\" content=\"article\" \/>\n<meta property=\"og:title\" content=\"Le Buron Laguiole K\u00e4semesser in Aubrac Olivier - Laguiole.com \u00ae\" \/>\n<meta property=\"og:description\" content=\"Laguiole K\u00e4semesser in Aubrac Le Buron Griff: Olivier Gesamtmessergr\u00f6\u00dfe: 29 cm Griffgr\u00f6\u00dfe: 14 cm Klingengr\u00f6\u00dfe: 15 cm Klinge: Gl\u00e4nzender Edelstahl\" \/>\n<meta property=\"og:url\" content=\"https:\/\/laguiole.com\/de\/produit\/le-buron-laguiole-kaesemesser-in-aubrac-olivier\/\" \/>\n<meta property=\"og:site_name\" content=\"Laguiole.com \u00ae\" \/>\n<meta property=\"article:publisher\" content=\"https:\/\/www.facebook.com\/laguiolecom\/\" \/>\n<meta property=\"og:image\" content=\"https:\/\/laguiole.com\/wp-content\/uploads\/2023\/07\/Couteau_Fromage_LEA_BURON_Olivier_01.jpg\" \/>\n\t<meta property=\"og:image:width\" content=\"1033\" \/>\n\t<meta property=\"og:image:height\" content=\"1033\" \/>\n\t<meta property=\"og:image:type\" content=\"image\/jpeg\" \/>\n<meta name=\"twitter:card\" content=\"summary_large_image\" \/>\n<meta name=\"twitter:label1\" content=\"Gesch\u00e4tzte Lesezeit\" \/>\n\t<meta name=\"twitter:data1\" content=\"2\u00a0Minute\" \/>\n<script type=\"application\/ld+json\" class=\"yoast-schema-graph\">{\"@context\":\"https:\\\/\\\/schema.org\",\"@graph\":[{\"@type\":\"WebPage\",\"@id\":\"https:\\\/\\\/laguiole.com\\\/de\\\/produit\\\/le-buron-laguiole-kaesemesser-in-aubrac-olivier\\\/\",\"url\":\"https:\\\/\\\/laguiole.com\\\/de\\\/produit\\\/le-buron-laguiole-kaesemesser-in-aubrac-olivier\\\/\",\"name\":\"Le Buron Laguiole K\u00e4semesser in Aubrac Olivier - Laguiole.com \u00ae\",\"isPartOf\":{\"@id\":\"https:\\\/\\\/laguiole.com\\\/de\\\/#website\"},\"primaryImageOfPage\":{\"@id\":\"https:\\\/\\\/laguiole.com\\\/de\\\/produit\\\/le-buron-laguiole-kaesemesser-in-aubrac-olivier\\\/#primaryimage\"},\"image\":{\"@id\":\"https:\\\/\\\/laguiole.com\\\/de\\\/produit\\\/le-buron-laguiole-kaesemesser-in-aubrac-olivier\\\/#primaryimage\"},\"thumbnailUrl\":\"https:\\\/\\\/laguiole.com\\\/wp-content\\\/uploads\\\/2023\\\/07\\\/Couteau_Fromage_LEA_BURON_Olivier_01.jpg\",\"datePublished\":\"2023-07-04T13:14:42+00:00\",\"breadcrumb\":{\"@id\":\"https:\\\/\\\/laguiole.com\\\/de\\\/produit\\\/le-buron-laguiole-kaesemesser-in-aubrac-olivier\\\/#breadcrumb\"},\"inLanguage\":\"de\",\"potentialAction\":[{\"@type\":\"ReadAction\",\"target\":[\"https:\\\/\\\/laguiole.com\\\/de\\\/produit\\\/le-buron-laguiole-kaesemesser-in-aubrac-olivier\\\/\"]}]},{\"@type\":\"ImageObject\",\"inLanguage\":\"de\",\"@id\":\"https:\\\/\\\/laguiole.com\\\/de\\\/produit\\\/le-buron-laguiole-kaesemesser-in-aubrac-olivier\\\/#primaryimage\",\"url\":\"https:\\\/\\\/laguiole.com\\\/wp-content\\\/uploads\\\/2023\\\/07\\\/Couteau_Fromage_LEA_BURON_Olivier_01.jpg\",\"contentUrl\":\"https:\\\/\\\/laguiole.com\\\/wp-content\\\/uploads\\\/2023\\\/07\\\/Couteau_Fromage_LEA_BURON_Olivier_01.jpg\",\"width\":1033,\"height\":1033,\"caption\":\"Le Buron Laguiole K\u00e4semesser in Aubrac Olivier\"},{\"@type\":\"BreadcrumbList\",\"@id\":\"https:\\\/\\\/laguiole.com\\\/de\\\/produit\\\/le-buron-laguiole-kaesemesser-in-aubrac-olivier\\\/#breadcrumb\",\"itemListElement\":[{\"@type\":\"ListItem\",\"position\":1,\"name\":\"Accueil\",\"item\":\"https:\\\/\\\/laguiole.com\\\/de\\\/\"},{\"@type\":\"ListItem\",\"position\":2,\"name\":\"Shop\",\"item\":\"https:\\\/\\\/laguiole.com\\\/de\\\/shop-2\\\/\"},{\"@type\":\"ListItem\",\"position\":3,\"name\":\"Le Buron Laguiole K\u00e4semesser in Aubrac Olivier\"}]},{\"@type\":\"WebSite\",\"@id\":\"https:\\\/\\\/laguiole.com\\\/de\\\/#website\",\"url\":\"https:\\\/\\\/laguiole.com\\\/de\\\/\",\"name\":\"Laguiole.com\",\"description\":\"Laguiole - Couteau laguiole, Chateau Laguiole, Laguiole en Aubrac, Forge de Laguiole\",\"publisher\":{\"@id\":\"https:\\\/\\\/laguiole.com\\\/de\\\/#organization\"},\"potentialAction\":[{\"@type\":\"SearchAction\",\"target\":{\"@type\":\"EntryPoint\",\"urlTemplate\":\"https:\\\/\\\/laguiole.com\\\/de\\\/?s={search_term_string}\"},\"query-input\":{\"@type\":\"PropertyValueSpecification\",\"valueRequired\":true,\"valueName\":\"search_term_string\"}}],\"inLanguage\":\"de\"},{\"@type\":\"Organization\",\"@id\":\"https:\\\/\\\/laguiole.com\\\/de\\\/#organization\",\"name\":\"Laguiole.com\",\"url\":\"https:\\\/\\\/laguiole.com\\\/de\\\/\",\"logo\":{\"@type\":\"ImageObject\",\"inLanguage\":\"de\",\"@id\":\"https:\\\/\\\/laguiole.com\\\/de\\\/#\\\/schema\\\/logo\\\/image\\\/\",\"url\":\"https:\\\/\\\/laguiole.com\\\/wp-content\\\/uploads\\\/2021\\\/02\\\/logo_laguiole.com-horizontal.jpg\",\"contentUrl\":\"https:\\\/\\\/laguiole.com\\\/wp-content\\\/uploads\\\/2021\\\/02\\\/logo_laguiole.com-horizontal.jpg\",\"width\":490,\"height\":156,\"caption\":\"Laguiole.com\"},\"image\":{\"@id\":\"https:\\\/\\\/laguiole.com\\\/de\\\/#\\\/schema\\\/logo\\\/image\\\/\"},\"sameAs\":[\"https:\\\/\\\/www.facebook.com\\\/laguiolecom\\\/\",\"https:\\\/\\\/www.instagram.com\\\/laguiolecom\\\/\",\"https:\\\/\\\/www.youtube.com\\\/@laguiolecom\\\/videos\"]}]}<\/script>\n<!-- \/ Yoast SEO plugin. -->","yoast_head_json":{"title":"Le Buron Laguiole K\u00e4semesser in Aubrac Olivier - Laguiole.com \u00ae","robots":{"index":"index","follow":"follow","max-snippet":"max-snippet:-1","max-image-preview":"max-image-preview:large","max-video-preview":"max-video-preview:-1"},"canonical":"https:\/\/laguiole.com\/de\/produit\/le-buron-laguiole-kaesemesser-in-aubrac-olivier\/","og_locale":"de_DE","og_type":"article","og_title":"Le Buron Laguiole K\u00e4semesser in Aubrac Olivier - Laguiole.com \u00ae","og_description":"Laguiole K\u00e4semesser in Aubrac Le Buron Griff: Olivier Gesamtmessergr\u00f6\u00dfe: 29 cm Griffgr\u00f6\u00dfe: 14 cm Klingengr\u00f6\u00dfe: 15 cm Klinge: Gl\u00e4nzender Edelstahl","og_url":"https:\/\/laguiole.com\/de\/produit\/le-buron-laguiole-kaesemesser-in-aubrac-olivier\/","og_site_name":"Laguiole.com \u00ae","article_publisher":"https:\/\/www.facebook.com\/laguiolecom\/","og_image":[{"width":1033,"height":1033,"url":"https:\/\/laguiole.com\/wp-content\/uploads\/2023\/07\/Couteau_Fromage_LEA_BURON_Olivier_01.jpg","type":"image\/jpeg"}],"twitter_card":"summary_large_image","twitter_misc":{"Gesch\u00e4tzte Lesezeit":"2\u00a0Minute"},"schema":{"@context":"https:\/\/schema.org","@graph":[{"@type":"WebPage","@id":"https:\/\/laguiole.com\/de\/produit\/le-buron-laguiole-kaesemesser-in-aubrac-olivier\/","url":"https:\/\/laguiole.com\/de\/produit\/le-buron-laguiole-kaesemesser-in-aubrac-olivier\/","name":"Le Buron Laguiole K\u00e4semesser in Aubrac Olivier - Laguiole.com \u00ae","isPartOf":{"@id":"https:\/\/laguiole.com\/de\/#website"},"primaryImageOfPage":{"@id":"https:\/\/laguiole.com\/de\/produit\/le-buron-laguiole-kaesemesser-in-aubrac-olivier\/#primaryimage"},"image":{"@id":"https:\/\/laguiole.com\/de\/produit\/le-buron-laguiole-kaesemesser-in-aubrac-olivier\/#primaryimage"},"thumbnailUrl":"https:\/\/laguiole.com\/wp-content\/uploads\/2023\/07\/Couteau_Fromage_LEA_BURON_Olivier_01.jpg","datePublished":"2023-07-04T13:14:42+00:00","breadcrumb":{"@id":"https:\/\/laguiole.com\/de\/produit\/le-buron-laguiole-kaesemesser-in-aubrac-olivier\/#breadcrumb"},"inLanguage":"de","potentialAction":[{"@type":"ReadAction","target":["https:\/\/laguiole.com\/de\/produit\/le-buron-laguiole-kaesemesser-in-aubrac-olivier\/"]}]},{"@type":"ImageObject","inLanguage":"de","@id":"https:\/\/laguiole.com\/de\/produit\/le-buron-laguiole-kaesemesser-in-aubrac-olivier\/#primaryimage","url":"https:\/\/laguiole.com\/wp-content\/uploads\/2023\/07\/Couteau_Fromage_LEA_BURON_Olivier_01.jpg","contentUrl":"https:\/\/laguiole.com\/wp-content\/uploads\/2023\/07\/Couteau_Fromage_LEA_BURON_Olivier_01.jpg","width":1033,"height":1033,"caption":"Le Buron Laguiole K\u00e4semesser in Aubrac Olivier"},{"@type":"BreadcrumbList","@id":"https:\/\/laguiole.com\/de\/produit\/le-buron-laguiole-kaesemesser-in-aubrac-olivier\/#breadcrumb","itemListElement":[{"@type":"ListItem","position":1,"name":"Accueil","item":"https:\/\/laguiole.com\/de\/"},{"@type":"ListItem","position":2,"name":"Shop","item":"https:\/\/laguiole.com\/de\/shop-2\/"},{"@type":"ListItem","position":3,"name":"Le Buron Laguiole K\u00e4semesser in Aubrac Olivier"}]},{"@type":"WebSite","@id":"https:\/\/laguiole.com\/de\/#website","url":"https:\/\/laguiole.com\/de\/","name":"Laguiole.com","description":"Laguiole - Couteau laguiole, Chateau Laguiole, Laguiole en Aubrac, Forge de Laguiole","publisher":{"@id":"https:\/\/laguiole.com\/de\/#organization"},"potentialAction":[{"@type":"SearchAction","target":{"@type":"EntryPoint","urlTemplate":"https:\/\/laguiole.com\/de\/?s={search_term_string}"},"query-input":{"@type":"PropertyValueSpecification","valueRequired":true,"valueName":"search_term_string"}}],"inLanguage":"de"},{"@type":"Organization","@id":"https:\/\/laguiole.com\/de\/#organization","name":"Laguiole.com","url":"https:\/\/laguiole.com\/de\/","logo":{"@type":"ImageObject","inLanguage":"de","@id":"https:\/\/laguiole.com\/de\/#\/schema\/logo\/image\/","url":"https:\/\/laguiole.com\/wp-content\/uploads\/2021\/02\/logo_laguiole.com-horizontal.jpg","contentUrl":"https:\/\/laguiole.com\/wp-content\/uploads\/2021\/02\/logo_laguiole.com-horizontal.jpg","width":490,"height":156,"caption":"Laguiole.com"},"image":{"@id":"https:\/\/laguiole.com\/de\/#\/schema\/logo\/image\/"},"sameAs":["https:\/\/www.facebook.com\/laguiolecom\/","https:\/\/www.instagram.com\/laguiolecom\/","https:\/\/www.youtube.com\/@laguiolecom\/videos"]}]}},"_links":{"self":[{"href":"https:\/\/laguiole.com\/de\/wp-json\/wp\/v2\/product\/40344","targetHints":{"allow":["GET"]}}],"collection":[{"href":"https:\/\/laguiole.com\/de\/wp-json\/wp\/v2\/product"}],"about":[{"href":"https:\/\/laguiole.com\/de\/wp-json\/wp\/v2\/types\/product"}],"version-history":[{"count":0,"href":"https:\/\/laguiole.com\/de\/wp-json\/wp\/v2\/product\/40344\/revisions"}],"wp:featuredmedia":[{"embeddable":true,"href":"https:\/\/laguiole.com\/de\/wp-json\/wp\/v2\/media\/40346"}],"wp:attachment":[{"href":"https:\/\/laguiole.com\/de\/wp-json\/wp\/v2\/media?parent=40344"}],"wp:term":[{"taxonomy":"product_brand","embeddable":true,"href":"https:\/\/laguiole.com\/de\/wp-json\/wp\/v2\/product_brand?post=40344"},{"taxonomy":"product_cat","embeddable":true,"href":"https:\/\/laguiole.com\/de\/wp-json\/wp\/v2\/product_cat?post=40344"},{"taxonomy":"product_tag","embeddable":true,"href":"https:\/\/laguiole.com\/de\/wp-json\/wp\/v2\/product_tag?post=40344"}],"curies":[{"name":"wp","href":"https:\/\/api.w.org\/{rel}","templated":true}]}}