{"id":40230,"date":"2023-07-17T12:24:48","date_gmt":"2023-07-17T10:24:48","guid":{"rendered":"https:\/\/laguiole.com\/produit\/le-coq-francais-provence-messer-aus-olivenholz\/"},"modified":"2023-07-17T12:24:48","modified_gmt":"2023-07-17T10:24:48","slug":"le-coq-francais-provence-messer-aus-olivenholz","status":"publish","type":"product","link":"https:\/\/laguiole.com\/de\/produit\/le-coq-francais-provence-messer-aus-olivenholz\/","title":{"rendered":"Le Coq Fran\u00e7ais PROVENCE Messer aus Olivenholz"},"content":{"rendered":"<p>Die franz\u00f6sische Manufaktur verbindet Tradition und Innovation mit ihrem einzigartigen und patentierten Klingenarretierungssystem!<\/p>\n","protected":false},"excerpt":{"rendered":"<p>Le Coq Fran\u00e7ais PROVENCE<br \/>\nKlappmesser Griff: Klinge aus Edelstahl Z40 C13 aus Olivenholz<br \/>\nund Griff aus Edelstahl satiniert.<br \/>\nGriffgr\u00f6\u00dfe: 11 cm<br \/>\nKlingengr\u00f6\u00dfe: 10 cm<br \/>\nOffenes Messer Gr\u00f6\u00dfe: 21 cm<br \/>\nGewicht: 67 g<br \/>\nPatentiertes<br \/>\nKlingenverriegelungssystem Thematischer Druck auf beiden Seiten des Griffs: PROVENCE<br \/>\nJedes Le Coq Fran\u00e7ais Messer wird mit einer schwarzen Scheide geliefert, die in die Tasche gesteckt werden kann und durch eine KOSTENLOSE Gravur auf der Klinge<br \/>\npersonalisiert werden kann Leichtes Taschenmesser mit gutem Griff<br \/>\nHergestellt in Frankreich<br \/>\n<iframe src=\"https:\/\/www.youtube.com\/embed\/osaMhA8jmW0?rel=0&amp;autoplay=1\" width=\"560\" height=\"315\" frameborder=\"0\" allowfullscreen=\"allowfullscreen\"><\/iframe><\/p>\n","protected":false},"featured_media":40231,"template":"","meta":{"_acf_changed":false,"_monsterinsights_skip_tracking":false,"_monsterinsights_sitenote_active":false,"_monsterinsights_sitenote_note":"","_monsterinsights_sitenote_category":0},"product_brand":[],"product_cat":[5938,5946],"product_tag":[],"class_list":{"0":"post-40230","1":"product","2":"type-product","3":"status-publish","4":"has-post-thumbnail","6":"product_cat-klappmesser","7":"product_cat-le-coq-francais-klappmesser","8":"pa_composition-couteau-1-stueck-nur-klinge","9":"pa_finition-gebuerstet","10":"pa_lame-gebuersteter-edelstahl","11":"pa_manche-en-bois-olive","12":"pa_marque-le-coq-francais","13":"pa_mitres-ohne-gehrung-vollstaendige-huelse","14":"tm-has-options","17":"instock","18":"taxable","19":"shipping-taxable","20":"purchasable","21":"product-type-simple"},"supplier_id":null,"supplier_sku":"","barcode":null,"atum_controlled":true,"out_stock_date":null,"out_stock_threshold":null,"inheritable":false,"inbound_stock":0,"stock_on_hold":0,"sold_today":0,"sales_last_days":0,"reserved_stock":0,"customer_returns":0,"warehouse_damage":0,"lost_in_post":0,"other_logs":0,"out_stock_days":0,"lost_sales":0,"has_location":false,"update_date":"2026-04-29T00:39:47","atum_locations":[],"atum_stock_status":"instock","restock_status":false,"low_stock_amount":"","sales_update_date":"2026-04-29T00:39:47","calc_backorders":0,"acf":[],"yoast_head":"<!-- This site is optimized with the Yoast SEO plugin v27.3 - https:\/\/yoast.com\/product\/yoast-seo-wordpress\/ -->\n<title>Le Coq Fran\u00e7ais PROVENCE Messer aus Olivenholz - Laguiole.com \u00ae<\/title>\n<meta name=\"robots\" content=\"index, follow, max-snippet:-1, max-image-preview:large, max-video-preview:-1\" \/>\n<link rel=\"canonical\" href=\"https:\/\/laguiole.com\/de\/produit\/le-coq-francais-provence-messer-aus-olivenholz\/\" \/>\n<meta property=\"og:locale\" content=\"de_DE\" \/>\n<meta property=\"og:type\" content=\"article\" \/>\n<meta property=\"og:title\" content=\"Le Coq Fran\u00e7ais PROVENCE Messer aus Olivenholz - Laguiole.com \u00ae\" \/>\n<meta property=\"og:description\" content=\"Le Coq Fran\u00e7ais PROVENCE Klappmesser Griff: Klinge aus Edelstahl Z40 C13 aus Olivenholz und Griff aus Edelstahl satiniert. Griffgr\u00f6\u00dfe: 11 cm Klingengr\u00f6\u00dfe: 10 cm Offenes Messer Gr\u00f6\u00dfe: 21 cm Gewicht: 67 g Patentiertes Klingenverriegelungssystem Thematischer Druck auf beiden Seiten des Griffs: PROVENCE Jedes Le Coq Fran\u00e7ais Messer wird mit einer schwarzen Scheide geliefert, die in die Tasche gesteckt werden kann und durch eine KOSTENLOSE Gravur auf der Klinge personalisiert werden kann Leichtes Taschenmesser mit gutem Griff Hergestellt in Frankreich\" \/>\n<meta property=\"og:url\" content=\"https:\/\/laguiole.com\/de\/produit\/le-coq-francais-provence-messer-aus-olivenholz\/\" \/>\n<meta property=\"og:site_name\" content=\"Laguiole.com \u00ae\" \/>\n<meta property=\"article:publisher\" content=\"https:\/\/www.facebook.com\/laguiolecom\/\" \/>\n<meta property=\"og:image\" content=\"https:\/\/laguiole.com\/wp-content\/uploads\/2023\/07\/couteau_pliant_le_coq_francais_provence_00.jpg\" \/>\n\t<meta property=\"og:image:width\" content=\"1033\" \/>\n\t<meta property=\"og:image:height\" content=\"1033\" \/>\n\t<meta property=\"og:image:type\" content=\"image\/jpeg\" \/>\n<meta name=\"twitter:card\" content=\"summary_large_image\" \/>\n<script type=\"application\/ld+json\" class=\"yoast-schema-graph\">{\"@context\":\"https:\\\/\\\/schema.org\",\"@graph\":[{\"@type\":\"WebPage\",\"@id\":\"https:\\\/\\\/laguiole.com\\\/de\\\/produit\\\/le-coq-francais-provence-messer-aus-olivenholz\\\/\",\"url\":\"https:\\\/\\\/laguiole.com\\\/de\\\/produit\\\/le-coq-francais-provence-messer-aus-olivenholz\\\/\",\"name\":\"Le Coq Fran\u00e7ais PROVENCE Messer aus Olivenholz - Laguiole.com \u00ae\",\"isPartOf\":{\"@id\":\"https:\\\/\\\/laguiole.com\\\/de\\\/#website\"},\"primaryImageOfPage\":{\"@id\":\"https:\\\/\\\/laguiole.com\\\/de\\\/produit\\\/le-coq-francais-provence-messer-aus-olivenholz\\\/#primaryimage\"},\"image\":{\"@id\":\"https:\\\/\\\/laguiole.com\\\/de\\\/produit\\\/le-coq-francais-provence-messer-aus-olivenholz\\\/#primaryimage\"},\"thumbnailUrl\":\"https:\\\/\\\/laguiole.com\\\/wp-content\\\/uploads\\\/2023\\\/07\\\/couteau_pliant_le_coq_francais_provence_00.jpg\",\"datePublished\":\"2023-07-17T10:24:48+00:00\",\"breadcrumb\":{\"@id\":\"https:\\\/\\\/laguiole.com\\\/de\\\/produit\\\/le-coq-francais-provence-messer-aus-olivenholz\\\/#breadcrumb\"},\"inLanguage\":\"de\",\"potentialAction\":[{\"@type\":\"ReadAction\",\"target\":[\"https:\\\/\\\/laguiole.com\\\/de\\\/produit\\\/le-coq-francais-provence-messer-aus-olivenholz\\\/\"]}]},{\"@type\":\"ImageObject\",\"inLanguage\":\"de\",\"@id\":\"https:\\\/\\\/laguiole.com\\\/de\\\/produit\\\/le-coq-francais-provence-messer-aus-olivenholz\\\/#primaryimage\",\"url\":\"https:\\\/\\\/laguiole.com\\\/wp-content\\\/uploads\\\/2023\\\/07\\\/couteau_pliant_le_coq_francais_provence_00.jpg\",\"contentUrl\":\"https:\\\/\\\/laguiole.com\\\/wp-content\\\/uploads\\\/2023\\\/07\\\/couteau_pliant_le_coq_francais_provence_00.jpg\",\"width\":1033,\"height\":1033,\"caption\":\"Le Coq Fran\u00e7ais PROVENCE Messer aus Olivenholz\"},{\"@type\":\"BreadcrumbList\",\"@id\":\"https:\\\/\\\/laguiole.com\\\/de\\\/produit\\\/le-coq-francais-provence-messer-aus-olivenholz\\\/#breadcrumb\",\"itemListElement\":[{\"@type\":\"ListItem\",\"position\":1,\"name\":\"Accueil\",\"item\":\"https:\\\/\\\/laguiole.com\\\/de\\\/\"},{\"@type\":\"ListItem\",\"position\":2,\"name\":\"Shop\",\"item\":\"https:\\\/\\\/laguiole.com\\\/de\\\/shop-2\\\/\"},{\"@type\":\"ListItem\",\"position\":3,\"name\":\"Le Coq Fran\u00e7ais PROVENCE Messer aus Olivenholz\"}]},{\"@type\":\"WebSite\",\"@id\":\"https:\\\/\\\/laguiole.com\\\/de\\\/#website\",\"url\":\"https:\\\/\\\/laguiole.com\\\/de\\\/\",\"name\":\"Laguiole.com\",\"description\":\"Laguiole - Couteau laguiole, Chateau Laguiole, Laguiole en Aubrac, Forge de Laguiole\",\"publisher\":{\"@id\":\"https:\\\/\\\/laguiole.com\\\/de\\\/#organization\"},\"potentialAction\":[{\"@type\":\"SearchAction\",\"target\":{\"@type\":\"EntryPoint\",\"urlTemplate\":\"https:\\\/\\\/laguiole.com\\\/de\\\/?s={search_term_string}\"},\"query-input\":{\"@type\":\"PropertyValueSpecification\",\"valueRequired\":true,\"valueName\":\"search_term_string\"}}],\"inLanguage\":\"de\"},{\"@type\":\"Organization\",\"@id\":\"https:\\\/\\\/laguiole.com\\\/de\\\/#organization\",\"name\":\"Laguiole.com\",\"url\":\"https:\\\/\\\/laguiole.com\\\/de\\\/\",\"logo\":{\"@type\":\"ImageObject\",\"inLanguage\":\"de\",\"@id\":\"https:\\\/\\\/laguiole.com\\\/de\\\/#\\\/schema\\\/logo\\\/image\\\/\",\"url\":\"https:\\\/\\\/laguiole.com\\\/wp-content\\\/uploads\\\/2021\\\/02\\\/logo_laguiole.com-horizontal.jpg\",\"contentUrl\":\"https:\\\/\\\/laguiole.com\\\/wp-content\\\/uploads\\\/2021\\\/02\\\/logo_laguiole.com-horizontal.jpg\",\"width\":490,\"height\":156,\"caption\":\"Laguiole.com\"},\"image\":{\"@id\":\"https:\\\/\\\/laguiole.com\\\/de\\\/#\\\/schema\\\/logo\\\/image\\\/\"},\"sameAs\":[\"https:\\\/\\\/www.facebook.com\\\/laguiolecom\\\/\",\"https:\\\/\\\/www.instagram.com\\\/laguiolecom\\\/\",\"https:\\\/\\\/www.youtube.com\\\/@laguiolecom\\\/videos\"]}]}<\/script>\n<!-- \/ Yoast SEO plugin. -->","yoast_head_json":{"title":"Le Coq Fran\u00e7ais PROVENCE Messer aus Olivenholz - Laguiole.com \u00ae","robots":{"index":"index","follow":"follow","max-snippet":"max-snippet:-1","max-image-preview":"max-image-preview:large","max-video-preview":"max-video-preview:-1"},"canonical":"https:\/\/laguiole.com\/de\/produit\/le-coq-francais-provence-messer-aus-olivenholz\/","og_locale":"de_DE","og_type":"article","og_title":"Le Coq Fran\u00e7ais PROVENCE Messer aus Olivenholz - Laguiole.com \u00ae","og_description":"Le Coq Fran\u00e7ais PROVENCE Klappmesser Griff: Klinge aus Edelstahl Z40 C13 aus Olivenholz und Griff aus Edelstahl satiniert. Griffgr\u00f6\u00dfe: 11 cm Klingengr\u00f6\u00dfe: 10 cm Offenes Messer Gr\u00f6\u00dfe: 21 cm Gewicht: 67 g Patentiertes Klingenverriegelungssystem Thematischer Druck auf beiden Seiten des Griffs: PROVENCE Jedes Le Coq Fran\u00e7ais Messer wird mit einer schwarzen Scheide geliefert, die in die Tasche gesteckt werden kann und durch eine KOSTENLOSE Gravur auf der Klinge personalisiert werden kann Leichtes Taschenmesser mit gutem Griff Hergestellt in Frankreich","og_url":"https:\/\/laguiole.com\/de\/produit\/le-coq-francais-provence-messer-aus-olivenholz\/","og_site_name":"Laguiole.com \u00ae","article_publisher":"https:\/\/www.facebook.com\/laguiolecom\/","og_image":[{"width":1033,"height":1033,"url":"https:\/\/laguiole.com\/wp-content\/uploads\/2023\/07\/couteau_pliant_le_coq_francais_provence_00.jpg","type":"image\/jpeg"}],"twitter_card":"summary_large_image","schema":{"@context":"https:\/\/schema.org","@graph":[{"@type":"WebPage","@id":"https:\/\/laguiole.com\/de\/produit\/le-coq-francais-provence-messer-aus-olivenholz\/","url":"https:\/\/laguiole.com\/de\/produit\/le-coq-francais-provence-messer-aus-olivenholz\/","name":"Le Coq Fran\u00e7ais PROVENCE Messer aus Olivenholz - Laguiole.com \u00ae","isPartOf":{"@id":"https:\/\/laguiole.com\/de\/#website"},"primaryImageOfPage":{"@id":"https:\/\/laguiole.com\/de\/produit\/le-coq-francais-provence-messer-aus-olivenholz\/#primaryimage"},"image":{"@id":"https:\/\/laguiole.com\/de\/produit\/le-coq-francais-provence-messer-aus-olivenholz\/#primaryimage"},"thumbnailUrl":"https:\/\/laguiole.com\/wp-content\/uploads\/2023\/07\/couteau_pliant_le_coq_francais_provence_00.jpg","datePublished":"2023-07-17T10:24:48+00:00","breadcrumb":{"@id":"https:\/\/laguiole.com\/de\/produit\/le-coq-francais-provence-messer-aus-olivenholz\/#breadcrumb"},"inLanguage":"de","potentialAction":[{"@type":"ReadAction","target":["https:\/\/laguiole.com\/de\/produit\/le-coq-francais-provence-messer-aus-olivenholz\/"]}]},{"@type":"ImageObject","inLanguage":"de","@id":"https:\/\/laguiole.com\/de\/produit\/le-coq-francais-provence-messer-aus-olivenholz\/#primaryimage","url":"https:\/\/laguiole.com\/wp-content\/uploads\/2023\/07\/couteau_pliant_le_coq_francais_provence_00.jpg","contentUrl":"https:\/\/laguiole.com\/wp-content\/uploads\/2023\/07\/couteau_pliant_le_coq_francais_provence_00.jpg","width":1033,"height":1033,"caption":"Le Coq Fran\u00e7ais PROVENCE Messer aus Olivenholz"},{"@type":"BreadcrumbList","@id":"https:\/\/laguiole.com\/de\/produit\/le-coq-francais-provence-messer-aus-olivenholz\/#breadcrumb","itemListElement":[{"@type":"ListItem","position":1,"name":"Accueil","item":"https:\/\/laguiole.com\/de\/"},{"@type":"ListItem","position":2,"name":"Shop","item":"https:\/\/laguiole.com\/de\/shop-2\/"},{"@type":"ListItem","position":3,"name":"Le Coq Fran\u00e7ais PROVENCE Messer aus Olivenholz"}]},{"@type":"WebSite","@id":"https:\/\/laguiole.com\/de\/#website","url":"https:\/\/laguiole.com\/de\/","name":"Laguiole.com","description":"Laguiole - Couteau laguiole, Chateau Laguiole, Laguiole en Aubrac, Forge de Laguiole","publisher":{"@id":"https:\/\/laguiole.com\/de\/#organization"},"potentialAction":[{"@type":"SearchAction","target":{"@type":"EntryPoint","urlTemplate":"https:\/\/laguiole.com\/de\/?s={search_term_string}"},"query-input":{"@type":"PropertyValueSpecification","valueRequired":true,"valueName":"search_term_string"}}],"inLanguage":"de"},{"@type":"Organization","@id":"https:\/\/laguiole.com\/de\/#organization","name":"Laguiole.com","url":"https:\/\/laguiole.com\/de\/","logo":{"@type":"ImageObject","inLanguage":"de","@id":"https:\/\/laguiole.com\/de\/#\/schema\/logo\/image\/","url":"https:\/\/laguiole.com\/wp-content\/uploads\/2021\/02\/logo_laguiole.com-horizontal.jpg","contentUrl":"https:\/\/laguiole.com\/wp-content\/uploads\/2021\/02\/logo_laguiole.com-horizontal.jpg","width":490,"height":156,"caption":"Laguiole.com"},"image":{"@id":"https:\/\/laguiole.com\/de\/#\/schema\/logo\/image\/"},"sameAs":["https:\/\/www.facebook.com\/laguiolecom\/","https:\/\/www.instagram.com\/laguiolecom\/","https:\/\/www.youtube.com\/@laguiolecom\/videos"]}]}},"_links":{"self":[{"href":"https:\/\/laguiole.com\/de\/wp-json\/wp\/v2\/product\/40230","targetHints":{"allow":["GET"]}}],"collection":[{"href":"https:\/\/laguiole.com\/de\/wp-json\/wp\/v2\/product"}],"about":[{"href":"https:\/\/laguiole.com\/de\/wp-json\/wp\/v2\/types\/product"}],"version-history":[{"count":0,"href":"https:\/\/laguiole.com\/de\/wp-json\/wp\/v2\/product\/40230\/revisions"}],"wp:featuredmedia":[{"embeddable":true,"href":"https:\/\/laguiole.com\/de\/wp-json\/wp\/v2\/media\/40231"}],"wp:attachment":[{"href":"https:\/\/laguiole.com\/de\/wp-json\/wp\/v2\/media?parent=40230"}],"wp:term":[{"taxonomy":"product_brand","embeddable":true,"href":"https:\/\/laguiole.com\/de\/wp-json\/wp\/v2\/product_brand?post=40230"},{"taxonomy":"product_cat","embeddable":true,"href":"https:\/\/laguiole.com\/de\/wp-json\/wp\/v2\/product_cat?post=40230"},{"taxonomy":"product_tag","embeddable":true,"href":"https:\/\/laguiole.com\/de\/wp-json\/wp\/v2\/product_tag?post=40230"}],"curies":[{"name":"wp","href":"https:\/\/api.w.org\/{rel}","templated":true}]}}