{"id":40158,"date":"2023-07-13T14:34:26","date_gmt":"2023-07-13T12:34:26","guid":{"rendered":"https:\/\/laguiole.com\/produit\/laguiole-taschenmesseretui-aus-schwarzem-leder\/"},"modified":"2025-11-05T20:21:22","modified_gmt":"2025-11-05T19:21:22","slug":"laguiole-taschenmesseretui-aus-schwarzem-leder","status":"publish","type":"product","link":"https:\/\/laguiole.com\/de\/produit\/laguiole-taschenmesseretui-aus-schwarzem-leder\/","title":{"rendered":"Laguiole Taschenmesseretui aus schwarzem Leder"},"content":{"rendered":"","protected":false},"excerpt":{"rendered":"<p>Zwickelscheide aus Leder f\u00fcr Laguiole<br \/>\nMesser Schwarz Handgefertigt<br \/>\nin Frankreich (AVEYRON)<br \/>\nVollnarbiges<br \/>\nRindsleder Geeignet f\u00fcr jede Art von Laguiole Messer bis zu 12 cm (L\u00e4nge Messer geschlossen)<br \/>\nDruckknopf f\u00fcr G\u00fcrtelschlaufe<br \/>\nEtui durch Lederkordel verbunden, um das Messer in die Tasche zu stecken und es nicht zu verlieren<\/p>\n","protected":false},"featured_media":40159,"template":"","meta":{"_acf_changed":false,"_monsterinsights_skip_tracking":false,"_monsterinsights_sitenote_active":false,"_monsterinsights_sitenote_note":"","_monsterinsights_sitenote_category":0},"product_brand":[],"product_cat":[5952],"product_tag":[],"class_list":{"0":"post-40158","1":"product","2":"type-product","3":"status-publish","4":"has-post-thumbnail","6":"product_cat-messerfutteral","7":"pa_etuis-cuir-pour-10-cm","8":"pa_etuis-cuir-pour-11-12-cm","9":"pa_etuis-cuir-pour-laguiole-2","10":"pa_marque-max-capdebarthes","11":"tm-no-options","14":"instock","15":"taxable","16":"shipping-taxable","17":"purchasable","18":"product-type-simple"},"supplier_id":null,"supplier_sku":"","barcode":null,"atum_controlled":true,"out_stock_date":null,"out_stock_threshold":null,"inheritable":false,"inbound_stock":0,"stock_on_hold":0,"sold_today":0,"sales_last_days":0,"reserved_stock":0,"customer_returns":0,"warehouse_damage":0,"lost_in_post":0,"other_logs":0,"out_stock_days":0,"lost_sales":0,"has_location":false,"update_date":"2026-05-02T00:45:23","atum_locations":[],"atum_stock_status":"instock","restock_status":false,"low_stock_amount":"","sales_update_date":"2026-05-02T00:45:23","calc_backorders":0,"acf":[],"yoast_head":"<!-- This site is optimized with the Yoast SEO plugin v27.3 - https:\/\/yoast.com\/product\/yoast-seo-wordpress\/ -->\n<title>Laguiole Taschenmesseretui aus schwarzem Leder - Laguiole.com \u00ae<\/title>\n<meta name=\"robots\" content=\"index, follow, max-snippet:-1, max-image-preview:large, max-video-preview:-1\" \/>\n<link rel=\"canonical\" href=\"https:\/\/laguiole.com\/de\/produit\/laguiole-taschenmesseretui-aus-schwarzem-leder\/\" \/>\n<meta property=\"og:locale\" content=\"de_DE\" \/>\n<meta property=\"og:type\" content=\"article\" \/>\n<meta property=\"og:title\" content=\"Laguiole Taschenmesseretui aus schwarzem Leder - Laguiole.com \u00ae\" \/>\n<meta property=\"og:description\" content=\"Zwickelscheide aus Leder f\u00fcr Laguiole Messer Schwarz Handgefertigt in Frankreich (AVEYRON) Vollnarbiges Rindsleder Geeignet f\u00fcr jede Art von Laguiole Messer bis zu 12 cm (L\u00e4nge Messer geschlossen) Druckknopf f\u00fcr G\u00fcrtelschlaufe Etui durch Lederkordel verbunden, um das Messer in die Tasche zu stecken und es nicht zu verlieren\" \/>\n<meta property=\"og:url\" content=\"https:\/\/laguiole.com\/de\/produit\/laguiole-taschenmesseretui-aus-schwarzem-leder\/\" \/>\n<meta property=\"og:site_name\" content=\"Laguiole.com \u00ae\" \/>\n<meta property=\"article:publisher\" content=\"https:\/\/www.facebook.com\/laguiolecom\/\" \/>\n<meta property=\"article:modified_time\" content=\"2025-11-05T19:21:22+00:00\" \/>\n<meta property=\"og:image\" content=\"https:\/\/laguiole.com\/wp-content\/uploads\/2023\/07\/Etui_Cuir_Couteau_Gousset_Laguiole_Noir_00.jpg\" \/>\n\t<meta property=\"og:image:width\" content=\"800\" \/>\n\t<meta property=\"og:image:height\" content=\"903\" \/>\n\t<meta property=\"og:image:type\" content=\"image\/jpeg\" \/>\n<meta name=\"twitter:card\" content=\"summary_large_image\" \/>\n<script type=\"application\/ld+json\" class=\"yoast-schema-graph\">{\"@context\":\"https:\\\/\\\/schema.org\",\"@graph\":[{\"@type\":\"WebPage\",\"@id\":\"https:\\\/\\\/laguiole.com\\\/de\\\/produit\\\/laguiole-taschenmesseretui-aus-schwarzem-leder\\\/\",\"url\":\"https:\\\/\\\/laguiole.com\\\/de\\\/produit\\\/laguiole-taschenmesseretui-aus-schwarzem-leder\\\/\",\"name\":\"Laguiole Taschenmesseretui aus schwarzem Leder - Laguiole.com \u00ae\",\"isPartOf\":{\"@id\":\"https:\\\/\\\/laguiole.com\\\/de\\\/#website\"},\"primaryImageOfPage\":{\"@id\":\"https:\\\/\\\/laguiole.com\\\/de\\\/produit\\\/laguiole-taschenmesseretui-aus-schwarzem-leder\\\/#primaryimage\"},\"image\":{\"@id\":\"https:\\\/\\\/laguiole.com\\\/de\\\/produit\\\/laguiole-taschenmesseretui-aus-schwarzem-leder\\\/#primaryimage\"},\"thumbnailUrl\":\"https:\\\/\\\/laguiole.com\\\/wp-content\\\/uploads\\\/2023\\\/07\\\/Etui_Cuir_Couteau_Gousset_Laguiole_Noir_00.jpg\",\"datePublished\":\"2023-07-13T12:34:26+00:00\",\"dateModified\":\"2025-11-05T19:21:22+00:00\",\"breadcrumb\":{\"@id\":\"https:\\\/\\\/laguiole.com\\\/de\\\/produit\\\/laguiole-taschenmesseretui-aus-schwarzem-leder\\\/#breadcrumb\"},\"inLanguage\":\"de\",\"potentialAction\":[{\"@type\":\"ReadAction\",\"target\":[\"https:\\\/\\\/laguiole.com\\\/de\\\/produit\\\/laguiole-taschenmesseretui-aus-schwarzem-leder\\\/\"]}]},{\"@type\":\"ImageObject\",\"inLanguage\":\"de\",\"@id\":\"https:\\\/\\\/laguiole.com\\\/de\\\/produit\\\/laguiole-taschenmesseretui-aus-schwarzem-leder\\\/#primaryimage\",\"url\":\"https:\\\/\\\/laguiole.com\\\/wp-content\\\/uploads\\\/2023\\\/07\\\/Etui_Cuir_Couteau_Gousset_Laguiole_Noir_00.jpg\",\"contentUrl\":\"https:\\\/\\\/laguiole.com\\\/wp-content\\\/uploads\\\/2023\\\/07\\\/Etui_Cuir_Couteau_Gousset_Laguiole_Noir_00.jpg\",\"width\":800,\"height\":903,\"caption\":\"Etui_Cuir_Couteau_Gousset_Laguiole_Noir_00\"},{\"@type\":\"BreadcrumbList\",\"@id\":\"https:\\\/\\\/laguiole.com\\\/de\\\/produit\\\/laguiole-taschenmesseretui-aus-schwarzem-leder\\\/#breadcrumb\",\"itemListElement\":[{\"@type\":\"ListItem\",\"position\":1,\"name\":\"Accueil\",\"item\":\"https:\\\/\\\/laguiole.com\\\/de\\\/\"},{\"@type\":\"ListItem\",\"position\":2,\"name\":\"Shop\",\"item\":\"https:\\\/\\\/laguiole.com\\\/de\\\/shop-2\\\/\"},{\"@type\":\"ListItem\",\"position\":3,\"name\":\"Laguiole Taschenmesseretui aus schwarzem Leder\"}]},{\"@type\":\"WebSite\",\"@id\":\"https:\\\/\\\/laguiole.com\\\/de\\\/#website\",\"url\":\"https:\\\/\\\/laguiole.com\\\/de\\\/\",\"name\":\"Laguiole.com\",\"description\":\"Laguiole - Couteau laguiole, Chateau Laguiole, Laguiole en Aubrac, Forge de Laguiole\",\"publisher\":{\"@id\":\"https:\\\/\\\/laguiole.com\\\/de\\\/#organization\"},\"potentialAction\":[{\"@type\":\"SearchAction\",\"target\":{\"@type\":\"EntryPoint\",\"urlTemplate\":\"https:\\\/\\\/laguiole.com\\\/de\\\/?s={search_term_string}\"},\"query-input\":{\"@type\":\"PropertyValueSpecification\",\"valueRequired\":true,\"valueName\":\"search_term_string\"}}],\"inLanguage\":\"de\"},{\"@type\":\"Organization\",\"@id\":\"https:\\\/\\\/laguiole.com\\\/de\\\/#organization\",\"name\":\"Laguiole.com\",\"url\":\"https:\\\/\\\/laguiole.com\\\/de\\\/\",\"logo\":{\"@type\":\"ImageObject\",\"inLanguage\":\"de\",\"@id\":\"https:\\\/\\\/laguiole.com\\\/de\\\/#\\\/schema\\\/logo\\\/image\\\/\",\"url\":\"https:\\\/\\\/laguiole.com\\\/wp-content\\\/uploads\\\/2021\\\/02\\\/logo_laguiole.com-horizontal.jpg\",\"contentUrl\":\"https:\\\/\\\/laguiole.com\\\/wp-content\\\/uploads\\\/2021\\\/02\\\/logo_laguiole.com-horizontal.jpg\",\"width\":490,\"height\":156,\"caption\":\"Laguiole.com\"},\"image\":{\"@id\":\"https:\\\/\\\/laguiole.com\\\/de\\\/#\\\/schema\\\/logo\\\/image\\\/\"},\"sameAs\":[\"https:\\\/\\\/www.facebook.com\\\/laguiolecom\\\/\",\"https:\\\/\\\/www.instagram.com\\\/laguiolecom\\\/\",\"https:\\\/\\\/www.youtube.com\\\/@laguiolecom\\\/videos\"]}]}<\/script>\n<!-- \/ Yoast SEO plugin. -->","yoast_head_json":{"title":"Laguiole Taschenmesseretui aus schwarzem Leder - Laguiole.com \u00ae","robots":{"index":"index","follow":"follow","max-snippet":"max-snippet:-1","max-image-preview":"max-image-preview:large","max-video-preview":"max-video-preview:-1"},"canonical":"https:\/\/laguiole.com\/de\/produit\/laguiole-taschenmesseretui-aus-schwarzem-leder\/","og_locale":"de_DE","og_type":"article","og_title":"Laguiole Taschenmesseretui aus schwarzem Leder - Laguiole.com \u00ae","og_description":"Zwickelscheide aus Leder f\u00fcr Laguiole Messer Schwarz Handgefertigt in Frankreich (AVEYRON) Vollnarbiges Rindsleder Geeignet f\u00fcr jede Art von Laguiole Messer bis zu 12 cm (L\u00e4nge Messer geschlossen) Druckknopf f\u00fcr G\u00fcrtelschlaufe Etui durch Lederkordel verbunden, um das Messer in die Tasche zu stecken und es nicht zu verlieren","og_url":"https:\/\/laguiole.com\/de\/produit\/laguiole-taschenmesseretui-aus-schwarzem-leder\/","og_site_name":"Laguiole.com \u00ae","article_publisher":"https:\/\/www.facebook.com\/laguiolecom\/","article_modified_time":"2025-11-05T19:21:22+00:00","og_image":[{"width":800,"height":903,"url":"https:\/\/laguiole.com\/wp-content\/uploads\/2023\/07\/Etui_Cuir_Couteau_Gousset_Laguiole_Noir_00.jpg","type":"image\/jpeg"}],"twitter_card":"summary_large_image","schema":{"@context":"https:\/\/schema.org","@graph":[{"@type":"WebPage","@id":"https:\/\/laguiole.com\/de\/produit\/laguiole-taschenmesseretui-aus-schwarzem-leder\/","url":"https:\/\/laguiole.com\/de\/produit\/laguiole-taschenmesseretui-aus-schwarzem-leder\/","name":"Laguiole Taschenmesseretui aus schwarzem Leder - Laguiole.com \u00ae","isPartOf":{"@id":"https:\/\/laguiole.com\/de\/#website"},"primaryImageOfPage":{"@id":"https:\/\/laguiole.com\/de\/produit\/laguiole-taschenmesseretui-aus-schwarzem-leder\/#primaryimage"},"image":{"@id":"https:\/\/laguiole.com\/de\/produit\/laguiole-taschenmesseretui-aus-schwarzem-leder\/#primaryimage"},"thumbnailUrl":"https:\/\/laguiole.com\/wp-content\/uploads\/2023\/07\/Etui_Cuir_Couteau_Gousset_Laguiole_Noir_00.jpg","datePublished":"2023-07-13T12:34:26+00:00","dateModified":"2025-11-05T19:21:22+00:00","breadcrumb":{"@id":"https:\/\/laguiole.com\/de\/produit\/laguiole-taschenmesseretui-aus-schwarzem-leder\/#breadcrumb"},"inLanguage":"de","potentialAction":[{"@type":"ReadAction","target":["https:\/\/laguiole.com\/de\/produit\/laguiole-taschenmesseretui-aus-schwarzem-leder\/"]}]},{"@type":"ImageObject","inLanguage":"de","@id":"https:\/\/laguiole.com\/de\/produit\/laguiole-taschenmesseretui-aus-schwarzem-leder\/#primaryimage","url":"https:\/\/laguiole.com\/wp-content\/uploads\/2023\/07\/Etui_Cuir_Couteau_Gousset_Laguiole_Noir_00.jpg","contentUrl":"https:\/\/laguiole.com\/wp-content\/uploads\/2023\/07\/Etui_Cuir_Couteau_Gousset_Laguiole_Noir_00.jpg","width":800,"height":903,"caption":"Etui_Cuir_Couteau_Gousset_Laguiole_Noir_00"},{"@type":"BreadcrumbList","@id":"https:\/\/laguiole.com\/de\/produit\/laguiole-taschenmesseretui-aus-schwarzem-leder\/#breadcrumb","itemListElement":[{"@type":"ListItem","position":1,"name":"Accueil","item":"https:\/\/laguiole.com\/de\/"},{"@type":"ListItem","position":2,"name":"Shop","item":"https:\/\/laguiole.com\/de\/shop-2\/"},{"@type":"ListItem","position":3,"name":"Laguiole Taschenmesseretui aus schwarzem Leder"}]},{"@type":"WebSite","@id":"https:\/\/laguiole.com\/de\/#website","url":"https:\/\/laguiole.com\/de\/","name":"Laguiole.com","description":"Laguiole - Couteau laguiole, Chateau Laguiole, Laguiole en Aubrac, Forge de Laguiole","publisher":{"@id":"https:\/\/laguiole.com\/de\/#organization"},"potentialAction":[{"@type":"SearchAction","target":{"@type":"EntryPoint","urlTemplate":"https:\/\/laguiole.com\/de\/?s={search_term_string}"},"query-input":{"@type":"PropertyValueSpecification","valueRequired":true,"valueName":"search_term_string"}}],"inLanguage":"de"},{"@type":"Organization","@id":"https:\/\/laguiole.com\/de\/#organization","name":"Laguiole.com","url":"https:\/\/laguiole.com\/de\/","logo":{"@type":"ImageObject","inLanguage":"de","@id":"https:\/\/laguiole.com\/de\/#\/schema\/logo\/image\/","url":"https:\/\/laguiole.com\/wp-content\/uploads\/2021\/02\/logo_laguiole.com-horizontal.jpg","contentUrl":"https:\/\/laguiole.com\/wp-content\/uploads\/2021\/02\/logo_laguiole.com-horizontal.jpg","width":490,"height":156,"caption":"Laguiole.com"},"image":{"@id":"https:\/\/laguiole.com\/de\/#\/schema\/logo\/image\/"},"sameAs":["https:\/\/www.facebook.com\/laguiolecom\/","https:\/\/www.instagram.com\/laguiolecom\/","https:\/\/www.youtube.com\/@laguiolecom\/videos"]}]}},"_links":{"self":[{"href":"https:\/\/laguiole.com\/de\/wp-json\/wp\/v2\/product\/40158","targetHints":{"allow":["GET"]}}],"collection":[{"href":"https:\/\/laguiole.com\/de\/wp-json\/wp\/v2\/product"}],"about":[{"href":"https:\/\/laguiole.com\/de\/wp-json\/wp\/v2\/types\/product"}],"version-history":[{"count":1,"href":"https:\/\/laguiole.com\/de\/wp-json\/wp\/v2\/product\/40158\/revisions"}],"predecessor-version":[{"id":44765,"href":"https:\/\/laguiole.com\/de\/wp-json\/wp\/v2\/product\/40158\/revisions\/44765"}],"wp:featuredmedia":[{"embeddable":true,"href":"https:\/\/laguiole.com\/de\/wp-json\/wp\/v2\/media\/40159"}],"wp:attachment":[{"href":"https:\/\/laguiole.com\/de\/wp-json\/wp\/v2\/media?parent=40158"}],"wp:term":[{"taxonomy":"product_brand","embeddable":true,"href":"https:\/\/laguiole.com\/de\/wp-json\/wp\/v2\/product_brand?post=40158"},{"taxonomy":"product_cat","embeddable":true,"href":"https:\/\/laguiole.com\/de\/wp-json\/wp\/v2\/product_cat?post=40158"},{"taxonomy":"product_tag","embeddable":true,"href":"https:\/\/laguiole.com\/de\/wp-json\/wp\/v2\/product_tag?post=40158"}],"curies":[{"name":"wp","href":"https:\/\/api.w.org\/{rel}","templated":true}]}}