{"id":40137,"date":"2023-07-18T15:43:55","date_gmt":"2023-07-18T13:43:55","guid":{"rendered":"https:\/\/laguiole.com\/produit\/laguiole-jagdmesser-armbrustgriff-edelstahl-gebuerstet-wacholder-12cm\/"},"modified":"2025-11-26T11:16:54","modified_gmt":"2025-11-26T10:16:54","slug":"laguiole-jagdmesser-armbrustgriff-edelstahl-gebuerstet-wacholder-12cm","status":"publish","type":"product","link":"https:\/\/laguiole.com\/de\/produit\/laguiole-jagdmesser-armbrustgriff-edelstahl-gebuerstet-wacholder-12cm\/","title":{"rendered":"Laguiole Jagdmesser Armbrustgriff Edelstahl geb\u00fcrstet Wacholder 12cm"},"content":{"rendered":"<p>Wacholderholz ist leicht an seiner braunen bis orangefarbenen Farbe zu erkennen, die gelegentlich mit kleinen dunklen Flecken \u00fcbers\u00e4t ist. Wacholder wird besonders f\u00fcr seinen w\u00fcrzigen Geruch in der N\u00e4he von Pfeffer gesch\u00e4tzt. <\/p>\n<p>Dieses Jagdmesser vereint Eleganz und Robustheit und wurde entwickelt, um den Anforderungen von Naturliebhabern gerecht zu werden. Sein Griff aus edlem Wacholder bietet eine einzigartige \u00c4sthetik mit warmen Adern und einem subtilen Pfefferduft, der f\u00fcr diese Essenz charakteristisch ist. <\/p>\n<p>Der sorgf\u00e4ltig gefertigte Kropf aus geb\u00fcrstetem Edelstahl verleiht ihm einen modernen Touch und erh\u00f6ht die Haltbarkeit des Messers, w\u00e4hrend er gleichzeitig den Griff bei intensiver Nutzung sch\u00fctzt. Die aus hochwertigem Stahl gefertigte Klinge sorgt f\u00fcr pr\u00e4zisen Schnitt und hervorragenden Sch\u00e4rfhalt, ideal f\u00fcr alle Jagd- oder Outdoor-Aufgaben. <\/p>\n<p>Dieses Messer zeichnet sich durch seine tadellosen Oberfl\u00e4chen und seine Ergonomie aus, die f\u00fcr einen bequemen und sicheren Griff ausgelegt ist.<\/p>\n","protected":false},"excerpt":{"rendered":"<p>Laguiole Messer Jagdarmbrust<br \/>\nGriff: Wacholder<br \/>\nKlinge: Geb\u00fcrsteter Edelstahl mit Gehrung<br \/>\nGehrung: 1 Zoll geb\u00fcrsteter<br \/>\nEdelstahl Handgemei\u00dfelte<br \/>\nFederl\u00e4nge des geschlossenen Messers 12 cm<br \/>\nL\u00e4nge des Messers offen 21 cm<br \/>\nPumpenverriegelungssystem<br \/>\n<iframe style=\"max-width: 100%; max-height: 100%;\" src=\"https:\/\/spinzam.com\/shot\/embed\/?idx=234693\" width=\"480\" height=\"480\" frameborder=\"0\" scrolling=\"no\"><\/iframe><\/p>\n","protected":false},"featured_media":40145,"template":"","meta":{"_acf_changed":false,"_monsterinsights_skip_tracking":false,"_monsterinsights_sitenote_active":false,"_monsterinsights_sitenote_note":"","_monsterinsights_sitenote_category":0},"product_brand":[],"product_cat":[5938,5939,5941],"product_tag":[],"class_list":{"0":"post-40137","1":"product","2":"type-product","3":"status-publish","4":"has-post-thumbnail","6":"product_cat-klappmesser","7":"product_cat-laguiole-klappmesser","8":"product_cat-laguiole-jagdmesser","9":"pa_composition-couteau-1-stueck-nur-klinge","10":"pa_finition-gebuerstet","11":"pa_lame-gebuersteter-edelstahl","12":"pa_manche-en-bois-wacholder","13":"pa_marque-laguiole-arbalete","14":"pa_mitres-1-gehrung","15":"pa_mitres-gebuersteter-edelstahl","16":"pa_ressort-guilloche","17":"pa_taille-du-manche-12-cm","18":"tm-has-options","21":"instock","22":"taxable","23":"shipping-taxable","24":"purchasable","25":"product-type-simple"},"supplier_id":null,"supplier_sku":"","barcode":null,"atum_controlled":true,"out_stock_date":null,"out_stock_threshold":null,"inheritable":false,"inbound_stock":0,"stock_on_hold":0,"sold_today":0,"sales_last_days":0,"reserved_stock":0,"customer_returns":0,"warehouse_damage":0,"lost_in_post":0,"other_logs":0,"out_stock_days":0,"lost_sales":0,"has_location":false,"update_date":"2026-04-28T00:39:42","atum_locations":[],"atum_stock_status":"instock","restock_status":false,"low_stock_amount":"","sales_update_date":"2026-04-28T00:39:42","calc_backorders":0,"acf":[],"yoast_head":"<!-- This site is optimized with the Yoast SEO plugin v27.3 - https:\/\/yoast.com\/product\/yoast-seo-wordpress\/ -->\n<title>Laguiole Jagdmesser Armbrustgriff Edelstahl geb\u00fcrstet Wacholder 12cm - Laguiole.com \u00ae<\/title>\n<meta name=\"robots\" content=\"index, follow, max-snippet:-1, max-image-preview:large, max-video-preview:-1\" \/>\n<link rel=\"canonical\" href=\"https:\/\/laguiole.com\/de\/produit\/laguiole-jagdmesser-armbrustgriff-edelstahl-gebuerstet-wacholder-12cm\/\" \/>\n<meta property=\"og:locale\" content=\"de_DE\" \/>\n<meta property=\"og:type\" content=\"article\" \/>\n<meta property=\"og:title\" content=\"Laguiole Jagdmesser Armbrustgriff Edelstahl geb\u00fcrstet Wacholder 12cm - Laguiole.com \u00ae\" \/>\n<meta property=\"og:description\" content=\"Laguiole Messer Jagdarmbrust Griff: Wacholder Klinge: Geb\u00fcrsteter Edelstahl mit Gehrung Gehrung: 1 Zoll geb\u00fcrsteter Edelstahl Handgemei\u00dfelte Federl\u00e4nge des geschlossenen Messers 12 cm L\u00e4nge des Messers offen 21 cm Pumpenverriegelungssystem\" \/>\n<meta property=\"og:url\" content=\"https:\/\/laguiole.com\/de\/produit\/laguiole-jagdmesser-armbrustgriff-edelstahl-gebuerstet-wacholder-12cm\/\" \/>\n<meta property=\"og:site_name\" content=\"Laguiole.com \u00ae\" \/>\n<meta property=\"article:publisher\" content=\"https:\/\/www.facebook.com\/laguiolecom\/\" \/>\n<meta property=\"article:modified_time\" content=\"2025-11-26T10:16:54+00:00\" \/>\n<meta property=\"og:image\" content=\"https:\/\/laguiole.com\/wp-content\/uploads\/2023\/07\/Couteau_Laguiole_de_Chasse_Arbalete_Manche_Genevrier_Inox_Brosse_12cm_00.jpg\" \/>\n\t<meta property=\"og:image:width\" content=\"1033\" \/>\n\t<meta property=\"og:image:height\" content=\"1033\" \/>\n\t<meta property=\"og:image:type\" content=\"image\/jpeg\" \/>\n<meta name=\"twitter:card\" content=\"summary_large_image\" \/>\n<meta name=\"twitter:label1\" content=\"Gesch\u00e4tzte Lesezeit\" \/>\n\t<meta name=\"twitter:data1\" content=\"1\u00a0Minute\" \/>\n<script type=\"application\/ld+json\" class=\"yoast-schema-graph\">{\"@context\":\"https:\\\/\\\/schema.org\",\"@graph\":[{\"@type\":\"WebPage\",\"@id\":\"https:\\\/\\\/laguiole.com\\\/de\\\/produit\\\/laguiole-jagdmesser-armbrustgriff-edelstahl-gebuerstet-wacholder-12cm\\\/\",\"url\":\"https:\\\/\\\/laguiole.com\\\/de\\\/produit\\\/laguiole-jagdmesser-armbrustgriff-edelstahl-gebuerstet-wacholder-12cm\\\/\",\"name\":\"Laguiole Jagdmesser Armbrustgriff Edelstahl geb\u00fcrstet Wacholder 12cm - Laguiole.com \u00ae\",\"isPartOf\":{\"@id\":\"https:\\\/\\\/laguiole.com\\\/de\\\/#website\"},\"primaryImageOfPage\":{\"@id\":\"https:\\\/\\\/laguiole.com\\\/de\\\/produit\\\/laguiole-jagdmesser-armbrustgriff-edelstahl-gebuerstet-wacholder-12cm\\\/#primaryimage\"},\"image\":{\"@id\":\"https:\\\/\\\/laguiole.com\\\/de\\\/produit\\\/laguiole-jagdmesser-armbrustgriff-edelstahl-gebuerstet-wacholder-12cm\\\/#primaryimage\"},\"thumbnailUrl\":\"https:\\\/\\\/laguiole.com\\\/wp-content\\\/uploads\\\/2023\\\/07\\\/Couteau_Laguiole_de_Chasse_Arbalete_Manche_Genevrier_Inox_Brosse_12cm_00.jpg\",\"datePublished\":\"2023-07-18T13:43:55+00:00\",\"dateModified\":\"2025-11-26T10:16:54+00:00\",\"breadcrumb\":{\"@id\":\"https:\\\/\\\/laguiole.com\\\/de\\\/produit\\\/laguiole-jagdmesser-armbrustgriff-edelstahl-gebuerstet-wacholder-12cm\\\/#breadcrumb\"},\"inLanguage\":\"de\",\"potentialAction\":[{\"@type\":\"ReadAction\",\"target\":[\"https:\\\/\\\/laguiole.com\\\/de\\\/produit\\\/laguiole-jagdmesser-armbrustgriff-edelstahl-gebuerstet-wacholder-12cm\\\/\"]}]},{\"@type\":\"ImageObject\",\"inLanguage\":\"de\",\"@id\":\"https:\\\/\\\/laguiole.com\\\/de\\\/produit\\\/laguiole-jagdmesser-armbrustgriff-edelstahl-gebuerstet-wacholder-12cm\\\/#primaryimage\",\"url\":\"https:\\\/\\\/laguiole.com\\\/wp-content\\\/uploads\\\/2023\\\/07\\\/Couteau_Laguiole_de_Chasse_Arbalete_Manche_Genevrier_Inox_Brosse_12cm_00.jpg\",\"contentUrl\":\"https:\\\/\\\/laguiole.com\\\/wp-content\\\/uploads\\\/2023\\\/07\\\/Couteau_Laguiole_de_Chasse_Arbalete_Manche_Genevrier_Inox_Brosse_12cm_00.jpg\",\"width\":1033,\"height\":1033,\"caption\":\"Laguiole Jagdmesser Armbrustgriff Edelstahl geb\u00fcrstet Wacholder 12cm\"},{\"@type\":\"BreadcrumbList\",\"@id\":\"https:\\\/\\\/laguiole.com\\\/de\\\/produit\\\/laguiole-jagdmesser-armbrustgriff-edelstahl-gebuerstet-wacholder-12cm\\\/#breadcrumb\",\"itemListElement\":[{\"@type\":\"ListItem\",\"position\":1,\"name\":\"Accueil\",\"item\":\"https:\\\/\\\/laguiole.com\\\/de\\\/\"},{\"@type\":\"ListItem\",\"position\":2,\"name\":\"Shop\",\"item\":\"https:\\\/\\\/laguiole.com\\\/de\\\/shop-2\\\/\"},{\"@type\":\"ListItem\",\"position\":3,\"name\":\"Laguiole Jagdmesser Armbrustgriff Edelstahl geb\u00fcrstet Wacholder 12cm\"}]},{\"@type\":\"WebSite\",\"@id\":\"https:\\\/\\\/laguiole.com\\\/de\\\/#website\",\"url\":\"https:\\\/\\\/laguiole.com\\\/de\\\/\",\"name\":\"Laguiole.com\",\"description\":\"Laguiole - Couteau laguiole, Chateau Laguiole, Laguiole en Aubrac, Forge de Laguiole\",\"publisher\":{\"@id\":\"https:\\\/\\\/laguiole.com\\\/de\\\/#organization\"},\"potentialAction\":[{\"@type\":\"SearchAction\",\"target\":{\"@type\":\"EntryPoint\",\"urlTemplate\":\"https:\\\/\\\/laguiole.com\\\/de\\\/?s={search_term_string}\"},\"query-input\":{\"@type\":\"PropertyValueSpecification\",\"valueRequired\":true,\"valueName\":\"search_term_string\"}}],\"inLanguage\":\"de\"},{\"@type\":\"Organization\",\"@id\":\"https:\\\/\\\/laguiole.com\\\/de\\\/#organization\",\"name\":\"Laguiole.com\",\"url\":\"https:\\\/\\\/laguiole.com\\\/de\\\/\",\"logo\":{\"@type\":\"ImageObject\",\"inLanguage\":\"de\",\"@id\":\"https:\\\/\\\/laguiole.com\\\/de\\\/#\\\/schema\\\/logo\\\/image\\\/\",\"url\":\"https:\\\/\\\/laguiole.com\\\/wp-content\\\/uploads\\\/2021\\\/02\\\/logo_laguiole.com-horizontal.jpg\",\"contentUrl\":\"https:\\\/\\\/laguiole.com\\\/wp-content\\\/uploads\\\/2021\\\/02\\\/logo_laguiole.com-horizontal.jpg\",\"width\":490,\"height\":156,\"caption\":\"Laguiole.com\"},\"image\":{\"@id\":\"https:\\\/\\\/laguiole.com\\\/de\\\/#\\\/schema\\\/logo\\\/image\\\/\"},\"sameAs\":[\"https:\\\/\\\/www.facebook.com\\\/laguiolecom\\\/\",\"https:\\\/\\\/www.instagram.com\\\/laguiolecom\\\/\",\"https:\\\/\\\/www.youtube.com\\\/@laguiolecom\\\/videos\"]}]}<\/script>\n<!-- \/ Yoast SEO plugin. -->","yoast_head_json":{"title":"Laguiole Jagdmesser Armbrustgriff Edelstahl geb\u00fcrstet Wacholder 12cm - Laguiole.com \u00ae","robots":{"index":"index","follow":"follow","max-snippet":"max-snippet:-1","max-image-preview":"max-image-preview:large","max-video-preview":"max-video-preview:-1"},"canonical":"https:\/\/laguiole.com\/de\/produit\/laguiole-jagdmesser-armbrustgriff-edelstahl-gebuerstet-wacholder-12cm\/","og_locale":"de_DE","og_type":"article","og_title":"Laguiole Jagdmesser Armbrustgriff Edelstahl geb\u00fcrstet Wacholder 12cm - Laguiole.com \u00ae","og_description":"Laguiole Messer Jagdarmbrust Griff: Wacholder Klinge: Geb\u00fcrsteter Edelstahl mit Gehrung Gehrung: 1 Zoll geb\u00fcrsteter Edelstahl Handgemei\u00dfelte Federl\u00e4nge des geschlossenen Messers 12 cm L\u00e4nge des Messers offen 21 cm Pumpenverriegelungssystem","og_url":"https:\/\/laguiole.com\/de\/produit\/laguiole-jagdmesser-armbrustgriff-edelstahl-gebuerstet-wacholder-12cm\/","og_site_name":"Laguiole.com \u00ae","article_publisher":"https:\/\/www.facebook.com\/laguiolecom\/","article_modified_time":"2025-11-26T10:16:54+00:00","og_image":[{"width":1033,"height":1033,"url":"https:\/\/laguiole.com\/wp-content\/uploads\/2023\/07\/Couteau_Laguiole_de_Chasse_Arbalete_Manche_Genevrier_Inox_Brosse_12cm_00.jpg","type":"image\/jpeg"}],"twitter_card":"summary_large_image","twitter_misc":{"Gesch\u00e4tzte Lesezeit":"1\u00a0Minute"},"schema":{"@context":"https:\/\/schema.org","@graph":[{"@type":"WebPage","@id":"https:\/\/laguiole.com\/de\/produit\/laguiole-jagdmesser-armbrustgriff-edelstahl-gebuerstet-wacholder-12cm\/","url":"https:\/\/laguiole.com\/de\/produit\/laguiole-jagdmesser-armbrustgriff-edelstahl-gebuerstet-wacholder-12cm\/","name":"Laguiole Jagdmesser Armbrustgriff Edelstahl geb\u00fcrstet Wacholder 12cm - Laguiole.com \u00ae","isPartOf":{"@id":"https:\/\/laguiole.com\/de\/#website"},"primaryImageOfPage":{"@id":"https:\/\/laguiole.com\/de\/produit\/laguiole-jagdmesser-armbrustgriff-edelstahl-gebuerstet-wacholder-12cm\/#primaryimage"},"image":{"@id":"https:\/\/laguiole.com\/de\/produit\/laguiole-jagdmesser-armbrustgriff-edelstahl-gebuerstet-wacholder-12cm\/#primaryimage"},"thumbnailUrl":"https:\/\/laguiole.com\/wp-content\/uploads\/2023\/07\/Couteau_Laguiole_de_Chasse_Arbalete_Manche_Genevrier_Inox_Brosse_12cm_00.jpg","datePublished":"2023-07-18T13:43:55+00:00","dateModified":"2025-11-26T10:16:54+00:00","breadcrumb":{"@id":"https:\/\/laguiole.com\/de\/produit\/laguiole-jagdmesser-armbrustgriff-edelstahl-gebuerstet-wacholder-12cm\/#breadcrumb"},"inLanguage":"de","potentialAction":[{"@type":"ReadAction","target":["https:\/\/laguiole.com\/de\/produit\/laguiole-jagdmesser-armbrustgriff-edelstahl-gebuerstet-wacholder-12cm\/"]}]},{"@type":"ImageObject","inLanguage":"de","@id":"https:\/\/laguiole.com\/de\/produit\/laguiole-jagdmesser-armbrustgriff-edelstahl-gebuerstet-wacholder-12cm\/#primaryimage","url":"https:\/\/laguiole.com\/wp-content\/uploads\/2023\/07\/Couteau_Laguiole_de_Chasse_Arbalete_Manche_Genevrier_Inox_Brosse_12cm_00.jpg","contentUrl":"https:\/\/laguiole.com\/wp-content\/uploads\/2023\/07\/Couteau_Laguiole_de_Chasse_Arbalete_Manche_Genevrier_Inox_Brosse_12cm_00.jpg","width":1033,"height":1033,"caption":"Laguiole Jagdmesser Armbrustgriff Edelstahl geb\u00fcrstet Wacholder 12cm"},{"@type":"BreadcrumbList","@id":"https:\/\/laguiole.com\/de\/produit\/laguiole-jagdmesser-armbrustgriff-edelstahl-gebuerstet-wacholder-12cm\/#breadcrumb","itemListElement":[{"@type":"ListItem","position":1,"name":"Accueil","item":"https:\/\/laguiole.com\/de\/"},{"@type":"ListItem","position":2,"name":"Shop","item":"https:\/\/laguiole.com\/de\/shop-2\/"},{"@type":"ListItem","position":3,"name":"Laguiole Jagdmesser Armbrustgriff Edelstahl geb\u00fcrstet Wacholder 12cm"}]},{"@type":"WebSite","@id":"https:\/\/laguiole.com\/de\/#website","url":"https:\/\/laguiole.com\/de\/","name":"Laguiole.com","description":"Laguiole - Couteau laguiole, Chateau Laguiole, Laguiole en Aubrac, Forge de Laguiole","publisher":{"@id":"https:\/\/laguiole.com\/de\/#organization"},"potentialAction":[{"@type":"SearchAction","target":{"@type":"EntryPoint","urlTemplate":"https:\/\/laguiole.com\/de\/?s={search_term_string}"},"query-input":{"@type":"PropertyValueSpecification","valueRequired":true,"valueName":"search_term_string"}}],"inLanguage":"de"},{"@type":"Organization","@id":"https:\/\/laguiole.com\/de\/#organization","name":"Laguiole.com","url":"https:\/\/laguiole.com\/de\/","logo":{"@type":"ImageObject","inLanguage":"de","@id":"https:\/\/laguiole.com\/de\/#\/schema\/logo\/image\/","url":"https:\/\/laguiole.com\/wp-content\/uploads\/2021\/02\/logo_laguiole.com-horizontal.jpg","contentUrl":"https:\/\/laguiole.com\/wp-content\/uploads\/2021\/02\/logo_laguiole.com-horizontal.jpg","width":490,"height":156,"caption":"Laguiole.com"},"image":{"@id":"https:\/\/laguiole.com\/de\/#\/schema\/logo\/image\/"},"sameAs":["https:\/\/www.facebook.com\/laguiolecom\/","https:\/\/www.instagram.com\/laguiolecom\/","https:\/\/www.youtube.com\/@laguiolecom\/videos"]}]}},"_links":{"self":[{"href":"https:\/\/laguiole.com\/de\/wp-json\/wp\/v2\/product\/40137","targetHints":{"allow":["GET"]}}],"collection":[{"href":"https:\/\/laguiole.com\/de\/wp-json\/wp\/v2\/product"}],"about":[{"href":"https:\/\/laguiole.com\/de\/wp-json\/wp\/v2\/types\/product"}],"version-history":[{"count":0,"href":"https:\/\/laguiole.com\/de\/wp-json\/wp\/v2\/product\/40137\/revisions"}],"wp:featuredmedia":[{"embeddable":true,"href":"https:\/\/laguiole.com\/de\/wp-json\/wp\/v2\/media\/40145"}],"wp:attachment":[{"href":"https:\/\/laguiole.com\/de\/wp-json\/wp\/v2\/media?parent=40137"}],"wp:term":[{"taxonomy":"product_brand","embeddable":true,"href":"https:\/\/laguiole.com\/de\/wp-json\/wp\/v2\/product_brand?post=40137"},{"taxonomy":"product_cat","embeddable":true,"href":"https:\/\/laguiole.com\/de\/wp-json\/wp\/v2\/product_cat?post=40137"},{"taxonomy":"product_tag","embeddable":true,"href":"https:\/\/laguiole.com\/de\/wp-json\/wp\/v2\/product_tag?post=40137"}],"curies":[{"name":"wp","href":"https:\/\/api.w.org\/{rel}","templated":true}]}}