{"id":40121,"date":"2023-07-16T19:48:29","date_gmt":"2023-07-16T17:48:29","guid":{"rendered":"https:\/\/laguiole.com\/produit\/eden-park-tischmesser-weiss-acryl-6er-set\/"},"modified":"2023-07-16T19:48:29","modified_gmt":"2023-07-16T17:48:29","slug":"eden-park-tischmesser-weiss-acryl-6er-set","status":"publish","type":"product","link":"https:\/\/laguiole.com\/de\/produit\/eden-park-tischmesser-weiss-acryl-6er-set\/","title":{"rendered":"Eden Park Tischmesser Wei\u00df Acryl (6er Set)"},"content":{"rendered":"<p>Mit ihrem einzigartigen Design sorgen diese Messer f\u00fcr eine au\u00dfergew\u00f6hnliche Sch\u00e4rfe.<br \/>\nEden Park, die High-End-Ready-to-Wear-Rugby-Marke, entwickelt ihre Steakmesser-Linie.<\/p>\n","protected":false},"excerpt":{"rendered":"<p>Set mit 6 Eden<br \/>\nPark Tischmessern Schneiden Sie die ber\u00fchmte Fliege der Marke Eden Park in die Klinge aus.<br \/>\nGriff: Wei\u00dfes<br \/>\nAcryl Griffgr\u00f6\u00dfe: 11,4 cm<br \/>\nKlingengr\u00f6\u00dfe: 11,4 cm<br \/>\nGesamtgr\u00f6\u00dfe des Messers: 22,8 cm<br \/>\nMessergewicht: 65 gr<\/p>\n<p>Geliefert in der Eden Park Box<\/p>\n","protected":false},"featured_media":40123,"template":"","meta":{"_acf_changed":false,"_monsterinsights_skip_tracking":false,"_monsterinsights_sitenote_active":false,"_monsterinsights_sitenote_note":"","_monsterinsights_sitenote_category":0},"product_brand":[],"product_cat":[5947,5956],"product_tag":[],"class_list":{"0":"post-40121","1":"product","2":"type-product","3":"status-publish","4":"has-post-thumbnail","6":"product_cat-eden-park-klappmesser","7":"product_cat-messer-tafelgeschirr","8":"pa_conditionnement-6-teiliges-set","9":"pa_lame-gebuersteter-edelstahl","10":"pa_manche-en-matiere-moderne-acryl","11":"pa_marque-eden-park","12":"tm-has-options","15":"instock","16":"taxable","17":"shipping-taxable","18":"purchasable","19":"product-type-simple"},"supplier_id":null,"supplier_sku":"","barcode":null,"atum_controlled":true,"out_stock_date":null,"out_stock_threshold":null,"inheritable":false,"inbound_stock":0,"stock_on_hold":0,"sold_today":0,"sales_last_days":0,"reserved_stock":0,"customer_returns":0,"warehouse_damage":0,"lost_in_post":0,"other_logs":0,"out_stock_days":0,"lost_sales":0,"has_location":false,"update_date":"2026-04-28T00:37:38","atum_locations":[],"atum_stock_status":"instock","restock_status":false,"low_stock_amount":"","sales_update_date":"2026-04-28T00:37:38","calc_backorders":0,"acf":[],"yoast_head":"<!-- This site is optimized with the Yoast SEO plugin v27.3 - https:\/\/yoast.com\/product\/yoast-seo-wordpress\/ -->\n<title>Eden Park Tischmesser Wei\u00df Acryl (6er Set) - Laguiole.com \u00ae<\/title>\n<meta name=\"robots\" content=\"index, follow, max-snippet:-1, max-image-preview:large, max-video-preview:-1\" \/>\n<link rel=\"canonical\" href=\"https:\/\/laguiole.com\/de\/produit\/eden-park-tischmesser-weiss-acryl-6er-set\/\" \/>\n<meta property=\"og:locale\" content=\"de_DE\" \/>\n<meta property=\"og:type\" content=\"article\" \/>\n<meta property=\"og:title\" content=\"Eden Park Tischmesser Wei\u00df Acryl (6er Set) - Laguiole.com \u00ae\" \/>\n<meta property=\"og:description\" content=\"Set mit 6 Eden Park Tischmessern Schneiden Sie die ber\u00fchmte Fliege der Marke Eden Park in die Klinge aus. Griff: Wei\u00dfes Acryl Griffgr\u00f6\u00dfe: 11,4 cm Klingengr\u00f6\u00dfe: 11,4 cm Gesamtgr\u00f6\u00dfe des Messers: 22,8 cm Messergewicht: 65 gr Geliefert in der Eden Park Box\" \/>\n<meta property=\"og:url\" content=\"https:\/\/laguiole.com\/de\/produit\/eden-park-tischmesser-weiss-acryl-6er-set\/\" \/>\n<meta property=\"og:site_name\" content=\"Laguiole.com \u00ae\" \/>\n<meta property=\"article:publisher\" content=\"https:\/\/www.facebook.com\/laguiolecom\/\" \/>\n<meta property=\"og:image\" content=\"https:\/\/laguiole.com\/wp-content\/uploads\/2023\/07\/couteaux_table_eden_park_acrylique_blanc_00.jpg\" \/>\n\t<meta property=\"og:image:width\" content=\"1033\" \/>\n\t<meta property=\"og:image:height\" content=\"1033\" \/>\n\t<meta property=\"og:image:type\" content=\"image\/jpeg\" \/>\n<meta name=\"twitter:card\" content=\"summary_large_image\" \/>\n<script type=\"application\/ld+json\" class=\"yoast-schema-graph\">{\"@context\":\"https:\\\/\\\/schema.org\",\"@graph\":[{\"@type\":\"WebPage\",\"@id\":\"https:\\\/\\\/laguiole.com\\\/de\\\/produit\\\/eden-park-tischmesser-weiss-acryl-6er-set\\\/\",\"url\":\"https:\\\/\\\/laguiole.com\\\/de\\\/produit\\\/eden-park-tischmesser-weiss-acryl-6er-set\\\/\",\"name\":\"Eden Park Tischmesser Wei\u00df Acryl (6er Set) - Laguiole.com \u00ae\",\"isPartOf\":{\"@id\":\"https:\\\/\\\/laguiole.com\\\/de\\\/#website\"},\"primaryImageOfPage\":{\"@id\":\"https:\\\/\\\/laguiole.com\\\/de\\\/produit\\\/eden-park-tischmesser-weiss-acryl-6er-set\\\/#primaryimage\"},\"image\":{\"@id\":\"https:\\\/\\\/laguiole.com\\\/de\\\/produit\\\/eden-park-tischmesser-weiss-acryl-6er-set\\\/#primaryimage\"},\"thumbnailUrl\":\"https:\\\/\\\/laguiole.com\\\/wp-content\\\/uploads\\\/2023\\\/07\\\/couteaux_table_eden_park_acrylique_blanc_00.jpg\",\"datePublished\":\"2023-07-16T17:48:29+00:00\",\"breadcrumb\":{\"@id\":\"https:\\\/\\\/laguiole.com\\\/de\\\/produit\\\/eden-park-tischmesser-weiss-acryl-6er-set\\\/#breadcrumb\"},\"inLanguage\":\"de\",\"potentialAction\":[{\"@type\":\"ReadAction\",\"target\":[\"https:\\\/\\\/laguiole.com\\\/de\\\/produit\\\/eden-park-tischmesser-weiss-acryl-6er-set\\\/\"]}]},{\"@type\":\"ImageObject\",\"inLanguage\":\"de\",\"@id\":\"https:\\\/\\\/laguiole.com\\\/de\\\/produit\\\/eden-park-tischmesser-weiss-acryl-6er-set\\\/#primaryimage\",\"url\":\"https:\\\/\\\/laguiole.com\\\/wp-content\\\/uploads\\\/2023\\\/07\\\/couteaux_table_eden_park_acrylique_blanc_00.jpg\",\"contentUrl\":\"https:\\\/\\\/laguiole.com\\\/wp-content\\\/uploads\\\/2023\\\/07\\\/couteaux_table_eden_park_acrylique_blanc_00.jpg\",\"width\":1033,\"height\":1033,\"caption\":\"Eden Park Tischmesser Wei\u00df Acryl (6er Set)\"},{\"@type\":\"BreadcrumbList\",\"@id\":\"https:\\\/\\\/laguiole.com\\\/de\\\/produit\\\/eden-park-tischmesser-weiss-acryl-6er-set\\\/#breadcrumb\",\"itemListElement\":[{\"@type\":\"ListItem\",\"position\":1,\"name\":\"Accueil\",\"item\":\"https:\\\/\\\/laguiole.com\\\/de\\\/\"},{\"@type\":\"ListItem\",\"position\":2,\"name\":\"Shop\",\"item\":\"https:\\\/\\\/laguiole.com\\\/de\\\/shop-2\\\/\"},{\"@type\":\"ListItem\",\"position\":3,\"name\":\"Eden Park Tischmesser Wei\u00df Acryl (6er Set)\"}]},{\"@type\":\"WebSite\",\"@id\":\"https:\\\/\\\/laguiole.com\\\/de\\\/#website\",\"url\":\"https:\\\/\\\/laguiole.com\\\/de\\\/\",\"name\":\"Laguiole.com\",\"description\":\"Laguiole - Couteau laguiole, Chateau Laguiole, Laguiole en Aubrac, Forge de Laguiole\",\"publisher\":{\"@id\":\"https:\\\/\\\/laguiole.com\\\/de\\\/#organization\"},\"potentialAction\":[{\"@type\":\"SearchAction\",\"target\":{\"@type\":\"EntryPoint\",\"urlTemplate\":\"https:\\\/\\\/laguiole.com\\\/de\\\/?s={search_term_string}\"},\"query-input\":{\"@type\":\"PropertyValueSpecification\",\"valueRequired\":true,\"valueName\":\"search_term_string\"}}],\"inLanguage\":\"de\"},{\"@type\":\"Organization\",\"@id\":\"https:\\\/\\\/laguiole.com\\\/de\\\/#organization\",\"name\":\"Laguiole.com\",\"url\":\"https:\\\/\\\/laguiole.com\\\/de\\\/\",\"logo\":{\"@type\":\"ImageObject\",\"inLanguage\":\"de\",\"@id\":\"https:\\\/\\\/laguiole.com\\\/de\\\/#\\\/schema\\\/logo\\\/image\\\/\",\"url\":\"https:\\\/\\\/laguiole.com\\\/wp-content\\\/uploads\\\/2021\\\/02\\\/logo_laguiole.com-horizontal.jpg\",\"contentUrl\":\"https:\\\/\\\/laguiole.com\\\/wp-content\\\/uploads\\\/2021\\\/02\\\/logo_laguiole.com-horizontal.jpg\",\"width\":490,\"height\":156,\"caption\":\"Laguiole.com\"},\"image\":{\"@id\":\"https:\\\/\\\/laguiole.com\\\/de\\\/#\\\/schema\\\/logo\\\/image\\\/\"},\"sameAs\":[\"https:\\\/\\\/www.facebook.com\\\/laguiolecom\\\/\",\"https:\\\/\\\/www.instagram.com\\\/laguiolecom\\\/\",\"https:\\\/\\\/www.youtube.com\\\/@laguiolecom\\\/videos\"]}]}<\/script>\n<!-- \/ Yoast SEO plugin. -->","yoast_head_json":{"title":"Eden Park Tischmesser Wei\u00df Acryl (6er Set) - Laguiole.com \u00ae","robots":{"index":"index","follow":"follow","max-snippet":"max-snippet:-1","max-image-preview":"max-image-preview:large","max-video-preview":"max-video-preview:-1"},"canonical":"https:\/\/laguiole.com\/de\/produit\/eden-park-tischmesser-weiss-acryl-6er-set\/","og_locale":"de_DE","og_type":"article","og_title":"Eden Park Tischmesser Wei\u00df Acryl (6er Set) - Laguiole.com \u00ae","og_description":"Set mit 6 Eden Park Tischmessern Schneiden Sie die ber\u00fchmte Fliege der Marke Eden Park in die Klinge aus. Griff: Wei\u00dfes Acryl Griffgr\u00f6\u00dfe: 11,4 cm Klingengr\u00f6\u00dfe: 11,4 cm Gesamtgr\u00f6\u00dfe des Messers: 22,8 cm Messergewicht: 65 gr Geliefert in der Eden Park Box","og_url":"https:\/\/laguiole.com\/de\/produit\/eden-park-tischmesser-weiss-acryl-6er-set\/","og_site_name":"Laguiole.com \u00ae","article_publisher":"https:\/\/www.facebook.com\/laguiolecom\/","og_image":[{"width":1033,"height":1033,"url":"https:\/\/laguiole.com\/wp-content\/uploads\/2023\/07\/couteaux_table_eden_park_acrylique_blanc_00.jpg","type":"image\/jpeg"}],"twitter_card":"summary_large_image","schema":{"@context":"https:\/\/schema.org","@graph":[{"@type":"WebPage","@id":"https:\/\/laguiole.com\/de\/produit\/eden-park-tischmesser-weiss-acryl-6er-set\/","url":"https:\/\/laguiole.com\/de\/produit\/eden-park-tischmesser-weiss-acryl-6er-set\/","name":"Eden Park Tischmesser Wei\u00df Acryl (6er Set) - Laguiole.com \u00ae","isPartOf":{"@id":"https:\/\/laguiole.com\/de\/#website"},"primaryImageOfPage":{"@id":"https:\/\/laguiole.com\/de\/produit\/eden-park-tischmesser-weiss-acryl-6er-set\/#primaryimage"},"image":{"@id":"https:\/\/laguiole.com\/de\/produit\/eden-park-tischmesser-weiss-acryl-6er-set\/#primaryimage"},"thumbnailUrl":"https:\/\/laguiole.com\/wp-content\/uploads\/2023\/07\/couteaux_table_eden_park_acrylique_blanc_00.jpg","datePublished":"2023-07-16T17:48:29+00:00","breadcrumb":{"@id":"https:\/\/laguiole.com\/de\/produit\/eden-park-tischmesser-weiss-acryl-6er-set\/#breadcrumb"},"inLanguage":"de","potentialAction":[{"@type":"ReadAction","target":["https:\/\/laguiole.com\/de\/produit\/eden-park-tischmesser-weiss-acryl-6er-set\/"]}]},{"@type":"ImageObject","inLanguage":"de","@id":"https:\/\/laguiole.com\/de\/produit\/eden-park-tischmesser-weiss-acryl-6er-set\/#primaryimage","url":"https:\/\/laguiole.com\/wp-content\/uploads\/2023\/07\/couteaux_table_eden_park_acrylique_blanc_00.jpg","contentUrl":"https:\/\/laguiole.com\/wp-content\/uploads\/2023\/07\/couteaux_table_eden_park_acrylique_blanc_00.jpg","width":1033,"height":1033,"caption":"Eden Park Tischmesser Wei\u00df Acryl (6er Set)"},{"@type":"BreadcrumbList","@id":"https:\/\/laguiole.com\/de\/produit\/eden-park-tischmesser-weiss-acryl-6er-set\/#breadcrumb","itemListElement":[{"@type":"ListItem","position":1,"name":"Accueil","item":"https:\/\/laguiole.com\/de\/"},{"@type":"ListItem","position":2,"name":"Shop","item":"https:\/\/laguiole.com\/de\/shop-2\/"},{"@type":"ListItem","position":3,"name":"Eden Park Tischmesser Wei\u00df Acryl (6er Set)"}]},{"@type":"WebSite","@id":"https:\/\/laguiole.com\/de\/#website","url":"https:\/\/laguiole.com\/de\/","name":"Laguiole.com","description":"Laguiole - Couteau laguiole, Chateau Laguiole, Laguiole en Aubrac, Forge de Laguiole","publisher":{"@id":"https:\/\/laguiole.com\/de\/#organization"},"potentialAction":[{"@type":"SearchAction","target":{"@type":"EntryPoint","urlTemplate":"https:\/\/laguiole.com\/de\/?s={search_term_string}"},"query-input":{"@type":"PropertyValueSpecification","valueRequired":true,"valueName":"search_term_string"}}],"inLanguage":"de"},{"@type":"Organization","@id":"https:\/\/laguiole.com\/de\/#organization","name":"Laguiole.com","url":"https:\/\/laguiole.com\/de\/","logo":{"@type":"ImageObject","inLanguage":"de","@id":"https:\/\/laguiole.com\/de\/#\/schema\/logo\/image\/","url":"https:\/\/laguiole.com\/wp-content\/uploads\/2021\/02\/logo_laguiole.com-horizontal.jpg","contentUrl":"https:\/\/laguiole.com\/wp-content\/uploads\/2021\/02\/logo_laguiole.com-horizontal.jpg","width":490,"height":156,"caption":"Laguiole.com"},"image":{"@id":"https:\/\/laguiole.com\/de\/#\/schema\/logo\/image\/"},"sameAs":["https:\/\/www.facebook.com\/laguiolecom\/","https:\/\/www.instagram.com\/laguiolecom\/","https:\/\/www.youtube.com\/@laguiolecom\/videos"]}]}},"_links":{"self":[{"href":"https:\/\/laguiole.com\/de\/wp-json\/wp\/v2\/product\/40121","targetHints":{"allow":["GET"]}}],"collection":[{"href":"https:\/\/laguiole.com\/de\/wp-json\/wp\/v2\/product"}],"about":[{"href":"https:\/\/laguiole.com\/de\/wp-json\/wp\/v2\/types\/product"}],"version-history":[{"count":0,"href":"https:\/\/laguiole.com\/de\/wp-json\/wp\/v2\/product\/40121\/revisions"}],"wp:featuredmedia":[{"embeddable":true,"href":"https:\/\/laguiole.com\/de\/wp-json\/wp\/v2\/media\/40123"}],"wp:attachment":[{"href":"https:\/\/laguiole.com\/de\/wp-json\/wp\/v2\/media?parent=40121"}],"wp:term":[{"taxonomy":"product_brand","embeddable":true,"href":"https:\/\/laguiole.com\/de\/wp-json\/wp\/v2\/product_brand?post=40121"},{"taxonomy":"product_cat","embeddable":true,"href":"https:\/\/laguiole.com\/de\/wp-json\/wp\/v2\/product_cat?post=40121"},{"taxonomy":"product_tag","embeddable":true,"href":"https:\/\/laguiole.com\/de\/wp-json\/wp\/v2\/product_tag?post=40121"}],"curies":[{"name":"wp","href":"https:\/\/api.w.org\/{rel}","templated":true}]}}