{"id":40083,"date":"2023-07-16T18:16:22","date_gmt":"2023-07-16T16:16:22","guid":{"rendered":"https:\/\/laguiole.com\/produit\/camembert-messer-1-stueck-11-cm-vollgriff-oliv\/"},"modified":"2023-07-16T18:16:22","modified_gmt":"2023-07-16T16:16:22","slug":"camembert-messer-1-stueck-11-cm-vollgriff-oliv","status":"publish","type":"product","link":"https:\/\/laguiole.com\/de\/produit\/camembert-messer-1-stueck-11-cm-vollgriff-oliv\/","title":{"rendered":"CAMEMBERT Messer 1 St\u00fcck 11 cm Vollgriff Oliv"},"content":{"rendered":"<p><strong>Das Camembertmesser \u2013<\/strong> Normannische Authentizit\u00e4t in Ihrer Handfl\u00e4che<\/p>\n<p>Das Camembert-Messer wurde 2006 im Herzen des ber\u00fchmten Dorfes in der Normandie geboren, das dem ber\u00fchmten K\u00e4se seinen Namen gab, und verk\u00f6rpert den rustikalen, gro\u00dfz\u00fcgigen und freundlichen Geist des franz\u00f6sischen Terroirs. Entworfen in der Werkstatt der Coutellerie Artisanale de Sauveterre de Rouergue, die heute im Besitz von Christian Valat (Laguiole in Aubrac) ist, verf\u00fchrt dieses einzigartige Messer mit seiner durchsetzungsf\u00e4higen Pers\u00f6nlichkeit. <\/p>\n<p>Die Klinge mit dem &#8220;Camembert&#8221;-Logo ziert das Wappen des Dorfes: eine normannische Frau, die den traditionellen regionalen Kopfschmuck tr\u00e4gt, eine echte Anspielung auf ihr Erbe. Sein Griff aus Olivenholz mit goldenen Adern und einem seidigen Griff verleiht ihm eine nat\u00fcrliche und warme Eleganz und sorgt gleichzeitig f\u00fcr einen hervorragenden Griff. <\/p>\n<p>Mit einer starken Kerbe, robust und sicher ist dieses Messer daf\u00fcr gemacht, Liebhaber der Natur und einfacher Freuden zu begleiten \u2013 ideal f\u00fcr Gourmet-Spazierg\u00e4nge, spontane Picknicks oder Snacks f\u00fcr unterwegs.<br \/>\nSein n\u00fcchternes und raffiniertes Design, das zutiefst authentisch ist, macht es zu einem St\u00fcck, das sowohl rustikal, originell als auch zeitlos ist.<\/p>\n<p>Und um das Erlebnis abzurunden, wird es in einer echten Camembert-Box pr\u00e4sentiert, f\u00fcr eine verspielte und unnachahmliche Note.<br \/>\n<strong>Eine charaktervolle Geschenkidee, die umso einzigartiger ist, als das Camembert-Messer durch eine 3D-Gravur auf der Feder personalisierbar ist \u2013 ein Detail, das den Unterschied ausmachen wird.<\/strong><\/p>\n","protected":false},"excerpt":{"rendered":"<p>CAMEMBERT<br \/>\nKlappmesser Olivfarbener Griff mit Lederkordel<br \/>\nVollst\u00e4ndiger Griff<br \/>\nKlinge aus rostfreiem Stahl B\u00fcrste 12C27<br \/>\nMesserfinish: Geb\u00fcrstet<br \/>\nErzwungenes Kerbverschlusssystem.<br \/>\nGesamtl\u00e4nge aufgeklappt: 19,6 cm<br \/>\nKlingenl\u00e4nge: 8,6 cm<br \/>\nGriffl\u00e4nge: 11 cm<br \/>\nGewicht: 86 grs<\/p>\n<p>Geliefert in einer echten Camembert-Box!<\/p>\n<p><iframe src=\"https:\/\/www.youtube.com\/embed\/n6vL2EjucKQ?rel=0&amp;autoplay=1\" width=\"400\" height=\"225\" frameborder=\"0\" allowfullscreen=\"allowfullscreen\"><\/iframe><\/p>\n","protected":false},"featured_media":40092,"template":"","meta":{"_acf_changed":false,"_monsterinsights_skip_tracking":false,"_monsterinsights_sitenote_active":false,"_monsterinsights_sitenote_note":"","_monsterinsights_sitenote_category":0},"product_brand":[],"product_cat":[5963,5938,5945],"product_tag":[6171],"class_list":{"0":"post-40083","1":"product","2":"type-product","3":"status-publish","4":"has-post-thumbnail","6":"product_cat-federgravur","7":"product_cat-klappmesser","8":"product_cat-camembert-klappmesser","9":"product_tag-gravurfeder","10":"pa_composition-couteau-1-stueck-nur-klinge","11":"pa_finition-gebuerstet","12":"pa_lame-gebuersteter-edelstahl","13":"pa_manche-en-bois-olive","14":"pa_marque-laguiole-en-aubracfr","15":"pa_marque-camembert","16":"pa_mitres-ohne-gehrung-vollstaendige-huelse","17":"pa_platines-einzelplatin","18":"pa_ressort-glatt","19":"pa_ressort-zum-personalisieren-lasergravur","20":"pa_taille-du-manche-11-cm","21":"tm-has-options","24":"instock","25":"taxable","26":"shipping-taxable","27":"purchasable","28":"product-type-simple"},"supplier_id":null,"supplier_sku":"","barcode":null,"atum_controlled":true,"out_stock_date":null,"out_stock_threshold":null,"inheritable":false,"inbound_stock":0,"stock_on_hold":0,"sold_today":0,"sales_last_days":0,"reserved_stock":0,"customer_returns":0,"warehouse_damage":0,"lost_in_post":0,"other_logs":0,"out_stock_days":0,"lost_sales":0,"has_location":false,"update_date":"2026-05-11T00:58:32","atum_locations":[],"atum_stock_status":"instock","restock_status":false,"low_stock_amount":"","sales_update_date":"2026-05-11T00:58:32","calc_backorders":0,"acf":[],"yoast_head":"<!-- This site is optimized with the Yoast SEO plugin v27.3 - https:\/\/yoast.com\/product\/yoast-seo-wordpress\/ -->\n<title>CAMEMBERT Messer 1 St\u00fcck 11 cm Vollgriff Oliv - Laguiole.com \u00ae<\/title>\n<meta name=\"description\" content=\"Mit einer starken Kerbe, robust und sicher ist dieses Messer daf\u00fcr gemacht, Liebhaber der Natur und einfacher Freuden zu begleiten \u2013 ideal f\u00fcr Gourmet-Spazierg\u00e4nge\" \/>\n<meta name=\"robots\" content=\"index, follow, max-snippet:-1, max-image-preview:large, max-video-preview:-1\" \/>\n<link rel=\"canonical\" href=\"https:\/\/laguiole.com\/de\/produit\/camembert-messer-1-stueck-11-cm-vollgriff-oliv\/\" \/>\n<meta property=\"og:locale\" content=\"de_DE\" \/>\n<meta property=\"og:type\" content=\"article\" \/>\n<meta property=\"og:title\" content=\"CAMEMBERT Messer 1 St\u00fcck 11 cm Vollgriff Oliv - Laguiole.com \u00ae\" \/>\n<meta property=\"og:description\" content=\"Mit einer starken Kerbe, robust und sicher ist dieses Messer daf\u00fcr gemacht, Liebhaber der Natur und einfacher Freuden zu begleiten \u2013 ideal f\u00fcr Gourmet-Spazierg\u00e4nge\" \/>\n<meta property=\"og:url\" content=\"https:\/\/laguiole.com\/de\/produit\/camembert-messer-1-stueck-11-cm-vollgriff-oliv\/\" \/>\n<meta property=\"og:site_name\" content=\"Laguiole.com \u00ae\" \/>\n<meta property=\"article:publisher\" content=\"https:\/\/www.facebook.com\/laguiolecom\/\" \/>\n<meta property=\"og:image\" content=\"https:\/\/laguiole.com\/wp-content\/uploads\/2023\/07\/couteau_pliant_camembert_olivier_00.jpg\" \/>\n\t<meta property=\"og:image:width\" content=\"1033\" \/>\n\t<meta property=\"og:image:height\" content=\"1033\" \/>\n\t<meta property=\"og:image:type\" content=\"image\/jpeg\" \/>\n<meta name=\"twitter:card\" content=\"summary_large_image\" \/>\n<meta name=\"twitter:label1\" content=\"Gesch\u00e4tzte Lesezeit\" \/>\n\t<meta name=\"twitter:data1\" content=\"1\u00a0Minute\" \/>\n<script type=\"application\/ld+json\" class=\"yoast-schema-graph\">{\"@context\":\"https:\\\/\\\/schema.org\",\"@graph\":[{\"@type\":\"WebPage\",\"@id\":\"https:\\\/\\\/laguiole.com\\\/de\\\/produit\\\/camembert-messer-1-stueck-11-cm-vollgriff-oliv\\\/\",\"url\":\"https:\\\/\\\/laguiole.com\\\/de\\\/produit\\\/camembert-messer-1-stueck-11-cm-vollgriff-oliv\\\/\",\"name\":\"CAMEMBERT Messer 1 St\u00fcck 11 cm Vollgriff Oliv - Laguiole.com \u00ae\",\"isPartOf\":{\"@id\":\"https:\\\/\\\/laguiole.com\\\/de\\\/#website\"},\"primaryImageOfPage\":{\"@id\":\"https:\\\/\\\/laguiole.com\\\/de\\\/produit\\\/camembert-messer-1-stueck-11-cm-vollgriff-oliv\\\/#primaryimage\"},\"image\":{\"@id\":\"https:\\\/\\\/laguiole.com\\\/de\\\/produit\\\/camembert-messer-1-stueck-11-cm-vollgriff-oliv\\\/#primaryimage\"},\"thumbnailUrl\":\"https:\\\/\\\/laguiole.com\\\/wp-content\\\/uploads\\\/2023\\\/07\\\/couteau_pliant_camembert_olivier_00.jpg\",\"datePublished\":\"2023-07-16T16:16:22+00:00\",\"description\":\"Mit einer starken Kerbe, robust und sicher ist dieses Messer daf\u00fcr gemacht, Liebhaber der Natur und einfacher Freuden zu begleiten \u2013 ideal f\u00fcr Gourmet-Spazierg\u00e4nge\",\"breadcrumb\":{\"@id\":\"https:\\\/\\\/laguiole.com\\\/de\\\/produit\\\/camembert-messer-1-stueck-11-cm-vollgriff-oliv\\\/#breadcrumb\"},\"inLanguage\":\"de\",\"potentialAction\":[{\"@type\":\"ReadAction\",\"target\":[\"https:\\\/\\\/laguiole.com\\\/de\\\/produit\\\/camembert-messer-1-stueck-11-cm-vollgriff-oliv\\\/\"]}]},{\"@type\":\"ImageObject\",\"inLanguage\":\"de\",\"@id\":\"https:\\\/\\\/laguiole.com\\\/de\\\/produit\\\/camembert-messer-1-stueck-11-cm-vollgriff-oliv\\\/#primaryimage\",\"url\":\"https:\\\/\\\/laguiole.com\\\/wp-content\\\/uploads\\\/2023\\\/07\\\/couteau_pliant_camembert_olivier_00.jpg\",\"contentUrl\":\"https:\\\/\\\/laguiole.com\\\/wp-content\\\/uploads\\\/2023\\\/07\\\/couteau_pliant_camembert_olivier_00.jpg\",\"width\":1033,\"height\":1033,\"caption\":\"Camembert Messer 1 St\u00fcck 11 cm Olivengriff\"},{\"@type\":\"BreadcrumbList\",\"@id\":\"https:\\\/\\\/laguiole.com\\\/de\\\/produit\\\/camembert-messer-1-stueck-11-cm-vollgriff-oliv\\\/#breadcrumb\",\"itemListElement\":[{\"@type\":\"ListItem\",\"position\":1,\"name\":\"Accueil\",\"item\":\"https:\\\/\\\/laguiole.com\\\/de\\\/\"},{\"@type\":\"ListItem\",\"position\":2,\"name\":\"Shop\",\"item\":\"https:\\\/\\\/laguiole.com\\\/de\\\/shop-2\\\/\"},{\"@type\":\"ListItem\",\"position\":3,\"name\":\"CAMEMBERT Messer 1 St\u00fcck 11 cm Vollgriff Oliv\"}]},{\"@type\":\"WebSite\",\"@id\":\"https:\\\/\\\/laguiole.com\\\/de\\\/#website\",\"url\":\"https:\\\/\\\/laguiole.com\\\/de\\\/\",\"name\":\"Laguiole.com\",\"description\":\"Laguiole - Couteau laguiole, Chateau Laguiole, Laguiole en Aubrac, Forge de Laguiole\",\"publisher\":{\"@id\":\"https:\\\/\\\/laguiole.com\\\/de\\\/#organization\"},\"potentialAction\":[{\"@type\":\"SearchAction\",\"target\":{\"@type\":\"EntryPoint\",\"urlTemplate\":\"https:\\\/\\\/laguiole.com\\\/de\\\/?s={search_term_string}\"},\"query-input\":{\"@type\":\"PropertyValueSpecification\",\"valueRequired\":true,\"valueName\":\"search_term_string\"}}],\"inLanguage\":\"de\"},{\"@type\":\"Organization\",\"@id\":\"https:\\\/\\\/laguiole.com\\\/de\\\/#organization\",\"name\":\"Laguiole.com\",\"url\":\"https:\\\/\\\/laguiole.com\\\/de\\\/\",\"logo\":{\"@type\":\"ImageObject\",\"inLanguage\":\"de\",\"@id\":\"https:\\\/\\\/laguiole.com\\\/de\\\/#\\\/schema\\\/logo\\\/image\\\/\",\"url\":\"https:\\\/\\\/laguiole.com\\\/wp-content\\\/uploads\\\/2021\\\/02\\\/logo_laguiole.com-horizontal.jpg\",\"contentUrl\":\"https:\\\/\\\/laguiole.com\\\/wp-content\\\/uploads\\\/2021\\\/02\\\/logo_laguiole.com-horizontal.jpg\",\"width\":490,\"height\":156,\"caption\":\"Laguiole.com\"},\"image\":{\"@id\":\"https:\\\/\\\/laguiole.com\\\/de\\\/#\\\/schema\\\/logo\\\/image\\\/\"},\"sameAs\":[\"https:\\\/\\\/www.facebook.com\\\/laguiolecom\\\/\",\"https:\\\/\\\/www.instagram.com\\\/laguiolecom\\\/\",\"https:\\\/\\\/www.youtube.com\\\/@laguiolecom\\\/videos\"]}]}<\/script>\n<!-- \/ Yoast SEO plugin. -->","yoast_head_json":{"title":"CAMEMBERT Messer 1 St\u00fcck 11 cm Vollgriff Oliv - Laguiole.com \u00ae","description":"Mit einer starken Kerbe, robust und sicher ist dieses Messer daf\u00fcr gemacht, Liebhaber der Natur und einfacher Freuden zu begleiten \u2013 ideal f\u00fcr Gourmet-Spazierg\u00e4nge","robots":{"index":"index","follow":"follow","max-snippet":"max-snippet:-1","max-image-preview":"max-image-preview:large","max-video-preview":"max-video-preview:-1"},"canonical":"https:\/\/laguiole.com\/de\/produit\/camembert-messer-1-stueck-11-cm-vollgriff-oliv\/","og_locale":"de_DE","og_type":"article","og_title":"CAMEMBERT Messer 1 St\u00fcck 11 cm Vollgriff Oliv - Laguiole.com \u00ae","og_description":"Mit einer starken Kerbe, robust und sicher ist dieses Messer daf\u00fcr gemacht, Liebhaber der Natur und einfacher Freuden zu begleiten \u2013 ideal f\u00fcr Gourmet-Spazierg\u00e4nge","og_url":"https:\/\/laguiole.com\/de\/produit\/camembert-messer-1-stueck-11-cm-vollgriff-oliv\/","og_site_name":"Laguiole.com \u00ae","article_publisher":"https:\/\/www.facebook.com\/laguiolecom\/","og_image":[{"width":1033,"height":1033,"url":"https:\/\/laguiole.com\/wp-content\/uploads\/2023\/07\/couteau_pliant_camembert_olivier_00.jpg","type":"image\/jpeg"}],"twitter_card":"summary_large_image","twitter_misc":{"Gesch\u00e4tzte Lesezeit":"1\u00a0Minute"},"schema":{"@context":"https:\/\/schema.org","@graph":[{"@type":"WebPage","@id":"https:\/\/laguiole.com\/de\/produit\/camembert-messer-1-stueck-11-cm-vollgriff-oliv\/","url":"https:\/\/laguiole.com\/de\/produit\/camembert-messer-1-stueck-11-cm-vollgriff-oliv\/","name":"CAMEMBERT Messer 1 St\u00fcck 11 cm Vollgriff Oliv - Laguiole.com \u00ae","isPartOf":{"@id":"https:\/\/laguiole.com\/de\/#website"},"primaryImageOfPage":{"@id":"https:\/\/laguiole.com\/de\/produit\/camembert-messer-1-stueck-11-cm-vollgriff-oliv\/#primaryimage"},"image":{"@id":"https:\/\/laguiole.com\/de\/produit\/camembert-messer-1-stueck-11-cm-vollgriff-oliv\/#primaryimage"},"thumbnailUrl":"https:\/\/laguiole.com\/wp-content\/uploads\/2023\/07\/couteau_pliant_camembert_olivier_00.jpg","datePublished":"2023-07-16T16:16:22+00:00","description":"Mit einer starken Kerbe, robust und sicher ist dieses Messer daf\u00fcr gemacht, Liebhaber der Natur und einfacher Freuden zu begleiten \u2013 ideal f\u00fcr Gourmet-Spazierg\u00e4nge","breadcrumb":{"@id":"https:\/\/laguiole.com\/de\/produit\/camembert-messer-1-stueck-11-cm-vollgriff-oliv\/#breadcrumb"},"inLanguage":"de","potentialAction":[{"@type":"ReadAction","target":["https:\/\/laguiole.com\/de\/produit\/camembert-messer-1-stueck-11-cm-vollgriff-oliv\/"]}]},{"@type":"ImageObject","inLanguage":"de","@id":"https:\/\/laguiole.com\/de\/produit\/camembert-messer-1-stueck-11-cm-vollgriff-oliv\/#primaryimage","url":"https:\/\/laguiole.com\/wp-content\/uploads\/2023\/07\/couteau_pliant_camembert_olivier_00.jpg","contentUrl":"https:\/\/laguiole.com\/wp-content\/uploads\/2023\/07\/couteau_pliant_camembert_olivier_00.jpg","width":1033,"height":1033,"caption":"Camembert Messer 1 St\u00fcck 11 cm Olivengriff"},{"@type":"BreadcrumbList","@id":"https:\/\/laguiole.com\/de\/produit\/camembert-messer-1-stueck-11-cm-vollgriff-oliv\/#breadcrumb","itemListElement":[{"@type":"ListItem","position":1,"name":"Accueil","item":"https:\/\/laguiole.com\/de\/"},{"@type":"ListItem","position":2,"name":"Shop","item":"https:\/\/laguiole.com\/de\/shop-2\/"},{"@type":"ListItem","position":3,"name":"CAMEMBERT Messer 1 St\u00fcck 11 cm Vollgriff Oliv"}]},{"@type":"WebSite","@id":"https:\/\/laguiole.com\/de\/#website","url":"https:\/\/laguiole.com\/de\/","name":"Laguiole.com","description":"Laguiole - Couteau laguiole, Chateau Laguiole, Laguiole en Aubrac, Forge de Laguiole","publisher":{"@id":"https:\/\/laguiole.com\/de\/#organization"},"potentialAction":[{"@type":"SearchAction","target":{"@type":"EntryPoint","urlTemplate":"https:\/\/laguiole.com\/de\/?s={search_term_string}"},"query-input":{"@type":"PropertyValueSpecification","valueRequired":true,"valueName":"search_term_string"}}],"inLanguage":"de"},{"@type":"Organization","@id":"https:\/\/laguiole.com\/de\/#organization","name":"Laguiole.com","url":"https:\/\/laguiole.com\/de\/","logo":{"@type":"ImageObject","inLanguage":"de","@id":"https:\/\/laguiole.com\/de\/#\/schema\/logo\/image\/","url":"https:\/\/laguiole.com\/wp-content\/uploads\/2021\/02\/logo_laguiole.com-horizontal.jpg","contentUrl":"https:\/\/laguiole.com\/wp-content\/uploads\/2021\/02\/logo_laguiole.com-horizontal.jpg","width":490,"height":156,"caption":"Laguiole.com"},"image":{"@id":"https:\/\/laguiole.com\/de\/#\/schema\/logo\/image\/"},"sameAs":["https:\/\/www.facebook.com\/laguiolecom\/","https:\/\/www.instagram.com\/laguiolecom\/","https:\/\/www.youtube.com\/@laguiolecom\/videos"]}]}},"_links":{"self":[{"href":"https:\/\/laguiole.com\/de\/wp-json\/wp\/v2\/product\/40083","targetHints":{"allow":["GET"]}}],"collection":[{"href":"https:\/\/laguiole.com\/de\/wp-json\/wp\/v2\/product"}],"about":[{"href":"https:\/\/laguiole.com\/de\/wp-json\/wp\/v2\/types\/product"}],"version-history":[{"count":0,"href":"https:\/\/laguiole.com\/de\/wp-json\/wp\/v2\/product\/40083\/revisions"}],"wp:featuredmedia":[{"embeddable":true,"href":"https:\/\/laguiole.com\/de\/wp-json\/wp\/v2\/media\/40092"}],"wp:attachment":[{"href":"https:\/\/laguiole.com\/de\/wp-json\/wp\/v2\/media?parent=40083"}],"wp:term":[{"taxonomy":"product_brand","embeddable":true,"href":"https:\/\/laguiole.com\/de\/wp-json\/wp\/v2\/product_brand?post=40083"},{"taxonomy":"product_cat","embeddable":true,"href":"https:\/\/laguiole.com\/de\/wp-json\/wp\/v2\/product_cat?post=40083"},{"taxonomy":"product_tag","embeddable":true,"href":"https:\/\/laguiole.com\/de\/wp-json\/wp\/v2\/product_tag?post=40083"}],"curies":[{"name":"wp","href":"https:\/\/api.w.org\/{rel}","templated":true}]}}