{"id":40011,"date":"2023-07-14T14:30:55","date_gmt":"2023-07-14T12:30:55","guid":{"rendered":"https:\/\/laguiole.com\/produit\/laguiole-knife-guerteltasche-schwarz\/"},"modified":"2025-11-05T20:34:40","modified_gmt":"2025-11-05T19:34:40","slug":"laguiole-knife-guerteltasche-schwarz","status":"publish","type":"product","link":"https:\/\/laguiole.com\/de\/produit\/laguiole-knife-guerteltasche-schwarz\/","title":{"rendered":"Laguiole Knife G\u00fcrteltasche Schwarz"},"content":{"rendered":"<h2 data-start=\"364\" data-end=\"441\"><strong data-start=\"370\" data-end=\"441\">\u2013 Provenzalisches Modell Etui aus vollnarbigem schwarzem Leder<\/strong><\/h2>\n<h3 data-start=\"443\" data-end=\"489\"><strong data-start=\"447\" data-end=\"489\">Die dezente Eleganz des franz\u00f6sischen schwarzen Leders<\/strong><\/h3>\n<p data-start=\"491\" data-end=\"805\">Entdecken Sie die perfekte Kombination aus Eleganz und Authentizit\u00e4t mit dem <strong data-start=\"559\" data-end=\"610\">provenzalischen Modell aus vollnarbigem schwarzem Leder<\/strong>. Handgefertigt in Frankreich, spiegelt es das gesamte Know-how franz\u00f6sischer Lederhandwerker wider. Jedes Detail ist so konzipiert, dass es ein ideales Gleichgewicht zwischen Sch\u00f6nheit, Solidit\u00e4t und Zweckm\u00e4\u00dfigkeit bietet.  <\/p>\n<p data-start=\"807\" data-end=\"1181\">Das <strong data-start=\"810\" data-end=\"836\">schwarze Vollnarbenleder<\/strong> , aus dem es hergestellt wird, wurde aufgrund seiner nat\u00fcrlichen Textur und au\u00dfergew\u00f6hnlichen Festigkeit sorgf\u00e4ltig ausgew\u00e4hlt. Seine tiefe Farbe bringt einen Hauch von Modernit\u00e4t und N\u00fcchternheit, w\u00e4hrend der Charme von echtem Leder erhalten bleibt. Die sichtbaren, von Hand <strong data-start=\"1076\" data-end=\"1099\">gefertigten N\u00e4hte<\/strong> unterstreichen den handwerklichen Charakter und die Qualit\u00e4t der Arbeit.  <\/p>\n<p data-start=\"1183\" data-end=\"1486\">Dank der <strong data-start=\"1195\" data-end=\"1215\">Schnappklappe<\/strong> bleibt Ihr Messer perfekt sicher. Dar\u00fcber hinaus sorgt der <strong data-start=\"1272\" data-end=\"1305\">horizontale Gurt f\u00fcr<\/strong> optimalen Komfort und schnellen Zugriff. Egal, ob Sie wandern, jagen oder einfach nur ein Liebhaber sch\u00f6ner Gegenst\u00e4nde sind, dieses schwarze Etui wird Ihre Gesten mit Eleganz begleiten.  <\/p>\n<hr data-start=\"1488\" data-end=\"1491\">\n<h3 data-start=\"1493\" data-end=\"1550\"><strong data-start=\"1497\" data-end=\"1550\">Die Vorteile des Etuis aus vollnarbigem schwarzem Leder<\/strong><\/h3>\n<ul data-start=\"1552\" data-end=\"1930\">\n<li data-start=\"1552\" data-end=\"1624\">\n<p data-start=\"1554\" data-end=\"1624\"><strong data-start=\"1554\" data-end=\"1577\">Maximaler Schutz<\/strong> vor St\u00f6\u00dfen, Kratzern und Feuchtigkeit.<\/p>\n<\/li>\n<li data-start=\"1625\" data-end=\"1697\">\n<p data-start=\"1627\" data-end=\"1697\"><strong data-start=\"1627\" data-end=\"1653\">Bemerkenswerte Haltbarkeit<\/strong> dank der Qualit\u00e4t des Vollnarbenleders.<\/p>\n<\/li>\n<li data-start=\"1698\" data-end=\"1763\">\n<p data-start=\"1700\" data-end=\"1763\"><strong data-start=\"1700\" data-end=\"1733\">Praktischer und sicherer Gurtverschlei\u00df<\/strong>, immer griffbereit.<\/p>\n<\/li>\n<li data-start=\"1764\" data-end=\"1842\">\n<p data-start=\"1766\" data-end=\"1842\"><strong data-start=\"1766\" data-end=\"1802\">Handgefertigt in Frankreich<\/strong>, eine Garantie f\u00fcr Zuverl\u00e4ssigkeit und Authentizit\u00e4t.<\/p>\n<\/li>\n<li data-start=\"1843\" data-end=\"1930\">\n<p data-start=\"1845\" data-end=\"1930\"><strong data-start=\"1845\" data-end=\"1865\">Nat\u00fcrliche Patina<\/strong> , die sich mit der Zeit sublimiert und ihren einzigartigen Charakter verst\u00e4rkt.<\/p>\n<\/li>\n<\/ul>\n<hr data-start=\"1932\" data-end=\"1935\">\n<p data-start=\"1937\" data-end=\"2240\">Dieser Koffer ist f\u00fcr Messer mit einer Klingenl\u00e4nge von bis zu <strong data-start=\"386\" data-end=\"395\">13 cm<\/strong> ausgelegt. Diese Gr\u00f6\u00dfe bietet eine ideale Kompatibilit\u00e4t mit den meisten handgefertigten Besteck-Klappmessern. Dank seines durchdachten Formats h\u00e4lt das provenzalische Modell das Messer perfekt an Ort und Stelle und gew\u00e4hrleistet gleichzeitig einen optimalen Schutz.  <\/p>\n<p data-start=\"1937\" data-end=\"2240\">Wenn Sie sich f\u00fcr ein Etui aus schwarzem Vollnarbenleder entscheiden, entscheiden Sie sich f\u00fcr diskrete Eleganz und langlebige Qualit\u00e4t. Jedes St\u00fcck wird sorgf\u00e4ltig nach den Traditionen der franz\u00f6sischen Lederwaren gefertigt. Mit dem provenzalischen Modell findet Ihr Messer endlich ein Geh\u00e4use, das ihm gerecht wird: raffiniert, solide und zeitlos.  <\/p>\n","protected":false},"excerpt":{"rendered":"<p>Provenzalisches Lederetui f\u00fcr Laguiole<br \/>\nMesserverschluss: 1 Druckknopf<br \/>\nAnti-Kratz-Einsatz auf der Innenseite<br \/>\nBreite Tasche: 15 cm<br \/>\nFarbe Schwarz<br \/>\nMade in France (AVEYRON)<br \/>\nVollnarbiges<br \/>\nRindsleder Geeignet f\u00fcr Laguiole Messer und Sommeliers bis 13cm<br \/>\nG\u00fcrtelschlaufe, horizontal tragen<\/p>\n","protected":false},"featured_media":40015,"template":"","meta":{"_acf_changed":false,"_monsterinsights_skip_tracking":false,"_monsterinsights_sitenote_active":false,"_monsterinsights_sitenote_note":"","_monsterinsights_sitenote_category":0},"product_brand":[],"product_cat":[5952],"product_tag":[],"class_list":{"0":"post-40011","1":"product","2":"type-product","3":"status-publish","4":"has-post-thumbnail","6":"product_cat-messerfutteral","7":"pa_etuis-cuir-pour-10-cm","8":"pa_etuis-cuir-pour-11-12-cm","9":"pa_etuis-cuir-pour-13-14-cm","10":"pa_etuis-cuir-pour-laguiole-2","11":"pa_etuis-cuir-pour-kellnermesser","12":"pa_marque-max-capdebarthes","13":"tm-no-options","16":"instock","17":"taxable","18":"shipping-taxable","19":"purchasable","20":"product-type-simple"},"supplier_id":null,"supplier_sku":"","barcode":null,"atum_controlled":true,"out_stock_date":null,"out_stock_threshold":null,"inheritable":false,"inbound_stock":0,"stock_on_hold":0,"sold_today":0,"sales_last_days":0,"reserved_stock":0,"customer_returns":0,"warehouse_damage":0,"lost_in_post":0,"other_logs":0,"out_stock_days":0,"lost_sales":0,"has_location":false,"update_date":"2026-05-10T00:54:01","atum_locations":[],"atum_stock_status":"instock","restock_status":false,"low_stock_amount":"","sales_update_date":"2026-05-10T00:54:01","calc_backorders":0,"acf":[],"yoast_head":"<!-- This site is optimized with the Yoast SEO plugin v27.3 - https:\/\/yoast.com\/product\/yoast-seo-wordpress\/ -->\n<title>Provenzalisches Modell Etui aus schwarzem Vollnarbenleder - Made in France<\/title>\n<meta name=\"description\" content=\"H\u00fclle aus schwarzem Vollnarbenleder, handgefertigt in Frankreich. Provenzalisches Modell, horizontaler G\u00fcrtel, sichtbare N\u00e4hte und handgefertigtes Finish\" \/>\n<meta name=\"robots\" content=\"index, follow, max-snippet:-1, max-image-preview:large, max-video-preview:-1\" \/>\n<link rel=\"canonical\" href=\"https:\/\/laguiole.com\/de\/produit\/laguiole-knife-guerteltasche-schwarz\/\" \/>\n<meta property=\"og:locale\" content=\"de_DE\" \/>\n<meta property=\"og:type\" content=\"article\" \/>\n<meta property=\"og:title\" content=\"Provenzalisches Modell Etui aus schwarzem Vollnarbenleder - Made in France\" \/>\n<meta property=\"og:description\" content=\"H\u00fclle aus schwarzem Vollnarbenleder, handgefertigt in Frankreich. Provenzalisches Modell, horizontaler G\u00fcrtel, sichtbare N\u00e4hte und handgefertigtes Finish\" \/>\n<meta property=\"og:url\" content=\"https:\/\/laguiole.com\/de\/produit\/laguiole-knife-guerteltasche-schwarz\/\" \/>\n<meta property=\"og:site_name\" content=\"Laguiole.com \u00ae\" \/>\n<meta property=\"article:publisher\" content=\"https:\/\/www.facebook.com\/laguiolecom\/\" \/>\n<meta property=\"article:modified_time\" content=\"2025-11-05T19:34:40+00:00\" \/>\n<meta property=\"og:image\" content=\"https:\/\/laguiole.com\/wp-content\/uploads\/2023\/07\/Trousse_Cuir_Ceinture_Couteau_Laguiole_Pression_Provencal_Noir_00.jpg\" \/>\n\t<meta property=\"og:image:width\" content=\"1033\" \/>\n\t<meta property=\"og:image:height\" content=\"1033\" \/>\n\t<meta property=\"og:image:type\" content=\"image\/jpeg\" \/>\n<meta name=\"twitter:card\" content=\"summary_large_image\" \/>\n<meta name=\"twitter:label1\" content=\"Gesch\u00e4tzte Lesezeit\" \/>\n\t<meta name=\"twitter:data1\" content=\"2\u00a0Minute\" \/>\n<script type=\"application\/ld+json\" class=\"yoast-schema-graph\">{\"@context\":\"https:\\\/\\\/schema.org\",\"@graph\":[{\"@type\":\"WebPage\",\"@id\":\"https:\\\/\\\/laguiole.com\\\/de\\\/produit\\\/laguiole-knife-guerteltasche-schwarz\\\/\",\"url\":\"https:\\\/\\\/laguiole.com\\\/de\\\/produit\\\/laguiole-knife-guerteltasche-schwarz\\\/\",\"name\":\"Provenzalisches Modell Etui aus schwarzem Vollnarbenleder - Made in France\",\"isPartOf\":{\"@id\":\"https:\\\/\\\/laguiole.com\\\/de\\\/#website\"},\"primaryImageOfPage\":{\"@id\":\"https:\\\/\\\/laguiole.com\\\/de\\\/produit\\\/laguiole-knife-guerteltasche-schwarz\\\/#primaryimage\"},\"image\":{\"@id\":\"https:\\\/\\\/laguiole.com\\\/de\\\/produit\\\/laguiole-knife-guerteltasche-schwarz\\\/#primaryimage\"},\"thumbnailUrl\":\"https:\\\/\\\/laguiole.com\\\/wp-content\\\/uploads\\\/2023\\\/07\\\/Trousse_Cuir_Ceinture_Couteau_Laguiole_Pression_Provencal_Noir_00.jpg\",\"datePublished\":\"2023-07-14T12:30:55+00:00\",\"dateModified\":\"2025-11-05T19:34:40+00:00\",\"description\":\"H\u00fclle aus schwarzem Vollnarbenleder, handgefertigt in Frankreich. Provenzalisches Modell, horizontaler G\u00fcrtel, sichtbare N\u00e4hte und handgefertigtes Finish\",\"breadcrumb\":{\"@id\":\"https:\\\/\\\/laguiole.com\\\/de\\\/produit\\\/laguiole-knife-guerteltasche-schwarz\\\/#breadcrumb\"},\"inLanguage\":\"de\",\"potentialAction\":[{\"@type\":\"ReadAction\",\"target\":[\"https:\\\/\\\/laguiole.com\\\/de\\\/produit\\\/laguiole-knife-guerteltasche-schwarz\\\/\"]}]},{\"@type\":\"ImageObject\",\"inLanguage\":\"de\",\"@id\":\"https:\\\/\\\/laguiole.com\\\/de\\\/produit\\\/laguiole-knife-guerteltasche-schwarz\\\/#primaryimage\",\"url\":\"https:\\\/\\\/laguiole.com\\\/wp-content\\\/uploads\\\/2023\\\/07\\\/Trousse_Cuir_Ceinture_Couteau_Laguiole_Pression_Provencal_Noir_00.jpg\",\"contentUrl\":\"https:\\\/\\\/laguiole.com\\\/wp-content\\\/uploads\\\/2023\\\/07\\\/Trousse_Cuir_Ceinture_Couteau_Laguiole_Pression_Provencal_Noir_00.jpg\",\"width\":1033,\"height\":1033},{\"@type\":\"BreadcrumbList\",\"@id\":\"https:\\\/\\\/laguiole.com\\\/de\\\/produit\\\/laguiole-knife-guerteltasche-schwarz\\\/#breadcrumb\",\"itemListElement\":[{\"@type\":\"ListItem\",\"position\":1,\"name\":\"Accueil\",\"item\":\"https:\\\/\\\/laguiole.com\\\/de\\\/\"},{\"@type\":\"ListItem\",\"position\":2,\"name\":\"Shop\",\"item\":\"https:\\\/\\\/laguiole.com\\\/de\\\/shop-2\\\/\"},{\"@type\":\"ListItem\",\"position\":3,\"name\":\"Laguiole Knife G\u00fcrteltasche Schwarz\"}]},{\"@type\":\"WebSite\",\"@id\":\"https:\\\/\\\/laguiole.com\\\/de\\\/#website\",\"url\":\"https:\\\/\\\/laguiole.com\\\/de\\\/\",\"name\":\"Laguiole.com\",\"description\":\"Laguiole - Couteau laguiole, Chateau Laguiole, Laguiole en Aubrac, Forge de Laguiole\",\"publisher\":{\"@id\":\"https:\\\/\\\/laguiole.com\\\/de\\\/#organization\"},\"potentialAction\":[{\"@type\":\"SearchAction\",\"target\":{\"@type\":\"EntryPoint\",\"urlTemplate\":\"https:\\\/\\\/laguiole.com\\\/de\\\/?s={search_term_string}\"},\"query-input\":{\"@type\":\"PropertyValueSpecification\",\"valueRequired\":true,\"valueName\":\"search_term_string\"}}],\"inLanguage\":\"de\"},{\"@type\":\"Organization\",\"@id\":\"https:\\\/\\\/laguiole.com\\\/de\\\/#organization\",\"name\":\"Laguiole.com\",\"url\":\"https:\\\/\\\/laguiole.com\\\/de\\\/\",\"logo\":{\"@type\":\"ImageObject\",\"inLanguage\":\"de\",\"@id\":\"https:\\\/\\\/laguiole.com\\\/de\\\/#\\\/schema\\\/logo\\\/image\\\/\",\"url\":\"https:\\\/\\\/laguiole.com\\\/wp-content\\\/uploads\\\/2021\\\/02\\\/logo_laguiole.com-horizontal.jpg\",\"contentUrl\":\"https:\\\/\\\/laguiole.com\\\/wp-content\\\/uploads\\\/2021\\\/02\\\/logo_laguiole.com-horizontal.jpg\",\"width\":490,\"height\":156,\"caption\":\"Laguiole.com\"},\"image\":{\"@id\":\"https:\\\/\\\/laguiole.com\\\/de\\\/#\\\/schema\\\/logo\\\/image\\\/\"},\"sameAs\":[\"https:\\\/\\\/www.facebook.com\\\/laguiolecom\\\/\",\"https:\\\/\\\/www.instagram.com\\\/laguiolecom\\\/\",\"https:\\\/\\\/www.youtube.com\\\/@laguiolecom\\\/videos\"]}]}<\/script>\n<!-- \/ Yoast SEO plugin. -->","yoast_head_json":{"title":"Provenzalisches Modell Etui aus schwarzem Vollnarbenleder - Made in France","description":"H\u00fclle aus schwarzem Vollnarbenleder, handgefertigt in Frankreich. Provenzalisches Modell, horizontaler G\u00fcrtel, sichtbare N\u00e4hte und handgefertigtes Finish","robots":{"index":"index","follow":"follow","max-snippet":"max-snippet:-1","max-image-preview":"max-image-preview:large","max-video-preview":"max-video-preview:-1"},"canonical":"https:\/\/laguiole.com\/de\/produit\/laguiole-knife-guerteltasche-schwarz\/","og_locale":"de_DE","og_type":"article","og_title":"Provenzalisches Modell Etui aus schwarzem Vollnarbenleder - Made in France","og_description":"H\u00fclle aus schwarzem Vollnarbenleder, handgefertigt in Frankreich. Provenzalisches Modell, horizontaler G\u00fcrtel, sichtbare N\u00e4hte und handgefertigtes Finish","og_url":"https:\/\/laguiole.com\/de\/produit\/laguiole-knife-guerteltasche-schwarz\/","og_site_name":"Laguiole.com \u00ae","article_publisher":"https:\/\/www.facebook.com\/laguiolecom\/","article_modified_time":"2025-11-05T19:34:40+00:00","og_image":[{"width":1033,"height":1033,"url":"https:\/\/laguiole.com\/wp-content\/uploads\/2023\/07\/Trousse_Cuir_Ceinture_Couteau_Laguiole_Pression_Provencal_Noir_00.jpg","type":"image\/jpeg"}],"twitter_card":"summary_large_image","twitter_misc":{"Gesch\u00e4tzte Lesezeit":"2\u00a0Minute"},"schema":{"@context":"https:\/\/schema.org","@graph":[{"@type":"WebPage","@id":"https:\/\/laguiole.com\/de\/produit\/laguiole-knife-guerteltasche-schwarz\/","url":"https:\/\/laguiole.com\/de\/produit\/laguiole-knife-guerteltasche-schwarz\/","name":"Provenzalisches Modell Etui aus schwarzem Vollnarbenleder - Made in France","isPartOf":{"@id":"https:\/\/laguiole.com\/de\/#website"},"primaryImageOfPage":{"@id":"https:\/\/laguiole.com\/de\/produit\/laguiole-knife-guerteltasche-schwarz\/#primaryimage"},"image":{"@id":"https:\/\/laguiole.com\/de\/produit\/laguiole-knife-guerteltasche-schwarz\/#primaryimage"},"thumbnailUrl":"https:\/\/laguiole.com\/wp-content\/uploads\/2023\/07\/Trousse_Cuir_Ceinture_Couteau_Laguiole_Pression_Provencal_Noir_00.jpg","datePublished":"2023-07-14T12:30:55+00:00","dateModified":"2025-11-05T19:34:40+00:00","description":"H\u00fclle aus schwarzem Vollnarbenleder, handgefertigt in Frankreich. Provenzalisches Modell, horizontaler G\u00fcrtel, sichtbare N\u00e4hte und handgefertigtes Finish","breadcrumb":{"@id":"https:\/\/laguiole.com\/de\/produit\/laguiole-knife-guerteltasche-schwarz\/#breadcrumb"},"inLanguage":"de","potentialAction":[{"@type":"ReadAction","target":["https:\/\/laguiole.com\/de\/produit\/laguiole-knife-guerteltasche-schwarz\/"]}]},{"@type":"ImageObject","inLanguage":"de","@id":"https:\/\/laguiole.com\/de\/produit\/laguiole-knife-guerteltasche-schwarz\/#primaryimage","url":"https:\/\/laguiole.com\/wp-content\/uploads\/2023\/07\/Trousse_Cuir_Ceinture_Couteau_Laguiole_Pression_Provencal_Noir_00.jpg","contentUrl":"https:\/\/laguiole.com\/wp-content\/uploads\/2023\/07\/Trousse_Cuir_Ceinture_Couteau_Laguiole_Pression_Provencal_Noir_00.jpg","width":1033,"height":1033},{"@type":"BreadcrumbList","@id":"https:\/\/laguiole.com\/de\/produit\/laguiole-knife-guerteltasche-schwarz\/#breadcrumb","itemListElement":[{"@type":"ListItem","position":1,"name":"Accueil","item":"https:\/\/laguiole.com\/de\/"},{"@type":"ListItem","position":2,"name":"Shop","item":"https:\/\/laguiole.com\/de\/shop-2\/"},{"@type":"ListItem","position":3,"name":"Laguiole Knife G\u00fcrteltasche Schwarz"}]},{"@type":"WebSite","@id":"https:\/\/laguiole.com\/de\/#website","url":"https:\/\/laguiole.com\/de\/","name":"Laguiole.com","description":"Laguiole - Couteau laguiole, Chateau Laguiole, Laguiole en Aubrac, Forge de Laguiole","publisher":{"@id":"https:\/\/laguiole.com\/de\/#organization"},"potentialAction":[{"@type":"SearchAction","target":{"@type":"EntryPoint","urlTemplate":"https:\/\/laguiole.com\/de\/?s={search_term_string}"},"query-input":{"@type":"PropertyValueSpecification","valueRequired":true,"valueName":"search_term_string"}}],"inLanguage":"de"},{"@type":"Organization","@id":"https:\/\/laguiole.com\/de\/#organization","name":"Laguiole.com","url":"https:\/\/laguiole.com\/de\/","logo":{"@type":"ImageObject","inLanguage":"de","@id":"https:\/\/laguiole.com\/de\/#\/schema\/logo\/image\/","url":"https:\/\/laguiole.com\/wp-content\/uploads\/2021\/02\/logo_laguiole.com-horizontal.jpg","contentUrl":"https:\/\/laguiole.com\/wp-content\/uploads\/2021\/02\/logo_laguiole.com-horizontal.jpg","width":490,"height":156,"caption":"Laguiole.com"},"image":{"@id":"https:\/\/laguiole.com\/de\/#\/schema\/logo\/image\/"},"sameAs":["https:\/\/www.facebook.com\/laguiolecom\/","https:\/\/www.instagram.com\/laguiolecom\/","https:\/\/www.youtube.com\/@laguiolecom\/videos"]}]}},"_links":{"self":[{"href":"https:\/\/laguiole.com\/de\/wp-json\/wp\/v2\/product\/40011","targetHints":{"allow":["GET"]}}],"collection":[{"href":"https:\/\/laguiole.com\/de\/wp-json\/wp\/v2\/product"}],"about":[{"href":"https:\/\/laguiole.com\/de\/wp-json\/wp\/v2\/types\/product"}],"version-history":[{"count":1,"href":"https:\/\/laguiole.com\/de\/wp-json\/wp\/v2\/product\/40011\/revisions"}],"predecessor-version":[{"id":44864,"href":"https:\/\/laguiole.com\/de\/wp-json\/wp\/v2\/product\/40011\/revisions\/44864"}],"wp:featuredmedia":[{"embeddable":true,"href":"https:\/\/laguiole.com\/de\/wp-json\/wp\/v2\/media\/40015"}],"wp:attachment":[{"href":"https:\/\/laguiole.com\/de\/wp-json\/wp\/v2\/media?parent=40011"}],"wp:term":[{"taxonomy":"product_brand","embeddable":true,"href":"https:\/\/laguiole.com\/de\/wp-json\/wp\/v2\/product_brand?post=40011"},{"taxonomy":"product_cat","embeddable":true,"href":"https:\/\/laguiole.com\/de\/wp-json\/wp\/v2\/product_cat?post=40011"},{"taxonomy":"product_tag","embeddable":true,"href":"https:\/\/laguiole.com\/de\/wp-json\/wp\/v2\/product_tag?post=40011"}],"curies":[{"name":"wp","href":"https:\/\/api.w.org\/{rel}","templated":true}]}}