{"id":40003,"date":"2023-07-14T14:21:58","date_gmt":"2023-07-14T12:21:58","guid":{"rendered":"https:\/\/laguiole.com\/produit\/laguiole-provenzalisches-maya-leder-messer-guerteltasche\/"},"modified":"2025-11-05T20:34:36","modified_gmt":"2025-11-05T19:34:36","slug":"laguiole-provenzalisches-maya-leder-messer-guerteltasche","status":"publish","type":"product","link":"https:\/\/laguiole.com\/de\/produit\/laguiole-provenzalisches-maya-leder-messer-guerteltasche\/","title":{"rendered":"Laguiole Provenzalisches Maya-Leder Messer G\u00fcrteltasche"},"content":{"rendered":"<h3 data-start=\"383\" data-end=\"468\"><strong data-start=\"387\" data-end=\"468\">Provenzalisches Modell Etui aus Vollnarbenleder \u2013 Handgefertigt in Frankreich<\/strong><\/h3>\n<p data-start=\"470\" data-end=\"723\">Die Eleganz des franz\u00f6sischen Leders wird mit diesem <strong data-start=\"528\" data-end=\"574\">provenzalischen Modell aus Vollnarbenleder gew\u00fcrdigt<\/strong>.<br data-start=\"575\" data-end=\"578\">Handgefertigt in Frankreich, ist es das Ergebnis von handwerklichem Know-how, das mit Leidenschaft weitergegeben wird. So wird jedes St\u00fcck einzigartig und authentisch. <\/p>\n<p data-start=\"725\" data-end=\"1047\">Ein sehr hochwertiges <strong data-start=\"728\" data-end=\"749\">Vollnarbenleder<\/strong> wird sorgf\u00e4ltig ausgew\u00e4hlt. Seine nat\u00fcrliche Textur, die sowohl geschmeidig als auch widerstandsf\u00e4hig ist, spiegelt die Noblesse des Materials wider. Dar\u00fcber hinaus unterstreichen die <g id=\"gid_1\">sichtbaren N\u00e4hte<\/g> den handwerklichen Charakter des Produkts. Jeder Stich wird mit Pr\u00e4zision ausgef\u00fchrt, um Festigkeit und Haltbarkeit zu gew\u00e4hrleisten.   <\/p>\n<p data-start=\"1049\" data-end=\"1350\">Dank der <strong data-start=\"1061\" data-end=\"1081\">Schnappklappe<\/strong> bleibt der Verschluss zuverl\u00e4ssig und sicher. Dar\u00fcber hinaus bietet die <g id=\"gid_1\">horizontale G\u00fcrtelpassform<\/g> optimalen Komfort und einen schnellen Zugriff auf das Messer. Dieser Koffer wurde entwickelt, um sowohl Besteckliebhaber als auch Liebhaber authentischer Gegenst\u00e4nde zu begleiten.  <\/p>\n<hr data-start=\"1352\" data-end=\"1355\">\n<h3 data-start=\"1357\" data-end=\"1408\"><strong data-start=\"1361\" data-end=\"1408\">Die Vorteile der H\u00fclle aus Vollnarbenleder:<\/strong><\/h3>\n<ul data-start=\"1409\" data-end=\"1834\">\n<li data-start=\"1409\" data-end=\"1497\">\n<p data-start=\"1411\" data-end=\"1497\"><strong data-start=\"1411\" data-end=\"1425\">In erster Linie<\/strong> ein wirksamer Schutz vor St\u00f6\u00dfen, Kratzern und Feuchtigkeit.<\/p>\n<\/li>\n<li data-start=\"1498\" data-end=\"1582\">\n<p data-start=\"1500\" data-end=\"1582\"><strong data-start=\"1500\" data-end=\"1511\">Zweitens<\/strong> die bemerkenswerte Haltbarkeit dank der Qualit\u00e4t des Vollnarbenleders.<\/p>\n<\/li>\n<li data-start=\"1583\" data-end=\"1649\">\n<p data-start=\"1585\" data-end=\"1649\"><strong data-start=\"1585\" data-end=\"1596\">Au\u00dferdem<\/strong> eine bequeme und sichere Passform, die sich ideal f\u00fcr den Alltag eignet.<\/p>\n<\/li>\n<li data-start=\"1650\" data-end=\"1740\">\n<p data-start=\"1652\" data-end=\"1740\"><strong data-start=\"1652\" data-end=\"1661\">Endlich<\/strong> ein franz\u00f6sisches handwerkliches Finish, das ein elegantes und langlebiges Aussehen garantiert.<\/p>\n<\/li>\n<li data-start=\"1741\" data-end=\"1834\">\n<p data-start=\"1743\" data-end=\"1834\"><strong data-start=\"1743\" data-end=\"1760\">Mit der Zeit<\/strong> bildet sich eine nat\u00fcrliche Patina, die jedes Geh\u00e4use noch einzigartiger macht.<\/p>\n<\/li>\n<\/ul>\n<hr data-start=\"1836\" data-end=\"1839\">\n<p data-start=\"1841\" data-end=\"2101\">Dieser Koffer ist f\u00fcr Messer mit einer Klingenl\u00e4nge von bis zu <strong data-start=\"386\" data-end=\"395\">13 cm<\/strong> ausgelegt. Diese Gr\u00f6\u00dfe bietet eine ideale Kompatibilit\u00e4t mit den meisten handgefertigten Besteck-Klappmessern. Dank seines durchdachten Formats h\u00e4lt das provenzalische Modell das Messer perfekt an Ort und Stelle und gew\u00e4hrleistet gleichzeitig einen optimalen Schutz.  <\/p>\n<p data-start=\"1841\" data-end=\"2101\">Wenn Sie sich f\u00fcr eine H\u00fclle aus Vollnarbenleder entscheiden, entscheiden Sie sich vor allem f\u00fcr Exzellenz.<br data-start=\"1917\" data-end=\"1920\">Ihr Messer ist somit gesch\u00fctzt, gesch\u00e4tzt und bereit, Sie \u00fcberall hin zu begleiten.<br data-start=\"1997\" data-end=\"2000\">Jedes Exemplar wird mit Sorgfalt und unter Ber\u00fccksichtigung der franz\u00f6sischen Traditionen und Qualit\u00e4t hergestellt.<\/p>\n","protected":false},"excerpt":{"rendered":"<p>Provenzalisches Lederetui f\u00fcr Laguiole<br \/>\nMesserverschluss: 1 Druckknopf<br \/>\nAnti-Kratz-Einsatz auf dem Druckknopf Innenbreite<br \/>\nAktentasche: 15 cm<br \/>\nMaya<br \/>\nColor Made in France (AVEYRON)<br \/>\nVollnarbiges<br \/>\nRindsleder Geeignet f\u00fcr Laguiole Messer und Sommeliers bis zu 13 cm<br \/>\nG\u00fcrtelschlaufe, horizontale Passform<\/p>\n","protected":false},"featured_media":40004,"template":"","meta":{"_acf_changed":false,"_monsterinsights_skip_tracking":false,"_monsterinsights_sitenote_active":false,"_monsterinsights_sitenote_note":"","_monsterinsights_sitenote_category":0},"product_brand":[],"product_cat":[5952],"product_tag":[],"class_list":{"0":"post-40003","1":"product","2":"type-product","3":"status-publish","4":"has-post-thumbnail","6":"product_cat-messerfutteral","7":"pa_etuis-cuir-pour-10-cm","8":"pa_etuis-cuir-pour-11-12-cm","9":"pa_etuis-cuir-pour-13-14-cm","10":"pa_etuis-cuir-pour-laguiole-2","11":"pa_etuis-cuir-pour-kellnermesser","12":"pa_marque-max-capdebarthes","13":"tm-no-options","16":"instock","17":"taxable","18":"shipping-taxable","19":"purchasable","20":"product-type-simple"},"supplier_id":null,"supplier_sku":"","barcode":null,"atum_controlled":true,"out_stock_date":null,"out_stock_threshold":null,"inheritable":false,"inbound_stock":0,"stock_on_hold":0,"sold_today":0,"sales_last_days":0,"reserved_stock":0,"customer_returns":0,"warehouse_damage":0,"lost_in_post":0,"other_logs":0,"out_stock_days":0,"lost_sales":0,"has_location":false,"update_date":"2026-05-10T00:54:38","atum_locations":[],"atum_stock_status":"instock","restock_status":false,"low_stock_amount":"","sales_update_date":"2026-05-10T00:54:37","calc_backorders":0,"acf":[],"yoast_head":"<!-- This site is optimized with the Yoast SEO plugin v27.3 - https:\/\/yoast.com\/product\/yoast-seo-wordpress\/ -->\n<title>Provenzalisches Modell Etui aus Vollnarbenleder \u2013 Made in France<\/title>\n<meta name=\"description\" content=\"Etui aus Vollnarbenleder, handgefertigt in Frankreich. Provenzalisches Modell, horizontaler G\u00fcrtel, sichtbare N\u00e4hte, Eleganz und handwerkliche Robustheit.\" \/>\n<meta name=\"robots\" content=\"index, follow, max-snippet:-1, max-image-preview:large, max-video-preview:-1\" \/>\n<link rel=\"canonical\" href=\"https:\/\/laguiole.com\/de\/produit\/laguiole-provenzalisches-maya-leder-messer-guerteltasche\/\" \/>\n<meta property=\"og:locale\" content=\"de_DE\" \/>\n<meta property=\"og:type\" content=\"article\" \/>\n<meta property=\"og:title\" content=\"Provenzalisches Modell Etui aus Vollnarbenleder \u2013 Made in France\" \/>\n<meta property=\"og:description\" content=\"Etui aus Vollnarbenleder, handgefertigt in Frankreich. Provenzalisches Modell, horizontaler G\u00fcrtel, sichtbare N\u00e4hte, Eleganz und handwerkliche Robustheit.\" \/>\n<meta property=\"og:url\" content=\"https:\/\/laguiole.com\/de\/produit\/laguiole-provenzalisches-maya-leder-messer-guerteltasche\/\" \/>\n<meta property=\"og:site_name\" content=\"Laguiole.com \u00ae\" \/>\n<meta property=\"article:publisher\" content=\"https:\/\/www.facebook.com\/laguiolecom\/\" \/>\n<meta property=\"article:modified_time\" content=\"2025-11-05T19:34:36+00:00\" \/>\n<meta property=\"og:image\" content=\"https:\/\/laguiole.com\/wp-content\/uploads\/2023\/07\/Trousse_Cuir_Ceinture_Couteau_Laguiole_Pression_Provencal_Maya_00.jpg\" \/>\n\t<meta property=\"og:image:width\" content=\"1033\" \/>\n\t<meta property=\"og:image:height\" content=\"1033\" \/>\n\t<meta property=\"og:image:type\" content=\"image\/jpeg\" \/>\n<meta name=\"twitter:card\" content=\"summary_large_image\" \/>\n<meta name=\"twitter:label1\" content=\"Gesch\u00e4tzte Lesezeit\" \/>\n\t<meta name=\"twitter:data1\" content=\"2\u00a0Minute\" \/>\n<script type=\"application\/ld+json\" class=\"yoast-schema-graph\">{\"@context\":\"https:\\\/\\\/schema.org\",\"@graph\":[{\"@type\":\"WebPage\",\"@id\":\"https:\\\/\\\/laguiole.com\\\/de\\\/produit\\\/laguiole-provenzalisches-maya-leder-messer-guerteltasche\\\/\",\"url\":\"https:\\\/\\\/laguiole.com\\\/de\\\/produit\\\/laguiole-provenzalisches-maya-leder-messer-guerteltasche\\\/\",\"name\":\"Provenzalisches Modell Etui aus Vollnarbenleder \u2013 Made in France\",\"isPartOf\":{\"@id\":\"https:\\\/\\\/laguiole.com\\\/de\\\/#website\"},\"primaryImageOfPage\":{\"@id\":\"https:\\\/\\\/laguiole.com\\\/de\\\/produit\\\/laguiole-provenzalisches-maya-leder-messer-guerteltasche\\\/#primaryimage\"},\"image\":{\"@id\":\"https:\\\/\\\/laguiole.com\\\/de\\\/produit\\\/laguiole-provenzalisches-maya-leder-messer-guerteltasche\\\/#primaryimage\"},\"thumbnailUrl\":\"https:\\\/\\\/laguiole.com\\\/wp-content\\\/uploads\\\/2023\\\/07\\\/Trousse_Cuir_Ceinture_Couteau_Laguiole_Pression_Provencal_Maya_00.jpg\",\"datePublished\":\"2023-07-14T12:21:58+00:00\",\"dateModified\":\"2025-11-05T19:34:36+00:00\",\"description\":\"Etui aus Vollnarbenleder, handgefertigt in Frankreich. Provenzalisches Modell, horizontaler G\u00fcrtel, sichtbare N\u00e4hte, Eleganz und handwerkliche Robustheit.\",\"breadcrumb\":{\"@id\":\"https:\\\/\\\/laguiole.com\\\/de\\\/produit\\\/laguiole-provenzalisches-maya-leder-messer-guerteltasche\\\/#breadcrumb\"},\"inLanguage\":\"de\",\"potentialAction\":[{\"@type\":\"ReadAction\",\"target\":[\"https:\\\/\\\/laguiole.com\\\/de\\\/produit\\\/laguiole-provenzalisches-maya-leder-messer-guerteltasche\\\/\"]}]},{\"@type\":\"ImageObject\",\"inLanguage\":\"de\",\"@id\":\"https:\\\/\\\/laguiole.com\\\/de\\\/produit\\\/laguiole-provenzalisches-maya-leder-messer-guerteltasche\\\/#primaryimage\",\"url\":\"https:\\\/\\\/laguiole.com\\\/wp-content\\\/uploads\\\/2023\\\/07\\\/Trousse_Cuir_Ceinture_Couteau_Laguiole_Pression_Provencal_Maya_00.jpg\",\"contentUrl\":\"https:\\\/\\\/laguiole.com\\\/wp-content\\\/uploads\\\/2023\\\/07\\\/Trousse_Cuir_Ceinture_Couteau_Laguiole_Pression_Provencal_Maya_00.jpg\",\"width\":1033,\"height\":1033},{\"@type\":\"BreadcrumbList\",\"@id\":\"https:\\\/\\\/laguiole.com\\\/de\\\/produit\\\/laguiole-provenzalisches-maya-leder-messer-guerteltasche\\\/#breadcrumb\",\"itemListElement\":[{\"@type\":\"ListItem\",\"position\":1,\"name\":\"Accueil\",\"item\":\"https:\\\/\\\/laguiole.com\\\/de\\\/\"},{\"@type\":\"ListItem\",\"position\":2,\"name\":\"Shop\",\"item\":\"https:\\\/\\\/laguiole.com\\\/de\\\/shop-2\\\/\"},{\"@type\":\"ListItem\",\"position\":3,\"name\":\"Laguiole Provenzalisches Maya-Leder Messer G\u00fcrteltasche\"}]},{\"@type\":\"WebSite\",\"@id\":\"https:\\\/\\\/laguiole.com\\\/de\\\/#website\",\"url\":\"https:\\\/\\\/laguiole.com\\\/de\\\/\",\"name\":\"Laguiole.com\",\"description\":\"Laguiole - Couteau laguiole, Chateau Laguiole, Laguiole en Aubrac, Forge de Laguiole\",\"publisher\":{\"@id\":\"https:\\\/\\\/laguiole.com\\\/de\\\/#organization\"},\"potentialAction\":[{\"@type\":\"SearchAction\",\"target\":{\"@type\":\"EntryPoint\",\"urlTemplate\":\"https:\\\/\\\/laguiole.com\\\/de\\\/?s={search_term_string}\"},\"query-input\":{\"@type\":\"PropertyValueSpecification\",\"valueRequired\":true,\"valueName\":\"search_term_string\"}}],\"inLanguage\":\"de\"},{\"@type\":\"Organization\",\"@id\":\"https:\\\/\\\/laguiole.com\\\/de\\\/#organization\",\"name\":\"Laguiole.com\",\"url\":\"https:\\\/\\\/laguiole.com\\\/de\\\/\",\"logo\":{\"@type\":\"ImageObject\",\"inLanguage\":\"de\",\"@id\":\"https:\\\/\\\/laguiole.com\\\/de\\\/#\\\/schema\\\/logo\\\/image\\\/\",\"url\":\"https:\\\/\\\/laguiole.com\\\/wp-content\\\/uploads\\\/2021\\\/02\\\/logo_laguiole.com-horizontal.jpg\",\"contentUrl\":\"https:\\\/\\\/laguiole.com\\\/wp-content\\\/uploads\\\/2021\\\/02\\\/logo_laguiole.com-horizontal.jpg\",\"width\":490,\"height\":156,\"caption\":\"Laguiole.com\"},\"image\":{\"@id\":\"https:\\\/\\\/laguiole.com\\\/de\\\/#\\\/schema\\\/logo\\\/image\\\/\"},\"sameAs\":[\"https:\\\/\\\/www.facebook.com\\\/laguiolecom\\\/\",\"https:\\\/\\\/www.instagram.com\\\/laguiolecom\\\/\",\"https:\\\/\\\/www.youtube.com\\\/@laguiolecom\\\/videos\"]}]}<\/script>\n<!-- \/ Yoast SEO plugin. -->","yoast_head_json":{"title":"Provenzalisches Modell Etui aus Vollnarbenleder \u2013 Made in France","description":"Etui aus Vollnarbenleder, handgefertigt in Frankreich. Provenzalisches Modell, horizontaler G\u00fcrtel, sichtbare N\u00e4hte, Eleganz und handwerkliche Robustheit.","robots":{"index":"index","follow":"follow","max-snippet":"max-snippet:-1","max-image-preview":"max-image-preview:large","max-video-preview":"max-video-preview:-1"},"canonical":"https:\/\/laguiole.com\/de\/produit\/laguiole-provenzalisches-maya-leder-messer-guerteltasche\/","og_locale":"de_DE","og_type":"article","og_title":"Provenzalisches Modell Etui aus Vollnarbenleder \u2013 Made in France","og_description":"Etui aus Vollnarbenleder, handgefertigt in Frankreich. Provenzalisches Modell, horizontaler G\u00fcrtel, sichtbare N\u00e4hte, Eleganz und handwerkliche Robustheit.","og_url":"https:\/\/laguiole.com\/de\/produit\/laguiole-provenzalisches-maya-leder-messer-guerteltasche\/","og_site_name":"Laguiole.com \u00ae","article_publisher":"https:\/\/www.facebook.com\/laguiolecom\/","article_modified_time":"2025-11-05T19:34:36+00:00","og_image":[{"width":1033,"height":1033,"url":"https:\/\/laguiole.com\/wp-content\/uploads\/2023\/07\/Trousse_Cuir_Ceinture_Couteau_Laguiole_Pression_Provencal_Maya_00.jpg","type":"image\/jpeg"}],"twitter_card":"summary_large_image","twitter_misc":{"Gesch\u00e4tzte Lesezeit":"2\u00a0Minute"},"schema":{"@context":"https:\/\/schema.org","@graph":[{"@type":"WebPage","@id":"https:\/\/laguiole.com\/de\/produit\/laguiole-provenzalisches-maya-leder-messer-guerteltasche\/","url":"https:\/\/laguiole.com\/de\/produit\/laguiole-provenzalisches-maya-leder-messer-guerteltasche\/","name":"Provenzalisches Modell Etui aus Vollnarbenleder \u2013 Made in France","isPartOf":{"@id":"https:\/\/laguiole.com\/de\/#website"},"primaryImageOfPage":{"@id":"https:\/\/laguiole.com\/de\/produit\/laguiole-provenzalisches-maya-leder-messer-guerteltasche\/#primaryimage"},"image":{"@id":"https:\/\/laguiole.com\/de\/produit\/laguiole-provenzalisches-maya-leder-messer-guerteltasche\/#primaryimage"},"thumbnailUrl":"https:\/\/laguiole.com\/wp-content\/uploads\/2023\/07\/Trousse_Cuir_Ceinture_Couteau_Laguiole_Pression_Provencal_Maya_00.jpg","datePublished":"2023-07-14T12:21:58+00:00","dateModified":"2025-11-05T19:34:36+00:00","description":"Etui aus Vollnarbenleder, handgefertigt in Frankreich. Provenzalisches Modell, horizontaler G\u00fcrtel, sichtbare N\u00e4hte, Eleganz und handwerkliche Robustheit.","breadcrumb":{"@id":"https:\/\/laguiole.com\/de\/produit\/laguiole-provenzalisches-maya-leder-messer-guerteltasche\/#breadcrumb"},"inLanguage":"de","potentialAction":[{"@type":"ReadAction","target":["https:\/\/laguiole.com\/de\/produit\/laguiole-provenzalisches-maya-leder-messer-guerteltasche\/"]}]},{"@type":"ImageObject","inLanguage":"de","@id":"https:\/\/laguiole.com\/de\/produit\/laguiole-provenzalisches-maya-leder-messer-guerteltasche\/#primaryimage","url":"https:\/\/laguiole.com\/wp-content\/uploads\/2023\/07\/Trousse_Cuir_Ceinture_Couteau_Laguiole_Pression_Provencal_Maya_00.jpg","contentUrl":"https:\/\/laguiole.com\/wp-content\/uploads\/2023\/07\/Trousse_Cuir_Ceinture_Couteau_Laguiole_Pression_Provencal_Maya_00.jpg","width":1033,"height":1033},{"@type":"BreadcrumbList","@id":"https:\/\/laguiole.com\/de\/produit\/laguiole-provenzalisches-maya-leder-messer-guerteltasche\/#breadcrumb","itemListElement":[{"@type":"ListItem","position":1,"name":"Accueil","item":"https:\/\/laguiole.com\/de\/"},{"@type":"ListItem","position":2,"name":"Shop","item":"https:\/\/laguiole.com\/de\/shop-2\/"},{"@type":"ListItem","position":3,"name":"Laguiole Provenzalisches Maya-Leder Messer G\u00fcrteltasche"}]},{"@type":"WebSite","@id":"https:\/\/laguiole.com\/de\/#website","url":"https:\/\/laguiole.com\/de\/","name":"Laguiole.com","description":"Laguiole - Couteau laguiole, Chateau Laguiole, Laguiole en Aubrac, Forge de Laguiole","publisher":{"@id":"https:\/\/laguiole.com\/de\/#organization"},"potentialAction":[{"@type":"SearchAction","target":{"@type":"EntryPoint","urlTemplate":"https:\/\/laguiole.com\/de\/?s={search_term_string}"},"query-input":{"@type":"PropertyValueSpecification","valueRequired":true,"valueName":"search_term_string"}}],"inLanguage":"de"},{"@type":"Organization","@id":"https:\/\/laguiole.com\/de\/#organization","name":"Laguiole.com","url":"https:\/\/laguiole.com\/de\/","logo":{"@type":"ImageObject","inLanguage":"de","@id":"https:\/\/laguiole.com\/de\/#\/schema\/logo\/image\/","url":"https:\/\/laguiole.com\/wp-content\/uploads\/2021\/02\/logo_laguiole.com-horizontal.jpg","contentUrl":"https:\/\/laguiole.com\/wp-content\/uploads\/2021\/02\/logo_laguiole.com-horizontal.jpg","width":490,"height":156,"caption":"Laguiole.com"},"image":{"@id":"https:\/\/laguiole.com\/de\/#\/schema\/logo\/image\/"},"sameAs":["https:\/\/www.facebook.com\/laguiolecom\/","https:\/\/www.instagram.com\/laguiolecom\/","https:\/\/www.youtube.com\/@laguiolecom\/videos"]}]}},"_links":{"self":[{"href":"https:\/\/laguiole.com\/de\/wp-json\/wp\/v2\/product\/40003","targetHints":{"allow":["GET"]}}],"collection":[{"href":"https:\/\/laguiole.com\/de\/wp-json\/wp\/v2\/product"}],"about":[{"href":"https:\/\/laguiole.com\/de\/wp-json\/wp\/v2\/types\/product"}],"version-history":[{"count":1,"href":"https:\/\/laguiole.com\/de\/wp-json\/wp\/v2\/product\/40003\/revisions"}],"predecessor-version":[{"id":44862,"href":"https:\/\/laguiole.com\/de\/wp-json\/wp\/v2\/product\/40003\/revisions\/44862"}],"wp:featuredmedia":[{"embeddable":true,"href":"https:\/\/laguiole.com\/de\/wp-json\/wp\/v2\/media\/40004"}],"wp:attachment":[{"href":"https:\/\/laguiole.com\/de\/wp-json\/wp\/v2\/media?parent=40003"}],"wp:term":[{"taxonomy":"product_brand","embeddable":true,"href":"https:\/\/laguiole.com\/de\/wp-json\/wp\/v2\/product_brand?post=40003"},{"taxonomy":"product_cat","embeddable":true,"href":"https:\/\/laguiole.com\/de\/wp-json\/wp\/v2\/product_cat?post=40003"},{"taxonomy":"product_tag","embeddable":true,"href":"https:\/\/laguiole.com\/de\/wp-json\/wp\/v2\/product_tag?post=40003"}],"curies":[{"name":"wp","href":"https:\/\/api.w.org\/{rel}","templated":true}]}}