{"id":39976,"date":"2023-07-17T13:52:27","date_gmt":"2023-07-17T11:52:27","guid":{"rendered":"https:\/\/laguiole.com\/produit\/le-coq-francais-aubrac-tafelmesser-aus-violettem-holz-6er-set\/"},"modified":"2026-02-19T22:22:39","modified_gmt":"2026-02-19T21:22:39","slug":"le-coq-francais-aubrac-tafelmesser-aus-violettem-holz-6er-set","status":"publish","type":"product","link":"https:\/\/laguiole.com\/de\/produit\/le-coq-francais-aubrac-tafelmesser-aus-violettem-holz-6er-set\/","title":{"rendered":"Le Coq Fran\u00e7ais AUBRAC Tafelmesser aus violettem Holz (6er-Set)"},"content":{"rendered":"<hr data-start=\"106\" data-end=\"109\">\n<h2 data-start=\"111\" data-end=\"167\">\ud83d\udc02 Set von 6 Le Coq Fran\u00e7ais Messern \u2013 AUBRAC COW<\/h2>\n<h3 data-start=\"168\" data-end=\"225\">Eine Kollektion, die von der Authentizit\u00e4t des Terroirs inspiriert ist<\/h3>\n<p data-start=\"227\" data-end=\"458\">Mit dem <strong data-start=\"239\" data-end=\"255\">AUBRAC COVE-Set<\/strong> zollt Le Coq Fran\u00e7ais einer der emblematischsten Rinderrassen Frankreichs Tribut. Als Symbol f\u00fcr Charakter, Tradition und weite offene Fl\u00e4chen verk\u00f6rpert die Aubrac-Kuh die Seele der vulkanischen Plateaus. <\/p>\n<p data-start=\"460\" data-end=\"562\">Mit dieser Kollektion feiert die Marke elegante l\u00e4ndliche Natur und das franz\u00f6sische landwirtschaftliche Erbe.<\/p>\n<p data-start=\"564\" data-end=\"585\">Das Set enth\u00e4lt:<\/p>\n<p data-start=\"587\" data-end=\"699\">\ud83d\udc02 <strong data-start=\"590\" data-end=\"617\">6 Aubrac-Kuhmesser<\/strong>, sublimiert durch einen feinen und detaillierten Siebdruck, der diese ikonische Rasse darstellt.<\/p>\n<hr data-start=\"701\" data-end=\"704\">\n<h2 data-start=\"706\" data-end=\"749\">\ud83d\udd2a Ein edles und markantes Design<\/h2>\n<h3 data-start=\"750\" data-end=\"791\">\ud83d\udc9c Die Veredelung von Veilchenholz<\/h3>\n<p data-start=\"793\" data-end=\"901\">Jedes Messer hat einen <strong data-start=\"822\" data-end=\"858\">vollst\u00e4ndigen Griff aus violettem Holz<\/strong>, einer seltenen und wertvollen Art, die bekannt ist f\u00fcr:<\/p>\n<ul data-start=\"903\" data-end=\"1013\">\n<li data-start=\"903\" data-end=\"947\">\n<p data-start=\"905\" data-end=\"947\">Sein tiefer Farbton mit violetten T\u00f6nen<\/p>\n<\/li>\n<li data-start=\"948\" data-end=\"981\">\n<p data-start=\"950\" data-end=\"981\">Seine verfeinerte und einzigartige Adern<\/p>\n<\/li>\n<li data-start=\"982\" data-end=\"1013\">\n<p data-start=\"984\" data-end=\"1013\">Seine Dichte und Robustheit<\/p>\n<\/li>\n<\/ul>\n<p data-start=\"1015\" data-end=\"1093\">Jeder Griff zeigt nat\u00fcrliche Variationen, was jedes Messer einzigartig macht.<\/p>\n<ul data-start=\"1095\" data-end=\"1340\">\n<li data-start=\"1095\" data-end=\"1175\">\n<p data-start=\"1097\" data-end=\"1175\"><strong data-start=\"1097\" data-end=\"1106\">R\u00fcckseite<\/strong> : nat\u00fcrliches Holz, das die gesamte Edelheit des Materials offenbart<\/p>\n<\/li>\n<li data-start=\"1176\" data-end=\"1248\">\n<p data-start=\"1178\" data-end=\"1248\"><strong data-start=\"1178\" data-end=\"1187\">Vorderseite<\/strong> : lasergravierter Siebdruck, der die Aubrac-Kuh darstellt<\/p>\n<\/li>\n<li data-start=\"1249\" data-end=\"1340\">\n<p data-start=\"1251\" data-end=\"1340\"><strong data-start=\"1251\" data-end=\"1263\">Verarbeitung<\/strong> : Polierter und gesch\u00fctzter Griff f\u00fcr eine weiche Ber\u00fchrung und exzellente Haltbarkeit<\/p>\n<\/li>\n<\/ul>\n<p data-start=\"1342\" data-end=\"1393\">Die perfekte Balance zwischen Eleganz und Authentizit\u00e4t.<\/p>\n<hr data-start=\"1395\" data-end=\"1398\">\n<h2 data-start=\"1400\" data-end=\"1437\">\u2699\ufe0f Eine leistungsstarke und langlebige Klinge<\/h2>\n<p data-start=\"1439\" data-end=\"1521\">Die Messer sind mit einer <strong data-start=\"1471\" data-end=\"1500\">Z40C13-Edelstahlklinge<\/strong> ausgestattet, die ausgew\u00e4hlt wurde f\u00fcr:<\/p>\n<ul data-start=\"1523\" data-end=\"1657\">\n<li data-start=\"1523\" data-end=\"1553\">\n<p data-start=\"1525\" data-end=\"1553\">Ein sauberer und pr\u00e4ziser Schnitt<\/p>\n<\/li>\n<li data-start=\"1554\" data-end=\"1598\">\n<p data-start=\"1556\" data-end=\"1598\">Ausgezeichnete Korrosionsbest\u00e4ndigkeit<\/p>\n<\/li>\n<li data-start=\"1599\" data-end=\"1623\">\n<p data-start=\"1601\" data-end=\"1623\">Lange Einsatzzeit<\/p>\n<\/li>\n<li data-start=\"1624\" data-end=\"1657\">\n<p data-start=\"1626\" data-end=\"1657\">Elegante Satinoberfl\u00e4che<\/p>\n<\/li>\n<\/ul>\n<p data-start=\"1659\" data-end=\"1710\">Eine ideale Kombination aus Technik und \u00c4sthetik.<\/p>\n<hr data-start=\"1712\" data-end=\"1715\">\n<h2 data-start=\"1717\" data-end=\"1763\">\ud83d\udcd0 Abmessungen &amp; technische Eigenschaften<\/h2>\n<ul data-start=\"1765\" data-end=\"1890\">\n<li data-start=\"1765\" data-end=\"1795\">\n<p data-start=\"1767\" data-end=\"1795\">Griffl\u00e4nge: 12 cm<\/p>\n<\/li>\n<li data-start=\"1796\" data-end=\"1827\">\n<p data-start=\"1798\" data-end=\"1827\">Klingenl\u00e4nge: 12 cm<\/p>\n<\/li>\n<li data-start=\"1828\" data-end=\"1855\">\n<p data-start=\"1830\" data-end=\"1855\">Gesamtl\u00e4nge: 24 cm<\/p>\n<\/li>\n<li data-start=\"1856\" data-end=\"1890\">\n<p data-start=\"1858\" data-end=\"1890\">St\u00fcckgewicht: ca. 100 g<\/p>\n<\/li>\n<\/ul>\n<p data-start=\"1892\" data-end=\"1999\">Diese Proportionen sorgen f\u00fcr <strong data-start=\"1921\" data-end=\"1950\">einen bequemen Griff<\/strong>, perfekte Balance und optimale Stabilit\u00e4t.<\/p>\n<p data-start=\"2001\" data-end=\"2134\">Die Messer k\u00f6nnen <strong data-start=\"2035\" data-end=\"2071\">flach pr\u00e4sentiert oder an der Kante platziert<\/strong> werden, um eine originelle und elegante Inszenierung auf Ihrem Tisch zu gew\u00e4hrleisten.<\/p>\n<hr data-start=\"2136\" data-end=\"2139\">\n<h2 data-start=\"2141\" data-end=\"2184\">\ud83c\udf81 Eine elegante und anpassbare Box<\/h2>\n<p data-start=\"2186\" data-end=\"2298\">Die 6 Messer werden in einer <strong data-start=\"2224\" data-end=\"2243\">raffinierten Schachtel<\/strong> pr\u00e4sentiert, ideal zum Anbieten oder Aufwerten Ihres Geschirrs.<\/p>\n<p data-start=\"2300\" data-end=\"2409\"><strong data-start=\"2304\" data-end=\"2341\">Eine personalisierte Gravur auf der Klinge<\/strong> ist m\u00f6glich, wodurch dieses Set zu einem einzigartigen und unvergesslichen Geschenk wird.<\/p>\n<hr data-start=\"2411\" data-end=\"2414\">\n<h2 data-start=\"2416\" data-end=\"2452\">\ud83c\uddeb\ud83c\uddf7 Die Exzellenz von Le Coq Fran\u00e7ais<\/h2>\n<p data-start=\"2454\" data-end=\"2672\">In Frankreich hergestellt, zeigt diese Box ein anspruchsvolles Besteck-Know-how.<br data-start=\"2529\" data-end=\"2532\">Zwischen landwirtschaftlicher Tradition, Materialedel und handwerklicher Pr\u00e4zision verk\u00f6rpert dieses Set die Authentizit\u00e4t und den Charakter des franz\u00f6sischen Terroirs.<\/p>\n<hr data-start=\"2674\" data-end=\"2677\">\n<h3 data-start=\"2679\" data-end=\"2731\">Set von 6 Le Coq Fran\u00e7ais Messern \u2013 AUBRAC COW<\/h3>\n<p data-start=\"2733\" data-end=\"2895\">Eine kraftvolle und elegante Hommage an die Aubrac-Kuh, sublimiert von der Tiefe des violetten Holzes.<br data-start=\"2829\" data-end=\"2832\">Eine Box mit Charakter, die deinem Tisch Erleichterung verschafft. \ud83d\udc02\ud83d\udc9c <\/p>\n","protected":false},"excerpt":{"rendered":"<p>Set von 6 Le Coq Fran\u00e7ais Serigraphed Cows of Aubrac<br \/>\nKnives Full Handles aus violettem Holz auf der R\u00fcckseite, manuell mit Bienenwachs poliert.<br \/>\nZ40 C13 Edelstahlklingen, Satin-Finish.<br \/>\nSchwarze Lasergravuren auf dem Edelstahlgriff vorne<br \/>\nGriffl\u00e4nge: 12 cm<br \/>\nKlingenl\u00e4nge: 12 cm<br \/>\nGesamtl\u00e4nge des Messers: 24 cm<br \/>\nEinheitsgewicht: 100 gr Gesamtgewicht Boxgr\u00f6\u00dfe<br \/>\n: 900 gr<\/p>\n<p>Die 6 Messer werden in einer verfeinerten Kiste in den Farben Frankreichs geliefert.<br \/>\nSie sind durch eine KOSTENLOSE Gravur auf der Klinge anpassbar.<\/p>\n","protected":false},"featured_media":39987,"template":"","meta":{"_acf_changed":false,"_monsterinsights_skip_tracking":false,"_monsterinsights_sitenote_active":false,"_monsterinsights_sitenote_note":"","_monsterinsights_sitenote_category":0},"product_brand":[],"product_cat":[5946,5956],"product_tag":[],"class_list":{"0":"post-39976","1":"product","2":"type-product","3":"status-publish","4":"has-post-thumbnail","6":"product_cat-le-coq-francais-klappmesser","7":"product_cat-messer-tafelgeschirr","8":"pa_conditionnement-6-teiliges-set","9":"pa_finition-gebuerstet","10":"pa_manche-en-bois-violettholz","11":"pa_marque-le-coq-francais","12":"tm-has-options","15":"instock","16":"taxable","17":"shipping-taxable","18":"purchasable","19":"product-type-simple"},"supplier_id":null,"supplier_sku":"","barcode":null,"atum_controlled":true,"out_stock_date":null,"out_stock_threshold":null,"inheritable":false,"inbound_stock":0,"stock_on_hold":0,"sold_today":0,"sales_last_days":0,"reserved_stock":0,"customer_returns":0,"warehouse_damage":0,"lost_in_post":0,"other_logs":0,"out_stock_days":0,"lost_sales":0,"has_location":false,"update_date":"2026-04-28T00:38:04","atum_locations":[],"atum_stock_status":"instock","restock_status":false,"low_stock_amount":"","sales_update_date":"2026-04-28T00:38:04","calc_backorders":0,"acf":[],"yoast_head":"<!-- This site is optimized with the Yoast SEO plugin v27.3 - https:\/\/yoast.com\/product\/yoast-seo-wordpress\/ -->\n<title>Set mit 6 Aubrac Kuhtischmessern | Der franz\u00f6sische Hahn<\/title>\n<meta name=\"description\" content=\"Set aus 6 Aubrac Kuhtischmessern aus violettem Holz. Hergestellt in Frankreich. Eine authentische Hommage an das Terroir. Anpassbarkeit durch Lasergravur\" \/>\n<meta name=\"robots\" content=\"index, follow, max-snippet:-1, max-image-preview:large, max-video-preview:-1\" \/>\n<link rel=\"canonical\" href=\"https:\/\/laguiole.com\/de\/produit\/le-coq-francais-aubrac-tafelmesser-aus-violettem-holz-6er-set\/\" \/>\n<meta property=\"og:locale\" content=\"de_DE\" \/>\n<meta property=\"og:type\" content=\"article\" \/>\n<meta property=\"og:title\" content=\"Set mit 6 Aubrac Kuhtischmessern | Der franz\u00f6sische Hahn\" \/>\n<meta property=\"og:description\" content=\"Set aus 6 Aubrac Kuhtischmessern aus violettem Holz. Hergestellt in Frankreich. Eine authentische Hommage an das Terroir. Anpassbarkeit durch Lasergravur\" \/>\n<meta property=\"og:url\" content=\"https:\/\/laguiole.com\/de\/produit\/le-coq-francais-aubrac-tafelmesser-aus-violettem-holz-6er-set\/\" \/>\n<meta property=\"og:site_name\" content=\"Laguiole.com \u00ae\" \/>\n<meta property=\"article:publisher\" content=\"https:\/\/www.facebook.com\/laguiolecom\/\" \/>\n<meta property=\"article:modified_time\" content=\"2026-02-19T21:22:39+00:00\" \/>\n<meta property=\"og:image\" content=\"https:\/\/laguiole.com\/wp-content\/uploads\/2023\/07\/couteaux_table_le_coq_francais_aubrac_00.jpg\" \/>\n\t<meta property=\"og:image:width\" content=\"1033\" \/>\n\t<meta property=\"og:image:height\" content=\"1033\" \/>\n\t<meta property=\"og:image:type\" content=\"image\/jpeg\" \/>\n<meta name=\"twitter:card\" content=\"summary_large_image\" \/>\n<meta name=\"twitter:label1\" content=\"Gesch\u00e4tzte Lesezeit\" \/>\n\t<meta name=\"twitter:data1\" content=\"2\u00a0Minute\" \/>\n<script type=\"application\/ld+json\" class=\"yoast-schema-graph\">{\"@context\":\"https:\\\/\\\/schema.org\",\"@graph\":[{\"@type\":\"WebPage\",\"@id\":\"https:\\\/\\\/laguiole.com\\\/de\\\/produit\\\/le-coq-francais-aubrac-tafelmesser-aus-violettem-holz-6er-set\\\/\",\"url\":\"https:\\\/\\\/laguiole.com\\\/de\\\/produit\\\/le-coq-francais-aubrac-tafelmesser-aus-violettem-holz-6er-set\\\/\",\"name\":\"Set mit 6 Aubrac Kuhtischmessern | Der franz\u00f6sische Hahn\",\"isPartOf\":{\"@id\":\"https:\\\/\\\/laguiole.com\\\/de\\\/#website\"},\"primaryImageOfPage\":{\"@id\":\"https:\\\/\\\/laguiole.com\\\/de\\\/produit\\\/le-coq-francais-aubrac-tafelmesser-aus-violettem-holz-6er-set\\\/#primaryimage\"},\"image\":{\"@id\":\"https:\\\/\\\/laguiole.com\\\/de\\\/produit\\\/le-coq-francais-aubrac-tafelmesser-aus-violettem-holz-6er-set\\\/#primaryimage\"},\"thumbnailUrl\":\"https:\\\/\\\/laguiole.com\\\/wp-content\\\/uploads\\\/2023\\\/07\\\/couteaux_table_le_coq_francais_aubrac_00.jpg\",\"datePublished\":\"2023-07-17T11:52:27+00:00\",\"dateModified\":\"2026-02-19T21:22:39+00:00\",\"description\":\"Set aus 6 Aubrac Kuhtischmessern aus violettem Holz. Hergestellt in Frankreich. Eine authentische Hommage an das Terroir. Anpassbarkeit durch Lasergravur\",\"breadcrumb\":{\"@id\":\"https:\\\/\\\/laguiole.com\\\/de\\\/produit\\\/le-coq-francais-aubrac-tafelmesser-aus-violettem-holz-6er-set\\\/#breadcrumb\"},\"inLanguage\":\"de\",\"potentialAction\":[{\"@type\":\"ReadAction\",\"target\":[\"https:\\\/\\\/laguiole.com\\\/de\\\/produit\\\/le-coq-francais-aubrac-tafelmesser-aus-violettem-holz-6er-set\\\/\"]}]},{\"@type\":\"ImageObject\",\"inLanguage\":\"de\",\"@id\":\"https:\\\/\\\/laguiole.com\\\/de\\\/produit\\\/le-coq-francais-aubrac-tafelmesser-aus-violettem-holz-6er-set\\\/#primaryimage\",\"url\":\"https:\\\/\\\/laguiole.com\\\/wp-content\\\/uploads\\\/2023\\\/07\\\/couteaux_table_le_coq_francais_aubrac_00.jpg\",\"contentUrl\":\"https:\\\/\\\/laguiole.com\\\/wp-content\\\/uploads\\\/2023\\\/07\\\/couteaux_table_le_coq_francais_aubrac_00.jpg\",\"width\":1033,\"height\":1033,\"caption\":\"Le Coq Fran\u00e7ais AUBRAC Tafelmesser aus violettem Holz (6er-Set)\"},{\"@type\":\"BreadcrumbList\",\"@id\":\"https:\\\/\\\/laguiole.com\\\/de\\\/produit\\\/le-coq-francais-aubrac-tafelmesser-aus-violettem-holz-6er-set\\\/#breadcrumb\",\"itemListElement\":[{\"@type\":\"ListItem\",\"position\":1,\"name\":\"Accueil\",\"item\":\"https:\\\/\\\/laguiole.com\\\/de\\\/\"},{\"@type\":\"ListItem\",\"position\":2,\"name\":\"Shop\",\"item\":\"https:\\\/\\\/laguiole.com\\\/de\\\/shop-2\\\/\"},{\"@type\":\"ListItem\",\"position\":3,\"name\":\"Le Coq Fran\u00e7ais AUBRAC Tafelmesser aus violettem Holz (6er-Set)\"}]},{\"@type\":\"WebSite\",\"@id\":\"https:\\\/\\\/laguiole.com\\\/de\\\/#website\",\"url\":\"https:\\\/\\\/laguiole.com\\\/de\\\/\",\"name\":\"Laguiole.com\",\"description\":\"Laguiole - Couteau laguiole, Chateau Laguiole, Laguiole en Aubrac, Forge de Laguiole\",\"publisher\":{\"@id\":\"https:\\\/\\\/laguiole.com\\\/de\\\/#organization\"},\"potentialAction\":[{\"@type\":\"SearchAction\",\"target\":{\"@type\":\"EntryPoint\",\"urlTemplate\":\"https:\\\/\\\/laguiole.com\\\/de\\\/?s={search_term_string}\"},\"query-input\":{\"@type\":\"PropertyValueSpecification\",\"valueRequired\":true,\"valueName\":\"search_term_string\"}}],\"inLanguage\":\"de\"},{\"@type\":\"Organization\",\"@id\":\"https:\\\/\\\/laguiole.com\\\/de\\\/#organization\",\"name\":\"Laguiole.com\",\"url\":\"https:\\\/\\\/laguiole.com\\\/de\\\/\",\"logo\":{\"@type\":\"ImageObject\",\"inLanguage\":\"de\",\"@id\":\"https:\\\/\\\/laguiole.com\\\/de\\\/#\\\/schema\\\/logo\\\/image\\\/\",\"url\":\"https:\\\/\\\/laguiole.com\\\/wp-content\\\/uploads\\\/2021\\\/02\\\/logo_laguiole.com-horizontal.jpg\",\"contentUrl\":\"https:\\\/\\\/laguiole.com\\\/wp-content\\\/uploads\\\/2021\\\/02\\\/logo_laguiole.com-horizontal.jpg\",\"width\":490,\"height\":156,\"caption\":\"Laguiole.com\"},\"image\":{\"@id\":\"https:\\\/\\\/laguiole.com\\\/de\\\/#\\\/schema\\\/logo\\\/image\\\/\"},\"sameAs\":[\"https:\\\/\\\/www.facebook.com\\\/laguiolecom\\\/\",\"https:\\\/\\\/www.instagram.com\\\/laguiolecom\\\/\",\"https:\\\/\\\/www.youtube.com\\\/@laguiolecom\\\/videos\"]}]}<\/script>\n<!-- \/ Yoast SEO plugin. -->","yoast_head_json":{"title":"Set mit 6 Aubrac Kuhtischmessern | Der franz\u00f6sische Hahn","description":"Set aus 6 Aubrac Kuhtischmessern aus violettem Holz. Hergestellt in Frankreich. Eine authentische Hommage an das Terroir. Anpassbarkeit durch Lasergravur","robots":{"index":"index","follow":"follow","max-snippet":"max-snippet:-1","max-image-preview":"max-image-preview:large","max-video-preview":"max-video-preview:-1"},"canonical":"https:\/\/laguiole.com\/de\/produit\/le-coq-francais-aubrac-tafelmesser-aus-violettem-holz-6er-set\/","og_locale":"de_DE","og_type":"article","og_title":"Set mit 6 Aubrac Kuhtischmessern | Der franz\u00f6sische Hahn","og_description":"Set aus 6 Aubrac Kuhtischmessern aus violettem Holz. Hergestellt in Frankreich. Eine authentische Hommage an das Terroir. Anpassbarkeit durch Lasergravur","og_url":"https:\/\/laguiole.com\/de\/produit\/le-coq-francais-aubrac-tafelmesser-aus-violettem-holz-6er-set\/","og_site_name":"Laguiole.com \u00ae","article_publisher":"https:\/\/www.facebook.com\/laguiolecom\/","article_modified_time":"2026-02-19T21:22:39+00:00","og_image":[{"width":1033,"height":1033,"url":"https:\/\/laguiole.com\/wp-content\/uploads\/2023\/07\/couteaux_table_le_coq_francais_aubrac_00.jpg","type":"image\/jpeg"}],"twitter_card":"summary_large_image","twitter_misc":{"Gesch\u00e4tzte Lesezeit":"2\u00a0Minute"},"schema":{"@context":"https:\/\/schema.org","@graph":[{"@type":"WebPage","@id":"https:\/\/laguiole.com\/de\/produit\/le-coq-francais-aubrac-tafelmesser-aus-violettem-holz-6er-set\/","url":"https:\/\/laguiole.com\/de\/produit\/le-coq-francais-aubrac-tafelmesser-aus-violettem-holz-6er-set\/","name":"Set mit 6 Aubrac Kuhtischmessern | Der franz\u00f6sische Hahn","isPartOf":{"@id":"https:\/\/laguiole.com\/de\/#website"},"primaryImageOfPage":{"@id":"https:\/\/laguiole.com\/de\/produit\/le-coq-francais-aubrac-tafelmesser-aus-violettem-holz-6er-set\/#primaryimage"},"image":{"@id":"https:\/\/laguiole.com\/de\/produit\/le-coq-francais-aubrac-tafelmesser-aus-violettem-holz-6er-set\/#primaryimage"},"thumbnailUrl":"https:\/\/laguiole.com\/wp-content\/uploads\/2023\/07\/couteaux_table_le_coq_francais_aubrac_00.jpg","datePublished":"2023-07-17T11:52:27+00:00","dateModified":"2026-02-19T21:22:39+00:00","description":"Set aus 6 Aubrac Kuhtischmessern aus violettem Holz. Hergestellt in Frankreich. Eine authentische Hommage an das Terroir. Anpassbarkeit durch Lasergravur","breadcrumb":{"@id":"https:\/\/laguiole.com\/de\/produit\/le-coq-francais-aubrac-tafelmesser-aus-violettem-holz-6er-set\/#breadcrumb"},"inLanguage":"de","potentialAction":[{"@type":"ReadAction","target":["https:\/\/laguiole.com\/de\/produit\/le-coq-francais-aubrac-tafelmesser-aus-violettem-holz-6er-set\/"]}]},{"@type":"ImageObject","inLanguage":"de","@id":"https:\/\/laguiole.com\/de\/produit\/le-coq-francais-aubrac-tafelmesser-aus-violettem-holz-6er-set\/#primaryimage","url":"https:\/\/laguiole.com\/wp-content\/uploads\/2023\/07\/couteaux_table_le_coq_francais_aubrac_00.jpg","contentUrl":"https:\/\/laguiole.com\/wp-content\/uploads\/2023\/07\/couteaux_table_le_coq_francais_aubrac_00.jpg","width":1033,"height":1033,"caption":"Le Coq Fran\u00e7ais AUBRAC Tafelmesser aus violettem Holz (6er-Set)"},{"@type":"BreadcrumbList","@id":"https:\/\/laguiole.com\/de\/produit\/le-coq-francais-aubrac-tafelmesser-aus-violettem-holz-6er-set\/#breadcrumb","itemListElement":[{"@type":"ListItem","position":1,"name":"Accueil","item":"https:\/\/laguiole.com\/de\/"},{"@type":"ListItem","position":2,"name":"Shop","item":"https:\/\/laguiole.com\/de\/shop-2\/"},{"@type":"ListItem","position":3,"name":"Le Coq Fran\u00e7ais AUBRAC Tafelmesser aus violettem Holz (6er-Set)"}]},{"@type":"WebSite","@id":"https:\/\/laguiole.com\/de\/#website","url":"https:\/\/laguiole.com\/de\/","name":"Laguiole.com","description":"Laguiole - Couteau laguiole, Chateau Laguiole, Laguiole en Aubrac, Forge de Laguiole","publisher":{"@id":"https:\/\/laguiole.com\/de\/#organization"},"potentialAction":[{"@type":"SearchAction","target":{"@type":"EntryPoint","urlTemplate":"https:\/\/laguiole.com\/de\/?s={search_term_string}"},"query-input":{"@type":"PropertyValueSpecification","valueRequired":true,"valueName":"search_term_string"}}],"inLanguage":"de"},{"@type":"Organization","@id":"https:\/\/laguiole.com\/de\/#organization","name":"Laguiole.com","url":"https:\/\/laguiole.com\/de\/","logo":{"@type":"ImageObject","inLanguage":"de","@id":"https:\/\/laguiole.com\/de\/#\/schema\/logo\/image\/","url":"https:\/\/laguiole.com\/wp-content\/uploads\/2021\/02\/logo_laguiole.com-horizontal.jpg","contentUrl":"https:\/\/laguiole.com\/wp-content\/uploads\/2021\/02\/logo_laguiole.com-horizontal.jpg","width":490,"height":156,"caption":"Laguiole.com"},"image":{"@id":"https:\/\/laguiole.com\/de\/#\/schema\/logo\/image\/"},"sameAs":["https:\/\/www.facebook.com\/laguiolecom\/","https:\/\/www.instagram.com\/laguiolecom\/","https:\/\/www.youtube.com\/@laguiolecom\/videos"]}]}},"_links":{"self":[{"href":"https:\/\/laguiole.com\/de\/wp-json\/wp\/v2\/product\/39976","targetHints":{"allow":["GET"]}}],"collection":[{"href":"https:\/\/laguiole.com\/de\/wp-json\/wp\/v2\/product"}],"about":[{"href":"https:\/\/laguiole.com\/de\/wp-json\/wp\/v2\/types\/product"}],"version-history":[{"count":1,"href":"https:\/\/laguiole.com\/de\/wp-json\/wp\/v2\/product\/39976\/revisions"}],"predecessor-version":[{"id":50201,"href":"https:\/\/laguiole.com\/de\/wp-json\/wp\/v2\/product\/39976\/revisions\/50201"}],"wp:featuredmedia":[{"embeddable":true,"href":"https:\/\/laguiole.com\/de\/wp-json\/wp\/v2\/media\/39987"}],"wp:attachment":[{"href":"https:\/\/laguiole.com\/de\/wp-json\/wp\/v2\/media?parent=39976"}],"wp:term":[{"taxonomy":"product_brand","embeddable":true,"href":"https:\/\/laguiole.com\/de\/wp-json\/wp\/v2\/product_brand?post=39976"},{"taxonomy":"product_cat","embeddable":true,"href":"https:\/\/laguiole.com\/de\/wp-json\/wp\/v2\/product_cat?post=39976"},{"taxonomy":"product_tag","embeddable":true,"href":"https:\/\/laguiole.com\/de\/wp-json\/wp\/v2\/product_tag?post=39976"}],"curies":[{"name":"wp","href":"https:\/\/api.w.org\/{rel}","templated":true}]}}