{"id":39953,"date":"2023-07-17T17:14:45","date_gmt":"2023-07-17T15:14:45","guid":{"rendered":"https:\/\/laguiole.com\/produit\/le-coq-francais-france-tafelmesser-aus-olivenbaum-6er-set\/"},"modified":"2026-02-19T21:49:26","modified_gmt":"2026-02-19T20:49:26","slug":"le-coq-francais-france-tafelmesser-aus-olivenbaum-6er-set","status":"publish","type":"product","link":"https:\/\/laguiole.com\/de\/produit\/le-coq-francais-france-tafelmesser-aus-olivenbaum-6er-set\/","title":{"rendered":"Le Coq Fran\u00e7ais FRANCE Tafelmesser aus Olivenbaum (6er-Set)"},"content":{"rendered":"<hr data-start=\"169\" data-end=\"172\">\n<h2 data-start=\"174\" data-end=\"257\">Set von 6 Le Coq Fran\u00e7ais Siebdruckmessern \u2013 FRANZ\u00d6SISCHE Mischkomposition<\/h2>\n<h3 data-start=\"258\" data-end=\"307\">Eine Sammlung, die dem franz\u00f6sischen Erbe Tribut zollt<\/h3>\n<p data-start=\"309\" data-end=\"612\">Mit dem <strong data-start=\"321\" data-end=\"351\">Set FRANCE \u2013 Mixed Composition<\/strong> feiert Le Coq Fran\u00e7ais den Reichtum der franz\u00f6sischen Kultur und Architektur durch eine elegante Kollektion voller Charakter. Die Marke vereint die Authentizit\u00e4t von Materialien und emblematischen Symbolen, um ein harmonisches und unverwechselbares Ganzes zu bieten. <\/p>\n<p data-start=\"614\" data-end=\"707\">So vereint diese Box sechs ikonische Dekorationen, die verschiedene Regionen und Monumente repr\u00e4sentieren:<\/p>\n<p data-start=\"709\" data-end=\"885\">\ud83c\uddeb\ud83c\uddf7 1 <strong data-start=\"724\" data-end=\"733\">Pariser<\/strong> Messer<br data-start=\"733\" data-end=\"736\">\u26ea 1 <strong data-start=\"748\" data-end=\"762\">Notre-Dame-Messer<\/strong><br data-start=\"762\" data-end=\"765\">\ud83c\udf77 1 <strong data-start=\"778\" data-end=\"790\">Burgundermesser<\/strong><br data-start=\"790\" data-end=\"793\">\ud83c\udff0 1 <strong data-start=\"806\" data-end=\"829\">Messer-Ch\u00e2teau de la Loire<\/strong><br data-start=\"829\" data-end=\"832\">\ud83c\udf0a 1 <strong data-start=\"845\" data-end=\"857\">Brittany-Messer<\/strong><br data-start=\"857\" data-end=\"860\">\ud83c\udf1e 1 <strong data-start=\"873\" data-end=\"885\">Provence-Messer<\/strong><\/p>\n<p data-start=\"887\" data-end=\"1011\">Indem er diese emblematischen Gebiete zusammenf\u00fchrt, stellt Le Coq Fran\u00e7ais einen eleganten, kulturellen und entschlossen franz\u00f6sischen Tisch zusammen.<\/p>\n<hr data-start=\"1013\" data-end=\"1016\">\n<h2 data-start=\"1018\" data-end=\"1061\">\ud83d\udd2a Edles und authentisches Design<\/h2>\n<h3 data-start=\"1062\" data-end=\"1104\">\ud83c\udf3f Der nat\u00fcrliche Charme von Olivenholz<\/h3>\n<p data-start=\"1106\" data-end=\"1288\">Um diese Kollektion zu bereichern, w\u00e4hlt die Marke einen <strong data-start=\"1163\" data-end=\"1197\">vollst\u00e4ndigen Griff aus Olivenholz<\/strong>, bekannt f\u00fcr seine einzigartigen Adern, warmen Farbt\u00f6ne und mediterranen Charakter.<\/p>\n<p data-start=\"1290\" data-end=\"1364\">Jedes St\u00fcck wird dadurch durch die nat\u00fcrlichen Variationen des Holzes einzigartig.<\/p>\n<ul data-start=\"1366\" data-end=\"1631\">\n<li data-start=\"1366\" data-end=\"1453\">\n<p data-start=\"1368\" data-end=\"1453\"><strong data-start=\"1368\" data-end=\"1377\">R\u00fcckseite<\/strong> : Olivenholz, das nat\u00fcrlich gelassen wurde und all die Edelheit des Materials offenbart.<\/p>\n<\/li>\n<li data-start=\"1454\" data-end=\"1536\">\n<p data-start=\"1456\" data-end=\"1536\"><strong data-start=\"1456\" data-end=\"1465\">Vorderseite<\/strong> : lasergravierter Siebdruck, der die Symbole Frankreichs darstellt<\/p>\n<\/li>\n<li data-start=\"1537\" data-end=\"1631\">\n<p data-start=\"1539\" data-end=\"1631\"><strong data-start=\"1539\" data-end=\"1551\">Finish<\/strong> : Polierter und gesch\u00fctzter Griff, der Weichheit beim F\u00fchlen und ausgezeichnete Haltbarkeit bietet<\/p>\n<\/li>\n<\/ul>\n<p data-start=\"1633\" data-end=\"1784\">Dank dieser Liebe zum Detail sorgen diese Messer f\u00fcr einen <strong data-start=\"1703\" data-end=\"1732\">bequemen Griff<\/strong> und bleiben dabei leicht und perfekt ausbalanciert.<\/p>\n<hr data-start=\"1786\" data-end=\"1789\">\n<h2 data-start=\"1791\" data-end=\"1829\">\u2699\ufe0f Eine leistungsstarke und elegante Klinge<\/h2>\n<p data-start=\"1831\" data-end=\"1933\">Jedes Messer ist mit einer <strong data-start=\"1863\" data-end=\"1892\">Z40C13-Edelstahlklinge<\/strong> ausgestattet, die f\u00fcr ihre technischen Eigenschaften bekannt ist:<\/p>\n<ul data-start=\"1935\" data-end=\"2061\">\n<li data-start=\"1935\" data-end=\"1961\">\n<p data-start=\"1937\" data-end=\"1961\">Sauberer und pr\u00e4ziser Schnitt<\/p>\n<\/li>\n<li data-start=\"1962\" data-end=\"2002\">\n<p data-start=\"1964\" data-end=\"2002\">Ausgezeichnete Korrosionsbest\u00e4ndigkeit<\/p>\n<\/li>\n<li data-start=\"2003\" data-end=\"2031\">\n<p data-start=\"2005\" data-end=\"2031\">Haltbarkeit \u00fcber die Zeit<\/p>\n<\/li>\n<li data-start=\"2032\" data-end=\"2061\">\n<p data-start=\"2034\" data-end=\"2061\">Elegante Satinoberfl\u00e4che<\/p>\n<\/li>\n<\/ul>\n<p data-start=\"2063\" data-end=\"2186\">Diese Kombination aus Naturholz und hochwertigem Stahl verleiht dem Messer ein Aussehen, das sowohl authentisch als auch zeitgen\u00f6ssisch ist.<\/p>\n<hr data-start=\"2188\" data-end=\"2191\">\n<h2 data-start=\"2193\" data-end=\"2239\">\ud83d\udcd0 Abmessungen &amp; technische Eigenschaften<\/h2>\n<p data-start=\"2241\" data-end=\"2277\">Um Komfort und Stabilit\u00e4t zu gew\u00e4hrleisten:<\/p>\n<ul data-start=\"2279\" data-end=\"2404\">\n<li data-start=\"2279\" data-end=\"2309\">\n<p data-start=\"2281\" data-end=\"2309\">Griffl\u00e4nge: 12 cm<\/p>\n<\/li>\n<li data-start=\"2310\" data-end=\"2341\">\n<p data-start=\"2312\" data-end=\"2341\">Klingenl\u00e4nge: 12 cm<\/p>\n<\/li>\n<li data-start=\"2342\" data-end=\"2369\">\n<p data-start=\"2344\" data-end=\"2369\">Gesamtl\u00e4nge: 24 cm<\/p>\n<\/li>\n<li data-start=\"2370\" data-end=\"2404\">\n<p data-start=\"2372\" data-end=\"2404\">St\u00fcckgewicht: ca. 100 g<\/p>\n<\/li>\n<\/ul>\n<p data-start=\"2406\" data-end=\"2615\">Leicht und ergonomisch bieten diese Messer einen ausgezeichneten Griff.<br data-start=\"2480\" data-end=\"2483\">Sie k\u00f6nnen <strong data-start=\"2508\" data-end=\"2557\">flach gelegt oder zart am Rand platziert<\/strong> werden, um Ihrem Tisch eine originelle \u00e4sthetische Note zu verleihen.<\/p>\n<hr data-start=\"2617\" data-end=\"2620\">\n<h2 data-start=\"2622\" data-end=\"2665\">\ud83c\udf81 Eine elegante und anpassbare Box<\/h2>\n<p data-start=\"2667\" data-end=\"2798\">Die 6 Messer werden in einer <strong data-start=\"2705\" data-end=\"2750\">verfeinerten Kiste in den Farben Frankreichs<\/strong> pr\u00e4sentiert, ideal zum Anbieten oder Aufbewahren Ihres Lagers.<\/p>\n<p data-start=\"2800\" data-end=\"2919\"><strong data-start=\"2804\" data-end=\"2841\">Eine personalisierte Gravur auf der Klinge<\/strong> ist ebenfalls m\u00f6glich, wodurch dieses Set zu einem einzigartigen und unvergesslichen Geschenk wird.<\/p>\n<hr data-start=\"2921\" data-end=\"2924\">\n<h2 data-start=\"2926\" data-end=\"2962\">\ud83c\uddeb\ud83c\uddf7 Die Exzellenz von Le Coq Fran\u00e7ais<\/h2>\n<p data-start=\"2964\" data-end=\"3157\">Diese in Frankreich hergestellten Messer zeigen ein anspruchsvolles Besteck-Know-how.<br data-start=\"3044\" data-end=\"3047\">Zwischen Erbe, Authentizit\u00e4t der Materialien und handwerklicher Pr\u00e4zision verk\u00f6rpert diese Box franz\u00f6sische Eleganz.<\/p>\n<hr data-start=\"3159\" data-end=\"3162\">\n<h3 data-start=\"3164\" data-end=\"3228\">Set aus 6 Le Coq Fran\u00e7ais Messern \u2013 FRANZ\u00d6SISCHE Mischkomposition<\/h3>\n<p data-start=\"3230\" data-end=\"3431\" data-is-last-node=\"\" data-is-only-node=\"\">Eine Hommage an emblematische Regionen und Denkm\u00e4ler, die von der W\u00e4rme des Olivenholzes und der Finesse der Gravur unterzogen werden.<br data-start=\"3350\" data-end=\"3353\">Eine Box, die Identit\u00e4t, Raffinesse und Charakter an deinen Tisch bringt. \ud83c\uddeb\ud83c\uddf7\u2728 <\/p>\n","protected":false},"excerpt":{"rendered":"<p>Set aus 6 Le Coq Fran\u00e7ais-Messern Siebgedruckte FRANZ\u00d6SISCHE<br \/>\nMischkomposition auf der Vorderseite, darunter 1 Pariser Messer, 1 Notre-Dame-Messer, 1 Bordeaux-Messer, 1 Loire-Burg, 1 Bretagne, 1 Provence-Henkel<br \/>\n: Vollst\u00e4ndiger Olivgriff auf der R\u00fcckseite und manuell mit Bienenwachs poliert.<br \/>\nSchwarze Lasergravuren am Edelstahlgriff der vorderen<br \/>\nZ40 C13 Edelstahlklingen und Edelstahlgriff mit Satinfinish.<br \/>\nGriffl\u00e4nge: 12 cm<br \/>\nKlingenl\u00e4nge: 12 cm<br \/>\nGesamtl\u00e4nge des Messers: 24 cm<br \/>\nEinheitsgewicht: 100 g<br \/>\nGesamtgewicht der Box: 900 g<\/p>\n<p>Die 6 Messer werden in einer verfeinerten Kiste in den Farben Frankreichs geliefert.<br \/>\nSie sind durch eine Gravur auf der Klinge anpassbar.<\/p>\n","protected":false},"featured_media":39954,"template":"","meta":{"_acf_changed":false,"_monsterinsights_skip_tracking":false,"_monsterinsights_sitenote_active":false,"_monsterinsights_sitenote_note":"","_monsterinsights_sitenote_category":0},"product_brand":[],"product_cat":[5946,5956],"product_tag":[],"class_list":{"0":"post-39953","1":"product","2":"type-product","3":"status-publish","4":"has-post-thumbnail","6":"product_cat-le-coq-francais-klappmesser","7":"product_cat-messer-tafelgeschirr","8":"pa_conditionnement-6-teiliges-set","9":"pa_finition-gebuerstet","10":"pa_manche-en-bois-olive","11":"pa_marque-le-coq-francais","12":"tm-has-options","15":"onbackorder","16":"taxable","17":"shipping-taxable","18":"purchasable","19":"product-type-simple"},"supplier_id":null,"supplier_sku":"","barcode":null,"atum_controlled":true,"out_stock_date":"2026-02-18 21:11:24","out_stock_threshold":null,"inheritable":false,"inbound_stock":0,"stock_on_hold":0,"sold_today":0,"sales_last_days":0,"reserved_stock":0,"customer_returns":0,"warehouse_damage":0,"lost_in_post":0,"other_logs":0,"out_stock_days":80,"lost_sales":0,"has_location":false,"update_date":"2026-05-10T00:54:49","atum_locations":[],"atum_stock_status":"onbackorder","restock_status":false,"low_stock_amount":"","sales_update_date":"2026-05-10T00:54:49","calc_backorders":0,"acf":[],"yoast_head":"<!-- This site is optimized with the Yoast SEO plugin v27.3 - https:\/\/yoast.com\/product\/yoast-seo-wordpress\/ -->\n<title>Set mit 6 Oliventischmessern \u2013 Frankreich | Der franz\u00f6sische Hahn<\/title>\n<meta name=\"description\" content=\"Set aus 6 Tischmessern aus Olivholz: Paris, Notre-Dame, Bordeaux, Ch\u00e2teau de la Loire, Bretagne und Provence. Hergestellt in Frankreich\" \/>\n<meta name=\"robots\" content=\"index, follow, max-snippet:-1, max-image-preview:large, max-video-preview:-1\" \/>\n<link rel=\"canonical\" href=\"https:\/\/laguiole.com\/de\/produit\/le-coq-francais-france-tafelmesser-aus-olivenbaum-6er-set\/\" \/>\n<meta property=\"og:locale\" content=\"de_DE\" \/>\n<meta property=\"og:type\" content=\"article\" \/>\n<meta property=\"og:title\" content=\"Set mit 6 Oliventischmessern \u2013 Frankreich | Der franz\u00f6sische Hahn\" \/>\n<meta property=\"og:description\" content=\"Set aus 6 Tischmessern aus Olivholz: Paris, Notre-Dame, Bordeaux, Ch\u00e2teau de la Loire, Bretagne und Provence. Hergestellt in Frankreich\" \/>\n<meta property=\"og:url\" content=\"https:\/\/laguiole.com\/de\/produit\/le-coq-francais-france-tafelmesser-aus-olivenbaum-6er-set\/\" \/>\n<meta property=\"og:site_name\" content=\"Laguiole.com \u00ae\" \/>\n<meta property=\"article:publisher\" content=\"https:\/\/www.facebook.com\/laguiolecom\/\" \/>\n<meta property=\"article:modified_time\" content=\"2026-02-19T20:49:26+00:00\" \/>\n<meta property=\"og:image\" content=\"https:\/\/laguiole.com\/wp-content\/uploads\/2023\/07\/couteaux_table_le_coq_francais_france_00.jpg\" \/>\n\t<meta property=\"og:image:width\" content=\"1033\" \/>\n\t<meta property=\"og:image:height\" content=\"1033\" \/>\n\t<meta property=\"og:image:type\" content=\"image\/jpeg\" \/>\n<meta name=\"twitter:card\" content=\"summary_large_image\" \/>\n<meta name=\"twitter:label1\" content=\"Gesch\u00e4tzte Lesezeit\" \/>\n\t<meta name=\"twitter:data1\" content=\"2\u00a0Minute\" \/>\n<script type=\"application\/ld+json\" class=\"yoast-schema-graph\">{\"@context\":\"https:\\\/\\\/schema.org\",\"@graph\":[{\"@type\":\"WebPage\",\"@id\":\"https:\\\/\\\/laguiole.com\\\/de\\\/produit\\\/le-coq-francais-france-tafelmesser-aus-olivenbaum-6er-set\\\/\",\"url\":\"https:\\\/\\\/laguiole.com\\\/de\\\/produit\\\/le-coq-francais-france-tafelmesser-aus-olivenbaum-6er-set\\\/\",\"name\":\"Set mit 6 Oliventischmessern \u2013 Frankreich | Der franz\u00f6sische Hahn\",\"isPartOf\":{\"@id\":\"https:\\\/\\\/laguiole.com\\\/de\\\/#website\"},\"primaryImageOfPage\":{\"@id\":\"https:\\\/\\\/laguiole.com\\\/de\\\/produit\\\/le-coq-francais-france-tafelmesser-aus-olivenbaum-6er-set\\\/#primaryimage\"},\"image\":{\"@id\":\"https:\\\/\\\/laguiole.com\\\/de\\\/produit\\\/le-coq-francais-france-tafelmesser-aus-olivenbaum-6er-set\\\/#primaryimage\"},\"thumbnailUrl\":\"https:\\\/\\\/laguiole.com\\\/wp-content\\\/uploads\\\/2023\\\/07\\\/couteaux_table_le_coq_francais_france_00.jpg\",\"datePublished\":\"2023-07-17T15:14:45+00:00\",\"dateModified\":\"2026-02-19T20:49:26+00:00\",\"description\":\"Set aus 6 Tischmessern aus Olivholz: Paris, Notre-Dame, Bordeaux, Ch\u00e2teau de la Loire, Bretagne und Provence. Hergestellt in Frankreich\",\"breadcrumb\":{\"@id\":\"https:\\\/\\\/laguiole.com\\\/de\\\/produit\\\/le-coq-francais-france-tafelmesser-aus-olivenbaum-6er-set\\\/#breadcrumb\"},\"inLanguage\":\"de\",\"potentialAction\":[{\"@type\":\"ReadAction\",\"target\":[\"https:\\\/\\\/laguiole.com\\\/de\\\/produit\\\/le-coq-francais-france-tafelmesser-aus-olivenbaum-6er-set\\\/\"]}]},{\"@type\":\"ImageObject\",\"inLanguage\":\"de\",\"@id\":\"https:\\\/\\\/laguiole.com\\\/de\\\/produit\\\/le-coq-francais-france-tafelmesser-aus-olivenbaum-6er-set\\\/#primaryimage\",\"url\":\"https:\\\/\\\/laguiole.com\\\/wp-content\\\/uploads\\\/2023\\\/07\\\/couteaux_table_le_coq_francais_france_00.jpg\",\"contentUrl\":\"https:\\\/\\\/laguiole.com\\\/wp-content\\\/uploads\\\/2023\\\/07\\\/couteaux_table_le_coq_francais_france_00.jpg\",\"width\":1033,\"height\":1033,\"caption\":\"Le Coq Fran\u00e7ais FRANCE Tafelmesser aus Olivenbaum (6er-Set)\"},{\"@type\":\"BreadcrumbList\",\"@id\":\"https:\\\/\\\/laguiole.com\\\/de\\\/produit\\\/le-coq-francais-france-tafelmesser-aus-olivenbaum-6er-set\\\/#breadcrumb\",\"itemListElement\":[{\"@type\":\"ListItem\",\"position\":1,\"name\":\"Accueil\",\"item\":\"https:\\\/\\\/laguiole.com\\\/de\\\/\"},{\"@type\":\"ListItem\",\"position\":2,\"name\":\"Shop\",\"item\":\"https:\\\/\\\/laguiole.com\\\/de\\\/shop-2\\\/\"},{\"@type\":\"ListItem\",\"position\":3,\"name\":\"Le Coq Fran\u00e7ais FRANCE Tafelmesser aus Olivenbaum (6er-Set)\"}]},{\"@type\":\"WebSite\",\"@id\":\"https:\\\/\\\/laguiole.com\\\/de\\\/#website\",\"url\":\"https:\\\/\\\/laguiole.com\\\/de\\\/\",\"name\":\"Laguiole.com\",\"description\":\"Laguiole - Couteau laguiole, Chateau Laguiole, Laguiole en Aubrac, Forge de Laguiole\",\"publisher\":{\"@id\":\"https:\\\/\\\/laguiole.com\\\/de\\\/#organization\"},\"potentialAction\":[{\"@type\":\"SearchAction\",\"target\":{\"@type\":\"EntryPoint\",\"urlTemplate\":\"https:\\\/\\\/laguiole.com\\\/de\\\/?s={search_term_string}\"},\"query-input\":{\"@type\":\"PropertyValueSpecification\",\"valueRequired\":true,\"valueName\":\"search_term_string\"}}],\"inLanguage\":\"de\"},{\"@type\":\"Organization\",\"@id\":\"https:\\\/\\\/laguiole.com\\\/de\\\/#organization\",\"name\":\"Laguiole.com\",\"url\":\"https:\\\/\\\/laguiole.com\\\/de\\\/\",\"logo\":{\"@type\":\"ImageObject\",\"inLanguage\":\"de\",\"@id\":\"https:\\\/\\\/laguiole.com\\\/de\\\/#\\\/schema\\\/logo\\\/image\\\/\",\"url\":\"https:\\\/\\\/laguiole.com\\\/wp-content\\\/uploads\\\/2021\\\/02\\\/logo_laguiole.com-horizontal.jpg\",\"contentUrl\":\"https:\\\/\\\/laguiole.com\\\/wp-content\\\/uploads\\\/2021\\\/02\\\/logo_laguiole.com-horizontal.jpg\",\"width\":490,\"height\":156,\"caption\":\"Laguiole.com\"},\"image\":{\"@id\":\"https:\\\/\\\/laguiole.com\\\/de\\\/#\\\/schema\\\/logo\\\/image\\\/\"},\"sameAs\":[\"https:\\\/\\\/www.facebook.com\\\/laguiolecom\\\/\",\"https:\\\/\\\/www.instagram.com\\\/laguiolecom\\\/\",\"https:\\\/\\\/www.youtube.com\\\/@laguiolecom\\\/videos\"]}]}<\/script>\n<!-- \/ Yoast SEO plugin. -->","yoast_head_json":{"title":"Set mit 6 Oliventischmessern \u2013 Frankreich | Der franz\u00f6sische Hahn","description":"Set aus 6 Tischmessern aus Olivholz: Paris, Notre-Dame, Bordeaux, Ch\u00e2teau de la Loire, Bretagne und Provence. Hergestellt in Frankreich","robots":{"index":"index","follow":"follow","max-snippet":"max-snippet:-1","max-image-preview":"max-image-preview:large","max-video-preview":"max-video-preview:-1"},"canonical":"https:\/\/laguiole.com\/de\/produit\/le-coq-francais-france-tafelmesser-aus-olivenbaum-6er-set\/","og_locale":"de_DE","og_type":"article","og_title":"Set mit 6 Oliventischmessern \u2013 Frankreich | Der franz\u00f6sische Hahn","og_description":"Set aus 6 Tischmessern aus Olivholz: Paris, Notre-Dame, Bordeaux, Ch\u00e2teau de la Loire, Bretagne und Provence. Hergestellt in Frankreich","og_url":"https:\/\/laguiole.com\/de\/produit\/le-coq-francais-france-tafelmesser-aus-olivenbaum-6er-set\/","og_site_name":"Laguiole.com \u00ae","article_publisher":"https:\/\/www.facebook.com\/laguiolecom\/","article_modified_time":"2026-02-19T20:49:26+00:00","og_image":[{"width":1033,"height":1033,"url":"https:\/\/laguiole.com\/wp-content\/uploads\/2023\/07\/couteaux_table_le_coq_francais_france_00.jpg","type":"image\/jpeg"}],"twitter_card":"summary_large_image","twitter_misc":{"Gesch\u00e4tzte Lesezeit":"2\u00a0Minute"},"schema":{"@context":"https:\/\/schema.org","@graph":[{"@type":"WebPage","@id":"https:\/\/laguiole.com\/de\/produit\/le-coq-francais-france-tafelmesser-aus-olivenbaum-6er-set\/","url":"https:\/\/laguiole.com\/de\/produit\/le-coq-francais-france-tafelmesser-aus-olivenbaum-6er-set\/","name":"Set mit 6 Oliventischmessern \u2013 Frankreich | Der franz\u00f6sische Hahn","isPartOf":{"@id":"https:\/\/laguiole.com\/de\/#website"},"primaryImageOfPage":{"@id":"https:\/\/laguiole.com\/de\/produit\/le-coq-francais-france-tafelmesser-aus-olivenbaum-6er-set\/#primaryimage"},"image":{"@id":"https:\/\/laguiole.com\/de\/produit\/le-coq-francais-france-tafelmesser-aus-olivenbaum-6er-set\/#primaryimage"},"thumbnailUrl":"https:\/\/laguiole.com\/wp-content\/uploads\/2023\/07\/couteaux_table_le_coq_francais_france_00.jpg","datePublished":"2023-07-17T15:14:45+00:00","dateModified":"2026-02-19T20:49:26+00:00","description":"Set aus 6 Tischmessern aus Olivholz: Paris, Notre-Dame, Bordeaux, Ch\u00e2teau de la Loire, Bretagne und Provence. Hergestellt in Frankreich","breadcrumb":{"@id":"https:\/\/laguiole.com\/de\/produit\/le-coq-francais-france-tafelmesser-aus-olivenbaum-6er-set\/#breadcrumb"},"inLanguage":"de","potentialAction":[{"@type":"ReadAction","target":["https:\/\/laguiole.com\/de\/produit\/le-coq-francais-france-tafelmesser-aus-olivenbaum-6er-set\/"]}]},{"@type":"ImageObject","inLanguage":"de","@id":"https:\/\/laguiole.com\/de\/produit\/le-coq-francais-france-tafelmesser-aus-olivenbaum-6er-set\/#primaryimage","url":"https:\/\/laguiole.com\/wp-content\/uploads\/2023\/07\/couteaux_table_le_coq_francais_france_00.jpg","contentUrl":"https:\/\/laguiole.com\/wp-content\/uploads\/2023\/07\/couteaux_table_le_coq_francais_france_00.jpg","width":1033,"height":1033,"caption":"Le Coq Fran\u00e7ais FRANCE Tafelmesser aus Olivenbaum (6er-Set)"},{"@type":"BreadcrumbList","@id":"https:\/\/laguiole.com\/de\/produit\/le-coq-francais-france-tafelmesser-aus-olivenbaum-6er-set\/#breadcrumb","itemListElement":[{"@type":"ListItem","position":1,"name":"Accueil","item":"https:\/\/laguiole.com\/de\/"},{"@type":"ListItem","position":2,"name":"Shop","item":"https:\/\/laguiole.com\/de\/shop-2\/"},{"@type":"ListItem","position":3,"name":"Le Coq Fran\u00e7ais FRANCE Tafelmesser aus Olivenbaum (6er-Set)"}]},{"@type":"WebSite","@id":"https:\/\/laguiole.com\/de\/#website","url":"https:\/\/laguiole.com\/de\/","name":"Laguiole.com","description":"Laguiole - Couteau laguiole, Chateau Laguiole, Laguiole en Aubrac, Forge de Laguiole","publisher":{"@id":"https:\/\/laguiole.com\/de\/#organization"},"potentialAction":[{"@type":"SearchAction","target":{"@type":"EntryPoint","urlTemplate":"https:\/\/laguiole.com\/de\/?s={search_term_string}"},"query-input":{"@type":"PropertyValueSpecification","valueRequired":true,"valueName":"search_term_string"}}],"inLanguage":"de"},{"@type":"Organization","@id":"https:\/\/laguiole.com\/de\/#organization","name":"Laguiole.com","url":"https:\/\/laguiole.com\/de\/","logo":{"@type":"ImageObject","inLanguage":"de","@id":"https:\/\/laguiole.com\/de\/#\/schema\/logo\/image\/","url":"https:\/\/laguiole.com\/wp-content\/uploads\/2021\/02\/logo_laguiole.com-horizontal.jpg","contentUrl":"https:\/\/laguiole.com\/wp-content\/uploads\/2021\/02\/logo_laguiole.com-horizontal.jpg","width":490,"height":156,"caption":"Laguiole.com"},"image":{"@id":"https:\/\/laguiole.com\/de\/#\/schema\/logo\/image\/"},"sameAs":["https:\/\/www.facebook.com\/laguiolecom\/","https:\/\/www.instagram.com\/laguiolecom\/","https:\/\/www.youtube.com\/@laguiolecom\/videos"]}]}},"_links":{"self":[{"href":"https:\/\/laguiole.com\/de\/wp-json\/wp\/v2\/product\/39953","targetHints":{"allow":["GET"]}}],"collection":[{"href":"https:\/\/laguiole.com\/de\/wp-json\/wp\/v2\/product"}],"about":[{"href":"https:\/\/laguiole.com\/de\/wp-json\/wp\/v2\/types\/product"}],"version-history":[{"count":1,"href":"https:\/\/laguiole.com\/de\/wp-json\/wp\/v2\/product\/39953\/revisions"}],"predecessor-version":[{"id":50183,"href":"https:\/\/laguiole.com\/de\/wp-json\/wp\/v2\/product\/39953\/revisions\/50183"}],"wp:featuredmedia":[{"embeddable":true,"href":"https:\/\/laguiole.com\/de\/wp-json\/wp\/v2\/media\/39954"}],"wp:attachment":[{"href":"https:\/\/laguiole.com\/de\/wp-json\/wp\/v2\/media?parent=39953"}],"wp:term":[{"taxonomy":"product_brand","embeddable":true,"href":"https:\/\/laguiole.com\/de\/wp-json\/wp\/v2\/product_brand?post=39953"},{"taxonomy":"product_cat","embeddable":true,"href":"https:\/\/laguiole.com\/de\/wp-json\/wp\/v2\/product_cat?post=39953"},{"taxonomy":"product_tag","embeddable":true,"href":"https:\/\/laguiole.com\/de\/wp-json\/wp\/v2\/product_tag?post=39953"}],"curies":[{"name":"wp","href":"https:\/\/api.w.org\/{rel}","templated":true}]}}