{"id":39759,"date":"2023-07-18T12:09:08","date_gmt":"2023-07-18T10:09:08","guid":{"rendered":"https:\/\/laguiole.com\/produit\/laguiole-classic-magnetischer-messerblock-in-aubrac-aus-gemischtem-holz\/"},"modified":"2026-04-09T20:05:18","modified_gmt":"2026-04-09T18:05:18","slug":"messerblock-klassisch-magnetisch-laguiole-en-aubrac-aus-mischholz","status":"publish","type":"product","link":"https:\/\/laguiole.com\/de\/produit\/messerblock-klassisch-magnetisch-laguiole-en-aubrac-aus-mischholz\/","title":{"rendered":"Laguiole Classic Magnetischer Messerblock in Aubrac aus gemischtem Holz"},"content":{"rendered":"<h1 data-section-id=\"4klvbt\" data-start=\"62\" data-end=\"175\"><span role=\"text\"><strong data-start=\"64\" data-end=\"175\">Magnetischer Messerblock mit 6 Laguiole en Aubrac K\u00fcchenmessern \u2013 klassisches Modell aus gemischten H\u00f6lzern<\/strong><\/span><\/h1>\n<p data-start=\"177\" data-end=\"506\">Der <strong data-start=\"181\" data-end=\"275\">magnetische Messerblock mit sechs K\u00fcchenmessern von Laguiole en Aubrac, klassisches Modell<\/strong>, verk\u00f6rpert die perfekte Verbindung von <strong data-start=\"316\" data-end=\"365\">Funktionalit\u00e4t, Tradition und modernem Design<\/strong>. Dieses Set wurde entwickelt, um Ihre K\u00fcche aufzuwerten, und vereint <strong data-start=\"435\" data-end=\"505\">edle Materialien, klare Linien und kulinarische Leistungsf\u00e4higkeit<\/strong>.<\/p>\n<hr data-start=\"508\" data-end=\"511\" \/>\n<h2 data-section-id=\"1c81igr\" data-start=\"513\" data-end=\"567\"><span role=\"text\"><strong data-start=\"516\" data-end=\"567\">Ein komplettes Set unverzichtbarer K\u00fcchenmesser<\/strong><\/span><\/h2>\n<p data-start=\"569\" data-end=\"682\">Dieser <strong data-start=\"576\" data-end=\"611\">Messerblock mit 6 K\u00fcchenmessern<\/strong> enth\u00e4lt alle wichtigen Werkzeuge f\u00fcr Ihre kulinarischen Zubereitungen:<\/p>\n<h3 data-section-id=\"phmrob\" data-start=\"684\" data-end=\"705\"><span role=\"text\"><strong data-start=\"688\" data-end=\"705\">2 Sch\u00e4lmesser<\/strong><\/span><\/h3>\n<ul data-start=\"706\" data-end=\"827\">\n<li data-section-id=\"1nezmfp\" data-start=\"706\" data-end=\"733\">Klingenl\u00e4nge: <strong data-start=\"722\" data-end=\"731\">10 cm<\/strong><\/li>\n<li data-section-id=\"tn06ps\" data-start=\"734\" data-end=\"827\">Klingenl\u00e4nge: <strong data-start=\"750\" data-end=\"759\">13 cm<\/strong><br data-start=\"759\" data-end=\"762\" \/>Ideal f\u00fcr pr\u00e4zise Schneidarbeiten, Sch\u00e4len sowie Obst und Gem\u00fcse.<\/li>\n<\/ul>\n<h3 data-section-id=\"xxdd38\" data-start=\"829\" data-end=\"849\"><span role=\"text\"><strong data-start=\"833\" data-end=\"849\">2 Kochmesser<\/strong><\/span><\/h3>\n<ul data-start=\"850\" data-end=\"952\">\n<li data-section-id=\"uhmp80\" data-start=\"850\" data-end=\"877\">Klingenl\u00e4nge: <strong data-start=\"866\" data-end=\"875\">15 cm<\/strong><\/li>\n<li data-section-id=\"csry0m\" data-start=\"878\" data-end=\"952\">Klingenl\u00e4nge: <strong data-start=\"894\" data-end=\"903\">20 cm<\/strong><br data-start=\"903\" data-end=\"906\" \/>Perfekt zum Hacken, Schneiden und Zerkleinern.<\/li>\n<\/ul>\n<h3 data-section-id=\"1c6au9l\" data-start=\"954\" data-end=\"989\"><span role=\"text\"><strong data-start=\"958\" data-end=\"987\">1 Tranchiermesser (20 cm)<\/strong><\/span><\/h3>\n<p data-start=\"990\" data-end=\"1048\">F\u00fcr feine und gleichm\u00e4\u00dfige Schnitte von Fleisch und Fisch.<\/p>\n<h3 data-section-id=\"1635er2\" data-start=\"1050\" data-end=\"1080\"><span role=\"text\"><strong data-start=\"1054\" data-end=\"1078\">1 Brotmesser (20 cm)<\/strong><\/span><\/h3>\n<p data-start=\"1081\" data-end=\"1164\">Die gezahnte Klinge erm\u00f6glicht ein sauberes Schneiden, ohne das Brot zu zerdr\u00fccken.<\/p>\n<hr data-start=\"1166\" data-end=\"1169\" \/>\n<h2 data-section-id=\"2vmrvm\" data-start=\"1171\" data-end=\"1226\"><span role=\"text\"><strong data-start=\"1174\" data-end=\"1226\">Au\u00dfergew\u00f6hnliche Laguiole en Aubrac K\u00fcchenmesser<\/strong><\/span><\/h2>\n<p data-start=\"1228\" data-end=\"1332\">Jedes <strong data-start=\"1234\" data-end=\"1273\">K\u00fcchenmesser von Laguiole en Aubrac<\/strong> wird mit h\u00f6chster Pr\u00e4zision gefertigt. Die Klingen bieten:<\/p>\n<ul data-start=\"1334\" data-end=\"1465\">\n<li data-section-id=\"1nu3y7y\" data-start=\"1334\" data-end=\"1369\">saubere und langlebige Schnitte<\/li>\n<li data-section-id=\"16jvq03\" data-start=\"1370\" data-end=\"1400\">eine hervorragende Balance<\/li>\n<li data-section-id=\"1y5czq7\" data-start=\"1401\" data-end=\"1465\">eine Leistung f\u00fcr den t\u00e4glichen wie professionellen Gebrauch<\/li>\n<\/ul>\n<p data-start=\"1467\" data-end=\"1586\">Ihre Konstruktion verk\u00f6rpert die <strong data-start=\"1500\" data-end=\"1545\">Quintessenz kulinarischer Ingenieurskunst<\/strong> im Einklang mit traditionellem Handwerk.<\/p>\n<hr data-start=\"1588\" data-end=\"1591\" \/>\n<h2 data-section-id=\"1x2abn8\" data-start=\"1593\" data-end=\"1639\"><span role=\"text\"><strong data-start=\"1596\" data-end=\"1639\">Griffe aus edlen, einzigartigen H\u00f6lzern<\/strong><\/span><\/h2>\n<p data-start=\"1641\" data-end=\"1762\">Jedes Messer zeichnet sich durch einen <strong data-start=\"1680\" data-end=\"1712\">Griff aus einem anderen Holz<\/strong> aus und verleiht ihm Charakter und Authentizit\u00e4t:<\/p>\n<ul data-start=\"1764\" data-end=\"1845\">\n<li data-section-id=\"19znip1\" data-start=\"1764\" data-end=\"1777\">Wacholder<\/li>\n<li data-section-id=\"1624dj0\" data-start=\"1778\" data-end=\"1791\">Rosenholz<\/li>\n<li data-section-id=\"1tj9q26\" data-start=\"1792\" data-end=\"1806\">Olivenholz<\/li>\n<li data-section-id=\"1ro8iq0\" data-start=\"1807\" data-end=\"1819\">Nussbaum<\/li>\n<li data-section-id=\"yoet8\" data-start=\"1820\" data-end=\"1833\">Buchsbaum<\/li>\n<li data-section-id=\"1hsus06\" data-start=\"1834\" data-end=\"1845\">Z\u00e9licot<\/li>\n<\/ul>\n<p data-start=\"1847\" data-end=\"2002\">Diese ausgew\u00e4hlten Holzarten sorgen f\u00fcr eine <strong data-start=\"1892\" data-end=\"1944\">ergonomische, komfortable und sichere Handhabung<\/strong> und bieten gleichzeitig eine warme und hochwertige Optik.<\/p>\n<hr data-start=\"2004\" data-end=\"2007\" \/>\n<h2 data-section-id=\"1i3j2w4\" data-start=\"2009\" data-end=\"2073\"><span role=\"text\"><strong data-start=\"2012\" data-end=\"2073\">Ein magnetischer Messerblock aus Eiche im modernen Design<\/strong><\/span><\/h2>\n<p data-start=\"2075\" data-end=\"2154\">Der <strong data-start=\"2079\" data-end=\"2116\">magnetische Messerblock aus Eiche<\/strong> ist weit mehr als nur eine Halterung:<\/p>\n<ul data-start=\"2156\" data-end=\"2295\">\n<li data-section-id=\"1io7x04\" data-start=\"2156\" data-end=\"2191\">zuverl\u00e4ssiger magnetischer Halt<\/li>\n<li data-section-id=\"1ypa8ka\" data-start=\"2192\" data-end=\"2228\">schneller Zugriff auf die Messer<\/li>\n<li data-section-id=\"13hrt8k\" data-start=\"2229\" data-end=\"2245\">platzsparend<\/li>\n<li data-section-id=\"rsvpiw\" data-start=\"2246\" data-end=\"2295\">stilvolle Pr\u00e4sentation der Klingen und Griffe<\/li>\n<\/ul>\n<p data-start=\"2297\" data-end=\"2441\">Als echtes Designelement verbindet er <strong data-start=\"2335\" data-end=\"2367\">edles Holz mit klaren Linien<\/strong> und f\u00fcgt sich harmonisch in jede K\u00fcche ein \u2013 ob traditionell oder modern.<\/p>\n<hr data-start=\"2443\" data-end=\"2446\" \/>\n<h2 data-section-id=\"1q6zzv8\" data-start=\"2448\" data-end=\"2493\"><span role=\"text\"><strong data-start=\"2451\" data-end=\"2493\">Ergonomie, Eleganz und Benutzerkomfort<\/strong><\/span><\/h2>\n<p data-start=\"2495\" data-end=\"2599\">Die klaren Linien und die durchdachte Ergonomie dieser Messer <strong data-start=\"2557\" data-end=\"2587\">liegen perfekt in der Hand<\/strong> und bieten:<\/p>\n<ul data-start=\"2601\" data-end=\"2688\">\n<li data-section-id=\"1we8n5t\" data-start=\"2601\" data-end=\"2624\">fl\u00fcssige Handhabung<\/li>\n<li data-section-id=\"8zje8p\" data-start=\"2625\" data-end=\"2648\">optimale Sicherheit<\/li>\n<li data-section-id=\"xfl435\" data-start=\"2649\" data-end=\"2688\">hohen Komfort im t\u00e4glichen Gebrauch<\/li>\n<\/ul>\n<p data-start=\"2690\" data-end=\"2763\">Jedes Messer wird so zu einem ebenso angenehmen wie effizienten Werkzeug.<\/p>\n<hr data-start=\"2765\" data-end=\"2768\" \/>\n<h2 data-section-id=\"80w3jb\" data-start=\"2770\" data-end=\"2825\"><span role=\"text\"><strong data-start=\"2773\" data-end=\"2825\">Ein Messerblock f\u00fcr anspruchsvolle Kochliebhaber<\/strong><\/span><\/h2>\n<p data-start=\"2827\" data-end=\"2940\">Durch ihre <strong data-start=\"2838\" data-end=\"2892\">elegante Pr\u00e4senz und ihre unbestreitbare Effizienz<\/strong> werden diese K\u00fcchenmesser zu echten Begleitern:<\/p>\n<ul data-start=\"2942\" data-end=\"3082\">\n<li data-section-id=\"9hl07\" data-start=\"2942\" data-end=\"2982\">f\u00fcr anspruchsvolles t\u00e4gliches Kochen<\/li>\n<li data-section-id=\"947t3f\" data-start=\"2983\" data-end=\"3004\">f\u00fcr Feinschmecker<\/li>\n<li data-section-id=\"1xlywwh\" data-start=\"3005\" data-end=\"3038\">f\u00fcr Liebhaber sch\u00f6ner Objekte<\/li>\n<li data-section-id=\"vwlgeh\" data-start=\"3039\" data-end=\"3082\">als langlebiges und stilvolles Geschenk<\/li>\n<\/ul>\n<hr data-start=\"3084\" data-end=\"3087\" \/>\n<h2 data-section-id=\"5plzcx\" data-start=\"3089\" data-end=\"3147\"><span role=\"text\"><strong data-start=\"3092\" data-end=\"3147\">Warum diesen Laguiole en Aubrac Messerblock w\u00e4hlen?<\/strong><\/span><\/h2>\n<p data-start=\"3149\" data-end=\"3350\">\u2714 Klassisches, vollst\u00e4ndiges und vielseitiges Modell<br data-start=\"3201\" data-end=\"3204\" \/>\u2714 Hochwertige Verarbeitung<br data-start=\"3230\" data-end=\"3233\" \/>\u2714 Edle H\u00f6lzer und sorgf\u00e4ltige Verarbeitung<br data-start=\"3275\" data-end=\"3278\" \/>\u2714 \u00c4sthetischer Messerblock aus Eiche<br data-start=\"3314\" data-end=\"3317\" \/>\u2714 Modernes und zeitloses Design<\/p>\n","protected":false},"excerpt":{"rendered":"<p>Laguiole magnetischer Messerblock aus Eichenholz in Aubrac<br \/>\nSortiment mit 6 K\u00fcchenmessern.<br \/>\nGriffe: Mischh\u00f6lzer (Wacholder, Palisander, Olive, Nussbaum, Buchsbaum, Ziricote)<br \/>\n2 Gem\u00fcsemesser 10 und 13 cm (Klingengr\u00f6\u00dfe)<br \/>\n2 Kochmesser 15cm und 20 cm<br \/>\n1 Hobelmesser 20 cm<br \/>\n1 Brotmesser 20 cm<br \/>\n1 Eichenblock<\/p>\n","protected":false},"featured_media":39760,"template":"","meta":{"_acf_changed":false,"_monsterinsights_skip_tracking":false,"_monsterinsights_sitenote_active":false,"_monsterinsights_sitenote_note":"","_monsterinsights_sitenote_category":0},"product_brand":[],"product_cat":[5933],"product_tag":[],"class_list":{"0":"post-39759","1":"product","2":"type-product","3":"status-publish","4":"has-post-thumbnail","6":"product_cat-laguiole-kuechenbloecke-und-messer","7":"pa_finition-gebuerstet","8":"pa_lame-gebuersteter-edelstahl","9":"pa_manche-en-bois-buchsbaum","10":"pa_manche-en-bois-walnuss","11":"pa_manche-en-bois-olive","12":"pa_manche-en-bois-palisander","13":"pa_manche-en-bois-wacholder","14":"pa_manche-en-bois-ziricote","15":"pa_marque-laguiole-en-aubracfr","16":"tm-has-options","19":"instock","20":"taxable","21":"shipping-taxable","22":"purchasable","23":"product-type-simple"},"supplier_id":null,"supplier_sku":"","barcode":null,"atum_controlled":true,"out_stock_date":null,"out_stock_threshold":null,"inheritable":false,"inbound_stock":0,"stock_on_hold":0,"sold_today":0,"sales_last_days":0,"reserved_stock":0,"customer_returns":0,"warehouse_damage":0,"lost_in_post":0,"other_logs":0,"out_stock_days":0,"lost_sales":0,"has_location":false,"update_date":"2026-04-28T00:41:51","atum_locations":[],"atum_stock_status":"instock","restock_status":false,"low_stock_amount":"","sales_update_date":"2026-04-28T00:41:51","calc_backorders":0,"acf":[],"yoast_head":"<!-- This site is optimized with the Yoast SEO plugin v27.3 - https:\/\/yoast.com\/product\/yoast-seo-wordpress\/ -->\n<title>Messerblock Laguiole \u2013 6 K\u00fcchenmesser aus Edelholz<\/title>\n<meta name=\"description\" content=\"Magnetischer Messerblock Laguiole en Aubrac mit 6 K\u00fcchenmessern aus Edelholz. Klassisches Design, pr\u00e4zise Klingen und stilvolle Aufbewahrung.\" \/>\n<meta name=\"robots\" content=\"index, follow, max-snippet:-1, max-image-preview:large, max-video-preview:-1\" \/>\n<link rel=\"canonical\" href=\"https:\/\/laguiole.com\/de\/produit\/messerblock-klassisch-magnetisch-laguiole-en-aubrac-aus-mischholz\/\" \/>\n<meta property=\"og:locale\" content=\"de_DE\" \/>\n<meta property=\"og:type\" content=\"article\" \/>\n<meta property=\"og:title\" content=\"Messerblock Laguiole \u2013 6 K\u00fcchenmesser aus Edelholz\" \/>\n<meta property=\"og:description\" content=\"Magnetischer Messerblock Laguiole en Aubrac mit 6 K\u00fcchenmessern aus Edelholz. Klassisches Design, pr\u00e4zise Klingen und stilvolle Aufbewahrung.\" \/>\n<meta property=\"og:url\" content=\"https:\/\/laguiole.com\/de\/produit\/messerblock-klassisch-magnetisch-laguiole-en-aubrac-aus-mischholz\/\" \/>\n<meta property=\"og:site_name\" content=\"Laguiole.com \u00ae\" \/>\n<meta property=\"article:publisher\" content=\"https:\/\/www.facebook.com\/laguiolecom\/\" \/>\n<meta property=\"article:modified_time\" content=\"2026-04-09T18:05:18+00:00\" \/>\n<meta property=\"og:image\" content=\"https:\/\/laguiole.com\/wp-content\/uploads\/2023\/07\/Bloc_Classique_Couteaux_Laguiole_en_Aubrac_Bois_Mixtes_00.jpg\" \/>\n\t<meta property=\"og:image:width\" content=\"1033\" \/>\n\t<meta property=\"og:image:height\" content=\"1033\" \/>\n\t<meta property=\"og:image:type\" content=\"image\/jpeg\" \/>\n<meta name=\"twitter:card\" content=\"summary_large_image\" \/>\n<meta name=\"twitter:label1\" content=\"Gesch\u00e4tzte Lesezeit\" \/>\n\t<meta name=\"twitter:data1\" content=\"3\u00a0Minute\" \/>\n<script type=\"application\/ld+json\" class=\"yoast-schema-graph\">{\"@context\":\"https:\\\/\\\/schema.org\",\"@graph\":[{\"@type\":\"WebPage\",\"@id\":\"https:\\\/\\\/laguiole.com\\\/de\\\/produit\\\/messerblock-klassisch-magnetisch-laguiole-en-aubrac-aus-mischholz\\\/\",\"url\":\"https:\\\/\\\/laguiole.com\\\/de\\\/produit\\\/messerblock-klassisch-magnetisch-laguiole-en-aubrac-aus-mischholz\\\/\",\"name\":\"Messerblock Laguiole \u2013 6 K\u00fcchenmesser aus Edelholz\",\"isPartOf\":{\"@id\":\"https:\\\/\\\/laguiole.com\\\/de\\\/#website\"},\"primaryImageOfPage\":{\"@id\":\"https:\\\/\\\/laguiole.com\\\/de\\\/produit\\\/messerblock-klassisch-magnetisch-laguiole-en-aubrac-aus-mischholz\\\/#primaryimage\"},\"image\":{\"@id\":\"https:\\\/\\\/laguiole.com\\\/de\\\/produit\\\/messerblock-klassisch-magnetisch-laguiole-en-aubrac-aus-mischholz\\\/#primaryimage\"},\"thumbnailUrl\":\"https:\\\/\\\/laguiole.com\\\/wp-content\\\/uploads\\\/2023\\\/07\\\/Bloc_Classique_Couteaux_Laguiole_en_Aubrac_Bois_Mixtes_00.jpg\",\"datePublished\":\"2023-07-18T10:09:08+00:00\",\"dateModified\":\"2026-04-09T18:05:18+00:00\",\"description\":\"Magnetischer Messerblock Laguiole en Aubrac mit 6 K\u00fcchenmessern aus Edelholz. Klassisches Design, pr\u00e4zise Klingen und stilvolle Aufbewahrung.\",\"breadcrumb\":{\"@id\":\"https:\\\/\\\/laguiole.com\\\/de\\\/produit\\\/messerblock-klassisch-magnetisch-laguiole-en-aubrac-aus-mischholz\\\/#breadcrumb\"},\"inLanguage\":\"de\",\"potentialAction\":[{\"@type\":\"ReadAction\",\"target\":[\"https:\\\/\\\/laguiole.com\\\/de\\\/produit\\\/messerblock-klassisch-magnetisch-laguiole-en-aubrac-aus-mischholz\\\/\"]}]},{\"@type\":\"ImageObject\",\"inLanguage\":\"de\",\"@id\":\"https:\\\/\\\/laguiole.com\\\/de\\\/produit\\\/messerblock-klassisch-magnetisch-laguiole-en-aubrac-aus-mischholz\\\/#primaryimage\",\"url\":\"https:\\\/\\\/laguiole.com\\\/wp-content\\\/uploads\\\/2023\\\/07\\\/Bloc_Classique_Couteaux_Laguiole_en_Aubrac_Bois_Mixtes_00.jpg\",\"contentUrl\":\"https:\\\/\\\/laguiole.com\\\/wp-content\\\/uploads\\\/2023\\\/07\\\/Bloc_Classique_Couteaux_Laguiole_en_Aubrac_Bois_Mixtes_00.jpg\",\"width\":1033,\"height\":1033,\"caption\":\"Laguiole Classic Magnetischer Messerblock in Aubrac aus gemischtem Holz\"},{\"@type\":\"BreadcrumbList\",\"@id\":\"https:\\\/\\\/laguiole.com\\\/de\\\/produit\\\/messerblock-klassisch-magnetisch-laguiole-en-aubrac-aus-mischholz\\\/#breadcrumb\",\"itemListElement\":[{\"@type\":\"ListItem\",\"position\":1,\"name\":\"Accueil\",\"item\":\"https:\\\/\\\/laguiole.com\\\/de\\\/\"},{\"@type\":\"ListItem\",\"position\":2,\"name\":\"Shop\",\"item\":\"https:\\\/\\\/laguiole.com\\\/de\\\/shop-2\\\/\"},{\"@type\":\"ListItem\",\"position\":3,\"name\":\"Laguiole Classic Magnetischer Messerblock in Aubrac aus gemischtem Holz\"}]},{\"@type\":\"WebSite\",\"@id\":\"https:\\\/\\\/laguiole.com\\\/de\\\/#website\",\"url\":\"https:\\\/\\\/laguiole.com\\\/de\\\/\",\"name\":\"Laguiole.com\",\"description\":\"Laguiole - Couteau laguiole, Chateau Laguiole, Laguiole en Aubrac, Forge de Laguiole\",\"publisher\":{\"@id\":\"https:\\\/\\\/laguiole.com\\\/de\\\/#organization\"},\"potentialAction\":[{\"@type\":\"SearchAction\",\"target\":{\"@type\":\"EntryPoint\",\"urlTemplate\":\"https:\\\/\\\/laguiole.com\\\/de\\\/?s={search_term_string}\"},\"query-input\":{\"@type\":\"PropertyValueSpecification\",\"valueRequired\":true,\"valueName\":\"search_term_string\"}}],\"inLanguage\":\"de\"},{\"@type\":\"Organization\",\"@id\":\"https:\\\/\\\/laguiole.com\\\/de\\\/#organization\",\"name\":\"Laguiole.com\",\"url\":\"https:\\\/\\\/laguiole.com\\\/de\\\/\",\"logo\":{\"@type\":\"ImageObject\",\"inLanguage\":\"de\",\"@id\":\"https:\\\/\\\/laguiole.com\\\/de\\\/#\\\/schema\\\/logo\\\/image\\\/\",\"url\":\"https:\\\/\\\/laguiole.com\\\/wp-content\\\/uploads\\\/2021\\\/02\\\/logo_laguiole.com-horizontal.jpg\",\"contentUrl\":\"https:\\\/\\\/laguiole.com\\\/wp-content\\\/uploads\\\/2021\\\/02\\\/logo_laguiole.com-horizontal.jpg\",\"width\":490,\"height\":156,\"caption\":\"Laguiole.com\"},\"image\":{\"@id\":\"https:\\\/\\\/laguiole.com\\\/de\\\/#\\\/schema\\\/logo\\\/image\\\/\"},\"sameAs\":[\"https:\\\/\\\/www.facebook.com\\\/laguiolecom\\\/\",\"https:\\\/\\\/www.instagram.com\\\/laguiolecom\\\/\",\"https:\\\/\\\/www.youtube.com\\\/@laguiolecom\\\/videos\"]}]}<\/script>\n<!-- \/ Yoast SEO plugin. -->","yoast_head_json":{"title":"Messerblock Laguiole \u2013 6 K\u00fcchenmesser aus Edelholz","description":"Magnetischer Messerblock Laguiole en Aubrac mit 6 K\u00fcchenmessern aus Edelholz. Klassisches Design, pr\u00e4zise Klingen und stilvolle Aufbewahrung.","robots":{"index":"index","follow":"follow","max-snippet":"max-snippet:-1","max-image-preview":"max-image-preview:large","max-video-preview":"max-video-preview:-1"},"canonical":"https:\/\/laguiole.com\/de\/produit\/messerblock-klassisch-magnetisch-laguiole-en-aubrac-aus-mischholz\/","og_locale":"de_DE","og_type":"article","og_title":"Messerblock Laguiole \u2013 6 K\u00fcchenmesser aus Edelholz","og_description":"Magnetischer Messerblock Laguiole en Aubrac mit 6 K\u00fcchenmessern aus Edelholz. Klassisches Design, pr\u00e4zise Klingen und stilvolle Aufbewahrung.","og_url":"https:\/\/laguiole.com\/de\/produit\/messerblock-klassisch-magnetisch-laguiole-en-aubrac-aus-mischholz\/","og_site_name":"Laguiole.com \u00ae","article_publisher":"https:\/\/www.facebook.com\/laguiolecom\/","article_modified_time":"2026-04-09T18:05:18+00:00","og_image":[{"width":1033,"height":1033,"url":"https:\/\/laguiole.com\/wp-content\/uploads\/2023\/07\/Bloc_Classique_Couteaux_Laguiole_en_Aubrac_Bois_Mixtes_00.jpg","type":"image\/jpeg"}],"twitter_card":"summary_large_image","twitter_misc":{"Gesch\u00e4tzte Lesezeit":"3\u00a0Minute"},"schema":{"@context":"https:\/\/schema.org","@graph":[{"@type":"WebPage","@id":"https:\/\/laguiole.com\/de\/produit\/messerblock-klassisch-magnetisch-laguiole-en-aubrac-aus-mischholz\/","url":"https:\/\/laguiole.com\/de\/produit\/messerblock-klassisch-magnetisch-laguiole-en-aubrac-aus-mischholz\/","name":"Messerblock Laguiole \u2013 6 K\u00fcchenmesser aus Edelholz","isPartOf":{"@id":"https:\/\/laguiole.com\/de\/#website"},"primaryImageOfPage":{"@id":"https:\/\/laguiole.com\/de\/produit\/messerblock-klassisch-magnetisch-laguiole-en-aubrac-aus-mischholz\/#primaryimage"},"image":{"@id":"https:\/\/laguiole.com\/de\/produit\/messerblock-klassisch-magnetisch-laguiole-en-aubrac-aus-mischholz\/#primaryimage"},"thumbnailUrl":"https:\/\/laguiole.com\/wp-content\/uploads\/2023\/07\/Bloc_Classique_Couteaux_Laguiole_en_Aubrac_Bois_Mixtes_00.jpg","datePublished":"2023-07-18T10:09:08+00:00","dateModified":"2026-04-09T18:05:18+00:00","description":"Magnetischer Messerblock Laguiole en Aubrac mit 6 K\u00fcchenmessern aus Edelholz. Klassisches Design, pr\u00e4zise Klingen und stilvolle Aufbewahrung.","breadcrumb":{"@id":"https:\/\/laguiole.com\/de\/produit\/messerblock-klassisch-magnetisch-laguiole-en-aubrac-aus-mischholz\/#breadcrumb"},"inLanguage":"de","potentialAction":[{"@type":"ReadAction","target":["https:\/\/laguiole.com\/de\/produit\/messerblock-klassisch-magnetisch-laguiole-en-aubrac-aus-mischholz\/"]}]},{"@type":"ImageObject","inLanguage":"de","@id":"https:\/\/laguiole.com\/de\/produit\/messerblock-klassisch-magnetisch-laguiole-en-aubrac-aus-mischholz\/#primaryimage","url":"https:\/\/laguiole.com\/wp-content\/uploads\/2023\/07\/Bloc_Classique_Couteaux_Laguiole_en_Aubrac_Bois_Mixtes_00.jpg","contentUrl":"https:\/\/laguiole.com\/wp-content\/uploads\/2023\/07\/Bloc_Classique_Couteaux_Laguiole_en_Aubrac_Bois_Mixtes_00.jpg","width":1033,"height":1033,"caption":"Laguiole Classic Magnetischer Messerblock in Aubrac aus gemischtem Holz"},{"@type":"BreadcrumbList","@id":"https:\/\/laguiole.com\/de\/produit\/messerblock-klassisch-magnetisch-laguiole-en-aubrac-aus-mischholz\/#breadcrumb","itemListElement":[{"@type":"ListItem","position":1,"name":"Accueil","item":"https:\/\/laguiole.com\/de\/"},{"@type":"ListItem","position":2,"name":"Shop","item":"https:\/\/laguiole.com\/de\/shop-2\/"},{"@type":"ListItem","position":3,"name":"Laguiole Classic Magnetischer Messerblock in Aubrac aus gemischtem Holz"}]},{"@type":"WebSite","@id":"https:\/\/laguiole.com\/de\/#website","url":"https:\/\/laguiole.com\/de\/","name":"Laguiole.com","description":"Laguiole - Couteau laguiole, Chateau Laguiole, Laguiole en Aubrac, Forge de Laguiole","publisher":{"@id":"https:\/\/laguiole.com\/de\/#organization"},"potentialAction":[{"@type":"SearchAction","target":{"@type":"EntryPoint","urlTemplate":"https:\/\/laguiole.com\/de\/?s={search_term_string}"},"query-input":{"@type":"PropertyValueSpecification","valueRequired":true,"valueName":"search_term_string"}}],"inLanguage":"de"},{"@type":"Organization","@id":"https:\/\/laguiole.com\/de\/#organization","name":"Laguiole.com","url":"https:\/\/laguiole.com\/de\/","logo":{"@type":"ImageObject","inLanguage":"de","@id":"https:\/\/laguiole.com\/de\/#\/schema\/logo\/image\/","url":"https:\/\/laguiole.com\/wp-content\/uploads\/2021\/02\/logo_laguiole.com-horizontal.jpg","contentUrl":"https:\/\/laguiole.com\/wp-content\/uploads\/2021\/02\/logo_laguiole.com-horizontal.jpg","width":490,"height":156,"caption":"Laguiole.com"},"image":{"@id":"https:\/\/laguiole.com\/de\/#\/schema\/logo\/image\/"},"sameAs":["https:\/\/www.facebook.com\/laguiolecom\/","https:\/\/www.instagram.com\/laguiolecom\/","https:\/\/www.youtube.com\/@laguiolecom\/videos"]}]}},"_links":{"self":[{"href":"https:\/\/laguiole.com\/de\/wp-json\/wp\/v2\/product\/39759","targetHints":{"allow":["GET"]}}],"collection":[{"href":"https:\/\/laguiole.com\/de\/wp-json\/wp\/v2\/product"}],"about":[{"href":"https:\/\/laguiole.com\/de\/wp-json\/wp\/v2\/types\/product"}],"version-history":[{"count":3,"href":"https:\/\/laguiole.com\/de\/wp-json\/wp\/v2\/product\/39759\/revisions"}],"predecessor-version":[{"id":52710,"href":"https:\/\/laguiole.com\/de\/wp-json\/wp\/v2\/product\/39759\/revisions\/52710"}],"wp:featuredmedia":[{"embeddable":true,"href":"https:\/\/laguiole.com\/de\/wp-json\/wp\/v2\/media\/39760"}],"wp:attachment":[{"href":"https:\/\/laguiole.com\/de\/wp-json\/wp\/v2\/media?parent=39759"}],"wp:term":[{"taxonomy":"product_brand","embeddable":true,"href":"https:\/\/laguiole.com\/de\/wp-json\/wp\/v2\/product_brand?post=39759"},{"taxonomy":"product_cat","embeddable":true,"href":"https:\/\/laguiole.com\/de\/wp-json\/wp\/v2\/product_cat?post=39759"},{"taxonomy":"product_tag","embeddable":true,"href":"https:\/\/laguiole.com\/de\/wp-json\/wp\/v2\/product_tag?post=39759"}],"curies":[{"name":"wp","href":"https:\/\/api.w.org\/{rel}","templated":true}]}}