{"id":39726,"date":"2023-07-21T10:57:53","date_gmt":"2023-07-21T08:57:53","guid":{"rendered":"https:\/\/laguiole.com\/produit\/laguiole-messer-aus-aubrac-origin-golden-gate-vollgriff-12cm-rot-und-poliert-spiegel\/"},"modified":"2023-07-21T10:57:53","modified_gmt":"2023-07-21T08:57:53","slug":"laguiole-messer-aus-aubrac-origin-golden-gate-vollgriff-12cm-rot-und-poliert-spiegel","status":"publish","type":"product","link":"https:\/\/laguiole.com\/de\/produit\/laguiole-messer-aus-aubrac-origin-golden-gate-vollgriff-12cm-rot-und-poliert-spiegel\/","title":{"rendered":"Laguiole Messer aus Aubrac Origin GOLDEN GATE Vollgriff 12cm Rot und poliert Spiegel"},"content":{"rendered":"","protected":false},"excerpt":{"rendered":"<p>Laguiole Messer in Aubrac Origin Golden Gate Rot und polierter Spiegel<br \/>\nSan Fransisco Kollektion<br \/>\nGriff: Gl\u00e4nzender Edelstahl (Spiegeleffekt), dessen Ergonomie an die ber\u00fchmte Br\u00fccke<br \/>\nerinnert Voller Griff<br \/>\nRote Platten<br \/>\nGlatte Feder Anpassbar durch Lasergravur<br \/>\nGeschwei\u00dfte Fliege Glatte<br \/>\nKlinge mit Gehrung aus Edelstahl 12C27.<br \/>\nHergestellt aus Teilen der ber\u00fchmten kalifornischen Golden Gate Bridge<br \/>\nLimitierte und nummerierte<br \/>\nAuflage Gesamtl\u00e4nge Messer: 22 cm<br \/>\nGriffl\u00e4nge: 12 cm<br \/>\nKlingenl\u00e4nge: 10 cm<br \/>\nMesser Geliefert in einer zylindrischen R\u00f6hre mit dem Bildnis der Golden Gate Bridge und einer Karte der Br\u00fccke, die die Herkunft der St\u00fccke angibt.<\/p>\n<p><iframe style=\"max-width: 100%; max-height: 100%;\" src=\"https:\/\/spinzam.com\/shot\/embed\/?idx=235512\" width=\"420\" height=\"420\" frameborder=\"0\" scrolling=\"no\"><\/iframe><\/p>\n","protected":false},"featured_media":39731,"template":"","meta":{"_acf_changed":false,"_monsterinsights_skip_tracking":false,"_monsterinsights_sitenote_active":false,"_monsterinsights_sitenote_note":"","_monsterinsights_sitenote_category":0},"product_brand":[],"product_cat":[5963,5938,5939,5942],"product_tag":[6171],"class_list":{"0":"post-39726","1":"product","2":"type-product","3":"status-publish","4":"has-post-thumbnail","6":"product_cat-federgravur","7":"product_cat-klappmesser","8":"product_cat-laguiole-klappmesser","9":"product_cat-laguiole-origines-messer","10":"product_tag-gravurfeder","11":"pa_finition-brillant","12":"pa_lame-glaenzender-edelstahl","13":"pa_marque-laguiole-en-aubracfr","14":"pa_mitres-ohne-gehrung-vollstaendige-huelse","15":"pa_mouche-geschweisst","16":"pa_origines-golden-gate","17":"pa_ressort-glatt","18":"pa_ressort-zum-personalisieren-lasergravur","19":"pa_taille-du-manche-12-cm","20":"tm-has-options","23":"instock","24":"taxable","25":"shipping-taxable","26":"purchasable","27":"product-type-simple"},"supplier_id":null,"supplier_sku":"","barcode":null,"atum_controlled":true,"out_stock_date":null,"out_stock_threshold":null,"inheritable":false,"inbound_stock":0,"stock_on_hold":0,"sold_today":0,"sales_last_days":0,"reserved_stock":0,"customer_returns":0,"warehouse_damage":0,"lost_in_post":0,"other_logs":0,"out_stock_days":0,"lost_sales":0,"has_location":false,"update_date":"2026-05-14T01:00:26","atum_locations":[],"atum_stock_status":"instock","restock_status":false,"low_stock_amount":"","sales_update_date":"2026-05-14T01:00:26","calc_backorders":0,"acf":[],"yoast_head":"<!-- This site is optimized with the Yoast SEO plugin v27.3 - https:\/\/yoast.com\/product\/yoast-seo-wordpress\/ -->\n<title>Laguiole Messer aus Aubrac Origin GOLDEN GATE Vollgriff 12cm Rot und poliert Spiegel - Laguiole.com \u00ae<\/title>\n<meta name=\"robots\" content=\"index, follow, max-snippet:-1, max-image-preview:large, max-video-preview:-1\" \/>\n<link rel=\"canonical\" href=\"https:\/\/laguiole.com\/de\/produit\/laguiole-messer-aus-aubrac-origin-golden-gate-vollgriff-12cm-rot-und-poliert-spiegel\/\" \/>\n<meta property=\"og:locale\" content=\"de_DE\" \/>\n<meta property=\"og:type\" content=\"article\" \/>\n<meta property=\"og:title\" content=\"Laguiole Messer aus Aubrac Origin GOLDEN GATE Vollgriff 12cm Rot und poliert Spiegel - Laguiole.com \u00ae\" \/>\n<meta property=\"og:description\" content=\"Laguiole Messer in Aubrac Origin Golden Gate Rot und polierter Spiegel San Fransisco Kollektion Griff: Gl\u00e4nzender Edelstahl (Spiegeleffekt), dessen Ergonomie an die ber\u00fchmte Br\u00fccke erinnert Voller Griff Rote Platten Glatte Feder Anpassbar durch Lasergravur Geschwei\u00dfte Fliege Glatte Klinge mit Gehrung aus Edelstahl 12C27. Hergestellt aus Teilen der ber\u00fchmten kalifornischen Golden Gate Bridge Limitierte und nummerierte Auflage Gesamtl\u00e4nge Messer: 22 cm Griffl\u00e4nge: 12 cm Klingenl\u00e4nge: 10 cm Messer Geliefert in einer zylindrischen R\u00f6hre mit dem Bildnis der Golden Gate Bridge und einer Karte der Br\u00fccke, die die Herkunft der St\u00fccke angibt.\" \/>\n<meta property=\"og:url\" content=\"https:\/\/laguiole.com\/de\/produit\/laguiole-messer-aus-aubrac-origin-golden-gate-vollgriff-12cm-rot-und-poliert-spiegel\/\" \/>\n<meta property=\"og:site_name\" content=\"Laguiole.com \u00ae\" \/>\n<meta property=\"article:publisher\" content=\"https:\/\/www.facebook.com\/laguiolecom\/\" \/>\n<meta property=\"og:image\" content=\"https:\/\/laguiole.com\/wp-content\/uploads\/2023\/07\/Couteau_Laguiole_en_Aubrac_Origine_GOLDEN_GATE_Plein_Manche_12cm_Rouge_et_Poli_Mirroir_00.jpg\" \/>\n\t<meta property=\"og:image:width\" content=\"1033\" \/>\n\t<meta property=\"og:image:height\" content=\"1033\" \/>\n\t<meta property=\"og:image:type\" content=\"image\/jpeg\" \/>\n<meta name=\"twitter:card\" content=\"summary_large_image\" \/>\n<script type=\"application\/ld+json\" class=\"yoast-schema-graph\">{\"@context\":\"https:\\\/\\\/schema.org\",\"@graph\":[{\"@type\":\"WebPage\",\"@id\":\"https:\\\/\\\/laguiole.com\\\/de\\\/produit\\\/laguiole-messer-aus-aubrac-origin-golden-gate-vollgriff-12cm-rot-und-poliert-spiegel\\\/\",\"url\":\"https:\\\/\\\/laguiole.com\\\/de\\\/produit\\\/laguiole-messer-aus-aubrac-origin-golden-gate-vollgriff-12cm-rot-und-poliert-spiegel\\\/\",\"name\":\"Laguiole Messer aus Aubrac Origin GOLDEN GATE Vollgriff 12cm Rot und poliert Spiegel - Laguiole.com \u00ae\",\"isPartOf\":{\"@id\":\"https:\\\/\\\/laguiole.com\\\/de\\\/#website\"},\"primaryImageOfPage\":{\"@id\":\"https:\\\/\\\/laguiole.com\\\/de\\\/produit\\\/laguiole-messer-aus-aubrac-origin-golden-gate-vollgriff-12cm-rot-und-poliert-spiegel\\\/#primaryimage\"},\"image\":{\"@id\":\"https:\\\/\\\/laguiole.com\\\/de\\\/produit\\\/laguiole-messer-aus-aubrac-origin-golden-gate-vollgriff-12cm-rot-und-poliert-spiegel\\\/#primaryimage\"},\"thumbnailUrl\":\"https:\\\/\\\/laguiole.com\\\/wp-content\\\/uploads\\\/2023\\\/07\\\/Couteau_Laguiole_en_Aubrac_Origine_GOLDEN_GATE_Plein_Manche_12cm_Rouge_et_Poli_Mirroir_00.jpg\",\"datePublished\":\"2023-07-21T08:57:53+00:00\",\"breadcrumb\":{\"@id\":\"https:\\\/\\\/laguiole.com\\\/de\\\/produit\\\/laguiole-messer-aus-aubrac-origin-golden-gate-vollgriff-12cm-rot-und-poliert-spiegel\\\/#breadcrumb\"},\"inLanguage\":\"de\",\"potentialAction\":[{\"@type\":\"ReadAction\",\"target\":[\"https:\\\/\\\/laguiole.com\\\/de\\\/produit\\\/laguiole-messer-aus-aubrac-origin-golden-gate-vollgriff-12cm-rot-und-poliert-spiegel\\\/\"]}]},{\"@type\":\"ImageObject\",\"inLanguage\":\"de\",\"@id\":\"https:\\\/\\\/laguiole.com\\\/de\\\/produit\\\/laguiole-messer-aus-aubrac-origin-golden-gate-vollgriff-12cm-rot-und-poliert-spiegel\\\/#primaryimage\",\"url\":\"https:\\\/\\\/laguiole.com\\\/wp-content\\\/uploads\\\/2023\\\/07\\\/Couteau_Laguiole_en_Aubrac_Origine_GOLDEN_GATE_Plein_Manche_12cm_Rouge_et_Poli_Mirroir_00.jpg\",\"contentUrl\":\"https:\\\/\\\/laguiole.com\\\/wp-content\\\/uploads\\\/2023\\\/07\\\/Couteau_Laguiole_en_Aubrac_Origine_GOLDEN_GATE_Plein_Manche_12cm_Rouge_et_Poli_Mirroir_00.jpg\",\"width\":1033,\"height\":1033,\"caption\":\"Laguiole Messer aus Aubrac Origin GOLDEN GATE Vollgriff 12cm Rot und poliert Spiegel\"},{\"@type\":\"BreadcrumbList\",\"@id\":\"https:\\\/\\\/laguiole.com\\\/de\\\/produit\\\/laguiole-messer-aus-aubrac-origin-golden-gate-vollgriff-12cm-rot-und-poliert-spiegel\\\/#breadcrumb\",\"itemListElement\":[{\"@type\":\"ListItem\",\"position\":1,\"name\":\"Accueil\",\"item\":\"https:\\\/\\\/laguiole.com\\\/de\\\/\"},{\"@type\":\"ListItem\",\"position\":2,\"name\":\"Shop\",\"item\":\"https:\\\/\\\/laguiole.com\\\/de\\\/shop-2\\\/\"},{\"@type\":\"ListItem\",\"position\":3,\"name\":\"Laguiole Messer aus Aubrac Origin GOLDEN GATE Vollgriff 12cm Rot und poliert Spiegel\"}]},{\"@type\":\"WebSite\",\"@id\":\"https:\\\/\\\/laguiole.com\\\/de\\\/#website\",\"url\":\"https:\\\/\\\/laguiole.com\\\/de\\\/\",\"name\":\"Laguiole.com\",\"description\":\"Laguiole - Couteau laguiole, Chateau Laguiole, Laguiole en Aubrac, Forge de Laguiole\",\"publisher\":{\"@id\":\"https:\\\/\\\/laguiole.com\\\/de\\\/#organization\"},\"potentialAction\":[{\"@type\":\"SearchAction\",\"target\":{\"@type\":\"EntryPoint\",\"urlTemplate\":\"https:\\\/\\\/laguiole.com\\\/de\\\/?s={search_term_string}\"},\"query-input\":{\"@type\":\"PropertyValueSpecification\",\"valueRequired\":true,\"valueName\":\"search_term_string\"}}],\"inLanguage\":\"de\"},{\"@type\":\"Organization\",\"@id\":\"https:\\\/\\\/laguiole.com\\\/de\\\/#organization\",\"name\":\"Laguiole.com\",\"url\":\"https:\\\/\\\/laguiole.com\\\/de\\\/\",\"logo\":{\"@type\":\"ImageObject\",\"inLanguage\":\"de\",\"@id\":\"https:\\\/\\\/laguiole.com\\\/de\\\/#\\\/schema\\\/logo\\\/image\\\/\",\"url\":\"https:\\\/\\\/laguiole.com\\\/wp-content\\\/uploads\\\/2021\\\/02\\\/logo_laguiole.com-horizontal.jpg\",\"contentUrl\":\"https:\\\/\\\/laguiole.com\\\/wp-content\\\/uploads\\\/2021\\\/02\\\/logo_laguiole.com-horizontal.jpg\",\"width\":490,\"height\":156,\"caption\":\"Laguiole.com\"},\"image\":{\"@id\":\"https:\\\/\\\/laguiole.com\\\/de\\\/#\\\/schema\\\/logo\\\/image\\\/\"},\"sameAs\":[\"https:\\\/\\\/www.facebook.com\\\/laguiolecom\\\/\",\"https:\\\/\\\/www.instagram.com\\\/laguiolecom\\\/\",\"https:\\\/\\\/www.youtube.com\\\/@laguiolecom\\\/videos\"]}]}<\/script>\n<!-- \/ Yoast SEO plugin. -->","yoast_head_json":{"title":"Laguiole Messer aus Aubrac Origin GOLDEN GATE Vollgriff 12cm Rot und poliert Spiegel - Laguiole.com \u00ae","robots":{"index":"index","follow":"follow","max-snippet":"max-snippet:-1","max-image-preview":"max-image-preview:large","max-video-preview":"max-video-preview:-1"},"canonical":"https:\/\/laguiole.com\/de\/produit\/laguiole-messer-aus-aubrac-origin-golden-gate-vollgriff-12cm-rot-und-poliert-spiegel\/","og_locale":"de_DE","og_type":"article","og_title":"Laguiole Messer aus Aubrac Origin GOLDEN GATE Vollgriff 12cm Rot und poliert Spiegel - Laguiole.com \u00ae","og_description":"Laguiole Messer in Aubrac Origin Golden Gate Rot und polierter Spiegel San Fransisco Kollektion Griff: Gl\u00e4nzender Edelstahl (Spiegeleffekt), dessen Ergonomie an die ber\u00fchmte Br\u00fccke erinnert Voller Griff Rote Platten Glatte Feder Anpassbar durch Lasergravur Geschwei\u00dfte Fliege Glatte Klinge mit Gehrung aus Edelstahl 12C27. Hergestellt aus Teilen der ber\u00fchmten kalifornischen Golden Gate Bridge Limitierte und nummerierte Auflage Gesamtl\u00e4nge Messer: 22 cm Griffl\u00e4nge: 12 cm Klingenl\u00e4nge: 10 cm Messer Geliefert in einer zylindrischen R\u00f6hre mit dem Bildnis der Golden Gate Bridge und einer Karte der Br\u00fccke, die die Herkunft der St\u00fccke angibt.","og_url":"https:\/\/laguiole.com\/de\/produit\/laguiole-messer-aus-aubrac-origin-golden-gate-vollgriff-12cm-rot-und-poliert-spiegel\/","og_site_name":"Laguiole.com \u00ae","article_publisher":"https:\/\/www.facebook.com\/laguiolecom\/","og_image":[{"width":1033,"height":1033,"url":"https:\/\/laguiole.com\/wp-content\/uploads\/2023\/07\/Couteau_Laguiole_en_Aubrac_Origine_GOLDEN_GATE_Plein_Manche_12cm_Rouge_et_Poli_Mirroir_00.jpg","type":"image\/jpeg"}],"twitter_card":"summary_large_image","schema":{"@context":"https:\/\/schema.org","@graph":[{"@type":"WebPage","@id":"https:\/\/laguiole.com\/de\/produit\/laguiole-messer-aus-aubrac-origin-golden-gate-vollgriff-12cm-rot-und-poliert-spiegel\/","url":"https:\/\/laguiole.com\/de\/produit\/laguiole-messer-aus-aubrac-origin-golden-gate-vollgriff-12cm-rot-und-poliert-spiegel\/","name":"Laguiole Messer aus Aubrac Origin GOLDEN GATE Vollgriff 12cm Rot und poliert Spiegel - Laguiole.com \u00ae","isPartOf":{"@id":"https:\/\/laguiole.com\/de\/#website"},"primaryImageOfPage":{"@id":"https:\/\/laguiole.com\/de\/produit\/laguiole-messer-aus-aubrac-origin-golden-gate-vollgriff-12cm-rot-und-poliert-spiegel\/#primaryimage"},"image":{"@id":"https:\/\/laguiole.com\/de\/produit\/laguiole-messer-aus-aubrac-origin-golden-gate-vollgriff-12cm-rot-und-poliert-spiegel\/#primaryimage"},"thumbnailUrl":"https:\/\/laguiole.com\/wp-content\/uploads\/2023\/07\/Couteau_Laguiole_en_Aubrac_Origine_GOLDEN_GATE_Plein_Manche_12cm_Rouge_et_Poli_Mirroir_00.jpg","datePublished":"2023-07-21T08:57:53+00:00","breadcrumb":{"@id":"https:\/\/laguiole.com\/de\/produit\/laguiole-messer-aus-aubrac-origin-golden-gate-vollgriff-12cm-rot-und-poliert-spiegel\/#breadcrumb"},"inLanguage":"de","potentialAction":[{"@type":"ReadAction","target":["https:\/\/laguiole.com\/de\/produit\/laguiole-messer-aus-aubrac-origin-golden-gate-vollgriff-12cm-rot-und-poliert-spiegel\/"]}]},{"@type":"ImageObject","inLanguage":"de","@id":"https:\/\/laguiole.com\/de\/produit\/laguiole-messer-aus-aubrac-origin-golden-gate-vollgriff-12cm-rot-und-poliert-spiegel\/#primaryimage","url":"https:\/\/laguiole.com\/wp-content\/uploads\/2023\/07\/Couteau_Laguiole_en_Aubrac_Origine_GOLDEN_GATE_Plein_Manche_12cm_Rouge_et_Poli_Mirroir_00.jpg","contentUrl":"https:\/\/laguiole.com\/wp-content\/uploads\/2023\/07\/Couteau_Laguiole_en_Aubrac_Origine_GOLDEN_GATE_Plein_Manche_12cm_Rouge_et_Poli_Mirroir_00.jpg","width":1033,"height":1033,"caption":"Laguiole Messer aus Aubrac Origin GOLDEN GATE Vollgriff 12cm Rot und poliert Spiegel"},{"@type":"BreadcrumbList","@id":"https:\/\/laguiole.com\/de\/produit\/laguiole-messer-aus-aubrac-origin-golden-gate-vollgriff-12cm-rot-und-poliert-spiegel\/#breadcrumb","itemListElement":[{"@type":"ListItem","position":1,"name":"Accueil","item":"https:\/\/laguiole.com\/de\/"},{"@type":"ListItem","position":2,"name":"Shop","item":"https:\/\/laguiole.com\/de\/shop-2\/"},{"@type":"ListItem","position":3,"name":"Laguiole Messer aus Aubrac Origin GOLDEN GATE Vollgriff 12cm Rot und poliert Spiegel"}]},{"@type":"WebSite","@id":"https:\/\/laguiole.com\/de\/#website","url":"https:\/\/laguiole.com\/de\/","name":"Laguiole.com","description":"Laguiole - Couteau laguiole, Chateau Laguiole, Laguiole en Aubrac, Forge de Laguiole","publisher":{"@id":"https:\/\/laguiole.com\/de\/#organization"},"potentialAction":[{"@type":"SearchAction","target":{"@type":"EntryPoint","urlTemplate":"https:\/\/laguiole.com\/de\/?s={search_term_string}"},"query-input":{"@type":"PropertyValueSpecification","valueRequired":true,"valueName":"search_term_string"}}],"inLanguage":"de"},{"@type":"Organization","@id":"https:\/\/laguiole.com\/de\/#organization","name":"Laguiole.com","url":"https:\/\/laguiole.com\/de\/","logo":{"@type":"ImageObject","inLanguage":"de","@id":"https:\/\/laguiole.com\/de\/#\/schema\/logo\/image\/","url":"https:\/\/laguiole.com\/wp-content\/uploads\/2021\/02\/logo_laguiole.com-horizontal.jpg","contentUrl":"https:\/\/laguiole.com\/wp-content\/uploads\/2021\/02\/logo_laguiole.com-horizontal.jpg","width":490,"height":156,"caption":"Laguiole.com"},"image":{"@id":"https:\/\/laguiole.com\/de\/#\/schema\/logo\/image\/"},"sameAs":["https:\/\/www.facebook.com\/laguiolecom\/","https:\/\/www.instagram.com\/laguiolecom\/","https:\/\/www.youtube.com\/@laguiolecom\/videos"]}]}},"_links":{"self":[{"href":"https:\/\/laguiole.com\/de\/wp-json\/wp\/v2\/product\/39726","targetHints":{"allow":["GET"]}}],"collection":[{"href":"https:\/\/laguiole.com\/de\/wp-json\/wp\/v2\/product"}],"about":[{"href":"https:\/\/laguiole.com\/de\/wp-json\/wp\/v2\/types\/product"}],"version-history":[{"count":0,"href":"https:\/\/laguiole.com\/de\/wp-json\/wp\/v2\/product\/39726\/revisions"}],"wp:featuredmedia":[{"embeddable":true,"href":"https:\/\/laguiole.com\/de\/wp-json\/wp\/v2\/media\/39731"}],"wp:attachment":[{"href":"https:\/\/laguiole.com\/de\/wp-json\/wp\/v2\/media?parent=39726"}],"wp:term":[{"taxonomy":"product_brand","embeddable":true,"href":"https:\/\/laguiole.com\/de\/wp-json\/wp\/v2\/product_brand?post=39726"},{"taxonomy":"product_cat","embeddable":true,"href":"https:\/\/laguiole.com\/de\/wp-json\/wp\/v2\/product_cat?post=39726"},{"taxonomy":"product_tag","embeddable":true,"href":"https:\/\/laguiole.com\/de\/wp-json\/wp\/v2\/product_tag?post=39726"}],"curies":[{"name":"wp","href":"https:\/\/api.w.org\/{rel}","templated":true}]}}