{"id":39640,"date":"2023-07-21T18:33:04","date_gmt":"2023-07-21T16:33:04","guid":{"rendered":"https:\/\/laguiole.com\/produit\/klappmesser-forge-de-laguiole-origine-mont-saint-michel\/"},"modified":"2023-07-21T18:33:04","modified_gmt":"2023-07-21T16:33:04","slug":"klappmesser-forge-de-laguiole-origine-mont-saint-michel","status":"publish","type":"product","link":"https:\/\/laguiole.com\/de\/produit\/klappmesser-forge-de-laguiole-origine-mont-saint-michel\/","title":{"rendered":"Klappmesser Forge de Laguiole Origine Mont Saint Michel"},"content":{"rendered":"","protected":false},"excerpt":{"rendered":"<p>Klappmesser Forge de Laguiole &#8211; Mont Saint Michel<br \/>\nGriff aus Sand aus der Bucht von Mont Saint Michel (Frankreich)<br \/>\nGriffgr\u00f6\u00dfe: 11 cm<br \/>\nKlinge Gl\u00e4nzender<br \/>\nEdelstahl Federgeschmiedet und von Hand<br \/>\nguillochiert Einfaches Platin<br \/>\nGeliefert in einer Schachtel, die das Messer und ein kleines Fl\u00e4schchen mit Sand vom Mont Saint Michel enth\u00e4lt.<br \/>\nEchtheitszertifikat<\/p>\n<p><iframe style=\"max-width: 100%; max-height: 100%;\" src=\"https:\/\/spinzam.com\/shot\/embed\/?idx=225928\" width=\"480\" height=\"480\" frameborder=\"0\" scrolling=\"no\"><\/iframe><\/p>\n","protected":false},"featured_media":39643,"template":"","meta":{"_acf_changed":false,"_monsterinsights_skip_tracking":false,"_monsterinsights_sitenote_active":false,"_monsterinsights_sitenote_note":"","_monsterinsights_sitenote_category":0},"product_brand":[],"product_cat":[5938,5939,5942],"product_tag":[],"class_list":{"0":"post-39640","1":"product","2":"type-product","3":"status-publish","4":"has-post-thumbnail","6":"product_cat-klappmesser","7":"product_cat-laguiole-klappmesser","8":"product_cat-laguiole-origines-messer","9":"pa_composition-couteau-1-stueck-nur-klinge","10":"pa_finition-gebuerstet","11":"pa_lame-glaenzender-edelstahl","12":"pa_mitres-2-gehrungen","13":"pa_mitres-glaenzender-edelstahl","14":"pa_origines-mont-saint-michel","15":"pa_platines-einzelplatin","16":"pa_ressort-guilloche","17":"pa_taille-du-manche-11-cm","18":"tm-has-options","21":"instock","22":"taxable","23":"shipping-taxable","24":"purchasable","25":"product-type-simple"},"supplier_id":null,"supplier_sku":"","barcode":null,"atum_controlled":true,"out_stock_date":null,"out_stock_threshold":null,"inheritable":false,"inbound_stock":0,"stock_on_hold":0,"sold_today":0,"sales_last_days":0,"reserved_stock":0,"customer_returns":0,"warehouse_damage":0,"lost_in_post":0,"other_logs":0,"out_stock_days":0,"lost_sales":0,"has_location":false,"update_date":"2026-04-28T00:36:08","atum_locations":[],"atum_stock_status":"instock","restock_status":false,"low_stock_amount":"","sales_update_date":"2026-04-28T00:36:08","calc_backorders":0,"acf":[],"yoast_head":"<!-- This site is optimized with the Yoast SEO plugin v27.3 - https:\/\/yoast.com\/product\/yoast-seo-wordpress\/ -->\n<title>Klappmesser Forge de Laguiole Origine Mont Saint Michel - Laguiole.com \u00ae<\/title>\n<meta name=\"robots\" content=\"index, follow, max-snippet:-1, max-image-preview:large, max-video-preview:-1\" \/>\n<link rel=\"canonical\" href=\"https:\/\/laguiole.com\/de\/produit\/klappmesser-forge-de-laguiole-origine-mont-saint-michel\/\" \/>\n<meta property=\"og:locale\" content=\"de_DE\" \/>\n<meta property=\"og:type\" content=\"article\" \/>\n<meta property=\"og:title\" content=\"Klappmesser Forge de Laguiole Origine Mont Saint Michel - Laguiole.com \u00ae\" \/>\n<meta property=\"og:description\" content=\"Klappmesser Forge de Laguiole - Mont Saint Michel Griff aus Sand aus der Bucht von Mont Saint Michel (Frankreich) Griffgr\u00f6\u00dfe: 11 cm Klinge Gl\u00e4nzender Edelstahl Federgeschmiedet und von Hand guillochiert Einfaches Platin Geliefert in einer Schachtel, die das Messer und ein kleines Fl\u00e4schchen mit Sand vom Mont Saint Michel enth\u00e4lt. Echtheitszertifikat\" \/>\n<meta property=\"og:url\" content=\"https:\/\/laguiole.com\/de\/produit\/klappmesser-forge-de-laguiole-origine-mont-saint-michel\/\" \/>\n<meta property=\"og:site_name\" content=\"Laguiole.com \u00ae\" \/>\n<meta property=\"article:publisher\" content=\"https:\/\/www.facebook.com\/laguiolecom\/\" \/>\n<meta property=\"og:image\" content=\"https:\/\/laguiole.com\/wp-content\/uploads\/2023\/07\/Couteau_Pliant_Forge_de_Laguiole_Origine_Mont_Saint_Michel_00.jpg\" \/>\n\t<meta property=\"og:image:width\" content=\"1033\" \/>\n\t<meta property=\"og:image:height\" content=\"1033\" \/>\n\t<meta property=\"og:image:type\" content=\"image\/jpeg\" \/>\n<meta name=\"twitter:card\" content=\"summary_large_image\" \/>\n<script type=\"application\/ld+json\" class=\"yoast-schema-graph\">{\"@context\":\"https:\\\/\\\/schema.org\",\"@graph\":[{\"@type\":\"WebPage\",\"@id\":\"https:\\\/\\\/laguiole.com\\\/de\\\/produit\\\/klappmesser-forge-de-laguiole-origine-mont-saint-michel\\\/\",\"url\":\"https:\\\/\\\/laguiole.com\\\/de\\\/produit\\\/klappmesser-forge-de-laguiole-origine-mont-saint-michel\\\/\",\"name\":\"Klappmesser Forge de Laguiole Origine Mont Saint Michel - Laguiole.com \u00ae\",\"isPartOf\":{\"@id\":\"https:\\\/\\\/laguiole.com\\\/de\\\/#website\"},\"primaryImageOfPage\":{\"@id\":\"https:\\\/\\\/laguiole.com\\\/de\\\/produit\\\/klappmesser-forge-de-laguiole-origine-mont-saint-michel\\\/#primaryimage\"},\"image\":{\"@id\":\"https:\\\/\\\/laguiole.com\\\/de\\\/produit\\\/klappmesser-forge-de-laguiole-origine-mont-saint-michel\\\/#primaryimage\"},\"thumbnailUrl\":\"https:\\\/\\\/laguiole.com\\\/wp-content\\\/uploads\\\/2023\\\/07\\\/Couteau_Pliant_Forge_de_Laguiole_Origine_Mont_Saint_Michel_00.jpg\",\"datePublished\":\"2023-07-21T16:33:04+00:00\",\"breadcrumb\":{\"@id\":\"https:\\\/\\\/laguiole.com\\\/de\\\/produit\\\/klappmesser-forge-de-laguiole-origine-mont-saint-michel\\\/#breadcrumb\"},\"inLanguage\":\"de\",\"potentialAction\":[{\"@type\":\"ReadAction\",\"target\":[\"https:\\\/\\\/laguiole.com\\\/de\\\/produit\\\/klappmesser-forge-de-laguiole-origine-mont-saint-michel\\\/\"]}]},{\"@type\":\"ImageObject\",\"inLanguage\":\"de\",\"@id\":\"https:\\\/\\\/laguiole.com\\\/de\\\/produit\\\/klappmesser-forge-de-laguiole-origine-mont-saint-michel\\\/#primaryimage\",\"url\":\"https:\\\/\\\/laguiole.com\\\/wp-content\\\/uploads\\\/2023\\\/07\\\/Couteau_Pliant_Forge_de_Laguiole_Origine_Mont_Saint_Michel_00.jpg\",\"contentUrl\":\"https:\\\/\\\/laguiole.com\\\/wp-content\\\/uploads\\\/2023\\\/07\\\/Couteau_Pliant_Forge_de_Laguiole_Origine_Mont_Saint_Michel_00.jpg\",\"width\":1033,\"height\":1033,\"caption\":\"Klappmesser Forge de Laguiole Origine Mont Saint Michel\"},{\"@type\":\"BreadcrumbList\",\"@id\":\"https:\\\/\\\/laguiole.com\\\/de\\\/produit\\\/klappmesser-forge-de-laguiole-origine-mont-saint-michel\\\/#breadcrumb\",\"itemListElement\":[{\"@type\":\"ListItem\",\"position\":1,\"name\":\"Accueil\",\"item\":\"https:\\\/\\\/laguiole.com\\\/de\\\/\"},{\"@type\":\"ListItem\",\"position\":2,\"name\":\"Shop\",\"item\":\"https:\\\/\\\/laguiole.com\\\/de\\\/shop-2\\\/\"},{\"@type\":\"ListItem\",\"position\":3,\"name\":\"Klappmesser Forge de Laguiole Origine Mont Saint Michel\"}]},{\"@type\":\"WebSite\",\"@id\":\"https:\\\/\\\/laguiole.com\\\/de\\\/#website\",\"url\":\"https:\\\/\\\/laguiole.com\\\/de\\\/\",\"name\":\"Laguiole.com\",\"description\":\"Laguiole - Couteau laguiole, Chateau Laguiole, Laguiole en Aubrac, Forge de Laguiole\",\"publisher\":{\"@id\":\"https:\\\/\\\/laguiole.com\\\/de\\\/#organization\"},\"potentialAction\":[{\"@type\":\"SearchAction\",\"target\":{\"@type\":\"EntryPoint\",\"urlTemplate\":\"https:\\\/\\\/laguiole.com\\\/de\\\/?s={search_term_string}\"},\"query-input\":{\"@type\":\"PropertyValueSpecification\",\"valueRequired\":true,\"valueName\":\"search_term_string\"}}],\"inLanguage\":\"de\"},{\"@type\":\"Organization\",\"@id\":\"https:\\\/\\\/laguiole.com\\\/de\\\/#organization\",\"name\":\"Laguiole.com\",\"url\":\"https:\\\/\\\/laguiole.com\\\/de\\\/\",\"logo\":{\"@type\":\"ImageObject\",\"inLanguage\":\"de\",\"@id\":\"https:\\\/\\\/laguiole.com\\\/de\\\/#\\\/schema\\\/logo\\\/image\\\/\",\"url\":\"https:\\\/\\\/laguiole.com\\\/wp-content\\\/uploads\\\/2021\\\/02\\\/logo_laguiole.com-horizontal.jpg\",\"contentUrl\":\"https:\\\/\\\/laguiole.com\\\/wp-content\\\/uploads\\\/2021\\\/02\\\/logo_laguiole.com-horizontal.jpg\",\"width\":490,\"height\":156,\"caption\":\"Laguiole.com\"},\"image\":{\"@id\":\"https:\\\/\\\/laguiole.com\\\/de\\\/#\\\/schema\\\/logo\\\/image\\\/\"},\"sameAs\":[\"https:\\\/\\\/www.facebook.com\\\/laguiolecom\\\/\",\"https:\\\/\\\/www.instagram.com\\\/laguiolecom\\\/\",\"https:\\\/\\\/www.youtube.com\\\/@laguiolecom\\\/videos\"]}]}<\/script>\n<!-- \/ Yoast SEO plugin. -->","yoast_head_json":{"title":"Klappmesser Forge de Laguiole Origine Mont Saint Michel - Laguiole.com \u00ae","robots":{"index":"index","follow":"follow","max-snippet":"max-snippet:-1","max-image-preview":"max-image-preview:large","max-video-preview":"max-video-preview:-1"},"canonical":"https:\/\/laguiole.com\/de\/produit\/klappmesser-forge-de-laguiole-origine-mont-saint-michel\/","og_locale":"de_DE","og_type":"article","og_title":"Klappmesser Forge de Laguiole Origine Mont Saint Michel - Laguiole.com \u00ae","og_description":"Klappmesser Forge de Laguiole - Mont Saint Michel Griff aus Sand aus der Bucht von Mont Saint Michel (Frankreich) Griffgr\u00f6\u00dfe: 11 cm Klinge Gl\u00e4nzender Edelstahl Federgeschmiedet und von Hand guillochiert Einfaches Platin Geliefert in einer Schachtel, die das Messer und ein kleines Fl\u00e4schchen mit Sand vom Mont Saint Michel enth\u00e4lt. Echtheitszertifikat","og_url":"https:\/\/laguiole.com\/de\/produit\/klappmesser-forge-de-laguiole-origine-mont-saint-michel\/","og_site_name":"Laguiole.com \u00ae","article_publisher":"https:\/\/www.facebook.com\/laguiolecom\/","og_image":[{"width":1033,"height":1033,"url":"https:\/\/laguiole.com\/wp-content\/uploads\/2023\/07\/Couteau_Pliant_Forge_de_Laguiole_Origine_Mont_Saint_Michel_00.jpg","type":"image\/jpeg"}],"twitter_card":"summary_large_image","schema":{"@context":"https:\/\/schema.org","@graph":[{"@type":"WebPage","@id":"https:\/\/laguiole.com\/de\/produit\/klappmesser-forge-de-laguiole-origine-mont-saint-michel\/","url":"https:\/\/laguiole.com\/de\/produit\/klappmesser-forge-de-laguiole-origine-mont-saint-michel\/","name":"Klappmesser Forge de Laguiole Origine Mont Saint Michel - Laguiole.com \u00ae","isPartOf":{"@id":"https:\/\/laguiole.com\/de\/#website"},"primaryImageOfPage":{"@id":"https:\/\/laguiole.com\/de\/produit\/klappmesser-forge-de-laguiole-origine-mont-saint-michel\/#primaryimage"},"image":{"@id":"https:\/\/laguiole.com\/de\/produit\/klappmesser-forge-de-laguiole-origine-mont-saint-michel\/#primaryimage"},"thumbnailUrl":"https:\/\/laguiole.com\/wp-content\/uploads\/2023\/07\/Couteau_Pliant_Forge_de_Laguiole_Origine_Mont_Saint_Michel_00.jpg","datePublished":"2023-07-21T16:33:04+00:00","breadcrumb":{"@id":"https:\/\/laguiole.com\/de\/produit\/klappmesser-forge-de-laguiole-origine-mont-saint-michel\/#breadcrumb"},"inLanguage":"de","potentialAction":[{"@type":"ReadAction","target":["https:\/\/laguiole.com\/de\/produit\/klappmesser-forge-de-laguiole-origine-mont-saint-michel\/"]}]},{"@type":"ImageObject","inLanguage":"de","@id":"https:\/\/laguiole.com\/de\/produit\/klappmesser-forge-de-laguiole-origine-mont-saint-michel\/#primaryimage","url":"https:\/\/laguiole.com\/wp-content\/uploads\/2023\/07\/Couteau_Pliant_Forge_de_Laguiole_Origine_Mont_Saint_Michel_00.jpg","contentUrl":"https:\/\/laguiole.com\/wp-content\/uploads\/2023\/07\/Couteau_Pliant_Forge_de_Laguiole_Origine_Mont_Saint_Michel_00.jpg","width":1033,"height":1033,"caption":"Klappmesser Forge de Laguiole Origine Mont Saint Michel"},{"@type":"BreadcrumbList","@id":"https:\/\/laguiole.com\/de\/produit\/klappmesser-forge-de-laguiole-origine-mont-saint-michel\/#breadcrumb","itemListElement":[{"@type":"ListItem","position":1,"name":"Accueil","item":"https:\/\/laguiole.com\/de\/"},{"@type":"ListItem","position":2,"name":"Shop","item":"https:\/\/laguiole.com\/de\/shop-2\/"},{"@type":"ListItem","position":3,"name":"Klappmesser Forge de Laguiole Origine Mont Saint Michel"}]},{"@type":"WebSite","@id":"https:\/\/laguiole.com\/de\/#website","url":"https:\/\/laguiole.com\/de\/","name":"Laguiole.com","description":"Laguiole - Couteau laguiole, Chateau Laguiole, Laguiole en Aubrac, Forge de Laguiole","publisher":{"@id":"https:\/\/laguiole.com\/de\/#organization"},"potentialAction":[{"@type":"SearchAction","target":{"@type":"EntryPoint","urlTemplate":"https:\/\/laguiole.com\/de\/?s={search_term_string}"},"query-input":{"@type":"PropertyValueSpecification","valueRequired":true,"valueName":"search_term_string"}}],"inLanguage":"de"},{"@type":"Organization","@id":"https:\/\/laguiole.com\/de\/#organization","name":"Laguiole.com","url":"https:\/\/laguiole.com\/de\/","logo":{"@type":"ImageObject","inLanguage":"de","@id":"https:\/\/laguiole.com\/de\/#\/schema\/logo\/image\/","url":"https:\/\/laguiole.com\/wp-content\/uploads\/2021\/02\/logo_laguiole.com-horizontal.jpg","contentUrl":"https:\/\/laguiole.com\/wp-content\/uploads\/2021\/02\/logo_laguiole.com-horizontal.jpg","width":490,"height":156,"caption":"Laguiole.com"},"image":{"@id":"https:\/\/laguiole.com\/de\/#\/schema\/logo\/image\/"},"sameAs":["https:\/\/www.facebook.com\/laguiolecom\/","https:\/\/www.instagram.com\/laguiolecom\/","https:\/\/www.youtube.com\/@laguiolecom\/videos"]}]}},"_links":{"self":[{"href":"https:\/\/laguiole.com\/de\/wp-json\/wp\/v2\/product\/39640","targetHints":{"allow":["GET"]}}],"collection":[{"href":"https:\/\/laguiole.com\/de\/wp-json\/wp\/v2\/product"}],"about":[{"href":"https:\/\/laguiole.com\/de\/wp-json\/wp\/v2\/types\/product"}],"version-history":[{"count":0,"href":"https:\/\/laguiole.com\/de\/wp-json\/wp\/v2\/product\/39640\/revisions"}],"wp:featuredmedia":[{"embeddable":true,"href":"https:\/\/laguiole.com\/de\/wp-json\/wp\/v2\/media\/39643"}],"wp:attachment":[{"href":"https:\/\/laguiole.com\/de\/wp-json\/wp\/v2\/media?parent=39640"}],"wp:term":[{"taxonomy":"product_brand","embeddable":true,"href":"https:\/\/laguiole.com\/de\/wp-json\/wp\/v2\/product_brand?post=39640"},{"taxonomy":"product_cat","embeddable":true,"href":"https:\/\/laguiole.com\/de\/wp-json\/wp\/v2\/product_cat?post=39640"},{"taxonomy":"product_tag","embeddable":true,"href":"https:\/\/laguiole.com\/de\/wp-json\/wp\/v2\/product_tag?post=39640"}],"curies":[{"name":"wp","href":"https:\/\/api.w.org\/{rel}","templated":true}]}}