{"id":39608,"date":"2023-07-21T19:19:50","date_gmt":"2023-07-21T17:19:50","guid":{"rendered":"https:\/\/laguiole.com\/produit\/laguiole-forge-messer-birkenholz-griff-1-stueck-glaenzender-edelstahl-12cm\/"},"modified":"2025-12-03T18:38:33","modified_gmt":"2025-12-03T17:38:33","slug":"laguiole-forge-messer-birkenholz-griff-1-stueck-glaenzender-edelstahl-12cm","status":"publish","type":"product","link":"https:\/\/laguiole.com\/de\/produit\/laguiole-forge-messer-birkenholz-griff-1-stueck-glaenzender-edelstahl-12cm\/","title":{"rendered":"Laguiole Forge Messer Birkenholz Griff 1 St\u00fcck Gl\u00e4nzender Edelstahl 12cm"},"content":{"rendered":"<p>Birkenholz ist dicht und leicht zu bearbeiten. Im Besteck sind es die gedrehten St\u00e4mme und Maserknollen, die begehrt sind, weil sie ein sogenanntes Lockenholz, also ge\u00e4dert oder braun gefleckt, mit einem sch\u00f6nen Effekt liefern, der sich f\u00fcr Furnier eignet. Dieses Holz ist sowohl \u00e4sthetisch als auch solide, es ist ideal f\u00fcr die Herstellung von Messergriffen und verleiht Ihrem Schneidwerkzeug einen Hauch von Eleganz.  <\/p>\n<p>Das Holz wird stabilisiert, dies besteht darin, das Holz im Laufe der Zeit stabiler zu machen und es zu verbessern, indem es mit einem Harz verdichtet wird, das es auch erm\u00f6glicht, die Maserung und die Muster des Holzes hervorzuheben.<\/p>\n","protected":false},"excerpt":{"rendered":"<p>Forge de Laguiole Klappmesser 1 St\u00fcck<br \/>\nGriff aus Birkenholz<br \/>\nGriffgr\u00f6\u00dfe: 12 cm<br \/>\nKropfe aus<br \/>\ngl\u00e4nzendem Edelstahl Klinge: T12 Guillochierte Feder aus gl\u00e4nzendem<br \/>\nStahl<\/p>\n","protected":false},"featured_media":39612,"template":"","meta":{"_acf_changed":false,"_monsterinsights_skip_tracking":false,"_monsterinsights_sitenote_active":false,"_monsterinsights_sitenote_note":"","_monsterinsights_sitenote_category":0},"product_brand":[],"product_cat":[5938,5939,5940],"product_tag":[],"class_list":{"0":"post-39608","1":"product","2":"type-product","3":"status-publish","4":"has-post-thumbnail","6":"product_cat-klappmesser","7":"product_cat-laguiole-klappmesser","8":"product_cat-laguiole-traditionelle-messer-mit-und-ohne-korkenzieher","9":"pa_composition-couteau-1-stueck-nur-klinge","10":"pa_finition-brillant","11":"pa_lame-glaenzender-edelstahl","12":"pa_manche-en-bois-gemeine-birke","13":"pa_marque-forge-de-laguiole","14":"pa_mitres-2-gehrungen","15":"pa_mitres-glaenzender-edelstahl","16":"pa_platines-einzelplatin","17":"pa_ressort-guilloche","18":"tm-has-options","21":"instock","22":"taxable","23":"shipping-taxable","24":"purchasable","25":"product-type-simple"},"supplier_id":null,"supplier_sku":"","barcode":null,"atum_controlled":true,"out_stock_date":null,"out_stock_threshold":null,"inheritable":false,"inbound_stock":0,"stock_on_hold":0,"sold_today":0,"sales_last_days":0,"reserved_stock":0,"customer_returns":0,"warehouse_damage":0,"lost_in_post":0,"other_logs":0,"out_stock_days":0,"lost_sales":0,"has_location":false,"update_date":"2026-05-01T00:45:40","atum_locations":[],"atum_stock_status":"instock","restock_status":false,"low_stock_amount":"","sales_update_date":"2026-05-01T00:45:40","calc_backorders":0,"acf":[],"yoast_head":"<!-- This site is optimized with the Yoast SEO plugin v27.3 - https:\/\/yoast.com\/product\/yoast-seo-wordpress\/ -->\n<title>Laguiole Forge Messer Birkenholz Griff 1 St\u00fcck Gl\u00e4nzender Edelstahl 12cm - Laguiole.com \u00ae<\/title>\n<meta name=\"robots\" content=\"index, follow, max-snippet:-1, max-image-preview:large, max-video-preview:-1\" \/>\n<link rel=\"canonical\" href=\"https:\/\/laguiole.com\/de\/produit\/laguiole-forge-messer-birkenholz-griff-1-stueck-glaenzender-edelstahl-12cm\/\" \/>\n<meta property=\"og:locale\" content=\"de_DE\" \/>\n<meta property=\"og:type\" content=\"article\" \/>\n<meta property=\"og:title\" content=\"Laguiole Forge Messer Birkenholz Griff 1 St\u00fcck Gl\u00e4nzender Edelstahl 12cm - Laguiole.com \u00ae\" \/>\n<meta property=\"og:description\" content=\"Forge de Laguiole Klappmesser 1 St\u00fcck Griff aus Birkenholz Griffgr\u00f6\u00dfe: 12 cm Kropfe aus gl\u00e4nzendem Edelstahl Klinge: T12 Guillochierte Feder aus gl\u00e4nzendem Stahl\" \/>\n<meta property=\"og:url\" content=\"https:\/\/laguiole.com\/de\/produit\/laguiole-forge-messer-birkenholz-griff-1-stueck-glaenzender-edelstahl-12cm\/\" \/>\n<meta property=\"og:site_name\" content=\"Laguiole.com \u00ae\" \/>\n<meta property=\"article:publisher\" content=\"https:\/\/www.facebook.com\/laguiolecom\/\" \/>\n<meta property=\"article:modified_time\" content=\"2025-12-03T17:38:33+00:00\" \/>\n<meta property=\"og:image\" content=\"https:\/\/laguiole.com\/wp-content\/uploads\/2023\/07\/Couteau_Forge_de_Laguiole_Manche_en_Bois_de_Bouleau_1_Piece_Inox_Brillant_12cm_00.jpg\" \/>\n\t<meta property=\"og:image:width\" content=\"1033\" \/>\n\t<meta property=\"og:image:height\" content=\"1033\" \/>\n\t<meta property=\"og:image:type\" content=\"image\/jpeg\" \/>\n<meta name=\"twitter:card\" content=\"summary_large_image\" \/>\n<meta name=\"twitter:label1\" content=\"Gesch\u00e4tzte Lesezeit\" \/>\n\t<meta name=\"twitter:data1\" content=\"1\u00a0Minute\" \/>\n<script type=\"application\/ld+json\" class=\"yoast-schema-graph\">{\"@context\":\"https:\\\/\\\/schema.org\",\"@graph\":[{\"@type\":\"WebPage\",\"@id\":\"https:\\\/\\\/laguiole.com\\\/de\\\/produit\\\/laguiole-forge-messer-birkenholz-griff-1-stueck-glaenzender-edelstahl-12cm\\\/\",\"url\":\"https:\\\/\\\/laguiole.com\\\/de\\\/produit\\\/laguiole-forge-messer-birkenholz-griff-1-stueck-glaenzender-edelstahl-12cm\\\/\",\"name\":\"Laguiole Forge Messer Birkenholz Griff 1 St\u00fcck Gl\u00e4nzender Edelstahl 12cm - Laguiole.com \u00ae\",\"isPartOf\":{\"@id\":\"https:\\\/\\\/laguiole.com\\\/de\\\/#website\"},\"primaryImageOfPage\":{\"@id\":\"https:\\\/\\\/laguiole.com\\\/de\\\/produit\\\/laguiole-forge-messer-birkenholz-griff-1-stueck-glaenzender-edelstahl-12cm\\\/#primaryimage\"},\"image\":{\"@id\":\"https:\\\/\\\/laguiole.com\\\/de\\\/produit\\\/laguiole-forge-messer-birkenholz-griff-1-stueck-glaenzender-edelstahl-12cm\\\/#primaryimage\"},\"thumbnailUrl\":\"https:\\\/\\\/laguiole.com\\\/wp-content\\\/uploads\\\/2023\\\/07\\\/Couteau_Forge_de_Laguiole_Manche_en_Bois_de_Bouleau_1_Piece_Inox_Brillant_12cm_00.jpg\",\"datePublished\":\"2023-07-21T17:19:50+00:00\",\"dateModified\":\"2025-12-03T17:38:33+00:00\",\"breadcrumb\":{\"@id\":\"https:\\\/\\\/laguiole.com\\\/de\\\/produit\\\/laguiole-forge-messer-birkenholz-griff-1-stueck-glaenzender-edelstahl-12cm\\\/#breadcrumb\"},\"inLanguage\":\"de\",\"potentialAction\":[{\"@type\":\"ReadAction\",\"target\":[\"https:\\\/\\\/laguiole.com\\\/de\\\/produit\\\/laguiole-forge-messer-birkenholz-griff-1-stueck-glaenzender-edelstahl-12cm\\\/\"]}]},{\"@type\":\"ImageObject\",\"inLanguage\":\"de\",\"@id\":\"https:\\\/\\\/laguiole.com\\\/de\\\/produit\\\/laguiole-forge-messer-birkenholz-griff-1-stueck-glaenzender-edelstahl-12cm\\\/#primaryimage\",\"url\":\"https:\\\/\\\/laguiole.com\\\/wp-content\\\/uploads\\\/2023\\\/07\\\/Couteau_Forge_de_Laguiole_Manche_en_Bois_de_Bouleau_1_Piece_Inox_Brillant_12cm_00.jpg\",\"contentUrl\":\"https:\\\/\\\/laguiole.com\\\/wp-content\\\/uploads\\\/2023\\\/07\\\/Couteau_Forge_de_Laguiole_Manche_en_Bois_de_Bouleau_1_Piece_Inox_Brillant_12cm_00.jpg\",\"width\":1033,\"height\":1033,\"caption\":\"Laguiole Forge Messer Birkenholz Griff 1 St\u00fcck Gl\u00e4nzender Edelstahl 12cm\"},{\"@type\":\"BreadcrumbList\",\"@id\":\"https:\\\/\\\/laguiole.com\\\/de\\\/produit\\\/laguiole-forge-messer-birkenholz-griff-1-stueck-glaenzender-edelstahl-12cm\\\/#breadcrumb\",\"itemListElement\":[{\"@type\":\"ListItem\",\"position\":1,\"name\":\"Accueil\",\"item\":\"https:\\\/\\\/laguiole.com\\\/de\\\/\"},{\"@type\":\"ListItem\",\"position\":2,\"name\":\"Shop\",\"item\":\"https:\\\/\\\/laguiole.com\\\/de\\\/shop-2\\\/\"},{\"@type\":\"ListItem\",\"position\":3,\"name\":\"Laguiole Forge Messer Birkenholz Griff 1 St\u00fcck Gl\u00e4nzender Edelstahl 12cm\"}]},{\"@type\":\"WebSite\",\"@id\":\"https:\\\/\\\/laguiole.com\\\/de\\\/#website\",\"url\":\"https:\\\/\\\/laguiole.com\\\/de\\\/\",\"name\":\"Laguiole.com\",\"description\":\"Laguiole - Couteau laguiole, Chateau Laguiole, Laguiole en Aubrac, Forge de Laguiole\",\"publisher\":{\"@id\":\"https:\\\/\\\/laguiole.com\\\/de\\\/#organization\"},\"potentialAction\":[{\"@type\":\"SearchAction\",\"target\":{\"@type\":\"EntryPoint\",\"urlTemplate\":\"https:\\\/\\\/laguiole.com\\\/de\\\/?s={search_term_string}\"},\"query-input\":{\"@type\":\"PropertyValueSpecification\",\"valueRequired\":true,\"valueName\":\"search_term_string\"}}],\"inLanguage\":\"de\"},{\"@type\":\"Organization\",\"@id\":\"https:\\\/\\\/laguiole.com\\\/de\\\/#organization\",\"name\":\"Laguiole.com\",\"url\":\"https:\\\/\\\/laguiole.com\\\/de\\\/\",\"logo\":{\"@type\":\"ImageObject\",\"inLanguage\":\"de\",\"@id\":\"https:\\\/\\\/laguiole.com\\\/de\\\/#\\\/schema\\\/logo\\\/image\\\/\",\"url\":\"https:\\\/\\\/laguiole.com\\\/wp-content\\\/uploads\\\/2021\\\/02\\\/logo_laguiole.com-horizontal.jpg\",\"contentUrl\":\"https:\\\/\\\/laguiole.com\\\/wp-content\\\/uploads\\\/2021\\\/02\\\/logo_laguiole.com-horizontal.jpg\",\"width\":490,\"height\":156,\"caption\":\"Laguiole.com\"},\"image\":{\"@id\":\"https:\\\/\\\/laguiole.com\\\/de\\\/#\\\/schema\\\/logo\\\/image\\\/\"},\"sameAs\":[\"https:\\\/\\\/www.facebook.com\\\/laguiolecom\\\/\",\"https:\\\/\\\/www.instagram.com\\\/laguiolecom\\\/\",\"https:\\\/\\\/www.youtube.com\\\/@laguiolecom\\\/videos\"]}]}<\/script>\n<!-- \/ Yoast SEO plugin. -->","yoast_head_json":{"title":"Laguiole Forge Messer Birkenholz Griff 1 St\u00fcck Gl\u00e4nzender Edelstahl 12cm - Laguiole.com \u00ae","robots":{"index":"index","follow":"follow","max-snippet":"max-snippet:-1","max-image-preview":"max-image-preview:large","max-video-preview":"max-video-preview:-1"},"canonical":"https:\/\/laguiole.com\/de\/produit\/laguiole-forge-messer-birkenholz-griff-1-stueck-glaenzender-edelstahl-12cm\/","og_locale":"de_DE","og_type":"article","og_title":"Laguiole Forge Messer Birkenholz Griff 1 St\u00fcck Gl\u00e4nzender Edelstahl 12cm - Laguiole.com \u00ae","og_description":"Forge de Laguiole Klappmesser 1 St\u00fcck Griff aus Birkenholz Griffgr\u00f6\u00dfe: 12 cm Kropfe aus gl\u00e4nzendem Edelstahl Klinge: T12 Guillochierte Feder aus gl\u00e4nzendem Stahl","og_url":"https:\/\/laguiole.com\/de\/produit\/laguiole-forge-messer-birkenholz-griff-1-stueck-glaenzender-edelstahl-12cm\/","og_site_name":"Laguiole.com \u00ae","article_publisher":"https:\/\/www.facebook.com\/laguiolecom\/","article_modified_time":"2025-12-03T17:38:33+00:00","og_image":[{"width":1033,"height":1033,"url":"https:\/\/laguiole.com\/wp-content\/uploads\/2023\/07\/Couteau_Forge_de_Laguiole_Manche_en_Bois_de_Bouleau_1_Piece_Inox_Brillant_12cm_00.jpg","type":"image\/jpeg"}],"twitter_card":"summary_large_image","twitter_misc":{"Gesch\u00e4tzte Lesezeit":"1\u00a0Minute"},"schema":{"@context":"https:\/\/schema.org","@graph":[{"@type":"WebPage","@id":"https:\/\/laguiole.com\/de\/produit\/laguiole-forge-messer-birkenholz-griff-1-stueck-glaenzender-edelstahl-12cm\/","url":"https:\/\/laguiole.com\/de\/produit\/laguiole-forge-messer-birkenholz-griff-1-stueck-glaenzender-edelstahl-12cm\/","name":"Laguiole Forge Messer Birkenholz Griff 1 St\u00fcck Gl\u00e4nzender Edelstahl 12cm - Laguiole.com \u00ae","isPartOf":{"@id":"https:\/\/laguiole.com\/de\/#website"},"primaryImageOfPage":{"@id":"https:\/\/laguiole.com\/de\/produit\/laguiole-forge-messer-birkenholz-griff-1-stueck-glaenzender-edelstahl-12cm\/#primaryimage"},"image":{"@id":"https:\/\/laguiole.com\/de\/produit\/laguiole-forge-messer-birkenholz-griff-1-stueck-glaenzender-edelstahl-12cm\/#primaryimage"},"thumbnailUrl":"https:\/\/laguiole.com\/wp-content\/uploads\/2023\/07\/Couteau_Forge_de_Laguiole_Manche_en_Bois_de_Bouleau_1_Piece_Inox_Brillant_12cm_00.jpg","datePublished":"2023-07-21T17:19:50+00:00","dateModified":"2025-12-03T17:38:33+00:00","breadcrumb":{"@id":"https:\/\/laguiole.com\/de\/produit\/laguiole-forge-messer-birkenholz-griff-1-stueck-glaenzender-edelstahl-12cm\/#breadcrumb"},"inLanguage":"de","potentialAction":[{"@type":"ReadAction","target":["https:\/\/laguiole.com\/de\/produit\/laguiole-forge-messer-birkenholz-griff-1-stueck-glaenzender-edelstahl-12cm\/"]}]},{"@type":"ImageObject","inLanguage":"de","@id":"https:\/\/laguiole.com\/de\/produit\/laguiole-forge-messer-birkenholz-griff-1-stueck-glaenzender-edelstahl-12cm\/#primaryimage","url":"https:\/\/laguiole.com\/wp-content\/uploads\/2023\/07\/Couteau_Forge_de_Laguiole_Manche_en_Bois_de_Bouleau_1_Piece_Inox_Brillant_12cm_00.jpg","contentUrl":"https:\/\/laguiole.com\/wp-content\/uploads\/2023\/07\/Couteau_Forge_de_Laguiole_Manche_en_Bois_de_Bouleau_1_Piece_Inox_Brillant_12cm_00.jpg","width":1033,"height":1033,"caption":"Laguiole Forge Messer Birkenholz Griff 1 St\u00fcck Gl\u00e4nzender Edelstahl 12cm"},{"@type":"BreadcrumbList","@id":"https:\/\/laguiole.com\/de\/produit\/laguiole-forge-messer-birkenholz-griff-1-stueck-glaenzender-edelstahl-12cm\/#breadcrumb","itemListElement":[{"@type":"ListItem","position":1,"name":"Accueil","item":"https:\/\/laguiole.com\/de\/"},{"@type":"ListItem","position":2,"name":"Shop","item":"https:\/\/laguiole.com\/de\/shop-2\/"},{"@type":"ListItem","position":3,"name":"Laguiole Forge Messer Birkenholz Griff 1 St\u00fcck Gl\u00e4nzender Edelstahl 12cm"}]},{"@type":"WebSite","@id":"https:\/\/laguiole.com\/de\/#website","url":"https:\/\/laguiole.com\/de\/","name":"Laguiole.com","description":"Laguiole - Couteau laguiole, Chateau Laguiole, Laguiole en Aubrac, Forge de Laguiole","publisher":{"@id":"https:\/\/laguiole.com\/de\/#organization"},"potentialAction":[{"@type":"SearchAction","target":{"@type":"EntryPoint","urlTemplate":"https:\/\/laguiole.com\/de\/?s={search_term_string}"},"query-input":{"@type":"PropertyValueSpecification","valueRequired":true,"valueName":"search_term_string"}}],"inLanguage":"de"},{"@type":"Organization","@id":"https:\/\/laguiole.com\/de\/#organization","name":"Laguiole.com","url":"https:\/\/laguiole.com\/de\/","logo":{"@type":"ImageObject","inLanguage":"de","@id":"https:\/\/laguiole.com\/de\/#\/schema\/logo\/image\/","url":"https:\/\/laguiole.com\/wp-content\/uploads\/2021\/02\/logo_laguiole.com-horizontal.jpg","contentUrl":"https:\/\/laguiole.com\/wp-content\/uploads\/2021\/02\/logo_laguiole.com-horizontal.jpg","width":490,"height":156,"caption":"Laguiole.com"},"image":{"@id":"https:\/\/laguiole.com\/de\/#\/schema\/logo\/image\/"},"sameAs":["https:\/\/www.facebook.com\/laguiolecom\/","https:\/\/www.instagram.com\/laguiolecom\/","https:\/\/www.youtube.com\/@laguiolecom\/videos"]}]}},"_links":{"self":[{"href":"https:\/\/laguiole.com\/de\/wp-json\/wp\/v2\/product\/39608","targetHints":{"allow":["GET"]}}],"collection":[{"href":"https:\/\/laguiole.com\/de\/wp-json\/wp\/v2\/product"}],"about":[{"href":"https:\/\/laguiole.com\/de\/wp-json\/wp\/v2\/types\/product"}],"version-history":[{"count":0,"href":"https:\/\/laguiole.com\/de\/wp-json\/wp\/v2\/product\/39608\/revisions"}],"wp:featuredmedia":[{"embeddable":true,"href":"https:\/\/laguiole.com\/de\/wp-json\/wp\/v2\/media\/39612"}],"wp:attachment":[{"href":"https:\/\/laguiole.com\/de\/wp-json\/wp\/v2\/media?parent=39608"}],"wp:term":[{"taxonomy":"product_brand","embeddable":true,"href":"https:\/\/laguiole.com\/de\/wp-json\/wp\/v2\/product_brand?post=39608"},{"taxonomy":"product_cat","embeddable":true,"href":"https:\/\/laguiole.com\/de\/wp-json\/wp\/v2\/product_cat?post=39608"},{"taxonomy":"product_tag","embeddable":true,"href":"https:\/\/laguiole.com\/de\/wp-json\/wp\/v2\/product_tag?post=39608"}],"curies":[{"name":"wp","href":"https:\/\/api.w.org\/{rel}","templated":true}]}}