{"id":39602,"date":"2023-07-21T10:49:45","date_gmt":"2023-07-21T08:49:45","guid":{"rendered":"https:\/\/laguiole.com\/produit\/laguiole-messer-aus-aubrac-origin-golden-gate-vollgriff-12-cm-rot\/"},"modified":"2025-11-05T11:01:47","modified_gmt":"2025-11-05T10:01:47","slug":"laguiole-messer-aus-aubrac-origin-golden-gate-vollgriff-12-cm-rot","status":"publish","type":"product","link":"https:\/\/laguiole.com\/de\/produit\/laguiole-messer-aus-aubrac-origin-golden-gate-vollgriff-12-cm-rot\/","title":{"rendered":"Laguiole Messer aus Aubrac Origin GOLDEN GATE Vollgriff 12 cm Rot"},"content":{"rendered":"<p data-start=\"243\" data-end=\"570\">Das Origin Golden Gate Klappmesser ist aus rotem Stahl gefertigt.<br data-start=\"340\" data-end=\"343\">Sein Design ist von der Silhouette der Golden Gate Bridge in San Francisco inspiriert, einem Symbol f\u00fcr Technik und Moderne.<br data-start=\"456\" data-end=\"459\">Die Linien des Halses erinnern an die B\u00f6gen und Metallseile des Stegs und vereinen \u00c4sthetik und Funktionalit\u00e4t.<\/p>\n<p data-start=\"572\" data-end=\"769\">Die Klinge entfaltet sich leichtg\u00e4ngig und pr\u00e4zise.<br data-start=\"618\" data-end=\"621\">Die rote Farbe unterstreicht die Struktur und Einzigartigkeit jedes Zimmers.<br data-start=\"704\" data-end=\"707\">Die kompakte Faltung sorgt f\u00fcr Komfort und Sicherheit bei jedem Einsatz.<\/p>\n<p data-start=\"771\" data-end=\"948\">Ideal f\u00fcr alle, die Stil und Leistung suchen, verwandelt es jeden Gebrauch in ein bemerkenswertes Erlebnis.<br data-start=\"884\" data-end=\"887\">Ein einzigartiges Objekt, an dem Design und Einfallsreichtum aufeinandertreffen.<\/p>\n","protected":false},"excerpt":{"rendered":"<p>Laguiole Messer in Aubrac Folding Origin Golden Gate Bridge Red<br \/>\nSan Fransisco Kollektion<br \/>\nGriff: Edelstahl, dessen Ergonomie an die ber\u00fchmte Bridge<br \/>\nSmooth Spring erinnert und durch Lasergravur<br \/>\nanpassbar Smooth Welded Fly Blade<br \/>\nmit Gehrung aus Edelstahl 12C27.<br \/>\nHergestellt aus Teilen der ber\u00fchmten kalifornischen Golden Gate Bridge<br \/>\nLimitierte und nummerierte<br \/>\nAuflage Gesamtl\u00e4nge Messer: 22 cm<br \/>\nGriffl\u00e4nge: 12 cm<br \/>\nKlingenl\u00e4nge: 10 cm<br \/>\nMesser Geliefert in einer zylindrischen R\u00f6hre mit dem Bildnis der Golden Gate Bridge und einer Karte der Br\u00fccke, die die Herkunft der St\u00fccke angibt.<\/p>\n<p><iframe style=\"max-width: 100%; max-height: 100%;\" src=\"https:\/\/spinzam.com\/shot\/embed\/?idx=235519\" width=\"420\" height=\"420\" frameborder=\"0\" scrolling=\"no\"><\/iframe><\/p>\n","protected":false},"featured_media":39603,"template":"","meta":{"_acf_changed":false,"_monsterinsights_skip_tracking":false,"_monsterinsights_sitenote_active":false,"_monsterinsights_sitenote_note":"","_monsterinsights_sitenote_category":0},"product_brand":[],"product_cat":[5938,5939,5942],"product_tag":[],"class_list":{"0":"post-39602","1":"product","2":"type-product","3":"status-publish","4":"has-post-thumbnail","6":"product_cat-klappmesser","7":"product_cat-laguiole-klappmesser","8":"product_cat-laguiole-origines-messer","9":"pa_finition-brillant","10":"pa_lame-glaenzender-edelstahl","11":"pa_marque-laguiole-en-aubracfr","12":"pa_mitres-ohne-gehrung-vollstaendige-huelse","13":"pa_origines-golden-gate","14":"pa_ressort-glatt","15":"pa_taille-du-manche-12-cm","16":"tm-has-options","19":"instock","20":"taxable","21":"shipping-taxable","22":"purchasable","23":"product-type-simple"},"supplier_id":null,"supplier_sku":"","barcode":null,"atum_controlled":true,"out_stock_date":null,"out_stock_threshold":null,"inheritable":false,"inbound_stock":0,"stock_on_hold":0,"sold_today":0,"sales_last_days":0,"reserved_stock":0,"customer_returns":0,"warehouse_damage":0,"lost_in_post":0,"other_logs":0,"out_stock_days":0,"lost_sales":0,"has_location":false,"update_date":"2026-05-02T00:48:00","atum_locations":[],"atum_stock_status":"instock","restock_status":false,"low_stock_amount":"","sales_update_date":"2026-05-02T00:48:00","calc_backorders":0,"acf":[],"yoast_head":"<!-- This site is optimized with the Yoast SEO plugin v27.3 - https:\/\/yoast.com\/product\/yoast-seo-wordpress\/ -->\n<title>Origin Golden Gate Klappmesser \u2013 Roter Stahl \u2013 Ikonisches Design<\/title>\n<meta name=\"description\" content=\"Origin Golden Gate Klappmesser aus rotem Stahl. Das Design ist von der San Francisco Bridge inspiriert und verbindet architektonische Eleganz mit au\u00dfergew\u00f6hnlicher Leistung.\" \/>\n<meta name=\"robots\" content=\"index, follow, max-snippet:-1, max-image-preview:large, max-video-preview:-1\" \/>\n<link rel=\"canonical\" href=\"https:\/\/laguiole.com\/de\/produit\/laguiole-messer-aus-aubrac-origin-golden-gate-vollgriff-12-cm-rot\/\" \/>\n<meta property=\"og:locale\" content=\"de_DE\" \/>\n<meta property=\"og:type\" content=\"article\" \/>\n<meta property=\"og:title\" content=\"Origin Golden Gate Klappmesser \u2013 Roter Stahl \u2013 Ikonisches Design\" \/>\n<meta property=\"og:description\" content=\"Origin Golden Gate Klappmesser aus rotem Stahl. Das Design ist von der San Francisco Bridge inspiriert und verbindet architektonische Eleganz mit au\u00dfergew\u00f6hnlicher Leistung.\" \/>\n<meta property=\"og:url\" content=\"https:\/\/laguiole.com\/de\/produit\/laguiole-messer-aus-aubrac-origin-golden-gate-vollgriff-12-cm-rot\/\" \/>\n<meta property=\"og:site_name\" content=\"Laguiole.com \u00ae\" \/>\n<meta property=\"article:publisher\" content=\"https:\/\/www.facebook.com\/laguiolecom\/\" \/>\n<meta property=\"article:modified_time\" content=\"2025-11-05T10:01:47+00:00\" \/>\n<meta property=\"og:image\" content=\"https:\/\/laguiole.com\/wp-content\/uploads\/2023\/07\/Couteau_Laguiole_en_Aubrac_Origine_GOLDEN_GATE_Plein_Manche_12_cm_Rouge_00.jpg\" \/>\n\t<meta property=\"og:image:width\" content=\"1033\" \/>\n\t<meta property=\"og:image:height\" content=\"1033\" \/>\n\t<meta property=\"og:image:type\" content=\"image\/jpeg\" \/>\n<meta name=\"twitter:card\" content=\"summary_large_image\" \/>\n<meta name=\"twitter:label1\" content=\"Gesch\u00e4tzte Lesezeit\" \/>\n\t<meta name=\"twitter:data1\" content=\"1\u00a0Minute\" \/>\n<script type=\"application\/ld+json\" class=\"yoast-schema-graph\">{\"@context\":\"https:\\\/\\\/schema.org\",\"@graph\":[{\"@type\":\"WebPage\",\"@id\":\"https:\\\/\\\/laguiole.com\\\/de\\\/produit\\\/laguiole-messer-aus-aubrac-origin-golden-gate-vollgriff-12-cm-rot\\\/\",\"url\":\"https:\\\/\\\/laguiole.com\\\/de\\\/produit\\\/laguiole-messer-aus-aubrac-origin-golden-gate-vollgriff-12-cm-rot\\\/\",\"name\":\"Origin Golden Gate Klappmesser \u2013 Roter Stahl \u2013 Ikonisches Design\",\"isPartOf\":{\"@id\":\"https:\\\/\\\/laguiole.com\\\/de\\\/#website\"},\"primaryImageOfPage\":{\"@id\":\"https:\\\/\\\/laguiole.com\\\/de\\\/produit\\\/laguiole-messer-aus-aubrac-origin-golden-gate-vollgriff-12-cm-rot\\\/#primaryimage\"},\"image\":{\"@id\":\"https:\\\/\\\/laguiole.com\\\/de\\\/produit\\\/laguiole-messer-aus-aubrac-origin-golden-gate-vollgriff-12-cm-rot\\\/#primaryimage\"},\"thumbnailUrl\":\"https:\\\/\\\/laguiole.com\\\/wp-content\\\/uploads\\\/2023\\\/07\\\/Couteau_Laguiole_en_Aubrac_Origine_GOLDEN_GATE_Plein_Manche_12_cm_Rouge_00.jpg\",\"datePublished\":\"2023-07-21T08:49:45+00:00\",\"dateModified\":\"2025-11-05T10:01:47+00:00\",\"description\":\"Origin Golden Gate Klappmesser aus rotem Stahl. Das Design ist von der San Francisco Bridge inspiriert und verbindet architektonische Eleganz mit au\u00dfergew\u00f6hnlicher Leistung.\",\"breadcrumb\":{\"@id\":\"https:\\\/\\\/laguiole.com\\\/de\\\/produit\\\/laguiole-messer-aus-aubrac-origin-golden-gate-vollgriff-12-cm-rot\\\/#breadcrumb\"},\"inLanguage\":\"de\",\"potentialAction\":[{\"@type\":\"ReadAction\",\"target\":[\"https:\\\/\\\/laguiole.com\\\/de\\\/produit\\\/laguiole-messer-aus-aubrac-origin-golden-gate-vollgriff-12-cm-rot\\\/\"]}]},{\"@type\":\"ImageObject\",\"inLanguage\":\"de\",\"@id\":\"https:\\\/\\\/laguiole.com\\\/de\\\/produit\\\/laguiole-messer-aus-aubrac-origin-golden-gate-vollgriff-12-cm-rot\\\/#primaryimage\",\"url\":\"https:\\\/\\\/laguiole.com\\\/wp-content\\\/uploads\\\/2023\\\/07\\\/Couteau_Laguiole_en_Aubrac_Origine_GOLDEN_GATE_Plein_Manche_12_cm_Rouge_00.jpg\",\"contentUrl\":\"https:\\\/\\\/laguiole.com\\\/wp-content\\\/uploads\\\/2023\\\/07\\\/Couteau_Laguiole_en_Aubrac_Origine_GOLDEN_GATE_Plein_Manche_12_cm_Rouge_00.jpg\",\"width\":1033,\"height\":1033,\"caption\":\"Laguiole Messer aus Aubrac Origin GOLDEN GATE Vollgriff 12 cm Rot\"},{\"@type\":\"BreadcrumbList\",\"@id\":\"https:\\\/\\\/laguiole.com\\\/de\\\/produit\\\/laguiole-messer-aus-aubrac-origin-golden-gate-vollgriff-12-cm-rot\\\/#breadcrumb\",\"itemListElement\":[{\"@type\":\"ListItem\",\"position\":1,\"name\":\"Accueil\",\"item\":\"https:\\\/\\\/laguiole.com\\\/de\\\/\"},{\"@type\":\"ListItem\",\"position\":2,\"name\":\"Shop\",\"item\":\"https:\\\/\\\/laguiole.com\\\/de\\\/shop-2\\\/\"},{\"@type\":\"ListItem\",\"position\":3,\"name\":\"Laguiole Messer aus Aubrac Origin GOLDEN GATE Vollgriff 12 cm Rot\"}]},{\"@type\":\"WebSite\",\"@id\":\"https:\\\/\\\/laguiole.com\\\/de\\\/#website\",\"url\":\"https:\\\/\\\/laguiole.com\\\/de\\\/\",\"name\":\"Laguiole.com\",\"description\":\"Laguiole - Couteau laguiole, Chateau Laguiole, Laguiole en Aubrac, Forge de Laguiole\",\"publisher\":{\"@id\":\"https:\\\/\\\/laguiole.com\\\/de\\\/#organization\"},\"potentialAction\":[{\"@type\":\"SearchAction\",\"target\":{\"@type\":\"EntryPoint\",\"urlTemplate\":\"https:\\\/\\\/laguiole.com\\\/de\\\/?s={search_term_string}\"},\"query-input\":{\"@type\":\"PropertyValueSpecification\",\"valueRequired\":true,\"valueName\":\"search_term_string\"}}],\"inLanguage\":\"de\"},{\"@type\":\"Organization\",\"@id\":\"https:\\\/\\\/laguiole.com\\\/de\\\/#organization\",\"name\":\"Laguiole.com\",\"url\":\"https:\\\/\\\/laguiole.com\\\/de\\\/\",\"logo\":{\"@type\":\"ImageObject\",\"inLanguage\":\"de\",\"@id\":\"https:\\\/\\\/laguiole.com\\\/de\\\/#\\\/schema\\\/logo\\\/image\\\/\",\"url\":\"https:\\\/\\\/laguiole.com\\\/wp-content\\\/uploads\\\/2021\\\/02\\\/logo_laguiole.com-horizontal.jpg\",\"contentUrl\":\"https:\\\/\\\/laguiole.com\\\/wp-content\\\/uploads\\\/2021\\\/02\\\/logo_laguiole.com-horizontal.jpg\",\"width\":490,\"height\":156,\"caption\":\"Laguiole.com\"},\"image\":{\"@id\":\"https:\\\/\\\/laguiole.com\\\/de\\\/#\\\/schema\\\/logo\\\/image\\\/\"},\"sameAs\":[\"https:\\\/\\\/www.facebook.com\\\/laguiolecom\\\/\",\"https:\\\/\\\/www.instagram.com\\\/laguiolecom\\\/\",\"https:\\\/\\\/www.youtube.com\\\/@laguiolecom\\\/videos\"]}]}<\/script>\n<!-- \/ Yoast SEO plugin. -->","yoast_head_json":{"title":"Origin Golden Gate Klappmesser \u2013 Roter Stahl \u2013 Ikonisches Design","description":"Origin Golden Gate Klappmesser aus rotem Stahl. Das Design ist von der San Francisco Bridge inspiriert und verbindet architektonische Eleganz mit au\u00dfergew\u00f6hnlicher Leistung.","robots":{"index":"index","follow":"follow","max-snippet":"max-snippet:-1","max-image-preview":"max-image-preview:large","max-video-preview":"max-video-preview:-1"},"canonical":"https:\/\/laguiole.com\/de\/produit\/laguiole-messer-aus-aubrac-origin-golden-gate-vollgriff-12-cm-rot\/","og_locale":"de_DE","og_type":"article","og_title":"Origin Golden Gate Klappmesser \u2013 Roter Stahl \u2013 Ikonisches Design","og_description":"Origin Golden Gate Klappmesser aus rotem Stahl. Das Design ist von der San Francisco Bridge inspiriert und verbindet architektonische Eleganz mit au\u00dfergew\u00f6hnlicher Leistung.","og_url":"https:\/\/laguiole.com\/de\/produit\/laguiole-messer-aus-aubrac-origin-golden-gate-vollgriff-12-cm-rot\/","og_site_name":"Laguiole.com \u00ae","article_publisher":"https:\/\/www.facebook.com\/laguiolecom\/","article_modified_time":"2025-11-05T10:01:47+00:00","og_image":[{"width":1033,"height":1033,"url":"https:\/\/laguiole.com\/wp-content\/uploads\/2023\/07\/Couteau_Laguiole_en_Aubrac_Origine_GOLDEN_GATE_Plein_Manche_12_cm_Rouge_00.jpg","type":"image\/jpeg"}],"twitter_card":"summary_large_image","twitter_misc":{"Gesch\u00e4tzte Lesezeit":"1\u00a0Minute"},"schema":{"@context":"https:\/\/schema.org","@graph":[{"@type":"WebPage","@id":"https:\/\/laguiole.com\/de\/produit\/laguiole-messer-aus-aubrac-origin-golden-gate-vollgriff-12-cm-rot\/","url":"https:\/\/laguiole.com\/de\/produit\/laguiole-messer-aus-aubrac-origin-golden-gate-vollgriff-12-cm-rot\/","name":"Origin Golden Gate Klappmesser \u2013 Roter Stahl \u2013 Ikonisches Design","isPartOf":{"@id":"https:\/\/laguiole.com\/de\/#website"},"primaryImageOfPage":{"@id":"https:\/\/laguiole.com\/de\/produit\/laguiole-messer-aus-aubrac-origin-golden-gate-vollgriff-12-cm-rot\/#primaryimage"},"image":{"@id":"https:\/\/laguiole.com\/de\/produit\/laguiole-messer-aus-aubrac-origin-golden-gate-vollgriff-12-cm-rot\/#primaryimage"},"thumbnailUrl":"https:\/\/laguiole.com\/wp-content\/uploads\/2023\/07\/Couteau_Laguiole_en_Aubrac_Origine_GOLDEN_GATE_Plein_Manche_12_cm_Rouge_00.jpg","datePublished":"2023-07-21T08:49:45+00:00","dateModified":"2025-11-05T10:01:47+00:00","description":"Origin Golden Gate Klappmesser aus rotem Stahl. Das Design ist von der San Francisco Bridge inspiriert und verbindet architektonische Eleganz mit au\u00dfergew\u00f6hnlicher Leistung.","breadcrumb":{"@id":"https:\/\/laguiole.com\/de\/produit\/laguiole-messer-aus-aubrac-origin-golden-gate-vollgriff-12-cm-rot\/#breadcrumb"},"inLanguage":"de","potentialAction":[{"@type":"ReadAction","target":["https:\/\/laguiole.com\/de\/produit\/laguiole-messer-aus-aubrac-origin-golden-gate-vollgriff-12-cm-rot\/"]}]},{"@type":"ImageObject","inLanguage":"de","@id":"https:\/\/laguiole.com\/de\/produit\/laguiole-messer-aus-aubrac-origin-golden-gate-vollgriff-12-cm-rot\/#primaryimage","url":"https:\/\/laguiole.com\/wp-content\/uploads\/2023\/07\/Couteau_Laguiole_en_Aubrac_Origine_GOLDEN_GATE_Plein_Manche_12_cm_Rouge_00.jpg","contentUrl":"https:\/\/laguiole.com\/wp-content\/uploads\/2023\/07\/Couteau_Laguiole_en_Aubrac_Origine_GOLDEN_GATE_Plein_Manche_12_cm_Rouge_00.jpg","width":1033,"height":1033,"caption":"Laguiole Messer aus Aubrac Origin GOLDEN GATE Vollgriff 12 cm Rot"},{"@type":"BreadcrumbList","@id":"https:\/\/laguiole.com\/de\/produit\/laguiole-messer-aus-aubrac-origin-golden-gate-vollgriff-12-cm-rot\/#breadcrumb","itemListElement":[{"@type":"ListItem","position":1,"name":"Accueil","item":"https:\/\/laguiole.com\/de\/"},{"@type":"ListItem","position":2,"name":"Shop","item":"https:\/\/laguiole.com\/de\/shop-2\/"},{"@type":"ListItem","position":3,"name":"Laguiole Messer aus Aubrac Origin GOLDEN GATE Vollgriff 12 cm Rot"}]},{"@type":"WebSite","@id":"https:\/\/laguiole.com\/de\/#website","url":"https:\/\/laguiole.com\/de\/","name":"Laguiole.com","description":"Laguiole - Couteau laguiole, Chateau Laguiole, Laguiole en Aubrac, Forge de Laguiole","publisher":{"@id":"https:\/\/laguiole.com\/de\/#organization"},"potentialAction":[{"@type":"SearchAction","target":{"@type":"EntryPoint","urlTemplate":"https:\/\/laguiole.com\/de\/?s={search_term_string}"},"query-input":{"@type":"PropertyValueSpecification","valueRequired":true,"valueName":"search_term_string"}}],"inLanguage":"de"},{"@type":"Organization","@id":"https:\/\/laguiole.com\/de\/#organization","name":"Laguiole.com","url":"https:\/\/laguiole.com\/de\/","logo":{"@type":"ImageObject","inLanguage":"de","@id":"https:\/\/laguiole.com\/de\/#\/schema\/logo\/image\/","url":"https:\/\/laguiole.com\/wp-content\/uploads\/2021\/02\/logo_laguiole.com-horizontal.jpg","contentUrl":"https:\/\/laguiole.com\/wp-content\/uploads\/2021\/02\/logo_laguiole.com-horizontal.jpg","width":490,"height":156,"caption":"Laguiole.com"},"image":{"@id":"https:\/\/laguiole.com\/de\/#\/schema\/logo\/image\/"},"sameAs":["https:\/\/www.facebook.com\/laguiolecom\/","https:\/\/www.instagram.com\/laguiolecom\/","https:\/\/www.youtube.com\/@laguiolecom\/videos"]}]}},"_links":{"self":[{"href":"https:\/\/laguiole.com\/de\/wp-json\/wp\/v2\/product\/39602","targetHints":{"allow":["GET"]}}],"collection":[{"href":"https:\/\/laguiole.com\/de\/wp-json\/wp\/v2\/product"}],"about":[{"href":"https:\/\/laguiole.com\/de\/wp-json\/wp\/v2\/types\/product"}],"version-history":[{"count":1,"href":"https:\/\/laguiole.com\/de\/wp-json\/wp\/v2\/product\/39602\/revisions"}],"predecessor-version":[{"id":44599,"href":"https:\/\/laguiole.com\/de\/wp-json\/wp\/v2\/product\/39602\/revisions\/44599"}],"wp:featuredmedia":[{"embeddable":true,"href":"https:\/\/laguiole.com\/de\/wp-json\/wp\/v2\/media\/39603"}],"wp:attachment":[{"href":"https:\/\/laguiole.com\/de\/wp-json\/wp\/v2\/media?parent=39602"}],"wp:term":[{"taxonomy":"product_brand","embeddable":true,"href":"https:\/\/laguiole.com\/de\/wp-json\/wp\/v2\/product_brand?post=39602"},{"taxonomy":"product_cat","embeddable":true,"href":"https:\/\/laguiole.com\/de\/wp-json\/wp\/v2\/product_cat?post=39602"},{"taxonomy":"product_tag","embeddable":true,"href":"https:\/\/laguiole.com\/de\/wp-json\/wp\/v2\/product_tag?post=39602"}],"curies":[{"name":"wp","href":"https:\/\/api.w.org\/{rel}","templated":true}]}}