{"id":39510,"date":"2023-07-29T23:19:53","date_gmt":"2023-07-29T21:19:53","guid":{"rendered":"https:\/\/laguiole.com\/produit\/laguiole-messer-in-aubrac-der-vergangenheit-1-stueck-14-cm-bueffel-vollgriff-carbon-klinge\/"},"modified":"2025-12-03T20:49:09","modified_gmt":"2025-12-03T19:49:09","slug":"laguiole-messer-in-aubrac-der-vergangenheit-1-stueck-14-cm-bueffel-vollgriff-carbon-klinge","status":"publish","type":"product","link":"https:\/\/laguiole.com\/de\/produit\/laguiole-messer-in-aubrac-der-vergangenheit-1-stueck-14-cm-bueffel-vollgriff-carbon-klinge\/","title":{"rendered":"Laguiole Messer in Aubrac der Vergangenheit 1 St\u00fcck 14 cm B\u00fcffel Vollgriff Carbon Klinge"},"content":{"rendered":"","protected":false},"excerpt":{"rendered":"<p>Laguiole Klappmesser in Aubrac Gro\u00dfe Gr\u00f6\u00dfe 14cm<br \/>\nB\u00fcffelgriff<br \/>\nVollgriff<br \/>\nCarbon-Klinge mit Federlasche<br \/>\nGeschmiedet und von Hand<br \/>\nguillochiert Hirtenkreuz auf dem Griff<br \/>\nKlingenl\u00e4nge 12cm<br \/>\nGeschlossene Messerl\u00e4nge 14cm<br \/>\nOffene Messerl\u00e4nge 26cm<br \/>\n<iframe style=\"max-width: 100%; max-height: 100%;\" src=\"https:\/\/spinzam.com\/shot\/embed\/?idx=229455\" width=\"480\" height=\"480\" frameborder=\"0\" scrolling=\"no\"><\/iframe><\/p>\n","protected":false},"featured_media":39513,"template":"","meta":{"_acf_changed":false,"_monsterinsights_skip_tracking":false,"_monsterinsights_sitenote_active":false,"_monsterinsights_sitenote_note":"","_monsterinsights_sitenote_category":0},"product_brand":[],"product_cat":[5938,5939,5944],"product_tag":[],"class_list":{"0":"post-39510","1":"product","2":"type-product","3":"status-publish","4":"has-post-thumbnail","6":"product_cat-klappmesser","7":"product_cat-laguiole-klappmesser","8":"product_cat-laguiole-spezialmesser","9":"pa_composition-couteau-1-stueck-nur-klinge","10":"pa_finition-brillant","11":"pa_lame-kohlenstoff","12":"pa_manche-en-matiere-animale-bueffel","13":"pa_marque-laguiole-en-aubracfr","14":"pa_mitres-ohne-gehrung-vollstaendige-huelse","15":"pa_mouche-geschmiedet","16":"pa_platines-einzelplatin","17":"pa_ressort-guilloche","18":"pa_taille-du-manche-14-cm0","19":"tm-has-options","22":"instock","23":"taxable","24":"shipping-taxable","25":"purchasable","26":"product-type-simple"},"supplier_id":null,"supplier_sku":"","barcode":null,"atum_controlled":true,"out_stock_date":null,"out_stock_threshold":null,"inheritable":false,"inbound_stock":0,"stock_on_hold":0,"sold_today":0,"sales_last_days":0,"reserved_stock":0,"customer_returns":0,"warehouse_damage":0,"lost_in_post":0,"other_logs":0,"out_stock_days":0,"lost_sales":0,"has_location":false,"update_date":"2026-05-02T00:46:50","atum_locations":[],"atum_stock_status":"instock","restock_status":false,"low_stock_amount":"","sales_update_date":"2026-05-02T00:46:50","calc_backorders":0,"acf":[],"yoast_head":"<!-- This site is optimized with the Yoast SEO plugin v27.3 - https:\/\/yoast.com\/product\/yoast-seo-wordpress\/ -->\n<title>Laguiole Messer in Aubrac der Vergangenheit 1 St\u00fcck 14 cm B\u00fcffel Vollgriff Carbon Klinge - Laguiole.com \u00ae<\/title>\n<meta name=\"robots\" content=\"index, follow, max-snippet:-1, max-image-preview:large, max-video-preview:-1\" \/>\n<link rel=\"canonical\" href=\"https:\/\/laguiole.com\/de\/produit\/laguiole-messer-in-aubrac-der-vergangenheit-1-stueck-14-cm-bueffel-vollgriff-carbon-klinge\/\" \/>\n<meta property=\"og:locale\" content=\"de_DE\" \/>\n<meta property=\"og:type\" content=\"article\" \/>\n<meta property=\"og:title\" content=\"Laguiole Messer in Aubrac der Vergangenheit 1 St\u00fcck 14 cm B\u00fcffel Vollgriff Carbon Klinge - Laguiole.com \u00ae\" \/>\n<meta property=\"og:description\" content=\"Laguiole Klappmesser in Aubrac Gro\u00dfe Gr\u00f6\u00dfe 14cm B\u00fcffelgriff Vollgriff Carbon-Klinge mit Federlasche Geschmiedet und von Hand guillochiert Hirtenkreuz auf dem Griff Klingenl\u00e4nge 12cm Geschlossene Messerl\u00e4nge 14cm Offene Messerl\u00e4nge 26cm\" \/>\n<meta property=\"og:url\" content=\"https:\/\/laguiole.com\/de\/produit\/laguiole-messer-in-aubrac-der-vergangenheit-1-stueck-14-cm-bueffel-vollgriff-carbon-klinge\/\" \/>\n<meta property=\"og:site_name\" content=\"Laguiole.com \u00ae\" \/>\n<meta property=\"article:publisher\" content=\"https:\/\/www.facebook.com\/laguiolecom\/\" \/>\n<meta property=\"article:modified_time\" content=\"2025-12-03T19:49:09+00:00\" \/>\n<meta property=\"og:image\" content=\"https:\/\/laguiole.com\/wp-content\/uploads\/2023\/07\/Couteau_Laguiole_en_Aubrac_Autrefois_1_Piece_14_cm_Buffle_Plein_Manche_Lame_Carbone_00.jpg\" \/>\n\t<meta property=\"og:image:width\" content=\"1033\" \/>\n\t<meta property=\"og:image:height\" content=\"1033\" \/>\n\t<meta property=\"og:image:type\" content=\"image\/jpeg\" \/>\n<meta name=\"twitter:card\" content=\"summary_large_image\" \/>\n<script type=\"application\/ld+json\" class=\"yoast-schema-graph\">{\"@context\":\"https:\\\/\\\/schema.org\",\"@graph\":[{\"@type\":\"WebPage\",\"@id\":\"https:\\\/\\\/laguiole.com\\\/de\\\/produit\\\/laguiole-messer-in-aubrac-der-vergangenheit-1-stueck-14-cm-bueffel-vollgriff-carbon-klinge\\\/\",\"url\":\"https:\\\/\\\/laguiole.com\\\/de\\\/produit\\\/laguiole-messer-in-aubrac-der-vergangenheit-1-stueck-14-cm-bueffel-vollgriff-carbon-klinge\\\/\",\"name\":\"Laguiole Messer in Aubrac der Vergangenheit 1 St\u00fcck 14 cm B\u00fcffel Vollgriff Carbon Klinge - Laguiole.com \u00ae\",\"isPartOf\":{\"@id\":\"https:\\\/\\\/laguiole.com\\\/de\\\/#website\"},\"primaryImageOfPage\":{\"@id\":\"https:\\\/\\\/laguiole.com\\\/de\\\/produit\\\/laguiole-messer-in-aubrac-der-vergangenheit-1-stueck-14-cm-bueffel-vollgriff-carbon-klinge\\\/#primaryimage\"},\"image\":{\"@id\":\"https:\\\/\\\/laguiole.com\\\/de\\\/produit\\\/laguiole-messer-in-aubrac-der-vergangenheit-1-stueck-14-cm-bueffel-vollgriff-carbon-klinge\\\/#primaryimage\"},\"thumbnailUrl\":\"https:\\\/\\\/laguiole.com\\\/wp-content\\\/uploads\\\/2023\\\/07\\\/Couteau_Laguiole_en_Aubrac_Autrefois_1_Piece_14_cm_Buffle_Plein_Manche_Lame_Carbone_00.jpg\",\"datePublished\":\"2023-07-29T21:19:53+00:00\",\"dateModified\":\"2025-12-03T19:49:09+00:00\",\"breadcrumb\":{\"@id\":\"https:\\\/\\\/laguiole.com\\\/de\\\/produit\\\/laguiole-messer-in-aubrac-der-vergangenheit-1-stueck-14-cm-bueffel-vollgriff-carbon-klinge\\\/#breadcrumb\"},\"inLanguage\":\"de\",\"potentialAction\":[{\"@type\":\"ReadAction\",\"target\":[\"https:\\\/\\\/laguiole.com\\\/de\\\/produit\\\/laguiole-messer-in-aubrac-der-vergangenheit-1-stueck-14-cm-bueffel-vollgriff-carbon-klinge\\\/\"]}]},{\"@type\":\"ImageObject\",\"inLanguage\":\"de\",\"@id\":\"https:\\\/\\\/laguiole.com\\\/de\\\/produit\\\/laguiole-messer-in-aubrac-der-vergangenheit-1-stueck-14-cm-bueffel-vollgriff-carbon-klinge\\\/#primaryimage\",\"url\":\"https:\\\/\\\/laguiole.com\\\/wp-content\\\/uploads\\\/2023\\\/07\\\/Couteau_Laguiole_en_Aubrac_Autrefois_1_Piece_14_cm_Buffle_Plein_Manche_Lame_Carbone_00.jpg\",\"contentUrl\":\"https:\\\/\\\/laguiole.com\\\/wp-content\\\/uploads\\\/2023\\\/07\\\/Couteau_Laguiole_en_Aubrac_Autrefois_1_Piece_14_cm_Buffle_Plein_Manche_Lame_Carbone_00.jpg\",\"width\":1033,\"height\":1033,\"caption\":\"Laguiole Messer in Aubrac der Vergangenheit 1 St\u00fcck 14 cm B\u00fcffel Vollgriff Carbon Klinge\"},{\"@type\":\"BreadcrumbList\",\"@id\":\"https:\\\/\\\/laguiole.com\\\/de\\\/produit\\\/laguiole-messer-in-aubrac-der-vergangenheit-1-stueck-14-cm-bueffel-vollgriff-carbon-klinge\\\/#breadcrumb\",\"itemListElement\":[{\"@type\":\"ListItem\",\"position\":1,\"name\":\"Accueil\",\"item\":\"https:\\\/\\\/laguiole.com\\\/de\\\/\"},{\"@type\":\"ListItem\",\"position\":2,\"name\":\"Shop\",\"item\":\"https:\\\/\\\/laguiole.com\\\/de\\\/shop-2\\\/\"},{\"@type\":\"ListItem\",\"position\":3,\"name\":\"Laguiole Messer in Aubrac der Vergangenheit 1 St\u00fcck 14 cm B\u00fcffel Vollgriff Carbon Klinge\"}]},{\"@type\":\"WebSite\",\"@id\":\"https:\\\/\\\/laguiole.com\\\/de\\\/#website\",\"url\":\"https:\\\/\\\/laguiole.com\\\/de\\\/\",\"name\":\"Laguiole.com\",\"description\":\"Laguiole - Couteau laguiole, Chateau Laguiole, Laguiole en Aubrac, Forge de Laguiole\",\"publisher\":{\"@id\":\"https:\\\/\\\/laguiole.com\\\/de\\\/#organization\"},\"potentialAction\":[{\"@type\":\"SearchAction\",\"target\":{\"@type\":\"EntryPoint\",\"urlTemplate\":\"https:\\\/\\\/laguiole.com\\\/de\\\/?s={search_term_string}\"},\"query-input\":{\"@type\":\"PropertyValueSpecification\",\"valueRequired\":true,\"valueName\":\"search_term_string\"}}],\"inLanguage\":\"de\"},{\"@type\":\"Organization\",\"@id\":\"https:\\\/\\\/laguiole.com\\\/de\\\/#organization\",\"name\":\"Laguiole.com\",\"url\":\"https:\\\/\\\/laguiole.com\\\/de\\\/\",\"logo\":{\"@type\":\"ImageObject\",\"inLanguage\":\"de\",\"@id\":\"https:\\\/\\\/laguiole.com\\\/de\\\/#\\\/schema\\\/logo\\\/image\\\/\",\"url\":\"https:\\\/\\\/laguiole.com\\\/wp-content\\\/uploads\\\/2021\\\/02\\\/logo_laguiole.com-horizontal.jpg\",\"contentUrl\":\"https:\\\/\\\/laguiole.com\\\/wp-content\\\/uploads\\\/2021\\\/02\\\/logo_laguiole.com-horizontal.jpg\",\"width\":490,\"height\":156,\"caption\":\"Laguiole.com\"},\"image\":{\"@id\":\"https:\\\/\\\/laguiole.com\\\/de\\\/#\\\/schema\\\/logo\\\/image\\\/\"},\"sameAs\":[\"https:\\\/\\\/www.facebook.com\\\/laguiolecom\\\/\",\"https:\\\/\\\/www.instagram.com\\\/laguiolecom\\\/\",\"https:\\\/\\\/www.youtube.com\\\/@laguiolecom\\\/videos\"]}]}<\/script>\n<!-- \/ Yoast SEO plugin. -->","yoast_head_json":{"title":"Laguiole Messer in Aubrac der Vergangenheit 1 St\u00fcck 14 cm B\u00fcffel Vollgriff Carbon Klinge - Laguiole.com \u00ae","robots":{"index":"index","follow":"follow","max-snippet":"max-snippet:-1","max-image-preview":"max-image-preview:large","max-video-preview":"max-video-preview:-1"},"canonical":"https:\/\/laguiole.com\/de\/produit\/laguiole-messer-in-aubrac-der-vergangenheit-1-stueck-14-cm-bueffel-vollgriff-carbon-klinge\/","og_locale":"de_DE","og_type":"article","og_title":"Laguiole Messer in Aubrac der Vergangenheit 1 St\u00fcck 14 cm B\u00fcffel Vollgriff Carbon Klinge - Laguiole.com \u00ae","og_description":"Laguiole Klappmesser in Aubrac Gro\u00dfe Gr\u00f6\u00dfe 14cm B\u00fcffelgriff Vollgriff Carbon-Klinge mit Federlasche Geschmiedet und von Hand guillochiert Hirtenkreuz auf dem Griff Klingenl\u00e4nge 12cm Geschlossene Messerl\u00e4nge 14cm Offene Messerl\u00e4nge 26cm","og_url":"https:\/\/laguiole.com\/de\/produit\/laguiole-messer-in-aubrac-der-vergangenheit-1-stueck-14-cm-bueffel-vollgriff-carbon-klinge\/","og_site_name":"Laguiole.com \u00ae","article_publisher":"https:\/\/www.facebook.com\/laguiolecom\/","article_modified_time":"2025-12-03T19:49:09+00:00","og_image":[{"width":1033,"height":1033,"url":"https:\/\/laguiole.com\/wp-content\/uploads\/2023\/07\/Couteau_Laguiole_en_Aubrac_Autrefois_1_Piece_14_cm_Buffle_Plein_Manche_Lame_Carbone_00.jpg","type":"image\/jpeg"}],"twitter_card":"summary_large_image","schema":{"@context":"https:\/\/schema.org","@graph":[{"@type":"WebPage","@id":"https:\/\/laguiole.com\/de\/produit\/laguiole-messer-in-aubrac-der-vergangenheit-1-stueck-14-cm-bueffel-vollgriff-carbon-klinge\/","url":"https:\/\/laguiole.com\/de\/produit\/laguiole-messer-in-aubrac-der-vergangenheit-1-stueck-14-cm-bueffel-vollgriff-carbon-klinge\/","name":"Laguiole Messer in Aubrac der Vergangenheit 1 St\u00fcck 14 cm B\u00fcffel Vollgriff Carbon Klinge - Laguiole.com \u00ae","isPartOf":{"@id":"https:\/\/laguiole.com\/de\/#website"},"primaryImageOfPage":{"@id":"https:\/\/laguiole.com\/de\/produit\/laguiole-messer-in-aubrac-der-vergangenheit-1-stueck-14-cm-bueffel-vollgriff-carbon-klinge\/#primaryimage"},"image":{"@id":"https:\/\/laguiole.com\/de\/produit\/laguiole-messer-in-aubrac-der-vergangenheit-1-stueck-14-cm-bueffel-vollgriff-carbon-klinge\/#primaryimage"},"thumbnailUrl":"https:\/\/laguiole.com\/wp-content\/uploads\/2023\/07\/Couteau_Laguiole_en_Aubrac_Autrefois_1_Piece_14_cm_Buffle_Plein_Manche_Lame_Carbone_00.jpg","datePublished":"2023-07-29T21:19:53+00:00","dateModified":"2025-12-03T19:49:09+00:00","breadcrumb":{"@id":"https:\/\/laguiole.com\/de\/produit\/laguiole-messer-in-aubrac-der-vergangenheit-1-stueck-14-cm-bueffel-vollgriff-carbon-klinge\/#breadcrumb"},"inLanguage":"de","potentialAction":[{"@type":"ReadAction","target":["https:\/\/laguiole.com\/de\/produit\/laguiole-messer-in-aubrac-der-vergangenheit-1-stueck-14-cm-bueffel-vollgriff-carbon-klinge\/"]}]},{"@type":"ImageObject","inLanguage":"de","@id":"https:\/\/laguiole.com\/de\/produit\/laguiole-messer-in-aubrac-der-vergangenheit-1-stueck-14-cm-bueffel-vollgriff-carbon-klinge\/#primaryimage","url":"https:\/\/laguiole.com\/wp-content\/uploads\/2023\/07\/Couteau_Laguiole_en_Aubrac_Autrefois_1_Piece_14_cm_Buffle_Plein_Manche_Lame_Carbone_00.jpg","contentUrl":"https:\/\/laguiole.com\/wp-content\/uploads\/2023\/07\/Couteau_Laguiole_en_Aubrac_Autrefois_1_Piece_14_cm_Buffle_Plein_Manche_Lame_Carbone_00.jpg","width":1033,"height":1033,"caption":"Laguiole Messer in Aubrac der Vergangenheit 1 St\u00fcck 14 cm B\u00fcffel Vollgriff Carbon Klinge"},{"@type":"BreadcrumbList","@id":"https:\/\/laguiole.com\/de\/produit\/laguiole-messer-in-aubrac-der-vergangenheit-1-stueck-14-cm-bueffel-vollgriff-carbon-klinge\/#breadcrumb","itemListElement":[{"@type":"ListItem","position":1,"name":"Accueil","item":"https:\/\/laguiole.com\/de\/"},{"@type":"ListItem","position":2,"name":"Shop","item":"https:\/\/laguiole.com\/de\/shop-2\/"},{"@type":"ListItem","position":3,"name":"Laguiole Messer in Aubrac der Vergangenheit 1 St\u00fcck 14 cm B\u00fcffel Vollgriff Carbon Klinge"}]},{"@type":"WebSite","@id":"https:\/\/laguiole.com\/de\/#website","url":"https:\/\/laguiole.com\/de\/","name":"Laguiole.com","description":"Laguiole - Couteau laguiole, Chateau Laguiole, Laguiole en Aubrac, Forge de Laguiole","publisher":{"@id":"https:\/\/laguiole.com\/de\/#organization"},"potentialAction":[{"@type":"SearchAction","target":{"@type":"EntryPoint","urlTemplate":"https:\/\/laguiole.com\/de\/?s={search_term_string}"},"query-input":{"@type":"PropertyValueSpecification","valueRequired":true,"valueName":"search_term_string"}}],"inLanguage":"de"},{"@type":"Organization","@id":"https:\/\/laguiole.com\/de\/#organization","name":"Laguiole.com","url":"https:\/\/laguiole.com\/de\/","logo":{"@type":"ImageObject","inLanguage":"de","@id":"https:\/\/laguiole.com\/de\/#\/schema\/logo\/image\/","url":"https:\/\/laguiole.com\/wp-content\/uploads\/2021\/02\/logo_laguiole.com-horizontal.jpg","contentUrl":"https:\/\/laguiole.com\/wp-content\/uploads\/2021\/02\/logo_laguiole.com-horizontal.jpg","width":490,"height":156,"caption":"Laguiole.com"},"image":{"@id":"https:\/\/laguiole.com\/de\/#\/schema\/logo\/image\/"},"sameAs":["https:\/\/www.facebook.com\/laguiolecom\/","https:\/\/www.instagram.com\/laguiolecom\/","https:\/\/www.youtube.com\/@laguiolecom\/videos"]}]}},"_links":{"self":[{"href":"https:\/\/laguiole.com\/de\/wp-json\/wp\/v2\/product\/39510","targetHints":{"allow":["GET"]}}],"collection":[{"href":"https:\/\/laguiole.com\/de\/wp-json\/wp\/v2\/product"}],"about":[{"href":"https:\/\/laguiole.com\/de\/wp-json\/wp\/v2\/types\/product"}],"version-history":[{"count":0,"href":"https:\/\/laguiole.com\/de\/wp-json\/wp\/v2\/product\/39510\/revisions"}],"wp:featuredmedia":[{"embeddable":true,"href":"https:\/\/laguiole.com\/de\/wp-json\/wp\/v2\/media\/39513"}],"wp:attachment":[{"href":"https:\/\/laguiole.com\/de\/wp-json\/wp\/v2\/media?parent=39510"}],"wp:term":[{"taxonomy":"product_brand","embeddable":true,"href":"https:\/\/laguiole.com\/de\/wp-json\/wp\/v2\/product_brand?post=39510"},{"taxonomy":"product_cat","embeddable":true,"href":"https:\/\/laguiole.com\/de\/wp-json\/wp\/v2\/product_cat?post=39510"},{"taxonomy":"product_tag","embeddable":true,"href":"https:\/\/laguiole.com\/de\/wp-json\/wp\/v2\/product_tag?post=39510"}],"curies":[{"name":"wp","href":"https:\/\/api.w.org\/{rel}","templated":true}]}}