{"id":39491,"date":"2023-07-29T22:58:22","date_gmt":"2023-07-29T20:58:22","guid":{"rendered":"https:\/\/laguiole.com\/produit\/laguiole-messer-in-aubrac-1-stueck-12-cm-fliege-in-form-eines-rugbyballgriffs-horn-spitze-2-gehrungen-glaenzender-edelstahl\/"},"modified":"2023-07-29T22:58:22","modified_gmt":"2023-07-29T20:58:22","slug":"laguiole-messer-in-aubrac-1-stueck-12-cm-fliege-in-form-eines-rugbyballgriffs-horn-spitze-2-gehrungen-glaenzender-edelstahl","status":"publish","type":"product","link":"https:\/\/laguiole.com\/de\/produit\/laguiole-messer-in-aubrac-1-stueck-12-cm-fliege-in-form-eines-rugbyballgriffs-horn-spitze-2-gehrungen-glaenzender-edelstahl\/","title":{"rendered":"Laguiole Messer in Aubrac 1 St\u00fcck 12 cm Fliege in Form eines Rugbyballgriffs Horn Spitze 2 Gehrungen Gl\u00e4nzender Edelstahl"},"content":{"rendered":"<p class=\"\" data-start=\"119\" data-end=\"180\"><strong data-start=\"119\" data-end=\"180\">Laguiole Rugby \u2013 Das Messer f\u00fcr echte Rugby-Enthusiasten<\/strong><\/p>\n<p class=\"\" data-start=\"182\" data-end=\"367\">St\u00e4rke, Pr\u00e4zision und Teamgeist: Dieser <strong data-start=\"223\" data-end=\"247\">au\u00dfergew\u00f6hnliche Laguiole<\/strong> ist eine Hommage an die Welt des <strong data-start=\"276\" data-end=\"285\">Rugbys<\/strong> und verbindet auf elegante Weise traditionelle Handwerkskunst und Leidenschaft f\u00fcr den ovalen Ball.<\/p>\n<p class=\"\" data-start=\"369\" data-end=\"735\">Sein fein geformter <strong data-start=\"372\" data-end=\"410\">, rugbyballf\u00f6rmiger Hosenschlitz<\/strong> verk\u00f6rpert die Seele des Spiels und macht ihn zu einem Unikat f\u00fcr Sportliebhaber. Der <strong data-start=\"511\" data-end=\"540\">Griff mit der Hornspitze<\/strong> mit seinen nat\u00fcrlichen Farbt\u00f6nen und einzigartigen Adern verleiht jedem Messer einen authentischen Charakter. Die <strong data-start=\"645\" data-end=\"672\">gl\u00e4nzenden Edelstahlpolster<\/strong> verleihen dem Ganzen einen Hauch von Modernit\u00e4t und Brillanz.  <\/p>\n<p class=\"\" data-start=\"737\" data-end=\"1061\">Es ist viel mehr als nur ein Messer, es ist ein <strong data-start=\"778\" data-end=\"801\">Sammlerst\u00fcck<\/strong>, das f\u00fcr Spieler, Fans und Enthusiasten entworfen wurde, die die Werte des Rugbys teilen: Authentizit\u00e4t, St\u00e4rke und Stolz. Praktisch f\u00fcr den t\u00e4glichen Gebrauch oder als Geschenk f\u00fcr einen besonderen Anlass, verk\u00f6rpert dieser Laguiole handwerkliche <strong data-start=\"1001\" data-end=\"1060\">Eleganz im Dienste der sportlichen Leidenschaft<\/strong>. <\/p>\n<p class=\"\" data-start=\"1063\" data-end=\"1166\">Ein Messer f\u00fcr alle, die Rugby mit Herz leben \u2013 auf dem Spielfeld wie in der dritten Halbzeit.<\/p>\n","protected":false},"excerpt":{"rendered":"<p>Laguiole Klappmesser aus Aubrac<br \/>\nHorn Spitzengriff<br \/>\n2<br \/>\ngl\u00e4nzende Edelstahlbacken Geschmiedete und handguillochierte<br \/>\nFeder Gl\u00e4nzende Klinge aus Edelstahl mit Lasche<br \/>\nAnstelle der Biene ist ein RUGBY-Ball geschnitzt.<br \/>\nKlingenl\u00e4nge 10cm<br \/>\nGeschlossene Messerl\u00e4nge 12cm<br \/>\nOffene Messerl\u00e4nge 22cm<br \/>\nLieferung in einer Laguiole Aubrac Geschenktube<\/p>\n","protected":false},"featured_media":39495,"template":"","meta":{"_acf_changed":false,"_monsterinsights_skip_tracking":false,"_monsterinsights_sitenote_active":false,"_monsterinsights_sitenote_note":"","_monsterinsights_sitenote_category":0},"product_brand":[],"product_cat":[5938,5939,5944],"product_tag":[],"class_list":{"0":"post-39491","1":"product","2":"type-product","3":"status-publish","4":"has-post-thumbnail","6":"product_cat-klappmesser","7":"product_cat-laguiole-klappmesser","8":"product_cat-laguiole-spezialmesser","9":"pa_composition-couteau-1-stueck-nur-klinge","10":"pa_finition-brillant","11":"pa_lame-glaenzender-edelstahl","12":"pa_manche-en-bois-ebenholz","13":"pa_marque-laguiole-en-aubracfr","14":"pa_mitres-2-gehrungen","15":"pa_mitres-gebuersteter-edelstahl","16":"pa_mouche-geschmiedet","17":"pa_platines-einzelplatin","18":"pa_ressort-guilloche","19":"pa_taille-du-manche-12-cm","20":"tm-has-options","23":"instock","24":"taxable","25":"shipping-taxable","26":"purchasable","27":"product-type-simple"},"supplier_id":null,"supplier_sku":"","barcode":null,"atum_controlled":true,"out_stock_date":null,"out_stock_threshold":null,"inheritable":false,"inbound_stock":0,"stock_on_hold":0,"sold_today":0,"sales_last_days":0,"reserved_stock":0,"customer_returns":0,"warehouse_damage":0,"lost_in_post":0,"other_logs":0,"out_stock_days":0,"lost_sales":0,"has_location":false,"update_date":"2026-04-30T00:43:24","atum_locations":[],"atum_stock_status":"instock","restock_status":false,"low_stock_amount":"","sales_update_date":"2026-04-30T00:43:24","calc_backorders":0,"acf":[],"yoast_head":"<!-- This site is optimized with the Yoast SEO plugin v27.3 - https:\/\/yoast.com\/product\/yoast-seo-wordpress\/ -->\n<title>Laguiole Messer in Aubrac 1 St\u00fcck 12 cm Fliege in Form eines Rugbyballgriffs Horn Spitze 2 Gehrungen Gl\u00e4nzender Edelstahl - Laguiole.com \u00ae<\/title>\n<meta name=\"description\" content=\"Praktisch f\u00fcr den t\u00e4glichen Gebrauch oder als Geschenk f\u00fcr einen besonderen Anlass, verk\u00f6rpert dieser Laguiole handwerkliche Eleganz im Dienste der sportlichen Leidenschaft.\" \/>\n<meta name=\"robots\" content=\"index, follow, max-snippet:-1, max-image-preview:large, max-video-preview:-1\" \/>\n<link rel=\"canonical\" href=\"https:\/\/laguiole.com\/de\/produit\/laguiole-messer-in-aubrac-1-stueck-12-cm-fliege-in-form-eines-rugbyballgriffs-horn-spitze-2-gehrungen-glaenzender-edelstahl\/\" \/>\n<meta property=\"og:locale\" content=\"de_DE\" \/>\n<meta property=\"og:type\" content=\"article\" \/>\n<meta property=\"og:title\" content=\"Laguiole Messer in Aubrac 1 St\u00fcck 12 cm Fliege in Form eines Rugbyballgriffs Horn Spitze 2 Gehrungen Gl\u00e4nzender Edelstahl - Laguiole.com \u00ae\" \/>\n<meta property=\"og:description\" content=\"Praktisch f\u00fcr den t\u00e4glichen Gebrauch oder als Geschenk f\u00fcr einen besonderen Anlass, verk\u00f6rpert dieser Laguiole handwerkliche Eleganz im Dienste der sportlichen Leidenschaft.\" \/>\n<meta property=\"og:url\" content=\"https:\/\/laguiole.com\/de\/produit\/laguiole-messer-in-aubrac-1-stueck-12-cm-fliege-in-form-eines-rugbyballgriffs-horn-spitze-2-gehrungen-glaenzender-edelstahl\/\" \/>\n<meta property=\"og:site_name\" content=\"Laguiole.com \u00ae\" \/>\n<meta property=\"article:publisher\" content=\"https:\/\/www.facebook.com\/laguiolecom\/\" \/>\n<meta property=\"og:image\" content=\"https:\/\/laguiole.com\/wp-content\/uploads\/2023\/07\/Couteau_Laguiole_en_Aubrac_1_Piece_12_cm_Ballon_de_Rugby_Manche_Pointe_de_Corne_2_Mitres_Inox_Brillant_00.jpg\" \/>\n\t<meta property=\"og:image:width\" content=\"1033\" \/>\n\t<meta property=\"og:image:height\" content=\"1033\" \/>\n\t<meta property=\"og:image:type\" content=\"image\/jpeg\" \/>\n<meta name=\"twitter:card\" content=\"summary_large_image\" \/>\n<meta name=\"twitter:label1\" content=\"Gesch\u00e4tzte Lesezeit\" \/>\n\t<meta name=\"twitter:data1\" content=\"1\u00a0Minute\" \/>\n<script type=\"application\/ld+json\" class=\"yoast-schema-graph\">{\"@context\":\"https:\\\/\\\/schema.org\",\"@graph\":[{\"@type\":\"WebPage\",\"@id\":\"https:\\\/\\\/laguiole.com\\\/de\\\/produit\\\/laguiole-messer-in-aubrac-1-stueck-12-cm-fliege-in-form-eines-rugbyballgriffs-horn-spitze-2-gehrungen-glaenzender-edelstahl\\\/\",\"url\":\"https:\\\/\\\/laguiole.com\\\/de\\\/produit\\\/laguiole-messer-in-aubrac-1-stueck-12-cm-fliege-in-form-eines-rugbyballgriffs-horn-spitze-2-gehrungen-glaenzender-edelstahl\\\/\",\"name\":\"Laguiole Messer in Aubrac 1 St\u00fcck 12 cm Fliege in Form eines Rugbyballgriffs Horn Spitze 2 Gehrungen Gl\u00e4nzender Edelstahl - Laguiole.com \u00ae\",\"isPartOf\":{\"@id\":\"https:\\\/\\\/laguiole.com\\\/de\\\/#website\"},\"primaryImageOfPage\":{\"@id\":\"https:\\\/\\\/laguiole.com\\\/de\\\/produit\\\/laguiole-messer-in-aubrac-1-stueck-12-cm-fliege-in-form-eines-rugbyballgriffs-horn-spitze-2-gehrungen-glaenzender-edelstahl\\\/#primaryimage\"},\"image\":{\"@id\":\"https:\\\/\\\/laguiole.com\\\/de\\\/produit\\\/laguiole-messer-in-aubrac-1-stueck-12-cm-fliege-in-form-eines-rugbyballgriffs-horn-spitze-2-gehrungen-glaenzender-edelstahl\\\/#primaryimage\"},\"thumbnailUrl\":\"https:\\\/\\\/laguiole.com\\\/wp-content\\\/uploads\\\/2023\\\/07\\\/Couteau_Laguiole_en_Aubrac_1_Piece_12_cm_Ballon_de_Rugby_Manche_Pointe_de_Corne_2_Mitres_Inox_Brillant_00.jpg\",\"datePublished\":\"2023-07-29T20:58:22+00:00\",\"description\":\"Praktisch f\u00fcr den t\u00e4glichen Gebrauch oder als Geschenk f\u00fcr einen besonderen Anlass, verk\u00f6rpert dieser Laguiole handwerkliche Eleganz im Dienste der sportlichen Leidenschaft.\",\"breadcrumb\":{\"@id\":\"https:\\\/\\\/laguiole.com\\\/de\\\/produit\\\/laguiole-messer-in-aubrac-1-stueck-12-cm-fliege-in-form-eines-rugbyballgriffs-horn-spitze-2-gehrungen-glaenzender-edelstahl\\\/#breadcrumb\"},\"inLanguage\":\"de\",\"potentialAction\":[{\"@type\":\"ReadAction\",\"target\":[\"https:\\\/\\\/laguiole.com\\\/de\\\/produit\\\/laguiole-messer-in-aubrac-1-stueck-12-cm-fliege-in-form-eines-rugbyballgriffs-horn-spitze-2-gehrungen-glaenzender-edelstahl\\\/\"]}]},{\"@type\":\"ImageObject\",\"inLanguage\":\"de\",\"@id\":\"https:\\\/\\\/laguiole.com\\\/de\\\/produit\\\/laguiole-messer-in-aubrac-1-stueck-12-cm-fliege-in-form-eines-rugbyballgriffs-horn-spitze-2-gehrungen-glaenzender-edelstahl\\\/#primaryimage\",\"url\":\"https:\\\/\\\/laguiole.com\\\/wp-content\\\/uploads\\\/2023\\\/07\\\/Couteau_Laguiole_en_Aubrac_1_Piece_12_cm_Ballon_de_Rugby_Manche_Pointe_de_Corne_2_Mitres_Inox_Brillant_00.jpg\",\"contentUrl\":\"https:\\\/\\\/laguiole.com\\\/wp-content\\\/uploads\\\/2023\\\/07\\\/Couteau_Laguiole_en_Aubrac_1_Piece_12_cm_Ballon_de_Rugby_Manche_Pointe_de_Corne_2_Mitres_Inox_Brillant_00.jpg\",\"width\":1033,\"height\":1033,\"caption\":\"Laguiole Aubrac Messer 1 St\u00fcck 12 cm Rugby Ball Griff Horn Spitze 2 Gehrungen Gl\u00e4nzender Edelstahl\"},{\"@type\":\"BreadcrumbList\",\"@id\":\"https:\\\/\\\/laguiole.com\\\/de\\\/produit\\\/laguiole-messer-in-aubrac-1-stueck-12-cm-fliege-in-form-eines-rugbyballgriffs-horn-spitze-2-gehrungen-glaenzender-edelstahl\\\/#breadcrumb\",\"itemListElement\":[{\"@type\":\"ListItem\",\"position\":1,\"name\":\"Accueil\",\"item\":\"https:\\\/\\\/laguiole.com\\\/de\\\/\"},{\"@type\":\"ListItem\",\"position\":2,\"name\":\"Shop\",\"item\":\"https:\\\/\\\/laguiole.com\\\/de\\\/shop-2\\\/\"},{\"@type\":\"ListItem\",\"position\":3,\"name\":\"Laguiole Messer in Aubrac 1 St\u00fcck 12 cm Fliege in Form eines Rugbyballgriffs Horn Spitze 2 Gehrungen Gl\u00e4nzender Edelstahl\"}]},{\"@type\":\"WebSite\",\"@id\":\"https:\\\/\\\/laguiole.com\\\/de\\\/#website\",\"url\":\"https:\\\/\\\/laguiole.com\\\/de\\\/\",\"name\":\"Laguiole.com\",\"description\":\"Laguiole - Couteau laguiole, Chateau Laguiole, Laguiole en Aubrac, Forge de Laguiole\",\"publisher\":{\"@id\":\"https:\\\/\\\/laguiole.com\\\/de\\\/#organization\"},\"potentialAction\":[{\"@type\":\"SearchAction\",\"target\":{\"@type\":\"EntryPoint\",\"urlTemplate\":\"https:\\\/\\\/laguiole.com\\\/de\\\/?s={search_term_string}\"},\"query-input\":{\"@type\":\"PropertyValueSpecification\",\"valueRequired\":true,\"valueName\":\"search_term_string\"}}],\"inLanguage\":\"de\"},{\"@type\":\"Organization\",\"@id\":\"https:\\\/\\\/laguiole.com\\\/de\\\/#organization\",\"name\":\"Laguiole.com\",\"url\":\"https:\\\/\\\/laguiole.com\\\/de\\\/\",\"logo\":{\"@type\":\"ImageObject\",\"inLanguage\":\"de\",\"@id\":\"https:\\\/\\\/laguiole.com\\\/de\\\/#\\\/schema\\\/logo\\\/image\\\/\",\"url\":\"https:\\\/\\\/laguiole.com\\\/wp-content\\\/uploads\\\/2021\\\/02\\\/logo_laguiole.com-horizontal.jpg\",\"contentUrl\":\"https:\\\/\\\/laguiole.com\\\/wp-content\\\/uploads\\\/2021\\\/02\\\/logo_laguiole.com-horizontal.jpg\",\"width\":490,\"height\":156,\"caption\":\"Laguiole.com\"},\"image\":{\"@id\":\"https:\\\/\\\/laguiole.com\\\/de\\\/#\\\/schema\\\/logo\\\/image\\\/\"},\"sameAs\":[\"https:\\\/\\\/www.facebook.com\\\/laguiolecom\\\/\",\"https:\\\/\\\/www.instagram.com\\\/laguiolecom\\\/\",\"https:\\\/\\\/www.youtube.com\\\/@laguiolecom\\\/videos\"]}]}<\/script>\n<!-- \/ Yoast SEO plugin. -->","yoast_head_json":{"title":"Laguiole Messer in Aubrac 1 St\u00fcck 12 cm Fliege in Form eines Rugbyballgriffs Horn Spitze 2 Gehrungen Gl\u00e4nzender Edelstahl - Laguiole.com \u00ae","description":"Praktisch f\u00fcr den t\u00e4glichen Gebrauch oder als Geschenk f\u00fcr einen besonderen Anlass, verk\u00f6rpert dieser Laguiole handwerkliche Eleganz im Dienste der sportlichen Leidenschaft.","robots":{"index":"index","follow":"follow","max-snippet":"max-snippet:-1","max-image-preview":"max-image-preview:large","max-video-preview":"max-video-preview:-1"},"canonical":"https:\/\/laguiole.com\/de\/produit\/laguiole-messer-in-aubrac-1-stueck-12-cm-fliege-in-form-eines-rugbyballgriffs-horn-spitze-2-gehrungen-glaenzender-edelstahl\/","og_locale":"de_DE","og_type":"article","og_title":"Laguiole Messer in Aubrac 1 St\u00fcck 12 cm Fliege in Form eines Rugbyballgriffs Horn Spitze 2 Gehrungen Gl\u00e4nzender Edelstahl - Laguiole.com \u00ae","og_description":"Praktisch f\u00fcr den t\u00e4glichen Gebrauch oder als Geschenk f\u00fcr einen besonderen Anlass, verk\u00f6rpert dieser Laguiole handwerkliche Eleganz im Dienste der sportlichen Leidenschaft.","og_url":"https:\/\/laguiole.com\/de\/produit\/laguiole-messer-in-aubrac-1-stueck-12-cm-fliege-in-form-eines-rugbyballgriffs-horn-spitze-2-gehrungen-glaenzender-edelstahl\/","og_site_name":"Laguiole.com \u00ae","article_publisher":"https:\/\/www.facebook.com\/laguiolecom\/","og_image":[{"width":1033,"height":1033,"url":"https:\/\/laguiole.com\/wp-content\/uploads\/2023\/07\/Couteau_Laguiole_en_Aubrac_1_Piece_12_cm_Ballon_de_Rugby_Manche_Pointe_de_Corne_2_Mitres_Inox_Brillant_00.jpg","type":"image\/jpeg"}],"twitter_card":"summary_large_image","twitter_misc":{"Gesch\u00e4tzte Lesezeit":"1\u00a0Minute"},"schema":{"@context":"https:\/\/schema.org","@graph":[{"@type":"WebPage","@id":"https:\/\/laguiole.com\/de\/produit\/laguiole-messer-in-aubrac-1-stueck-12-cm-fliege-in-form-eines-rugbyballgriffs-horn-spitze-2-gehrungen-glaenzender-edelstahl\/","url":"https:\/\/laguiole.com\/de\/produit\/laguiole-messer-in-aubrac-1-stueck-12-cm-fliege-in-form-eines-rugbyballgriffs-horn-spitze-2-gehrungen-glaenzender-edelstahl\/","name":"Laguiole Messer in Aubrac 1 St\u00fcck 12 cm Fliege in Form eines Rugbyballgriffs Horn Spitze 2 Gehrungen Gl\u00e4nzender Edelstahl - Laguiole.com \u00ae","isPartOf":{"@id":"https:\/\/laguiole.com\/de\/#website"},"primaryImageOfPage":{"@id":"https:\/\/laguiole.com\/de\/produit\/laguiole-messer-in-aubrac-1-stueck-12-cm-fliege-in-form-eines-rugbyballgriffs-horn-spitze-2-gehrungen-glaenzender-edelstahl\/#primaryimage"},"image":{"@id":"https:\/\/laguiole.com\/de\/produit\/laguiole-messer-in-aubrac-1-stueck-12-cm-fliege-in-form-eines-rugbyballgriffs-horn-spitze-2-gehrungen-glaenzender-edelstahl\/#primaryimage"},"thumbnailUrl":"https:\/\/laguiole.com\/wp-content\/uploads\/2023\/07\/Couteau_Laguiole_en_Aubrac_1_Piece_12_cm_Ballon_de_Rugby_Manche_Pointe_de_Corne_2_Mitres_Inox_Brillant_00.jpg","datePublished":"2023-07-29T20:58:22+00:00","description":"Praktisch f\u00fcr den t\u00e4glichen Gebrauch oder als Geschenk f\u00fcr einen besonderen Anlass, verk\u00f6rpert dieser Laguiole handwerkliche Eleganz im Dienste der sportlichen Leidenschaft.","breadcrumb":{"@id":"https:\/\/laguiole.com\/de\/produit\/laguiole-messer-in-aubrac-1-stueck-12-cm-fliege-in-form-eines-rugbyballgriffs-horn-spitze-2-gehrungen-glaenzender-edelstahl\/#breadcrumb"},"inLanguage":"de","potentialAction":[{"@type":"ReadAction","target":["https:\/\/laguiole.com\/de\/produit\/laguiole-messer-in-aubrac-1-stueck-12-cm-fliege-in-form-eines-rugbyballgriffs-horn-spitze-2-gehrungen-glaenzender-edelstahl\/"]}]},{"@type":"ImageObject","inLanguage":"de","@id":"https:\/\/laguiole.com\/de\/produit\/laguiole-messer-in-aubrac-1-stueck-12-cm-fliege-in-form-eines-rugbyballgriffs-horn-spitze-2-gehrungen-glaenzender-edelstahl\/#primaryimage","url":"https:\/\/laguiole.com\/wp-content\/uploads\/2023\/07\/Couteau_Laguiole_en_Aubrac_1_Piece_12_cm_Ballon_de_Rugby_Manche_Pointe_de_Corne_2_Mitres_Inox_Brillant_00.jpg","contentUrl":"https:\/\/laguiole.com\/wp-content\/uploads\/2023\/07\/Couteau_Laguiole_en_Aubrac_1_Piece_12_cm_Ballon_de_Rugby_Manche_Pointe_de_Corne_2_Mitres_Inox_Brillant_00.jpg","width":1033,"height":1033,"caption":"Laguiole Aubrac Messer 1 St\u00fcck 12 cm Rugby Ball Griff Horn Spitze 2 Gehrungen Gl\u00e4nzender Edelstahl"},{"@type":"BreadcrumbList","@id":"https:\/\/laguiole.com\/de\/produit\/laguiole-messer-in-aubrac-1-stueck-12-cm-fliege-in-form-eines-rugbyballgriffs-horn-spitze-2-gehrungen-glaenzender-edelstahl\/#breadcrumb","itemListElement":[{"@type":"ListItem","position":1,"name":"Accueil","item":"https:\/\/laguiole.com\/de\/"},{"@type":"ListItem","position":2,"name":"Shop","item":"https:\/\/laguiole.com\/de\/shop-2\/"},{"@type":"ListItem","position":3,"name":"Laguiole Messer in Aubrac 1 St\u00fcck 12 cm Fliege in Form eines Rugbyballgriffs Horn Spitze 2 Gehrungen Gl\u00e4nzender Edelstahl"}]},{"@type":"WebSite","@id":"https:\/\/laguiole.com\/de\/#website","url":"https:\/\/laguiole.com\/de\/","name":"Laguiole.com","description":"Laguiole - Couteau laguiole, Chateau Laguiole, Laguiole en Aubrac, Forge de Laguiole","publisher":{"@id":"https:\/\/laguiole.com\/de\/#organization"},"potentialAction":[{"@type":"SearchAction","target":{"@type":"EntryPoint","urlTemplate":"https:\/\/laguiole.com\/de\/?s={search_term_string}"},"query-input":{"@type":"PropertyValueSpecification","valueRequired":true,"valueName":"search_term_string"}}],"inLanguage":"de"},{"@type":"Organization","@id":"https:\/\/laguiole.com\/de\/#organization","name":"Laguiole.com","url":"https:\/\/laguiole.com\/de\/","logo":{"@type":"ImageObject","inLanguage":"de","@id":"https:\/\/laguiole.com\/de\/#\/schema\/logo\/image\/","url":"https:\/\/laguiole.com\/wp-content\/uploads\/2021\/02\/logo_laguiole.com-horizontal.jpg","contentUrl":"https:\/\/laguiole.com\/wp-content\/uploads\/2021\/02\/logo_laguiole.com-horizontal.jpg","width":490,"height":156,"caption":"Laguiole.com"},"image":{"@id":"https:\/\/laguiole.com\/de\/#\/schema\/logo\/image\/"},"sameAs":["https:\/\/www.facebook.com\/laguiolecom\/","https:\/\/www.instagram.com\/laguiolecom\/","https:\/\/www.youtube.com\/@laguiolecom\/videos"]}]}},"_links":{"self":[{"href":"https:\/\/laguiole.com\/de\/wp-json\/wp\/v2\/product\/39491","targetHints":{"allow":["GET"]}}],"collection":[{"href":"https:\/\/laguiole.com\/de\/wp-json\/wp\/v2\/product"}],"about":[{"href":"https:\/\/laguiole.com\/de\/wp-json\/wp\/v2\/types\/product"}],"version-history":[{"count":0,"href":"https:\/\/laguiole.com\/de\/wp-json\/wp\/v2\/product\/39491\/revisions"}],"wp:featuredmedia":[{"embeddable":true,"href":"https:\/\/laguiole.com\/de\/wp-json\/wp\/v2\/media\/39495"}],"wp:attachment":[{"href":"https:\/\/laguiole.com\/de\/wp-json\/wp\/v2\/media?parent=39491"}],"wp:term":[{"taxonomy":"product_brand","embeddable":true,"href":"https:\/\/laguiole.com\/de\/wp-json\/wp\/v2\/product_brand?post=39491"},{"taxonomy":"product_cat","embeddable":true,"href":"https:\/\/laguiole.com\/de\/wp-json\/wp\/v2\/product_cat?post=39491"},{"taxonomy":"product_tag","embeddable":true,"href":"https:\/\/laguiole.com\/de\/wp-json\/wp\/v2\/product_tag?post=39491"}],"curies":[{"name":"wp","href":"https:\/\/api.w.org\/{rel}","templated":true}]}}