{"id":39485,"date":"2023-07-29T22:03:34","date_gmt":"2023-07-29T20:03:34","guid":{"rendered":"https:\/\/laguiole.com\/produit\/laguiole-messer-in-aubrac-1-stueck-ebenholzgriff-intarsien-wildschwein-zinn-2-kropfe-edelstahl-glaenzend-12-cm\/"},"modified":"2025-11-05T10:56:42","modified_gmt":"2025-11-05T09:56:42","slug":"laguiole-messer-in-aubrac-1-stueck-ebenholzgriff-intarsien-wildschwein-zinn-2-kropfe-edelstahl-glaenzend-12-cm","status":"publish","type":"product","link":"https:\/\/laguiole.com\/de\/produit\/laguiole-messer-in-aubrac-1-stueck-ebenholzgriff-intarsien-wildschwein-zinn-2-kropfe-edelstahl-glaenzend-12-cm\/","title":{"rendered":"Laguiole Messer in Aubrac 1 St\u00fcck Ebenholzgriff Intarsien Wildschwein Zinn 2 Kropfe Edelstahl Gl\u00e4nzend 12 cm"},"content":{"rendered":"<h2 data-start=\"256\" data-end=\"333\"><strong data-start=\"259\" data-end=\"333\">Laguiole-en-Aubrac Klappmesser \u2013 Griff aus Ebenholz &amp; Wildschwein aus Zinn<\/strong><\/h2>\n<p data-start=\"335\" data-end=\"677\">Das <strong data-start=\"338\" data-end=\"374\">Klappmesser Laguiole-en-Aubrac<\/strong> wird <strong data-start=\"379\" data-end=\"410\">in der Laguiole-Zone in Espalion<\/strong> nach franz\u00f6sischer Bestecktradition handgefertigt.<br data-start=\"452\" data-end=\"455\">Sein <strong data-start=\"459\" data-end=\"478\">Griff aus tiefschwarzem Ebenholz<\/strong> wird <strong data-start=\"503\" data-end=\"566\">durch einen Zinneinschluss veredelt, der ein Wildschwein darstellt<\/strong>.<br data-start=\"567\" data-end=\"570\">Diese <strong data-start=\"576\" data-end=\"600\">zarten Intarsien<\/strong> sind <strong data-start=\"605\" data-end=\"627\">handgefertigt<\/strong> und sorgen f\u00fcr ein einzigartiges Muster auf jedem St\u00fcck.<\/p>\n<p data-start=\"679\" data-end=\"1003\">Zwei <strong data-start=\"684\" data-end=\"705\">gl\u00e4nzende Polster<\/strong> sind <strong data-start=\"711\" data-end=\"738\">pr\u00e4zise eingestellt<\/strong> , um die Ausgewogenheit des Designs zu betonen.<br data-start=\"776\" data-end=\"779\">Der Kontrast zwischen <strong data-start=\"798\" data-end=\"829\">Edelholz und poliertem Metall<\/strong> wird durch eine <strong data-start=\"860\" data-end=\"882\">gl\u00e4nzende Oberfl\u00e4che<\/strong> <strong data-start=\"834\" data-end=\"851\">verst\u00e4rkt<\/strong>.<br data-start=\"883\" data-end=\"886\">Jedes Detail ist <strong data-start=\"904\" data-end=\"934\">durchdacht und mit Sorgfalt ausgef\u00fchrt<\/strong> , um eine perfekte Harmonie zwischen <strong data-start=\"975\" data-end=\"1000\">Tradition und Eleganz<\/strong> zu bieten.<\/p>\n<p data-start=\"1005\" data-end=\"1165\">Das \u00fcberlieferte Know-how von Aubrac wird in jeder Linie <strong data-start=\"1047\" data-end=\"1057\">gew\u00fcrdigt<\/strong> .<br data-start=\"1076\" data-end=\"1079\">Ein <strong data-start=\"1082\" data-end=\"1105\">au\u00dfergew\u00f6hnliches Messer<\/strong>, bei dem <strong data-start=\"1110\" data-end=\"1148\">sich Authentizit\u00e4t, Finesse und Charakter<\/strong> <strong data-start=\"1154\" data-end=\"1164\">vereinen<\/strong>.<\/p>\n","protected":false},"excerpt":{"rendered":"<p>Laguiole Klappmesser aus Aubrac Intarsien Ebenholzgriff<\/p>\n<p>Wildschweinzinn<br \/>\nIntarsien 2 Kropfe aus gl\u00e4nzendem<br \/>\nEdelstahl Federgeschmiedet und von Hand<br \/>\nguillochiert Gl\u00e4nzende Edelstahlklinge mit Gehrung<br \/>\nKlingenl\u00e4nge 10cm<br \/>\nL\u00e4nge des Messers geschlossen 12cm<br \/>\nL\u00e4nge des Messers offen 22cm<br \/>\n<iframe style=\"max-width: 100%; max-height: 100%;\" src=\"https:\/\/spinzam.com\/shot\/embed\/?idx=225973\" width=\"480\" height=\"480\" frameborder=\"0\" scrolling=\"no\"><\/iframe><\/p>\n","protected":false},"featured_media":39492,"template":"","meta":{"_acf_changed":false,"_monsterinsights_skip_tracking":false,"_monsterinsights_sitenote_active":false,"_monsterinsights_sitenote_note":"","_monsterinsights_sitenote_category":0},"product_brand":[],"product_cat":[5938,5939,5940],"product_tag":[],"class_list":{"0":"post-39485","1":"product","2":"type-product","3":"status-publish","4":"has-post-thumbnail","6":"product_cat-klappmesser","7":"product_cat-laguiole-klappmesser","8":"product_cat-laguiole-traditionelle-messer-mit-und-ohne-korkenzieher","9":"pa_composition-couteau-1-stueck-nur-klinge","10":"pa_finition-brillant","11":"pa_lame-glaenzender-edelstahl","12":"pa_manche-en-bois-ebenholz","13":"pa_manche-en-bois-intarsien","14":"pa_marque-laguiole-en-aubracfr","15":"pa_mitres-2-gehrungen","16":"pa_mitres-gebuersteter-edelstahl","17":"pa_mouche-geschmiedet","18":"pa_platines-einzelplatin","19":"pa_ressort-guilloche","20":"pa_taille-du-manche-12-cm","21":"tm-has-options","24":"instock","25":"taxable","26":"shipping-taxable","27":"purchasable","28":"product-type-simple"},"supplier_id":null,"supplier_sku":"","barcode":null,"atum_controlled":true,"out_stock_date":null,"out_stock_threshold":null,"inheritable":false,"inbound_stock":0,"stock_on_hold":0,"sold_today":0,"sales_last_days":0,"reserved_stock":0,"customer_returns":0,"warehouse_damage":0,"lost_in_post":0,"other_logs":0,"out_stock_days":0,"lost_sales":0,"has_location":false,"update_date":"2026-05-14T01:04:13","atum_locations":[],"atum_stock_status":"instock","restock_status":false,"low_stock_amount":"","sales_update_date":"2026-05-14T01:04:12","calc_backorders":0,"acf":[],"yoast_head":"<!-- This site is optimized with the Yoast SEO plugin v27.6 - https:\/\/yoast.com\/product\/yoast-seo-wordpress\/ -->\n<title>Laguiole-en-Aubrac \u2013 Klappmesser mit Ebenholzgriff und Wildschwein<\/title>\n<meta name=\"description\" content=\"L&#039;A\u00efeul-en-Aubrac Messer: Griff aus Ebenholz, Zinneinfassung und handgefertigte Intarsien. Ein brillantes St\u00fcck, ein Symbol f\u00fcr das Know-how von Aubrac.\" \/>\n<meta name=\"robots\" content=\"index, follow, max-snippet:-1, max-image-preview:large, max-video-preview:-1\" \/>\n<link rel=\"canonical\" href=\"https:\/\/laguiole.com\/de\/produit\/laguiole-messer-in-aubrac-1-stueck-ebenholzgriff-intarsien-wildschwein-zinn-2-kropfe-edelstahl-glaenzend-12-cm\/\" \/>\n<meta property=\"og:locale\" content=\"de_DE\" \/>\n<meta property=\"og:type\" content=\"article\" \/>\n<meta property=\"og:title\" content=\"Laguiole-en-Aubrac \u2013 Klappmesser mit Ebenholzgriff und Wildschwein\" \/>\n<meta property=\"og:description\" content=\"L&#039;A\u00efeul-en-Aubrac Messer: Griff aus Ebenholz, Zinneinfassung und handgefertigte Intarsien. Ein brillantes St\u00fcck, ein Symbol f\u00fcr das Know-how von Aubrac.\" \/>\n<meta property=\"og:url\" content=\"https:\/\/laguiole.com\/de\/produit\/laguiole-messer-in-aubrac-1-stueck-ebenholzgriff-intarsien-wildschwein-zinn-2-kropfe-edelstahl-glaenzend-12-cm\/\" \/>\n<meta property=\"og:site_name\" content=\"Laguiole.com \u00ae\" \/>\n<meta property=\"article:publisher\" content=\"https:\/\/www.facebook.com\/laguiolecom\/\" \/>\n<meta property=\"article:modified_time\" content=\"2025-11-05T09:56:42+00:00\" \/>\n<meta property=\"og:image\" content=\"https:\/\/laguiole.com\/wp-content\/uploads\/2023\/07\/Couteau_Laguiole_en_Aubrac_1_Piece_Manche_Ebene_Marqueterie_Sanglier_Etain_2_Mitres_Inox_Brillant_12_cm_00.jpg\" \/>\n\t<meta property=\"og:image:width\" content=\"1033\" \/>\n\t<meta property=\"og:image:height\" content=\"1033\" \/>\n\t<meta property=\"og:image:type\" content=\"image\/jpeg\" \/>\n<meta name=\"twitter:card\" content=\"summary_large_image\" \/>\n<meta name=\"twitter:label1\" content=\"Gesch\u00e4tzte Lesezeit\" \/>\n\t<meta name=\"twitter:data1\" content=\"1\u00a0Minute\" \/>\n<script type=\"application\/ld+json\" class=\"yoast-schema-graph\">{\"@context\":\"https:\\\/\\\/schema.org\",\"@graph\":[{\"@type\":\"WebPage\",\"@id\":\"https:\\\/\\\/laguiole.com\\\/de\\\/produit\\\/laguiole-messer-in-aubrac-1-stueck-ebenholzgriff-intarsien-wildschwein-zinn-2-kropfe-edelstahl-glaenzend-12-cm\\\/\",\"url\":\"https:\\\/\\\/laguiole.com\\\/de\\\/produit\\\/laguiole-messer-in-aubrac-1-stueck-ebenholzgriff-intarsien-wildschwein-zinn-2-kropfe-edelstahl-glaenzend-12-cm\\\/\",\"name\":\"Laguiole-en-Aubrac \u2013 Klappmesser mit Ebenholzgriff und Wildschwein\",\"isPartOf\":{\"@id\":\"https:\\\/\\\/laguiole.com\\\/de\\\/#website\"},\"primaryImageOfPage\":{\"@id\":\"https:\\\/\\\/laguiole.com\\\/de\\\/produit\\\/laguiole-messer-in-aubrac-1-stueck-ebenholzgriff-intarsien-wildschwein-zinn-2-kropfe-edelstahl-glaenzend-12-cm\\\/#primaryimage\"},\"image\":{\"@id\":\"https:\\\/\\\/laguiole.com\\\/de\\\/produit\\\/laguiole-messer-in-aubrac-1-stueck-ebenholzgriff-intarsien-wildschwein-zinn-2-kropfe-edelstahl-glaenzend-12-cm\\\/#primaryimage\"},\"thumbnailUrl\":\"https:\\\/\\\/laguiole.com\\\/wp-content\\\/uploads\\\/2023\\\/07\\\/Couteau_Laguiole_en_Aubrac_1_Piece_Manche_Ebene_Marqueterie_Sanglier_Etain_2_Mitres_Inox_Brillant_12_cm_00.jpg\",\"datePublished\":\"2023-07-29T20:03:34+00:00\",\"dateModified\":\"2025-11-05T09:56:42+00:00\",\"description\":\"L'A\u00efeul-en-Aubrac Messer: Griff aus Ebenholz, Zinneinfassung und handgefertigte Intarsien. Ein brillantes St\u00fcck, ein Symbol f\u00fcr das Know-how von Aubrac.\",\"breadcrumb\":{\"@id\":\"https:\\\/\\\/laguiole.com\\\/de\\\/produit\\\/laguiole-messer-in-aubrac-1-stueck-ebenholzgriff-intarsien-wildschwein-zinn-2-kropfe-edelstahl-glaenzend-12-cm\\\/#breadcrumb\"},\"inLanguage\":\"de\",\"potentialAction\":[{\"@type\":\"ReadAction\",\"target\":[\"https:\\\/\\\/laguiole.com\\\/de\\\/produit\\\/laguiole-messer-in-aubrac-1-stueck-ebenholzgriff-intarsien-wildschwein-zinn-2-kropfe-edelstahl-glaenzend-12-cm\\\/\"]}]},{\"@type\":\"ImageObject\",\"inLanguage\":\"de\",\"@id\":\"https:\\\/\\\/laguiole.com\\\/de\\\/produit\\\/laguiole-messer-in-aubrac-1-stueck-ebenholzgriff-intarsien-wildschwein-zinn-2-kropfe-edelstahl-glaenzend-12-cm\\\/#primaryimage\",\"url\":\"https:\\\/\\\/laguiole.com\\\/wp-content\\\/uploads\\\/2023\\\/07\\\/Couteau_Laguiole_en_Aubrac_1_Piece_Manche_Ebene_Marqueterie_Sanglier_Etain_2_Mitres_Inox_Brillant_12_cm_00.jpg\",\"contentUrl\":\"https:\\\/\\\/laguiole.com\\\/wp-content\\\/uploads\\\/2023\\\/07\\\/Couteau_Laguiole_en_Aubrac_1_Piece_Manche_Ebene_Marqueterie_Sanglier_Etain_2_Mitres_Inox_Brillant_12_cm_00.jpg\",\"width\":1033,\"height\":1033,\"caption\":\"Laguiole Messer in Aubrac 1 St\u00fcck Ebenholzgriff Intarsien Wildschwein Zinn 2 Kropfe Edelstahl Gl\u00e4nzend 12 cm\"},{\"@type\":\"BreadcrumbList\",\"@id\":\"https:\\\/\\\/laguiole.com\\\/de\\\/produit\\\/laguiole-messer-in-aubrac-1-stueck-ebenholzgriff-intarsien-wildschwein-zinn-2-kropfe-edelstahl-glaenzend-12-cm\\\/#breadcrumb\",\"itemListElement\":[{\"@type\":\"ListItem\",\"position\":1,\"name\":\"Accueil\",\"item\":\"https:\\\/\\\/laguiole.com\\\/de\\\/\"},{\"@type\":\"ListItem\",\"position\":2,\"name\":\"Shop\",\"item\":\"https:\\\/\\\/laguiole.com\\\/de\\\/shop-2\\\/\"},{\"@type\":\"ListItem\",\"position\":3,\"name\":\"Laguiole Messer in Aubrac 1 St\u00fcck Ebenholzgriff Intarsien Wildschwein Zinn 2 Kropfe Edelstahl Gl\u00e4nzend 12 cm\"}]},{\"@type\":\"WebSite\",\"@id\":\"https:\\\/\\\/laguiole.com\\\/de\\\/#website\",\"url\":\"https:\\\/\\\/laguiole.com\\\/de\\\/\",\"name\":\"Laguiole.com\",\"description\":\"Laguiole - Couteau laguiole, Chateau Laguiole, Laguiole en Aubrac, Forge de Laguiole\",\"publisher\":{\"@id\":\"https:\\\/\\\/laguiole.com\\\/de\\\/#organization\"},\"potentialAction\":[{\"@type\":\"SearchAction\",\"target\":{\"@type\":\"EntryPoint\",\"urlTemplate\":\"https:\\\/\\\/laguiole.com\\\/de\\\/?s={search_term_string}\"},\"query-input\":{\"@type\":\"PropertyValueSpecification\",\"valueRequired\":true,\"valueName\":\"search_term_string\"}}],\"inLanguage\":\"de\"},{\"@type\":\"Organization\",\"@id\":\"https:\\\/\\\/laguiole.com\\\/de\\\/#organization\",\"name\":\"Laguiole.com\",\"url\":\"https:\\\/\\\/laguiole.com\\\/de\\\/\",\"logo\":{\"@type\":\"ImageObject\",\"inLanguage\":\"de\",\"@id\":\"https:\\\/\\\/laguiole.com\\\/de\\\/#\\\/schema\\\/logo\\\/image\\\/\",\"url\":\"https:\\\/\\\/laguiole.com\\\/wp-content\\\/uploads\\\/2021\\\/02\\\/logo_laguiole.com-horizontal.jpg\",\"contentUrl\":\"https:\\\/\\\/laguiole.com\\\/wp-content\\\/uploads\\\/2021\\\/02\\\/logo_laguiole.com-horizontal.jpg\",\"width\":490,\"height\":156,\"caption\":\"Laguiole.com\"},\"image\":{\"@id\":\"https:\\\/\\\/laguiole.com\\\/de\\\/#\\\/schema\\\/logo\\\/image\\\/\"},\"sameAs\":[\"https:\\\/\\\/www.facebook.com\\\/laguiolecom\\\/\",\"https:\\\/\\\/www.instagram.com\\\/laguiolecom\\\/\",\"https:\\\/\\\/www.youtube.com\\\/@laguiolecom\\\/videos\"]}]}<\/script>\n<!-- \/ Yoast SEO plugin. -->","yoast_head_json":{"title":"Laguiole-en-Aubrac \u2013 Klappmesser mit Ebenholzgriff und Wildschwein","description":"L'A\u00efeul-en-Aubrac Messer: Griff aus Ebenholz, Zinneinfassung und handgefertigte Intarsien. Ein brillantes St\u00fcck, ein Symbol f\u00fcr das Know-how von Aubrac.","robots":{"index":"index","follow":"follow","max-snippet":"max-snippet:-1","max-image-preview":"max-image-preview:large","max-video-preview":"max-video-preview:-1"},"canonical":"https:\/\/laguiole.com\/de\/produit\/laguiole-messer-in-aubrac-1-stueck-ebenholzgriff-intarsien-wildschwein-zinn-2-kropfe-edelstahl-glaenzend-12-cm\/","og_locale":"de_DE","og_type":"article","og_title":"Laguiole-en-Aubrac \u2013 Klappmesser mit Ebenholzgriff und Wildschwein","og_description":"L'A\u00efeul-en-Aubrac Messer: Griff aus Ebenholz, Zinneinfassung und handgefertigte Intarsien. Ein brillantes St\u00fcck, ein Symbol f\u00fcr das Know-how von Aubrac.","og_url":"https:\/\/laguiole.com\/de\/produit\/laguiole-messer-in-aubrac-1-stueck-ebenholzgriff-intarsien-wildschwein-zinn-2-kropfe-edelstahl-glaenzend-12-cm\/","og_site_name":"Laguiole.com \u00ae","article_publisher":"https:\/\/www.facebook.com\/laguiolecom\/","article_modified_time":"2025-11-05T09:56:42+00:00","og_image":[{"width":1033,"height":1033,"url":"https:\/\/laguiole.com\/wp-content\/uploads\/2023\/07\/Couteau_Laguiole_en_Aubrac_1_Piece_Manche_Ebene_Marqueterie_Sanglier_Etain_2_Mitres_Inox_Brillant_12_cm_00.jpg","type":"image\/jpeg"}],"twitter_card":"summary_large_image","twitter_misc":{"Gesch\u00e4tzte Lesezeit":"1\u00a0Minute"},"schema":{"@context":"https:\/\/schema.org","@graph":[{"@type":"WebPage","@id":"https:\/\/laguiole.com\/de\/produit\/laguiole-messer-in-aubrac-1-stueck-ebenholzgriff-intarsien-wildschwein-zinn-2-kropfe-edelstahl-glaenzend-12-cm\/","url":"https:\/\/laguiole.com\/de\/produit\/laguiole-messer-in-aubrac-1-stueck-ebenholzgriff-intarsien-wildschwein-zinn-2-kropfe-edelstahl-glaenzend-12-cm\/","name":"Laguiole-en-Aubrac \u2013 Klappmesser mit Ebenholzgriff und Wildschwein","isPartOf":{"@id":"https:\/\/laguiole.com\/de\/#website"},"primaryImageOfPage":{"@id":"https:\/\/laguiole.com\/de\/produit\/laguiole-messer-in-aubrac-1-stueck-ebenholzgriff-intarsien-wildschwein-zinn-2-kropfe-edelstahl-glaenzend-12-cm\/#primaryimage"},"image":{"@id":"https:\/\/laguiole.com\/de\/produit\/laguiole-messer-in-aubrac-1-stueck-ebenholzgriff-intarsien-wildschwein-zinn-2-kropfe-edelstahl-glaenzend-12-cm\/#primaryimage"},"thumbnailUrl":"https:\/\/laguiole.com\/wp-content\/uploads\/2023\/07\/Couteau_Laguiole_en_Aubrac_1_Piece_Manche_Ebene_Marqueterie_Sanglier_Etain_2_Mitres_Inox_Brillant_12_cm_00.jpg","datePublished":"2023-07-29T20:03:34+00:00","dateModified":"2025-11-05T09:56:42+00:00","description":"L'A\u00efeul-en-Aubrac Messer: Griff aus Ebenholz, Zinneinfassung und handgefertigte Intarsien. Ein brillantes St\u00fcck, ein Symbol f\u00fcr das Know-how von Aubrac.","breadcrumb":{"@id":"https:\/\/laguiole.com\/de\/produit\/laguiole-messer-in-aubrac-1-stueck-ebenholzgriff-intarsien-wildschwein-zinn-2-kropfe-edelstahl-glaenzend-12-cm\/#breadcrumb"},"inLanguage":"de","potentialAction":[{"@type":"ReadAction","target":["https:\/\/laguiole.com\/de\/produit\/laguiole-messer-in-aubrac-1-stueck-ebenholzgriff-intarsien-wildschwein-zinn-2-kropfe-edelstahl-glaenzend-12-cm\/"]}]},{"@type":"ImageObject","inLanguage":"de","@id":"https:\/\/laguiole.com\/de\/produit\/laguiole-messer-in-aubrac-1-stueck-ebenholzgriff-intarsien-wildschwein-zinn-2-kropfe-edelstahl-glaenzend-12-cm\/#primaryimage","url":"https:\/\/laguiole.com\/wp-content\/uploads\/2023\/07\/Couteau_Laguiole_en_Aubrac_1_Piece_Manche_Ebene_Marqueterie_Sanglier_Etain_2_Mitres_Inox_Brillant_12_cm_00.jpg","contentUrl":"https:\/\/laguiole.com\/wp-content\/uploads\/2023\/07\/Couteau_Laguiole_en_Aubrac_1_Piece_Manche_Ebene_Marqueterie_Sanglier_Etain_2_Mitres_Inox_Brillant_12_cm_00.jpg","width":1033,"height":1033,"caption":"Laguiole Messer in Aubrac 1 St\u00fcck Ebenholzgriff Intarsien Wildschwein Zinn 2 Kropfe Edelstahl Gl\u00e4nzend 12 cm"},{"@type":"BreadcrumbList","@id":"https:\/\/laguiole.com\/de\/produit\/laguiole-messer-in-aubrac-1-stueck-ebenholzgriff-intarsien-wildschwein-zinn-2-kropfe-edelstahl-glaenzend-12-cm\/#breadcrumb","itemListElement":[{"@type":"ListItem","position":1,"name":"Accueil","item":"https:\/\/laguiole.com\/de\/"},{"@type":"ListItem","position":2,"name":"Shop","item":"https:\/\/laguiole.com\/de\/shop-2\/"},{"@type":"ListItem","position":3,"name":"Laguiole Messer in Aubrac 1 St\u00fcck Ebenholzgriff Intarsien Wildschwein Zinn 2 Kropfe Edelstahl Gl\u00e4nzend 12 cm"}]},{"@type":"WebSite","@id":"https:\/\/laguiole.com\/de\/#website","url":"https:\/\/laguiole.com\/de\/","name":"Laguiole.com","description":"Laguiole - Couteau laguiole, Chateau Laguiole, Laguiole en Aubrac, Forge de Laguiole","publisher":{"@id":"https:\/\/laguiole.com\/de\/#organization"},"potentialAction":[{"@type":"SearchAction","target":{"@type":"EntryPoint","urlTemplate":"https:\/\/laguiole.com\/de\/?s={search_term_string}"},"query-input":{"@type":"PropertyValueSpecification","valueRequired":true,"valueName":"search_term_string"}}],"inLanguage":"de"},{"@type":"Organization","@id":"https:\/\/laguiole.com\/de\/#organization","name":"Laguiole.com","url":"https:\/\/laguiole.com\/de\/","logo":{"@type":"ImageObject","inLanguage":"de","@id":"https:\/\/laguiole.com\/de\/#\/schema\/logo\/image\/","url":"https:\/\/laguiole.com\/wp-content\/uploads\/2021\/02\/logo_laguiole.com-horizontal.jpg","contentUrl":"https:\/\/laguiole.com\/wp-content\/uploads\/2021\/02\/logo_laguiole.com-horizontal.jpg","width":490,"height":156,"caption":"Laguiole.com"},"image":{"@id":"https:\/\/laguiole.com\/de\/#\/schema\/logo\/image\/"},"sameAs":["https:\/\/www.facebook.com\/laguiolecom\/","https:\/\/www.instagram.com\/laguiolecom\/","https:\/\/www.youtube.com\/@laguiolecom\/videos"]}]}},"_links":{"self":[{"href":"https:\/\/laguiole.com\/de\/wp-json\/wp\/v2\/product\/39485","targetHints":{"allow":["GET"]}}],"collection":[{"href":"https:\/\/laguiole.com\/de\/wp-json\/wp\/v2\/product"}],"about":[{"href":"https:\/\/laguiole.com\/de\/wp-json\/wp\/v2\/types\/product"}],"version-history":[{"count":1,"href":"https:\/\/laguiole.com\/de\/wp-json\/wp\/v2\/product\/39485\/revisions"}],"predecessor-version":[{"id":44554,"href":"https:\/\/laguiole.com\/de\/wp-json\/wp\/v2\/product\/39485\/revisions\/44554"}],"wp:featuredmedia":[{"embeddable":true,"href":"https:\/\/laguiole.com\/de\/wp-json\/wp\/v2\/media\/39492"}],"wp:attachment":[{"href":"https:\/\/laguiole.com\/de\/wp-json\/wp\/v2\/media?parent=39485"}],"wp:term":[{"taxonomy":"product_brand","embeddable":true,"href":"https:\/\/laguiole.com\/de\/wp-json\/wp\/v2\/product_brand?post=39485"},{"taxonomy":"product_cat","embeddable":true,"href":"https:\/\/laguiole.com\/de\/wp-json\/wp\/v2\/product_cat?post=39485"},{"taxonomy":"product_tag","embeddable":true,"href":"https:\/\/laguiole.com\/de\/wp-json\/wp\/v2\/product_tag?post=39485"}],"curies":[{"name":"wp","href":"https:\/\/api.w.org\/{rel}","templated":true}]}}