{"id":39422,"date":"2023-07-26T19:20:09","date_gmt":"2023-07-26T17:20:09","guid":{"rendered":"https:\/\/laguiole.com\/produit\/laguiole-prestige-messer-stabilisierter-flechtengriff-aus-harz-1-stueck-12-cm\/"},"modified":"2025-11-05T10:59:46","modified_gmt":"2025-11-05T09:59:46","slug":"laguiole-prestige-messer-stabilisierter-flechtengriff-aus-harz-1-stueck-12-cm","status":"publish","type":"product","link":"https:\/\/laguiole.com\/de\/produit\/laguiole-prestige-messer-stabilisierter-flechtengriff-aus-harz-1-stueck-12-cm\/","title":{"rendered":"Laguiole Prestige Messer Stabilisierter Flechtengriff aus Harz 1 St\u00fcck 12 cm"},"content":{"rendered":"<p>Einzelst\u00fcck<\/p>\n","protected":false},"excerpt":{"rendered":"<p>Laguiole<br \/>\nPrestige Klappmesser Griff aus Epoxidharz mit stabilisierter<br \/>\nFlechte 2 gl\u00e4nzende<br \/>\nEdelstahlbacken Geschmiedet und fein gefeilt<br \/>\n, Klinge aus Edelstahl 14C28 gl\u00e4nzende<br \/>\nFeder handgemei\u00dfelt mit Zierbl\u00e4ttern<br \/>\nDoppelt guillochierte<br \/>\nEdelstahlplatten Klingenl\u00e4nge 10 cm<br \/>\nGeschlossene Messerl\u00e4nge 12 cm<br \/>\nOffene Messerl\u00e4nge 22 cm<br \/>\n<iframe src=\"https:\/\/www.youtube.com\/embed\/aS1eUIEPYfI?rel=0&amp;autoplay=1\" width=\"400\" height=\"225\" frameborder=\"0\" allowfullscreen=\"allowfullscreen\"><\/iframe><\/p>\n","protected":false},"featured_media":39439,"template":"","meta":{"_acf_changed":false,"_monsterinsights_skip_tracking":false,"_monsterinsights_sitenote_active":false,"_monsterinsights_sitenote_note":"","_monsterinsights_sitenote_category":0},"product_brand":[],"product_cat":[5938,5939,5943],"product_tag":[],"class_list":{"0":"post-39422","1":"product","2":"type-product","3":"status-publish","4":"has-post-thumbnail","6":"product_cat-klappmesser","7":"product_cat-laguiole-klappmesser","8":"product_cat-laguiole-prestiges-messer","9":"pa_composition-couteau-1-stueck-nur-klinge","10":"pa_finition-brillant","11":"pa_lame-glaenzender-edelstahl","12":"pa_manche-en-matiere-moderne-harz","13":"pa_marque-laguiole-createurs","14":"pa_mitres-2-gehrungen","15":"pa_mitres-glaenzender-edelstahl","16":"pa_mouche-geschmiedet","17":"pa_platines-doppel-drehteller","18":"pa_platines-guilloche-muster","19":"pa_ressort-guilloche","20":"pa_taille-du-manche-12-cm","21":"tm-has-options","24":"instock","25":"taxable","26":"shipping-taxable","27":"purchasable","28":"product-type-simple"},"supplier_id":null,"supplier_sku":"","barcode":null,"atum_controlled":true,"out_stock_date":null,"out_stock_threshold":null,"inheritable":false,"inbound_stock":0,"stock_on_hold":0,"sold_today":0,"sales_last_days":0,"reserved_stock":0,"customer_returns":0,"warehouse_damage":0,"lost_in_post":0,"other_logs":0,"out_stock_days":0,"lost_sales":0,"has_location":false,"update_date":"2026-05-01T00:41:39","atum_locations":[],"atum_stock_status":"instock","restock_status":false,"low_stock_amount":"","sales_update_date":"2026-05-01T00:41:39","calc_backorders":0,"acf":[],"yoast_head":"<!-- This site is optimized with the Yoast SEO plugin v27.3 - https:\/\/yoast.com\/product\/yoast-seo-wordpress\/ -->\n<title>Laguiole Prestige Messer Stabilisierter Flechtengriff aus Harz 1 St\u00fcck 12 cm - Laguiole.com \u00ae<\/title>\n<meta name=\"robots\" content=\"index, follow, max-snippet:-1, max-image-preview:large, max-video-preview:-1\" \/>\n<link rel=\"canonical\" href=\"https:\/\/laguiole.com\/de\/produit\/laguiole-prestige-messer-stabilisierter-flechtengriff-aus-harz-1-stueck-12-cm\/\" \/>\n<meta property=\"og:locale\" content=\"de_DE\" \/>\n<meta property=\"og:type\" content=\"article\" \/>\n<meta property=\"og:title\" content=\"Laguiole Prestige Messer Stabilisierter Flechtengriff aus Harz 1 St\u00fcck 12 cm - Laguiole.com \u00ae\" \/>\n<meta property=\"og:description\" content=\"Laguiole Prestige Klappmesser Griff aus Epoxidharz mit stabilisierter Flechte 2 gl\u00e4nzende Edelstahlbacken Geschmiedet und fein gefeilt , Klinge aus Edelstahl 14C28 gl\u00e4nzende Feder handgemei\u00dfelt mit Zierbl\u00e4ttern Doppelt guillochierte Edelstahlplatten Klingenl\u00e4nge 10 cm Geschlossene Messerl\u00e4nge 12 cm Offene Messerl\u00e4nge 22 cm\" \/>\n<meta property=\"og:url\" content=\"https:\/\/laguiole.com\/de\/produit\/laguiole-prestige-messer-stabilisierter-flechtengriff-aus-harz-1-stueck-12-cm\/\" \/>\n<meta property=\"og:site_name\" content=\"Laguiole.com \u00ae\" \/>\n<meta property=\"article:publisher\" content=\"https:\/\/www.facebook.com\/laguiolecom\/\" \/>\n<meta property=\"article:modified_time\" content=\"2025-11-05T09:59:46+00:00\" \/>\n<meta property=\"og:image\" content=\"https:\/\/laguiole.com\/wp-content\/uploads\/2023\/07\/Couteau_Prestige_Laguiole_David_Dauvillaire_Manche_Lichen_Stabilise_dans_Resine_1_Piece_12_cm_00.jpg\" \/>\n\t<meta property=\"og:image:width\" content=\"1033\" \/>\n\t<meta property=\"og:image:height\" content=\"1033\" \/>\n\t<meta property=\"og:image:type\" content=\"image\/jpeg\" \/>\n<meta name=\"twitter:card\" content=\"summary_large_image\" \/>\n<script type=\"application\/ld+json\" class=\"yoast-schema-graph\">{\"@context\":\"https:\\\/\\\/schema.org\",\"@graph\":[{\"@type\":\"WebPage\",\"@id\":\"https:\\\/\\\/laguiole.com\\\/de\\\/produit\\\/laguiole-prestige-messer-stabilisierter-flechtengriff-aus-harz-1-stueck-12-cm\\\/\",\"url\":\"https:\\\/\\\/laguiole.com\\\/de\\\/produit\\\/laguiole-prestige-messer-stabilisierter-flechtengriff-aus-harz-1-stueck-12-cm\\\/\",\"name\":\"Laguiole Prestige Messer Stabilisierter Flechtengriff aus Harz 1 St\u00fcck 12 cm - Laguiole.com \u00ae\",\"isPartOf\":{\"@id\":\"https:\\\/\\\/laguiole.com\\\/de\\\/#website\"},\"primaryImageOfPage\":{\"@id\":\"https:\\\/\\\/laguiole.com\\\/de\\\/produit\\\/laguiole-prestige-messer-stabilisierter-flechtengriff-aus-harz-1-stueck-12-cm\\\/#primaryimage\"},\"image\":{\"@id\":\"https:\\\/\\\/laguiole.com\\\/de\\\/produit\\\/laguiole-prestige-messer-stabilisierter-flechtengriff-aus-harz-1-stueck-12-cm\\\/#primaryimage\"},\"thumbnailUrl\":\"https:\\\/\\\/laguiole.com\\\/wp-content\\\/uploads\\\/2023\\\/07\\\/Couteau_Prestige_Laguiole_David_Dauvillaire_Manche_Lichen_Stabilise_dans_Resine_1_Piece_12_cm_00.jpg\",\"datePublished\":\"2023-07-26T17:20:09+00:00\",\"dateModified\":\"2025-11-05T09:59:46+00:00\",\"breadcrumb\":{\"@id\":\"https:\\\/\\\/laguiole.com\\\/de\\\/produit\\\/laguiole-prestige-messer-stabilisierter-flechtengriff-aus-harz-1-stueck-12-cm\\\/#breadcrumb\"},\"inLanguage\":\"de\",\"potentialAction\":[{\"@type\":\"ReadAction\",\"target\":[\"https:\\\/\\\/laguiole.com\\\/de\\\/produit\\\/laguiole-prestige-messer-stabilisierter-flechtengriff-aus-harz-1-stueck-12-cm\\\/\"]}]},{\"@type\":\"ImageObject\",\"inLanguage\":\"de\",\"@id\":\"https:\\\/\\\/laguiole.com\\\/de\\\/produit\\\/laguiole-prestige-messer-stabilisierter-flechtengriff-aus-harz-1-stueck-12-cm\\\/#primaryimage\",\"url\":\"https:\\\/\\\/laguiole.com\\\/wp-content\\\/uploads\\\/2023\\\/07\\\/Couteau_Prestige_Laguiole_David_Dauvillaire_Manche_Lichen_Stabilise_dans_Resine_1_Piece_12_cm_00.jpg\",\"contentUrl\":\"https:\\\/\\\/laguiole.com\\\/wp-content\\\/uploads\\\/2023\\\/07\\\/Couteau_Prestige_Laguiole_David_Dauvillaire_Manche_Lichen_Stabilise_dans_Resine_1_Piece_12_cm_00.jpg\",\"width\":1033,\"height\":1033,\"caption\":\"Laguiole David Dauvillaire Prestige Messer Stabilisierter Flechtengriff aus Harz 1 St\u00fcck 12 cm\"},{\"@type\":\"BreadcrumbList\",\"@id\":\"https:\\\/\\\/laguiole.com\\\/de\\\/produit\\\/laguiole-prestige-messer-stabilisierter-flechtengriff-aus-harz-1-stueck-12-cm\\\/#breadcrumb\",\"itemListElement\":[{\"@type\":\"ListItem\",\"position\":1,\"name\":\"Accueil\",\"item\":\"https:\\\/\\\/laguiole.com\\\/de\\\/\"},{\"@type\":\"ListItem\",\"position\":2,\"name\":\"Shop\",\"item\":\"https:\\\/\\\/laguiole.com\\\/de\\\/shop-2\\\/\"},{\"@type\":\"ListItem\",\"position\":3,\"name\":\"Laguiole Prestige Messer Stabilisierter Flechtengriff aus Harz 1 St\u00fcck 12 cm\"}]},{\"@type\":\"WebSite\",\"@id\":\"https:\\\/\\\/laguiole.com\\\/de\\\/#website\",\"url\":\"https:\\\/\\\/laguiole.com\\\/de\\\/\",\"name\":\"Laguiole.com\",\"description\":\"Laguiole - Couteau laguiole, Chateau Laguiole, Laguiole en Aubrac, Forge de Laguiole\",\"publisher\":{\"@id\":\"https:\\\/\\\/laguiole.com\\\/de\\\/#organization\"},\"potentialAction\":[{\"@type\":\"SearchAction\",\"target\":{\"@type\":\"EntryPoint\",\"urlTemplate\":\"https:\\\/\\\/laguiole.com\\\/de\\\/?s={search_term_string}\"},\"query-input\":{\"@type\":\"PropertyValueSpecification\",\"valueRequired\":true,\"valueName\":\"search_term_string\"}}],\"inLanguage\":\"de\"},{\"@type\":\"Organization\",\"@id\":\"https:\\\/\\\/laguiole.com\\\/de\\\/#organization\",\"name\":\"Laguiole.com\",\"url\":\"https:\\\/\\\/laguiole.com\\\/de\\\/\",\"logo\":{\"@type\":\"ImageObject\",\"inLanguage\":\"de\",\"@id\":\"https:\\\/\\\/laguiole.com\\\/de\\\/#\\\/schema\\\/logo\\\/image\\\/\",\"url\":\"https:\\\/\\\/laguiole.com\\\/wp-content\\\/uploads\\\/2021\\\/02\\\/logo_laguiole.com-horizontal.jpg\",\"contentUrl\":\"https:\\\/\\\/laguiole.com\\\/wp-content\\\/uploads\\\/2021\\\/02\\\/logo_laguiole.com-horizontal.jpg\",\"width\":490,\"height\":156,\"caption\":\"Laguiole.com\"},\"image\":{\"@id\":\"https:\\\/\\\/laguiole.com\\\/de\\\/#\\\/schema\\\/logo\\\/image\\\/\"},\"sameAs\":[\"https:\\\/\\\/www.facebook.com\\\/laguiolecom\\\/\",\"https:\\\/\\\/www.instagram.com\\\/laguiolecom\\\/\",\"https:\\\/\\\/www.youtube.com\\\/@laguiolecom\\\/videos\"]}]}<\/script>\n<!-- \/ Yoast SEO plugin. -->","yoast_head_json":{"title":"Laguiole Prestige Messer Stabilisierter Flechtengriff aus Harz 1 St\u00fcck 12 cm - Laguiole.com \u00ae","robots":{"index":"index","follow":"follow","max-snippet":"max-snippet:-1","max-image-preview":"max-image-preview:large","max-video-preview":"max-video-preview:-1"},"canonical":"https:\/\/laguiole.com\/de\/produit\/laguiole-prestige-messer-stabilisierter-flechtengriff-aus-harz-1-stueck-12-cm\/","og_locale":"de_DE","og_type":"article","og_title":"Laguiole Prestige Messer Stabilisierter Flechtengriff aus Harz 1 St\u00fcck 12 cm - Laguiole.com \u00ae","og_description":"Laguiole Prestige Klappmesser Griff aus Epoxidharz mit stabilisierter Flechte 2 gl\u00e4nzende Edelstahlbacken Geschmiedet und fein gefeilt , Klinge aus Edelstahl 14C28 gl\u00e4nzende Feder handgemei\u00dfelt mit Zierbl\u00e4ttern Doppelt guillochierte Edelstahlplatten Klingenl\u00e4nge 10 cm Geschlossene Messerl\u00e4nge 12 cm Offene Messerl\u00e4nge 22 cm","og_url":"https:\/\/laguiole.com\/de\/produit\/laguiole-prestige-messer-stabilisierter-flechtengriff-aus-harz-1-stueck-12-cm\/","og_site_name":"Laguiole.com \u00ae","article_publisher":"https:\/\/www.facebook.com\/laguiolecom\/","article_modified_time":"2025-11-05T09:59:46+00:00","og_image":[{"width":1033,"height":1033,"url":"https:\/\/laguiole.com\/wp-content\/uploads\/2023\/07\/Couteau_Prestige_Laguiole_David_Dauvillaire_Manche_Lichen_Stabilise_dans_Resine_1_Piece_12_cm_00.jpg","type":"image\/jpeg"}],"twitter_card":"summary_large_image","schema":{"@context":"https:\/\/schema.org","@graph":[{"@type":"WebPage","@id":"https:\/\/laguiole.com\/de\/produit\/laguiole-prestige-messer-stabilisierter-flechtengriff-aus-harz-1-stueck-12-cm\/","url":"https:\/\/laguiole.com\/de\/produit\/laguiole-prestige-messer-stabilisierter-flechtengriff-aus-harz-1-stueck-12-cm\/","name":"Laguiole Prestige Messer Stabilisierter Flechtengriff aus Harz 1 St\u00fcck 12 cm - Laguiole.com \u00ae","isPartOf":{"@id":"https:\/\/laguiole.com\/de\/#website"},"primaryImageOfPage":{"@id":"https:\/\/laguiole.com\/de\/produit\/laguiole-prestige-messer-stabilisierter-flechtengriff-aus-harz-1-stueck-12-cm\/#primaryimage"},"image":{"@id":"https:\/\/laguiole.com\/de\/produit\/laguiole-prestige-messer-stabilisierter-flechtengriff-aus-harz-1-stueck-12-cm\/#primaryimage"},"thumbnailUrl":"https:\/\/laguiole.com\/wp-content\/uploads\/2023\/07\/Couteau_Prestige_Laguiole_David_Dauvillaire_Manche_Lichen_Stabilise_dans_Resine_1_Piece_12_cm_00.jpg","datePublished":"2023-07-26T17:20:09+00:00","dateModified":"2025-11-05T09:59:46+00:00","breadcrumb":{"@id":"https:\/\/laguiole.com\/de\/produit\/laguiole-prestige-messer-stabilisierter-flechtengriff-aus-harz-1-stueck-12-cm\/#breadcrumb"},"inLanguage":"de","potentialAction":[{"@type":"ReadAction","target":["https:\/\/laguiole.com\/de\/produit\/laguiole-prestige-messer-stabilisierter-flechtengriff-aus-harz-1-stueck-12-cm\/"]}]},{"@type":"ImageObject","inLanguage":"de","@id":"https:\/\/laguiole.com\/de\/produit\/laguiole-prestige-messer-stabilisierter-flechtengriff-aus-harz-1-stueck-12-cm\/#primaryimage","url":"https:\/\/laguiole.com\/wp-content\/uploads\/2023\/07\/Couteau_Prestige_Laguiole_David_Dauvillaire_Manche_Lichen_Stabilise_dans_Resine_1_Piece_12_cm_00.jpg","contentUrl":"https:\/\/laguiole.com\/wp-content\/uploads\/2023\/07\/Couteau_Prestige_Laguiole_David_Dauvillaire_Manche_Lichen_Stabilise_dans_Resine_1_Piece_12_cm_00.jpg","width":1033,"height":1033,"caption":"Laguiole David Dauvillaire Prestige Messer Stabilisierter Flechtengriff aus Harz 1 St\u00fcck 12 cm"},{"@type":"BreadcrumbList","@id":"https:\/\/laguiole.com\/de\/produit\/laguiole-prestige-messer-stabilisierter-flechtengriff-aus-harz-1-stueck-12-cm\/#breadcrumb","itemListElement":[{"@type":"ListItem","position":1,"name":"Accueil","item":"https:\/\/laguiole.com\/de\/"},{"@type":"ListItem","position":2,"name":"Shop","item":"https:\/\/laguiole.com\/de\/shop-2\/"},{"@type":"ListItem","position":3,"name":"Laguiole Prestige Messer Stabilisierter Flechtengriff aus Harz 1 St\u00fcck 12 cm"}]},{"@type":"WebSite","@id":"https:\/\/laguiole.com\/de\/#website","url":"https:\/\/laguiole.com\/de\/","name":"Laguiole.com","description":"Laguiole - Couteau laguiole, Chateau Laguiole, Laguiole en Aubrac, Forge de Laguiole","publisher":{"@id":"https:\/\/laguiole.com\/de\/#organization"},"potentialAction":[{"@type":"SearchAction","target":{"@type":"EntryPoint","urlTemplate":"https:\/\/laguiole.com\/de\/?s={search_term_string}"},"query-input":{"@type":"PropertyValueSpecification","valueRequired":true,"valueName":"search_term_string"}}],"inLanguage":"de"},{"@type":"Organization","@id":"https:\/\/laguiole.com\/de\/#organization","name":"Laguiole.com","url":"https:\/\/laguiole.com\/de\/","logo":{"@type":"ImageObject","inLanguage":"de","@id":"https:\/\/laguiole.com\/de\/#\/schema\/logo\/image\/","url":"https:\/\/laguiole.com\/wp-content\/uploads\/2021\/02\/logo_laguiole.com-horizontal.jpg","contentUrl":"https:\/\/laguiole.com\/wp-content\/uploads\/2021\/02\/logo_laguiole.com-horizontal.jpg","width":490,"height":156,"caption":"Laguiole.com"},"image":{"@id":"https:\/\/laguiole.com\/de\/#\/schema\/logo\/image\/"},"sameAs":["https:\/\/www.facebook.com\/laguiolecom\/","https:\/\/www.instagram.com\/laguiolecom\/","https:\/\/www.youtube.com\/@laguiolecom\/videos"]}]}},"_links":{"self":[{"href":"https:\/\/laguiole.com\/de\/wp-json\/wp\/v2\/product\/39422","targetHints":{"allow":["GET"]}}],"collection":[{"href":"https:\/\/laguiole.com\/de\/wp-json\/wp\/v2\/product"}],"about":[{"href":"https:\/\/laguiole.com\/de\/wp-json\/wp\/v2\/types\/product"}],"version-history":[{"count":1,"href":"https:\/\/laguiole.com\/de\/wp-json\/wp\/v2\/product\/39422\/revisions"}],"predecessor-version":[{"id":44572,"href":"https:\/\/laguiole.com\/de\/wp-json\/wp\/v2\/product\/39422\/revisions\/44572"}],"wp:featuredmedia":[{"embeddable":true,"href":"https:\/\/laguiole.com\/de\/wp-json\/wp\/v2\/media\/39439"}],"wp:attachment":[{"href":"https:\/\/laguiole.com\/de\/wp-json\/wp\/v2\/media?parent=39422"}],"wp:term":[{"taxonomy":"product_brand","embeddable":true,"href":"https:\/\/laguiole.com\/de\/wp-json\/wp\/v2\/product_brand?post=39422"},{"taxonomy":"product_cat","embeddable":true,"href":"https:\/\/laguiole.com\/de\/wp-json\/wp\/v2\/product_cat?post=39422"},{"taxonomy":"product_tag","embeddable":true,"href":"https:\/\/laguiole.com\/de\/wp-json\/wp\/v2\/product_tag?post=39422"}],"curies":[{"name":"wp","href":"https:\/\/api.w.org\/{rel}","templated":true}]}}