{"id":39281,"date":"2023-10-21T15:31:30","date_gmt":"2023-10-21T13:31:30","guid":{"rendered":"https:\/\/laguiole.com\/produit\/laguiole-messer-in-aubrac-1-stueck-12-cm-silber-glitter-acryl-griff-2-kropfe-glaenzendes-finish\/"},"modified":"2023-10-21T15:31:30","modified_gmt":"2023-10-21T13:31:30","slug":"laguiole-messer-in-aubrac-1-stueck-12-cm-silber-glitter-acryl-griff-2-kropfe-glaenzendes-finish","status":"publish","type":"product","link":"https:\/\/laguiole.com\/de\/produit\/laguiole-messer-in-aubrac-1-stueck-12-cm-silber-glitter-acryl-griff-2-kropfe-glaenzendes-finish\/","title":{"rendered":"Laguiole Messer in Aubrac 1 St\u00fcck 12 cm Silber Glitter Acryl Griff 2 Kropfe Gl\u00e4nzendes Finish"},"content":{"rendered":"<p>Der silberne Glitzer Laguiole auf tiefschwarzem Hintergrund, der durch 2 gl\u00e4nzende Polster veredelt wird, verk\u00f6rpert die Essenz der Raffinesse.<\/p>\n<p>Jedes Detail dieses au\u00dfergew\u00f6hnlichen St\u00fccks wird in sorgf\u00e4ltiger Handwerkskunst gefertigt und verbindet \u00c4sthetik und Funktionalit\u00e4t in perfekter Harmonie. Der silberne Schimmer auf dem dunklen Hintergrund erzeugt einen fesselnden Lichttanz, der zeitlose Eleganz evoziert. Wenn man diesen Laguiole in den H\u00e4nden h\u00e4lt, sp\u00fcrt man das subtile Gleichgewicht zwischen Kunst und N\u00fctzlichkeit. Die silberne Glitzer-Laguiole auf schwarzem Grund mit ihren gl\u00e4nzenden Polstern geht \u00fcber den blo\u00dfen Nutzen hinaus und wird zum Sammlerst\u00fcck, zu einem Symbol der Distinktion f\u00fcr anspruchsvolle Kenner.   <\/p>\n","protected":false},"excerpt":{"rendered":"<p>Laguiole Glitter Klappmesser aus Aubrac<br \/>\nAcrylgriff mit Blattsilber Einschluss auf schwarzem<br \/>\nHintergrund Handgeschmiedet und guillochiert Feder aus gl\u00e4nzendem Edelstahl<br \/>\nGl\u00e4nzende Edelstahlklinge mit Gehrung<br \/>\n2 gl\u00e4nzende<br \/>\nEdelstahlbacken Klingenl\u00e4nge 10 cm<br \/>\nGeschlossene Messerl\u00e4nge 12 cm<br \/>\nOffene Messerl\u00e4nge 22 cm<\/p>\n<p><iframe src=\"https:\/\/www.youtube.com\/embed\/sfD5DiSxa8Q?rel=0&amp;autoplay=1\" width=\"560\" height=\"315\" frameborder=\"0\" allowfullscreen=\"allowfullscreen\"><\/iframe><\/p>\n","protected":false},"featured_media":39289,"template":"","meta":{"_acf_changed":false,"_monsterinsights_skip_tracking":false,"_monsterinsights_sitenote_active":false,"_monsterinsights_sitenote_note":"","_monsterinsights_sitenote_category":0},"product_brand":[],"product_cat":[5938,5939,5944],"product_tag":[],"class_list":{"0":"post-39281","1":"product","2":"type-product","3":"status-publish","4":"has-post-thumbnail","6":"product_cat-klappmesser","7":"product_cat-laguiole-klappmesser","8":"product_cat-laguiole-spezialmesser","9":"pa_composition-couteau-1-stueck-nur-klinge","10":"pa_lame-glaenzender-edelstahl","11":"pa_manche-en-matiere-moderne-acryl","12":"pa_marque-laguiole-en-aubracfr","13":"pa_mitres-2-gehrungen","14":"pa_mitres-glaenzender-edelstahl","15":"pa_mouche-geschmiedet","16":"pa_platines-einzelplatin","17":"pa_ressort-guilloche","18":"pa_taille-du-manche-12-cm","19":"tm-has-options","22":"instock","23":"taxable","24":"shipping-taxable","25":"purchasable","26":"product-type-simple"},"supplier_id":null,"supplier_sku":"","barcode":null,"atum_controlled":true,"out_stock_date":null,"out_stock_threshold":null,"inheritable":false,"inbound_stock":0,"stock_on_hold":0,"sold_today":0,"sales_last_days":0,"reserved_stock":0,"customer_returns":0,"warehouse_damage":0,"lost_in_post":0,"other_logs":0,"out_stock_days":0,"lost_sales":0,"has_location":false,"update_date":"2026-05-14T01:01:24","atum_locations":[],"atum_stock_status":"instock","restock_status":false,"low_stock_amount":"","sales_update_date":"2026-05-14T01:01:24","calc_backorders":null,"acf":[],"yoast_head":"<!-- This site is optimized with the Yoast SEO plugin v27.6 - https:\/\/yoast.com\/product\/yoast-seo-wordpress\/ -->\n<title>Laguiole Messer in Aubrac 1 St\u00fcck 12 cm Silber Glitter Acryl Griff 2 Kropfe Gl\u00e4nzendes Finish - Laguiole.com \u00ae<\/title>\n<meta name=\"description\" content=\"Der silberne Glitzer Laguiole auf tiefschwarzem Hintergrund, der durch 2 gl\u00e4nzende Polster veredelt wird, verk\u00f6rpert die Essenz der Raffinesse.\" \/>\n<meta name=\"robots\" content=\"index, follow, max-snippet:-1, max-image-preview:large, max-video-preview:-1\" \/>\n<link rel=\"canonical\" href=\"https:\/\/laguiole.com\/de\/produit\/laguiole-messer-in-aubrac-1-stueck-12-cm-silber-glitter-acryl-griff-2-kropfe-glaenzendes-finish\/\" \/>\n<meta property=\"og:locale\" content=\"de_DE\" \/>\n<meta property=\"og:type\" content=\"article\" \/>\n<meta property=\"og:title\" content=\"Laguiole Messer in Aubrac 1 St\u00fcck 12 cm Silber Glitter Acryl Griff 2 Kropfe Gl\u00e4nzendes Finish - Laguiole.com \u00ae\" \/>\n<meta property=\"og:description\" content=\"Der silberne Glitzer Laguiole auf tiefschwarzem Hintergrund, der durch 2 gl\u00e4nzende Polster veredelt wird, verk\u00f6rpert die Essenz der Raffinesse.\" \/>\n<meta property=\"og:url\" content=\"https:\/\/laguiole.com\/de\/produit\/laguiole-messer-in-aubrac-1-stueck-12-cm-silber-glitter-acryl-griff-2-kropfe-glaenzendes-finish\/\" \/>\n<meta property=\"og:site_name\" content=\"Laguiole.com \u00ae\" \/>\n<meta property=\"article:publisher\" content=\"https:\/\/www.facebook.com\/laguiolecom\/\" \/>\n<meta property=\"og:image\" content=\"https:\/\/laguiole.com\/wp-content\/uploads\/2023\/10\/Couteau_Laguiole_en_Aubrac_1_Piece_12_cm_2_mitres_inox_manche_Acrylique_Paillete_Argent_Finition_Brillante_00.jpg\" \/>\n\t<meta property=\"og:image:width\" content=\"1057\" \/>\n\t<meta property=\"og:image:height\" content=\"1057\" \/>\n\t<meta property=\"og:image:type\" content=\"image\/jpeg\" \/>\n<meta name=\"twitter:card\" content=\"summary_large_image\" \/>\n<meta name=\"twitter:label1\" content=\"Gesch\u00e4tzte Lesezeit\" \/>\n\t<meta name=\"twitter:data1\" content=\"1\u00a0Minute\" \/>\n<script type=\"application\/ld+json\" class=\"yoast-schema-graph\">{\"@context\":\"https:\\\/\\\/schema.org\",\"@graph\":[{\"@type\":\"WebPage\",\"@id\":\"https:\\\/\\\/laguiole.com\\\/de\\\/produit\\\/laguiole-messer-in-aubrac-1-stueck-12-cm-silber-glitter-acryl-griff-2-kropfe-glaenzendes-finish\\\/\",\"url\":\"https:\\\/\\\/laguiole.com\\\/de\\\/produit\\\/laguiole-messer-in-aubrac-1-stueck-12-cm-silber-glitter-acryl-griff-2-kropfe-glaenzendes-finish\\\/\",\"name\":\"Laguiole Messer in Aubrac 1 St\u00fcck 12 cm Silber Glitter Acryl Griff 2 Kropfe Gl\u00e4nzendes Finish - Laguiole.com \u00ae\",\"isPartOf\":{\"@id\":\"https:\\\/\\\/laguiole.com\\\/de\\\/#website\"},\"primaryImageOfPage\":{\"@id\":\"https:\\\/\\\/laguiole.com\\\/de\\\/produit\\\/laguiole-messer-in-aubrac-1-stueck-12-cm-silber-glitter-acryl-griff-2-kropfe-glaenzendes-finish\\\/#primaryimage\"},\"image\":{\"@id\":\"https:\\\/\\\/laguiole.com\\\/de\\\/produit\\\/laguiole-messer-in-aubrac-1-stueck-12-cm-silber-glitter-acryl-griff-2-kropfe-glaenzendes-finish\\\/#primaryimage\"},\"thumbnailUrl\":\"https:\\\/\\\/laguiole.com\\\/wp-content\\\/uploads\\\/2023\\\/10\\\/Couteau_Laguiole_en_Aubrac_1_Piece_12_cm_2_mitres_inox_manche_Acrylique_Paillete_Argent_Finition_Brillante_00.jpg\",\"datePublished\":\"2023-10-21T13:31:30+00:00\",\"description\":\"Der silberne Glitzer Laguiole auf tiefschwarzem Hintergrund, der durch 2 gl\u00e4nzende Polster veredelt wird, verk\u00f6rpert die Essenz der Raffinesse.\",\"breadcrumb\":{\"@id\":\"https:\\\/\\\/laguiole.com\\\/de\\\/produit\\\/laguiole-messer-in-aubrac-1-stueck-12-cm-silber-glitter-acryl-griff-2-kropfe-glaenzendes-finish\\\/#breadcrumb\"},\"inLanguage\":\"de\",\"potentialAction\":[{\"@type\":\"ReadAction\",\"target\":[\"https:\\\/\\\/laguiole.com\\\/de\\\/produit\\\/laguiole-messer-in-aubrac-1-stueck-12-cm-silber-glitter-acryl-griff-2-kropfe-glaenzendes-finish\\\/\"]}]},{\"@type\":\"ImageObject\",\"inLanguage\":\"de\",\"@id\":\"https:\\\/\\\/laguiole.com\\\/de\\\/produit\\\/laguiole-messer-in-aubrac-1-stueck-12-cm-silber-glitter-acryl-griff-2-kropfe-glaenzendes-finish\\\/#primaryimage\",\"url\":\"https:\\\/\\\/laguiole.com\\\/wp-content\\\/uploads\\\/2023\\\/10\\\/Couteau_Laguiole_en_Aubrac_1_Piece_12_cm_2_mitres_inox_manche_Acrylique_Paillete_Argent_Finition_Brillante_00.jpg\",\"contentUrl\":\"https:\\\/\\\/laguiole.com\\\/wp-content\\\/uploads\\\/2023\\\/10\\\/Couteau_Laguiole_en_Aubrac_1_Piece_12_cm_2_mitres_inox_manche_Acrylique_Paillete_Argent_Finition_Brillante_00.jpg\",\"width\":1057,\"height\":1057,\"caption\":\"Laguiole Messer in Aubrac 1 St\u00fcck 12 cm 2 Edelstahlbacken Griff Acryl Glitter Silber Gl\u00e4nzendes Finish\"},{\"@type\":\"BreadcrumbList\",\"@id\":\"https:\\\/\\\/laguiole.com\\\/de\\\/produit\\\/laguiole-messer-in-aubrac-1-stueck-12-cm-silber-glitter-acryl-griff-2-kropfe-glaenzendes-finish\\\/#breadcrumb\",\"itemListElement\":[{\"@type\":\"ListItem\",\"position\":1,\"name\":\"Accueil\",\"item\":\"https:\\\/\\\/laguiole.com\\\/de\\\/\"},{\"@type\":\"ListItem\",\"position\":2,\"name\":\"Shop\",\"item\":\"https:\\\/\\\/laguiole.com\\\/de\\\/shop-2\\\/\"},{\"@type\":\"ListItem\",\"position\":3,\"name\":\"Laguiole Messer in Aubrac 1 St\u00fcck 12 cm Silber Glitter Acryl Griff 2 Kropfe Gl\u00e4nzendes Finish\"}]},{\"@type\":\"WebSite\",\"@id\":\"https:\\\/\\\/laguiole.com\\\/de\\\/#website\",\"url\":\"https:\\\/\\\/laguiole.com\\\/de\\\/\",\"name\":\"Laguiole.com\",\"description\":\"Laguiole - Couteau laguiole, Chateau Laguiole, Laguiole en Aubrac, Forge de Laguiole\",\"publisher\":{\"@id\":\"https:\\\/\\\/laguiole.com\\\/de\\\/#organization\"},\"potentialAction\":[{\"@type\":\"SearchAction\",\"target\":{\"@type\":\"EntryPoint\",\"urlTemplate\":\"https:\\\/\\\/laguiole.com\\\/de\\\/?s={search_term_string}\"},\"query-input\":{\"@type\":\"PropertyValueSpecification\",\"valueRequired\":true,\"valueName\":\"search_term_string\"}}],\"inLanguage\":\"de\"},{\"@type\":\"Organization\",\"@id\":\"https:\\\/\\\/laguiole.com\\\/de\\\/#organization\",\"name\":\"Laguiole.com\",\"url\":\"https:\\\/\\\/laguiole.com\\\/de\\\/\",\"logo\":{\"@type\":\"ImageObject\",\"inLanguage\":\"de\",\"@id\":\"https:\\\/\\\/laguiole.com\\\/de\\\/#\\\/schema\\\/logo\\\/image\\\/\",\"url\":\"https:\\\/\\\/laguiole.com\\\/wp-content\\\/uploads\\\/2021\\\/02\\\/logo_laguiole.com-horizontal.jpg\",\"contentUrl\":\"https:\\\/\\\/laguiole.com\\\/wp-content\\\/uploads\\\/2021\\\/02\\\/logo_laguiole.com-horizontal.jpg\",\"width\":490,\"height\":156,\"caption\":\"Laguiole.com\"},\"image\":{\"@id\":\"https:\\\/\\\/laguiole.com\\\/de\\\/#\\\/schema\\\/logo\\\/image\\\/\"},\"sameAs\":[\"https:\\\/\\\/www.facebook.com\\\/laguiolecom\\\/\",\"https:\\\/\\\/www.instagram.com\\\/laguiolecom\\\/\",\"https:\\\/\\\/www.youtube.com\\\/@laguiolecom\\\/videos\"]}]}<\/script>\n<!-- \/ Yoast SEO plugin. -->","yoast_head_json":{"title":"Laguiole Messer in Aubrac 1 St\u00fcck 12 cm Silber Glitter Acryl Griff 2 Kropfe Gl\u00e4nzendes Finish - Laguiole.com \u00ae","description":"Der silberne Glitzer Laguiole auf tiefschwarzem Hintergrund, der durch 2 gl\u00e4nzende Polster veredelt wird, verk\u00f6rpert die Essenz der Raffinesse.","robots":{"index":"index","follow":"follow","max-snippet":"max-snippet:-1","max-image-preview":"max-image-preview:large","max-video-preview":"max-video-preview:-1"},"canonical":"https:\/\/laguiole.com\/de\/produit\/laguiole-messer-in-aubrac-1-stueck-12-cm-silber-glitter-acryl-griff-2-kropfe-glaenzendes-finish\/","og_locale":"de_DE","og_type":"article","og_title":"Laguiole Messer in Aubrac 1 St\u00fcck 12 cm Silber Glitter Acryl Griff 2 Kropfe Gl\u00e4nzendes Finish - Laguiole.com \u00ae","og_description":"Der silberne Glitzer Laguiole auf tiefschwarzem Hintergrund, der durch 2 gl\u00e4nzende Polster veredelt wird, verk\u00f6rpert die Essenz der Raffinesse.","og_url":"https:\/\/laguiole.com\/de\/produit\/laguiole-messer-in-aubrac-1-stueck-12-cm-silber-glitter-acryl-griff-2-kropfe-glaenzendes-finish\/","og_site_name":"Laguiole.com \u00ae","article_publisher":"https:\/\/www.facebook.com\/laguiolecom\/","og_image":[{"width":1057,"height":1057,"url":"https:\/\/laguiole.com\/wp-content\/uploads\/2023\/10\/Couteau_Laguiole_en_Aubrac_1_Piece_12_cm_2_mitres_inox_manche_Acrylique_Paillete_Argent_Finition_Brillante_00.jpg","type":"image\/jpeg"}],"twitter_card":"summary_large_image","twitter_misc":{"Gesch\u00e4tzte Lesezeit":"1\u00a0Minute"},"schema":{"@context":"https:\/\/schema.org","@graph":[{"@type":"WebPage","@id":"https:\/\/laguiole.com\/de\/produit\/laguiole-messer-in-aubrac-1-stueck-12-cm-silber-glitter-acryl-griff-2-kropfe-glaenzendes-finish\/","url":"https:\/\/laguiole.com\/de\/produit\/laguiole-messer-in-aubrac-1-stueck-12-cm-silber-glitter-acryl-griff-2-kropfe-glaenzendes-finish\/","name":"Laguiole Messer in Aubrac 1 St\u00fcck 12 cm Silber Glitter Acryl Griff 2 Kropfe Gl\u00e4nzendes Finish - Laguiole.com \u00ae","isPartOf":{"@id":"https:\/\/laguiole.com\/de\/#website"},"primaryImageOfPage":{"@id":"https:\/\/laguiole.com\/de\/produit\/laguiole-messer-in-aubrac-1-stueck-12-cm-silber-glitter-acryl-griff-2-kropfe-glaenzendes-finish\/#primaryimage"},"image":{"@id":"https:\/\/laguiole.com\/de\/produit\/laguiole-messer-in-aubrac-1-stueck-12-cm-silber-glitter-acryl-griff-2-kropfe-glaenzendes-finish\/#primaryimage"},"thumbnailUrl":"https:\/\/laguiole.com\/wp-content\/uploads\/2023\/10\/Couteau_Laguiole_en_Aubrac_1_Piece_12_cm_2_mitres_inox_manche_Acrylique_Paillete_Argent_Finition_Brillante_00.jpg","datePublished":"2023-10-21T13:31:30+00:00","description":"Der silberne Glitzer Laguiole auf tiefschwarzem Hintergrund, der durch 2 gl\u00e4nzende Polster veredelt wird, verk\u00f6rpert die Essenz der Raffinesse.","breadcrumb":{"@id":"https:\/\/laguiole.com\/de\/produit\/laguiole-messer-in-aubrac-1-stueck-12-cm-silber-glitter-acryl-griff-2-kropfe-glaenzendes-finish\/#breadcrumb"},"inLanguage":"de","potentialAction":[{"@type":"ReadAction","target":["https:\/\/laguiole.com\/de\/produit\/laguiole-messer-in-aubrac-1-stueck-12-cm-silber-glitter-acryl-griff-2-kropfe-glaenzendes-finish\/"]}]},{"@type":"ImageObject","inLanguage":"de","@id":"https:\/\/laguiole.com\/de\/produit\/laguiole-messer-in-aubrac-1-stueck-12-cm-silber-glitter-acryl-griff-2-kropfe-glaenzendes-finish\/#primaryimage","url":"https:\/\/laguiole.com\/wp-content\/uploads\/2023\/10\/Couteau_Laguiole_en_Aubrac_1_Piece_12_cm_2_mitres_inox_manche_Acrylique_Paillete_Argent_Finition_Brillante_00.jpg","contentUrl":"https:\/\/laguiole.com\/wp-content\/uploads\/2023\/10\/Couteau_Laguiole_en_Aubrac_1_Piece_12_cm_2_mitres_inox_manche_Acrylique_Paillete_Argent_Finition_Brillante_00.jpg","width":1057,"height":1057,"caption":"Laguiole Messer in Aubrac 1 St\u00fcck 12 cm 2 Edelstahlbacken Griff Acryl Glitter Silber Gl\u00e4nzendes Finish"},{"@type":"BreadcrumbList","@id":"https:\/\/laguiole.com\/de\/produit\/laguiole-messer-in-aubrac-1-stueck-12-cm-silber-glitter-acryl-griff-2-kropfe-glaenzendes-finish\/#breadcrumb","itemListElement":[{"@type":"ListItem","position":1,"name":"Accueil","item":"https:\/\/laguiole.com\/de\/"},{"@type":"ListItem","position":2,"name":"Shop","item":"https:\/\/laguiole.com\/de\/shop-2\/"},{"@type":"ListItem","position":3,"name":"Laguiole Messer in Aubrac 1 St\u00fcck 12 cm Silber Glitter Acryl Griff 2 Kropfe Gl\u00e4nzendes Finish"}]},{"@type":"WebSite","@id":"https:\/\/laguiole.com\/de\/#website","url":"https:\/\/laguiole.com\/de\/","name":"Laguiole.com","description":"Laguiole - Couteau laguiole, Chateau Laguiole, Laguiole en Aubrac, Forge de Laguiole","publisher":{"@id":"https:\/\/laguiole.com\/de\/#organization"},"potentialAction":[{"@type":"SearchAction","target":{"@type":"EntryPoint","urlTemplate":"https:\/\/laguiole.com\/de\/?s={search_term_string}"},"query-input":{"@type":"PropertyValueSpecification","valueRequired":true,"valueName":"search_term_string"}}],"inLanguage":"de"},{"@type":"Organization","@id":"https:\/\/laguiole.com\/de\/#organization","name":"Laguiole.com","url":"https:\/\/laguiole.com\/de\/","logo":{"@type":"ImageObject","inLanguage":"de","@id":"https:\/\/laguiole.com\/de\/#\/schema\/logo\/image\/","url":"https:\/\/laguiole.com\/wp-content\/uploads\/2021\/02\/logo_laguiole.com-horizontal.jpg","contentUrl":"https:\/\/laguiole.com\/wp-content\/uploads\/2021\/02\/logo_laguiole.com-horizontal.jpg","width":490,"height":156,"caption":"Laguiole.com"},"image":{"@id":"https:\/\/laguiole.com\/de\/#\/schema\/logo\/image\/"},"sameAs":["https:\/\/www.facebook.com\/laguiolecom\/","https:\/\/www.instagram.com\/laguiolecom\/","https:\/\/www.youtube.com\/@laguiolecom\/videos"]}]}},"_links":{"self":[{"href":"https:\/\/laguiole.com\/de\/wp-json\/wp\/v2\/product\/39281","targetHints":{"allow":["GET"]}}],"collection":[{"href":"https:\/\/laguiole.com\/de\/wp-json\/wp\/v2\/product"}],"about":[{"href":"https:\/\/laguiole.com\/de\/wp-json\/wp\/v2\/types\/product"}],"version-history":[{"count":0,"href":"https:\/\/laguiole.com\/de\/wp-json\/wp\/v2\/product\/39281\/revisions"}],"wp:featuredmedia":[{"embeddable":true,"href":"https:\/\/laguiole.com\/de\/wp-json\/wp\/v2\/media\/39289"}],"wp:attachment":[{"href":"https:\/\/laguiole.com\/de\/wp-json\/wp\/v2\/media?parent=39281"}],"wp:term":[{"taxonomy":"product_brand","embeddable":true,"href":"https:\/\/laguiole.com\/de\/wp-json\/wp\/v2\/product_brand?post=39281"},{"taxonomy":"product_cat","embeddable":true,"href":"https:\/\/laguiole.com\/de\/wp-json\/wp\/v2\/product_cat?post=39281"},{"taxonomy":"product_tag","embeddable":true,"href":"https:\/\/laguiole.com\/de\/wp-json\/wp\/v2\/product_tag?post=39281"}],"curies":[{"name":"wp","href":"https:\/\/api.w.org\/{rel}","templated":true}]}}