{"id":39254,"date":"2023-09-03T13:42:49","date_gmt":"2023-09-03T11:42:49","guid":{"rendered":"https:\/\/laguiole.com\/produit\/prestige-forge-de-laguiole-rambaud-messer-warzenschweingriff-damast-doppelplatten-rueckenbacken-gebuerstetes-finish\/"},"modified":"2025-10-03T18:12:01","modified_gmt":"2025-10-03T16:12:01","slug":"prestige-forge-de-laguiole-rambaud-messer-warzenschweingriff-damast-doppelplatten-rueckenbacken-gebuerstetes-finish","status":"publish","type":"product","link":"https:\/\/laguiole.com\/de\/produit\/prestige-forge-de-laguiole-rambaud-messer-warzenschweingriff-damast-doppelplatten-rueckenbacken-gebuerstetes-finish\/","title":{"rendered":"Prestige Forge de Laguiole Rambaud Messer Warzenschweingriff Damast Doppelplatten R\u00fcckenbacken Geb\u00fcrstetes Finish"},"content":{"rendered":"","protected":false},"excerpt":{"rendered":"<p>Prestige Forge de Laguiole Klappmesser St\u00e9phane Rambaud<br \/>\nWarzenschweingriff<br \/>\nGriff signiert vom Messerschmied St\u00e9phane Rambaud Innenseite<br \/>\nGriffgr\u00f6\u00dfe 12cm<br \/>\nGeschmiedete Klinge T12<br \/>\n1 R\u00fcckenbacken Damast Edelstahl Twist<br \/>\nDoppelt guillochiert Messing\/Edelstahl Platten oben und unten<br \/>\nGuillochierte Feder Hand<br \/>\nstilisierte Biene Von Hand<br \/>\ngeschmiedet und gemei\u00dfelt Verpackung: Geschenkbox mit Echtheitszertifikat<br \/>\nGeschlossenes Messer L\u00e4nge 12cm<br \/>\nL\u00e4nge des Messers offen 22 cm<br \/>\nL\u00e4nge Klinge 10 cm<br \/>\nEinzelst\u00fcck<br \/>\n<iframe style=\"max-width: 100%; max-height: 100%;\" src=\"https:\/\/spinzam.com\/shot\/embed\/?idx=270582\" width=\"480\" height=\"480\" frameborder=\"0\" scrolling=\"no\"><\/iframe><\/p>\n<p><iframe src=\"https:\/\/www.youtube.com\/embed\/nNPZ1ccM818?rel=0&amp;autoplay=1\" width=\"560\" height=\"315\" frameborder=\"0\" allowfullscreen=\"allowfullscreen\"><\/iframe><\/p>\n","protected":false},"featured_media":39262,"template":"","meta":{"_acf_changed":false,"_monsterinsights_skip_tracking":false,"_monsterinsights_sitenote_active":false,"_monsterinsights_sitenote_note":"","_monsterinsights_sitenote_category":0},"product_brand":[],"product_cat":[5938,5939,5943],"product_tag":[],"class_list":{"0":"post-39254","1":"product","2":"type-product","3":"status-publish","4":"has-post-thumbnail","6":"product_cat-klappmesser","7":"product_cat-laguiole-klappmesser","8":"product_cat-laguiole-prestiges-messer","9":"pa_composition-couteau-1-stueck-nur-klinge","10":"pa_finition-gebuerstet","11":"pa_lame-gebuersteter-edelstahl","12":"pa_manche-en-matiere-animale-warzenschwein","13":"pa_marque-forge-de-laguiole","14":"pa_mitres-1-gehrung","15":"pa_mitres-damaszener-mitra","16":"pa_mitres-gebuersteter-edelstahl","17":"pa_mouche-geschmiedet","18":"pa_mouche-prestige","19":"pa_platines-doppel-drehteller","20":"pa_platines-guilloche-muster","21":"pa_platines-messing","22":"pa_ressort-guilloche","23":"pa_taille-du-manche-12-cm","24":"tm-has-options","27":"instock","28":"taxable","29":"shipping-taxable","30":"purchasable","31":"product-type-simple"},"supplier_id":null,"supplier_sku":"","barcode":null,"atum_controlled":true,"out_stock_date":null,"out_stock_threshold":null,"inheritable":false,"inbound_stock":0,"stock_on_hold":0,"sold_today":0,"sales_last_days":0,"reserved_stock":0,"customer_returns":0,"warehouse_damage":0,"lost_in_post":0,"other_logs":0,"out_stock_days":0,"lost_sales":0,"has_location":false,"update_date":"2026-05-02T00:41:42","atum_locations":[],"atum_stock_status":"instock","restock_status":false,"low_stock_amount":"","sales_update_date":"2026-05-02T00:41:42","calc_backorders":0,"acf":[],"yoast_head":"<!-- This site is optimized with the Yoast SEO plugin v27.3 - https:\/\/yoast.com\/product\/yoast-seo-wordpress\/ -->\n<title>Prestige Forge de Laguiole Rambaud Messer Warzenschweingriff Damast Doppelplatten R\u00fcckenbacken Geb\u00fcrstetes Finish - Laguiole.com \u00ae<\/title>\n<meta name=\"robots\" content=\"index, follow, max-snippet:-1, max-image-preview:large, max-video-preview:-1\" \/>\n<link rel=\"canonical\" href=\"https:\/\/laguiole.com\/de\/produit\/prestige-forge-de-laguiole-rambaud-messer-warzenschweingriff-damast-doppelplatten-rueckenbacken-gebuerstetes-finish\/\" \/>\n<meta property=\"og:locale\" content=\"de_DE\" \/>\n<meta property=\"og:type\" content=\"article\" \/>\n<meta property=\"og:title\" content=\"Prestige Forge de Laguiole Rambaud Messer Warzenschweingriff Damast Doppelplatten R\u00fcckenbacken Geb\u00fcrstetes Finish - Laguiole.com \u00ae\" \/>\n<meta property=\"og:description\" content=\"Prestige Forge de Laguiole Klappmesser St\u00e9phane Rambaud Warzenschweingriff Griff signiert vom Messerschmied St\u00e9phane Rambaud Innenseite Griffgr\u00f6\u00dfe 12cm Geschmiedete Klinge T12 1 R\u00fcckenbacken Damast Edelstahl Twist Doppelt guillochiert Messing\/Edelstahl Platten oben und unten Guillochierte Feder Hand stilisierte Biene Von Hand geschmiedet und gemei\u00dfelt Verpackung: Geschenkbox mit Echtheitszertifikat Geschlossenes Messer L\u00e4nge 12cm L\u00e4nge des Messers offen 22 cm L\u00e4nge Klinge 10 cm Einzelst\u00fcck\" \/>\n<meta property=\"og:url\" content=\"https:\/\/laguiole.com\/de\/produit\/prestige-forge-de-laguiole-rambaud-messer-warzenschweingriff-damast-doppelplatten-rueckenbacken-gebuerstetes-finish\/\" \/>\n<meta property=\"og:site_name\" content=\"Laguiole.com \u00ae\" \/>\n<meta property=\"article:publisher\" content=\"https:\/\/www.facebook.com\/laguiolecom\/\" \/>\n<meta property=\"article:modified_time\" content=\"2025-10-03T16:12:01+00:00\" \/>\n<meta property=\"og:image\" content=\"https:\/\/laguiole.com\/wp-content\/uploads\/2023\/08\/Couteau_Prestige_Forge_de_Laguiole_Stephane_Rambaud_Mitre_Arriere_Damas_manche_phacochere_double_platines_00.jpg\" \/>\n\t<meta property=\"og:image:width\" content=\"1033\" \/>\n\t<meta property=\"og:image:height\" content=\"1033\" \/>\n\t<meta property=\"og:image:type\" content=\"image\/jpeg\" \/>\n<meta name=\"twitter:card\" content=\"summary_large_image\" \/>\n<script type=\"application\/ld+json\" class=\"yoast-schema-graph\">{\"@context\":\"https:\\\/\\\/schema.org\",\"@graph\":[{\"@type\":\"WebPage\",\"@id\":\"https:\\\/\\\/laguiole.com\\\/de\\\/produit\\\/prestige-forge-de-laguiole-rambaud-messer-warzenschweingriff-damast-doppelplatten-rueckenbacken-gebuerstetes-finish\\\/\",\"url\":\"https:\\\/\\\/laguiole.com\\\/de\\\/produit\\\/prestige-forge-de-laguiole-rambaud-messer-warzenschweingriff-damast-doppelplatten-rueckenbacken-gebuerstetes-finish\\\/\",\"name\":\"Prestige Forge de Laguiole Rambaud Messer Warzenschweingriff Damast Doppelplatten R\u00fcckenbacken Geb\u00fcrstetes Finish - Laguiole.com \u00ae\",\"isPartOf\":{\"@id\":\"https:\\\/\\\/laguiole.com\\\/de\\\/#website\"},\"primaryImageOfPage\":{\"@id\":\"https:\\\/\\\/laguiole.com\\\/de\\\/produit\\\/prestige-forge-de-laguiole-rambaud-messer-warzenschweingriff-damast-doppelplatten-rueckenbacken-gebuerstetes-finish\\\/#primaryimage\"},\"image\":{\"@id\":\"https:\\\/\\\/laguiole.com\\\/de\\\/produit\\\/prestige-forge-de-laguiole-rambaud-messer-warzenschweingriff-damast-doppelplatten-rueckenbacken-gebuerstetes-finish\\\/#primaryimage\"},\"thumbnailUrl\":\"https:\\\/\\\/laguiole.com\\\/wp-content\\\/uploads\\\/2023\\\/08\\\/Couteau_Prestige_Forge_de_Laguiole_Stephane_Rambaud_Mitre_Arriere_Damas_manche_phacochere_double_platines_00.jpg\",\"datePublished\":\"2023-09-03T11:42:49+00:00\",\"dateModified\":\"2025-10-03T16:12:01+00:00\",\"breadcrumb\":{\"@id\":\"https:\\\/\\\/laguiole.com\\\/de\\\/produit\\\/prestige-forge-de-laguiole-rambaud-messer-warzenschweingriff-damast-doppelplatten-rueckenbacken-gebuerstetes-finish\\\/#breadcrumb\"},\"inLanguage\":\"de\",\"potentialAction\":[{\"@type\":\"ReadAction\",\"target\":[\"https:\\\/\\\/laguiole.com\\\/de\\\/produit\\\/prestige-forge-de-laguiole-rambaud-messer-warzenschweingriff-damast-doppelplatten-rueckenbacken-gebuerstetes-finish\\\/\"]}]},{\"@type\":\"ImageObject\",\"inLanguage\":\"de\",\"@id\":\"https:\\\/\\\/laguiole.com\\\/de\\\/produit\\\/prestige-forge-de-laguiole-rambaud-messer-warzenschweingriff-damast-doppelplatten-rueckenbacken-gebuerstetes-finish\\\/#primaryimage\",\"url\":\"https:\\\/\\\/laguiole.com\\\/wp-content\\\/uploads\\\/2023\\\/08\\\/Couteau_Prestige_Forge_de_Laguiole_Stephane_Rambaud_Mitre_Arriere_Damas_manche_phacochere_double_platines_00.jpg\",\"contentUrl\":\"https:\\\/\\\/laguiole.com\\\/wp-content\\\/uploads\\\/2023\\\/08\\\/Couteau_Prestige_Forge_de_Laguiole_Stephane_Rambaud_Mitre_Arriere_Damas_manche_phacochere_double_platines_00.jpg\",\"width\":1033,\"height\":1033,\"caption\":\"Prestige Forge de Laguiole Rambaud Messer Warzenschweingriff Damast Doppelplatten R\u00fcckenbacken Geb\u00fcrstetes Finish\"},{\"@type\":\"BreadcrumbList\",\"@id\":\"https:\\\/\\\/laguiole.com\\\/de\\\/produit\\\/prestige-forge-de-laguiole-rambaud-messer-warzenschweingriff-damast-doppelplatten-rueckenbacken-gebuerstetes-finish\\\/#breadcrumb\",\"itemListElement\":[{\"@type\":\"ListItem\",\"position\":1,\"name\":\"Accueil\",\"item\":\"https:\\\/\\\/laguiole.com\\\/de\\\/\"},{\"@type\":\"ListItem\",\"position\":2,\"name\":\"Shop\",\"item\":\"https:\\\/\\\/laguiole.com\\\/de\\\/shop-2\\\/\"},{\"@type\":\"ListItem\",\"position\":3,\"name\":\"Prestige Forge de Laguiole Rambaud Messer Warzenschweingriff Damast Doppelplatten R\u00fcckenbacken Geb\u00fcrstetes Finish\"}]},{\"@type\":\"WebSite\",\"@id\":\"https:\\\/\\\/laguiole.com\\\/de\\\/#website\",\"url\":\"https:\\\/\\\/laguiole.com\\\/de\\\/\",\"name\":\"Laguiole.com\",\"description\":\"Laguiole - Couteau laguiole, Chateau Laguiole, Laguiole en Aubrac, Forge de Laguiole\",\"publisher\":{\"@id\":\"https:\\\/\\\/laguiole.com\\\/de\\\/#organization\"},\"potentialAction\":[{\"@type\":\"SearchAction\",\"target\":{\"@type\":\"EntryPoint\",\"urlTemplate\":\"https:\\\/\\\/laguiole.com\\\/de\\\/?s={search_term_string}\"},\"query-input\":{\"@type\":\"PropertyValueSpecification\",\"valueRequired\":true,\"valueName\":\"search_term_string\"}}],\"inLanguage\":\"de\"},{\"@type\":\"Organization\",\"@id\":\"https:\\\/\\\/laguiole.com\\\/de\\\/#organization\",\"name\":\"Laguiole.com\",\"url\":\"https:\\\/\\\/laguiole.com\\\/de\\\/\",\"logo\":{\"@type\":\"ImageObject\",\"inLanguage\":\"de\",\"@id\":\"https:\\\/\\\/laguiole.com\\\/de\\\/#\\\/schema\\\/logo\\\/image\\\/\",\"url\":\"https:\\\/\\\/laguiole.com\\\/wp-content\\\/uploads\\\/2021\\\/02\\\/logo_laguiole.com-horizontal.jpg\",\"contentUrl\":\"https:\\\/\\\/laguiole.com\\\/wp-content\\\/uploads\\\/2021\\\/02\\\/logo_laguiole.com-horizontal.jpg\",\"width\":490,\"height\":156,\"caption\":\"Laguiole.com\"},\"image\":{\"@id\":\"https:\\\/\\\/laguiole.com\\\/de\\\/#\\\/schema\\\/logo\\\/image\\\/\"},\"sameAs\":[\"https:\\\/\\\/www.facebook.com\\\/laguiolecom\\\/\",\"https:\\\/\\\/www.instagram.com\\\/laguiolecom\\\/\",\"https:\\\/\\\/www.youtube.com\\\/@laguiolecom\\\/videos\"]}]}<\/script>\n<!-- \/ Yoast SEO plugin. -->","yoast_head_json":{"title":"Prestige Forge de Laguiole Rambaud Messer Warzenschweingriff Damast Doppelplatten R\u00fcckenbacken Geb\u00fcrstetes Finish - Laguiole.com \u00ae","robots":{"index":"index","follow":"follow","max-snippet":"max-snippet:-1","max-image-preview":"max-image-preview:large","max-video-preview":"max-video-preview:-1"},"canonical":"https:\/\/laguiole.com\/de\/produit\/prestige-forge-de-laguiole-rambaud-messer-warzenschweingriff-damast-doppelplatten-rueckenbacken-gebuerstetes-finish\/","og_locale":"de_DE","og_type":"article","og_title":"Prestige Forge de Laguiole Rambaud Messer Warzenschweingriff Damast Doppelplatten R\u00fcckenbacken Geb\u00fcrstetes Finish - Laguiole.com \u00ae","og_description":"Prestige Forge de Laguiole Klappmesser St\u00e9phane Rambaud Warzenschweingriff Griff signiert vom Messerschmied St\u00e9phane Rambaud Innenseite Griffgr\u00f6\u00dfe 12cm Geschmiedete Klinge T12 1 R\u00fcckenbacken Damast Edelstahl Twist Doppelt guillochiert Messing\/Edelstahl Platten oben und unten Guillochierte Feder Hand stilisierte Biene Von Hand geschmiedet und gemei\u00dfelt Verpackung: Geschenkbox mit Echtheitszertifikat Geschlossenes Messer L\u00e4nge 12cm L\u00e4nge des Messers offen 22 cm L\u00e4nge Klinge 10 cm Einzelst\u00fcck","og_url":"https:\/\/laguiole.com\/de\/produit\/prestige-forge-de-laguiole-rambaud-messer-warzenschweingriff-damast-doppelplatten-rueckenbacken-gebuerstetes-finish\/","og_site_name":"Laguiole.com \u00ae","article_publisher":"https:\/\/www.facebook.com\/laguiolecom\/","article_modified_time":"2025-10-03T16:12:01+00:00","og_image":[{"width":1033,"height":1033,"url":"https:\/\/laguiole.com\/wp-content\/uploads\/2023\/08\/Couteau_Prestige_Forge_de_Laguiole_Stephane_Rambaud_Mitre_Arriere_Damas_manche_phacochere_double_platines_00.jpg","type":"image\/jpeg"}],"twitter_card":"summary_large_image","schema":{"@context":"https:\/\/schema.org","@graph":[{"@type":"WebPage","@id":"https:\/\/laguiole.com\/de\/produit\/prestige-forge-de-laguiole-rambaud-messer-warzenschweingriff-damast-doppelplatten-rueckenbacken-gebuerstetes-finish\/","url":"https:\/\/laguiole.com\/de\/produit\/prestige-forge-de-laguiole-rambaud-messer-warzenschweingriff-damast-doppelplatten-rueckenbacken-gebuerstetes-finish\/","name":"Prestige Forge de Laguiole Rambaud Messer Warzenschweingriff Damast Doppelplatten R\u00fcckenbacken Geb\u00fcrstetes Finish - Laguiole.com \u00ae","isPartOf":{"@id":"https:\/\/laguiole.com\/de\/#website"},"primaryImageOfPage":{"@id":"https:\/\/laguiole.com\/de\/produit\/prestige-forge-de-laguiole-rambaud-messer-warzenschweingriff-damast-doppelplatten-rueckenbacken-gebuerstetes-finish\/#primaryimage"},"image":{"@id":"https:\/\/laguiole.com\/de\/produit\/prestige-forge-de-laguiole-rambaud-messer-warzenschweingriff-damast-doppelplatten-rueckenbacken-gebuerstetes-finish\/#primaryimage"},"thumbnailUrl":"https:\/\/laguiole.com\/wp-content\/uploads\/2023\/08\/Couteau_Prestige_Forge_de_Laguiole_Stephane_Rambaud_Mitre_Arriere_Damas_manche_phacochere_double_platines_00.jpg","datePublished":"2023-09-03T11:42:49+00:00","dateModified":"2025-10-03T16:12:01+00:00","breadcrumb":{"@id":"https:\/\/laguiole.com\/de\/produit\/prestige-forge-de-laguiole-rambaud-messer-warzenschweingriff-damast-doppelplatten-rueckenbacken-gebuerstetes-finish\/#breadcrumb"},"inLanguage":"de","potentialAction":[{"@type":"ReadAction","target":["https:\/\/laguiole.com\/de\/produit\/prestige-forge-de-laguiole-rambaud-messer-warzenschweingriff-damast-doppelplatten-rueckenbacken-gebuerstetes-finish\/"]}]},{"@type":"ImageObject","inLanguage":"de","@id":"https:\/\/laguiole.com\/de\/produit\/prestige-forge-de-laguiole-rambaud-messer-warzenschweingriff-damast-doppelplatten-rueckenbacken-gebuerstetes-finish\/#primaryimage","url":"https:\/\/laguiole.com\/wp-content\/uploads\/2023\/08\/Couteau_Prestige_Forge_de_Laguiole_Stephane_Rambaud_Mitre_Arriere_Damas_manche_phacochere_double_platines_00.jpg","contentUrl":"https:\/\/laguiole.com\/wp-content\/uploads\/2023\/08\/Couteau_Prestige_Forge_de_Laguiole_Stephane_Rambaud_Mitre_Arriere_Damas_manche_phacochere_double_platines_00.jpg","width":1033,"height":1033,"caption":"Prestige Forge de Laguiole Rambaud Messer Warzenschweingriff Damast Doppelplatten R\u00fcckenbacken Geb\u00fcrstetes Finish"},{"@type":"BreadcrumbList","@id":"https:\/\/laguiole.com\/de\/produit\/prestige-forge-de-laguiole-rambaud-messer-warzenschweingriff-damast-doppelplatten-rueckenbacken-gebuerstetes-finish\/#breadcrumb","itemListElement":[{"@type":"ListItem","position":1,"name":"Accueil","item":"https:\/\/laguiole.com\/de\/"},{"@type":"ListItem","position":2,"name":"Shop","item":"https:\/\/laguiole.com\/de\/shop-2\/"},{"@type":"ListItem","position":3,"name":"Prestige Forge de Laguiole Rambaud Messer Warzenschweingriff Damast Doppelplatten R\u00fcckenbacken Geb\u00fcrstetes Finish"}]},{"@type":"WebSite","@id":"https:\/\/laguiole.com\/de\/#website","url":"https:\/\/laguiole.com\/de\/","name":"Laguiole.com","description":"Laguiole - Couteau laguiole, Chateau Laguiole, Laguiole en Aubrac, Forge de Laguiole","publisher":{"@id":"https:\/\/laguiole.com\/de\/#organization"},"potentialAction":[{"@type":"SearchAction","target":{"@type":"EntryPoint","urlTemplate":"https:\/\/laguiole.com\/de\/?s={search_term_string}"},"query-input":{"@type":"PropertyValueSpecification","valueRequired":true,"valueName":"search_term_string"}}],"inLanguage":"de"},{"@type":"Organization","@id":"https:\/\/laguiole.com\/de\/#organization","name":"Laguiole.com","url":"https:\/\/laguiole.com\/de\/","logo":{"@type":"ImageObject","inLanguage":"de","@id":"https:\/\/laguiole.com\/de\/#\/schema\/logo\/image\/","url":"https:\/\/laguiole.com\/wp-content\/uploads\/2021\/02\/logo_laguiole.com-horizontal.jpg","contentUrl":"https:\/\/laguiole.com\/wp-content\/uploads\/2021\/02\/logo_laguiole.com-horizontal.jpg","width":490,"height":156,"caption":"Laguiole.com"},"image":{"@id":"https:\/\/laguiole.com\/de\/#\/schema\/logo\/image\/"},"sameAs":["https:\/\/www.facebook.com\/laguiolecom\/","https:\/\/www.instagram.com\/laguiolecom\/","https:\/\/www.youtube.com\/@laguiolecom\/videos"]}]}},"_links":{"self":[{"href":"https:\/\/laguiole.com\/de\/wp-json\/wp\/v2\/product\/39254","targetHints":{"allow":["GET"]}}],"collection":[{"href":"https:\/\/laguiole.com\/de\/wp-json\/wp\/v2\/product"}],"about":[{"href":"https:\/\/laguiole.com\/de\/wp-json\/wp\/v2\/types\/product"}],"version-history":[{"count":1,"href":"https:\/\/laguiole.com\/de\/wp-json\/wp\/v2\/product\/39254\/revisions"}],"predecessor-version":[{"id":41638,"href":"https:\/\/laguiole.com\/de\/wp-json\/wp\/v2\/product\/39254\/revisions\/41638"}],"wp:featuredmedia":[{"embeddable":true,"href":"https:\/\/laguiole.com\/de\/wp-json\/wp\/v2\/media\/39262"}],"wp:attachment":[{"href":"https:\/\/laguiole.com\/de\/wp-json\/wp\/v2\/media?parent=39254"}],"wp:term":[{"taxonomy":"product_brand","embeddable":true,"href":"https:\/\/laguiole.com\/de\/wp-json\/wp\/v2\/product_brand?post=39254"},{"taxonomy":"product_cat","embeddable":true,"href":"https:\/\/laguiole.com\/de\/wp-json\/wp\/v2\/product_cat?post=39254"},{"taxonomy":"product_tag","embeddable":true,"href":"https:\/\/laguiole.com\/de\/wp-json\/wp\/v2\/product_tag?post=39254"}],"curies":[{"name":"wp","href":"https:\/\/api.w.org\/{rel}","templated":true}]}}