{"id":39007,"date":"2023-07-31T12:34:54","date_gmt":"2023-07-31T10:34:54","guid":{"rendered":"https:\/\/laguiole.com\/produit\/laguiole-aubrac-messer-1-stueck-schwarzer-marshmallow-acrylgriff-2-nackenrollen-glaenzender-edelstahl-10cm\/"},"modified":"2025-12-03T20:45:10","modified_gmt":"2025-12-03T19:45:10","slug":"laguiole-aubrac-messer-1-stueck-schwarzer-marshmallow-acrylgriff-2-nackenrollen-glaenzender-edelstahl-10cm","status":"publish","type":"product","link":"https:\/\/laguiole.com\/de\/produit\/laguiole-aubrac-messer-1-stueck-schwarzer-marshmallow-acrylgriff-2-nackenrollen-glaenzender-edelstahl-10cm\/","title":{"rendered":"Laguiole Aubrac Messer 1 St\u00fcck Schwarzer Marshmallow Acrylgriff 2 Nackenrollen Gl\u00e4nzender Edelstahl 10cm"},"content":{"rendered":"","protected":false},"excerpt":{"rendered":"<p>Laguiole Messer in Aubrac Black Marshmallow 2<br \/>\nKropfe gl\u00e4nzender<br \/>\nEdelstahl schwarzer und wei\u00dfer<br \/>\nAcrylgriff Geschmiedete Fliege guillochierte<br \/>\nFeder Handl\u00e4nge<br \/>\ndes Messers geschlossen: 10 cm<br \/>\nL\u00e4nge der Klinge: 9 cm<br \/>\nL\u00e4nge des offenen Messers: 19 cm<br \/>\n<iframe style=\"max-width: 100%; max-height: 100%;\" src=\"https:\/\/spinzam.com\/shot\/embed\/?idx=227867\" width=\"480\" height=\"480\" frameborder=\"0\" scrolling=\"no\"><\/iframe><\/p>\n","protected":false},"featured_media":39022,"template":"","meta":{"_acf_changed":false,"_monsterinsights_skip_tracking":false,"_monsterinsights_sitenote_active":false,"_monsterinsights_sitenote_note":"","_monsterinsights_sitenote_category":0},"product_brand":[],"product_cat":[5938,5939,5940],"product_tag":[],"class_list":{"0":"post-39007","1":"product","2":"type-product","3":"status-publish","4":"has-post-thumbnail","6":"product_cat-klappmesser","7":"product_cat-laguiole-klappmesser","8":"product_cat-laguiole-traditionelle-messer-mit-und-ohne-korkenzieher","9":"pa_composition-couteau-1-stueck-nur-klinge","10":"pa_lame-glaenzender-edelstahl","11":"pa_manche-en-matiere-moderne-acryl","12":"pa_manche-en-matiere-moderne-marshmallow","13":"pa_marque-laguiole-en-aubracfr","14":"pa_mitres-2-gehrungen","15":"pa_mitres-glaenzender-edelstahl","16":"pa_mouche-geschmiedet","17":"pa_platines-einzelplatin","18":"pa_taille-du-manche-10-cm0","19":"tm-has-options","22":"instock","23":"taxable","24":"shipping-taxable","25":"purchasable","26":"product-type-simple"},"supplier_id":null,"supplier_sku":"","barcode":null,"atum_controlled":true,"out_stock_date":null,"out_stock_threshold":null,"inheritable":false,"inbound_stock":0,"stock_on_hold":0,"sold_today":0,"sales_last_days":0,"reserved_stock":0,"customer_returns":0,"warehouse_damage":0,"lost_in_post":0,"other_logs":0,"out_stock_days":0,"lost_sales":0,"has_location":false,"update_date":"2026-04-28T00:40:42","atum_locations":[],"atum_stock_status":"instock","restock_status":false,"low_stock_amount":"","sales_update_date":"2026-04-28T00:40:42","calc_backorders":0,"acf":[],"yoast_head":"<!-- This site is optimized with the Yoast SEO plugin v27.3 - https:\/\/yoast.com\/product\/yoast-seo-wordpress\/ -->\n<title>Laguiole Aubrac Messer 1 St\u00fcck Schwarzer Marshmallow Acrylgriff 2 Nackenrollen Gl\u00e4nzender Edelstahl 10cm - Laguiole.com \u00ae<\/title>\n<meta name=\"robots\" content=\"index, follow, max-snippet:-1, max-image-preview:large, max-video-preview:-1\" \/>\n<link rel=\"canonical\" href=\"https:\/\/laguiole.com\/de\/produit\/laguiole-aubrac-messer-1-stueck-schwarzer-marshmallow-acrylgriff-2-nackenrollen-glaenzender-edelstahl-10cm\/\" \/>\n<meta property=\"og:locale\" content=\"de_DE\" \/>\n<meta property=\"og:type\" content=\"article\" \/>\n<meta property=\"og:title\" content=\"Laguiole Aubrac Messer 1 St\u00fcck Schwarzer Marshmallow Acrylgriff 2 Nackenrollen Gl\u00e4nzender Edelstahl 10cm - Laguiole.com \u00ae\" \/>\n<meta property=\"og:description\" content=\"Laguiole Messer in Aubrac Black Marshmallow 2 Kropfe gl\u00e4nzender Edelstahl schwarzer und wei\u00dfer Acrylgriff Geschmiedete Fliege guillochierte Feder Handl\u00e4nge des Messers geschlossen: 10 cm L\u00e4nge der Klinge: 9 cm L\u00e4nge des offenen Messers: 19 cm\" \/>\n<meta property=\"og:url\" content=\"https:\/\/laguiole.com\/de\/produit\/laguiole-aubrac-messer-1-stueck-schwarzer-marshmallow-acrylgriff-2-nackenrollen-glaenzender-edelstahl-10cm\/\" \/>\n<meta property=\"og:site_name\" content=\"Laguiole.com \u00ae\" \/>\n<meta property=\"article:publisher\" content=\"https:\/\/www.facebook.com\/laguiolecom\/\" \/>\n<meta property=\"article:modified_time\" content=\"2025-12-03T19:45:10+00:00\" \/>\n<meta property=\"og:image\" content=\"https:\/\/laguiole.com\/wp-content\/uploads\/2023\/07\/Couteau_Laguiole_en_Aubrac_1_piece_Guimauve_Noir_Manche_Acrylique_2_Mitres_Inox_brillant_10cm_00.jpg\" \/>\n\t<meta property=\"og:image:width\" content=\"1033\" \/>\n\t<meta property=\"og:image:height\" content=\"1033\" \/>\n\t<meta property=\"og:image:type\" content=\"image\/jpeg\" \/>\n<meta name=\"twitter:card\" content=\"summary_large_image\" \/>\n<script type=\"application\/ld+json\" class=\"yoast-schema-graph\">{\"@context\":\"https:\\\/\\\/schema.org\",\"@graph\":[{\"@type\":\"WebPage\",\"@id\":\"https:\\\/\\\/laguiole.com\\\/de\\\/produit\\\/laguiole-aubrac-messer-1-stueck-schwarzer-marshmallow-acrylgriff-2-nackenrollen-glaenzender-edelstahl-10cm\\\/\",\"url\":\"https:\\\/\\\/laguiole.com\\\/de\\\/produit\\\/laguiole-aubrac-messer-1-stueck-schwarzer-marshmallow-acrylgriff-2-nackenrollen-glaenzender-edelstahl-10cm\\\/\",\"name\":\"Laguiole Aubrac Messer 1 St\u00fcck Schwarzer Marshmallow Acrylgriff 2 Nackenrollen Gl\u00e4nzender Edelstahl 10cm - Laguiole.com \u00ae\",\"isPartOf\":{\"@id\":\"https:\\\/\\\/laguiole.com\\\/de\\\/#website\"},\"primaryImageOfPage\":{\"@id\":\"https:\\\/\\\/laguiole.com\\\/de\\\/produit\\\/laguiole-aubrac-messer-1-stueck-schwarzer-marshmallow-acrylgriff-2-nackenrollen-glaenzender-edelstahl-10cm\\\/#primaryimage\"},\"image\":{\"@id\":\"https:\\\/\\\/laguiole.com\\\/de\\\/produit\\\/laguiole-aubrac-messer-1-stueck-schwarzer-marshmallow-acrylgriff-2-nackenrollen-glaenzender-edelstahl-10cm\\\/#primaryimage\"},\"thumbnailUrl\":\"https:\\\/\\\/laguiole.com\\\/wp-content\\\/uploads\\\/2023\\\/07\\\/Couteau_Laguiole_en_Aubrac_1_piece_Guimauve_Noir_Manche_Acrylique_2_Mitres_Inox_brillant_10cm_00.jpg\",\"datePublished\":\"2023-07-31T10:34:54+00:00\",\"dateModified\":\"2025-12-03T19:45:10+00:00\",\"breadcrumb\":{\"@id\":\"https:\\\/\\\/laguiole.com\\\/de\\\/produit\\\/laguiole-aubrac-messer-1-stueck-schwarzer-marshmallow-acrylgriff-2-nackenrollen-glaenzender-edelstahl-10cm\\\/#breadcrumb\"},\"inLanguage\":\"de\",\"potentialAction\":[{\"@type\":\"ReadAction\",\"target\":[\"https:\\\/\\\/laguiole.com\\\/de\\\/produit\\\/laguiole-aubrac-messer-1-stueck-schwarzer-marshmallow-acrylgriff-2-nackenrollen-glaenzender-edelstahl-10cm\\\/\"]}]},{\"@type\":\"ImageObject\",\"inLanguage\":\"de\",\"@id\":\"https:\\\/\\\/laguiole.com\\\/de\\\/produit\\\/laguiole-aubrac-messer-1-stueck-schwarzer-marshmallow-acrylgriff-2-nackenrollen-glaenzender-edelstahl-10cm\\\/#primaryimage\",\"url\":\"https:\\\/\\\/laguiole.com\\\/wp-content\\\/uploads\\\/2023\\\/07\\\/Couteau_Laguiole_en_Aubrac_1_piece_Guimauve_Noir_Manche_Acrylique_2_Mitres_Inox_brillant_10cm_00.jpg\",\"contentUrl\":\"https:\\\/\\\/laguiole.com\\\/wp-content\\\/uploads\\\/2023\\\/07\\\/Couteau_Laguiole_en_Aubrac_1_piece_Guimauve_Noir_Manche_Acrylique_2_Mitres_Inox_brillant_10cm_00.jpg\",\"width\":1033,\"height\":1033,\"caption\":\"Couteau_Laguiole_en_Aubrac_1_piece_Guimauve_Noir_Manche_Acrylique_2_Mitres_Inox_brillant_10cm\"},{\"@type\":\"BreadcrumbList\",\"@id\":\"https:\\\/\\\/laguiole.com\\\/de\\\/produit\\\/laguiole-aubrac-messer-1-stueck-schwarzer-marshmallow-acrylgriff-2-nackenrollen-glaenzender-edelstahl-10cm\\\/#breadcrumb\",\"itemListElement\":[{\"@type\":\"ListItem\",\"position\":1,\"name\":\"Accueil\",\"item\":\"https:\\\/\\\/laguiole.com\\\/de\\\/\"},{\"@type\":\"ListItem\",\"position\":2,\"name\":\"Shop\",\"item\":\"https:\\\/\\\/laguiole.com\\\/de\\\/shop-2\\\/\"},{\"@type\":\"ListItem\",\"position\":3,\"name\":\"Laguiole Aubrac Messer 1 St\u00fcck Schwarzer Marshmallow Acrylgriff 2 Nackenrollen Gl\u00e4nzender Edelstahl 10cm\"}]},{\"@type\":\"WebSite\",\"@id\":\"https:\\\/\\\/laguiole.com\\\/de\\\/#website\",\"url\":\"https:\\\/\\\/laguiole.com\\\/de\\\/\",\"name\":\"Laguiole.com\",\"description\":\"Laguiole - Couteau laguiole, Chateau Laguiole, Laguiole en Aubrac, Forge de Laguiole\",\"publisher\":{\"@id\":\"https:\\\/\\\/laguiole.com\\\/de\\\/#organization\"},\"potentialAction\":[{\"@type\":\"SearchAction\",\"target\":{\"@type\":\"EntryPoint\",\"urlTemplate\":\"https:\\\/\\\/laguiole.com\\\/de\\\/?s={search_term_string}\"},\"query-input\":{\"@type\":\"PropertyValueSpecification\",\"valueRequired\":true,\"valueName\":\"search_term_string\"}}],\"inLanguage\":\"de\"},{\"@type\":\"Organization\",\"@id\":\"https:\\\/\\\/laguiole.com\\\/de\\\/#organization\",\"name\":\"Laguiole.com\",\"url\":\"https:\\\/\\\/laguiole.com\\\/de\\\/\",\"logo\":{\"@type\":\"ImageObject\",\"inLanguage\":\"de\",\"@id\":\"https:\\\/\\\/laguiole.com\\\/de\\\/#\\\/schema\\\/logo\\\/image\\\/\",\"url\":\"https:\\\/\\\/laguiole.com\\\/wp-content\\\/uploads\\\/2021\\\/02\\\/logo_laguiole.com-horizontal.jpg\",\"contentUrl\":\"https:\\\/\\\/laguiole.com\\\/wp-content\\\/uploads\\\/2021\\\/02\\\/logo_laguiole.com-horizontal.jpg\",\"width\":490,\"height\":156,\"caption\":\"Laguiole.com\"},\"image\":{\"@id\":\"https:\\\/\\\/laguiole.com\\\/de\\\/#\\\/schema\\\/logo\\\/image\\\/\"},\"sameAs\":[\"https:\\\/\\\/www.facebook.com\\\/laguiolecom\\\/\",\"https:\\\/\\\/www.instagram.com\\\/laguiolecom\\\/\",\"https:\\\/\\\/www.youtube.com\\\/@laguiolecom\\\/videos\"]}]}<\/script>\n<!-- \/ Yoast SEO plugin. -->","yoast_head_json":{"title":"Laguiole Aubrac Messer 1 St\u00fcck Schwarzer Marshmallow Acrylgriff 2 Nackenrollen Gl\u00e4nzender Edelstahl 10cm - Laguiole.com \u00ae","robots":{"index":"index","follow":"follow","max-snippet":"max-snippet:-1","max-image-preview":"max-image-preview:large","max-video-preview":"max-video-preview:-1"},"canonical":"https:\/\/laguiole.com\/de\/produit\/laguiole-aubrac-messer-1-stueck-schwarzer-marshmallow-acrylgriff-2-nackenrollen-glaenzender-edelstahl-10cm\/","og_locale":"de_DE","og_type":"article","og_title":"Laguiole Aubrac Messer 1 St\u00fcck Schwarzer Marshmallow Acrylgriff 2 Nackenrollen Gl\u00e4nzender Edelstahl 10cm - Laguiole.com \u00ae","og_description":"Laguiole Messer in Aubrac Black Marshmallow 2 Kropfe gl\u00e4nzender Edelstahl schwarzer und wei\u00dfer Acrylgriff Geschmiedete Fliege guillochierte Feder Handl\u00e4nge des Messers geschlossen: 10 cm L\u00e4nge der Klinge: 9 cm L\u00e4nge des offenen Messers: 19 cm","og_url":"https:\/\/laguiole.com\/de\/produit\/laguiole-aubrac-messer-1-stueck-schwarzer-marshmallow-acrylgriff-2-nackenrollen-glaenzender-edelstahl-10cm\/","og_site_name":"Laguiole.com \u00ae","article_publisher":"https:\/\/www.facebook.com\/laguiolecom\/","article_modified_time":"2025-12-03T19:45:10+00:00","og_image":[{"width":1033,"height":1033,"url":"https:\/\/laguiole.com\/wp-content\/uploads\/2023\/07\/Couteau_Laguiole_en_Aubrac_1_piece_Guimauve_Noir_Manche_Acrylique_2_Mitres_Inox_brillant_10cm_00.jpg","type":"image\/jpeg"}],"twitter_card":"summary_large_image","schema":{"@context":"https:\/\/schema.org","@graph":[{"@type":"WebPage","@id":"https:\/\/laguiole.com\/de\/produit\/laguiole-aubrac-messer-1-stueck-schwarzer-marshmallow-acrylgriff-2-nackenrollen-glaenzender-edelstahl-10cm\/","url":"https:\/\/laguiole.com\/de\/produit\/laguiole-aubrac-messer-1-stueck-schwarzer-marshmallow-acrylgriff-2-nackenrollen-glaenzender-edelstahl-10cm\/","name":"Laguiole Aubrac Messer 1 St\u00fcck Schwarzer Marshmallow Acrylgriff 2 Nackenrollen Gl\u00e4nzender Edelstahl 10cm - Laguiole.com \u00ae","isPartOf":{"@id":"https:\/\/laguiole.com\/de\/#website"},"primaryImageOfPage":{"@id":"https:\/\/laguiole.com\/de\/produit\/laguiole-aubrac-messer-1-stueck-schwarzer-marshmallow-acrylgriff-2-nackenrollen-glaenzender-edelstahl-10cm\/#primaryimage"},"image":{"@id":"https:\/\/laguiole.com\/de\/produit\/laguiole-aubrac-messer-1-stueck-schwarzer-marshmallow-acrylgriff-2-nackenrollen-glaenzender-edelstahl-10cm\/#primaryimage"},"thumbnailUrl":"https:\/\/laguiole.com\/wp-content\/uploads\/2023\/07\/Couteau_Laguiole_en_Aubrac_1_piece_Guimauve_Noir_Manche_Acrylique_2_Mitres_Inox_brillant_10cm_00.jpg","datePublished":"2023-07-31T10:34:54+00:00","dateModified":"2025-12-03T19:45:10+00:00","breadcrumb":{"@id":"https:\/\/laguiole.com\/de\/produit\/laguiole-aubrac-messer-1-stueck-schwarzer-marshmallow-acrylgriff-2-nackenrollen-glaenzender-edelstahl-10cm\/#breadcrumb"},"inLanguage":"de","potentialAction":[{"@type":"ReadAction","target":["https:\/\/laguiole.com\/de\/produit\/laguiole-aubrac-messer-1-stueck-schwarzer-marshmallow-acrylgriff-2-nackenrollen-glaenzender-edelstahl-10cm\/"]}]},{"@type":"ImageObject","inLanguage":"de","@id":"https:\/\/laguiole.com\/de\/produit\/laguiole-aubrac-messer-1-stueck-schwarzer-marshmallow-acrylgriff-2-nackenrollen-glaenzender-edelstahl-10cm\/#primaryimage","url":"https:\/\/laguiole.com\/wp-content\/uploads\/2023\/07\/Couteau_Laguiole_en_Aubrac_1_piece_Guimauve_Noir_Manche_Acrylique_2_Mitres_Inox_brillant_10cm_00.jpg","contentUrl":"https:\/\/laguiole.com\/wp-content\/uploads\/2023\/07\/Couteau_Laguiole_en_Aubrac_1_piece_Guimauve_Noir_Manche_Acrylique_2_Mitres_Inox_brillant_10cm_00.jpg","width":1033,"height":1033,"caption":"Couteau_Laguiole_en_Aubrac_1_piece_Guimauve_Noir_Manche_Acrylique_2_Mitres_Inox_brillant_10cm"},{"@type":"BreadcrumbList","@id":"https:\/\/laguiole.com\/de\/produit\/laguiole-aubrac-messer-1-stueck-schwarzer-marshmallow-acrylgriff-2-nackenrollen-glaenzender-edelstahl-10cm\/#breadcrumb","itemListElement":[{"@type":"ListItem","position":1,"name":"Accueil","item":"https:\/\/laguiole.com\/de\/"},{"@type":"ListItem","position":2,"name":"Shop","item":"https:\/\/laguiole.com\/de\/shop-2\/"},{"@type":"ListItem","position":3,"name":"Laguiole Aubrac Messer 1 St\u00fcck Schwarzer Marshmallow Acrylgriff 2 Nackenrollen Gl\u00e4nzender Edelstahl 10cm"}]},{"@type":"WebSite","@id":"https:\/\/laguiole.com\/de\/#website","url":"https:\/\/laguiole.com\/de\/","name":"Laguiole.com","description":"Laguiole - Couteau laguiole, Chateau Laguiole, Laguiole en Aubrac, Forge de Laguiole","publisher":{"@id":"https:\/\/laguiole.com\/de\/#organization"},"potentialAction":[{"@type":"SearchAction","target":{"@type":"EntryPoint","urlTemplate":"https:\/\/laguiole.com\/de\/?s={search_term_string}"},"query-input":{"@type":"PropertyValueSpecification","valueRequired":true,"valueName":"search_term_string"}}],"inLanguage":"de"},{"@type":"Organization","@id":"https:\/\/laguiole.com\/de\/#organization","name":"Laguiole.com","url":"https:\/\/laguiole.com\/de\/","logo":{"@type":"ImageObject","inLanguage":"de","@id":"https:\/\/laguiole.com\/de\/#\/schema\/logo\/image\/","url":"https:\/\/laguiole.com\/wp-content\/uploads\/2021\/02\/logo_laguiole.com-horizontal.jpg","contentUrl":"https:\/\/laguiole.com\/wp-content\/uploads\/2021\/02\/logo_laguiole.com-horizontal.jpg","width":490,"height":156,"caption":"Laguiole.com"},"image":{"@id":"https:\/\/laguiole.com\/de\/#\/schema\/logo\/image\/"},"sameAs":["https:\/\/www.facebook.com\/laguiolecom\/","https:\/\/www.instagram.com\/laguiolecom\/","https:\/\/www.youtube.com\/@laguiolecom\/videos"]}]}},"_links":{"self":[{"href":"https:\/\/laguiole.com\/de\/wp-json\/wp\/v2\/product\/39007","targetHints":{"allow":["GET"]}}],"collection":[{"href":"https:\/\/laguiole.com\/de\/wp-json\/wp\/v2\/product"}],"about":[{"href":"https:\/\/laguiole.com\/de\/wp-json\/wp\/v2\/types\/product"}],"version-history":[{"count":0,"href":"https:\/\/laguiole.com\/de\/wp-json\/wp\/v2\/product\/39007\/revisions"}],"wp:featuredmedia":[{"embeddable":true,"href":"https:\/\/laguiole.com\/de\/wp-json\/wp\/v2\/media\/39022"}],"wp:attachment":[{"href":"https:\/\/laguiole.com\/de\/wp-json\/wp\/v2\/media?parent=39007"}],"wp:term":[{"taxonomy":"product_brand","embeddable":true,"href":"https:\/\/laguiole.com\/de\/wp-json\/wp\/v2\/product_brand?post=39007"},{"taxonomy":"product_cat","embeddable":true,"href":"https:\/\/laguiole.com\/de\/wp-json\/wp\/v2\/product_cat?post=39007"},{"taxonomy":"product_tag","embeddable":true,"href":"https:\/\/laguiole.com\/de\/wp-json\/wp\/v2\/product_tag?post=39007"}],"curies":[{"name":"wp","href":"https:\/\/api.w.org\/{rel}","templated":true}]}}