{"id":38960,"date":"2024-06-02T21:10:49","date_gmt":"2024-06-02T19:10:49","guid":{"rendered":"https:\/\/laguiole.com\/produit\/das-20-20-klappmesser-vollgriff-violettes-holz-11cm-anpassbar-glatte-feder-gebuerstetes-finish\/"},"modified":"2026-02-19T15:55:27","modified_gmt":"2026-02-19T14:55:27","slug":"das-20-20-klappmesser-vollgriff-violettes-holz-11cm-anpassbar-glatte-feder-gebuerstetes-finish","status":"publish","type":"product","link":"https:\/\/laguiole.com\/de\/produit\/das-20-20-klappmesser-vollgriff-violettes-holz-11cm-anpassbar-glatte-feder-gebuerstetes-finish\/","title":{"rendered":"Das 20\/20 Klappmesser Vollgriff Violettes Holz 11cm Anpassbar Glatte Feder Geb\u00fcrstetes Finish"},"content":{"rendered":"<p>Das Messer &#8220;20\/20&#8221; zeichnet sich durch seine sehr einfache und raffinierte Form aus. Das geradlinige Design, der Vollgriff und die freiliegenden Schrauben spiegeln eine zeitgen\u00f6ssische und aktuelle \u00c4sthetik wider, die perfekt mit den modernen Trends harmoniert.<br \/>\nEs ist ein d\u00fcnnes und leichtes Messer, das leichter in eine Tasche passt.<br \/>\nDie Form der Klinge \u00e4ndert sich von den \u00fcblichen Klingenformen.<br \/>\nSie ist nicht scharf wie eine &#8220;Laguiole&#8221;.<br \/>\nDiese Form bietet neue M\u00f6glichkeiten, wie z.B. das Verteilen von Butter auf eine Brotscheibe.<br \/>\nSehr guter Halt, originelles und modernes Messer, das sowohl f\u00fcr M\u00e4nner als auch f\u00fcr Frauen geeignet ist!! <\/p>\n","protected":false},"excerpt":{"rendered":"<p>Le 20\/20 Klappmesser von Le Fid\u00e8le<br \/>\nVollgriff aus violettem<br \/>\nHolz Anpassbarer Griff durch Gravur auf Klinge und\/oder Feder<br \/>\nGriffl\u00e4nge 10,8 cm Breite 4 mm<br \/>\nKlinge aus geb\u00fcrstetem Edelstahl 12C27 gerade Form und abgerundete<br \/>\nSpitze Klingenl\u00e4nge 9,2 cm Klingenbreite 2,5 mm<br \/>\nGewicht von 20\/20 : 89 grs<\/p>\n","protected":false},"featured_media":38967,"template":"","meta":{"_acf_changed":false,"_monsterinsights_skip_tracking":false,"_monsterinsights_sitenote_active":false,"_monsterinsights_sitenote_note":"","_monsterinsights_sitenote_category":0},"product_brand":[],"product_cat":[5963,5938,5951],"product_tag":[6171],"class_list":{"0":"post-38960","1":"product","2":"type-product","3":"status-publish","4":"has-post-thumbnail","6":"product_cat-federgravur","7":"product_cat-klappmesser","8":"product_cat-20-20-klappmesser","9":"product_tag-gravurfeder","10":"pa_manche-en-bois-violettholz","11":"pa_marque-le-fidele","12":"pa_mitres-ohne-gehrung-vollstaendige-huelse","13":"pa_platines-einzelplatin","14":"pa_ressort-glatt","15":"pa_ressort-zum-personalisieren-lasergravur","16":"tm-has-options","19":"instock","20":"taxable","21":"shipping-taxable","22":"purchasable","23":"product-type-simple"},"supplier_id":null,"supplier_sku":"","barcode":null,"atum_controlled":true,"out_stock_date":null,"out_stock_threshold":null,"inheritable":false,"inbound_stock":0,"stock_on_hold":0,"sold_today":0,"sales_last_days":0,"reserved_stock":0,"customer_returns":0,"warehouse_damage":0,"lost_in_post":0,"other_logs":0,"out_stock_days":0,"lost_sales":0,"has_location":false,"update_date":"2026-05-02T00:42:16","atum_locations":[],"atum_stock_status":"instock","restock_status":false,"low_stock_amount":"","sales_update_date":"2026-05-02T00:42:16","calc_backorders":null,"acf":[],"yoast_head":"<!-- This site is optimized with the Yoast SEO plugin v27.3 - https:\/\/yoast.com\/product\/yoast-seo-wordpress\/ -->\n<title>Das 20\/20 Klappmesser Vollgriff Violettes Holz 11cm Anpassbar Glatte Feder Geb\u00fcrstetes Finish - Laguiole.com \u00ae<\/title>\n<meta name=\"robots\" content=\"index, follow, max-snippet:-1, max-image-preview:large, max-video-preview:-1\" \/>\n<link rel=\"canonical\" href=\"https:\/\/laguiole.com\/de\/produit\/das-20-20-klappmesser-vollgriff-violettes-holz-11cm-anpassbar-glatte-feder-gebuerstetes-finish\/\" \/>\n<meta property=\"og:locale\" content=\"de_DE\" \/>\n<meta property=\"og:type\" content=\"article\" \/>\n<meta property=\"og:title\" content=\"Das 20\/20 Klappmesser Vollgriff Violettes Holz 11cm Anpassbar Glatte Feder Geb\u00fcrstetes Finish - Laguiole.com \u00ae\" \/>\n<meta property=\"og:description\" content=\"Le 20\/20 Klappmesser von Le Fid\u00e8le Vollgriff aus violettem Holz Anpassbarer Griff durch Gravur auf Klinge und\/oder Feder Griffl\u00e4nge 10,8 cm Breite 4 mm Klinge aus geb\u00fcrstetem Edelstahl 12C27 gerade Form und abgerundete Spitze Klingenl\u00e4nge 9,2 cm Klingenbreite 2,5 mm Gewicht von 20\/20 : 89 grs\" \/>\n<meta property=\"og:url\" content=\"https:\/\/laguiole.com\/de\/produit\/das-20-20-klappmesser-vollgriff-violettes-holz-11cm-anpassbar-glatte-feder-gebuerstetes-finish\/\" \/>\n<meta property=\"og:site_name\" content=\"Laguiole.com \u00ae\" \/>\n<meta property=\"article:publisher\" content=\"https:\/\/www.facebook.com\/laguiolecom\/\" \/>\n<meta property=\"article:modified_time\" content=\"2026-02-19T14:55:27+00:00\" \/>\n<meta property=\"og:image\" content=\"https:\/\/laguiole.com\/wp-content\/uploads\/2024\/06\/Le_2020_Couteau_Pliant_Plein_Manche_Bois_de_Violette_11cm_Ressort_Lisse_Personnalisable_Finition_Brossee_00.jpg\" \/>\n\t<meta property=\"og:image:width\" content=\"1033\" \/>\n\t<meta property=\"og:image:height\" content=\"1033\" \/>\n\t<meta property=\"og:image:type\" content=\"image\/jpeg\" \/>\n<meta name=\"twitter:card\" content=\"summary_large_image\" \/>\n<meta name=\"twitter:label1\" content=\"Gesch\u00e4tzte Lesezeit\" \/>\n\t<meta name=\"twitter:data1\" content=\"1\u00a0Minute\" \/>\n<script type=\"application\/ld+json\" class=\"yoast-schema-graph\">{\"@context\":\"https:\\\/\\\/schema.org\",\"@graph\":[{\"@type\":\"WebPage\",\"@id\":\"https:\\\/\\\/laguiole.com\\\/de\\\/produit\\\/das-20-20-klappmesser-vollgriff-violettes-holz-11cm-anpassbar-glatte-feder-gebuerstetes-finish\\\/\",\"url\":\"https:\\\/\\\/laguiole.com\\\/de\\\/produit\\\/das-20-20-klappmesser-vollgriff-violettes-holz-11cm-anpassbar-glatte-feder-gebuerstetes-finish\\\/\",\"name\":\"Das 20\\\/20 Klappmesser Vollgriff Violettes Holz 11cm Anpassbar Glatte Feder Geb\u00fcrstetes Finish - Laguiole.com \u00ae\",\"isPartOf\":{\"@id\":\"https:\\\/\\\/laguiole.com\\\/de\\\/#website\"},\"primaryImageOfPage\":{\"@id\":\"https:\\\/\\\/laguiole.com\\\/de\\\/produit\\\/das-20-20-klappmesser-vollgriff-violettes-holz-11cm-anpassbar-glatte-feder-gebuerstetes-finish\\\/#primaryimage\"},\"image\":{\"@id\":\"https:\\\/\\\/laguiole.com\\\/de\\\/produit\\\/das-20-20-klappmesser-vollgriff-violettes-holz-11cm-anpassbar-glatte-feder-gebuerstetes-finish\\\/#primaryimage\"},\"thumbnailUrl\":\"https:\\\/\\\/laguiole.com\\\/wp-content\\\/uploads\\\/2024\\\/06\\\/Le_2020_Couteau_Pliant_Plein_Manche_Bois_de_Violette_11cm_Ressort_Lisse_Personnalisable_Finition_Brossee_00.jpg\",\"datePublished\":\"2024-06-02T19:10:49+00:00\",\"dateModified\":\"2026-02-19T14:55:27+00:00\",\"breadcrumb\":{\"@id\":\"https:\\\/\\\/laguiole.com\\\/de\\\/produit\\\/das-20-20-klappmesser-vollgriff-violettes-holz-11cm-anpassbar-glatte-feder-gebuerstetes-finish\\\/#breadcrumb\"},\"inLanguage\":\"de\",\"potentialAction\":[{\"@type\":\"ReadAction\",\"target\":[\"https:\\\/\\\/laguiole.com\\\/de\\\/produit\\\/das-20-20-klappmesser-vollgriff-violettes-holz-11cm-anpassbar-glatte-feder-gebuerstetes-finish\\\/\"]}]},{\"@type\":\"ImageObject\",\"inLanguage\":\"de\",\"@id\":\"https:\\\/\\\/laguiole.com\\\/de\\\/produit\\\/das-20-20-klappmesser-vollgriff-violettes-holz-11cm-anpassbar-glatte-feder-gebuerstetes-finish\\\/#primaryimage\",\"url\":\"https:\\\/\\\/laguiole.com\\\/wp-content\\\/uploads\\\/2024\\\/06\\\/Le_2020_Couteau_Pliant_Plein_Manche_Bois_de_Violette_11cm_Ressort_Lisse_Personnalisable_Finition_Brossee_00.jpg\",\"contentUrl\":\"https:\\\/\\\/laguiole.com\\\/wp-content\\\/uploads\\\/2024\\\/06\\\/Le_2020_Couteau_Pliant_Plein_Manche_Bois_de_Violette_11cm_Ressort_Lisse_Personnalisable_Finition_Brossee_00.jpg\",\"width\":1033,\"height\":1033,\"caption\":\"Das 20\\\/20 Klappmesser Vollgriff Violettes Holz 11cm Anpassbar Glatte Feder Geb\u00fcrstetes Finish\"},{\"@type\":\"BreadcrumbList\",\"@id\":\"https:\\\/\\\/laguiole.com\\\/de\\\/produit\\\/das-20-20-klappmesser-vollgriff-violettes-holz-11cm-anpassbar-glatte-feder-gebuerstetes-finish\\\/#breadcrumb\",\"itemListElement\":[{\"@type\":\"ListItem\",\"position\":1,\"name\":\"Accueil\",\"item\":\"https:\\\/\\\/laguiole.com\\\/de\\\/\"},{\"@type\":\"ListItem\",\"position\":2,\"name\":\"Shop\",\"item\":\"https:\\\/\\\/laguiole.com\\\/de\\\/shop-2\\\/\"},{\"@type\":\"ListItem\",\"position\":3,\"name\":\"Das 20\\\/20 Klappmesser Vollgriff Violettes Holz 11cm Anpassbar Glatte Feder Geb\u00fcrstetes Finish\"}]},{\"@type\":\"WebSite\",\"@id\":\"https:\\\/\\\/laguiole.com\\\/de\\\/#website\",\"url\":\"https:\\\/\\\/laguiole.com\\\/de\\\/\",\"name\":\"Laguiole.com\",\"description\":\"Laguiole - Couteau laguiole, Chateau Laguiole, Laguiole en Aubrac, Forge de Laguiole\",\"publisher\":{\"@id\":\"https:\\\/\\\/laguiole.com\\\/de\\\/#organization\"},\"potentialAction\":[{\"@type\":\"SearchAction\",\"target\":{\"@type\":\"EntryPoint\",\"urlTemplate\":\"https:\\\/\\\/laguiole.com\\\/de\\\/?s={search_term_string}\"},\"query-input\":{\"@type\":\"PropertyValueSpecification\",\"valueRequired\":true,\"valueName\":\"search_term_string\"}}],\"inLanguage\":\"de\"},{\"@type\":\"Organization\",\"@id\":\"https:\\\/\\\/laguiole.com\\\/de\\\/#organization\",\"name\":\"Laguiole.com\",\"url\":\"https:\\\/\\\/laguiole.com\\\/de\\\/\",\"logo\":{\"@type\":\"ImageObject\",\"inLanguage\":\"de\",\"@id\":\"https:\\\/\\\/laguiole.com\\\/de\\\/#\\\/schema\\\/logo\\\/image\\\/\",\"url\":\"https:\\\/\\\/laguiole.com\\\/wp-content\\\/uploads\\\/2021\\\/02\\\/logo_laguiole.com-horizontal.jpg\",\"contentUrl\":\"https:\\\/\\\/laguiole.com\\\/wp-content\\\/uploads\\\/2021\\\/02\\\/logo_laguiole.com-horizontal.jpg\",\"width\":490,\"height\":156,\"caption\":\"Laguiole.com\"},\"image\":{\"@id\":\"https:\\\/\\\/laguiole.com\\\/de\\\/#\\\/schema\\\/logo\\\/image\\\/\"},\"sameAs\":[\"https:\\\/\\\/www.facebook.com\\\/laguiolecom\\\/\",\"https:\\\/\\\/www.instagram.com\\\/laguiolecom\\\/\",\"https:\\\/\\\/www.youtube.com\\\/@laguiolecom\\\/videos\"]}]}<\/script>\n<!-- \/ Yoast SEO plugin. -->","yoast_head_json":{"title":"Das 20\/20 Klappmesser Vollgriff Violettes Holz 11cm Anpassbar Glatte Feder Geb\u00fcrstetes Finish - Laguiole.com \u00ae","robots":{"index":"index","follow":"follow","max-snippet":"max-snippet:-1","max-image-preview":"max-image-preview:large","max-video-preview":"max-video-preview:-1"},"canonical":"https:\/\/laguiole.com\/de\/produit\/das-20-20-klappmesser-vollgriff-violettes-holz-11cm-anpassbar-glatte-feder-gebuerstetes-finish\/","og_locale":"de_DE","og_type":"article","og_title":"Das 20\/20 Klappmesser Vollgriff Violettes Holz 11cm Anpassbar Glatte Feder Geb\u00fcrstetes Finish - Laguiole.com \u00ae","og_description":"Le 20\/20 Klappmesser von Le Fid\u00e8le Vollgriff aus violettem Holz Anpassbarer Griff durch Gravur auf Klinge und\/oder Feder Griffl\u00e4nge 10,8 cm Breite 4 mm Klinge aus geb\u00fcrstetem Edelstahl 12C27 gerade Form und abgerundete Spitze Klingenl\u00e4nge 9,2 cm Klingenbreite 2,5 mm Gewicht von 20\/20 : 89 grs","og_url":"https:\/\/laguiole.com\/de\/produit\/das-20-20-klappmesser-vollgriff-violettes-holz-11cm-anpassbar-glatte-feder-gebuerstetes-finish\/","og_site_name":"Laguiole.com \u00ae","article_publisher":"https:\/\/www.facebook.com\/laguiolecom\/","article_modified_time":"2026-02-19T14:55:27+00:00","og_image":[{"width":1033,"height":1033,"url":"https:\/\/laguiole.com\/wp-content\/uploads\/2024\/06\/Le_2020_Couteau_Pliant_Plein_Manche_Bois_de_Violette_11cm_Ressort_Lisse_Personnalisable_Finition_Brossee_00.jpg","type":"image\/jpeg"}],"twitter_card":"summary_large_image","twitter_misc":{"Gesch\u00e4tzte Lesezeit":"1\u00a0Minute"},"schema":{"@context":"https:\/\/schema.org","@graph":[{"@type":"WebPage","@id":"https:\/\/laguiole.com\/de\/produit\/das-20-20-klappmesser-vollgriff-violettes-holz-11cm-anpassbar-glatte-feder-gebuerstetes-finish\/","url":"https:\/\/laguiole.com\/de\/produit\/das-20-20-klappmesser-vollgriff-violettes-holz-11cm-anpassbar-glatte-feder-gebuerstetes-finish\/","name":"Das 20\/20 Klappmesser Vollgriff Violettes Holz 11cm Anpassbar Glatte Feder Geb\u00fcrstetes Finish - Laguiole.com \u00ae","isPartOf":{"@id":"https:\/\/laguiole.com\/de\/#website"},"primaryImageOfPage":{"@id":"https:\/\/laguiole.com\/de\/produit\/das-20-20-klappmesser-vollgriff-violettes-holz-11cm-anpassbar-glatte-feder-gebuerstetes-finish\/#primaryimage"},"image":{"@id":"https:\/\/laguiole.com\/de\/produit\/das-20-20-klappmesser-vollgriff-violettes-holz-11cm-anpassbar-glatte-feder-gebuerstetes-finish\/#primaryimage"},"thumbnailUrl":"https:\/\/laguiole.com\/wp-content\/uploads\/2024\/06\/Le_2020_Couteau_Pliant_Plein_Manche_Bois_de_Violette_11cm_Ressort_Lisse_Personnalisable_Finition_Brossee_00.jpg","datePublished":"2024-06-02T19:10:49+00:00","dateModified":"2026-02-19T14:55:27+00:00","breadcrumb":{"@id":"https:\/\/laguiole.com\/de\/produit\/das-20-20-klappmesser-vollgriff-violettes-holz-11cm-anpassbar-glatte-feder-gebuerstetes-finish\/#breadcrumb"},"inLanguage":"de","potentialAction":[{"@type":"ReadAction","target":["https:\/\/laguiole.com\/de\/produit\/das-20-20-klappmesser-vollgriff-violettes-holz-11cm-anpassbar-glatte-feder-gebuerstetes-finish\/"]}]},{"@type":"ImageObject","inLanguage":"de","@id":"https:\/\/laguiole.com\/de\/produit\/das-20-20-klappmesser-vollgriff-violettes-holz-11cm-anpassbar-glatte-feder-gebuerstetes-finish\/#primaryimage","url":"https:\/\/laguiole.com\/wp-content\/uploads\/2024\/06\/Le_2020_Couteau_Pliant_Plein_Manche_Bois_de_Violette_11cm_Ressort_Lisse_Personnalisable_Finition_Brossee_00.jpg","contentUrl":"https:\/\/laguiole.com\/wp-content\/uploads\/2024\/06\/Le_2020_Couteau_Pliant_Plein_Manche_Bois_de_Violette_11cm_Ressort_Lisse_Personnalisable_Finition_Brossee_00.jpg","width":1033,"height":1033,"caption":"Das 20\/20 Klappmesser Vollgriff Violettes Holz 11cm Anpassbar Glatte Feder Geb\u00fcrstetes Finish"},{"@type":"BreadcrumbList","@id":"https:\/\/laguiole.com\/de\/produit\/das-20-20-klappmesser-vollgriff-violettes-holz-11cm-anpassbar-glatte-feder-gebuerstetes-finish\/#breadcrumb","itemListElement":[{"@type":"ListItem","position":1,"name":"Accueil","item":"https:\/\/laguiole.com\/de\/"},{"@type":"ListItem","position":2,"name":"Shop","item":"https:\/\/laguiole.com\/de\/shop-2\/"},{"@type":"ListItem","position":3,"name":"Das 20\/20 Klappmesser Vollgriff Violettes Holz 11cm Anpassbar Glatte Feder Geb\u00fcrstetes Finish"}]},{"@type":"WebSite","@id":"https:\/\/laguiole.com\/de\/#website","url":"https:\/\/laguiole.com\/de\/","name":"Laguiole.com","description":"Laguiole - Couteau laguiole, Chateau Laguiole, Laguiole en Aubrac, Forge de Laguiole","publisher":{"@id":"https:\/\/laguiole.com\/de\/#organization"},"potentialAction":[{"@type":"SearchAction","target":{"@type":"EntryPoint","urlTemplate":"https:\/\/laguiole.com\/de\/?s={search_term_string}"},"query-input":{"@type":"PropertyValueSpecification","valueRequired":true,"valueName":"search_term_string"}}],"inLanguage":"de"},{"@type":"Organization","@id":"https:\/\/laguiole.com\/de\/#organization","name":"Laguiole.com","url":"https:\/\/laguiole.com\/de\/","logo":{"@type":"ImageObject","inLanguage":"de","@id":"https:\/\/laguiole.com\/de\/#\/schema\/logo\/image\/","url":"https:\/\/laguiole.com\/wp-content\/uploads\/2021\/02\/logo_laguiole.com-horizontal.jpg","contentUrl":"https:\/\/laguiole.com\/wp-content\/uploads\/2021\/02\/logo_laguiole.com-horizontal.jpg","width":490,"height":156,"caption":"Laguiole.com"},"image":{"@id":"https:\/\/laguiole.com\/de\/#\/schema\/logo\/image\/"},"sameAs":["https:\/\/www.facebook.com\/laguiolecom\/","https:\/\/www.instagram.com\/laguiolecom\/","https:\/\/www.youtube.com\/@laguiolecom\/videos"]}]}},"_links":{"self":[{"href":"https:\/\/laguiole.com\/de\/wp-json\/wp\/v2\/product\/38960","targetHints":{"allow":["GET"]}}],"collection":[{"href":"https:\/\/laguiole.com\/de\/wp-json\/wp\/v2\/product"}],"about":[{"href":"https:\/\/laguiole.com\/de\/wp-json\/wp\/v2\/types\/product"}],"version-history":[{"count":1,"href":"https:\/\/laguiole.com\/de\/wp-json\/wp\/v2\/product\/38960\/revisions"}],"predecessor-version":[{"id":50109,"href":"https:\/\/laguiole.com\/de\/wp-json\/wp\/v2\/product\/38960\/revisions\/50109"}],"wp:featuredmedia":[{"embeddable":true,"href":"https:\/\/laguiole.com\/de\/wp-json\/wp\/v2\/media\/38967"}],"wp:attachment":[{"href":"https:\/\/laguiole.com\/de\/wp-json\/wp\/v2\/media?parent=38960"}],"wp:term":[{"taxonomy":"product_brand","embeddable":true,"href":"https:\/\/laguiole.com\/de\/wp-json\/wp\/v2\/product_brand?post=38960"},{"taxonomy":"product_cat","embeddable":true,"href":"https:\/\/laguiole.com\/de\/wp-json\/wp\/v2\/product_cat?post=38960"},{"taxonomy":"product_tag","embeddable":true,"href":"https:\/\/laguiole.com\/de\/wp-json\/wp\/v2\/product_tag?post=38960"}],"curies":[{"name":"wp","href":"https:\/\/api.w.org\/{rel}","templated":true}]}}