{"id":38928,"date":"2024-09-29T15:06:28","date_gmt":"2024-09-29T13:06:28","guid":{"rendered":"https:\/\/laguiole.com\/produit\/laguiole-aubrac-buffalo-besteckset-28-teilig\/"},"modified":"2025-10-22T14:41:07","modified_gmt":"2025-10-22T12:41:07","slug":"laguiole-aubrac-buffalo-besteckset-28-teilig","status":"publish","type":"product","link":"https:\/\/laguiole.com\/de\/produit\/laguiole-aubrac-buffalo-besteckset-28-teilig\/","title":{"rendered":"Laguiole Aubrac Buffalo Besteckset (28-teilig)"},"content":{"rendered":"<p>Das pr\u00e4chtige 28-teilige Besteckset aus Buffalo von Laguiole in Aubrac verk\u00f6rpert Eleganz und Raffinesse auf h\u00f6chstem Niveau. Jedes St\u00fcck in diesem Set ist ein leuchtendes Beispiel f\u00fcr au\u00dfergew\u00f6hnliche Handwerkskunst, die sorgf\u00e4ltig gefertigt wurde, um Funktionalit\u00e4t und \u00c4sthetik zu vereinen. <\/p>\n<p>Die \u00c4rmel Laguiole Buffalo in Aubrac verleihen jedem Besteck einen Hauch von nat\u00fcrlicher Eleganz.<\/p>\n<p>Jedes St\u00fcck, von L\u00f6ffeln bis zu Gabeln, von Messern bis hin zu Tranchiersets und K\u00e4sesets, ist mit exquisiter Finesse gestaltet und vereint hochwertigen Edelstahl mit eleganten Griffen, um eine visuelle und taktile Harmonie zu schaffen. Das Ganze ist sorgf\u00e4ltig gefertigt, um den hohen Anspr\u00fcchen an Raffinesse gerecht zu werden. <\/p>\n<p>Ob f\u00fcr besondere Anl\u00e4sse oder um den Alltag aufzuwerten, dieses 28-teilige Besteckset aus Buffalo von Laguiole in Aubrac ist ein Symbol f\u00fcr Anmut und Raffinesse und bietet ein \u00e4u\u00dferst elegantes kulinarisches Erlebnis. Jedes Gedeck, einschlie\u00dflich des Tranchierservices und des K\u00e4sesets, verk\u00f6rpert das prestigetr\u00e4chtige Erbe von Laguiole im Aubrac und verleiht jeder Mahlzeit einen Hauch von Luxus. <\/p>\n","protected":false},"excerpt":{"rendered":"<p>Laguiole Besteckset 28-teilig<br \/>\nGriffe: Buffalo<br \/>\nLaguiole Besteckset 28-teilig einschlie\u00dflich:<br \/>\n&#8211; 6 Tafelmesser<br \/>\n&#8211; 6 Tafelgabeln<br \/>\n&#8211; 6 Essl\u00f6ffel- 6 Essl\u00f6ffel<br \/>\n&#8211; 6 Dessertl\u00f6ffel<br \/>\n&#8211; Tranchierset (2 Teile)<br \/>\n&#8211; K\u00e4seset (2 Teile)<br \/>\nLaguiole High-End-handwerkliche Produktion in Aubrac<\/p>\n<p>Achtung, alle Bestecke m\u00fcssen sofort von Hand gewaschen und abgewischt werden, kein Einweichen in Wasser und sp\u00fclmaschinenfest.<\/p>\n","protected":false},"featured_media":38929,"template":"","meta":{"_acf_changed":false,"_monsterinsights_skip_tracking":false,"_monsterinsights_sitenote_active":false,"_monsterinsights_sitenote_note":"","_monsterinsights_sitenote_category":0},"product_brand":[],"product_cat":[5955,5959],"product_tag":[],"class_list":{"0":"post-38928","1":"product","2":"type-product","3":"status-publish","4":"has-post-thumbnail","6":"product_cat-laguiole-tafelbesteck","7":"product_cat-besteckkasten","8":"pa_finition-brillant","9":"pa_manche-en-matiere-animale-hornspitze","10":"pa_marque-laguiole-en-aubracfr","11":"pa_mitres-2-gehrungen","12":"pa_mitres-glaenzender-edelstahl","13":"tm-has-options","16":"instock","17":"taxable","18":"shipping-taxable","19":"purchasable","20":"product-type-simple"},"supplier_id":null,"supplier_sku":"","barcode":null,"atum_controlled":true,"out_stock_date":null,"out_stock_threshold":null,"inheritable":false,"inbound_stock":0,"stock_on_hold":0,"sold_today":0,"sales_last_days":0,"reserved_stock":0,"customer_returns":0,"warehouse_damage":0,"lost_in_post":0,"other_logs":0,"out_stock_days":0,"lost_sales":0,"has_location":false,"update_date":"2026-05-11T00:58:22","atum_locations":[],"atum_stock_status":"instock","restock_status":false,"low_stock_amount":"","sales_update_date":"2026-05-11T00:58:22","calc_backorders":0,"acf":[],"yoast_head":"<!-- This site is optimized with the Yoast SEO plugin v27.3 - https:\/\/yoast.com\/product\/yoast-seo-wordpress\/ -->\n<title>Laguiole Aubrac Buffalo Besteckset (28-teilig) - Laguiole.com \u00ae<\/title>\n<meta name=\"robots\" content=\"index, follow, max-snippet:-1, max-image-preview:large, max-video-preview:-1\" \/>\n<link rel=\"canonical\" href=\"https:\/\/laguiole.com\/de\/produit\/laguiole-aubrac-buffalo-besteckset-28-teilig\/\" \/>\n<meta property=\"og:locale\" content=\"de_DE\" \/>\n<meta property=\"og:type\" content=\"article\" \/>\n<meta property=\"og:title\" content=\"Laguiole Aubrac Buffalo Besteckset (28-teilig) - Laguiole.com \u00ae\" \/>\n<meta property=\"og:description\" content=\"Laguiole Besteckset 28-teilig Griffe: Buffalo Laguiole Besteckset 28-teilig einschlie\u00dflich: - 6 Tafelmesser - 6 Tafelgabeln - 6 Essl\u00f6ffel- 6 Essl\u00f6ffel - 6 Dessertl\u00f6ffel - Tranchierset (2 Teile) - K\u00e4seset (2 Teile) Laguiole High-End-handwerkliche Produktion in Aubrac Achtung, alle Bestecke m\u00fcssen sofort von Hand gewaschen und abgewischt werden, kein Einweichen in Wasser und sp\u00fclmaschinenfest.\" \/>\n<meta property=\"og:url\" content=\"https:\/\/laguiole.com\/de\/produit\/laguiole-aubrac-buffalo-besteckset-28-teilig\/\" \/>\n<meta property=\"og:site_name\" content=\"Laguiole.com \u00ae\" \/>\n<meta property=\"article:publisher\" content=\"https:\/\/www.facebook.com\/laguiolecom\/\" \/>\n<meta property=\"article:modified_time\" content=\"2025-10-22T12:41:07+00:00\" \/>\n<meta property=\"og:image\" content=\"https:\/\/laguiole.com\/wp-content\/uploads\/2024\/09\/menagere_28pieces_Buffle_Laguiole_en_Aubrac_00.jpg\" \/>\n\t<meta property=\"og:image:width\" content=\"1033\" \/>\n\t<meta property=\"og:image:height\" content=\"1033\" \/>\n\t<meta property=\"og:image:type\" content=\"image\/jpeg\" \/>\n<meta name=\"twitter:card\" content=\"summary_large_image\" \/>\n<meta name=\"twitter:label1\" content=\"Gesch\u00e4tzte Lesezeit\" \/>\n\t<meta name=\"twitter:data1\" content=\"1\u00a0Minute\" \/>\n<script type=\"application\/ld+json\" class=\"yoast-schema-graph\">{\"@context\":\"https:\\\/\\\/schema.org\",\"@graph\":[{\"@type\":\"WebPage\",\"@id\":\"https:\\\/\\\/laguiole.com\\\/de\\\/produit\\\/laguiole-aubrac-buffalo-besteckset-28-teilig\\\/\",\"url\":\"https:\\\/\\\/laguiole.com\\\/de\\\/produit\\\/laguiole-aubrac-buffalo-besteckset-28-teilig\\\/\",\"name\":\"Laguiole Aubrac Buffalo Besteckset (28-teilig) - Laguiole.com \u00ae\",\"isPartOf\":{\"@id\":\"https:\\\/\\\/laguiole.com\\\/de\\\/#website\"},\"primaryImageOfPage\":{\"@id\":\"https:\\\/\\\/laguiole.com\\\/de\\\/produit\\\/laguiole-aubrac-buffalo-besteckset-28-teilig\\\/#primaryimage\"},\"image\":{\"@id\":\"https:\\\/\\\/laguiole.com\\\/de\\\/produit\\\/laguiole-aubrac-buffalo-besteckset-28-teilig\\\/#primaryimage\"},\"thumbnailUrl\":\"https:\\\/\\\/laguiole.com\\\/wp-content\\\/uploads\\\/2024\\\/09\\\/menagere_28pieces_Buffle_Laguiole_en_Aubrac_00.jpg\",\"datePublished\":\"2024-09-29T13:06:28+00:00\",\"dateModified\":\"2025-10-22T12:41:07+00:00\",\"breadcrumb\":{\"@id\":\"https:\\\/\\\/laguiole.com\\\/de\\\/produit\\\/laguiole-aubrac-buffalo-besteckset-28-teilig\\\/#breadcrumb\"},\"inLanguage\":\"de\",\"potentialAction\":[{\"@type\":\"ReadAction\",\"target\":[\"https:\\\/\\\/laguiole.com\\\/de\\\/produit\\\/laguiole-aubrac-buffalo-besteckset-28-teilig\\\/\"]}]},{\"@type\":\"ImageObject\",\"inLanguage\":\"de\",\"@id\":\"https:\\\/\\\/laguiole.com\\\/de\\\/produit\\\/laguiole-aubrac-buffalo-besteckset-28-teilig\\\/#primaryimage\",\"url\":\"https:\\\/\\\/laguiole.com\\\/wp-content\\\/uploads\\\/2024\\\/09\\\/menagere_28pieces_Buffle_Laguiole_en_Aubrac_00.jpg\",\"contentUrl\":\"https:\\\/\\\/laguiole.com\\\/wp-content\\\/uploads\\\/2024\\\/09\\\/menagere_28pieces_Buffle_Laguiole_en_Aubrac_00.jpg\",\"width\":1033,\"height\":1033,\"caption\":\"Laguiole Aubrac Besteckset aus B\u00fcffel (28-teilig)\"},{\"@type\":\"BreadcrumbList\",\"@id\":\"https:\\\/\\\/laguiole.com\\\/de\\\/produit\\\/laguiole-aubrac-buffalo-besteckset-28-teilig\\\/#breadcrumb\",\"itemListElement\":[{\"@type\":\"ListItem\",\"position\":1,\"name\":\"Accueil\",\"item\":\"https:\\\/\\\/laguiole.com\\\/de\\\/\"},{\"@type\":\"ListItem\",\"position\":2,\"name\":\"Shop\",\"item\":\"https:\\\/\\\/laguiole.com\\\/de\\\/shop-2\\\/\"},{\"@type\":\"ListItem\",\"position\":3,\"name\":\"Laguiole Aubrac Buffalo Besteckset (28-teilig)\"}]},{\"@type\":\"WebSite\",\"@id\":\"https:\\\/\\\/laguiole.com\\\/de\\\/#website\",\"url\":\"https:\\\/\\\/laguiole.com\\\/de\\\/\",\"name\":\"Laguiole.com\",\"description\":\"Laguiole - Couteau laguiole, Chateau Laguiole, Laguiole en Aubrac, Forge de Laguiole\",\"publisher\":{\"@id\":\"https:\\\/\\\/laguiole.com\\\/de\\\/#organization\"},\"potentialAction\":[{\"@type\":\"SearchAction\",\"target\":{\"@type\":\"EntryPoint\",\"urlTemplate\":\"https:\\\/\\\/laguiole.com\\\/de\\\/?s={search_term_string}\"},\"query-input\":{\"@type\":\"PropertyValueSpecification\",\"valueRequired\":true,\"valueName\":\"search_term_string\"}}],\"inLanguage\":\"de\"},{\"@type\":\"Organization\",\"@id\":\"https:\\\/\\\/laguiole.com\\\/de\\\/#organization\",\"name\":\"Laguiole.com\",\"url\":\"https:\\\/\\\/laguiole.com\\\/de\\\/\",\"logo\":{\"@type\":\"ImageObject\",\"inLanguage\":\"de\",\"@id\":\"https:\\\/\\\/laguiole.com\\\/de\\\/#\\\/schema\\\/logo\\\/image\\\/\",\"url\":\"https:\\\/\\\/laguiole.com\\\/wp-content\\\/uploads\\\/2021\\\/02\\\/logo_laguiole.com-horizontal.jpg\",\"contentUrl\":\"https:\\\/\\\/laguiole.com\\\/wp-content\\\/uploads\\\/2021\\\/02\\\/logo_laguiole.com-horizontal.jpg\",\"width\":490,\"height\":156,\"caption\":\"Laguiole.com\"},\"image\":{\"@id\":\"https:\\\/\\\/laguiole.com\\\/de\\\/#\\\/schema\\\/logo\\\/image\\\/\"},\"sameAs\":[\"https:\\\/\\\/www.facebook.com\\\/laguiolecom\\\/\",\"https:\\\/\\\/www.instagram.com\\\/laguiolecom\\\/\",\"https:\\\/\\\/www.youtube.com\\\/@laguiolecom\\\/videos\"]}]}<\/script>\n<!-- \/ Yoast SEO plugin. -->","yoast_head_json":{"title":"Laguiole Aubrac Buffalo Besteckset (28-teilig) - Laguiole.com \u00ae","robots":{"index":"index","follow":"follow","max-snippet":"max-snippet:-1","max-image-preview":"max-image-preview:large","max-video-preview":"max-video-preview:-1"},"canonical":"https:\/\/laguiole.com\/de\/produit\/laguiole-aubrac-buffalo-besteckset-28-teilig\/","og_locale":"de_DE","og_type":"article","og_title":"Laguiole Aubrac Buffalo Besteckset (28-teilig) - Laguiole.com \u00ae","og_description":"Laguiole Besteckset 28-teilig Griffe: Buffalo Laguiole Besteckset 28-teilig einschlie\u00dflich: - 6 Tafelmesser - 6 Tafelgabeln - 6 Essl\u00f6ffel- 6 Essl\u00f6ffel - 6 Dessertl\u00f6ffel - Tranchierset (2 Teile) - K\u00e4seset (2 Teile) Laguiole High-End-handwerkliche Produktion in Aubrac Achtung, alle Bestecke m\u00fcssen sofort von Hand gewaschen und abgewischt werden, kein Einweichen in Wasser und sp\u00fclmaschinenfest.","og_url":"https:\/\/laguiole.com\/de\/produit\/laguiole-aubrac-buffalo-besteckset-28-teilig\/","og_site_name":"Laguiole.com \u00ae","article_publisher":"https:\/\/www.facebook.com\/laguiolecom\/","article_modified_time":"2025-10-22T12:41:07+00:00","og_image":[{"width":1033,"height":1033,"url":"https:\/\/laguiole.com\/wp-content\/uploads\/2024\/09\/menagere_28pieces_Buffle_Laguiole_en_Aubrac_00.jpg","type":"image\/jpeg"}],"twitter_card":"summary_large_image","twitter_misc":{"Gesch\u00e4tzte Lesezeit":"1\u00a0Minute"},"schema":{"@context":"https:\/\/schema.org","@graph":[{"@type":"WebPage","@id":"https:\/\/laguiole.com\/de\/produit\/laguiole-aubrac-buffalo-besteckset-28-teilig\/","url":"https:\/\/laguiole.com\/de\/produit\/laguiole-aubrac-buffalo-besteckset-28-teilig\/","name":"Laguiole Aubrac Buffalo Besteckset (28-teilig) - Laguiole.com \u00ae","isPartOf":{"@id":"https:\/\/laguiole.com\/de\/#website"},"primaryImageOfPage":{"@id":"https:\/\/laguiole.com\/de\/produit\/laguiole-aubrac-buffalo-besteckset-28-teilig\/#primaryimage"},"image":{"@id":"https:\/\/laguiole.com\/de\/produit\/laguiole-aubrac-buffalo-besteckset-28-teilig\/#primaryimage"},"thumbnailUrl":"https:\/\/laguiole.com\/wp-content\/uploads\/2024\/09\/menagere_28pieces_Buffle_Laguiole_en_Aubrac_00.jpg","datePublished":"2024-09-29T13:06:28+00:00","dateModified":"2025-10-22T12:41:07+00:00","breadcrumb":{"@id":"https:\/\/laguiole.com\/de\/produit\/laguiole-aubrac-buffalo-besteckset-28-teilig\/#breadcrumb"},"inLanguage":"de","potentialAction":[{"@type":"ReadAction","target":["https:\/\/laguiole.com\/de\/produit\/laguiole-aubrac-buffalo-besteckset-28-teilig\/"]}]},{"@type":"ImageObject","inLanguage":"de","@id":"https:\/\/laguiole.com\/de\/produit\/laguiole-aubrac-buffalo-besteckset-28-teilig\/#primaryimage","url":"https:\/\/laguiole.com\/wp-content\/uploads\/2024\/09\/menagere_28pieces_Buffle_Laguiole_en_Aubrac_00.jpg","contentUrl":"https:\/\/laguiole.com\/wp-content\/uploads\/2024\/09\/menagere_28pieces_Buffle_Laguiole_en_Aubrac_00.jpg","width":1033,"height":1033,"caption":"Laguiole Aubrac Besteckset aus B\u00fcffel (28-teilig)"},{"@type":"BreadcrumbList","@id":"https:\/\/laguiole.com\/de\/produit\/laguiole-aubrac-buffalo-besteckset-28-teilig\/#breadcrumb","itemListElement":[{"@type":"ListItem","position":1,"name":"Accueil","item":"https:\/\/laguiole.com\/de\/"},{"@type":"ListItem","position":2,"name":"Shop","item":"https:\/\/laguiole.com\/de\/shop-2\/"},{"@type":"ListItem","position":3,"name":"Laguiole Aubrac Buffalo Besteckset (28-teilig)"}]},{"@type":"WebSite","@id":"https:\/\/laguiole.com\/de\/#website","url":"https:\/\/laguiole.com\/de\/","name":"Laguiole.com","description":"Laguiole - Couteau laguiole, Chateau Laguiole, Laguiole en Aubrac, Forge de Laguiole","publisher":{"@id":"https:\/\/laguiole.com\/de\/#organization"},"potentialAction":[{"@type":"SearchAction","target":{"@type":"EntryPoint","urlTemplate":"https:\/\/laguiole.com\/de\/?s={search_term_string}"},"query-input":{"@type":"PropertyValueSpecification","valueRequired":true,"valueName":"search_term_string"}}],"inLanguage":"de"},{"@type":"Organization","@id":"https:\/\/laguiole.com\/de\/#organization","name":"Laguiole.com","url":"https:\/\/laguiole.com\/de\/","logo":{"@type":"ImageObject","inLanguage":"de","@id":"https:\/\/laguiole.com\/de\/#\/schema\/logo\/image\/","url":"https:\/\/laguiole.com\/wp-content\/uploads\/2021\/02\/logo_laguiole.com-horizontal.jpg","contentUrl":"https:\/\/laguiole.com\/wp-content\/uploads\/2021\/02\/logo_laguiole.com-horizontal.jpg","width":490,"height":156,"caption":"Laguiole.com"},"image":{"@id":"https:\/\/laguiole.com\/de\/#\/schema\/logo\/image\/"},"sameAs":["https:\/\/www.facebook.com\/laguiolecom\/","https:\/\/www.instagram.com\/laguiolecom\/","https:\/\/www.youtube.com\/@laguiolecom\/videos"]}]}},"_links":{"self":[{"href":"https:\/\/laguiole.com\/de\/wp-json\/wp\/v2\/product\/38928","targetHints":{"allow":["GET"]}}],"collection":[{"href":"https:\/\/laguiole.com\/de\/wp-json\/wp\/v2\/product"}],"about":[{"href":"https:\/\/laguiole.com\/de\/wp-json\/wp\/v2\/types\/product"}],"version-history":[{"count":1,"href":"https:\/\/laguiole.com\/de\/wp-json\/wp\/v2\/product\/38928\/revisions"}],"predecessor-version":[{"id":43791,"href":"https:\/\/laguiole.com\/de\/wp-json\/wp\/v2\/product\/38928\/revisions\/43791"}],"wp:featuredmedia":[{"embeddable":true,"href":"https:\/\/laguiole.com\/de\/wp-json\/wp\/v2\/media\/38929"}],"wp:attachment":[{"href":"https:\/\/laguiole.com\/de\/wp-json\/wp\/v2\/media?parent=38928"}],"wp:term":[{"taxonomy":"product_brand","embeddable":true,"href":"https:\/\/laguiole.com\/de\/wp-json\/wp\/v2\/product_brand?post=38928"},{"taxonomy":"product_cat","embeddable":true,"href":"https:\/\/laguiole.com\/de\/wp-json\/wp\/v2\/product_cat?post=38928"},{"taxonomy":"product_tag","embeddable":true,"href":"https:\/\/laguiole.com\/de\/wp-json\/wp\/v2\/product_tag?post=38928"}],"curies":[{"name":"wp","href":"https:\/\/api.w.org\/{rel}","templated":true}]}}