{"id":38921,"date":"2024-04-27T16:58:57","date_gmt":"2024-04-27T14:58:57","guid":{"rendered":"https:\/\/laguiole.com\/produit\/laguiole-messer-in-aubrac-1-stueck-12-cm-doppelplatten-carbon-glitter-perlblau-2-kropfe-gebuersteter-edelstahl-klinge-gebuersteter-edelstahl-num3\/"},"modified":"2024-04-27T16:58:57","modified_gmt":"2024-04-27T14:58:57","slug":"laguiole-messer-in-aubrac-1-stueck-12-cm-doppelplatten-carbon-glitter-perlblau-2-kropfe-gebuersteter-edelstahl-klinge-gebuersteter-edelstahl-num3","status":"publish","type":"product","link":"https:\/\/laguiole.com\/de\/produit\/laguiole-messer-in-aubrac-1-stueck-12-cm-doppelplatten-carbon-glitter-perlblau-2-kropfe-gebuersteter-edelstahl-klinge-gebuersteter-edelstahl-num3\/","title":{"rendered":"Laguiole Messer in Aubrac 1 St\u00fcck 12 cm Doppelplatten Carbon Glitter Perlblau 2 Kropfe Geb\u00fcrsteter Edelstahl Klinge Geb\u00fcrsteter Edelstahl Num3"},"content":{"rendered":"","protected":false},"excerpt":{"rendered":"<p>Laguiole Klappmesser in Aubrac N\u00b03<br \/>\nCarbongriff mit<br \/>\nblauer Perlescent Pailletteneinlage 2 Kropfst\u00fctzen Klinge aus geb\u00fcrstetem<br \/>\nEdelstahl Geb\u00fcrstet<br \/>\n12c27 Edelstahl geb\u00fcrstet Feder Doppelplatten<br \/>\naus geb\u00fcrstetem Edelstahl Geschmiedet und von Hand<br \/>\ngemei\u00dfelt Handgeschmiedete Fliegenklinge<br \/>\nL\u00e4nge 10 cm<br \/>\nGeschlossenes Messer L\u00e4nge 12 cm<br \/>\nOffenes Messer L\u00e4nge 22 cm<\/p>\n","protected":false},"featured_media":38926,"template":"","meta":{"_acf_changed":false,"_monsterinsights_skip_tracking":false,"_monsterinsights_sitenote_active":false,"_monsterinsights_sitenote_note":"","_monsterinsights_sitenote_category":0},"product_brand":[],"product_cat":[5938,5939,5944],"product_tag":[],"class_list":{"0":"post-38921","1":"product","2":"type-product","3":"status-publish","4":"has-post-thumbnail","6":"product_cat-klappmesser","7":"product_cat-laguiole-klappmesser","8":"product_cat-laguiole-spezialmesser","9":"pa_composition-couteau-1-stueck-nur-klinge","10":"pa_finition-gebuerstet","11":"pa_lame-gebuersteter-edelstahl","12":"pa_manche-en-matiere-moderne-kohlefaser","13":"pa_marque-laguiole-en-aubracfr","14":"pa_mitres-2-gehrungen","15":"pa_mitres-gebuersteter-edelstahl","16":"pa_mouche-geschmiedet","17":"pa_mouche-prestige","18":"pa_platines-doppel-drehteller","19":"pa_platines-guilloche-muster","20":"pa_ressort-guilloche","21":"pa_taille-du-manche-12-cm","22":"tm-has-options","25":"instock","26":"taxable","27":"shipping-taxable","28":"purchasable","29":"product-type-simple"},"supplier_id":null,"supplier_sku":"","barcode":null,"atum_controlled":true,"out_stock_date":null,"out_stock_threshold":null,"inheritable":false,"inbound_stock":0,"stock_on_hold":0,"sold_today":0,"sales_last_days":0,"reserved_stock":0,"customer_returns":0,"warehouse_damage":0,"lost_in_post":0,"other_logs":0,"out_stock_days":0,"lost_sales":0,"has_location":false,"update_date":"2026-05-11T00:54:48","atum_locations":[],"atum_stock_status":"instock","restock_status":false,"low_stock_amount":"","sales_update_date":"2026-05-11T00:54:48","calc_backorders":0,"acf":[],"yoast_head":"<!-- This site is optimized with the Yoast SEO plugin v27.3 - https:\/\/yoast.com\/product\/yoast-seo-wordpress\/ -->\n<title>Laguiole Messer in Aubrac 1 St\u00fcck 12 cm Doppelplatten Carbon Glitter Perlblau 2 Kropfe Geb\u00fcrsteter Edelstahl Klinge Geb\u00fcrsteter Edelstahl Num3 - Laguiole.com \u00ae<\/title>\n<meta name=\"robots\" content=\"index, follow, max-snippet:-1, max-image-preview:large, max-video-preview:-1\" \/>\n<link rel=\"canonical\" href=\"https:\/\/laguiole.com\/de\/produit\/laguiole-messer-in-aubrac-1-stueck-12-cm-doppelplatten-carbon-glitter-perlblau-2-kropfe-gebuersteter-edelstahl-klinge-gebuersteter-edelstahl-num3\/\" \/>\n<meta property=\"og:locale\" content=\"de_DE\" \/>\n<meta property=\"og:type\" content=\"article\" \/>\n<meta property=\"og:title\" content=\"Laguiole Messer in Aubrac 1 St\u00fcck 12 cm Doppelplatten Carbon Glitter Perlblau 2 Kropfe Geb\u00fcrsteter Edelstahl Klinge Geb\u00fcrsteter Edelstahl Num3 - Laguiole.com \u00ae\" \/>\n<meta property=\"og:description\" content=\"Laguiole Klappmesser in Aubrac N\u00b03 Carbongriff mit blauer Perlescent Pailletteneinlage 2 Kropfst\u00fctzen Klinge aus geb\u00fcrstetem Edelstahl Geb\u00fcrstet 12c27 Edelstahl geb\u00fcrstet Feder Doppelplatten aus geb\u00fcrstetem Edelstahl Geschmiedet und von Hand gemei\u00dfelt Handgeschmiedete Fliegenklinge L\u00e4nge 10 cm Geschlossenes Messer L\u00e4nge 12 cm Offenes Messer L\u00e4nge 22 cm\" \/>\n<meta property=\"og:url\" content=\"https:\/\/laguiole.com\/de\/produit\/laguiole-messer-in-aubrac-1-stueck-12-cm-doppelplatten-carbon-glitter-perlblau-2-kropfe-gebuersteter-edelstahl-klinge-gebuersteter-edelstahl-num3\/\" \/>\n<meta property=\"og:site_name\" content=\"Laguiole.com \u00ae\" \/>\n<meta property=\"article:publisher\" content=\"https:\/\/www.facebook.com\/laguiolecom\/\" \/>\n<meta property=\"og:image\" content=\"https:\/\/laguiole.com\/wp-content\/uploads\/2024\/04\/Couteau_Laguiole_en_Aubrac_1_Piece_12_cm_Double_Platines_Carbone_Paillete_Bleu_Nacre_2_Mitres_Inox_Brosse_Lame_Inox_Brosse_Num3_00.jpg\" \/>\n\t<meta property=\"og:image:width\" content=\"1057\" \/>\n\t<meta property=\"og:image:height\" content=\"1057\" \/>\n\t<meta property=\"og:image:type\" content=\"image\/jpeg\" \/>\n<meta name=\"twitter:card\" content=\"summary_large_image\" \/>\n<script type=\"application\/ld+json\" class=\"yoast-schema-graph\">{\"@context\":\"https:\\\/\\\/schema.org\",\"@graph\":[{\"@type\":\"WebPage\",\"@id\":\"https:\\\/\\\/laguiole.com\\\/de\\\/produit\\\/laguiole-messer-in-aubrac-1-stueck-12-cm-doppelplatten-carbon-glitter-perlblau-2-kropfe-gebuersteter-edelstahl-klinge-gebuersteter-edelstahl-num3\\\/\",\"url\":\"https:\\\/\\\/laguiole.com\\\/de\\\/produit\\\/laguiole-messer-in-aubrac-1-stueck-12-cm-doppelplatten-carbon-glitter-perlblau-2-kropfe-gebuersteter-edelstahl-klinge-gebuersteter-edelstahl-num3\\\/\",\"name\":\"Laguiole Messer in Aubrac 1 St\u00fcck 12 cm Doppelplatten Carbon Glitter Perlblau 2 Kropfe Geb\u00fcrsteter Edelstahl Klinge Geb\u00fcrsteter Edelstahl Num3 - Laguiole.com \u00ae\",\"isPartOf\":{\"@id\":\"https:\\\/\\\/laguiole.com\\\/de\\\/#website\"},\"primaryImageOfPage\":{\"@id\":\"https:\\\/\\\/laguiole.com\\\/de\\\/produit\\\/laguiole-messer-in-aubrac-1-stueck-12-cm-doppelplatten-carbon-glitter-perlblau-2-kropfe-gebuersteter-edelstahl-klinge-gebuersteter-edelstahl-num3\\\/#primaryimage\"},\"image\":{\"@id\":\"https:\\\/\\\/laguiole.com\\\/de\\\/produit\\\/laguiole-messer-in-aubrac-1-stueck-12-cm-doppelplatten-carbon-glitter-perlblau-2-kropfe-gebuersteter-edelstahl-klinge-gebuersteter-edelstahl-num3\\\/#primaryimage\"},\"thumbnailUrl\":\"https:\\\/\\\/laguiole.com\\\/wp-content\\\/uploads\\\/2024\\\/04\\\/Couteau_Laguiole_en_Aubrac_1_Piece_12_cm_Double_Platines_Carbone_Paillete_Bleu_Nacre_2_Mitres_Inox_Brosse_Lame_Inox_Brosse_Num3_00.jpg\",\"datePublished\":\"2024-04-27T14:58:57+00:00\",\"breadcrumb\":{\"@id\":\"https:\\\/\\\/laguiole.com\\\/de\\\/produit\\\/laguiole-messer-in-aubrac-1-stueck-12-cm-doppelplatten-carbon-glitter-perlblau-2-kropfe-gebuersteter-edelstahl-klinge-gebuersteter-edelstahl-num3\\\/#breadcrumb\"},\"inLanguage\":\"de\",\"potentialAction\":[{\"@type\":\"ReadAction\",\"target\":[\"https:\\\/\\\/laguiole.com\\\/de\\\/produit\\\/laguiole-messer-in-aubrac-1-stueck-12-cm-doppelplatten-carbon-glitter-perlblau-2-kropfe-gebuersteter-edelstahl-klinge-gebuersteter-edelstahl-num3\\\/\"]}]},{\"@type\":\"ImageObject\",\"inLanguage\":\"de\",\"@id\":\"https:\\\/\\\/laguiole.com\\\/de\\\/produit\\\/laguiole-messer-in-aubrac-1-stueck-12-cm-doppelplatten-carbon-glitter-perlblau-2-kropfe-gebuersteter-edelstahl-klinge-gebuersteter-edelstahl-num3\\\/#primaryimage\",\"url\":\"https:\\\/\\\/laguiole.com\\\/wp-content\\\/uploads\\\/2024\\\/04\\\/Couteau_Laguiole_en_Aubrac_1_Piece_12_cm_Double_Platines_Carbone_Paillete_Bleu_Nacre_2_Mitres_Inox_Brosse_Lame_Inox_Brosse_Num3_00.jpg\",\"contentUrl\":\"https:\\\/\\\/laguiole.com\\\/wp-content\\\/uploads\\\/2024\\\/04\\\/Couteau_Laguiole_en_Aubrac_1_Piece_12_cm_Double_Platines_Carbone_Paillete_Bleu_Nacre_2_Mitres_Inox_Brosse_Lame_Inox_Brosse_Num3_00.jpg\",\"width\":1057,\"height\":1057,\"caption\":\"Laguiole Messer in Aubrac 1 St\u00fcck 12 cm Doppelplatten Carbon Glitter Perlblau 2 Kropfe Geb\u00fcrsteter Edelstahl Klinge Geb\u00fcrsteter Edelstahl Num3\"},{\"@type\":\"BreadcrumbList\",\"@id\":\"https:\\\/\\\/laguiole.com\\\/de\\\/produit\\\/laguiole-messer-in-aubrac-1-stueck-12-cm-doppelplatten-carbon-glitter-perlblau-2-kropfe-gebuersteter-edelstahl-klinge-gebuersteter-edelstahl-num3\\\/#breadcrumb\",\"itemListElement\":[{\"@type\":\"ListItem\",\"position\":1,\"name\":\"Accueil\",\"item\":\"https:\\\/\\\/laguiole.com\\\/de\\\/\"},{\"@type\":\"ListItem\",\"position\":2,\"name\":\"Shop\",\"item\":\"https:\\\/\\\/laguiole.com\\\/de\\\/shop-2\\\/\"},{\"@type\":\"ListItem\",\"position\":3,\"name\":\"Laguiole Messer in Aubrac 1 St\u00fcck 12 cm Doppelplatten Carbon Glitter Perlblau 2 Kropfe Geb\u00fcrsteter Edelstahl Klinge Geb\u00fcrsteter Edelstahl Num3\"}]},{\"@type\":\"WebSite\",\"@id\":\"https:\\\/\\\/laguiole.com\\\/de\\\/#website\",\"url\":\"https:\\\/\\\/laguiole.com\\\/de\\\/\",\"name\":\"Laguiole.com\",\"description\":\"Laguiole - Couteau laguiole, Chateau Laguiole, Laguiole en Aubrac, Forge de Laguiole\",\"publisher\":{\"@id\":\"https:\\\/\\\/laguiole.com\\\/de\\\/#organization\"},\"potentialAction\":[{\"@type\":\"SearchAction\",\"target\":{\"@type\":\"EntryPoint\",\"urlTemplate\":\"https:\\\/\\\/laguiole.com\\\/de\\\/?s={search_term_string}\"},\"query-input\":{\"@type\":\"PropertyValueSpecification\",\"valueRequired\":true,\"valueName\":\"search_term_string\"}}],\"inLanguage\":\"de\"},{\"@type\":\"Organization\",\"@id\":\"https:\\\/\\\/laguiole.com\\\/de\\\/#organization\",\"name\":\"Laguiole.com\",\"url\":\"https:\\\/\\\/laguiole.com\\\/de\\\/\",\"logo\":{\"@type\":\"ImageObject\",\"inLanguage\":\"de\",\"@id\":\"https:\\\/\\\/laguiole.com\\\/de\\\/#\\\/schema\\\/logo\\\/image\\\/\",\"url\":\"https:\\\/\\\/laguiole.com\\\/wp-content\\\/uploads\\\/2021\\\/02\\\/logo_laguiole.com-horizontal.jpg\",\"contentUrl\":\"https:\\\/\\\/laguiole.com\\\/wp-content\\\/uploads\\\/2021\\\/02\\\/logo_laguiole.com-horizontal.jpg\",\"width\":490,\"height\":156,\"caption\":\"Laguiole.com\"},\"image\":{\"@id\":\"https:\\\/\\\/laguiole.com\\\/de\\\/#\\\/schema\\\/logo\\\/image\\\/\"},\"sameAs\":[\"https:\\\/\\\/www.facebook.com\\\/laguiolecom\\\/\",\"https:\\\/\\\/www.instagram.com\\\/laguiolecom\\\/\",\"https:\\\/\\\/www.youtube.com\\\/@laguiolecom\\\/videos\"]}]}<\/script>\n<!-- \/ Yoast SEO plugin. -->","yoast_head_json":{"title":"Laguiole Messer in Aubrac 1 St\u00fcck 12 cm Doppelplatten Carbon Glitter Perlblau 2 Kropfe Geb\u00fcrsteter Edelstahl Klinge Geb\u00fcrsteter Edelstahl Num3 - Laguiole.com \u00ae","robots":{"index":"index","follow":"follow","max-snippet":"max-snippet:-1","max-image-preview":"max-image-preview:large","max-video-preview":"max-video-preview:-1"},"canonical":"https:\/\/laguiole.com\/de\/produit\/laguiole-messer-in-aubrac-1-stueck-12-cm-doppelplatten-carbon-glitter-perlblau-2-kropfe-gebuersteter-edelstahl-klinge-gebuersteter-edelstahl-num3\/","og_locale":"de_DE","og_type":"article","og_title":"Laguiole Messer in Aubrac 1 St\u00fcck 12 cm Doppelplatten Carbon Glitter Perlblau 2 Kropfe Geb\u00fcrsteter Edelstahl Klinge Geb\u00fcrsteter Edelstahl Num3 - Laguiole.com \u00ae","og_description":"Laguiole Klappmesser in Aubrac N\u00b03 Carbongriff mit blauer Perlescent Pailletteneinlage 2 Kropfst\u00fctzen Klinge aus geb\u00fcrstetem Edelstahl Geb\u00fcrstet 12c27 Edelstahl geb\u00fcrstet Feder Doppelplatten aus geb\u00fcrstetem Edelstahl Geschmiedet und von Hand gemei\u00dfelt Handgeschmiedete Fliegenklinge L\u00e4nge 10 cm Geschlossenes Messer L\u00e4nge 12 cm Offenes Messer L\u00e4nge 22 cm","og_url":"https:\/\/laguiole.com\/de\/produit\/laguiole-messer-in-aubrac-1-stueck-12-cm-doppelplatten-carbon-glitter-perlblau-2-kropfe-gebuersteter-edelstahl-klinge-gebuersteter-edelstahl-num3\/","og_site_name":"Laguiole.com \u00ae","article_publisher":"https:\/\/www.facebook.com\/laguiolecom\/","og_image":[{"width":1057,"height":1057,"url":"https:\/\/laguiole.com\/wp-content\/uploads\/2024\/04\/Couteau_Laguiole_en_Aubrac_1_Piece_12_cm_Double_Platines_Carbone_Paillete_Bleu_Nacre_2_Mitres_Inox_Brosse_Lame_Inox_Brosse_Num3_00.jpg","type":"image\/jpeg"}],"twitter_card":"summary_large_image","schema":{"@context":"https:\/\/schema.org","@graph":[{"@type":"WebPage","@id":"https:\/\/laguiole.com\/de\/produit\/laguiole-messer-in-aubrac-1-stueck-12-cm-doppelplatten-carbon-glitter-perlblau-2-kropfe-gebuersteter-edelstahl-klinge-gebuersteter-edelstahl-num3\/","url":"https:\/\/laguiole.com\/de\/produit\/laguiole-messer-in-aubrac-1-stueck-12-cm-doppelplatten-carbon-glitter-perlblau-2-kropfe-gebuersteter-edelstahl-klinge-gebuersteter-edelstahl-num3\/","name":"Laguiole Messer in Aubrac 1 St\u00fcck 12 cm Doppelplatten Carbon Glitter Perlblau 2 Kropfe Geb\u00fcrsteter Edelstahl Klinge Geb\u00fcrsteter Edelstahl Num3 - Laguiole.com \u00ae","isPartOf":{"@id":"https:\/\/laguiole.com\/de\/#website"},"primaryImageOfPage":{"@id":"https:\/\/laguiole.com\/de\/produit\/laguiole-messer-in-aubrac-1-stueck-12-cm-doppelplatten-carbon-glitter-perlblau-2-kropfe-gebuersteter-edelstahl-klinge-gebuersteter-edelstahl-num3\/#primaryimage"},"image":{"@id":"https:\/\/laguiole.com\/de\/produit\/laguiole-messer-in-aubrac-1-stueck-12-cm-doppelplatten-carbon-glitter-perlblau-2-kropfe-gebuersteter-edelstahl-klinge-gebuersteter-edelstahl-num3\/#primaryimage"},"thumbnailUrl":"https:\/\/laguiole.com\/wp-content\/uploads\/2024\/04\/Couteau_Laguiole_en_Aubrac_1_Piece_12_cm_Double_Platines_Carbone_Paillete_Bleu_Nacre_2_Mitres_Inox_Brosse_Lame_Inox_Brosse_Num3_00.jpg","datePublished":"2024-04-27T14:58:57+00:00","breadcrumb":{"@id":"https:\/\/laguiole.com\/de\/produit\/laguiole-messer-in-aubrac-1-stueck-12-cm-doppelplatten-carbon-glitter-perlblau-2-kropfe-gebuersteter-edelstahl-klinge-gebuersteter-edelstahl-num3\/#breadcrumb"},"inLanguage":"de","potentialAction":[{"@type":"ReadAction","target":["https:\/\/laguiole.com\/de\/produit\/laguiole-messer-in-aubrac-1-stueck-12-cm-doppelplatten-carbon-glitter-perlblau-2-kropfe-gebuersteter-edelstahl-klinge-gebuersteter-edelstahl-num3\/"]}]},{"@type":"ImageObject","inLanguage":"de","@id":"https:\/\/laguiole.com\/de\/produit\/laguiole-messer-in-aubrac-1-stueck-12-cm-doppelplatten-carbon-glitter-perlblau-2-kropfe-gebuersteter-edelstahl-klinge-gebuersteter-edelstahl-num3\/#primaryimage","url":"https:\/\/laguiole.com\/wp-content\/uploads\/2024\/04\/Couteau_Laguiole_en_Aubrac_1_Piece_12_cm_Double_Platines_Carbone_Paillete_Bleu_Nacre_2_Mitres_Inox_Brosse_Lame_Inox_Brosse_Num3_00.jpg","contentUrl":"https:\/\/laguiole.com\/wp-content\/uploads\/2024\/04\/Couteau_Laguiole_en_Aubrac_1_Piece_12_cm_Double_Platines_Carbone_Paillete_Bleu_Nacre_2_Mitres_Inox_Brosse_Lame_Inox_Brosse_Num3_00.jpg","width":1057,"height":1057,"caption":"Laguiole Messer in Aubrac 1 St\u00fcck 12 cm Doppelplatten Carbon Glitter Perlblau 2 Kropfe Geb\u00fcrsteter Edelstahl Klinge Geb\u00fcrsteter Edelstahl Num3"},{"@type":"BreadcrumbList","@id":"https:\/\/laguiole.com\/de\/produit\/laguiole-messer-in-aubrac-1-stueck-12-cm-doppelplatten-carbon-glitter-perlblau-2-kropfe-gebuersteter-edelstahl-klinge-gebuersteter-edelstahl-num3\/#breadcrumb","itemListElement":[{"@type":"ListItem","position":1,"name":"Accueil","item":"https:\/\/laguiole.com\/de\/"},{"@type":"ListItem","position":2,"name":"Shop","item":"https:\/\/laguiole.com\/de\/shop-2\/"},{"@type":"ListItem","position":3,"name":"Laguiole Messer in Aubrac 1 St\u00fcck 12 cm Doppelplatten Carbon Glitter Perlblau 2 Kropfe Geb\u00fcrsteter Edelstahl Klinge Geb\u00fcrsteter Edelstahl Num3"}]},{"@type":"WebSite","@id":"https:\/\/laguiole.com\/de\/#website","url":"https:\/\/laguiole.com\/de\/","name":"Laguiole.com","description":"Laguiole - Couteau laguiole, Chateau Laguiole, Laguiole en Aubrac, Forge de Laguiole","publisher":{"@id":"https:\/\/laguiole.com\/de\/#organization"},"potentialAction":[{"@type":"SearchAction","target":{"@type":"EntryPoint","urlTemplate":"https:\/\/laguiole.com\/de\/?s={search_term_string}"},"query-input":{"@type":"PropertyValueSpecification","valueRequired":true,"valueName":"search_term_string"}}],"inLanguage":"de"},{"@type":"Organization","@id":"https:\/\/laguiole.com\/de\/#organization","name":"Laguiole.com","url":"https:\/\/laguiole.com\/de\/","logo":{"@type":"ImageObject","inLanguage":"de","@id":"https:\/\/laguiole.com\/de\/#\/schema\/logo\/image\/","url":"https:\/\/laguiole.com\/wp-content\/uploads\/2021\/02\/logo_laguiole.com-horizontal.jpg","contentUrl":"https:\/\/laguiole.com\/wp-content\/uploads\/2021\/02\/logo_laguiole.com-horizontal.jpg","width":490,"height":156,"caption":"Laguiole.com"},"image":{"@id":"https:\/\/laguiole.com\/de\/#\/schema\/logo\/image\/"},"sameAs":["https:\/\/www.facebook.com\/laguiolecom\/","https:\/\/www.instagram.com\/laguiolecom\/","https:\/\/www.youtube.com\/@laguiolecom\/videos"]}]}},"_links":{"self":[{"href":"https:\/\/laguiole.com\/de\/wp-json\/wp\/v2\/product\/38921","targetHints":{"allow":["GET"]}}],"collection":[{"href":"https:\/\/laguiole.com\/de\/wp-json\/wp\/v2\/product"}],"about":[{"href":"https:\/\/laguiole.com\/de\/wp-json\/wp\/v2\/types\/product"}],"version-history":[{"count":0,"href":"https:\/\/laguiole.com\/de\/wp-json\/wp\/v2\/product\/38921\/revisions"}],"wp:featuredmedia":[{"embeddable":true,"href":"https:\/\/laguiole.com\/de\/wp-json\/wp\/v2\/media\/38926"}],"wp:attachment":[{"href":"https:\/\/laguiole.com\/de\/wp-json\/wp\/v2\/media?parent=38921"}],"wp:term":[{"taxonomy":"product_brand","embeddable":true,"href":"https:\/\/laguiole.com\/de\/wp-json\/wp\/v2\/product_brand?post=38921"},{"taxonomy":"product_cat","embeddable":true,"href":"https:\/\/laguiole.com\/de\/wp-json\/wp\/v2\/product_cat?post=38921"},{"taxonomy":"product_tag","embeddable":true,"href":"https:\/\/laguiole.com\/de\/wp-json\/wp\/v2\/product_tag?post=38921"}],"curies":[{"name":"wp","href":"https:\/\/api.w.org\/{rel}","templated":true}]}}