{"id":38872,"date":"2024-05-02T18:09:14","date_gmt":"2024-05-02T16:09:14","guid":{"rendered":"https:\/\/laguiole.com\/produit\/douris-chastel-the-pioneer-multi-blades-3-teiliges-klappmesser-geweih-11cm\/"},"modified":"2025-10-03T18:13:24","modified_gmt":"2025-10-03T16:13:24","slug":"douris-chastel-the-pioneer-multi-blades-3-teiliges-klappmesser-geweih-11cm","status":"publish","type":"product","link":"https:\/\/laguiole.com\/de\/produit\/douris-chastel-the-pioneer-multi-blades-3-teiliges-klappmesser-geweih-11cm\/","title":{"rendered":"Douris-Chastel The Pioneer Multi Blades 3-teiliges Klappmesser Geweih 11cm"},"content":{"rendered":"<p>LE PIONNIER wurde in den 70er Jahren eingesetzt und verk\u00f6rpert den H\u00f6hepunkt des Know-hows der Marke DOURIS CHASTEL. Seine Silhouette, die von Tradition und Erbe durchdrungen ist, verzaubert Liebhaber der Messerschmiedekunst, die in ihr die Essenz der Authentizit\u00e4t und Weitergabe sehen.  Dieses Messer besteht aus drei verschiedenen Komponenten, bestehend aus einer Klinge, einem Dosen\u00f6ffner\/Flaschen\u00f6ffner und einem Korkenzieher, was seinem klassischen Aussehen Vielseitigkeit und Praktikabilit\u00e4t verleiht.<\/p>\n<p>Dieses Douris-Chastel Le Pionnier Klappmesser verk\u00f6rpert den Inbegriff des Messers f\u00fcr den Mann der Tat!<\/p>\n","protected":false},"excerpt":{"rendered":"<p>Douris-Chastel Le Pionnier Klappmesser Multi Klingen<br \/>\n3 St\u00fcck: 1 Klinge, 1 Dosen\u00f6ffner und 1 Korkenzieher<br \/>\nGeweihgriff<br \/>\n1 Kropf aus geb\u00fcrstetem<br \/>\nEdelstahl Handguillochierte<br \/>\nFeder Griffgr\u00f6\u00dfe 11cm<br \/>\nKlingengr\u00f6\u00dfe 7cm aus Edelstahl 12C27 mit Lasche zum einfachen \u00d6ffnen.<br \/>\nBreite 0,5 cm<br \/>\nGesamtl\u00e4nge gefaltet 11 cm<br \/>\nGesamtl\u00e4nge 28 cm Offenes<br \/>\nMesser Gewicht 85 g<\/p>\n<p><iframe src=\"https:\/\/www.youtube.com\/embed\/JkYbaOEm2h0?rel=0&amp;autoplay=1\" width=\"560\" height=\"315\" frameborder=\"0\" allowfullscreen=\"allowfullscreen\"><\/iframe><\/p>\n","protected":false},"featured_media":38874,"template":"","meta":{"_acf_changed":false,"_monsterinsights_skip_tracking":false,"_monsterinsights_sitenote_active":false,"_monsterinsights_sitenote_note":"","_monsterinsights_sitenote_category":0},"product_brand":[],"product_cat":[5938,5950],"product_tag":[],"class_list":{"0":"post-38872","1":"product","2":"type-product","3":"status-publish","4":"has-post-thumbnail","6":"product_cat-klappmesser","7":"product_cat-douris-chastel-klappmesser","8":"pa_finition-gebuerstet","9":"pa_lame-gebuersteter-edelstahl","10":"pa_manche-en-matiere-animale-hirschgeweih","11":"pa_marque-douris-chastelfr","12":"pa_mitres-messing-geburstet","13":"pa_mitres-1-gehrung","14":"tm-has-options","17":"instock","18":"taxable","19":"shipping-taxable","20":"purchasable","21":"product-type-simple"},"supplier_id":null,"supplier_sku":"","barcode":null,"atum_controlled":true,"out_stock_date":null,"out_stock_threshold":null,"inheritable":false,"inbound_stock":0,"stock_on_hold":0,"sold_today":0,"sales_last_days":0,"reserved_stock":0,"customer_returns":0,"warehouse_damage":0,"lost_in_post":0,"other_logs":0,"out_stock_days":0,"lost_sales":0,"has_location":false,"update_date":"2026-05-02T00:46:32","atum_locations":[],"atum_stock_status":"instock","restock_status":false,"low_stock_amount":"","sales_update_date":"2026-05-02T00:46:32","calc_backorders":0,"acf":[],"yoast_head":"<!-- This site is optimized with the Yoast SEO plugin v27.3 - https:\/\/yoast.com\/product\/yoast-seo-wordpress\/ -->\n<title>Douris-Chastel The Pioneer Multi Blades 3-teiliges Klappmesser Geweih 11cm - Laguiole.com \u00ae<\/title>\n<meta name=\"robots\" content=\"index, follow, max-snippet:-1, max-image-preview:large, max-video-preview:-1\" \/>\n<link rel=\"canonical\" href=\"https:\/\/laguiole.com\/de\/produit\/douris-chastel-the-pioneer-multi-blades-3-teiliges-klappmesser-geweih-11cm\/\" \/>\n<meta property=\"og:locale\" content=\"de_DE\" \/>\n<meta property=\"og:type\" content=\"article\" \/>\n<meta property=\"og:title\" content=\"Douris-Chastel The Pioneer Multi Blades 3-teiliges Klappmesser Geweih 11cm - Laguiole.com \u00ae\" \/>\n<meta property=\"og:description\" content=\"Douris-Chastel Le Pionnier Klappmesser Multi Klingen 3 St\u00fcck: 1 Klinge, 1 Dosen\u00f6ffner und 1 Korkenzieher Geweihgriff 1 Kropf aus geb\u00fcrstetem Edelstahl Handguillochierte Feder Griffgr\u00f6\u00dfe 11cm Klingengr\u00f6\u00dfe 7cm aus Edelstahl 12C27 mit Lasche zum einfachen \u00d6ffnen. Breite 0,5 cm Gesamtl\u00e4nge gefaltet 11 cm Gesamtl\u00e4nge 28 cm Offenes Messer Gewicht 85 g\" \/>\n<meta property=\"og:url\" content=\"https:\/\/laguiole.com\/de\/produit\/douris-chastel-the-pioneer-multi-blades-3-teiliges-klappmesser-geweih-11cm\/\" \/>\n<meta property=\"og:site_name\" content=\"Laguiole.com \u00ae\" \/>\n<meta property=\"article:publisher\" content=\"https:\/\/www.facebook.com\/laguiolecom\/\" \/>\n<meta property=\"article:modified_time\" content=\"2025-10-03T16:13:24+00:00\" \/>\n<meta property=\"og:image\" content=\"https:\/\/laguiole.com\/wp-content\/uploads\/2024\/05\/Couteau_Pliant_Douris-Chastel_Le_Pionnier_Multi_Lames_3_Pieces_Bois_de_cerf_11cm_00.jpg\" \/>\n\t<meta property=\"og:image:width\" content=\"1033\" \/>\n\t<meta property=\"og:image:height\" content=\"1033\" \/>\n\t<meta property=\"og:image:type\" content=\"image\/jpeg\" \/>\n<meta name=\"twitter:card\" content=\"summary_large_image\" \/>\n<script type=\"application\/ld+json\" class=\"yoast-schema-graph\">{\"@context\":\"https:\\\/\\\/schema.org\",\"@graph\":[{\"@type\":\"WebPage\",\"@id\":\"https:\\\/\\\/laguiole.com\\\/de\\\/produit\\\/douris-chastel-the-pioneer-multi-blades-3-teiliges-klappmesser-geweih-11cm\\\/\",\"url\":\"https:\\\/\\\/laguiole.com\\\/de\\\/produit\\\/douris-chastel-the-pioneer-multi-blades-3-teiliges-klappmesser-geweih-11cm\\\/\",\"name\":\"Douris-Chastel The Pioneer Multi Blades 3-teiliges Klappmesser Geweih 11cm - Laguiole.com \u00ae\",\"isPartOf\":{\"@id\":\"https:\\\/\\\/laguiole.com\\\/de\\\/#website\"},\"primaryImageOfPage\":{\"@id\":\"https:\\\/\\\/laguiole.com\\\/de\\\/produit\\\/douris-chastel-the-pioneer-multi-blades-3-teiliges-klappmesser-geweih-11cm\\\/#primaryimage\"},\"image\":{\"@id\":\"https:\\\/\\\/laguiole.com\\\/de\\\/produit\\\/douris-chastel-the-pioneer-multi-blades-3-teiliges-klappmesser-geweih-11cm\\\/#primaryimage\"},\"thumbnailUrl\":\"https:\\\/\\\/laguiole.com\\\/wp-content\\\/uploads\\\/2024\\\/05\\\/Couteau_Pliant_Douris-Chastel_Le_Pionnier_Multi_Lames_3_Pieces_Bois_de_cerf_11cm_00.jpg\",\"datePublished\":\"2024-05-02T16:09:14+00:00\",\"dateModified\":\"2025-10-03T16:13:24+00:00\",\"breadcrumb\":{\"@id\":\"https:\\\/\\\/laguiole.com\\\/de\\\/produit\\\/douris-chastel-the-pioneer-multi-blades-3-teiliges-klappmesser-geweih-11cm\\\/#breadcrumb\"},\"inLanguage\":\"de\",\"potentialAction\":[{\"@type\":\"ReadAction\",\"target\":[\"https:\\\/\\\/laguiole.com\\\/de\\\/produit\\\/douris-chastel-the-pioneer-multi-blades-3-teiliges-klappmesser-geweih-11cm\\\/\"]}]},{\"@type\":\"ImageObject\",\"inLanguage\":\"de\",\"@id\":\"https:\\\/\\\/laguiole.com\\\/de\\\/produit\\\/douris-chastel-the-pioneer-multi-blades-3-teiliges-klappmesser-geweih-11cm\\\/#primaryimage\",\"url\":\"https:\\\/\\\/laguiole.com\\\/wp-content\\\/uploads\\\/2024\\\/05\\\/Couteau_Pliant_Douris-Chastel_Le_Pionnier_Multi_Lames_3_Pieces_Bois_de_cerf_11cm_00.jpg\",\"contentUrl\":\"https:\\\/\\\/laguiole.com\\\/wp-content\\\/uploads\\\/2024\\\/05\\\/Couteau_Pliant_Douris-Chastel_Le_Pionnier_Multi_Lames_3_Pieces_Bois_de_cerf_11cm_00.jpg\",\"width\":1033,\"height\":1033,\"caption\":\"Douris-Chastel The Pioneer Multi Blades 3-teiliges Klappmesser Geweih 11cm\"},{\"@type\":\"BreadcrumbList\",\"@id\":\"https:\\\/\\\/laguiole.com\\\/de\\\/produit\\\/douris-chastel-the-pioneer-multi-blades-3-teiliges-klappmesser-geweih-11cm\\\/#breadcrumb\",\"itemListElement\":[{\"@type\":\"ListItem\",\"position\":1,\"name\":\"Accueil\",\"item\":\"https:\\\/\\\/laguiole.com\\\/de\\\/\"},{\"@type\":\"ListItem\",\"position\":2,\"name\":\"Shop\",\"item\":\"https:\\\/\\\/laguiole.com\\\/de\\\/shop-2\\\/\"},{\"@type\":\"ListItem\",\"position\":3,\"name\":\"Douris-Chastel The Pioneer Multi Blades 3-teiliges Klappmesser Geweih 11cm\"}]},{\"@type\":\"WebSite\",\"@id\":\"https:\\\/\\\/laguiole.com\\\/de\\\/#website\",\"url\":\"https:\\\/\\\/laguiole.com\\\/de\\\/\",\"name\":\"Laguiole.com\",\"description\":\"Laguiole - Couteau laguiole, Chateau Laguiole, Laguiole en Aubrac, Forge de Laguiole\",\"publisher\":{\"@id\":\"https:\\\/\\\/laguiole.com\\\/de\\\/#organization\"},\"potentialAction\":[{\"@type\":\"SearchAction\",\"target\":{\"@type\":\"EntryPoint\",\"urlTemplate\":\"https:\\\/\\\/laguiole.com\\\/de\\\/?s={search_term_string}\"},\"query-input\":{\"@type\":\"PropertyValueSpecification\",\"valueRequired\":true,\"valueName\":\"search_term_string\"}}],\"inLanguage\":\"de\"},{\"@type\":\"Organization\",\"@id\":\"https:\\\/\\\/laguiole.com\\\/de\\\/#organization\",\"name\":\"Laguiole.com\",\"url\":\"https:\\\/\\\/laguiole.com\\\/de\\\/\",\"logo\":{\"@type\":\"ImageObject\",\"inLanguage\":\"de\",\"@id\":\"https:\\\/\\\/laguiole.com\\\/de\\\/#\\\/schema\\\/logo\\\/image\\\/\",\"url\":\"https:\\\/\\\/laguiole.com\\\/wp-content\\\/uploads\\\/2021\\\/02\\\/logo_laguiole.com-horizontal.jpg\",\"contentUrl\":\"https:\\\/\\\/laguiole.com\\\/wp-content\\\/uploads\\\/2021\\\/02\\\/logo_laguiole.com-horizontal.jpg\",\"width\":490,\"height\":156,\"caption\":\"Laguiole.com\"},\"image\":{\"@id\":\"https:\\\/\\\/laguiole.com\\\/de\\\/#\\\/schema\\\/logo\\\/image\\\/\"},\"sameAs\":[\"https:\\\/\\\/www.facebook.com\\\/laguiolecom\\\/\",\"https:\\\/\\\/www.instagram.com\\\/laguiolecom\\\/\",\"https:\\\/\\\/www.youtube.com\\\/@laguiolecom\\\/videos\"]}]}<\/script>\n<!-- \/ Yoast SEO plugin. -->","yoast_head_json":{"title":"Douris-Chastel The Pioneer Multi Blades 3-teiliges Klappmesser Geweih 11cm - Laguiole.com \u00ae","robots":{"index":"index","follow":"follow","max-snippet":"max-snippet:-1","max-image-preview":"max-image-preview:large","max-video-preview":"max-video-preview:-1"},"canonical":"https:\/\/laguiole.com\/de\/produit\/douris-chastel-the-pioneer-multi-blades-3-teiliges-klappmesser-geweih-11cm\/","og_locale":"de_DE","og_type":"article","og_title":"Douris-Chastel The Pioneer Multi Blades 3-teiliges Klappmesser Geweih 11cm - Laguiole.com \u00ae","og_description":"Douris-Chastel Le Pionnier Klappmesser Multi Klingen 3 St\u00fcck: 1 Klinge, 1 Dosen\u00f6ffner und 1 Korkenzieher Geweihgriff 1 Kropf aus geb\u00fcrstetem Edelstahl Handguillochierte Feder Griffgr\u00f6\u00dfe 11cm Klingengr\u00f6\u00dfe 7cm aus Edelstahl 12C27 mit Lasche zum einfachen \u00d6ffnen. Breite 0,5 cm Gesamtl\u00e4nge gefaltet 11 cm Gesamtl\u00e4nge 28 cm Offenes Messer Gewicht 85 g","og_url":"https:\/\/laguiole.com\/de\/produit\/douris-chastel-the-pioneer-multi-blades-3-teiliges-klappmesser-geweih-11cm\/","og_site_name":"Laguiole.com \u00ae","article_publisher":"https:\/\/www.facebook.com\/laguiolecom\/","article_modified_time":"2025-10-03T16:13:24+00:00","og_image":[{"width":1033,"height":1033,"url":"https:\/\/laguiole.com\/wp-content\/uploads\/2024\/05\/Couteau_Pliant_Douris-Chastel_Le_Pionnier_Multi_Lames_3_Pieces_Bois_de_cerf_11cm_00.jpg","type":"image\/jpeg"}],"twitter_card":"summary_large_image","schema":{"@context":"https:\/\/schema.org","@graph":[{"@type":"WebPage","@id":"https:\/\/laguiole.com\/de\/produit\/douris-chastel-the-pioneer-multi-blades-3-teiliges-klappmesser-geweih-11cm\/","url":"https:\/\/laguiole.com\/de\/produit\/douris-chastel-the-pioneer-multi-blades-3-teiliges-klappmesser-geweih-11cm\/","name":"Douris-Chastel The Pioneer Multi Blades 3-teiliges Klappmesser Geweih 11cm - Laguiole.com \u00ae","isPartOf":{"@id":"https:\/\/laguiole.com\/de\/#website"},"primaryImageOfPage":{"@id":"https:\/\/laguiole.com\/de\/produit\/douris-chastel-the-pioneer-multi-blades-3-teiliges-klappmesser-geweih-11cm\/#primaryimage"},"image":{"@id":"https:\/\/laguiole.com\/de\/produit\/douris-chastel-the-pioneer-multi-blades-3-teiliges-klappmesser-geweih-11cm\/#primaryimage"},"thumbnailUrl":"https:\/\/laguiole.com\/wp-content\/uploads\/2024\/05\/Couteau_Pliant_Douris-Chastel_Le_Pionnier_Multi_Lames_3_Pieces_Bois_de_cerf_11cm_00.jpg","datePublished":"2024-05-02T16:09:14+00:00","dateModified":"2025-10-03T16:13:24+00:00","breadcrumb":{"@id":"https:\/\/laguiole.com\/de\/produit\/douris-chastel-the-pioneer-multi-blades-3-teiliges-klappmesser-geweih-11cm\/#breadcrumb"},"inLanguage":"de","potentialAction":[{"@type":"ReadAction","target":["https:\/\/laguiole.com\/de\/produit\/douris-chastel-the-pioneer-multi-blades-3-teiliges-klappmesser-geweih-11cm\/"]}]},{"@type":"ImageObject","inLanguage":"de","@id":"https:\/\/laguiole.com\/de\/produit\/douris-chastel-the-pioneer-multi-blades-3-teiliges-klappmesser-geweih-11cm\/#primaryimage","url":"https:\/\/laguiole.com\/wp-content\/uploads\/2024\/05\/Couteau_Pliant_Douris-Chastel_Le_Pionnier_Multi_Lames_3_Pieces_Bois_de_cerf_11cm_00.jpg","contentUrl":"https:\/\/laguiole.com\/wp-content\/uploads\/2024\/05\/Couteau_Pliant_Douris-Chastel_Le_Pionnier_Multi_Lames_3_Pieces_Bois_de_cerf_11cm_00.jpg","width":1033,"height":1033,"caption":"Douris-Chastel The Pioneer Multi Blades 3-teiliges Klappmesser Geweih 11cm"},{"@type":"BreadcrumbList","@id":"https:\/\/laguiole.com\/de\/produit\/douris-chastel-the-pioneer-multi-blades-3-teiliges-klappmesser-geweih-11cm\/#breadcrumb","itemListElement":[{"@type":"ListItem","position":1,"name":"Accueil","item":"https:\/\/laguiole.com\/de\/"},{"@type":"ListItem","position":2,"name":"Shop","item":"https:\/\/laguiole.com\/de\/shop-2\/"},{"@type":"ListItem","position":3,"name":"Douris-Chastel The Pioneer Multi Blades 3-teiliges Klappmesser Geweih 11cm"}]},{"@type":"WebSite","@id":"https:\/\/laguiole.com\/de\/#website","url":"https:\/\/laguiole.com\/de\/","name":"Laguiole.com","description":"Laguiole - Couteau laguiole, Chateau Laguiole, Laguiole en Aubrac, Forge de Laguiole","publisher":{"@id":"https:\/\/laguiole.com\/de\/#organization"},"potentialAction":[{"@type":"SearchAction","target":{"@type":"EntryPoint","urlTemplate":"https:\/\/laguiole.com\/de\/?s={search_term_string}"},"query-input":{"@type":"PropertyValueSpecification","valueRequired":true,"valueName":"search_term_string"}}],"inLanguage":"de"},{"@type":"Organization","@id":"https:\/\/laguiole.com\/de\/#organization","name":"Laguiole.com","url":"https:\/\/laguiole.com\/de\/","logo":{"@type":"ImageObject","inLanguage":"de","@id":"https:\/\/laguiole.com\/de\/#\/schema\/logo\/image\/","url":"https:\/\/laguiole.com\/wp-content\/uploads\/2021\/02\/logo_laguiole.com-horizontal.jpg","contentUrl":"https:\/\/laguiole.com\/wp-content\/uploads\/2021\/02\/logo_laguiole.com-horizontal.jpg","width":490,"height":156,"caption":"Laguiole.com"},"image":{"@id":"https:\/\/laguiole.com\/de\/#\/schema\/logo\/image\/"},"sameAs":["https:\/\/www.facebook.com\/laguiolecom\/","https:\/\/www.instagram.com\/laguiolecom\/","https:\/\/www.youtube.com\/@laguiolecom\/videos"]}]}},"_links":{"self":[{"href":"https:\/\/laguiole.com\/de\/wp-json\/wp\/v2\/product\/38872","targetHints":{"allow":["GET"]}}],"collection":[{"href":"https:\/\/laguiole.com\/de\/wp-json\/wp\/v2\/product"}],"about":[{"href":"https:\/\/laguiole.com\/de\/wp-json\/wp\/v2\/types\/product"}],"version-history":[{"count":1,"href":"https:\/\/laguiole.com\/de\/wp-json\/wp\/v2\/product\/38872\/revisions"}],"predecessor-version":[{"id":41689,"href":"https:\/\/laguiole.com\/de\/wp-json\/wp\/v2\/product\/38872\/revisions\/41689"}],"wp:featuredmedia":[{"embeddable":true,"href":"https:\/\/laguiole.com\/de\/wp-json\/wp\/v2\/media\/38874"}],"wp:attachment":[{"href":"https:\/\/laguiole.com\/de\/wp-json\/wp\/v2\/media?parent=38872"}],"wp:term":[{"taxonomy":"product_brand","embeddable":true,"href":"https:\/\/laguiole.com\/de\/wp-json\/wp\/v2\/product_brand?post=38872"},{"taxonomy":"product_cat","embeddable":true,"href":"https:\/\/laguiole.com\/de\/wp-json\/wp\/v2\/product_cat?post=38872"},{"taxonomy":"product_tag","embeddable":true,"href":"https:\/\/laguiole.com\/de\/wp-json\/wp\/v2\/product_tag?post=38872"}],"curies":[{"name":"wp","href":"https:\/\/api.w.org\/{rel}","templated":true}]}}