{"id":38838,"date":"2023-11-18T20:35:17","date_gmt":"2023-11-18T19:35:17","guid":{"rendered":"https:\/\/laguiole.com\/produit\/laguiole-individual-tischset-in-aubrac-5-stueck-bueffelaermel-glaenzendes-finish\/"},"modified":"2026-02-03T14:07:35","modified_gmt":"2026-02-03T13:07:35","slug":"laguiole-individual-tischset-in-aubrac-5-stueck-bueffelaermel-glaenzendes-finish","status":"publish","type":"product","link":"https:\/\/laguiole.com\/de\/produit\/laguiole-individual-tischset-in-aubrac-5-stueck-bueffelaermel-glaenzendes-finish\/","title":{"rendered":"Laguiole Individual Tischset in Aubrac 5 St\u00fcck B\u00fcffel\u00e4rmel Gl\u00e4nzendes Finish"},"content":{"rendered":"<p>Das wundersch\u00f6n gestaltete, individuelle 5-Sitz-Gedeck aus B\u00fcffelhorn dr\u00fcckt Handwerkskunst aus. Jedes Besteck ist in sorgf\u00e4ltiger Handarbeit gefertigt, mit hochwertigen B\u00fcffelhorngriffen versehen und mit der ber\u00fchmten Biene verziert. Laguiole en Aubrac gelingt es, mit au\u00dfergew\u00f6hnlicher Qualit\u00e4t und Finesse der Verarbeitung die perfekte Balance zwischen dem Respekt vor den Traditionen und der Modernit\u00e4t seines ber\u00fchmten Bestecks zu finden.  <\/p>\n<p>Die B\u00fcffelgriffe bieten ein gl\u00e4nzendes Finish, was dem Ganzen eine elegante \u00c4sthetik verleiht. Die Klingen, Gabeln, L\u00f6ffel, Teller und Kropfe sind aus hochwertigem Edelstahl gefertigt. Jedes Set enth\u00e4lt ein Tafelmesser, eine Gabel, einen Essl\u00f6ffel, eine Dessertgabel und einen Dessertl\u00f6ffel, die alle mit dem Hirtenkreuz verziert sind, das auf dem Griff des Messers eingraviert ist.  <\/p>\n<p>Dieses Besteckset wird von Anfang bis Ende von einem engagierten Handwerker in Handarbeit gefertigt und garantiert eine au\u00dfergew\u00f6hnliche Qualit\u00e4t. Es ist nicht sp\u00fclmaschinenfest, so dass die Pr\u00e4zision der Verarbeitung erhalten bleibt. Jedes Besteck wird von einem Echtheitszertifikat begleitet, das seine Herkunft und die au\u00dfergew\u00f6hnliche Qualit\u00e4t seiner Herstellung bezeugt.  <\/p>\n<p>Dieses Besteckset wird in einer pr\u00e4chtigen Holzschatulle pr\u00e4sentiert und verk\u00f6rpert franz\u00f6sische Raffinesse. Hergestellt in Frankreich, im historischen Ursprungsgebiet des Dorfes Espalion, f\u00fchrt er mit Stolz das handwerkliche Erbe von Laguiole in Aubrac fort, diesmal mit der charakteristischen Eleganz des B\u00fcffelhorns. <\/p>\n","protected":false},"excerpt":{"rendered":"<p>Laguiole Individual Tischset in Aubrac 5 St\u00fcck<br \/>\n1 Gabel 22cm<br \/>\n1 Messer 23cm<br \/>\n1 Suppenl\u00f6ffel 22cm<br \/>\n1 Dessertl\u00f6ffel 18cm<br \/>\n1 Dessertgabel 18cm<br \/>\nGriffe: B\u00fcffel<br \/>\nNackenrollen: Gl\u00e4nzender Edelstahl 12C27 MOD<br \/>\nGl\u00e4nzendes Finish Hirtenkreuz<br \/>\nauf dem Griff<br \/>\nHandguillochierung auf der Oberseite des Griffs<br \/>\nLieferung in seiner Holzkiste,  mit Echtheitszertifikat.<\/p>\n","protected":false},"featured_media":38845,"template":"","meta":{"_acf_changed":false,"_monsterinsights_skip_tracking":false,"_monsterinsights_sitenote_active":false,"_monsterinsights_sitenote_note":"","_monsterinsights_sitenote_category":0},"product_brand":[],"product_cat":[5955,5959],"product_tag":[],"class_list":{"0":"post-38838","1":"product","2":"type-product","3":"status-publish","4":"has-post-thumbnail","6":"product_cat-laguiole-tafelbesteck","7":"product_cat-besteckkasten","8":"pa_finition-brillant","9":"pa_lame-glaenzender-edelstahl","10":"pa_manche-en-matiere-animale-bueffel","11":"pa_marque-laguiole-en-aubracfr","12":"tm-has-options","15":"instock","16":"taxable","17":"shipping-taxable","18":"purchasable","19":"product-type-simple"},"supplier_id":null,"supplier_sku":"","barcode":null,"atum_controlled":true,"out_stock_date":null,"out_stock_threshold":null,"inheritable":false,"inbound_stock":0,"stock_on_hold":0,"sold_today":0,"sales_last_days":0,"reserved_stock":0,"customer_returns":0,"warehouse_damage":0,"lost_in_post":0,"other_logs":0,"out_stock_days":0,"lost_sales":0,"has_location":false,"update_date":"2026-05-02T00:42:49","atum_locations":[],"atum_stock_status":"instock","restock_status":false,"low_stock_amount":"","sales_update_date":"2026-05-02T00:42:49","calc_backorders":0,"acf":[],"yoast_head":"<!-- This site is optimized with the Yoast SEO plugin v27.3 - https:\/\/yoast.com\/product\/yoast-seo-wordpress\/ -->\n<title>Laguiole Individual Tischset in Aubrac 5 St\u00fcck B\u00fcffel\u00e4rmel Gl\u00e4nzendes Finish - Laguiole.com \u00ae<\/title>\n<meta name=\"description\" content=\"Das wundersch\u00f6n gestaltete, individuelle 5-Sitz-Gedeck aus B\u00fcffelhorn dr\u00fcckt Handwerkskunst aus.\" \/>\n<meta name=\"robots\" content=\"index, follow, max-snippet:-1, max-image-preview:large, max-video-preview:-1\" \/>\n<link rel=\"canonical\" href=\"https:\/\/laguiole.com\/de\/produit\/laguiole-individual-tischset-in-aubrac-5-stueck-bueffelaermel-glaenzendes-finish\/\" \/>\n<meta property=\"og:locale\" content=\"de_DE\" \/>\n<meta property=\"og:type\" content=\"article\" \/>\n<meta property=\"og:title\" content=\"Laguiole Individual Tischset in Aubrac 5 St\u00fcck B\u00fcffel\u00e4rmel Gl\u00e4nzendes Finish - Laguiole.com \u00ae\" \/>\n<meta property=\"og:description\" content=\"Das wundersch\u00f6n gestaltete, individuelle 5-Sitz-Gedeck aus B\u00fcffelhorn dr\u00fcckt Handwerkskunst aus.\" \/>\n<meta property=\"og:url\" content=\"https:\/\/laguiole.com\/de\/produit\/laguiole-individual-tischset-in-aubrac-5-stueck-bueffelaermel-glaenzendes-finish\/\" \/>\n<meta property=\"og:site_name\" content=\"Laguiole.com \u00ae\" \/>\n<meta property=\"article:publisher\" content=\"https:\/\/www.facebook.com\/laguiolecom\/\" \/>\n<meta property=\"article:modified_time\" content=\"2026-02-03T13:07:35+00:00\" \/>\n<meta property=\"og:image\" content=\"https:\/\/laguiole.com\/wp-content\/uploads\/2023\/11\/Set_de_table_individuel_Laguiole_en_Aubrac_5_pieces_Manches_en_Buffle_Finition_Brillante_00.jpg\" \/>\n\t<meta property=\"og:image:width\" content=\"1033\" \/>\n\t<meta property=\"og:image:height\" content=\"1033\" \/>\n\t<meta property=\"og:image:type\" content=\"image\/jpeg\" \/>\n<meta name=\"twitter:card\" content=\"summary_large_image\" \/>\n<meta name=\"twitter:label1\" content=\"Gesch\u00e4tzte Lesezeit\" \/>\n\t<meta name=\"twitter:data1\" content=\"1\u00a0Minute\" \/>\n<script type=\"application\/ld+json\" class=\"yoast-schema-graph\">{\"@context\":\"https:\\\/\\\/schema.org\",\"@graph\":[{\"@type\":\"WebPage\",\"@id\":\"https:\\\/\\\/laguiole.com\\\/de\\\/produit\\\/laguiole-individual-tischset-in-aubrac-5-stueck-bueffelaermel-glaenzendes-finish\\\/\",\"url\":\"https:\\\/\\\/laguiole.com\\\/de\\\/produit\\\/laguiole-individual-tischset-in-aubrac-5-stueck-bueffelaermel-glaenzendes-finish\\\/\",\"name\":\"Laguiole Individual Tischset in Aubrac 5 St\u00fcck B\u00fcffel\u00e4rmel Gl\u00e4nzendes Finish - Laguiole.com \u00ae\",\"isPartOf\":{\"@id\":\"https:\\\/\\\/laguiole.com\\\/de\\\/#website\"},\"primaryImageOfPage\":{\"@id\":\"https:\\\/\\\/laguiole.com\\\/de\\\/produit\\\/laguiole-individual-tischset-in-aubrac-5-stueck-bueffelaermel-glaenzendes-finish\\\/#primaryimage\"},\"image\":{\"@id\":\"https:\\\/\\\/laguiole.com\\\/de\\\/produit\\\/laguiole-individual-tischset-in-aubrac-5-stueck-bueffelaermel-glaenzendes-finish\\\/#primaryimage\"},\"thumbnailUrl\":\"https:\\\/\\\/laguiole.com\\\/wp-content\\\/uploads\\\/2023\\\/11\\\/Set_de_table_individuel_Laguiole_en_Aubrac_5_pieces_Manches_en_Buffle_Finition_Brillante_00.jpg\",\"datePublished\":\"2023-11-18T19:35:17+00:00\",\"dateModified\":\"2026-02-03T13:07:35+00:00\",\"description\":\"Das wundersch\u00f6n gestaltete, individuelle 5-Sitz-Gedeck aus B\u00fcffelhorn dr\u00fcckt Handwerkskunst aus.\",\"breadcrumb\":{\"@id\":\"https:\\\/\\\/laguiole.com\\\/de\\\/produit\\\/laguiole-individual-tischset-in-aubrac-5-stueck-bueffelaermel-glaenzendes-finish\\\/#breadcrumb\"},\"inLanguage\":\"de\",\"potentialAction\":[{\"@type\":\"ReadAction\",\"target\":[\"https:\\\/\\\/laguiole.com\\\/de\\\/produit\\\/laguiole-individual-tischset-in-aubrac-5-stueck-bueffelaermel-glaenzendes-finish\\\/\"]}]},{\"@type\":\"ImageObject\",\"inLanguage\":\"de\",\"@id\":\"https:\\\/\\\/laguiole.com\\\/de\\\/produit\\\/laguiole-individual-tischset-in-aubrac-5-stueck-bueffelaermel-glaenzendes-finish\\\/#primaryimage\",\"url\":\"https:\\\/\\\/laguiole.com\\\/wp-content\\\/uploads\\\/2023\\\/11\\\/Set_de_table_individuel_Laguiole_en_Aubrac_5_pieces_Manches_en_Buffle_Finition_Brillante_00.jpg\",\"contentUrl\":\"https:\\\/\\\/laguiole.com\\\/wp-content\\\/uploads\\\/2023\\\/11\\\/Set_de_table_individuel_Laguiole_en_Aubrac_5_pieces_Manches_en_Buffle_Finition_Brillante_00.jpg\",\"width\":1033,\"height\":1033,\"caption\":\"Laguiole Individual Tischset in Aubrac 5 St\u00fcck B\u00fcffel\u00e4rmel Gl\u00e4nzendes Finish\"},{\"@type\":\"BreadcrumbList\",\"@id\":\"https:\\\/\\\/laguiole.com\\\/de\\\/produit\\\/laguiole-individual-tischset-in-aubrac-5-stueck-bueffelaermel-glaenzendes-finish\\\/#breadcrumb\",\"itemListElement\":[{\"@type\":\"ListItem\",\"position\":1,\"name\":\"Accueil\",\"item\":\"https:\\\/\\\/laguiole.com\\\/de\\\/\"},{\"@type\":\"ListItem\",\"position\":2,\"name\":\"Shop\",\"item\":\"https:\\\/\\\/laguiole.com\\\/de\\\/shop-2\\\/\"},{\"@type\":\"ListItem\",\"position\":3,\"name\":\"Laguiole Individual Tischset in Aubrac 5 St\u00fcck B\u00fcffel\u00e4rmel Gl\u00e4nzendes Finish\"}]},{\"@type\":\"WebSite\",\"@id\":\"https:\\\/\\\/laguiole.com\\\/de\\\/#website\",\"url\":\"https:\\\/\\\/laguiole.com\\\/de\\\/\",\"name\":\"Laguiole.com\",\"description\":\"Laguiole - Couteau laguiole, Chateau Laguiole, Laguiole en Aubrac, Forge de Laguiole\",\"publisher\":{\"@id\":\"https:\\\/\\\/laguiole.com\\\/de\\\/#organization\"},\"potentialAction\":[{\"@type\":\"SearchAction\",\"target\":{\"@type\":\"EntryPoint\",\"urlTemplate\":\"https:\\\/\\\/laguiole.com\\\/de\\\/?s={search_term_string}\"},\"query-input\":{\"@type\":\"PropertyValueSpecification\",\"valueRequired\":true,\"valueName\":\"search_term_string\"}}],\"inLanguage\":\"de\"},{\"@type\":\"Organization\",\"@id\":\"https:\\\/\\\/laguiole.com\\\/de\\\/#organization\",\"name\":\"Laguiole.com\",\"url\":\"https:\\\/\\\/laguiole.com\\\/de\\\/\",\"logo\":{\"@type\":\"ImageObject\",\"inLanguage\":\"de\",\"@id\":\"https:\\\/\\\/laguiole.com\\\/de\\\/#\\\/schema\\\/logo\\\/image\\\/\",\"url\":\"https:\\\/\\\/laguiole.com\\\/wp-content\\\/uploads\\\/2021\\\/02\\\/logo_laguiole.com-horizontal.jpg\",\"contentUrl\":\"https:\\\/\\\/laguiole.com\\\/wp-content\\\/uploads\\\/2021\\\/02\\\/logo_laguiole.com-horizontal.jpg\",\"width\":490,\"height\":156,\"caption\":\"Laguiole.com\"},\"image\":{\"@id\":\"https:\\\/\\\/laguiole.com\\\/de\\\/#\\\/schema\\\/logo\\\/image\\\/\"},\"sameAs\":[\"https:\\\/\\\/www.facebook.com\\\/laguiolecom\\\/\",\"https:\\\/\\\/www.instagram.com\\\/laguiolecom\\\/\",\"https:\\\/\\\/www.youtube.com\\\/@laguiolecom\\\/videos\"]}]}<\/script>\n<!-- \/ Yoast SEO plugin. -->","yoast_head_json":{"title":"Laguiole Individual Tischset in Aubrac 5 St\u00fcck B\u00fcffel\u00e4rmel Gl\u00e4nzendes Finish - Laguiole.com \u00ae","description":"Das wundersch\u00f6n gestaltete, individuelle 5-Sitz-Gedeck aus B\u00fcffelhorn dr\u00fcckt Handwerkskunst aus.","robots":{"index":"index","follow":"follow","max-snippet":"max-snippet:-1","max-image-preview":"max-image-preview:large","max-video-preview":"max-video-preview:-1"},"canonical":"https:\/\/laguiole.com\/de\/produit\/laguiole-individual-tischset-in-aubrac-5-stueck-bueffelaermel-glaenzendes-finish\/","og_locale":"de_DE","og_type":"article","og_title":"Laguiole Individual Tischset in Aubrac 5 St\u00fcck B\u00fcffel\u00e4rmel Gl\u00e4nzendes Finish - Laguiole.com \u00ae","og_description":"Das wundersch\u00f6n gestaltete, individuelle 5-Sitz-Gedeck aus B\u00fcffelhorn dr\u00fcckt Handwerkskunst aus.","og_url":"https:\/\/laguiole.com\/de\/produit\/laguiole-individual-tischset-in-aubrac-5-stueck-bueffelaermel-glaenzendes-finish\/","og_site_name":"Laguiole.com \u00ae","article_publisher":"https:\/\/www.facebook.com\/laguiolecom\/","article_modified_time":"2026-02-03T13:07:35+00:00","og_image":[{"width":1033,"height":1033,"url":"https:\/\/laguiole.com\/wp-content\/uploads\/2023\/11\/Set_de_table_individuel_Laguiole_en_Aubrac_5_pieces_Manches_en_Buffle_Finition_Brillante_00.jpg","type":"image\/jpeg"}],"twitter_card":"summary_large_image","twitter_misc":{"Gesch\u00e4tzte Lesezeit":"1\u00a0Minute"},"schema":{"@context":"https:\/\/schema.org","@graph":[{"@type":"WebPage","@id":"https:\/\/laguiole.com\/de\/produit\/laguiole-individual-tischset-in-aubrac-5-stueck-bueffelaermel-glaenzendes-finish\/","url":"https:\/\/laguiole.com\/de\/produit\/laguiole-individual-tischset-in-aubrac-5-stueck-bueffelaermel-glaenzendes-finish\/","name":"Laguiole Individual Tischset in Aubrac 5 St\u00fcck B\u00fcffel\u00e4rmel Gl\u00e4nzendes Finish - Laguiole.com \u00ae","isPartOf":{"@id":"https:\/\/laguiole.com\/de\/#website"},"primaryImageOfPage":{"@id":"https:\/\/laguiole.com\/de\/produit\/laguiole-individual-tischset-in-aubrac-5-stueck-bueffelaermel-glaenzendes-finish\/#primaryimage"},"image":{"@id":"https:\/\/laguiole.com\/de\/produit\/laguiole-individual-tischset-in-aubrac-5-stueck-bueffelaermel-glaenzendes-finish\/#primaryimage"},"thumbnailUrl":"https:\/\/laguiole.com\/wp-content\/uploads\/2023\/11\/Set_de_table_individuel_Laguiole_en_Aubrac_5_pieces_Manches_en_Buffle_Finition_Brillante_00.jpg","datePublished":"2023-11-18T19:35:17+00:00","dateModified":"2026-02-03T13:07:35+00:00","description":"Das wundersch\u00f6n gestaltete, individuelle 5-Sitz-Gedeck aus B\u00fcffelhorn dr\u00fcckt Handwerkskunst aus.","breadcrumb":{"@id":"https:\/\/laguiole.com\/de\/produit\/laguiole-individual-tischset-in-aubrac-5-stueck-bueffelaermel-glaenzendes-finish\/#breadcrumb"},"inLanguage":"de","potentialAction":[{"@type":"ReadAction","target":["https:\/\/laguiole.com\/de\/produit\/laguiole-individual-tischset-in-aubrac-5-stueck-bueffelaermel-glaenzendes-finish\/"]}]},{"@type":"ImageObject","inLanguage":"de","@id":"https:\/\/laguiole.com\/de\/produit\/laguiole-individual-tischset-in-aubrac-5-stueck-bueffelaermel-glaenzendes-finish\/#primaryimage","url":"https:\/\/laguiole.com\/wp-content\/uploads\/2023\/11\/Set_de_table_individuel_Laguiole_en_Aubrac_5_pieces_Manches_en_Buffle_Finition_Brillante_00.jpg","contentUrl":"https:\/\/laguiole.com\/wp-content\/uploads\/2023\/11\/Set_de_table_individuel_Laguiole_en_Aubrac_5_pieces_Manches_en_Buffle_Finition_Brillante_00.jpg","width":1033,"height":1033,"caption":"Laguiole Individual Tischset in Aubrac 5 St\u00fcck B\u00fcffel\u00e4rmel Gl\u00e4nzendes Finish"},{"@type":"BreadcrumbList","@id":"https:\/\/laguiole.com\/de\/produit\/laguiole-individual-tischset-in-aubrac-5-stueck-bueffelaermel-glaenzendes-finish\/#breadcrumb","itemListElement":[{"@type":"ListItem","position":1,"name":"Accueil","item":"https:\/\/laguiole.com\/de\/"},{"@type":"ListItem","position":2,"name":"Shop","item":"https:\/\/laguiole.com\/de\/shop-2\/"},{"@type":"ListItem","position":3,"name":"Laguiole Individual Tischset in Aubrac 5 St\u00fcck B\u00fcffel\u00e4rmel Gl\u00e4nzendes Finish"}]},{"@type":"WebSite","@id":"https:\/\/laguiole.com\/de\/#website","url":"https:\/\/laguiole.com\/de\/","name":"Laguiole.com","description":"Laguiole - Couteau laguiole, Chateau Laguiole, Laguiole en Aubrac, Forge de Laguiole","publisher":{"@id":"https:\/\/laguiole.com\/de\/#organization"},"potentialAction":[{"@type":"SearchAction","target":{"@type":"EntryPoint","urlTemplate":"https:\/\/laguiole.com\/de\/?s={search_term_string}"},"query-input":{"@type":"PropertyValueSpecification","valueRequired":true,"valueName":"search_term_string"}}],"inLanguage":"de"},{"@type":"Organization","@id":"https:\/\/laguiole.com\/de\/#organization","name":"Laguiole.com","url":"https:\/\/laguiole.com\/de\/","logo":{"@type":"ImageObject","inLanguage":"de","@id":"https:\/\/laguiole.com\/de\/#\/schema\/logo\/image\/","url":"https:\/\/laguiole.com\/wp-content\/uploads\/2021\/02\/logo_laguiole.com-horizontal.jpg","contentUrl":"https:\/\/laguiole.com\/wp-content\/uploads\/2021\/02\/logo_laguiole.com-horizontal.jpg","width":490,"height":156,"caption":"Laguiole.com"},"image":{"@id":"https:\/\/laguiole.com\/de\/#\/schema\/logo\/image\/"},"sameAs":["https:\/\/www.facebook.com\/laguiolecom\/","https:\/\/www.instagram.com\/laguiolecom\/","https:\/\/www.youtube.com\/@laguiolecom\/videos"]}]}},"_links":{"self":[{"href":"https:\/\/laguiole.com\/de\/wp-json\/wp\/v2\/product\/38838","targetHints":{"allow":["GET"]}}],"collection":[{"href":"https:\/\/laguiole.com\/de\/wp-json\/wp\/v2\/product"}],"about":[{"href":"https:\/\/laguiole.com\/de\/wp-json\/wp\/v2\/types\/product"}],"version-history":[{"count":0,"href":"https:\/\/laguiole.com\/de\/wp-json\/wp\/v2\/product\/38838\/revisions"}],"wp:featuredmedia":[{"embeddable":true,"href":"https:\/\/laguiole.com\/de\/wp-json\/wp\/v2\/media\/38845"}],"wp:attachment":[{"href":"https:\/\/laguiole.com\/de\/wp-json\/wp\/v2\/media?parent=38838"}],"wp:term":[{"taxonomy":"product_brand","embeddable":true,"href":"https:\/\/laguiole.com\/de\/wp-json\/wp\/v2\/product_brand?post=38838"},{"taxonomy":"product_cat","embeddable":true,"href":"https:\/\/laguiole.com\/de\/wp-json\/wp\/v2\/product_cat?post=38838"},{"taxonomy":"product_tag","embeddable":true,"href":"https:\/\/laguiole.com\/de\/wp-json\/wp\/v2\/product_tag?post=38838"}],"curies":[{"name":"wp","href":"https:\/\/api.w.org\/{rel}","templated":true}]}}