{"id":38741,"date":"2024-09-29T14:37:03","date_gmt":"2024-09-29T12:37:03","guid":{"rendered":"https:\/\/laguiole.com\/produit\/laguiole-besteckset-in-aubrac-in-amourette-24-teilig\/"},"modified":"2025-10-22T14:42:14","modified_gmt":"2025-10-22T12:42:14","slug":"laguiole-besteckset-in-aubrac-in-amourette-24-teilig","status":"publish","type":"product","link":"https:\/\/laguiole.com\/de\/produit\/laguiole-besteckset-in-aubrac-in-amourette-24-teilig\/","title":{"rendered":"Laguiole Besteckset in Aubrac in Amourette (24-teilig)"},"content":{"rendered":"<h2 data-start=\"383\" data-end=\"440\">24-teiliges Besteckset aus Amourette \u2013 Laguiole in Aubrac<\/h2>\n<h3 data-start=\"441\" data-end=\"506\">Die nat\u00fcrliche Eleganz von hochwertigem Geschirr<\/h3>\n<p data-start=\"508\" data-end=\"731\">Das <strong data-start=\"511\" data-end=\"565\">24-teilige Besteckset Laguiole en Aubrac verk\u00f6rpert<\/strong> die Noblesse des Holzes und die Exzellenz <strong data-start=\"616\" data-end=\"654\">von hochwertigem Tafelbesteck<\/strong>. Dieses repr\u00e4sentative Ensemble vereint Tradition, Sch\u00f6nheit und franz\u00f6sisches Know-how. <\/p>\n<p data-start=\"733\" data-end=\"1005\"><strong data-start=\"737\" data-end=\"768\">Die Griffe aus Schlangenholz<\/strong> zeichnen sich durch ihre warmen Farbt\u00f6ne und ihre seidige Textur aus. Jedes St\u00fcck ist ein Unikat, das den edlen Charakter dieses Edelholzes offenbart. Ihr nat\u00fcrlicher Glanz und ihre sorgf\u00e4ltige Verarbeitung verleihen jeder Mahlzeit einen Hauch von Eleganz.  <\/p>\n<p data-start=\"1007\" data-end=\"1226\">Der <strong data-start=\"1009\" data-end=\"1046\">hochwertige Edelstahl<\/strong> sorgt f\u00fcr Robustheit und Langlebigkeit. Jedes Besteck vereint Ausgewogenheit, Komfort und zeitloses Design f\u00fcr ein raffiniertes kulinarisches Erlebnis im Alltag und zu besonderen Anl\u00e4ssen. <\/p>\n<h3 data-start=\"1228\" data-end=\"1267\">Ein komplettes und raffiniertes Besteckset<\/h3>\n<p data-start=\"1268\" data-end=\"1309\">Dieses <strong data-start=\"1274\" data-end=\"1296\">24-teilige Besteckset<\/strong> enth\u00e4lt:<\/p>\n<ul data-start=\"1310\" data-end=\"1417\">\n<li data-start=\"1310\" data-end=\"1342\">\n<p data-start=\"1312\" data-end=\"1342\">6 elegante Laguiole Messer<\/p>\n<\/li>\n<li data-start=\"1343\" data-end=\"1370\">\n<p data-start=\"1345\" data-end=\"1370\">6 veredelte Gabeln<\/p>\n<\/li>\n<li data-start=\"1371\" data-end=\"1394\">\n<p data-start=\"1373\" data-end=\"1394\">6 Essl\u00f6ffel<\/p>\n<\/li>\n<li data-start=\"1395\" data-end=\"1417\">\n<p data-start=\"1397\" data-end=\"1417\">6 Teel\u00f6ffel<\/p>\n<\/li>\n<\/ul>\n<p data-start=\"1419\" data-end=\"1589\">Ein komplettes Set, um einen <strong data-start=\"1456\" data-end=\"1489\">eleganten und harmonischen Tisch<\/strong> zu decken. Jedes St\u00fcck tr\u00e4gt die ber\u00fchmte Laguiole-Biene, ein Symbol f\u00fcr Authentizit\u00e4t und h\u00f6chste Qualit\u00e4t. <\/p>\n<h3 data-start=\"1591\" data-end=\"1620\">Wartung und Haltbarkeit<\/h3>\n<p data-start=\"1621\" data-end=\"1819\">Um die Sch\u00f6nheit des Schlangenholzes zu erhalten, <strong data-start=\"1667\" data-end=\"1699\">waschen Sie Ihr Besteck von Hand<\/strong> und <strong data-start=\"1703\" data-end=\"1731\">trocknen Sie es sofort<\/strong>. Vermeiden Sie die Sp\u00fclmaschine und l\u00e4ngeres Einweichen, um ihren nat\u00fcrlichen Glanz zu erhalten. <\/p>\n<p data-start=\"1821\" data-end=\"2006\">G\u00f6nnen Sie Ihrer Tafel die perfekte Kombination aus <strong data-start=\"1868\" data-end=\"1890\">franz\u00f6sischer Handwerkskunst<\/strong>, <strong data-start=\"1892\" data-end=\"1912\">edlen Materialien<\/strong> und <strong data-start=\"1916\" data-end=\"1946\">franz\u00f6sischer Raffinesse<\/strong> mit dem 24-teiligen Besteckset Laguiole en Aubrac in love.<\/p>\n","protected":false},"excerpt":{"rendered":"<p>Laguiole 24-teiliges Besteckset Laguiole in Aubrac<br \/>\nGriffe: Amourette<br \/>\nLaguiole Besteckset 24-teilig, einschlie\u00dflich:<\/p>\n<p>&#8211; 6 Tafelmesser<br \/>\n&#8211; 6 Tafelgabeln<br \/>\n&#8211; 6 Essl\u00f6ffel- 6<\/p>\n<p>Essl\u00f6ffel<br \/>\n Hochwertige handgefertigte Laguiole in Aubrac<\/p>\n","protected":false},"featured_media":38742,"template":"","meta":{"_acf_changed":false,"_monsterinsights_skip_tracking":false,"_monsterinsights_sitenote_active":false,"_monsterinsights_sitenote_note":"","_monsterinsights_sitenote_category":0},"product_brand":[],"product_cat":[5955,5959],"product_tag":[],"class_list":{"0":"post-38741","1":"product","2":"type-product","3":"status-publish","4":"has-post-thumbnail","6":"product_cat-laguiole-tafelbesteck","7":"product_cat-besteckkasten","8":"pa_finition-brillant","9":"pa_manche-en-bois-amourette","10":"pa_marque-laguiole-en-aubracfr","11":"tm-has-options","14":"instock","15":"taxable","16":"shipping-taxable","17":"purchasable","18":"product-type-simple"},"supplier_id":null,"supplier_sku":"","barcode":null,"atum_controlled":true,"out_stock_date":null,"out_stock_threshold":null,"inheritable":false,"inbound_stock":0,"stock_on_hold":0,"sold_today":0,"sales_last_days":0,"reserved_stock":0,"customer_returns":0,"warehouse_damage":0,"lost_in_post":0,"other_logs":0,"out_stock_days":0,"lost_sales":0,"has_location":false,"update_date":"2026-05-02T00:41:46","atum_locations":[],"atum_stock_status":"instock","restock_status":false,"low_stock_amount":"","sales_update_date":"2026-05-02T00:41:46","calc_backorders":0,"acf":[],"yoast_head":"<!-- This site is optimized with the Yoast SEO plugin v27.3 - https:\/\/yoast.com\/product\/yoast-seo-wordpress\/ -->\n<title>Laguiole Besteckset in Aubrac in Amourette (24-teilig) - Laguiole.com \u00ae<\/title>\n<meta name=\"description\" content=\"Bringen Sie Eleganz und Authentizit\u00e4t auf Ihren Tisch mit dem 24-teiligen Besteckset Laguiole en Aubrac, einem Symbol f\u00fcr franz\u00f6sisches High-End-Know-how.\" \/>\n<meta name=\"robots\" content=\"index, follow, max-snippet:-1, max-image-preview:large, max-video-preview:-1\" \/>\n<link rel=\"canonical\" href=\"https:\/\/laguiole.com\/de\/produit\/laguiole-besteckset-in-aubrac-in-amourette-24-teilig\/\" \/>\n<meta property=\"og:locale\" content=\"de_DE\" \/>\n<meta property=\"og:type\" content=\"article\" \/>\n<meta property=\"og:title\" content=\"Laguiole Besteckset in Aubrac in Amourette (24-teilig) - Laguiole.com \u00ae\" \/>\n<meta property=\"og:description\" content=\"Bringen Sie Eleganz und Authentizit\u00e4t auf Ihren Tisch mit dem 24-teiligen Besteckset Laguiole en Aubrac, einem Symbol f\u00fcr franz\u00f6sisches High-End-Know-how.\" \/>\n<meta property=\"og:url\" content=\"https:\/\/laguiole.com\/de\/produit\/laguiole-besteckset-in-aubrac-in-amourette-24-teilig\/\" \/>\n<meta property=\"og:site_name\" content=\"Laguiole.com \u00ae\" \/>\n<meta property=\"article:publisher\" content=\"https:\/\/www.facebook.com\/laguiolecom\/\" \/>\n<meta property=\"article:modified_time\" content=\"2025-10-22T12:42:14+00:00\" \/>\n<meta property=\"og:image\" content=\"https:\/\/laguiole.com\/wp-content\/uploads\/2024\/09\/menagere_24p_Laguiole_en_Aubrac_Amourette_00.jpg\" \/>\n\t<meta property=\"og:image:width\" content=\"1033\" \/>\n\t<meta property=\"og:image:height\" content=\"1033\" \/>\n\t<meta property=\"og:image:type\" content=\"image\/jpeg\" \/>\n<meta name=\"twitter:card\" content=\"summary_large_image\" \/>\n<meta name=\"twitter:label1\" content=\"Gesch\u00e4tzte Lesezeit\" \/>\n\t<meta name=\"twitter:data1\" content=\"1\u00a0Minute\" \/>\n<script type=\"application\/ld+json\" class=\"yoast-schema-graph\">{\"@context\":\"https:\\\/\\\/schema.org\",\"@graph\":[{\"@type\":\"WebPage\",\"@id\":\"https:\\\/\\\/laguiole.com\\\/de\\\/produit\\\/laguiole-besteckset-in-aubrac-in-amourette-24-teilig\\\/\",\"url\":\"https:\\\/\\\/laguiole.com\\\/de\\\/produit\\\/laguiole-besteckset-in-aubrac-in-amourette-24-teilig\\\/\",\"name\":\"Laguiole Besteckset in Aubrac in Amourette (24-teilig) - Laguiole.com \u00ae\",\"isPartOf\":{\"@id\":\"https:\\\/\\\/laguiole.com\\\/de\\\/#website\"},\"primaryImageOfPage\":{\"@id\":\"https:\\\/\\\/laguiole.com\\\/de\\\/produit\\\/laguiole-besteckset-in-aubrac-in-amourette-24-teilig\\\/#primaryimage\"},\"image\":{\"@id\":\"https:\\\/\\\/laguiole.com\\\/de\\\/produit\\\/laguiole-besteckset-in-aubrac-in-amourette-24-teilig\\\/#primaryimage\"},\"thumbnailUrl\":\"https:\\\/\\\/laguiole.com\\\/wp-content\\\/uploads\\\/2024\\\/09\\\/menagere_24p_Laguiole_en_Aubrac_Amourette_00.jpg\",\"datePublished\":\"2024-09-29T12:37:03+00:00\",\"dateModified\":\"2025-10-22T12:42:14+00:00\",\"description\":\"Bringen Sie Eleganz und Authentizit\u00e4t auf Ihren Tisch mit dem 24-teiligen Besteckset Laguiole en Aubrac, einem Symbol f\u00fcr franz\u00f6sisches High-End-Know-how.\",\"breadcrumb\":{\"@id\":\"https:\\\/\\\/laguiole.com\\\/de\\\/produit\\\/laguiole-besteckset-in-aubrac-in-amourette-24-teilig\\\/#breadcrumb\"},\"inLanguage\":\"de\",\"potentialAction\":[{\"@type\":\"ReadAction\",\"target\":[\"https:\\\/\\\/laguiole.com\\\/de\\\/produit\\\/laguiole-besteckset-in-aubrac-in-amourette-24-teilig\\\/\"]}]},{\"@type\":\"ImageObject\",\"inLanguage\":\"de\",\"@id\":\"https:\\\/\\\/laguiole.com\\\/de\\\/produit\\\/laguiole-besteckset-in-aubrac-in-amourette-24-teilig\\\/#primaryimage\",\"url\":\"https:\\\/\\\/laguiole.com\\\/wp-content\\\/uploads\\\/2024\\\/09\\\/menagere_24p_Laguiole_en_Aubrac_Amourette_00.jpg\",\"contentUrl\":\"https:\\\/\\\/laguiole.com\\\/wp-content\\\/uploads\\\/2024\\\/09\\\/menagere_24p_Laguiole_en_Aubrac_Amourette_00.jpg\",\"width\":1033,\"height\":1033,\"caption\":\"Laguiole Besteckset in Aubrac in Amourette (24-teilig)\"},{\"@type\":\"BreadcrumbList\",\"@id\":\"https:\\\/\\\/laguiole.com\\\/de\\\/produit\\\/laguiole-besteckset-in-aubrac-in-amourette-24-teilig\\\/#breadcrumb\",\"itemListElement\":[{\"@type\":\"ListItem\",\"position\":1,\"name\":\"Accueil\",\"item\":\"https:\\\/\\\/laguiole.com\\\/de\\\/\"},{\"@type\":\"ListItem\",\"position\":2,\"name\":\"Shop\",\"item\":\"https:\\\/\\\/laguiole.com\\\/de\\\/shop-2\\\/\"},{\"@type\":\"ListItem\",\"position\":3,\"name\":\"Laguiole Besteckset in Aubrac in Amourette (24-teilig)\"}]},{\"@type\":\"WebSite\",\"@id\":\"https:\\\/\\\/laguiole.com\\\/de\\\/#website\",\"url\":\"https:\\\/\\\/laguiole.com\\\/de\\\/\",\"name\":\"Laguiole.com\",\"description\":\"Laguiole - Couteau laguiole, Chateau Laguiole, Laguiole en Aubrac, Forge de Laguiole\",\"publisher\":{\"@id\":\"https:\\\/\\\/laguiole.com\\\/de\\\/#organization\"},\"potentialAction\":[{\"@type\":\"SearchAction\",\"target\":{\"@type\":\"EntryPoint\",\"urlTemplate\":\"https:\\\/\\\/laguiole.com\\\/de\\\/?s={search_term_string}\"},\"query-input\":{\"@type\":\"PropertyValueSpecification\",\"valueRequired\":true,\"valueName\":\"search_term_string\"}}],\"inLanguage\":\"de\"},{\"@type\":\"Organization\",\"@id\":\"https:\\\/\\\/laguiole.com\\\/de\\\/#organization\",\"name\":\"Laguiole.com\",\"url\":\"https:\\\/\\\/laguiole.com\\\/de\\\/\",\"logo\":{\"@type\":\"ImageObject\",\"inLanguage\":\"de\",\"@id\":\"https:\\\/\\\/laguiole.com\\\/de\\\/#\\\/schema\\\/logo\\\/image\\\/\",\"url\":\"https:\\\/\\\/laguiole.com\\\/wp-content\\\/uploads\\\/2021\\\/02\\\/logo_laguiole.com-horizontal.jpg\",\"contentUrl\":\"https:\\\/\\\/laguiole.com\\\/wp-content\\\/uploads\\\/2021\\\/02\\\/logo_laguiole.com-horizontal.jpg\",\"width\":490,\"height\":156,\"caption\":\"Laguiole.com\"},\"image\":{\"@id\":\"https:\\\/\\\/laguiole.com\\\/de\\\/#\\\/schema\\\/logo\\\/image\\\/\"},\"sameAs\":[\"https:\\\/\\\/www.facebook.com\\\/laguiolecom\\\/\",\"https:\\\/\\\/www.instagram.com\\\/laguiolecom\\\/\",\"https:\\\/\\\/www.youtube.com\\\/@laguiolecom\\\/videos\"]}]}<\/script>\n<!-- \/ Yoast SEO plugin. -->","yoast_head_json":{"title":"Laguiole Besteckset in Aubrac in Amourette (24-teilig) - Laguiole.com \u00ae","description":"Bringen Sie Eleganz und Authentizit\u00e4t auf Ihren Tisch mit dem 24-teiligen Besteckset Laguiole en Aubrac, einem Symbol f\u00fcr franz\u00f6sisches High-End-Know-how.","robots":{"index":"index","follow":"follow","max-snippet":"max-snippet:-1","max-image-preview":"max-image-preview:large","max-video-preview":"max-video-preview:-1"},"canonical":"https:\/\/laguiole.com\/de\/produit\/laguiole-besteckset-in-aubrac-in-amourette-24-teilig\/","og_locale":"de_DE","og_type":"article","og_title":"Laguiole Besteckset in Aubrac in Amourette (24-teilig) - Laguiole.com \u00ae","og_description":"Bringen Sie Eleganz und Authentizit\u00e4t auf Ihren Tisch mit dem 24-teiligen Besteckset Laguiole en Aubrac, einem Symbol f\u00fcr franz\u00f6sisches High-End-Know-how.","og_url":"https:\/\/laguiole.com\/de\/produit\/laguiole-besteckset-in-aubrac-in-amourette-24-teilig\/","og_site_name":"Laguiole.com \u00ae","article_publisher":"https:\/\/www.facebook.com\/laguiolecom\/","article_modified_time":"2025-10-22T12:42:14+00:00","og_image":[{"width":1033,"height":1033,"url":"https:\/\/laguiole.com\/wp-content\/uploads\/2024\/09\/menagere_24p_Laguiole_en_Aubrac_Amourette_00.jpg","type":"image\/jpeg"}],"twitter_card":"summary_large_image","twitter_misc":{"Gesch\u00e4tzte Lesezeit":"1\u00a0Minute"},"schema":{"@context":"https:\/\/schema.org","@graph":[{"@type":"WebPage","@id":"https:\/\/laguiole.com\/de\/produit\/laguiole-besteckset-in-aubrac-in-amourette-24-teilig\/","url":"https:\/\/laguiole.com\/de\/produit\/laguiole-besteckset-in-aubrac-in-amourette-24-teilig\/","name":"Laguiole Besteckset in Aubrac in Amourette (24-teilig) - Laguiole.com \u00ae","isPartOf":{"@id":"https:\/\/laguiole.com\/de\/#website"},"primaryImageOfPage":{"@id":"https:\/\/laguiole.com\/de\/produit\/laguiole-besteckset-in-aubrac-in-amourette-24-teilig\/#primaryimage"},"image":{"@id":"https:\/\/laguiole.com\/de\/produit\/laguiole-besteckset-in-aubrac-in-amourette-24-teilig\/#primaryimage"},"thumbnailUrl":"https:\/\/laguiole.com\/wp-content\/uploads\/2024\/09\/menagere_24p_Laguiole_en_Aubrac_Amourette_00.jpg","datePublished":"2024-09-29T12:37:03+00:00","dateModified":"2025-10-22T12:42:14+00:00","description":"Bringen Sie Eleganz und Authentizit\u00e4t auf Ihren Tisch mit dem 24-teiligen Besteckset Laguiole en Aubrac, einem Symbol f\u00fcr franz\u00f6sisches High-End-Know-how.","breadcrumb":{"@id":"https:\/\/laguiole.com\/de\/produit\/laguiole-besteckset-in-aubrac-in-amourette-24-teilig\/#breadcrumb"},"inLanguage":"de","potentialAction":[{"@type":"ReadAction","target":["https:\/\/laguiole.com\/de\/produit\/laguiole-besteckset-in-aubrac-in-amourette-24-teilig\/"]}]},{"@type":"ImageObject","inLanguage":"de","@id":"https:\/\/laguiole.com\/de\/produit\/laguiole-besteckset-in-aubrac-in-amourette-24-teilig\/#primaryimage","url":"https:\/\/laguiole.com\/wp-content\/uploads\/2024\/09\/menagere_24p_Laguiole_en_Aubrac_Amourette_00.jpg","contentUrl":"https:\/\/laguiole.com\/wp-content\/uploads\/2024\/09\/menagere_24p_Laguiole_en_Aubrac_Amourette_00.jpg","width":1033,"height":1033,"caption":"Laguiole Besteckset in Aubrac in Amourette (24-teilig)"},{"@type":"BreadcrumbList","@id":"https:\/\/laguiole.com\/de\/produit\/laguiole-besteckset-in-aubrac-in-amourette-24-teilig\/#breadcrumb","itemListElement":[{"@type":"ListItem","position":1,"name":"Accueil","item":"https:\/\/laguiole.com\/de\/"},{"@type":"ListItem","position":2,"name":"Shop","item":"https:\/\/laguiole.com\/de\/shop-2\/"},{"@type":"ListItem","position":3,"name":"Laguiole Besteckset in Aubrac in Amourette (24-teilig)"}]},{"@type":"WebSite","@id":"https:\/\/laguiole.com\/de\/#website","url":"https:\/\/laguiole.com\/de\/","name":"Laguiole.com","description":"Laguiole - Couteau laguiole, Chateau Laguiole, Laguiole en Aubrac, Forge de Laguiole","publisher":{"@id":"https:\/\/laguiole.com\/de\/#organization"},"potentialAction":[{"@type":"SearchAction","target":{"@type":"EntryPoint","urlTemplate":"https:\/\/laguiole.com\/de\/?s={search_term_string}"},"query-input":{"@type":"PropertyValueSpecification","valueRequired":true,"valueName":"search_term_string"}}],"inLanguage":"de"},{"@type":"Organization","@id":"https:\/\/laguiole.com\/de\/#organization","name":"Laguiole.com","url":"https:\/\/laguiole.com\/de\/","logo":{"@type":"ImageObject","inLanguage":"de","@id":"https:\/\/laguiole.com\/de\/#\/schema\/logo\/image\/","url":"https:\/\/laguiole.com\/wp-content\/uploads\/2021\/02\/logo_laguiole.com-horizontal.jpg","contentUrl":"https:\/\/laguiole.com\/wp-content\/uploads\/2021\/02\/logo_laguiole.com-horizontal.jpg","width":490,"height":156,"caption":"Laguiole.com"},"image":{"@id":"https:\/\/laguiole.com\/de\/#\/schema\/logo\/image\/"},"sameAs":["https:\/\/www.facebook.com\/laguiolecom\/","https:\/\/www.instagram.com\/laguiolecom\/","https:\/\/www.youtube.com\/@laguiolecom\/videos"]}]}},"_links":{"self":[{"href":"https:\/\/laguiole.com\/de\/wp-json\/wp\/v2\/product\/38741","targetHints":{"allow":["GET"]}}],"collection":[{"href":"https:\/\/laguiole.com\/de\/wp-json\/wp\/v2\/product"}],"about":[{"href":"https:\/\/laguiole.com\/de\/wp-json\/wp\/v2\/types\/product"}],"version-history":[{"count":1,"href":"https:\/\/laguiole.com\/de\/wp-json\/wp\/v2\/product\/38741\/revisions"}],"predecessor-version":[{"id":43816,"href":"https:\/\/laguiole.com\/de\/wp-json\/wp\/v2\/product\/38741\/revisions\/43816"}],"wp:featuredmedia":[{"embeddable":true,"href":"https:\/\/laguiole.com\/de\/wp-json\/wp\/v2\/media\/38742"}],"wp:attachment":[{"href":"https:\/\/laguiole.com\/de\/wp-json\/wp\/v2\/media?parent=38741"}],"wp:term":[{"taxonomy":"product_brand","embeddable":true,"href":"https:\/\/laguiole.com\/de\/wp-json\/wp\/v2\/product_brand?post=38741"},{"taxonomy":"product_cat","embeddable":true,"href":"https:\/\/laguiole.com\/de\/wp-json\/wp\/v2\/product_cat?post=38741"},{"taxonomy":"product_tag","embeddable":true,"href":"https:\/\/laguiole.com\/de\/wp-json\/wp\/v2\/product_tag?post=38741"}],"curies":[{"name":"wp","href":"https:\/\/api.w.org\/{rel}","templated":true}]}}