{"id":38730,"date":"2024-06-02T15:13:06","date_gmt":"2024-06-02T13:13:06","guid":{"rendered":"https:\/\/laguiole.com\/produit\/laguiole-prestige-messer-in-aubrac-1-stueck-12-cm-vollgriff-aus-birke-masergruen-gebeizt-feder-hand-guillochiert-federblau-stilisierte-fliege-damastklinge\/"},"modified":"2025-10-03T18:08:29","modified_gmt":"2025-10-03T16:08:29","slug":"laguiole-prestige-messer-in-aubrac-1-stueck-12-cm-vollgriff-aus-birke-masergruen-gebeizt-feder-hand-guillochiert-federblau-stilisierte-fliege-damastklinge","status":"publish","type":"product","link":"https:\/\/laguiole.com\/de\/produit\/laguiole-prestige-messer-in-aubrac-1-stueck-12-cm-vollgriff-aus-birke-masergruen-gebeizt-feder-hand-guillochiert-federblau-stilisierte-fliege-damastklinge\/","title":{"rendered":"Laguiole Prestige Messer in Aubrac 1 St\u00fcck 12 cm Vollgriff aus Birke Masergr\u00fcn gebeizt Feder Hand guillochiert Federblau stilisierte Fliege Damastklinge"},"content":{"rendered":"","protected":false},"excerpt":{"rendered":"<p>Laguiole Klappmesser aus Aubrac<br \/>\nBirke Maserholz Griff Gr\u00fcn gebeizt<br \/>\nVollstiel<br \/>\nDamastklinge ohne Lasche<br \/>\nHand Guillochiert<br \/>\nFeder Geb\u00fcrsteter<br \/>\nEdelstahl Platten Blaue<br \/>\nFliegenabstandshalter: Stilisierte Bienendekoration Von Hand<br \/>\ngeschmiedet Einzigartiger Designer<br \/>\nPierre Martin<\/p>\n<p>Klingenl\u00e4nge 10 cm<br \/>\nGeschlossene Messerl\u00e4nge 12 cm<br \/>\nOffene Messerl\u00e4nge 22 cm<\/p>\n","protected":false},"featured_media":38733,"template":"","meta":{"_acf_changed":false,"_monsterinsights_skip_tracking":false,"_monsterinsights_sitenote_active":false,"_monsterinsights_sitenote_note":"","_monsterinsights_sitenote_category":0},"product_brand":[],"product_cat":[5938,5939,5943],"product_tag":[],"class_list":{"0":"post-38730","1":"product","2":"type-product","3":"status-publish","4":"has-post-thumbnail","6":"product_cat-klappmesser","7":"product_cat-laguiole-klappmesser","8":"product_cat-laguiole-prestiges-messer","9":"pa_composition-couteau-1-stueck-nur-klinge","10":"pa_finition-brillant","11":"pa_lame-damaskus","12":"pa_manche-en-bois-gemeine-birke","13":"pa_marque-laguiole-en-aubracfr","14":"pa_mitres-ohne-gehrung-vollstaendige-huelse","15":"pa_mouche-geschmiedet","16":"pa_mouche-prestige","17":"pa_platines-einzelplatin","18":"pa_ressort-guilloche","19":"pa_taille-du-manche-12-cm","20":"tm-no-options","23":"instock","24":"taxable","25":"shipping-taxable","26":"purchasable","27":"product-type-simple"},"supplier_id":null,"supplier_sku":"","barcode":null,"atum_controlled":true,"out_stock_date":null,"out_stock_threshold":null,"inheritable":false,"inbound_stock":0,"stock_on_hold":0,"sold_today":0,"sales_last_days":0,"reserved_stock":0,"customer_returns":0,"warehouse_damage":0,"lost_in_post":0,"other_logs":0,"out_stock_days":0,"lost_sales":0,"has_location":false,"update_date":"2026-05-02T00:41:36","atum_locations":[],"atum_stock_status":"instock","restock_status":false,"low_stock_amount":"","sales_update_date":"2026-05-02T00:41:36","calc_backorders":0,"acf":[],"yoast_head":"<!-- This site is optimized with the Yoast SEO plugin v27.3 - https:\/\/yoast.com\/product\/yoast-seo-wordpress\/ -->\n<title>Laguiole Prestige Messer in Aubrac 1 St\u00fcck 12 cm Vollgriff aus Birke Masergr\u00fcn gebeizt Feder Hand guillochiert Federblau stilisierte Fliege Damastklinge - Laguiole.com \u00ae<\/title>\n<meta name=\"robots\" content=\"index, follow, max-snippet:-1, max-image-preview:large, max-video-preview:-1\" \/>\n<link rel=\"canonical\" href=\"https:\/\/laguiole.com\/de\/produit\/laguiole-prestige-messer-in-aubrac-1-stueck-12-cm-vollgriff-aus-birke-masergruen-gebeizt-feder-hand-guillochiert-federblau-stilisierte-fliege-damastklinge\/\" \/>\n<meta property=\"og:locale\" content=\"de_DE\" \/>\n<meta property=\"og:type\" content=\"article\" \/>\n<meta property=\"og:title\" content=\"Laguiole Prestige Messer in Aubrac 1 St\u00fcck 12 cm Vollgriff aus Birke Masergr\u00fcn gebeizt Feder Hand guillochiert Federblau stilisierte Fliege Damastklinge - Laguiole.com \u00ae\" \/>\n<meta property=\"og:description\" content=\"Laguiole Klappmesser aus Aubrac Birke Maserholz Griff Gr\u00fcn gebeizt Vollstiel Damastklinge ohne Lasche Hand Guillochiert Feder Geb\u00fcrsteter Edelstahl Platten Blaue Fliegenabstandshalter: Stilisierte Bienendekoration Von Hand geschmiedet Einzigartiger Designer Pierre Martin Klingenl\u00e4nge 10 cm Geschlossene Messerl\u00e4nge 12 cm Offene Messerl\u00e4nge 22 cm\" \/>\n<meta property=\"og:url\" content=\"https:\/\/laguiole.com\/de\/produit\/laguiole-prestige-messer-in-aubrac-1-stueck-12-cm-vollgriff-aus-birke-masergruen-gebeizt-feder-hand-guillochiert-federblau-stilisierte-fliege-damastklinge\/\" \/>\n<meta property=\"og:site_name\" content=\"Laguiole.com \u00ae\" \/>\n<meta property=\"article:publisher\" content=\"https:\/\/www.facebook.com\/laguiolecom\/\" \/>\n<meta property=\"article:modified_time\" content=\"2025-10-03T16:08:29+00:00\" \/>\n<meta property=\"og:image\" content=\"https:\/\/laguiole.com\/wp-content\/uploads\/2024\/06\/Couteau_Prestige_Laguiole_en_Aubrac_1_Piece_12_cm_Plein_Manche_en_Loupe_de_Bouleau_Teinte_Vert_Ressort_Guilloche_a_la_main_Entretoises_Bleue_Mouche_Stylisee_Lame_Damas_0.jpg\" \/>\n\t<meta property=\"og:image:width\" content=\"1033\" \/>\n\t<meta property=\"og:image:height\" content=\"1033\" \/>\n\t<meta property=\"og:image:type\" content=\"image\/jpeg\" \/>\n<meta name=\"twitter:card\" content=\"summary_large_image\" \/>\n<script type=\"application\/ld+json\" class=\"yoast-schema-graph\">{\"@context\":\"https:\\\/\\\/schema.org\",\"@graph\":[{\"@type\":\"WebPage\",\"@id\":\"https:\\\/\\\/laguiole.com\\\/de\\\/produit\\\/laguiole-prestige-messer-in-aubrac-1-stueck-12-cm-vollgriff-aus-birke-masergruen-gebeizt-feder-hand-guillochiert-federblau-stilisierte-fliege-damastklinge\\\/\",\"url\":\"https:\\\/\\\/laguiole.com\\\/de\\\/produit\\\/laguiole-prestige-messer-in-aubrac-1-stueck-12-cm-vollgriff-aus-birke-masergruen-gebeizt-feder-hand-guillochiert-federblau-stilisierte-fliege-damastklinge\\\/\",\"name\":\"Laguiole Prestige Messer in Aubrac 1 St\u00fcck 12 cm Vollgriff aus Birke Masergr\u00fcn gebeizt Feder Hand guillochiert Federblau stilisierte Fliege Damastklinge - Laguiole.com \u00ae\",\"isPartOf\":{\"@id\":\"https:\\\/\\\/laguiole.com\\\/de\\\/#website\"},\"primaryImageOfPage\":{\"@id\":\"https:\\\/\\\/laguiole.com\\\/de\\\/produit\\\/laguiole-prestige-messer-in-aubrac-1-stueck-12-cm-vollgriff-aus-birke-masergruen-gebeizt-feder-hand-guillochiert-federblau-stilisierte-fliege-damastklinge\\\/#primaryimage\"},\"image\":{\"@id\":\"https:\\\/\\\/laguiole.com\\\/de\\\/produit\\\/laguiole-prestige-messer-in-aubrac-1-stueck-12-cm-vollgriff-aus-birke-masergruen-gebeizt-feder-hand-guillochiert-federblau-stilisierte-fliege-damastklinge\\\/#primaryimage\"},\"thumbnailUrl\":\"https:\\\/\\\/laguiole.com\\\/wp-content\\\/uploads\\\/2024\\\/06\\\/Couteau_Prestige_Laguiole_en_Aubrac_1_Piece_12_cm_Plein_Manche_en_Loupe_de_Bouleau_Teinte_Vert_Ressort_Guilloche_a_la_main_Entretoises_Bleue_Mouche_Stylisee_Lame_Damas_0.jpg\",\"datePublished\":\"2024-06-02T13:13:06+00:00\",\"dateModified\":\"2025-10-03T16:08:29+00:00\",\"breadcrumb\":{\"@id\":\"https:\\\/\\\/laguiole.com\\\/de\\\/produit\\\/laguiole-prestige-messer-in-aubrac-1-stueck-12-cm-vollgriff-aus-birke-masergruen-gebeizt-feder-hand-guillochiert-federblau-stilisierte-fliege-damastklinge\\\/#breadcrumb\"},\"inLanguage\":\"de\",\"potentialAction\":[{\"@type\":\"ReadAction\",\"target\":[\"https:\\\/\\\/laguiole.com\\\/de\\\/produit\\\/laguiole-prestige-messer-in-aubrac-1-stueck-12-cm-vollgriff-aus-birke-masergruen-gebeizt-feder-hand-guillochiert-federblau-stilisierte-fliege-damastklinge\\\/\"]}]},{\"@type\":\"ImageObject\",\"inLanguage\":\"de\",\"@id\":\"https:\\\/\\\/laguiole.com\\\/de\\\/produit\\\/laguiole-prestige-messer-in-aubrac-1-stueck-12-cm-vollgriff-aus-birke-masergruen-gebeizt-feder-hand-guillochiert-federblau-stilisierte-fliege-damastklinge\\\/#primaryimage\",\"url\":\"https:\\\/\\\/laguiole.com\\\/wp-content\\\/uploads\\\/2024\\\/06\\\/Couteau_Prestige_Laguiole_en_Aubrac_1_Piece_12_cm_Plein_Manche_en_Loupe_de_Bouleau_Teinte_Vert_Ressort_Guilloche_a_la_main_Entretoises_Bleue_Mouche_Stylisee_Lame_Damas_0.jpg\",\"contentUrl\":\"https:\\\/\\\/laguiole.com\\\/wp-content\\\/uploads\\\/2024\\\/06\\\/Couteau_Prestige_Laguiole_en_Aubrac_1_Piece_12_cm_Plein_Manche_en_Loupe_de_Bouleau_Teinte_Vert_Ressort_Guilloche_a_la_main_Entretoises_Bleue_Mouche_Stylisee_Lame_Damas_0.jpg\",\"width\":1033,\"height\":1033,\"caption\":\"Laguiole Prestige Messer in Aubrac 1 St\u00fcck 12 cm Vollgriff aus Birke Masergr\u00fcn gebeizt Feder Hand guillochiert Federblau stilisierte Fliege Damastklinge\"},{\"@type\":\"BreadcrumbList\",\"@id\":\"https:\\\/\\\/laguiole.com\\\/de\\\/produit\\\/laguiole-prestige-messer-in-aubrac-1-stueck-12-cm-vollgriff-aus-birke-masergruen-gebeizt-feder-hand-guillochiert-federblau-stilisierte-fliege-damastklinge\\\/#breadcrumb\",\"itemListElement\":[{\"@type\":\"ListItem\",\"position\":1,\"name\":\"Accueil\",\"item\":\"https:\\\/\\\/laguiole.com\\\/de\\\/\"},{\"@type\":\"ListItem\",\"position\":2,\"name\":\"Shop\",\"item\":\"https:\\\/\\\/laguiole.com\\\/de\\\/shop-2\\\/\"},{\"@type\":\"ListItem\",\"position\":3,\"name\":\"Laguiole Prestige Messer in Aubrac 1 St\u00fcck 12 cm Vollgriff aus Birke Masergr\u00fcn gebeizt Feder Hand guillochiert Federblau stilisierte Fliege Damastklinge\"}]},{\"@type\":\"WebSite\",\"@id\":\"https:\\\/\\\/laguiole.com\\\/de\\\/#website\",\"url\":\"https:\\\/\\\/laguiole.com\\\/de\\\/\",\"name\":\"Laguiole.com\",\"description\":\"Laguiole - Couteau laguiole, Chateau Laguiole, Laguiole en Aubrac, Forge de Laguiole\",\"publisher\":{\"@id\":\"https:\\\/\\\/laguiole.com\\\/de\\\/#organization\"},\"potentialAction\":[{\"@type\":\"SearchAction\",\"target\":{\"@type\":\"EntryPoint\",\"urlTemplate\":\"https:\\\/\\\/laguiole.com\\\/de\\\/?s={search_term_string}\"},\"query-input\":{\"@type\":\"PropertyValueSpecification\",\"valueRequired\":true,\"valueName\":\"search_term_string\"}}],\"inLanguage\":\"de\"},{\"@type\":\"Organization\",\"@id\":\"https:\\\/\\\/laguiole.com\\\/de\\\/#organization\",\"name\":\"Laguiole.com\",\"url\":\"https:\\\/\\\/laguiole.com\\\/de\\\/\",\"logo\":{\"@type\":\"ImageObject\",\"inLanguage\":\"de\",\"@id\":\"https:\\\/\\\/laguiole.com\\\/de\\\/#\\\/schema\\\/logo\\\/image\\\/\",\"url\":\"https:\\\/\\\/laguiole.com\\\/wp-content\\\/uploads\\\/2021\\\/02\\\/logo_laguiole.com-horizontal.jpg\",\"contentUrl\":\"https:\\\/\\\/laguiole.com\\\/wp-content\\\/uploads\\\/2021\\\/02\\\/logo_laguiole.com-horizontal.jpg\",\"width\":490,\"height\":156,\"caption\":\"Laguiole.com\"},\"image\":{\"@id\":\"https:\\\/\\\/laguiole.com\\\/de\\\/#\\\/schema\\\/logo\\\/image\\\/\"},\"sameAs\":[\"https:\\\/\\\/www.facebook.com\\\/laguiolecom\\\/\",\"https:\\\/\\\/www.instagram.com\\\/laguiolecom\\\/\",\"https:\\\/\\\/www.youtube.com\\\/@laguiolecom\\\/videos\"]}]}<\/script>\n<!-- \/ Yoast SEO plugin. -->","yoast_head_json":{"title":"Laguiole Prestige Messer in Aubrac 1 St\u00fcck 12 cm Vollgriff aus Birke Masergr\u00fcn gebeizt Feder Hand guillochiert Federblau stilisierte Fliege Damastklinge - Laguiole.com \u00ae","robots":{"index":"index","follow":"follow","max-snippet":"max-snippet:-1","max-image-preview":"max-image-preview:large","max-video-preview":"max-video-preview:-1"},"canonical":"https:\/\/laguiole.com\/de\/produit\/laguiole-prestige-messer-in-aubrac-1-stueck-12-cm-vollgriff-aus-birke-masergruen-gebeizt-feder-hand-guillochiert-federblau-stilisierte-fliege-damastklinge\/","og_locale":"de_DE","og_type":"article","og_title":"Laguiole Prestige Messer in Aubrac 1 St\u00fcck 12 cm Vollgriff aus Birke Masergr\u00fcn gebeizt Feder Hand guillochiert Federblau stilisierte Fliege Damastklinge - Laguiole.com \u00ae","og_description":"Laguiole Klappmesser aus Aubrac Birke Maserholz Griff Gr\u00fcn gebeizt Vollstiel Damastklinge ohne Lasche Hand Guillochiert Feder Geb\u00fcrsteter Edelstahl Platten Blaue Fliegenabstandshalter: Stilisierte Bienendekoration Von Hand geschmiedet Einzigartiger Designer Pierre Martin Klingenl\u00e4nge 10 cm Geschlossene Messerl\u00e4nge 12 cm Offene Messerl\u00e4nge 22 cm","og_url":"https:\/\/laguiole.com\/de\/produit\/laguiole-prestige-messer-in-aubrac-1-stueck-12-cm-vollgriff-aus-birke-masergruen-gebeizt-feder-hand-guillochiert-federblau-stilisierte-fliege-damastklinge\/","og_site_name":"Laguiole.com \u00ae","article_publisher":"https:\/\/www.facebook.com\/laguiolecom\/","article_modified_time":"2025-10-03T16:08:29+00:00","og_image":[{"width":1033,"height":1033,"url":"https:\/\/laguiole.com\/wp-content\/uploads\/2024\/06\/Couteau_Prestige_Laguiole_en_Aubrac_1_Piece_12_cm_Plein_Manche_en_Loupe_de_Bouleau_Teinte_Vert_Ressort_Guilloche_a_la_main_Entretoises_Bleue_Mouche_Stylisee_Lame_Damas_0.jpg","type":"image\/jpeg"}],"twitter_card":"summary_large_image","schema":{"@context":"https:\/\/schema.org","@graph":[{"@type":"WebPage","@id":"https:\/\/laguiole.com\/de\/produit\/laguiole-prestige-messer-in-aubrac-1-stueck-12-cm-vollgriff-aus-birke-masergruen-gebeizt-feder-hand-guillochiert-federblau-stilisierte-fliege-damastklinge\/","url":"https:\/\/laguiole.com\/de\/produit\/laguiole-prestige-messer-in-aubrac-1-stueck-12-cm-vollgriff-aus-birke-masergruen-gebeizt-feder-hand-guillochiert-federblau-stilisierte-fliege-damastklinge\/","name":"Laguiole Prestige Messer in Aubrac 1 St\u00fcck 12 cm Vollgriff aus Birke Masergr\u00fcn gebeizt Feder Hand guillochiert Federblau stilisierte Fliege Damastklinge - Laguiole.com \u00ae","isPartOf":{"@id":"https:\/\/laguiole.com\/de\/#website"},"primaryImageOfPage":{"@id":"https:\/\/laguiole.com\/de\/produit\/laguiole-prestige-messer-in-aubrac-1-stueck-12-cm-vollgriff-aus-birke-masergruen-gebeizt-feder-hand-guillochiert-federblau-stilisierte-fliege-damastklinge\/#primaryimage"},"image":{"@id":"https:\/\/laguiole.com\/de\/produit\/laguiole-prestige-messer-in-aubrac-1-stueck-12-cm-vollgriff-aus-birke-masergruen-gebeizt-feder-hand-guillochiert-federblau-stilisierte-fliege-damastklinge\/#primaryimage"},"thumbnailUrl":"https:\/\/laguiole.com\/wp-content\/uploads\/2024\/06\/Couteau_Prestige_Laguiole_en_Aubrac_1_Piece_12_cm_Plein_Manche_en_Loupe_de_Bouleau_Teinte_Vert_Ressort_Guilloche_a_la_main_Entretoises_Bleue_Mouche_Stylisee_Lame_Damas_0.jpg","datePublished":"2024-06-02T13:13:06+00:00","dateModified":"2025-10-03T16:08:29+00:00","breadcrumb":{"@id":"https:\/\/laguiole.com\/de\/produit\/laguiole-prestige-messer-in-aubrac-1-stueck-12-cm-vollgriff-aus-birke-masergruen-gebeizt-feder-hand-guillochiert-federblau-stilisierte-fliege-damastklinge\/#breadcrumb"},"inLanguage":"de","potentialAction":[{"@type":"ReadAction","target":["https:\/\/laguiole.com\/de\/produit\/laguiole-prestige-messer-in-aubrac-1-stueck-12-cm-vollgriff-aus-birke-masergruen-gebeizt-feder-hand-guillochiert-federblau-stilisierte-fliege-damastklinge\/"]}]},{"@type":"ImageObject","inLanguage":"de","@id":"https:\/\/laguiole.com\/de\/produit\/laguiole-prestige-messer-in-aubrac-1-stueck-12-cm-vollgriff-aus-birke-masergruen-gebeizt-feder-hand-guillochiert-federblau-stilisierte-fliege-damastklinge\/#primaryimage","url":"https:\/\/laguiole.com\/wp-content\/uploads\/2024\/06\/Couteau_Prestige_Laguiole_en_Aubrac_1_Piece_12_cm_Plein_Manche_en_Loupe_de_Bouleau_Teinte_Vert_Ressort_Guilloche_a_la_main_Entretoises_Bleue_Mouche_Stylisee_Lame_Damas_0.jpg","contentUrl":"https:\/\/laguiole.com\/wp-content\/uploads\/2024\/06\/Couteau_Prestige_Laguiole_en_Aubrac_1_Piece_12_cm_Plein_Manche_en_Loupe_de_Bouleau_Teinte_Vert_Ressort_Guilloche_a_la_main_Entretoises_Bleue_Mouche_Stylisee_Lame_Damas_0.jpg","width":1033,"height":1033,"caption":"Laguiole Prestige Messer in Aubrac 1 St\u00fcck 12 cm Vollgriff aus Birke Masergr\u00fcn gebeizt Feder Hand guillochiert Federblau stilisierte Fliege Damastklinge"},{"@type":"BreadcrumbList","@id":"https:\/\/laguiole.com\/de\/produit\/laguiole-prestige-messer-in-aubrac-1-stueck-12-cm-vollgriff-aus-birke-masergruen-gebeizt-feder-hand-guillochiert-federblau-stilisierte-fliege-damastklinge\/#breadcrumb","itemListElement":[{"@type":"ListItem","position":1,"name":"Accueil","item":"https:\/\/laguiole.com\/de\/"},{"@type":"ListItem","position":2,"name":"Shop","item":"https:\/\/laguiole.com\/de\/shop-2\/"},{"@type":"ListItem","position":3,"name":"Laguiole Prestige Messer in Aubrac 1 St\u00fcck 12 cm Vollgriff aus Birke Masergr\u00fcn gebeizt Feder Hand guillochiert Federblau stilisierte Fliege Damastklinge"}]},{"@type":"WebSite","@id":"https:\/\/laguiole.com\/de\/#website","url":"https:\/\/laguiole.com\/de\/","name":"Laguiole.com","description":"Laguiole - Couteau laguiole, Chateau Laguiole, Laguiole en Aubrac, Forge de Laguiole","publisher":{"@id":"https:\/\/laguiole.com\/de\/#organization"},"potentialAction":[{"@type":"SearchAction","target":{"@type":"EntryPoint","urlTemplate":"https:\/\/laguiole.com\/de\/?s={search_term_string}"},"query-input":{"@type":"PropertyValueSpecification","valueRequired":true,"valueName":"search_term_string"}}],"inLanguage":"de"},{"@type":"Organization","@id":"https:\/\/laguiole.com\/de\/#organization","name":"Laguiole.com","url":"https:\/\/laguiole.com\/de\/","logo":{"@type":"ImageObject","inLanguage":"de","@id":"https:\/\/laguiole.com\/de\/#\/schema\/logo\/image\/","url":"https:\/\/laguiole.com\/wp-content\/uploads\/2021\/02\/logo_laguiole.com-horizontal.jpg","contentUrl":"https:\/\/laguiole.com\/wp-content\/uploads\/2021\/02\/logo_laguiole.com-horizontal.jpg","width":490,"height":156,"caption":"Laguiole.com"},"image":{"@id":"https:\/\/laguiole.com\/de\/#\/schema\/logo\/image\/"},"sameAs":["https:\/\/www.facebook.com\/laguiolecom\/","https:\/\/www.instagram.com\/laguiolecom\/","https:\/\/www.youtube.com\/@laguiolecom\/videos"]}]}},"_links":{"self":[{"href":"https:\/\/laguiole.com\/de\/wp-json\/wp\/v2\/product\/38730","targetHints":{"allow":["GET"]}}],"collection":[{"href":"https:\/\/laguiole.com\/de\/wp-json\/wp\/v2\/product"}],"about":[{"href":"https:\/\/laguiole.com\/de\/wp-json\/wp\/v2\/types\/product"}],"version-history":[{"count":1,"href":"https:\/\/laguiole.com\/de\/wp-json\/wp\/v2\/product\/38730\/revisions"}],"predecessor-version":[{"id":41530,"href":"https:\/\/laguiole.com\/de\/wp-json\/wp\/v2\/product\/38730\/revisions\/41530"}],"wp:featuredmedia":[{"embeddable":true,"href":"https:\/\/laguiole.com\/de\/wp-json\/wp\/v2\/media\/38733"}],"wp:attachment":[{"href":"https:\/\/laguiole.com\/de\/wp-json\/wp\/v2\/media?parent=38730"}],"wp:term":[{"taxonomy":"product_brand","embeddable":true,"href":"https:\/\/laguiole.com\/de\/wp-json\/wp\/v2\/product_brand?post=38730"},{"taxonomy":"product_cat","embeddable":true,"href":"https:\/\/laguiole.com\/de\/wp-json\/wp\/v2\/product_cat?post=38730"},{"taxonomy":"product_tag","embeddable":true,"href":"https:\/\/laguiole.com\/de\/wp-json\/wp\/v2\/product_tag?post=38730"}],"curies":[{"name":"wp","href":"https:\/\/api.w.org\/{rel}","templated":true}]}}