{"id":38720,"date":"2023-11-12T15:27:41","date_gmt":"2023-11-12T14:27:41","guid":{"rendered":"https:\/\/laguiole.com\/produit\/laguiole-forge-messer-rams-crust-griff-1-stueck-edelstahl-gebuerstet-12cm\/"},"modified":"2023-11-12T15:27:41","modified_gmt":"2023-11-12T14:27:41","slug":"laguiole-forge-messer-rams-crust-griff-1-stueck-edelstahl-gebuerstet-12cm","status":"publish","type":"product","link":"https:\/\/laguiole.com\/de\/produit\/laguiole-forge-messer-rams-crust-griff-1-stueck-edelstahl-gebuerstet-12cm\/","title":{"rendered":"Laguiole Forge Messer Ram&#8217;s Crust Griff 1 St\u00fcck Edelstahl geb\u00fcrstet 12cm"},"content":{"rendered":"<p>Die Verbindung der Widderkruste mit den Metallelementen des Messers Forge de Laguiole schafft eine rustikale und elegante \u00c4sthetik, die an Natur und Abenteuer erinnert. Die Widderkruste ist bekannt f\u00fcr ihre nat\u00fcrliche Sch\u00f6nheit und einzigartige Textur. <\/p>\n<p>Das Klappmesser Forge de Laguiole in Ram&#8217;s Crust ist ein au\u00dfergew\u00f6hnliches Besteckst\u00fcck, das die nat\u00fcrliche Eleganz dieses tierischen Materials mit der Funktionalit\u00e4t eines Klappmessers verbindet.<\/p>\n","protected":false},"excerpt":{"rendered":"<p>Forge de Laguiole Klappmesser 1 St\u00fcck<br \/>\nRam&#8217;s<br \/>\nCrust Griff 2 Backen Klinge aus geb\u00fcrstetem<br \/>\nEdelstahl Klinge: Geb\u00fcrsteter<br \/>\nT12 Stahl Feder Geb\u00fcrsteter Edelstahl Guillochierte<br \/>\nGriffgr\u00f6\u00dfe: 12 cm<br \/>\nKlingengr\u00f6\u00dfe: 10 cm<br \/>\nOffene Gesamtl\u00e4nge 22 cm<\/p>\n","protected":false},"featured_media":38724,"template":"","meta":{"_acf_changed":false,"_monsterinsights_skip_tracking":false,"_monsterinsights_sitenote_active":false,"_monsterinsights_sitenote_note":"","_monsterinsights_sitenote_category":0},"product_brand":[],"product_cat":[5938,5939,5940],"product_tag":[],"class_list":{"0":"post-38720","1":"product","2":"type-product","3":"status-publish","4":"has-post-thumbnail","6":"product_cat-klappmesser","7":"product_cat-laguiole-klappmesser","8":"product_cat-laguiole-traditionelle-messer-mit-und-ohne-korkenzieher","9":"pa_composition-couteau-1-stueck-nur-klinge","10":"pa_finition-gebuerstet","11":"pa_lame-gebuersteter-edelstahl","12":"pa_manche-en-matiere-animale-widderkruste","13":"pa_marque-forge-de-laguiole","14":"pa_mitres-2-gehrungen","15":"pa_mitres-gebuersteter-edelstahl","16":"pa_platines-einzelplatin","17":"pa_ressort-guilloche","18":"pa_taille-du-manche-12-cm","19":"tm-has-options","22":"instock","23":"taxable","24":"shipping-taxable","25":"purchasable","26":"product-type-simple"},"supplier_id":null,"supplier_sku":"","barcode":null,"atum_controlled":true,"out_stock_date":null,"out_stock_threshold":null,"inheritable":false,"inbound_stock":0,"stock_on_hold":0,"sold_today":0,"sales_last_days":0,"reserved_stock":0,"customer_returns":0,"warehouse_damage":0,"lost_in_post":0,"other_logs":0,"out_stock_days":0,"lost_sales":0,"has_location":false,"update_date":"2026-05-02T00:46:03","atum_locations":[],"atum_stock_status":"instock","restock_status":false,"low_stock_amount":"","sales_update_date":"2026-05-02T00:46:03","calc_backorders":0,"acf":[],"yoast_head":"<!-- This site is optimized with the Yoast SEO plugin v27.3 - https:\/\/yoast.com\/product\/yoast-seo-wordpress\/ -->\n<title>Laguiole Forge Messer Ram&#039;s Crust Griff 1 St\u00fcck Edelstahl geb\u00fcrstet 12cm - Laguiole.com \u00ae<\/title>\n<meta name=\"robots\" content=\"index, follow, max-snippet:-1, max-image-preview:large, max-video-preview:-1\" \/>\n<link rel=\"canonical\" href=\"https:\/\/laguiole.com\/de\/produit\/laguiole-forge-messer-rams-crust-griff-1-stueck-edelstahl-gebuerstet-12cm\/\" \/>\n<meta property=\"og:locale\" content=\"de_DE\" \/>\n<meta property=\"og:type\" content=\"article\" \/>\n<meta property=\"og:title\" content=\"Laguiole Forge Messer Ram&#039;s Crust Griff 1 St\u00fcck Edelstahl geb\u00fcrstet 12cm - Laguiole.com \u00ae\" \/>\n<meta property=\"og:description\" content=\"Forge de Laguiole Klappmesser 1 St\u00fcck Ram&#039;s Crust Griff 2 Backen Klinge aus geb\u00fcrstetem Edelstahl Klinge: Geb\u00fcrsteter T12 Stahl Feder Geb\u00fcrsteter Edelstahl Guillochierte Griffgr\u00f6\u00dfe: 12 cm Klingengr\u00f6\u00dfe: 10 cm Offene Gesamtl\u00e4nge 22 cm\" \/>\n<meta property=\"og:url\" content=\"https:\/\/laguiole.com\/de\/produit\/laguiole-forge-messer-rams-crust-griff-1-stueck-edelstahl-gebuerstet-12cm\/\" \/>\n<meta property=\"og:site_name\" content=\"Laguiole.com \u00ae\" \/>\n<meta property=\"article:publisher\" content=\"https:\/\/www.facebook.com\/laguiolecom\/\" \/>\n<meta property=\"og:image\" content=\"https:\/\/laguiole.com\/wp-content\/uploads\/2023\/11\/Couteau_Forge_de_Laguiole_Manche_en_Croute_de_Belier_1_Piece_Inox_Brosse_12cm_00.jpg\" \/>\n\t<meta property=\"og:image:width\" content=\"1033\" \/>\n\t<meta property=\"og:image:height\" content=\"1033\" \/>\n\t<meta property=\"og:image:type\" content=\"image\/jpeg\" \/>\n<meta name=\"twitter:card\" content=\"summary_large_image\" \/>\n<script type=\"application\/ld+json\" class=\"yoast-schema-graph\">{\"@context\":\"https:\\\/\\\/schema.org\",\"@graph\":[{\"@type\":\"WebPage\",\"@id\":\"https:\\\/\\\/laguiole.com\\\/de\\\/produit\\\/laguiole-forge-messer-rams-crust-griff-1-stueck-edelstahl-gebuerstet-12cm\\\/\",\"url\":\"https:\\\/\\\/laguiole.com\\\/de\\\/produit\\\/laguiole-forge-messer-rams-crust-griff-1-stueck-edelstahl-gebuerstet-12cm\\\/\",\"name\":\"Laguiole Forge Messer Ram's Crust Griff 1 St\u00fcck Edelstahl geb\u00fcrstet 12cm - Laguiole.com \u00ae\",\"isPartOf\":{\"@id\":\"https:\\\/\\\/laguiole.com\\\/de\\\/#website\"},\"primaryImageOfPage\":{\"@id\":\"https:\\\/\\\/laguiole.com\\\/de\\\/produit\\\/laguiole-forge-messer-rams-crust-griff-1-stueck-edelstahl-gebuerstet-12cm\\\/#primaryimage\"},\"image\":{\"@id\":\"https:\\\/\\\/laguiole.com\\\/de\\\/produit\\\/laguiole-forge-messer-rams-crust-griff-1-stueck-edelstahl-gebuerstet-12cm\\\/#primaryimage\"},\"thumbnailUrl\":\"https:\\\/\\\/laguiole.com\\\/wp-content\\\/uploads\\\/2023\\\/11\\\/Couteau_Forge_de_Laguiole_Manche_en_Croute_de_Belier_1_Piece_Inox_Brosse_12cm_00.jpg\",\"datePublished\":\"2023-11-12T14:27:41+00:00\",\"breadcrumb\":{\"@id\":\"https:\\\/\\\/laguiole.com\\\/de\\\/produit\\\/laguiole-forge-messer-rams-crust-griff-1-stueck-edelstahl-gebuerstet-12cm\\\/#breadcrumb\"},\"inLanguage\":\"de\",\"potentialAction\":[{\"@type\":\"ReadAction\",\"target\":[\"https:\\\/\\\/laguiole.com\\\/de\\\/produit\\\/laguiole-forge-messer-rams-crust-griff-1-stueck-edelstahl-gebuerstet-12cm\\\/\"]}]},{\"@type\":\"ImageObject\",\"inLanguage\":\"de\",\"@id\":\"https:\\\/\\\/laguiole.com\\\/de\\\/produit\\\/laguiole-forge-messer-rams-crust-griff-1-stueck-edelstahl-gebuerstet-12cm\\\/#primaryimage\",\"url\":\"https:\\\/\\\/laguiole.com\\\/wp-content\\\/uploads\\\/2023\\\/11\\\/Couteau_Forge_de_Laguiole_Manche_en_Croute_de_Belier_1_Piece_Inox_Brosse_12cm_00.jpg\",\"contentUrl\":\"https:\\\/\\\/laguiole.com\\\/wp-content\\\/uploads\\\/2023\\\/11\\\/Couteau_Forge_de_Laguiole_Manche_en_Croute_de_Belier_1_Piece_Inox_Brosse_12cm_00.jpg\",\"width\":1033,\"height\":1033,\"caption\":\"Laguiole Forge Messer Ram's Crust Griff 1 St\u00fcck Edelstahl geb\u00fcrstet 12cm\"},{\"@type\":\"BreadcrumbList\",\"@id\":\"https:\\\/\\\/laguiole.com\\\/de\\\/produit\\\/laguiole-forge-messer-rams-crust-griff-1-stueck-edelstahl-gebuerstet-12cm\\\/#breadcrumb\",\"itemListElement\":[{\"@type\":\"ListItem\",\"position\":1,\"name\":\"Accueil\",\"item\":\"https:\\\/\\\/laguiole.com\\\/de\\\/\"},{\"@type\":\"ListItem\",\"position\":2,\"name\":\"Shop\",\"item\":\"https:\\\/\\\/laguiole.com\\\/de\\\/shop-2\\\/\"},{\"@type\":\"ListItem\",\"position\":3,\"name\":\"Laguiole Forge Messer Ram&#8217;s Crust Griff 1 St\u00fcck Edelstahl geb\u00fcrstet 12cm\"}]},{\"@type\":\"WebSite\",\"@id\":\"https:\\\/\\\/laguiole.com\\\/de\\\/#website\",\"url\":\"https:\\\/\\\/laguiole.com\\\/de\\\/\",\"name\":\"Laguiole.com\",\"description\":\"Laguiole - Couteau laguiole, Chateau Laguiole, Laguiole en Aubrac, Forge de Laguiole\",\"publisher\":{\"@id\":\"https:\\\/\\\/laguiole.com\\\/de\\\/#organization\"},\"potentialAction\":[{\"@type\":\"SearchAction\",\"target\":{\"@type\":\"EntryPoint\",\"urlTemplate\":\"https:\\\/\\\/laguiole.com\\\/de\\\/?s={search_term_string}\"},\"query-input\":{\"@type\":\"PropertyValueSpecification\",\"valueRequired\":true,\"valueName\":\"search_term_string\"}}],\"inLanguage\":\"de\"},{\"@type\":\"Organization\",\"@id\":\"https:\\\/\\\/laguiole.com\\\/de\\\/#organization\",\"name\":\"Laguiole.com\",\"url\":\"https:\\\/\\\/laguiole.com\\\/de\\\/\",\"logo\":{\"@type\":\"ImageObject\",\"inLanguage\":\"de\",\"@id\":\"https:\\\/\\\/laguiole.com\\\/de\\\/#\\\/schema\\\/logo\\\/image\\\/\",\"url\":\"https:\\\/\\\/laguiole.com\\\/wp-content\\\/uploads\\\/2021\\\/02\\\/logo_laguiole.com-horizontal.jpg\",\"contentUrl\":\"https:\\\/\\\/laguiole.com\\\/wp-content\\\/uploads\\\/2021\\\/02\\\/logo_laguiole.com-horizontal.jpg\",\"width\":490,\"height\":156,\"caption\":\"Laguiole.com\"},\"image\":{\"@id\":\"https:\\\/\\\/laguiole.com\\\/de\\\/#\\\/schema\\\/logo\\\/image\\\/\"},\"sameAs\":[\"https:\\\/\\\/www.facebook.com\\\/laguiolecom\\\/\",\"https:\\\/\\\/www.instagram.com\\\/laguiolecom\\\/\",\"https:\\\/\\\/www.youtube.com\\\/@laguiolecom\\\/videos\"]}]}<\/script>\n<!-- \/ Yoast SEO plugin. -->","yoast_head_json":{"title":"Laguiole Forge Messer Ram's Crust Griff 1 St\u00fcck Edelstahl geb\u00fcrstet 12cm - Laguiole.com \u00ae","robots":{"index":"index","follow":"follow","max-snippet":"max-snippet:-1","max-image-preview":"max-image-preview:large","max-video-preview":"max-video-preview:-1"},"canonical":"https:\/\/laguiole.com\/de\/produit\/laguiole-forge-messer-rams-crust-griff-1-stueck-edelstahl-gebuerstet-12cm\/","og_locale":"de_DE","og_type":"article","og_title":"Laguiole Forge Messer Ram's Crust Griff 1 St\u00fcck Edelstahl geb\u00fcrstet 12cm - Laguiole.com \u00ae","og_description":"Forge de Laguiole Klappmesser 1 St\u00fcck Ram's Crust Griff 2 Backen Klinge aus geb\u00fcrstetem Edelstahl Klinge: Geb\u00fcrsteter T12 Stahl Feder Geb\u00fcrsteter Edelstahl Guillochierte Griffgr\u00f6\u00dfe: 12 cm Klingengr\u00f6\u00dfe: 10 cm Offene Gesamtl\u00e4nge 22 cm","og_url":"https:\/\/laguiole.com\/de\/produit\/laguiole-forge-messer-rams-crust-griff-1-stueck-edelstahl-gebuerstet-12cm\/","og_site_name":"Laguiole.com \u00ae","article_publisher":"https:\/\/www.facebook.com\/laguiolecom\/","og_image":[{"width":1033,"height":1033,"url":"https:\/\/laguiole.com\/wp-content\/uploads\/2023\/11\/Couteau_Forge_de_Laguiole_Manche_en_Croute_de_Belier_1_Piece_Inox_Brosse_12cm_00.jpg","type":"image\/jpeg"}],"twitter_card":"summary_large_image","schema":{"@context":"https:\/\/schema.org","@graph":[{"@type":"WebPage","@id":"https:\/\/laguiole.com\/de\/produit\/laguiole-forge-messer-rams-crust-griff-1-stueck-edelstahl-gebuerstet-12cm\/","url":"https:\/\/laguiole.com\/de\/produit\/laguiole-forge-messer-rams-crust-griff-1-stueck-edelstahl-gebuerstet-12cm\/","name":"Laguiole Forge Messer Ram's Crust Griff 1 St\u00fcck Edelstahl geb\u00fcrstet 12cm - Laguiole.com \u00ae","isPartOf":{"@id":"https:\/\/laguiole.com\/de\/#website"},"primaryImageOfPage":{"@id":"https:\/\/laguiole.com\/de\/produit\/laguiole-forge-messer-rams-crust-griff-1-stueck-edelstahl-gebuerstet-12cm\/#primaryimage"},"image":{"@id":"https:\/\/laguiole.com\/de\/produit\/laguiole-forge-messer-rams-crust-griff-1-stueck-edelstahl-gebuerstet-12cm\/#primaryimage"},"thumbnailUrl":"https:\/\/laguiole.com\/wp-content\/uploads\/2023\/11\/Couteau_Forge_de_Laguiole_Manche_en_Croute_de_Belier_1_Piece_Inox_Brosse_12cm_00.jpg","datePublished":"2023-11-12T14:27:41+00:00","breadcrumb":{"@id":"https:\/\/laguiole.com\/de\/produit\/laguiole-forge-messer-rams-crust-griff-1-stueck-edelstahl-gebuerstet-12cm\/#breadcrumb"},"inLanguage":"de","potentialAction":[{"@type":"ReadAction","target":["https:\/\/laguiole.com\/de\/produit\/laguiole-forge-messer-rams-crust-griff-1-stueck-edelstahl-gebuerstet-12cm\/"]}]},{"@type":"ImageObject","inLanguage":"de","@id":"https:\/\/laguiole.com\/de\/produit\/laguiole-forge-messer-rams-crust-griff-1-stueck-edelstahl-gebuerstet-12cm\/#primaryimage","url":"https:\/\/laguiole.com\/wp-content\/uploads\/2023\/11\/Couteau_Forge_de_Laguiole_Manche_en_Croute_de_Belier_1_Piece_Inox_Brosse_12cm_00.jpg","contentUrl":"https:\/\/laguiole.com\/wp-content\/uploads\/2023\/11\/Couteau_Forge_de_Laguiole_Manche_en_Croute_de_Belier_1_Piece_Inox_Brosse_12cm_00.jpg","width":1033,"height":1033,"caption":"Laguiole Forge Messer Ram's Crust Griff 1 St\u00fcck Edelstahl geb\u00fcrstet 12cm"},{"@type":"BreadcrumbList","@id":"https:\/\/laguiole.com\/de\/produit\/laguiole-forge-messer-rams-crust-griff-1-stueck-edelstahl-gebuerstet-12cm\/#breadcrumb","itemListElement":[{"@type":"ListItem","position":1,"name":"Accueil","item":"https:\/\/laguiole.com\/de\/"},{"@type":"ListItem","position":2,"name":"Shop","item":"https:\/\/laguiole.com\/de\/shop-2\/"},{"@type":"ListItem","position":3,"name":"Laguiole Forge Messer Ram&#8217;s Crust Griff 1 St\u00fcck Edelstahl geb\u00fcrstet 12cm"}]},{"@type":"WebSite","@id":"https:\/\/laguiole.com\/de\/#website","url":"https:\/\/laguiole.com\/de\/","name":"Laguiole.com","description":"Laguiole - Couteau laguiole, Chateau Laguiole, Laguiole en Aubrac, Forge de Laguiole","publisher":{"@id":"https:\/\/laguiole.com\/de\/#organization"},"potentialAction":[{"@type":"SearchAction","target":{"@type":"EntryPoint","urlTemplate":"https:\/\/laguiole.com\/de\/?s={search_term_string}"},"query-input":{"@type":"PropertyValueSpecification","valueRequired":true,"valueName":"search_term_string"}}],"inLanguage":"de"},{"@type":"Organization","@id":"https:\/\/laguiole.com\/de\/#organization","name":"Laguiole.com","url":"https:\/\/laguiole.com\/de\/","logo":{"@type":"ImageObject","inLanguage":"de","@id":"https:\/\/laguiole.com\/de\/#\/schema\/logo\/image\/","url":"https:\/\/laguiole.com\/wp-content\/uploads\/2021\/02\/logo_laguiole.com-horizontal.jpg","contentUrl":"https:\/\/laguiole.com\/wp-content\/uploads\/2021\/02\/logo_laguiole.com-horizontal.jpg","width":490,"height":156,"caption":"Laguiole.com"},"image":{"@id":"https:\/\/laguiole.com\/de\/#\/schema\/logo\/image\/"},"sameAs":["https:\/\/www.facebook.com\/laguiolecom\/","https:\/\/www.instagram.com\/laguiolecom\/","https:\/\/www.youtube.com\/@laguiolecom\/videos"]}]}},"_links":{"self":[{"href":"https:\/\/laguiole.com\/de\/wp-json\/wp\/v2\/product\/38720","targetHints":{"allow":["GET"]}}],"collection":[{"href":"https:\/\/laguiole.com\/de\/wp-json\/wp\/v2\/product"}],"about":[{"href":"https:\/\/laguiole.com\/de\/wp-json\/wp\/v2\/types\/product"}],"version-history":[{"count":0,"href":"https:\/\/laguiole.com\/de\/wp-json\/wp\/v2\/product\/38720\/revisions"}],"wp:featuredmedia":[{"embeddable":true,"href":"https:\/\/laguiole.com\/de\/wp-json\/wp\/v2\/media\/38724"}],"wp:attachment":[{"href":"https:\/\/laguiole.com\/de\/wp-json\/wp\/v2\/media?parent=38720"}],"wp:term":[{"taxonomy":"product_brand","embeddable":true,"href":"https:\/\/laguiole.com\/de\/wp-json\/wp\/v2\/product_brand?post=38720"},{"taxonomy":"product_cat","embeddable":true,"href":"https:\/\/laguiole.com\/de\/wp-json\/wp\/v2\/product_cat?post=38720"},{"taxonomy":"product_tag","embeddable":true,"href":"https:\/\/laguiole.com\/de\/wp-json\/wp\/v2\/product_tag?post=38720"}],"curies":[{"name":"wp","href":"https:\/\/api.w.org\/{rel}","templated":true}]}}