{"id":38689,"date":"2024-07-09T10:42:05","date_gmt":"2024-07-09T08:42:05","guid":{"rendered":"https:\/\/laguiole.com\/produit\/laguiole-aubrac-messer-1-stueck-12-cm-doppelt-guillochierte-platten-spitze-aus-dunklem-horn-2-kropfe-aus-glaenzendem-edelstahl-mouche-prestige-spiralfeder\/"},"modified":"2025-11-05T18:00:01","modified_gmt":"2025-11-05T17:00:01","slug":"laguiole-aubrac-messer-1-stueck-12-cm-doppelt-guillochierte-platten-spitze-aus-dunklem-horn-2-kropfe-aus-glaenzendem-edelstahl-mouche-prestige-spiralfeder","status":"publish","type":"product","link":"https:\/\/laguiole.com\/de\/produit\/laguiole-aubrac-messer-1-stueck-12-cm-doppelt-guillochierte-platten-spitze-aus-dunklem-horn-2-kropfe-aus-glaenzendem-edelstahl-mouche-prestige-spiralfeder\/","title":{"rendered":"Laguiole Aubrac Messer 1 St\u00fcck 12 cm Doppelt guillochierte Platten Spitze aus dunklem Horn 2 Kropfe aus gl\u00e4nzendem Edelstahl Mouche Prestige Spiralfeder"},"content":{"rendered":"","protected":false},"excerpt":{"rendered":"<p>Laguiole Klappmesser in Aubrac<br \/>\nGriff mit dunkler Hornspitze<br \/>\n2<br \/>\ngl\u00e4nzende Edelstahlbacken Gl\u00e4nzende Edelstahlklinge 12C27MOD mit Lasche<br \/>\nSpiralfeder<br \/>\nDoppelt gl\u00e4nzende Edelstahlplatten von Hand<br \/>\ngeschmiedet und gemei\u00dfelt Prestige Von Hand<br \/>\ngeschmiedet und gemei\u00dfelt Klingenl\u00e4nge 10cm<br \/>\nL\u00e4nge geschlossenes Messer 12cm<br \/>\nL\u00e4nge offenes Messer 22 cm<\/p>\n","protected":false},"featured_media":44724,"template":"","meta":{"_acf_changed":false,"_monsterinsights_skip_tracking":false,"_monsterinsights_sitenote_active":false,"_monsterinsights_sitenote_note":"","_monsterinsights_sitenote_category":0},"product_brand":[],"product_cat":[5938,5939,5944],"product_tag":[],"class_list":{"0":"post-38689","1":"product","2":"type-product","3":"status-publish","4":"has-post-thumbnail","6":"product_cat-klappmesser","7":"product_cat-laguiole-klappmesser","8":"product_cat-laguiole-spezialmesser","9":"pa_composition-couteau-1-stueck-nur-klinge","10":"pa_finition-brillant","11":"pa_lame-glaenzender-edelstahl","12":"pa_manche-en-matiere-animale-hornspitze","13":"pa_mitres-2-gehrungen","14":"pa_mitres-glaenzender-edelstahl","15":"pa_mouche-geschmiedet","16":"pa_mouche-prestige","17":"pa_platines-doppel-drehteller","18":"pa_platines-guilloche-muster","19":"pa_ressort-spiral","20":"pa_taille-du-manche-12-cm","21":"tm-has-options","24":"instock","25":"taxable","26":"shipping-taxable","27":"purchasable","28":"product-type-simple"},"supplier_id":null,"supplier_sku":"","barcode":null,"atum_controlled":true,"out_stock_date":null,"out_stock_threshold":null,"inheritable":false,"inbound_stock":0,"stock_on_hold":0,"sold_today":0,"sales_last_days":0,"reserved_stock":0,"customer_returns":0,"warehouse_damage":0,"lost_in_post":0,"other_logs":0,"out_stock_days":0,"lost_sales":0,"has_location":false,"update_date":"2026-05-01T00:40:36","atum_locations":[],"atum_stock_status":"instock","restock_status":false,"low_stock_amount":"","sales_update_date":"2026-05-01T00:40:36","calc_backorders":0,"acf":[],"yoast_head":"<!-- This site is optimized with the Yoast SEO plugin v27.3 - https:\/\/yoast.com\/product\/yoast-seo-wordpress\/ -->\n<title>Laguiole Aubrac Messer 1 St\u00fcck 12 cm Doppelt guillochierte Platten Spitze aus dunklem Horn 2 Kropfe aus gl\u00e4nzendem Edelstahl Mouche Prestige Spiralfeder - Laguiole.com \u00ae<\/title>\n<meta name=\"robots\" content=\"index, follow, max-snippet:-1, max-image-preview:large, max-video-preview:-1\" \/>\n<link rel=\"canonical\" href=\"https:\/\/laguiole.com\/de\/produit\/laguiole-aubrac-messer-1-stueck-12-cm-doppelt-guillochierte-platten-spitze-aus-dunklem-horn-2-kropfe-aus-glaenzendem-edelstahl-mouche-prestige-spiralfeder\/\" \/>\n<meta property=\"og:locale\" content=\"de_DE\" \/>\n<meta property=\"og:type\" content=\"article\" \/>\n<meta property=\"og:title\" content=\"Laguiole Aubrac Messer 1 St\u00fcck 12 cm Doppelt guillochierte Platten Spitze aus dunklem Horn 2 Kropfe aus gl\u00e4nzendem Edelstahl Mouche Prestige Spiralfeder - Laguiole.com \u00ae\" \/>\n<meta property=\"og:description\" content=\"Laguiole Klappmesser in Aubrac Griff mit dunkler Hornspitze 2 gl\u00e4nzende Edelstahlbacken Gl\u00e4nzende Edelstahlklinge 12C27MOD mit Lasche Spiralfeder Doppelt gl\u00e4nzende Edelstahlplatten von Hand geschmiedet und gemei\u00dfelt Prestige Von Hand geschmiedet und gemei\u00dfelt Klingenl\u00e4nge 10cm L\u00e4nge geschlossenes Messer 12cm L\u00e4nge offenes Messer 22 cm\" \/>\n<meta property=\"og:url\" content=\"https:\/\/laguiole.com\/de\/produit\/laguiole-aubrac-messer-1-stueck-12-cm-doppelt-guillochierte-platten-spitze-aus-dunklem-horn-2-kropfe-aus-glaenzendem-edelstahl-mouche-prestige-spiralfeder\/\" \/>\n<meta property=\"og:site_name\" content=\"Laguiole.com \u00ae\" \/>\n<meta property=\"article:publisher\" content=\"https:\/\/www.facebook.com\/laguiolecom\/\" \/>\n<meta property=\"article:modified_time\" content=\"2025-11-05T17:00:01+00:00\" \/>\n<meta property=\"og:image\" content=\"https:\/\/laguiole.com\/wp-content\/uploads\/2023\/08\/logo_laguiole_com_\u00ae_300dpi_Noir_et_Blanc.jpg\" \/>\n\t<meta property=\"og:image:width\" content=\"1920\" \/>\n\t<meta property=\"og:image:height\" content=\"854\" \/>\n\t<meta property=\"og:image:type\" content=\"image\/jpeg\" \/>\n<meta name=\"twitter:card\" content=\"summary_large_image\" \/>\n<script type=\"application\/ld+json\" class=\"yoast-schema-graph\">{\"@context\":\"https:\\\/\\\/schema.org\",\"@graph\":[{\"@type\":\"WebPage\",\"@id\":\"https:\\\/\\\/laguiole.com\\\/de\\\/produit\\\/laguiole-aubrac-messer-1-stueck-12-cm-doppelt-guillochierte-platten-spitze-aus-dunklem-horn-2-kropfe-aus-glaenzendem-edelstahl-mouche-prestige-spiralfeder\\\/\",\"url\":\"https:\\\/\\\/laguiole.com\\\/de\\\/produit\\\/laguiole-aubrac-messer-1-stueck-12-cm-doppelt-guillochierte-platten-spitze-aus-dunklem-horn-2-kropfe-aus-glaenzendem-edelstahl-mouche-prestige-spiralfeder\\\/\",\"name\":\"Laguiole Aubrac Messer 1 St\u00fcck 12 cm Doppelt guillochierte Platten Spitze aus dunklem Horn 2 Kropfe aus gl\u00e4nzendem Edelstahl Mouche Prestige Spiralfeder - Laguiole.com \u00ae\",\"isPartOf\":{\"@id\":\"https:\\\/\\\/laguiole.com\\\/de\\\/#website\"},\"primaryImageOfPage\":{\"@id\":\"https:\\\/\\\/laguiole.com\\\/de\\\/produit\\\/laguiole-aubrac-messer-1-stueck-12-cm-doppelt-guillochierte-platten-spitze-aus-dunklem-horn-2-kropfe-aus-glaenzendem-edelstahl-mouche-prestige-spiralfeder\\\/#primaryimage\"},\"image\":{\"@id\":\"https:\\\/\\\/laguiole.com\\\/de\\\/produit\\\/laguiole-aubrac-messer-1-stueck-12-cm-doppelt-guillochierte-platten-spitze-aus-dunklem-horn-2-kropfe-aus-glaenzendem-edelstahl-mouche-prestige-spiralfeder\\\/#primaryimage\"},\"thumbnailUrl\":\"https:\\\/\\\/laguiole.com\\\/wp-content\\\/uploads\\\/2024\\\/07\\\/COUTEA1-2.jpg\",\"datePublished\":\"2024-07-09T08:42:05+00:00\",\"dateModified\":\"2025-11-05T17:00:01+00:00\",\"breadcrumb\":{\"@id\":\"https:\\\/\\\/laguiole.com\\\/de\\\/produit\\\/laguiole-aubrac-messer-1-stueck-12-cm-doppelt-guillochierte-platten-spitze-aus-dunklem-horn-2-kropfe-aus-glaenzendem-edelstahl-mouche-prestige-spiralfeder\\\/#breadcrumb\"},\"inLanguage\":\"de\",\"potentialAction\":[{\"@type\":\"ReadAction\",\"target\":[\"https:\\\/\\\/laguiole.com\\\/de\\\/produit\\\/laguiole-aubrac-messer-1-stueck-12-cm-doppelt-guillochierte-platten-spitze-aus-dunklem-horn-2-kropfe-aus-glaenzendem-edelstahl-mouche-prestige-spiralfeder\\\/\"]}]},{\"@type\":\"ImageObject\",\"inLanguage\":\"de\",\"@id\":\"https:\\\/\\\/laguiole.com\\\/de\\\/produit\\\/laguiole-aubrac-messer-1-stueck-12-cm-doppelt-guillochierte-platten-spitze-aus-dunklem-horn-2-kropfe-aus-glaenzendem-edelstahl-mouche-prestige-spiralfeder\\\/#primaryimage\",\"url\":\"https:\\\/\\\/laguiole.com\\\/wp-content\\\/uploads\\\/2024\\\/07\\\/COUTEA1-2.jpg\",\"contentUrl\":\"https:\\\/\\\/laguiole.com\\\/wp-content\\\/uploads\\\/2024\\\/07\\\/COUTEA1-2.jpg\",\"width\":1033,\"height\":1033,\"caption\":\"Couteau Laguiole en Aubrac 1 pi\u00e8ce 12 cm Double Platines guilloch\u00e9es Pointe en corne sombre 2 mitres en acier inoxydable brillant Mouche Prestige Ressort en spirale\"},{\"@type\":\"BreadcrumbList\",\"@id\":\"https:\\\/\\\/laguiole.com\\\/de\\\/produit\\\/laguiole-aubrac-messer-1-stueck-12-cm-doppelt-guillochierte-platten-spitze-aus-dunklem-horn-2-kropfe-aus-glaenzendem-edelstahl-mouche-prestige-spiralfeder\\\/#breadcrumb\",\"itemListElement\":[{\"@type\":\"ListItem\",\"position\":1,\"name\":\"Accueil\",\"item\":\"https:\\\/\\\/laguiole.com\\\/de\\\/\"},{\"@type\":\"ListItem\",\"position\":2,\"name\":\"Shop\",\"item\":\"https:\\\/\\\/laguiole.com\\\/de\\\/shop-2\\\/\"},{\"@type\":\"ListItem\",\"position\":3,\"name\":\"Laguiole Aubrac Messer 1 St\u00fcck 12 cm Doppelt guillochierte Platten Spitze aus dunklem Horn 2 Kropfe aus gl\u00e4nzendem Edelstahl Mouche Prestige Spiralfeder\"}]},{\"@type\":\"WebSite\",\"@id\":\"https:\\\/\\\/laguiole.com\\\/de\\\/#website\",\"url\":\"https:\\\/\\\/laguiole.com\\\/de\\\/\",\"name\":\"Laguiole.com\",\"description\":\"Laguiole - Couteau laguiole, Chateau Laguiole, Laguiole en Aubrac, Forge de Laguiole\",\"publisher\":{\"@id\":\"https:\\\/\\\/laguiole.com\\\/de\\\/#organization\"},\"potentialAction\":[{\"@type\":\"SearchAction\",\"target\":{\"@type\":\"EntryPoint\",\"urlTemplate\":\"https:\\\/\\\/laguiole.com\\\/de\\\/?s={search_term_string}\"},\"query-input\":{\"@type\":\"PropertyValueSpecification\",\"valueRequired\":true,\"valueName\":\"search_term_string\"}}],\"inLanguage\":\"de\"},{\"@type\":\"Organization\",\"@id\":\"https:\\\/\\\/laguiole.com\\\/de\\\/#organization\",\"name\":\"Laguiole.com\",\"url\":\"https:\\\/\\\/laguiole.com\\\/de\\\/\",\"logo\":{\"@type\":\"ImageObject\",\"inLanguage\":\"de\",\"@id\":\"https:\\\/\\\/laguiole.com\\\/de\\\/#\\\/schema\\\/logo\\\/image\\\/\",\"url\":\"https:\\\/\\\/laguiole.com\\\/wp-content\\\/uploads\\\/2021\\\/02\\\/logo_laguiole.com-horizontal.jpg\",\"contentUrl\":\"https:\\\/\\\/laguiole.com\\\/wp-content\\\/uploads\\\/2021\\\/02\\\/logo_laguiole.com-horizontal.jpg\",\"width\":490,\"height\":156,\"caption\":\"Laguiole.com\"},\"image\":{\"@id\":\"https:\\\/\\\/laguiole.com\\\/de\\\/#\\\/schema\\\/logo\\\/image\\\/\"},\"sameAs\":[\"https:\\\/\\\/www.facebook.com\\\/laguiolecom\\\/\",\"https:\\\/\\\/www.instagram.com\\\/laguiolecom\\\/\",\"https:\\\/\\\/www.youtube.com\\\/@laguiolecom\\\/videos\"]}]}<\/script>\n<!-- \/ Yoast SEO plugin. -->","yoast_head_json":{"title":"Laguiole Aubrac Messer 1 St\u00fcck 12 cm Doppelt guillochierte Platten Spitze aus dunklem Horn 2 Kropfe aus gl\u00e4nzendem Edelstahl Mouche Prestige Spiralfeder - Laguiole.com \u00ae","robots":{"index":"index","follow":"follow","max-snippet":"max-snippet:-1","max-image-preview":"max-image-preview:large","max-video-preview":"max-video-preview:-1"},"canonical":"https:\/\/laguiole.com\/de\/produit\/laguiole-aubrac-messer-1-stueck-12-cm-doppelt-guillochierte-platten-spitze-aus-dunklem-horn-2-kropfe-aus-glaenzendem-edelstahl-mouche-prestige-spiralfeder\/","og_locale":"de_DE","og_type":"article","og_title":"Laguiole Aubrac Messer 1 St\u00fcck 12 cm Doppelt guillochierte Platten Spitze aus dunklem Horn 2 Kropfe aus gl\u00e4nzendem Edelstahl Mouche Prestige Spiralfeder - Laguiole.com \u00ae","og_description":"Laguiole Klappmesser in Aubrac Griff mit dunkler Hornspitze 2 gl\u00e4nzende Edelstahlbacken Gl\u00e4nzende Edelstahlklinge 12C27MOD mit Lasche Spiralfeder Doppelt gl\u00e4nzende Edelstahlplatten von Hand geschmiedet und gemei\u00dfelt Prestige Von Hand geschmiedet und gemei\u00dfelt Klingenl\u00e4nge 10cm L\u00e4nge geschlossenes Messer 12cm L\u00e4nge offenes Messer 22 cm","og_url":"https:\/\/laguiole.com\/de\/produit\/laguiole-aubrac-messer-1-stueck-12-cm-doppelt-guillochierte-platten-spitze-aus-dunklem-horn-2-kropfe-aus-glaenzendem-edelstahl-mouche-prestige-spiralfeder\/","og_site_name":"Laguiole.com \u00ae","article_publisher":"https:\/\/www.facebook.com\/laguiolecom\/","article_modified_time":"2025-11-05T17:00:01+00:00","og_image":[{"width":1920,"height":854,"url":"https:\/\/laguiole.com\/wp-content\/uploads\/2023\/08\/logo_laguiole_com_\u00ae_300dpi_Noir_et_Blanc.jpg","type":"image\/jpeg"}],"twitter_card":"summary_large_image","schema":{"@context":"https:\/\/schema.org","@graph":[{"@type":"WebPage","@id":"https:\/\/laguiole.com\/de\/produit\/laguiole-aubrac-messer-1-stueck-12-cm-doppelt-guillochierte-platten-spitze-aus-dunklem-horn-2-kropfe-aus-glaenzendem-edelstahl-mouche-prestige-spiralfeder\/","url":"https:\/\/laguiole.com\/de\/produit\/laguiole-aubrac-messer-1-stueck-12-cm-doppelt-guillochierte-platten-spitze-aus-dunklem-horn-2-kropfe-aus-glaenzendem-edelstahl-mouche-prestige-spiralfeder\/","name":"Laguiole Aubrac Messer 1 St\u00fcck 12 cm Doppelt guillochierte Platten Spitze aus dunklem Horn 2 Kropfe aus gl\u00e4nzendem Edelstahl Mouche Prestige Spiralfeder - Laguiole.com \u00ae","isPartOf":{"@id":"https:\/\/laguiole.com\/de\/#website"},"primaryImageOfPage":{"@id":"https:\/\/laguiole.com\/de\/produit\/laguiole-aubrac-messer-1-stueck-12-cm-doppelt-guillochierte-platten-spitze-aus-dunklem-horn-2-kropfe-aus-glaenzendem-edelstahl-mouche-prestige-spiralfeder\/#primaryimage"},"image":{"@id":"https:\/\/laguiole.com\/de\/produit\/laguiole-aubrac-messer-1-stueck-12-cm-doppelt-guillochierte-platten-spitze-aus-dunklem-horn-2-kropfe-aus-glaenzendem-edelstahl-mouche-prestige-spiralfeder\/#primaryimage"},"thumbnailUrl":"https:\/\/laguiole.com\/wp-content\/uploads\/2024\/07\/COUTEA1-2.jpg","datePublished":"2024-07-09T08:42:05+00:00","dateModified":"2025-11-05T17:00:01+00:00","breadcrumb":{"@id":"https:\/\/laguiole.com\/de\/produit\/laguiole-aubrac-messer-1-stueck-12-cm-doppelt-guillochierte-platten-spitze-aus-dunklem-horn-2-kropfe-aus-glaenzendem-edelstahl-mouche-prestige-spiralfeder\/#breadcrumb"},"inLanguage":"de","potentialAction":[{"@type":"ReadAction","target":["https:\/\/laguiole.com\/de\/produit\/laguiole-aubrac-messer-1-stueck-12-cm-doppelt-guillochierte-platten-spitze-aus-dunklem-horn-2-kropfe-aus-glaenzendem-edelstahl-mouche-prestige-spiralfeder\/"]}]},{"@type":"ImageObject","inLanguage":"de","@id":"https:\/\/laguiole.com\/de\/produit\/laguiole-aubrac-messer-1-stueck-12-cm-doppelt-guillochierte-platten-spitze-aus-dunklem-horn-2-kropfe-aus-glaenzendem-edelstahl-mouche-prestige-spiralfeder\/#primaryimage","url":"https:\/\/laguiole.com\/wp-content\/uploads\/2024\/07\/COUTEA1-2.jpg","contentUrl":"https:\/\/laguiole.com\/wp-content\/uploads\/2024\/07\/COUTEA1-2.jpg","width":1033,"height":1033,"caption":"Couteau Laguiole en Aubrac 1 pi\u00e8ce 12 cm Double Platines guilloch\u00e9es Pointe en corne sombre 2 mitres en acier inoxydable brillant Mouche Prestige Ressort en spirale"},{"@type":"BreadcrumbList","@id":"https:\/\/laguiole.com\/de\/produit\/laguiole-aubrac-messer-1-stueck-12-cm-doppelt-guillochierte-platten-spitze-aus-dunklem-horn-2-kropfe-aus-glaenzendem-edelstahl-mouche-prestige-spiralfeder\/#breadcrumb","itemListElement":[{"@type":"ListItem","position":1,"name":"Accueil","item":"https:\/\/laguiole.com\/de\/"},{"@type":"ListItem","position":2,"name":"Shop","item":"https:\/\/laguiole.com\/de\/shop-2\/"},{"@type":"ListItem","position":3,"name":"Laguiole Aubrac Messer 1 St\u00fcck 12 cm Doppelt guillochierte Platten Spitze aus dunklem Horn 2 Kropfe aus gl\u00e4nzendem Edelstahl Mouche Prestige Spiralfeder"}]},{"@type":"WebSite","@id":"https:\/\/laguiole.com\/de\/#website","url":"https:\/\/laguiole.com\/de\/","name":"Laguiole.com","description":"Laguiole - Couteau laguiole, Chateau Laguiole, Laguiole en Aubrac, Forge de Laguiole","publisher":{"@id":"https:\/\/laguiole.com\/de\/#organization"},"potentialAction":[{"@type":"SearchAction","target":{"@type":"EntryPoint","urlTemplate":"https:\/\/laguiole.com\/de\/?s={search_term_string}"},"query-input":{"@type":"PropertyValueSpecification","valueRequired":true,"valueName":"search_term_string"}}],"inLanguage":"de"},{"@type":"Organization","@id":"https:\/\/laguiole.com\/de\/#organization","name":"Laguiole.com","url":"https:\/\/laguiole.com\/de\/","logo":{"@type":"ImageObject","inLanguage":"de","@id":"https:\/\/laguiole.com\/de\/#\/schema\/logo\/image\/","url":"https:\/\/laguiole.com\/wp-content\/uploads\/2021\/02\/logo_laguiole.com-horizontal.jpg","contentUrl":"https:\/\/laguiole.com\/wp-content\/uploads\/2021\/02\/logo_laguiole.com-horizontal.jpg","width":490,"height":156,"caption":"Laguiole.com"},"image":{"@id":"https:\/\/laguiole.com\/de\/#\/schema\/logo\/image\/"},"sameAs":["https:\/\/www.facebook.com\/laguiolecom\/","https:\/\/www.instagram.com\/laguiolecom\/","https:\/\/www.youtube.com\/@laguiolecom\/videos"]}]}},"_links":{"self":[{"href":"https:\/\/laguiole.com\/de\/wp-json\/wp\/v2\/product\/38689","targetHints":{"allow":["GET"]}}],"collection":[{"href":"https:\/\/laguiole.com\/de\/wp-json\/wp\/v2\/product"}],"about":[{"href":"https:\/\/laguiole.com\/de\/wp-json\/wp\/v2\/types\/product"}],"version-history":[{"count":0,"href":"https:\/\/laguiole.com\/de\/wp-json\/wp\/v2\/product\/38689\/revisions"}],"wp:featuredmedia":[{"embeddable":true,"href":"https:\/\/laguiole.com\/de\/wp-json\/wp\/v2\/media\/44724"}],"wp:attachment":[{"href":"https:\/\/laguiole.com\/de\/wp-json\/wp\/v2\/media?parent=38689"}],"wp:term":[{"taxonomy":"product_brand","embeddable":true,"href":"https:\/\/laguiole.com\/de\/wp-json\/wp\/v2\/product_brand?post=38689"},{"taxonomy":"product_cat","embeddable":true,"href":"https:\/\/laguiole.com\/de\/wp-json\/wp\/v2\/product_cat?post=38689"},{"taxonomy":"product_tag","embeddable":true,"href":"https:\/\/laguiole.com\/de\/wp-json\/wp\/v2\/product_tag?post=38689"}],"curies":[{"name":"wp","href":"https:\/\/api.w.org\/{rel}","templated":true}]}}