{"id":38662,"date":"2023-07-29T23:57:20","date_gmt":"2023-07-29T21:57:20","guid":{"rendered":"https:\/\/laguiole.com\/produit\/laguiole-messer-in-aubrac-gerade-1-stueck-13-cm-wacholder-vollgriff-klinge-aus-gebuerstetem-edelstahl\/"},"modified":"2023-07-29T23:57:20","modified_gmt":"2023-07-29T21:57:20","slug":"laguiole-messer-in-aubrac-gerade-1-stueck-13-cm-wacholder-vollgriff-klinge-aus-gebuerstetem-edelstahl","status":"publish","type":"product","link":"https:\/\/laguiole.com\/de\/produit\/laguiole-messer-in-aubrac-gerade-1-stueck-13-cm-wacholder-vollgriff-klinge-aus-gebuerstetem-edelstahl\/","title":{"rendered":"Laguiole Messer in Aubrac Gerade 1 St\u00fcck 13 cm Wacholder Vollgriff Klinge aus geb\u00fcrstetem Edelstahl"},"content":{"rendered":"","protected":false},"excerpt":{"rendered":"<p>Laguiole Klappmesser in Aubrac Large Size 13 cm<br \/>\nWacholdergriff<br \/>\nVollgriff<br \/>\nKlinge aus geb\u00fcrstetem Edelstahl mit Gehrungsplatten<br \/>\nMessing<br \/>\nFedergeschmiedet und von Hand<br \/>\nguillochiert Klingenl\u00e4nge 11cm<br \/>\nL\u00e4nge des Messers geschlossen 13cm<br \/>\nL\u00e4nge des Messers offen 24 cm<\/p>\n","protected":false},"featured_media":38666,"template":"","meta":{"_acf_changed":false,"_monsterinsights_skip_tracking":false,"_monsterinsights_sitenote_active":false,"_monsterinsights_sitenote_note":"","_monsterinsights_sitenote_category":0},"product_brand":[],"product_cat":[5938,5939,5944],"product_tag":[],"class_list":{"0":"post-38662","1":"product","2":"type-product","3":"status-publish","4":"has-post-thumbnail","6":"product_cat-klappmesser","7":"product_cat-laguiole-klappmesser","8":"product_cat-laguiole-spezialmesser","9":"pa_composition-couteau-1-stueck-nur-klinge","10":"pa_finition-gebuerstet","11":"pa_lame-gebuersteter-edelstahl","12":"pa_manche-en-bois-wacholder","13":"pa_marque-laguiole-en-aubracfr","14":"pa_mitres-ohne-gehrung-vollstaendige-huelse","15":"pa_mouche-geschmiedet","16":"pa_platines-einzelplatin","17":"pa_platines-messing","18":"pa_ressort-guilloche","19":"pa_taille-du-manche-13-cm0","20":"tm-has-options","23":"instock","24":"taxable","25":"shipping-taxable","26":"purchasable","27":"product-type-simple"},"supplier_id":null,"supplier_sku":"","barcode":null,"atum_controlled":true,"out_stock_date":null,"out_stock_threshold":null,"inheritable":false,"inbound_stock":0,"stock_on_hold":0,"sold_today":0,"sales_last_days":0,"reserved_stock":0,"customer_returns":0,"warehouse_damage":0,"lost_in_post":0,"other_logs":0,"out_stock_days":0,"lost_sales":0,"has_location":false,"update_date":"2026-05-11T00:55:02","atum_locations":[],"atum_stock_status":"instock","restock_status":false,"low_stock_amount":"","sales_update_date":"2026-05-11T00:55:02","calc_backorders":0,"acf":[],"yoast_head":"<!-- This site is optimized with the Yoast SEO plugin v27.3 - https:\/\/yoast.com\/product\/yoast-seo-wordpress\/ -->\n<title>Laguiole Messer in Aubrac Gerade 1 St\u00fcck 13 cm Wacholder Vollgriff Klinge aus geb\u00fcrstetem Edelstahl - Laguiole.com \u00ae<\/title>\n<meta name=\"robots\" content=\"index, follow, max-snippet:-1, max-image-preview:large, max-video-preview:-1\" \/>\n<link rel=\"canonical\" href=\"https:\/\/laguiole.com\/de\/produit\/laguiole-messer-in-aubrac-gerade-1-stueck-13-cm-wacholder-vollgriff-klinge-aus-gebuerstetem-edelstahl\/\" \/>\n<meta property=\"og:locale\" content=\"de_DE\" \/>\n<meta property=\"og:type\" content=\"article\" \/>\n<meta property=\"og:title\" content=\"Laguiole Messer in Aubrac Gerade 1 St\u00fcck 13 cm Wacholder Vollgriff Klinge aus geb\u00fcrstetem Edelstahl - Laguiole.com \u00ae\" \/>\n<meta property=\"og:description\" content=\"Laguiole Klappmesser in Aubrac Large Size 13 cm Wacholdergriff Vollgriff Klinge aus geb\u00fcrstetem Edelstahl mit Gehrungsplatten Messing Federgeschmiedet und von Hand guillochiert Klingenl\u00e4nge 11cm L\u00e4nge des Messers geschlossen 13cm L\u00e4nge des Messers offen 24 cm\" \/>\n<meta property=\"og:url\" content=\"https:\/\/laguiole.com\/de\/produit\/laguiole-messer-in-aubrac-gerade-1-stueck-13-cm-wacholder-vollgriff-klinge-aus-gebuerstetem-edelstahl\/\" \/>\n<meta property=\"og:site_name\" content=\"Laguiole.com \u00ae\" \/>\n<meta property=\"article:publisher\" content=\"https:\/\/www.facebook.com\/laguiolecom\/\" \/>\n<meta property=\"og:image\" content=\"https:\/\/laguiole.com\/wp-content\/uploads\/2023\/07\/Couteau_Laguiole_en_Aubrac_Droit_1_Piece_13_cm_Genevrier_Plein_Manche_Lame_Inox_Brosse_00.jpg\" \/>\n\t<meta property=\"og:image:width\" content=\"1033\" \/>\n\t<meta property=\"og:image:height\" content=\"1033\" \/>\n\t<meta property=\"og:image:type\" content=\"image\/jpeg\" \/>\n<meta name=\"twitter:card\" content=\"summary_large_image\" \/>\n<script type=\"application\/ld+json\" class=\"yoast-schema-graph\">{\"@context\":\"https:\\\/\\\/schema.org\",\"@graph\":[{\"@type\":\"WebPage\",\"@id\":\"https:\\\/\\\/laguiole.com\\\/de\\\/produit\\\/laguiole-messer-in-aubrac-gerade-1-stueck-13-cm-wacholder-vollgriff-klinge-aus-gebuerstetem-edelstahl\\\/\",\"url\":\"https:\\\/\\\/laguiole.com\\\/de\\\/produit\\\/laguiole-messer-in-aubrac-gerade-1-stueck-13-cm-wacholder-vollgriff-klinge-aus-gebuerstetem-edelstahl\\\/\",\"name\":\"Laguiole Messer in Aubrac Gerade 1 St\u00fcck 13 cm Wacholder Vollgriff Klinge aus geb\u00fcrstetem Edelstahl - Laguiole.com \u00ae\",\"isPartOf\":{\"@id\":\"https:\\\/\\\/laguiole.com\\\/de\\\/#website\"},\"primaryImageOfPage\":{\"@id\":\"https:\\\/\\\/laguiole.com\\\/de\\\/produit\\\/laguiole-messer-in-aubrac-gerade-1-stueck-13-cm-wacholder-vollgriff-klinge-aus-gebuerstetem-edelstahl\\\/#primaryimage\"},\"image\":{\"@id\":\"https:\\\/\\\/laguiole.com\\\/de\\\/produit\\\/laguiole-messer-in-aubrac-gerade-1-stueck-13-cm-wacholder-vollgriff-klinge-aus-gebuerstetem-edelstahl\\\/#primaryimage\"},\"thumbnailUrl\":\"https:\\\/\\\/laguiole.com\\\/wp-content\\\/uploads\\\/2023\\\/07\\\/Couteau_Laguiole_en_Aubrac_Droit_1_Piece_13_cm_Genevrier_Plein_Manche_Lame_Inox_Brosse_00.jpg\",\"datePublished\":\"2023-07-29T21:57:20+00:00\",\"breadcrumb\":{\"@id\":\"https:\\\/\\\/laguiole.com\\\/de\\\/produit\\\/laguiole-messer-in-aubrac-gerade-1-stueck-13-cm-wacholder-vollgriff-klinge-aus-gebuerstetem-edelstahl\\\/#breadcrumb\"},\"inLanguage\":\"de\",\"potentialAction\":[{\"@type\":\"ReadAction\",\"target\":[\"https:\\\/\\\/laguiole.com\\\/de\\\/produit\\\/laguiole-messer-in-aubrac-gerade-1-stueck-13-cm-wacholder-vollgriff-klinge-aus-gebuerstetem-edelstahl\\\/\"]}]},{\"@type\":\"ImageObject\",\"inLanguage\":\"de\",\"@id\":\"https:\\\/\\\/laguiole.com\\\/de\\\/produit\\\/laguiole-messer-in-aubrac-gerade-1-stueck-13-cm-wacholder-vollgriff-klinge-aus-gebuerstetem-edelstahl\\\/#primaryimage\",\"url\":\"https:\\\/\\\/laguiole.com\\\/wp-content\\\/uploads\\\/2023\\\/07\\\/Couteau_Laguiole_en_Aubrac_Droit_1_Piece_13_cm_Genevrier_Plein_Manche_Lame_Inox_Brosse_00.jpg\",\"contentUrl\":\"https:\\\/\\\/laguiole.com\\\/wp-content\\\/uploads\\\/2023\\\/07\\\/Couteau_Laguiole_en_Aubrac_Droit_1_Piece_13_cm_Genevrier_Plein_Manche_Lame_Inox_Brosse_00.jpg\",\"width\":1033,\"height\":1033,\"caption\":\"Laguiole Messer in Aubrac Gerade 1 St\u00fcck 13 cm Wacholder Vollgriff Klinge aus geb\u00fcrstetem Edelstahl\"},{\"@type\":\"BreadcrumbList\",\"@id\":\"https:\\\/\\\/laguiole.com\\\/de\\\/produit\\\/laguiole-messer-in-aubrac-gerade-1-stueck-13-cm-wacholder-vollgriff-klinge-aus-gebuerstetem-edelstahl\\\/#breadcrumb\",\"itemListElement\":[{\"@type\":\"ListItem\",\"position\":1,\"name\":\"Accueil\",\"item\":\"https:\\\/\\\/laguiole.com\\\/de\\\/\"},{\"@type\":\"ListItem\",\"position\":2,\"name\":\"Shop\",\"item\":\"https:\\\/\\\/laguiole.com\\\/de\\\/shop-2\\\/\"},{\"@type\":\"ListItem\",\"position\":3,\"name\":\"Laguiole Messer in Aubrac Gerade 1 St\u00fcck 13 cm Wacholder Vollgriff Klinge aus geb\u00fcrstetem Edelstahl\"}]},{\"@type\":\"WebSite\",\"@id\":\"https:\\\/\\\/laguiole.com\\\/de\\\/#website\",\"url\":\"https:\\\/\\\/laguiole.com\\\/de\\\/\",\"name\":\"Laguiole.com\",\"description\":\"Laguiole - Couteau laguiole, Chateau Laguiole, Laguiole en Aubrac, Forge de Laguiole\",\"publisher\":{\"@id\":\"https:\\\/\\\/laguiole.com\\\/de\\\/#organization\"},\"potentialAction\":[{\"@type\":\"SearchAction\",\"target\":{\"@type\":\"EntryPoint\",\"urlTemplate\":\"https:\\\/\\\/laguiole.com\\\/de\\\/?s={search_term_string}\"},\"query-input\":{\"@type\":\"PropertyValueSpecification\",\"valueRequired\":true,\"valueName\":\"search_term_string\"}}],\"inLanguage\":\"de\"},{\"@type\":\"Organization\",\"@id\":\"https:\\\/\\\/laguiole.com\\\/de\\\/#organization\",\"name\":\"Laguiole.com\",\"url\":\"https:\\\/\\\/laguiole.com\\\/de\\\/\",\"logo\":{\"@type\":\"ImageObject\",\"inLanguage\":\"de\",\"@id\":\"https:\\\/\\\/laguiole.com\\\/de\\\/#\\\/schema\\\/logo\\\/image\\\/\",\"url\":\"https:\\\/\\\/laguiole.com\\\/wp-content\\\/uploads\\\/2021\\\/02\\\/logo_laguiole.com-horizontal.jpg\",\"contentUrl\":\"https:\\\/\\\/laguiole.com\\\/wp-content\\\/uploads\\\/2021\\\/02\\\/logo_laguiole.com-horizontal.jpg\",\"width\":490,\"height\":156,\"caption\":\"Laguiole.com\"},\"image\":{\"@id\":\"https:\\\/\\\/laguiole.com\\\/de\\\/#\\\/schema\\\/logo\\\/image\\\/\"},\"sameAs\":[\"https:\\\/\\\/www.facebook.com\\\/laguiolecom\\\/\",\"https:\\\/\\\/www.instagram.com\\\/laguiolecom\\\/\",\"https:\\\/\\\/www.youtube.com\\\/@laguiolecom\\\/videos\"]}]}<\/script>\n<!-- \/ Yoast SEO plugin. -->","yoast_head_json":{"title":"Laguiole Messer in Aubrac Gerade 1 St\u00fcck 13 cm Wacholder Vollgriff Klinge aus geb\u00fcrstetem Edelstahl - Laguiole.com \u00ae","robots":{"index":"index","follow":"follow","max-snippet":"max-snippet:-1","max-image-preview":"max-image-preview:large","max-video-preview":"max-video-preview:-1"},"canonical":"https:\/\/laguiole.com\/de\/produit\/laguiole-messer-in-aubrac-gerade-1-stueck-13-cm-wacholder-vollgriff-klinge-aus-gebuerstetem-edelstahl\/","og_locale":"de_DE","og_type":"article","og_title":"Laguiole Messer in Aubrac Gerade 1 St\u00fcck 13 cm Wacholder Vollgriff Klinge aus geb\u00fcrstetem Edelstahl - Laguiole.com \u00ae","og_description":"Laguiole Klappmesser in Aubrac Large Size 13 cm Wacholdergriff Vollgriff Klinge aus geb\u00fcrstetem Edelstahl mit Gehrungsplatten Messing Federgeschmiedet und von Hand guillochiert Klingenl\u00e4nge 11cm L\u00e4nge des Messers geschlossen 13cm L\u00e4nge des Messers offen 24 cm","og_url":"https:\/\/laguiole.com\/de\/produit\/laguiole-messer-in-aubrac-gerade-1-stueck-13-cm-wacholder-vollgriff-klinge-aus-gebuerstetem-edelstahl\/","og_site_name":"Laguiole.com \u00ae","article_publisher":"https:\/\/www.facebook.com\/laguiolecom\/","og_image":[{"width":1033,"height":1033,"url":"https:\/\/laguiole.com\/wp-content\/uploads\/2023\/07\/Couteau_Laguiole_en_Aubrac_Droit_1_Piece_13_cm_Genevrier_Plein_Manche_Lame_Inox_Brosse_00.jpg","type":"image\/jpeg"}],"twitter_card":"summary_large_image","schema":{"@context":"https:\/\/schema.org","@graph":[{"@type":"WebPage","@id":"https:\/\/laguiole.com\/de\/produit\/laguiole-messer-in-aubrac-gerade-1-stueck-13-cm-wacholder-vollgriff-klinge-aus-gebuerstetem-edelstahl\/","url":"https:\/\/laguiole.com\/de\/produit\/laguiole-messer-in-aubrac-gerade-1-stueck-13-cm-wacholder-vollgriff-klinge-aus-gebuerstetem-edelstahl\/","name":"Laguiole Messer in Aubrac Gerade 1 St\u00fcck 13 cm Wacholder Vollgriff Klinge aus geb\u00fcrstetem Edelstahl - Laguiole.com \u00ae","isPartOf":{"@id":"https:\/\/laguiole.com\/de\/#website"},"primaryImageOfPage":{"@id":"https:\/\/laguiole.com\/de\/produit\/laguiole-messer-in-aubrac-gerade-1-stueck-13-cm-wacholder-vollgriff-klinge-aus-gebuerstetem-edelstahl\/#primaryimage"},"image":{"@id":"https:\/\/laguiole.com\/de\/produit\/laguiole-messer-in-aubrac-gerade-1-stueck-13-cm-wacholder-vollgriff-klinge-aus-gebuerstetem-edelstahl\/#primaryimage"},"thumbnailUrl":"https:\/\/laguiole.com\/wp-content\/uploads\/2023\/07\/Couteau_Laguiole_en_Aubrac_Droit_1_Piece_13_cm_Genevrier_Plein_Manche_Lame_Inox_Brosse_00.jpg","datePublished":"2023-07-29T21:57:20+00:00","breadcrumb":{"@id":"https:\/\/laguiole.com\/de\/produit\/laguiole-messer-in-aubrac-gerade-1-stueck-13-cm-wacholder-vollgriff-klinge-aus-gebuerstetem-edelstahl\/#breadcrumb"},"inLanguage":"de","potentialAction":[{"@type":"ReadAction","target":["https:\/\/laguiole.com\/de\/produit\/laguiole-messer-in-aubrac-gerade-1-stueck-13-cm-wacholder-vollgriff-klinge-aus-gebuerstetem-edelstahl\/"]}]},{"@type":"ImageObject","inLanguage":"de","@id":"https:\/\/laguiole.com\/de\/produit\/laguiole-messer-in-aubrac-gerade-1-stueck-13-cm-wacholder-vollgriff-klinge-aus-gebuerstetem-edelstahl\/#primaryimage","url":"https:\/\/laguiole.com\/wp-content\/uploads\/2023\/07\/Couteau_Laguiole_en_Aubrac_Droit_1_Piece_13_cm_Genevrier_Plein_Manche_Lame_Inox_Brosse_00.jpg","contentUrl":"https:\/\/laguiole.com\/wp-content\/uploads\/2023\/07\/Couteau_Laguiole_en_Aubrac_Droit_1_Piece_13_cm_Genevrier_Plein_Manche_Lame_Inox_Brosse_00.jpg","width":1033,"height":1033,"caption":"Laguiole Messer in Aubrac Gerade 1 St\u00fcck 13 cm Wacholder Vollgriff Klinge aus geb\u00fcrstetem Edelstahl"},{"@type":"BreadcrumbList","@id":"https:\/\/laguiole.com\/de\/produit\/laguiole-messer-in-aubrac-gerade-1-stueck-13-cm-wacholder-vollgriff-klinge-aus-gebuerstetem-edelstahl\/#breadcrumb","itemListElement":[{"@type":"ListItem","position":1,"name":"Accueil","item":"https:\/\/laguiole.com\/de\/"},{"@type":"ListItem","position":2,"name":"Shop","item":"https:\/\/laguiole.com\/de\/shop-2\/"},{"@type":"ListItem","position":3,"name":"Laguiole Messer in Aubrac Gerade 1 St\u00fcck 13 cm Wacholder Vollgriff Klinge aus geb\u00fcrstetem Edelstahl"}]},{"@type":"WebSite","@id":"https:\/\/laguiole.com\/de\/#website","url":"https:\/\/laguiole.com\/de\/","name":"Laguiole.com","description":"Laguiole - Couteau laguiole, Chateau Laguiole, Laguiole en Aubrac, Forge de Laguiole","publisher":{"@id":"https:\/\/laguiole.com\/de\/#organization"},"potentialAction":[{"@type":"SearchAction","target":{"@type":"EntryPoint","urlTemplate":"https:\/\/laguiole.com\/de\/?s={search_term_string}"},"query-input":{"@type":"PropertyValueSpecification","valueRequired":true,"valueName":"search_term_string"}}],"inLanguage":"de"},{"@type":"Organization","@id":"https:\/\/laguiole.com\/de\/#organization","name":"Laguiole.com","url":"https:\/\/laguiole.com\/de\/","logo":{"@type":"ImageObject","inLanguage":"de","@id":"https:\/\/laguiole.com\/de\/#\/schema\/logo\/image\/","url":"https:\/\/laguiole.com\/wp-content\/uploads\/2021\/02\/logo_laguiole.com-horizontal.jpg","contentUrl":"https:\/\/laguiole.com\/wp-content\/uploads\/2021\/02\/logo_laguiole.com-horizontal.jpg","width":490,"height":156,"caption":"Laguiole.com"},"image":{"@id":"https:\/\/laguiole.com\/de\/#\/schema\/logo\/image\/"},"sameAs":["https:\/\/www.facebook.com\/laguiolecom\/","https:\/\/www.instagram.com\/laguiolecom\/","https:\/\/www.youtube.com\/@laguiolecom\/videos"]}]}},"_links":{"self":[{"href":"https:\/\/laguiole.com\/de\/wp-json\/wp\/v2\/product\/38662","targetHints":{"allow":["GET"]}}],"collection":[{"href":"https:\/\/laguiole.com\/de\/wp-json\/wp\/v2\/product"}],"about":[{"href":"https:\/\/laguiole.com\/de\/wp-json\/wp\/v2\/types\/product"}],"version-history":[{"count":0,"href":"https:\/\/laguiole.com\/de\/wp-json\/wp\/v2\/product\/38662\/revisions"}],"wp:featuredmedia":[{"embeddable":true,"href":"https:\/\/laguiole.com\/de\/wp-json\/wp\/v2\/media\/38666"}],"wp:attachment":[{"href":"https:\/\/laguiole.com\/de\/wp-json\/wp\/v2\/media?parent=38662"}],"wp:term":[{"taxonomy":"product_brand","embeddable":true,"href":"https:\/\/laguiole.com\/de\/wp-json\/wp\/v2\/product_brand?post=38662"},{"taxonomy":"product_cat","embeddable":true,"href":"https:\/\/laguiole.com\/de\/wp-json\/wp\/v2\/product_cat?post=38662"},{"taxonomy":"product_tag","embeddable":true,"href":"https:\/\/laguiole.com\/de\/wp-json\/wp\/v2\/product_tag?post=38662"}],"curies":[{"name":"wp","href":"https:\/\/api.w.org\/{rel}","templated":true}]}}