{"id":38605,"date":"2023-10-30T18:47:36","date_gmt":"2023-10-30T17:47:36","guid":{"rendered":"https:\/\/laguiole.com\/produit\/le-coq-francais-pop-art-messer-von-keymi\/"},"modified":"2023-10-30T18:47:36","modified_gmt":"2023-10-30T17:47:36","slug":"le-coq-francais-pop-art-messer-von-keymi","status":"publish","type":"product","link":"https:\/\/laguiole.com\/de\/produit\/le-coq-francais-pop-art-messer-von-keymi\/","title":{"rendered":"Le Coq Fran\u00e7ais Pop Art Messer von KEYMI"},"content":{"rendered":"<p><strong>Pop-Art-Taschenmesser des K\u00fcnstlers Keymi<\/strong><\/p>\n<p>Der einzigartige Stil von Keymi, einem franz\u00f6sischen K\u00fcnstler, der in Clermont-Ferrand lebt, bezieht seine Inspiration aus der<strong> Hip-Hop-Kultur<\/strong>. Er beschreibt seinen <strong>Stil als &#8220;Pop-Graffiti&#8221;<\/strong> und liebt helle und satte Farben. Keymi ist sowohl Graffiti-K\u00fcnstler als auch Maler und bildender K\u00fcnstler und entwarf dieses Messer als Leinwand, auf der er seinen K\u00fcnstlernamen anbringt.  <\/p>\n<p>Die klappbare, einziehbare Klinge im Griff der Messer von Le Coq Fran\u00e7ais ist aus Edelstahl Z40C13 gefertigt. Der Griff und die Klinge aus Edelstahl sind satiniert. Der Hals wird durch Druck sublimiert und bietet lebendige Farben und eine genaue Reproduktion von Keymis Arbeit.  <\/p>\n<p>Jedes Ersatzteil (Klinge, Platte und Griff aus rostfreiem Stahl) wird vollst\u00e4ndig in Frankreich hergestellt und in Thiers, der Hauptstadt des Bestecks, bearbeitet. Auch die Montage und das Sch\u00e4rfen der Messer von Le Coq Fran\u00e7ais erfolgt in Frankreich, in Thiers, von Hand. Der Mechanismus der Klappmesser von Le Coq Fran\u00e7ais ruht auf einer Folie am Klingenabsatz, die mit einer durchbrochenen Zeichnung des Hahns verziert ist.  <\/p>\n<p>Jedes Klappmesser wird mit einer eleganten schwarzen Scheide geliefert, die mit dem Siegel von Le Coq Fran\u00e7ais gestempelt ist. Auf diese Weise k\u00f6nnen Sie Ihren treuen Begleiter in v\u00f6lliger Sicherheit \u00fcberall hin mitnehmen. <\/p>\n<figure id=\"attachment_16291\" aria-describedby=\"caption-attachment-16291\" style=\"width: 267px\" class=\"wp-caption alignnone\"><a href=\"https:\/\/laguiole.com\/wp-content\/uploads\/2023\/10\/keymi.jpg\"><img fetchpriority=\"high\" decoding=\"async\" class=\" wp-image-16291\" src=\"https:\/\/laguiole.com\/wp-content\/uploads\/2023\/10\/keymi-360x360.jpg\" alt=\"\" width=\"267\" height=\"267\"><\/a><figcaption id=\"caption-attachment-16291\" class=\"wp-caption-text\"><strong>Foto: KEYMI Franz\u00f6sischer Hahn<\/strong><\/figcaption><\/figure>\n","protected":false},"excerpt":{"rendered":"<p>Le Coq Fran\u00e7ais Pop Klappmesser von KEYMI<br \/>\nGriff: Edelstahl mit Sublimationsfarbbehandlung mit gl\u00e4nzend<br \/>\nschwarzem Acryl Z40C13<br \/>\nEdelstahlklinge Griffgr\u00f6\u00dfe: 11 cm<br \/>\nKlingengr\u00f6\u00dfe: 10 cm<br \/>\nGr\u00f6\u00dfe des offenen Messers: 21 cm<br \/>\nGewicht: 67 g<br \/>\nPatentiertes<br \/>\nKlingenverriegelungssystem Thematischer Druck auf beiden Seiten des Pop-Art-Griffs<\/p>\n<p>M\u00f6glichkeit, ihn mit einer Lasergravur<br \/>\nzu personalisieren Leichtes Taschenmesser mit einem Guter Griff<\/p>\n<p>Hergestellt in Frankreich<\/p>\n","protected":false},"featured_media":38607,"template":"","meta":{"_acf_changed":false,"_monsterinsights_skip_tracking":false,"_monsterinsights_sitenote_active":false,"_monsterinsights_sitenote_note":"","_monsterinsights_sitenote_category":0},"product_brand":[],"product_cat":[5938,5946],"product_tag":[],"class_list":{"0":"post-38605","1":"product","2":"type-product","3":"status-publish","4":"has-post-thumbnail","6":"product_cat-klappmesser","7":"product_cat-le-coq-francais-klappmesser","8":"pa_composition-couteau-1-stueck-nur-klinge","9":"pa_finition-gebuerstet","10":"pa_lame-gebuersteter-edelstahl","11":"pa_marque-le-coq-francais","12":"tm-has-options","15":"instock","16":"taxable","17":"shipping-taxable","18":"purchasable","19":"product-type-simple"},"supplier_id":null,"supplier_sku":"","barcode":null,"atum_controlled":true,"out_stock_date":null,"out_stock_threshold":null,"inheritable":false,"inbound_stock":0,"stock_on_hold":0,"sold_today":0,"sales_last_days":0,"reserved_stock":0,"customer_returns":0,"warehouse_damage":0,"lost_in_post":0,"other_logs":0,"out_stock_days":0,"lost_sales":0,"has_location":false,"update_date":"2026-05-02T00:44:16","atum_locations":[],"atum_stock_status":"instock","restock_status":false,"low_stock_amount":"","sales_update_date":"2026-05-02T00:44:16","calc_backorders":0,"acf":[],"yoast_head":"<!-- This site is optimized with the Yoast SEO plugin v27.3 - https:\/\/yoast.com\/product\/yoast-seo-wordpress\/ -->\n<title>Le Coq Fran\u00e7ais Pop Art Messer von KEYMI - Laguiole.com \u00ae<\/title>\n<meta name=\"description\" content=\"Keymis Graffiti- und grundlegend farbenfroher Pop-Stil wird durch ein anspruchsvolles Drucksystem auf dem Griff des Messers perfekt umgesetzt.\" \/>\n<meta name=\"robots\" content=\"index, follow, max-snippet:-1, max-image-preview:large, max-video-preview:-1\" \/>\n<link rel=\"canonical\" href=\"https:\/\/laguiole.com\/de\/produit\/le-coq-francais-pop-art-messer-von-keymi\/\" \/>\n<meta property=\"og:locale\" content=\"de_DE\" \/>\n<meta property=\"og:type\" content=\"article\" \/>\n<meta property=\"og:title\" content=\"Le Coq Fran\u00e7ais Pop Art Messer von KEYMI - Laguiole.com \u00ae\" \/>\n<meta property=\"og:description\" content=\"Keymis Graffiti- und grundlegend farbenfroher Pop-Stil wird durch ein anspruchsvolles Drucksystem auf dem Griff des Messers perfekt umgesetzt.\" \/>\n<meta property=\"og:url\" content=\"https:\/\/laguiole.com\/de\/produit\/le-coq-francais-pop-art-messer-von-keymi\/\" \/>\n<meta property=\"og:site_name\" content=\"Laguiole.com \u00ae\" \/>\n<meta property=\"article:publisher\" content=\"https:\/\/www.facebook.com\/laguiolecom\/\" \/>\n<meta property=\"og:image\" content=\"https:\/\/laguiole.com\/wp-content\/uploads\/2023\/10\/Couteau_Le_Coq_Francais_Pop_Art_par_KEYMI_00.jpg\" \/>\n\t<meta property=\"og:image:width\" content=\"1033\" \/>\n\t<meta property=\"og:image:height\" content=\"1033\" \/>\n\t<meta property=\"og:image:type\" content=\"image\/jpeg\" \/>\n<meta name=\"twitter:card\" content=\"summary_large_image\" \/>\n<meta name=\"twitter:label1\" content=\"Gesch\u00e4tzte Lesezeit\" \/>\n\t<meta name=\"twitter:data1\" content=\"1\u00a0Minute\" \/>\n<script type=\"application\/ld+json\" class=\"yoast-schema-graph\">{\"@context\":\"https:\\\/\\\/schema.org\",\"@graph\":[{\"@type\":\"WebPage\",\"@id\":\"https:\\\/\\\/laguiole.com\\\/de\\\/produit\\\/le-coq-francais-pop-art-messer-von-keymi\\\/\",\"url\":\"https:\\\/\\\/laguiole.com\\\/de\\\/produit\\\/le-coq-francais-pop-art-messer-von-keymi\\\/\",\"name\":\"Le Coq Fran\u00e7ais Pop Art Messer von KEYMI - Laguiole.com \u00ae\",\"isPartOf\":{\"@id\":\"https:\\\/\\\/laguiole.com\\\/de\\\/#website\"},\"primaryImageOfPage\":{\"@id\":\"https:\\\/\\\/laguiole.com\\\/de\\\/produit\\\/le-coq-francais-pop-art-messer-von-keymi\\\/#primaryimage\"},\"image\":{\"@id\":\"https:\\\/\\\/laguiole.com\\\/de\\\/produit\\\/le-coq-francais-pop-art-messer-von-keymi\\\/#primaryimage\"},\"thumbnailUrl\":\"https:\\\/\\\/laguiole.com\\\/wp-content\\\/uploads\\\/2023\\\/10\\\/Couteau_Le_Coq_Francais_Pop_Art_par_KEYMI_00.jpg\",\"datePublished\":\"2023-10-30T17:47:36+00:00\",\"description\":\"Keymis Graffiti- und grundlegend farbenfroher Pop-Stil wird durch ein anspruchsvolles Drucksystem auf dem Griff des Messers perfekt umgesetzt.\",\"breadcrumb\":{\"@id\":\"https:\\\/\\\/laguiole.com\\\/de\\\/produit\\\/le-coq-francais-pop-art-messer-von-keymi\\\/#breadcrumb\"},\"inLanguage\":\"de\",\"potentialAction\":[{\"@type\":\"ReadAction\",\"target\":[\"https:\\\/\\\/laguiole.com\\\/de\\\/produit\\\/le-coq-francais-pop-art-messer-von-keymi\\\/\"]}]},{\"@type\":\"ImageObject\",\"inLanguage\":\"de\",\"@id\":\"https:\\\/\\\/laguiole.com\\\/de\\\/produit\\\/le-coq-francais-pop-art-messer-von-keymi\\\/#primaryimage\",\"url\":\"https:\\\/\\\/laguiole.com\\\/wp-content\\\/uploads\\\/2023\\\/10\\\/Couteau_Le_Coq_Francais_Pop_Art_par_KEYMI_00.jpg\",\"contentUrl\":\"https:\\\/\\\/laguiole.com\\\/wp-content\\\/uploads\\\/2023\\\/10\\\/Couteau_Le_Coq_Francais_Pop_Art_par_KEYMI_00.jpg\",\"width\":1033,\"height\":1033,\"caption\":\"Le Coq Fran\u00e7ais Pop Art Messer von KEYMI\"},{\"@type\":\"BreadcrumbList\",\"@id\":\"https:\\\/\\\/laguiole.com\\\/de\\\/produit\\\/le-coq-francais-pop-art-messer-von-keymi\\\/#breadcrumb\",\"itemListElement\":[{\"@type\":\"ListItem\",\"position\":1,\"name\":\"Accueil\",\"item\":\"https:\\\/\\\/laguiole.com\\\/de\\\/\"},{\"@type\":\"ListItem\",\"position\":2,\"name\":\"Shop\",\"item\":\"https:\\\/\\\/laguiole.com\\\/de\\\/shop-2\\\/\"},{\"@type\":\"ListItem\",\"position\":3,\"name\":\"Le Coq Fran\u00e7ais Pop Art Messer von KEYMI\"}]},{\"@type\":\"WebSite\",\"@id\":\"https:\\\/\\\/laguiole.com\\\/de\\\/#website\",\"url\":\"https:\\\/\\\/laguiole.com\\\/de\\\/\",\"name\":\"Laguiole.com\",\"description\":\"Laguiole - Couteau laguiole, Chateau Laguiole, Laguiole en Aubrac, Forge de Laguiole\",\"publisher\":{\"@id\":\"https:\\\/\\\/laguiole.com\\\/de\\\/#organization\"},\"potentialAction\":[{\"@type\":\"SearchAction\",\"target\":{\"@type\":\"EntryPoint\",\"urlTemplate\":\"https:\\\/\\\/laguiole.com\\\/de\\\/?s={search_term_string}\"},\"query-input\":{\"@type\":\"PropertyValueSpecification\",\"valueRequired\":true,\"valueName\":\"search_term_string\"}}],\"inLanguage\":\"de\"},{\"@type\":\"Organization\",\"@id\":\"https:\\\/\\\/laguiole.com\\\/de\\\/#organization\",\"name\":\"Laguiole.com\",\"url\":\"https:\\\/\\\/laguiole.com\\\/de\\\/\",\"logo\":{\"@type\":\"ImageObject\",\"inLanguage\":\"de\",\"@id\":\"https:\\\/\\\/laguiole.com\\\/de\\\/#\\\/schema\\\/logo\\\/image\\\/\",\"url\":\"https:\\\/\\\/laguiole.com\\\/wp-content\\\/uploads\\\/2021\\\/02\\\/logo_laguiole.com-horizontal.jpg\",\"contentUrl\":\"https:\\\/\\\/laguiole.com\\\/wp-content\\\/uploads\\\/2021\\\/02\\\/logo_laguiole.com-horizontal.jpg\",\"width\":490,\"height\":156,\"caption\":\"Laguiole.com\"},\"image\":{\"@id\":\"https:\\\/\\\/laguiole.com\\\/de\\\/#\\\/schema\\\/logo\\\/image\\\/\"},\"sameAs\":[\"https:\\\/\\\/www.facebook.com\\\/laguiolecom\\\/\",\"https:\\\/\\\/www.instagram.com\\\/laguiolecom\\\/\",\"https:\\\/\\\/www.youtube.com\\\/@laguiolecom\\\/videos\"]}]}<\/script>\n<!-- \/ Yoast SEO plugin. -->","yoast_head_json":{"title":"Le Coq Fran\u00e7ais Pop Art Messer von KEYMI - Laguiole.com \u00ae","description":"Keymis Graffiti- und grundlegend farbenfroher Pop-Stil wird durch ein anspruchsvolles Drucksystem auf dem Griff des Messers perfekt umgesetzt.","robots":{"index":"index","follow":"follow","max-snippet":"max-snippet:-1","max-image-preview":"max-image-preview:large","max-video-preview":"max-video-preview:-1"},"canonical":"https:\/\/laguiole.com\/de\/produit\/le-coq-francais-pop-art-messer-von-keymi\/","og_locale":"de_DE","og_type":"article","og_title":"Le Coq Fran\u00e7ais Pop Art Messer von KEYMI - Laguiole.com \u00ae","og_description":"Keymis Graffiti- und grundlegend farbenfroher Pop-Stil wird durch ein anspruchsvolles Drucksystem auf dem Griff des Messers perfekt umgesetzt.","og_url":"https:\/\/laguiole.com\/de\/produit\/le-coq-francais-pop-art-messer-von-keymi\/","og_site_name":"Laguiole.com \u00ae","article_publisher":"https:\/\/www.facebook.com\/laguiolecom\/","og_image":[{"width":1033,"height":1033,"url":"https:\/\/laguiole.com\/wp-content\/uploads\/2023\/10\/Couteau_Le_Coq_Francais_Pop_Art_par_KEYMI_00.jpg","type":"image\/jpeg"}],"twitter_card":"summary_large_image","twitter_misc":{"Gesch\u00e4tzte Lesezeit":"1\u00a0Minute"},"schema":{"@context":"https:\/\/schema.org","@graph":[{"@type":"WebPage","@id":"https:\/\/laguiole.com\/de\/produit\/le-coq-francais-pop-art-messer-von-keymi\/","url":"https:\/\/laguiole.com\/de\/produit\/le-coq-francais-pop-art-messer-von-keymi\/","name":"Le Coq Fran\u00e7ais Pop Art Messer von KEYMI - Laguiole.com \u00ae","isPartOf":{"@id":"https:\/\/laguiole.com\/de\/#website"},"primaryImageOfPage":{"@id":"https:\/\/laguiole.com\/de\/produit\/le-coq-francais-pop-art-messer-von-keymi\/#primaryimage"},"image":{"@id":"https:\/\/laguiole.com\/de\/produit\/le-coq-francais-pop-art-messer-von-keymi\/#primaryimage"},"thumbnailUrl":"https:\/\/laguiole.com\/wp-content\/uploads\/2023\/10\/Couteau_Le_Coq_Francais_Pop_Art_par_KEYMI_00.jpg","datePublished":"2023-10-30T17:47:36+00:00","description":"Keymis Graffiti- und grundlegend farbenfroher Pop-Stil wird durch ein anspruchsvolles Drucksystem auf dem Griff des Messers perfekt umgesetzt.","breadcrumb":{"@id":"https:\/\/laguiole.com\/de\/produit\/le-coq-francais-pop-art-messer-von-keymi\/#breadcrumb"},"inLanguage":"de","potentialAction":[{"@type":"ReadAction","target":["https:\/\/laguiole.com\/de\/produit\/le-coq-francais-pop-art-messer-von-keymi\/"]}]},{"@type":"ImageObject","inLanguage":"de","@id":"https:\/\/laguiole.com\/de\/produit\/le-coq-francais-pop-art-messer-von-keymi\/#primaryimage","url":"https:\/\/laguiole.com\/wp-content\/uploads\/2023\/10\/Couteau_Le_Coq_Francais_Pop_Art_par_KEYMI_00.jpg","contentUrl":"https:\/\/laguiole.com\/wp-content\/uploads\/2023\/10\/Couteau_Le_Coq_Francais_Pop_Art_par_KEYMI_00.jpg","width":1033,"height":1033,"caption":"Le Coq Fran\u00e7ais Pop Art Messer von KEYMI"},{"@type":"BreadcrumbList","@id":"https:\/\/laguiole.com\/de\/produit\/le-coq-francais-pop-art-messer-von-keymi\/#breadcrumb","itemListElement":[{"@type":"ListItem","position":1,"name":"Accueil","item":"https:\/\/laguiole.com\/de\/"},{"@type":"ListItem","position":2,"name":"Shop","item":"https:\/\/laguiole.com\/de\/shop-2\/"},{"@type":"ListItem","position":3,"name":"Le Coq Fran\u00e7ais Pop Art Messer von KEYMI"}]},{"@type":"WebSite","@id":"https:\/\/laguiole.com\/de\/#website","url":"https:\/\/laguiole.com\/de\/","name":"Laguiole.com","description":"Laguiole - Couteau laguiole, Chateau Laguiole, Laguiole en Aubrac, Forge de Laguiole","publisher":{"@id":"https:\/\/laguiole.com\/de\/#organization"},"potentialAction":[{"@type":"SearchAction","target":{"@type":"EntryPoint","urlTemplate":"https:\/\/laguiole.com\/de\/?s={search_term_string}"},"query-input":{"@type":"PropertyValueSpecification","valueRequired":true,"valueName":"search_term_string"}}],"inLanguage":"de"},{"@type":"Organization","@id":"https:\/\/laguiole.com\/de\/#organization","name":"Laguiole.com","url":"https:\/\/laguiole.com\/de\/","logo":{"@type":"ImageObject","inLanguage":"de","@id":"https:\/\/laguiole.com\/de\/#\/schema\/logo\/image\/","url":"https:\/\/laguiole.com\/wp-content\/uploads\/2021\/02\/logo_laguiole.com-horizontal.jpg","contentUrl":"https:\/\/laguiole.com\/wp-content\/uploads\/2021\/02\/logo_laguiole.com-horizontal.jpg","width":490,"height":156,"caption":"Laguiole.com"},"image":{"@id":"https:\/\/laguiole.com\/de\/#\/schema\/logo\/image\/"},"sameAs":["https:\/\/www.facebook.com\/laguiolecom\/","https:\/\/www.instagram.com\/laguiolecom\/","https:\/\/www.youtube.com\/@laguiolecom\/videos"]}]}},"_links":{"self":[{"href":"https:\/\/laguiole.com\/de\/wp-json\/wp\/v2\/product\/38605","targetHints":{"allow":["GET"]}}],"collection":[{"href":"https:\/\/laguiole.com\/de\/wp-json\/wp\/v2\/product"}],"about":[{"href":"https:\/\/laguiole.com\/de\/wp-json\/wp\/v2\/types\/product"}],"version-history":[{"count":0,"href":"https:\/\/laguiole.com\/de\/wp-json\/wp\/v2\/product\/38605\/revisions"}],"wp:featuredmedia":[{"embeddable":true,"href":"https:\/\/laguiole.com\/de\/wp-json\/wp\/v2\/media\/38607"}],"wp:attachment":[{"href":"https:\/\/laguiole.com\/de\/wp-json\/wp\/v2\/media?parent=38605"}],"wp:term":[{"taxonomy":"product_brand","embeddable":true,"href":"https:\/\/laguiole.com\/de\/wp-json\/wp\/v2\/product_brand?post=38605"},{"taxonomy":"product_cat","embeddable":true,"href":"https:\/\/laguiole.com\/de\/wp-json\/wp\/v2\/product_cat?post=38605"},{"taxonomy":"product_tag","embeddable":true,"href":"https:\/\/laguiole.com\/de\/wp-json\/wp\/v2\/product_tag?post=38605"}],"curies":[{"name":"wp","href":"https:\/\/api.w.org\/{rel}","templated":true}]}}