{"id":38355,"date":"2024-04-25T12:55:42","date_gmt":"2024-04-25T10:55:42","guid":{"rendered":"https:\/\/laguiole.com\/produit\/laguiole-sommelier-in-aubrac-prestige-in-white-ivory-von-mammoth-spring-und-guilloche-plates-fly-prestige-n6\/"},"modified":"2024-04-25T12:55:42","modified_gmt":"2024-04-25T10:55:42","slug":"laguiole-sommelier-in-aubrac-prestige-in-white-ivory-von-mammoth-spring-und-guilloche-plates-fly-prestige-n6","status":"publish","type":"product","link":"https:\/\/laguiole.com\/de\/produit\/laguiole-sommelier-in-aubrac-prestige-in-white-ivory-von-mammoth-spring-und-guilloche-plates-fly-prestige-n6\/","title":{"rendered":"Laguiole Sommelier in Aubrac Prestige in White Ivory von Mammoth Spring und Guilloch\u00e9 Plates Fly Prestige N\u00b06"},"content":{"rendered":"","protected":false},"excerpt":{"rendered":"<p>Laguiole Sommelier in Aubrac Prestige<br \/>\nGriff: Mammut elfenbein Glattes<br \/>\nWei\u00df Prestige Fliege Nr. 6 von Hand<br \/>\ngeschmiedet und gemei\u00dfelt Handguillochierte<br \/>\nFeder Handgemei\u00dfelte<br \/>\nPlatten Handgemei\u00dfelte<br \/>\nR\u00fcckseite des Flaschen\u00f6ffnermessers Gl\u00e4nzendes und glattes<br \/>\nFinish L\u00e4nge: 12 cm<br \/>\nGewicht: 118 grs<\/p>\n","protected":false},"featured_media":38356,"template":"","meta":{"_acf_changed":false,"_monsterinsights_skip_tracking":false,"_monsterinsights_sitenote_active":false,"_monsterinsights_sitenote_note":"","_monsterinsights_sitenote_category":0},"product_brand":[],"product_cat":[5962],"product_tag":[],"class_list":{"0":"post-38355","1":"product","2":"type-product","3":"status-publish","4":"has-post-thumbnail","6":"product_cat-kellnermesser","7":"pa_finition-brillant","8":"pa_manche-en-matiere-animale-mammut-elfenbeinkruste","9":"pa_marque-laguiole-en-aubracfr","10":"pa_mitres-2-gehrungen","11":"pa_mitres-glaenzender-edelstahl","12":"pa_mouche-geschmiedet","13":"pa_mouche-prestige","14":"pa_ressort-guilloche","15":"tm-has-options","18":"instock","19":"taxable","20":"shipping-taxable","21":"purchasable","22":"product-type-simple"},"supplier_id":null,"supplier_sku":"","barcode":null,"atum_controlled":true,"out_stock_date":null,"out_stock_threshold":null,"inheritable":false,"inbound_stock":0,"stock_on_hold":0,"sold_today":0,"sales_last_days":0,"reserved_stock":0,"customer_returns":0,"warehouse_damage":0,"lost_in_post":0,"other_logs":0,"out_stock_days":0,"lost_sales":0,"has_location":false,"update_date":"2026-05-10T00:55:18","atum_locations":[],"atum_stock_status":"instock","restock_status":false,"low_stock_amount":"","sales_update_date":"2026-05-10T00:55:18","calc_backorders":0,"acf":[],"yoast_head":"<!-- This site is optimized with the Yoast SEO plugin v27.3 - https:\/\/yoast.com\/product\/yoast-seo-wordpress\/ -->\n<title>Laguiole Sommelier in Aubrac Prestige in White Ivory von Mammoth Spring und Guilloch\u00e9 Plates Fly Prestige N\u00b06 - Laguiole.com \u00ae<\/title>\n<meta name=\"robots\" content=\"index, follow, max-snippet:-1, max-image-preview:large, max-video-preview:-1\" \/>\n<link rel=\"canonical\" href=\"https:\/\/laguiole.com\/de\/produit\/laguiole-sommelier-in-aubrac-prestige-in-white-ivory-von-mammoth-spring-und-guilloche-plates-fly-prestige-n6\/\" \/>\n<meta property=\"og:locale\" content=\"de_DE\" \/>\n<meta property=\"og:type\" content=\"article\" \/>\n<meta property=\"og:title\" content=\"Laguiole Sommelier in Aubrac Prestige in White Ivory von Mammoth Spring und Guilloch\u00e9 Plates Fly Prestige N\u00b06 - Laguiole.com \u00ae\" \/>\n<meta property=\"og:description\" content=\"Laguiole Sommelier in Aubrac Prestige Griff: Mammut elfenbein Glattes Wei\u00df Prestige Fliege Nr. 6 von Hand geschmiedet und gemei\u00dfelt Handguillochierte Feder Handgemei\u00dfelte Platten Handgemei\u00dfelte R\u00fcckseite des Flaschen\u00f6ffnermessers Gl\u00e4nzendes und glattes Finish L\u00e4nge: 12 cm Gewicht: 118 grs\" \/>\n<meta property=\"og:url\" content=\"https:\/\/laguiole.com\/de\/produit\/laguiole-sommelier-in-aubrac-prestige-in-white-ivory-von-mammoth-spring-und-guilloche-plates-fly-prestige-n6\/\" \/>\n<meta property=\"og:site_name\" content=\"Laguiole.com \u00ae\" \/>\n<meta property=\"article:publisher\" content=\"https:\/\/www.facebook.com\/laguiolecom\/\" \/>\n<meta property=\"og:image\" content=\"https:\/\/laguiole.com\/wp-content\/uploads\/2024\/04\/Sommelier_Laguiole_en_Aubrac_Prestige_en_Ivoire_Blanc_de_Mammouth_Ressort_et_Platines_Guilloches_Mouche_Prestige_Num8_00.jpg\" \/>\n\t<meta property=\"og:image:width\" content=\"1033\" \/>\n\t<meta property=\"og:image:height\" content=\"1033\" \/>\n\t<meta property=\"og:image:type\" content=\"image\/jpeg\" \/>\n<meta name=\"twitter:card\" content=\"summary_large_image\" \/>\n<script type=\"application\/ld+json\" class=\"yoast-schema-graph\">{\"@context\":\"https:\\\/\\\/schema.org\",\"@graph\":[{\"@type\":\"WebPage\",\"@id\":\"https:\\\/\\\/laguiole.com\\\/de\\\/produit\\\/laguiole-sommelier-in-aubrac-prestige-in-white-ivory-von-mammoth-spring-und-guilloche-plates-fly-prestige-n6\\\/\",\"url\":\"https:\\\/\\\/laguiole.com\\\/de\\\/produit\\\/laguiole-sommelier-in-aubrac-prestige-in-white-ivory-von-mammoth-spring-und-guilloche-plates-fly-prestige-n6\\\/\",\"name\":\"Laguiole Sommelier in Aubrac Prestige in White Ivory von Mammoth Spring und Guilloch\u00e9 Plates Fly Prestige N\u00b06 - Laguiole.com \u00ae\",\"isPartOf\":{\"@id\":\"https:\\\/\\\/laguiole.com\\\/de\\\/#website\"},\"primaryImageOfPage\":{\"@id\":\"https:\\\/\\\/laguiole.com\\\/de\\\/produit\\\/laguiole-sommelier-in-aubrac-prestige-in-white-ivory-von-mammoth-spring-und-guilloche-plates-fly-prestige-n6\\\/#primaryimage\"},\"image\":{\"@id\":\"https:\\\/\\\/laguiole.com\\\/de\\\/produit\\\/laguiole-sommelier-in-aubrac-prestige-in-white-ivory-von-mammoth-spring-und-guilloche-plates-fly-prestige-n6\\\/#primaryimage\"},\"thumbnailUrl\":\"https:\\\/\\\/laguiole.com\\\/wp-content\\\/uploads\\\/2024\\\/04\\\/Sommelier_Laguiole_en_Aubrac_Prestige_en_Ivoire_Blanc_de_Mammouth_Ressort_et_Platines_Guilloches_Mouche_Prestige_Num8_00.jpg\",\"datePublished\":\"2024-04-25T10:55:42+00:00\",\"breadcrumb\":{\"@id\":\"https:\\\/\\\/laguiole.com\\\/de\\\/produit\\\/laguiole-sommelier-in-aubrac-prestige-in-white-ivory-von-mammoth-spring-und-guilloche-plates-fly-prestige-n6\\\/#breadcrumb\"},\"inLanguage\":\"de\",\"potentialAction\":[{\"@type\":\"ReadAction\",\"target\":[\"https:\\\/\\\/laguiole.com\\\/de\\\/produit\\\/laguiole-sommelier-in-aubrac-prestige-in-white-ivory-von-mammoth-spring-und-guilloche-plates-fly-prestige-n6\\\/\"]}]},{\"@type\":\"ImageObject\",\"inLanguage\":\"de\",\"@id\":\"https:\\\/\\\/laguiole.com\\\/de\\\/produit\\\/laguiole-sommelier-in-aubrac-prestige-in-white-ivory-von-mammoth-spring-und-guilloche-plates-fly-prestige-n6\\\/#primaryimage\",\"url\":\"https:\\\/\\\/laguiole.com\\\/wp-content\\\/uploads\\\/2024\\\/04\\\/Sommelier_Laguiole_en_Aubrac_Prestige_en_Ivoire_Blanc_de_Mammouth_Ressort_et_Platines_Guilloches_Mouche_Prestige_Num8_00.jpg\",\"contentUrl\":\"https:\\\/\\\/laguiole.com\\\/wp-content\\\/uploads\\\/2024\\\/04\\\/Sommelier_Laguiole_en_Aubrac_Prestige_en_Ivoire_Blanc_de_Mammouth_Ressort_et_Platines_Guilloches_Mouche_Prestige_Num8_00.jpg\",\"width\":1033,\"height\":1033,\"caption\":\"Laguiole Sommelier in Aubrac Prestige in Elfenbeinwei\u00df von Mammoth Spring und Guilloch\u00e9 Plates Fly Prestige N\u00b08\"},{\"@type\":\"BreadcrumbList\",\"@id\":\"https:\\\/\\\/laguiole.com\\\/de\\\/produit\\\/laguiole-sommelier-in-aubrac-prestige-in-white-ivory-von-mammoth-spring-und-guilloche-plates-fly-prestige-n6\\\/#breadcrumb\",\"itemListElement\":[{\"@type\":\"ListItem\",\"position\":1,\"name\":\"Accueil\",\"item\":\"https:\\\/\\\/laguiole.com\\\/de\\\/\"},{\"@type\":\"ListItem\",\"position\":2,\"name\":\"Shop\",\"item\":\"https:\\\/\\\/laguiole.com\\\/de\\\/shop-2\\\/\"},{\"@type\":\"ListItem\",\"position\":3,\"name\":\"Laguiole Sommelier in Aubrac Prestige in White Ivory von Mammoth Spring und Guilloch\u00e9 Plates Fly Prestige N\u00b06\"}]},{\"@type\":\"WebSite\",\"@id\":\"https:\\\/\\\/laguiole.com\\\/de\\\/#website\",\"url\":\"https:\\\/\\\/laguiole.com\\\/de\\\/\",\"name\":\"Laguiole.com\",\"description\":\"Laguiole - Couteau laguiole, Chateau Laguiole, Laguiole en Aubrac, Forge de Laguiole\",\"publisher\":{\"@id\":\"https:\\\/\\\/laguiole.com\\\/de\\\/#organization\"},\"potentialAction\":[{\"@type\":\"SearchAction\",\"target\":{\"@type\":\"EntryPoint\",\"urlTemplate\":\"https:\\\/\\\/laguiole.com\\\/de\\\/?s={search_term_string}\"},\"query-input\":{\"@type\":\"PropertyValueSpecification\",\"valueRequired\":true,\"valueName\":\"search_term_string\"}}],\"inLanguage\":\"de\"},{\"@type\":\"Organization\",\"@id\":\"https:\\\/\\\/laguiole.com\\\/de\\\/#organization\",\"name\":\"Laguiole.com\",\"url\":\"https:\\\/\\\/laguiole.com\\\/de\\\/\",\"logo\":{\"@type\":\"ImageObject\",\"inLanguage\":\"de\",\"@id\":\"https:\\\/\\\/laguiole.com\\\/de\\\/#\\\/schema\\\/logo\\\/image\\\/\",\"url\":\"https:\\\/\\\/laguiole.com\\\/wp-content\\\/uploads\\\/2021\\\/02\\\/logo_laguiole.com-horizontal.jpg\",\"contentUrl\":\"https:\\\/\\\/laguiole.com\\\/wp-content\\\/uploads\\\/2021\\\/02\\\/logo_laguiole.com-horizontal.jpg\",\"width\":490,\"height\":156,\"caption\":\"Laguiole.com\"},\"image\":{\"@id\":\"https:\\\/\\\/laguiole.com\\\/de\\\/#\\\/schema\\\/logo\\\/image\\\/\"},\"sameAs\":[\"https:\\\/\\\/www.facebook.com\\\/laguiolecom\\\/\",\"https:\\\/\\\/www.instagram.com\\\/laguiolecom\\\/\",\"https:\\\/\\\/www.youtube.com\\\/@laguiolecom\\\/videos\"]}]}<\/script>\n<!-- \/ Yoast SEO plugin. -->","yoast_head_json":{"title":"Laguiole Sommelier in Aubrac Prestige in White Ivory von Mammoth Spring und Guilloch\u00e9 Plates Fly Prestige N\u00b06 - Laguiole.com \u00ae","robots":{"index":"index","follow":"follow","max-snippet":"max-snippet:-1","max-image-preview":"max-image-preview:large","max-video-preview":"max-video-preview:-1"},"canonical":"https:\/\/laguiole.com\/de\/produit\/laguiole-sommelier-in-aubrac-prestige-in-white-ivory-von-mammoth-spring-und-guilloche-plates-fly-prestige-n6\/","og_locale":"de_DE","og_type":"article","og_title":"Laguiole Sommelier in Aubrac Prestige in White Ivory von Mammoth Spring und Guilloch\u00e9 Plates Fly Prestige N\u00b06 - Laguiole.com \u00ae","og_description":"Laguiole Sommelier in Aubrac Prestige Griff: Mammut elfenbein Glattes Wei\u00df Prestige Fliege Nr. 6 von Hand geschmiedet und gemei\u00dfelt Handguillochierte Feder Handgemei\u00dfelte Platten Handgemei\u00dfelte R\u00fcckseite des Flaschen\u00f6ffnermessers Gl\u00e4nzendes und glattes Finish L\u00e4nge: 12 cm Gewicht: 118 grs","og_url":"https:\/\/laguiole.com\/de\/produit\/laguiole-sommelier-in-aubrac-prestige-in-white-ivory-von-mammoth-spring-und-guilloche-plates-fly-prestige-n6\/","og_site_name":"Laguiole.com \u00ae","article_publisher":"https:\/\/www.facebook.com\/laguiolecom\/","og_image":[{"width":1033,"height":1033,"url":"https:\/\/laguiole.com\/wp-content\/uploads\/2024\/04\/Sommelier_Laguiole_en_Aubrac_Prestige_en_Ivoire_Blanc_de_Mammouth_Ressort_et_Platines_Guilloches_Mouche_Prestige_Num8_00.jpg","type":"image\/jpeg"}],"twitter_card":"summary_large_image","schema":{"@context":"https:\/\/schema.org","@graph":[{"@type":"WebPage","@id":"https:\/\/laguiole.com\/de\/produit\/laguiole-sommelier-in-aubrac-prestige-in-white-ivory-von-mammoth-spring-und-guilloche-plates-fly-prestige-n6\/","url":"https:\/\/laguiole.com\/de\/produit\/laguiole-sommelier-in-aubrac-prestige-in-white-ivory-von-mammoth-spring-und-guilloche-plates-fly-prestige-n6\/","name":"Laguiole Sommelier in Aubrac Prestige in White Ivory von Mammoth Spring und Guilloch\u00e9 Plates Fly Prestige N\u00b06 - Laguiole.com \u00ae","isPartOf":{"@id":"https:\/\/laguiole.com\/de\/#website"},"primaryImageOfPage":{"@id":"https:\/\/laguiole.com\/de\/produit\/laguiole-sommelier-in-aubrac-prestige-in-white-ivory-von-mammoth-spring-und-guilloche-plates-fly-prestige-n6\/#primaryimage"},"image":{"@id":"https:\/\/laguiole.com\/de\/produit\/laguiole-sommelier-in-aubrac-prestige-in-white-ivory-von-mammoth-spring-und-guilloche-plates-fly-prestige-n6\/#primaryimage"},"thumbnailUrl":"https:\/\/laguiole.com\/wp-content\/uploads\/2024\/04\/Sommelier_Laguiole_en_Aubrac_Prestige_en_Ivoire_Blanc_de_Mammouth_Ressort_et_Platines_Guilloches_Mouche_Prestige_Num8_00.jpg","datePublished":"2024-04-25T10:55:42+00:00","breadcrumb":{"@id":"https:\/\/laguiole.com\/de\/produit\/laguiole-sommelier-in-aubrac-prestige-in-white-ivory-von-mammoth-spring-und-guilloche-plates-fly-prestige-n6\/#breadcrumb"},"inLanguage":"de","potentialAction":[{"@type":"ReadAction","target":["https:\/\/laguiole.com\/de\/produit\/laguiole-sommelier-in-aubrac-prestige-in-white-ivory-von-mammoth-spring-und-guilloche-plates-fly-prestige-n6\/"]}]},{"@type":"ImageObject","inLanguage":"de","@id":"https:\/\/laguiole.com\/de\/produit\/laguiole-sommelier-in-aubrac-prestige-in-white-ivory-von-mammoth-spring-und-guilloche-plates-fly-prestige-n6\/#primaryimage","url":"https:\/\/laguiole.com\/wp-content\/uploads\/2024\/04\/Sommelier_Laguiole_en_Aubrac_Prestige_en_Ivoire_Blanc_de_Mammouth_Ressort_et_Platines_Guilloches_Mouche_Prestige_Num8_00.jpg","contentUrl":"https:\/\/laguiole.com\/wp-content\/uploads\/2024\/04\/Sommelier_Laguiole_en_Aubrac_Prestige_en_Ivoire_Blanc_de_Mammouth_Ressort_et_Platines_Guilloches_Mouche_Prestige_Num8_00.jpg","width":1033,"height":1033,"caption":"Laguiole Sommelier in Aubrac Prestige in Elfenbeinwei\u00df von Mammoth Spring und Guilloch\u00e9 Plates Fly Prestige N\u00b08"},{"@type":"BreadcrumbList","@id":"https:\/\/laguiole.com\/de\/produit\/laguiole-sommelier-in-aubrac-prestige-in-white-ivory-von-mammoth-spring-und-guilloche-plates-fly-prestige-n6\/#breadcrumb","itemListElement":[{"@type":"ListItem","position":1,"name":"Accueil","item":"https:\/\/laguiole.com\/de\/"},{"@type":"ListItem","position":2,"name":"Shop","item":"https:\/\/laguiole.com\/de\/shop-2\/"},{"@type":"ListItem","position":3,"name":"Laguiole Sommelier in Aubrac Prestige in White Ivory von Mammoth Spring und Guilloch\u00e9 Plates Fly Prestige N\u00b06"}]},{"@type":"WebSite","@id":"https:\/\/laguiole.com\/de\/#website","url":"https:\/\/laguiole.com\/de\/","name":"Laguiole.com","description":"Laguiole - Couteau laguiole, Chateau Laguiole, Laguiole en Aubrac, Forge de Laguiole","publisher":{"@id":"https:\/\/laguiole.com\/de\/#organization"},"potentialAction":[{"@type":"SearchAction","target":{"@type":"EntryPoint","urlTemplate":"https:\/\/laguiole.com\/de\/?s={search_term_string}"},"query-input":{"@type":"PropertyValueSpecification","valueRequired":true,"valueName":"search_term_string"}}],"inLanguage":"de"},{"@type":"Organization","@id":"https:\/\/laguiole.com\/de\/#organization","name":"Laguiole.com","url":"https:\/\/laguiole.com\/de\/","logo":{"@type":"ImageObject","inLanguage":"de","@id":"https:\/\/laguiole.com\/de\/#\/schema\/logo\/image\/","url":"https:\/\/laguiole.com\/wp-content\/uploads\/2021\/02\/logo_laguiole.com-horizontal.jpg","contentUrl":"https:\/\/laguiole.com\/wp-content\/uploads\/2021\/02\/logo_laguiole.com-horizontal.jpg","width":490,"height":156,"caption":"Laguiole.com"},"image":{"@id":"https:\/\/laguiole.com\/de\/#\/schema\/logo\/image\/"},"sameAs":["https:\/\/www.facebook.com\/laguiolecom\/","https:\/\/www.instagram.com\/laguiolecom\/","https:\/\/www.youtube.com\/@laguiolecom\/videos"]}]}},"_links":{"self":[{"href":"https:\/\/laguiole.com\/de\/wp-json\/wp\/v2\/product\/38355","targetHints":{"allow":["GET"]}}],"collection":[{"href":"https:\/\/laguiole.com\/de\/wp-json\/wp\/v2\/product"}],"about":[{"href":"https:\/\/laguiole.com\/de\/wp-json\/wp\/v2\/types\/product"}],"version-history":[{"count":0,"href":"https:\/\/laguiole.com\/de\/wp-json\/wp\/v2\/product\/38355\/revisions"}],"wp:featuredmedia":[{"embeddable":true,"href":"https:\/\/laguiole.com\/de\/wp-json\/wp\/v2\/media\/38356"}],"wp:attachment":[{"href":"https:\/\/laguiole.com\/de\/wp-json\/wp\/v2\/media?parent=38355"}],"wp:term":[{"taxonomy":"product_brand","embeddable":true,"href":"https:\/\/laguiole.com\/de\/wp-json\/wp\/v2\/product_brand?post=38355"},{"taxonomy":"product_cat","embeddable":true,"href":"https:\/\/laguiole.com\/de\/wp-json\/wp\/v2\/product_cat?post=38355"},{"taxonomy":"product_tag","embeddable":true,"href":"https:\/\/laguiole.com\/de\/wp-json\/wp\/v2\/product_tag?post=38355"}],"curies":[{"name":"wp","href":"https:\/\/api.w.org\/{rel}","templated":true}]}}