{"id":38300,"date":"2024-01-12T19:57:46","date_gmt":"2024-01-12T18:57:46","guid":{"rendered":"https:\/\/laguiole.com\/produit\/laguiole-prestige-designer-messer-1-stueck-12-cm-hinterer-kropf-griff-mammut-backenzahn-tuerkis-damast-klinge-unikat\/"},"modified":"2025-10-03T18:10:19","modified_gmt":"2025-10-03T16:10:19","slug":"laguiole-prestige-designer-messer-1-stueck-12-cm-hinterer-kropf-griff-mammut-backenzahn-tuerkis-damast-klinge-unikat","status":"publish","type":"product","link":"https:\/\/laguiole.com\/de\/produit\/laguiole-prestige-designer-messer-1-stueck-12-cm-hinterer-kropf-griff-mammut-backenzahn-tuerkis-damast-klinge-unikat\/","title":{"rendered":"Laguiole Prestige Designer Messer 1 St\u00fcck 12 cm Hinterer Kropf Griff Mammut Backenzahn T\u00fcrkis Damast Klinge Unikat"},"content":{"rendered":"","protected":false},"excerpt":{"rendered":"<p>Laguiole Prestige Designer<br \/>\nKlappmesser Mammut Backenzahn Griff T\u00fcrkis<br \/>\nGeb\u00fcrsteter<br \/>\nR\u00fccken Kropf Gr\u00f6\u00dfe 12 cm (geschlossenes Messer)<br \/>\nDamastklinge<br \/>\nFeder, Platten und Kropf Fein von Hand gemei\u00dfelt<br \/>\nPrestige Fliege Von Hand<\/p>\n<p>geschmiedet und gemei\u00dfelt Einzelst\u00fcck<br \/>\nSignatur im Inneren des Messers<br \/>\nDesigner Mickael GINISTY<br \/>\n<iframe src=\"https:\/\/www.youtube.com\/embed\/sR-KvZxkfgE?rel=0&amp;autoplay=1\" width=\"560\" height=\"315\" frameborder=\"0\" allowfullscreen=\"allowfullscreen\"><\/iframe><\/p>\n","protected":false},"featured_media":38314,"template":"","meta":{"_acf_changed":false,"_monsterinsights_skip_tracking":false,"_monsterinsights_sitenote_active":false,"_monsterinsights_sitenote_note":"","_monsterinsights_sitenote_category":0},"product_brand":[],"product_cat":[5938,5939,5943],"product_tag":[],"class_list":{"0":"post-38300","1":"product","2":"type-product","3":"status-publish","4":"has-post-thumbnail","6":"product_cat-klappmesser","7":"product_cat-laguiole-klappmesser","8":"product_cat-laguiole-prestiges-messer","9":"pa_composition-couteau-1-stueck-nur-klinge","10":"pa_lame-damaskus","11":"pa_manche-en-matiere-animale-mammutbackenzahn","12":"pa_marque-laguiole-createurs","13":"pa_mitres-1-gehrung","14":"pa_mouche-geschmiedet","15":"pa_mouche-prestige","16":"pa_platines-einzelplatin","17":"pa_platines-guilloche-muster","18":"pa_ressort-guilloche","19":"pa_taille-du-manche-12-cm","20":"tm-no-options","23":"onbackorder","24":"taxable","25":"shipping-taxable","26":"purchasable","27":"product-type-simple"},"supplier_id":null,"supplier_sku":"","barcode":null,"atum_controlled":true,"out_stock_date":"2025-12-09 16:31:34","out_stock_threshold":null,"inheritable":false,"inbound_stock":0,"stock_on_hold":0,"sold_today":0,"sales_last_days":0,"reserved_stock":0,"customer_returns":0,"warehouse_damage":0,"lost_in_post":0,"other_logs":0,"out_stock_days":139,"lost_sales":0,"has_location":false,"update_date":"2026-04-28T00:37:50","atum_locations":[],"atum_stock_status":"onbackorder","restock_status":false,"low_stock_amount":"","sales_update_date":"2026-04-28T00:37:50","calc_backorders":0,"acf":[],"yoast_head":"<!-- This site is optimized with the Yoast SEO plugin v27.3 - https:\/\/yoast.com\/product\/yoast-seo-wordpress\/ -->\n<title>Laguiole Prestige Designer Messer 1 St\u00fcck 12 cm Hinterer Kropf Griff Mammut Backenzahn T\u00fcrkis Damast Klinge Unikat - Laguiole.com \u00ae<\/title>\n<meta name=\"description\" content=\"Laguiole Prestige Creator Klappmessergriff aus t\u00fcrkisblauem Mammutelfenbein, fein von Hand ziselierter, r\u00fcckenbacken aus geb\u00fcrstetem edelstahl.\" \/>\n<meta name=\"robots\" content=\"index, follow, max-snippet:-1, max-image-preview:large, max-video-preview:-1\" \/>\n<link rel=\"canonical\" href=\"https:\/\/laguiole.com\/de\/produit\/laguiole-prestige-designer-messer-1-stueck-12-cm-hinterer-kropf-griff-mammut-backenzahn-tuerkis-damast-klinge-unikat\/\" \/>\n<meta property=\"og:locale\" content=\"de_DE\" \/>\n<meta property=\"og:type\" content=\"article\" \/>\n<meta property=\"og:title\" content=\"Laguiole Prestige Designer Messer 1 St\u00fcck 12 cm Hinterer Kropf Griff Mammut Backenzahn T\u00fcrkis Damast Klinge Unikat - Laguiole.com \u00ae\" \/>\n<meta property=\"og:description\" content=\"Laguiole Prestige Creator Klappmessergriff aus t\u00fcrkisblauem Mammutelfenbein, fein von Hand ziselierter, r\u00fcckenbacken aus geb\u00fcrstetem edelstahl.\" \/>\n<meta property=\"og:url\" content=\"https:\/\/laguiole.com\/de\/produit\/laguiole-prestige-designer-messer-1-stueck-12-cm-hinterer-kropf-griff-mammut-backenzahn-tuerkis-damast-klinge-unikat\/\" \/>\n<meta property=\"og:site_name\" content=\"Laguiole.com \u00ae\" \/>\n<meta property=\"article:publisher\" content=\"https:\/\/www.facebook.com\/laguiolecom\/\" \/>\n<meta property=\"article:modified_time\" content=\"2025-10-03T16:10:19+00:00\" \/>\n<meta property=\"og:image\" content=\"https:\/\/laguiole.com\/wp-content\/uploads\/2024\/01\/Couteau_Laguiole_Prestige_Createur_1_Piece_12_cm_Mitre_Arriere_Manche_Molaire_de_Mammouth_Turquoise_Lame_Damas_Piece_Unique_00.jpg\" \/>\n\t<meta property=\"og:image:width\" content=\"1033\" \/>\n\t<meta property=\"og:image:height\" content=\"1033\" \/>\n\t<meta property=\"og:image:type\" content=\"image\/jpeg\" \/>\n<meta name=\"twitter:card\" content=\"summary_large_image\" \/>\n<script type=\"application\/ld+json\" class=\"yoast-schema-graph\">{\"@context\":\"https:\\\/\\\/schema.org\",\"@graph\":[{\"@type\":\"WebPage\",\"@id\":\"https:\\\/\\\/laguiole.com\\\/de\\\/produit\\\/laguiole-prestige-designer-messer-1-stueck-12-cm-hinterer-kropf-griff-mammut-backenzahn-tuerkis-damast-klinge-unikat\\\/\",\"url\":\"https:\\\/\\\/laguiole.com\\\/de\\\/produit\\\/laguiole-prestige-designer-messer-1-stueck-12-cm-hinterer-kropf-griff-mammut-backenzahn-tuerkis-damast-klinge-unikat\\\/\",\"name\":\"Laguiole Prestige Designer Messer 1 St\u00fcck 12 cm Hinterer Kropf Griff Mammut Backenzahn T\u00fcrkis Damast Klinge Unikat - Laguiole.com \u00ae\",\"isPartOf\":{\"@id\":\"https:\\\/\\\/laguiole.com\\\/de\\\/#website\"},\"primaryImageOfPage\":{\"@id\":\"https:\\\/\\\/laguiole.com\\\/de\\\/produit\\\/laguiole-prestige-designer-messer-1-stueck-12-cm-hinterer-kropf-griff-mammut-backenzahn-tuerkis-damast-klinge-unikat\\\/#primaryimage\"},\"image\":{\"@id\":\"https:\\\/\\\/laguiole.com\\\/de\\\/produit\\\/laguiole-prestige-designer-messer-1-stueck-12-cm-hinterer-kropf-griff-mammut-backenzahn-tuerkis-damast-klinge-unikat\\\/#primaryimage\"},\"thumbnailUrl\":\"https:\\\/\\\/laguiole.com\\\/wp-content\\\/uploads\\\/2024\\\/01\\\/Couteau_Laguiole_Prestige_Createur_1_Piece_12_cm_Mitre_Arriere_Manche_Molaire_de_Mammouth_Turquoise_Lame_Damas_Piece_Unique_00.jpg\",\"datePublished\":\"2024-01-12T18:57:46+00:00\",\"dateModified\":\"2025-10-03T16:10:19+00:00\",\"description\":\"Laguiole Prestige Creator Klappmessergriff aus t\u00fcrkisblauem Mammutelfenbein, fein von Hand ziselierter, r\u00fcckenbacken aus geb\u00fcrstetem edelstahl.\",\"breadcrumb\":{\"@id\":\"https:\\\/\\\/laguiole.com\\\/de\\\/produit\\\/laguiole-prestige-designer-messer-1-stueck-12-cm-hinterer-kropf-griff-mammut-backenzahn-tuerkis-damast-klinge-unikat\\\/#breadcrumb\"},\"inLanguage\":\"de\",\"potentialAction\":[{\"@type\":\"ReadAction\",\"target\":[\"https:\\\/\\\/laguiole.com\\\/de\\\/produit\\\/laguiole-prestige-designer-messer-1-stueck-12-cm-hinterer-kropf-griff-mammut-backenzahn-tuerkis-damast-klinge-unikat\\\/\"]}]},{\"@type\":\"ImageObject\",\"inLanguage\":\"de\",\"@id\":\"https:\\\/\\\/laguiole.com\\\/de\\\/produit\\\/laguiole-prestige-designer-messer-1-stueck-12-cm-hinterer-kropf-griff-mammut-backenzahn-tuerkis-damast-klinge-unikat\\\/#primaryimage\",\"url\":\"https:\\\/\\\/laguiole.com\\\/wp-content\\\/uploads\\\/2024\\\/01\\\/Couteau_Laguiole_Prestige_Createur_1_Piece_12_cm_Mitre_Arriere_Manche_Molaire_de_Mammouth_Turquoise_Lame_Damas_Piece_Unique_00.jpg\",\"contentUrl\":\"https:\\\/\\\/laguiole.com\\\/wp-content\\\/uploads\\\/2024\\\/01\\\/Couteau_Laguiole_Prestige_Createur_1_Piece_12_cm_Mitre_Arriere_Manche_Molaire_de_Mammouth_Turquoise_Lame_Damas_Piece_Unique_00.jpg\",\"width\":1033,\"height\":1033,\"caption\":\"Laguiole Prestige Designer Messer 1 St\u00fcck 12 cm Hinterer Kropf Griff Mammut Backenzahn T\u00fcrkis Damast Klinge Unikat\"},{\"@type\":\"BreadcrumbList\",\"@id\":\"https:\\\/\\\/laguiole.com\\\/de\\\/produit\\\/laguiole-prestige-designer-messer-1-stueck-12-cm-hinterer-kropf-griff-mammut-backenzahn-tuerkis-damast-klinge-unikat\\\/#breadcrumb\",\"itemListElement\":[{\"@type\":\"ListItem\",\"position\":1,\"name\":\"Accueil\",\"item\":\"https:\\\/\\\/laguiole.com\\\/de\\\/\"},{\"@type\":\"ListItem\",\"position\":2,\"name\":\"Shop\",\"item\":\"https:\\\/\\\/laguiole.com\\\/de\\\/shop-2\\\/\"},{\"@type\":\"ListItem\",\"position\":3,\"name\":\"Laguiole Prestige Designer Messer 1 St\u00fcck 12 cm Hinterer Kropf Griff Mammut Backenzahn T\u00fcrkis Damast Klinge Unikat\"}]},{\"@type\":\"WebSite\",\"@id\":\"https:\\\/\\\/laguiole.com\\\/de\\\/#website\",\"url\":\"https:\\\/\\\/laguiole.com\\\/de\\\/\",\"name\":\"Laguiole.com\",\"description\":\"Laguiole - Couteau laguiole, Chateau Laguiole, Laguiole en Aubrac, Forge de Laguiole\",\"publisher\":{\"@id\":\"https:\\\/\\\/laguiole.com\\\/de\\\/#organization\"},\"potentialAction\":[{\"@type\":\"SearchAction\",\"target\":{\"@type\":\"EntryPoint\",\"urlTemplate\":\"https:\\\/\\\/laguiole.com\\\/de\\\/?s={search_term_string}\"},\"query-input\":{\"@type\":\"PropertyValueSpecification\",\"valueRequired\":true,\"valueName\":\"search_term_string\"}}],\"inLanguage\":\"de\"},{\"@type\":\"Organization\",\"@id\":\"https:\\\/\\\/laguiole.com\\\/de\\\/#organization\",\"name\":\"Laguiole.com\",\"url\":\"https:\\\/\\\/laguiole.com\\\/de\\\/\",\"logo\":{\"@type\":\"ImageObject\",\"inLanguage\":\"de\",\"@id\":\"https:\\\/\\\/laguiole.com\\\/de\\\/#\\\/schema\\\/logo\\\/image\\\/\",\"url\":\"https:\\\/\\\/laguiole.com\\\/wp-content\\\/uploads\\\/2021\\\/02\\\/logo_laguiole.com-horizontal.jpg\",\"contentUrl\":\"https:\\\/\\\/laguiole.com\\\/wp-content\\\/uploads\\\/2021\\\/02\\\/logo_laguiole.com-horizontal.jpg\",\"width\":490,\"height\":156,\"caption\":\"Laguiole.com\"},\"image\":{\"@id\":\"https:\\\/\\\/laguiole.com\\\/de\\\/#\\\/schema\\\/logo\\\/image\\\/\"},\"sameAs\":[\"https:\\\/\\\/www.facebook.com\\\/laguiolecom\\\/\",\"https:\\\/\\\/www.instagram.com\\\/laguiolecom\\\/\",\"https:\\\/\\\/www.youtube.com\\\/@laguiolecom\\\/videos\"]}]}<\/script>\n<!-- \/ Yoast SEO plugin. -->","yoast_head_json":{"title":"Laguiole Prestige Designer Messer 1 St\u00fcck 12 cm Hinterer Kropf Griff Mammut Backenzahn T\u00fcrkis Damast Klinge Unikat - Laguiole.com \u00ae","description":"Laguiole Prestige Creator Klappmessergriff aus t\u00fcrkisblauem Mammutelfenbein, fein von Hand ziselierter, r\u00fcckenbacken aus geb\u00fcrstetem edelstahl.","robots":{"index":"index","follow":"follow","max-snippet":"max-snippet:-1","max-image-preview":"max-image-preview:large","max-video-preview":"max-video-preview:-1"},"canonical":"https:\/\/laguiole.com\/de\/produit\/laguiole-prestige-designer-messer-1-stueck-12-cm-hinterer-kropf-griff-mammut-backenzahn-tuerkis-damast-klinge-unikat\/","og_locale":"de_DE","og_type":"article","og_title":"Laguiole Prestige Designer Messer 1 St\u00fcck 12 cm Hinterer Kropf Griff Mammut Backenzahn T\u00fcrkis Damast Klinge Unikat - Laguiole.com \u00ae","og_description":"Laguiole Prestige Creator Klappmessergriff aus t\u00fcrkisblauem Mammutelfenbein, fein von Hand ziselierter, r\u00fcckenbacken aus geb\u00fcrstetem edelstahl.","og_url":"https:\/\/laguiole.com\/de\/produit\/laguiole-prestige-designer-messer-1-stueck-12-cm-hinterer-kropf-griff-mammut-backenzahn-tuerkis-damast-klinge-unikat\/","og_site_name":"Laguiole.com \u00ae","article_publisher":"https:\/\/www.facebook.com\/laguiolecom\/","article_modified_time":"2025-10-03T16:10:19+00:00","og_image":[{"width":1033,"height":1033,"url":"https:\/\/laguiole.com\/wp-content\/uploads\/2024\/01\/Couteau_Laguiole_Prestige_Createur_1_Piece_12_cm_Mitre_Arriere_Manche_Molaire_de_Mammouth_Turquoise_Lame_Damas_Piece_Unique_00.jpg","type":"image\/jpeg"}],"twitter_card":"summary_large_image","schema":{"@context":"https:\/\/schema.org","@graph":[{"@type":"WebPage","@id":"https:\/\/laguiole.com\/de\/produit\/laguiole-prestige-designer-messer-1-stueck-12-cm-hinterer-kropf-griff-mammut-backenzahn-tuerkis-damast-klinge-unikat\/","url":"https:\/\/laguiole.com\/de\/produit\/laguiole-prestige-designer-messer-1-stueck-12-cm-hinterer-kropf-griff-mammut-backenzahn-tuerkis-damast-klinge-unikat\/","name":"Laguiole Prestige Designer Messer 1 St\u00fcck 12 cm Hinterer Kropf Griff Mammut Backenzahn T\u00fcrkis Damast Klinge Unikat - Laguiole.com \u00ae","isPartOf":{"@id":"https:\/\/laguiole.com\/de\/#website"},"primaryImageOfPage":{"@id":"https:\/\/laguiole.com\/de\/produit\/laguiole-prestige-designer-messer-1-stueck-12-cm-hinterer-kropf-griff-mammut-backenzahn-tuerkis-damast-klinge-unikat\/#primaryimage"},"image":{"@id":"https:\/\/laguiole.com\/de\/produit\/laguiole-prestige-designer-messer-1-stueck-12-cm-hinterer-kropf-griff-mammut-backenzahn-tuerkis-damast-klinge-unikat\/#primaryimage"},"thumbnailUrl":"https:\/\/laguiole.com\/wp-content\/uploads\/2024\/01\/Couteau_Laguiole_Prestige_Createur_1_Piece_12_cm_Mitre_Arriere_Manche_Molaire_de_Mammouth_Turquoise_Lame_Damas_Piece_Unique_00.jpg","datePublished":"2024-01-12T18:57:46+00:00","dateModified":"2025-10-03T16:10:19+00:00","description":"Laguiole Prestige Creator Klappmessergriff aus t\u00fcrkisblauem Mammutelfenbein, fein von Hand ziselierter, r\u00fcckenbacken aus geb\u00fcrstetem edelstahl.","breadcrumb":{"@id":"https:\/\/laguiole.com\/de\/produit\/laguiole-prestige-designer-messer-1-stueck-12-cm-hinterer-kropf-griff-mammut-backenzahn-tuerkis-damast-klinge-unikat\/#breadcrumb"},"inLanguage":"de","potentialAction":[{"@type":"ReadAction","target":["https:\/\/laguiole.com\/de\/produit\/laguiole-prestige-designer-messer-1-stueck-12-cm-hinterer-kropf-griff-mammut-backenzahn-tuerkis-damast-klinge-unikat\/"]}]},{"@type":"ImageObject","inLanguage":"de","@id":"https:\/\/laguiole.com\/de\/produit\/laguiole-prestige-designer-messer-1-stueck-12-cm-hinterer-kropf-griff-mammut-backenzahn-tuerkis-damast-klinge-unikat\/#primaryimage","url":"https:\/\/laguiole.com\/wp-content\/uploads\/2024\/01\/Couteau_Laguiole_Prestige_Createur_1_Piece_12_cm_Mitre_Arriere_Manche_Molaire_de_Mammouth_Turquoise_Lame_Damas_Piece_Unique_00.jpg","contentUrl":"https:\/\/laguiole.com\/wp-content\/uploads\/2024\/01\/Couteau_Laguiole_Prestige_Createur_1_Piece_12_cm_Mitre_Arriere_Manche_Molaire_de_Mammouth_Turquoise_Lame_Damas_Piece_Unique_00.jpg","width":1033,"height":1033,"caption":"Laguiole Prestige Designer Messer 1 St\u00fcck 12 cm Hinterer Kropf Griff Mammut Backenzahn T\u00fcrkis Damast Klinge Unikat"},{"@type":"BreadcrumbList","@id":"https:\/\/laguiole.com\/de\/produit\/laguiole-prestige-designer-messer-1-stueck-12-cm-hinterer-kropf-griff-mammut-backenzahn-tuerkis-damast-klinge-unikat\/#breadcrumb","itemListElement":[{"@type":"ListItem","position":1,"name":"Accueil","item":"https:\/\/laguiole.com\/de\/"},{"@type":"ListItem","position":2,"name":"Shop","item":"https:\/\/laguiole.com\/de\/shop-2\/"},{"@type":"ListItem","position":3,"name":"Laguiole Prestige Designer Messer 1 St\u00fcck 12 cm Hinterer Kropf Griff Mammut Backenzahn T\u00fcrkis Damast Klinge Unikat"}]},{"@type":"WebSite","@id":"https:\/\/laguiole.com\/de\/#website","url":"https:\/\/laguiole.com\/de\/","name":"Laguiole.com","description":"Laguiole - Couteau laguiole, Chateau Laguiole, Laguiole en Aubrac, Forge de Laguiole","publisher":{"@id":"https:\/\/laguiole.com\/de\/#organization"},"potentialAction":[{"@type":"SearchAction","target":{"@type":"EntryPoint","urlTemplate":"https:\/\/laguiole.com\/de\/?s={search_term_string}"},"query-input":{"@type":"PropertyValueSpecification","valueRequired":true,"valueName":"search_term_string"}}],"inLanguage":"de"},{"@type":"Organization","@id":"https:\/\/laguiole.com\/de\/#organization","name":"Laguiole.com","url":"https:\/\/laguiole.com\/de\/","logo":{"@type":"ImageObject","inLanguage":"de","@id":"https:\/\/laguiole.com\/de\/#\/schema\/logo\/image\/","url":"https:\/\/laguiole.com\/wp-content\/uploads\/2021\/02\/logo_laguiole.com-horizontal.jpg","contentUrl":"https:\/\/laguiole.com\/wp-content\/uploads\/2021\/02\/logo_laguiole.com-horizontal.jpg","width":490,"height":156,"caption":"Laguiole.com"},"image":{"@id":"https:\/\/laguiole.com\/de\/#\/schema\/logo\/image\/"},"sameAs":["https:\/\/www.facebook.com\/laguiolecom\/","https:\/\/www.instagram.com\/laguiolecom\/","https:\/\/www.youtube.com\/@laguiolecom\/videos"]}]}},"_links":{"self":[{"href":"https:\/\/laguiole.com\/de\/wp-json\/wp\/v2\/product\/38300","targetHints":{"allow":["GET"]}}],"collection":[{"href":"https:\/\/laguiole.com\/de\/wp-json\/wp\/v2\/product"}],"about":[{"href":"https:\/\/laguiole.com\/de\/wp-json\/wp\/v2\/types\/product"}],"version-history":[{"count":1,"href":"https:\/\/laguiole.com\/de\/wp-json\/wp\/v2\/product\/38300\/revisions"}],"predecessor-version":[{"id":41587,"href":"https:\/\/laguiole.com\/de\/wp-json\/wp\/v2\/product\/38300\/revisions\/41587"}],"wp:featuredmedia":[{"embeddable":true,"href":"https:\/\/laguiole.com\/de\/wp-json\/wp\/v2\/media\/38314"}],"wp:attachment":[{"href":"https:\/\/laguiole.com\/de\/wp-json\/wp\/v2\/media?parent=38300"}],"wp:term":[{"taxonomy":"product_brand","embeddable":true,"href":"https:\/\/laguiole.com\/de\/wp-json\/wp\/v2\/product_brand?post=38300"},{"taxonomy":"product_cat","embeddable":true,"href":"https:\/\/laguiole.com\/de\/wp-json\/wp\/v2\/product_cat?post=38300"},{"taxonomy":"product_tag","embeddable":true,"href":"https:\/\/laguiole.com\/de\/wp-json\/wp\/v2\/product_tag?post=38300"}],"curies":[{"name":"wp","href":"https:\/\/api.w.org\/{rel}","templated":true}]}}