{"id":38299,"date":"2023-11-18T13:01:51","date_gmt":"2023-11-18T12:01:51","guid":{"rendered":"https:\/\/laguiole.com\/produit\/laguiole-aubrac-messer-1-stueck-12-cm-doppelt-guillochierte-platten-und-griff-aus-federndem-rotem-lavastein-2-kropfe-klinge-aus-gebuerstetem-edelstahl\/"},"modified":"2023-11-18T13:01:51","modified_gmt":"2023-11-18T12:01:51","slug":"laguiole-aubrac-messer-1-stueck-12-cm-doppelt-guillochierte-platten-und-griff-aus-federndem-rotem-lavastein-2-kropfe-klinge-aus-gebuerstetem-edelstahl","status":"publish","type":"product","link":"https:\/\/laguiole.com\/de\/produit\/laguiole-aubrac-messer-1-stueck-12-cm-doppelt-guillochierte-platten-und-griff-aus-federndem-rotem-lavastein-2-kropfe-klinge-aus-gebuerstetem-edelstahl\/","title":{"rendered":"Laguiole Aubrac Messer 1 St\u00fcck 12 cm Doppelt guillochierte Platten und Griff aus federndem rotem Lavastein 2 Kropfe Klinge aus geb\u00fcrstetem Edelstahl"},"content":{"rendered":"","protected":false},"excerpt":{"rendered":"<p>Laguiole Klappmesser aus aubrac<br \/>\nrotem Lavastein<br \/>\nGriff 2 Kropfe Klinge aus geb\u00fcrstetem<br \/>\nEdelstahl 12c27 Feder aus geb\u00fcrstetem<br \/>\nEdelstahl Feder von Hand guillochiert<br \/>\nFeder Doppelplatten aus geb\u00fcrstetem Edelstahl guillochiert und von Hand<br \/>\ngemei\u00dfelt Handgeschmiedete Fliegenklingenl\u00e4nge<br \/>\n10 cm<br \/>\nGeschlossene Messerl\u00e4nge 12 cm<br \/>\nOffene Messerl\u00e4nge 22 cm<\/p>\n","protected":false},"featured_media":38301,"template":"","meta":{"_acf_changed":false,"_monsterinsights_skip_tracking":false,"_monsterinsights_sitenote_active":false,"_monsterinsights_sitenote_note":"","_monsterinsights_sitenote_category":0},"product_brand":[],"product_cat":[5938,5939,5944],"product_tag":[],"class_list":{"0":"post-38299","1":"product","2":"type-product","3":"status-publish","4":"has-post-thumbnail","6":"product_cat-klappmesser","7":"product_cat-laguiole-klappmesser","8":"product_cat-laguiole-spezialmesser","9":"pa_composition-couteau-1-stueck-nur-klinge","10":"pa_finition-gebuerstet","11":"pa_lame-gebuersteter-edelstahl","12":"pa_manche-matiere-minerale-lavastein","13":"pa_marque-laguiole-en-aubracfr","14":"pa_mitres-2-gehrungen","15":"pa_mitres-gebuersteter-edelstahl","16":"pa_mouche-geschmiedet","17":"pa_mouche-prestige","18":"pa_platines-doppel-drehteller","19":"pa_platines-guilloche-muster","20":"pa_ressort-guilloche","21":"pa_taille-du-manche-12-cm","22":"tm-has-options","25":"instock","26":"taxable","27":"shipping-taxable","28":"purchasable","29":"product-type-simple"},"supplier_id":null,"supplier_sku":"","barcode":null,"atum_controlled":true,"out_stock_date":null,"out_stock_threshold":null,"inheritable":false,"inbound_stock":0,"stock_on_hold":0,"sold_today":0,"sales_last_days":0,"reserved_stock":0,"customer_returns":0,"warehouse_damage":0,"lost_in_post":0,"other_logs":0,"out_stock_days":0,"lost_sales":0,"has_location":false,"update_date":"2026-05-02T00:46:16","atum_locations":[],"atum_stock_status":"instock","restock_status":false,"low_stock_amount":"","sales_update_date":"2026-05-02T00:46:16","calc_backorders":0,"acf":[],"yoast_head":"<!-- This site is optimized with the Yoast SEO plugin v27.3 - https:\/\/yoast.com\/product\/yoast-seo-wordpress\/ -->\n<title>Laguiole Aubrac Messer 1 St\u00fcck 12 cm Doppelt guillochierte Platten und Griff aus federndem rotem Lavastein 2 Kropfe Klinge aus geb\u00fcrstetem Edelstahl - Laguiole.com \u00ae<\/title>\n<meta name=\"robots\" content=\"index, follow, max-snippet:-1, max-image-preview:large, max-video-preview:-1\" \/>\n<link rel=\"canonical\" href=\"https:\/\/laguiole.com\/de\/produit\/laguiole-aubrac-messer-1-stueck-12-cm-doppelt-guillochierte-platten-und-griff-aus-federndem-rotem-lavastein-2-kropfe-klinge-aus-gebuerstetem-edelstahl\/\" \/>\n<meta property=\"og:locale\" content=\"de_DE\" \/>\n<meta property=\"og:type\" content=\"article\" \/>\n<meta property=\"og:title\" content=\"Laguiole Aubrac Messer 1 St\u00fcck 12 cm Doppelt guillochierte Platten und Griff aus federndem rotem Lavastein 2 Kropfe Klinge aus geb\u00fcrstetem Edelstahl - Laguiole.com \u00ae\" \/>\n<meta property=\"og:description\" content=\"Laguiole Klappmesser aus aubrac rotem Lavastein Griff 2 Kropfe Klinge aus geb\u00fcrstetem Edelstahl 12c27 Feder aus geb\u00fcrstetem Edelstahl Feder von Hand guillochiert Feder Doppelplatten aus geb\u00fcrstetem Edelstahl guillochiert und von Hand gemei\u00dfelt Handgeschmiedete Fliegenklingenl\u00e4nge 10 cm Geschlossene Messerl\u00e4nge 12 cm Offene Messerl\u00e4nge 22 cm\" \/>\n<meta property=\"og:url\" content=\"https:\/\/laguiole.com\/de\/produit\/laguiole-aubrac-messer-1-stueck-12-cm-doppelt-guillochierte-platten-und-griff-aus-federndem-rotem-lavastein-2-kropfe-klinge-aus-gebuerstetem-edelstahl\/\" \/>\n<meta property=\"og:site_name\" content=\"Laguiole.com \u00ae\" \/>\n<meta property=\"article:publisher\" content=\"https:\/\/www.facebook.com\/laguiolecom\/\" \/>\n<meta property=\"og:image\" content=\"https:\/\/laguiole.com\/wp-content\/uploads\/2023\/11\/Couteau_Laguiole_en_Aubrac_1_Piece_12_cm_Double_Platines_et_ressort_guilloches_Manche_en_Pierre_de_Lave_rouge_2_Mitres_Inox_Brosse_Lame_Inox_Brosse_00.jpg\" \/>\n\t<meta property=\"og:image:width\" content=\"1033\" \/>\n\t<meta property=\"og:image:height\" content=\"1033\" \/>\n\t<meta property=\"og:image:type\" content=\"image\/jpeg\" \/>\n<meta name=\"twitter:card\" content=\"summary_large_image\" \/>\n<script type=\"application\/ld+json\" class=\"yoast-schema-graph\">{\"@context\":\"https:\\\/\\\/schema.org\",\"@graph\":[{\"@type\":\"WebPage\",\"@id\":\"https:\\\/\\\/laguiole.com\\\/de\\\/produit\\\/laguiole-aubrac-messer-1-stueck-12-cm-doppelt-guillochierte-platten-und-griff-aus-federndem-rotem-lavastein-2-kropfe-klinge-aus-gebuerstetem-edelstahl\\\/\",\"url\":\"https:\\\/\\\/laguiole.com\\\/de\\\/produit\\\/laguiole-aubrac-messer-1-stueck-12-cm-doppelt-guillochierte-platten-und-griff-aus-federndem-rotem-lavastein-2-kropfe-klinge-aus-gebuerstetem-edelstahl\\\/\",\"name\":\"Laguiole Aubrac Messer 1 St\u00fcck 12 cm Doppelt guillochierte Platten und Griff aus federndem rotem Lavastein 2 Kropfe Klinge aus geb\u00fcrstetem Edelstahl - Laguiole.com \u00ae\",\"isPartOf\":{\"@id\":\"https:\\\/\\\/laguiole.com\\\/de\\\/#website\"},\"primaryImageOfPage\":{\"@id\":\"https:\\\/\\\/laguiole.com\\\/de\\\/produit\\\/laguiole-aubrac-messer-1-stueck-12-cm-doppelt-guillochierte-platten-und-griff-aus-federndem-rotem-lavastein-2-kropfe-klinge-aus-gebuerstetem-edelstahl\\\/#primaryimage\"},\"image\":{\"@id\":\"https:\\\/\\\/laguiole.com\\\/de\\\/produit\\\/laguiole-aubrac-messer-1-stueck-12-cm-doppelt-guillochierte-platten-und-griff-aus-federndem-rotem-lavastein-2-kropfe-klinge-aus-gebuerstetem-edelstahl\\\/#primaryimage\"},\"thumbnailUrl\":\"https:\\\/\\\/laguiole.com\\\/wp-content\\\/uploads\\\/2023\\\/11\\\/Couteau_Laguiole_en_Aubrac_1_Piece_12_cm_Double_Platines_et_ressort_guilloches_Manche_en_Pierre_de_Lave_rouge_2_Mitres_Inox_Brosse_Lame_Inox_Brosse_00.jpg\",\"datePublished\":\"2023-11-18T12:01:51+00:00\",\"breadcrumb\":{\"@id\":\"https:\\\/\\\/laguiole.com\\\/de\\\/produit\\\/laguiole-aubrac-messer-1-stueck-12-cm-doppelt-guillochierte-platten-und-griff-aus-federndem-rotem-lavastein-2-kropfe-klinge-aus-gebuerstetem-edelstahl\\\/#breadcrumb\"},\"inLanguage\":\"de\",\"potentialAction\":[{\"@type\":\"ReadAction\",\"target\":[\"https:\\\/\\\/laguiole.com\\\/de\\\/produit\\\/laguiole-aubrac-messer-1-stueck-12-cm-doppelt-guillochierte-platten-und-griff-aus-federndem-rotem-lavastein-2-kropfe-klinge-aus-gebuerstetem-edelstahl\\\/\"]}]},{\"@type\":\"ImageObject\",\"inLanguage\":\"de\",\"@id\":\"https:\\\/\\\/laguiole.com\\\/de\\\/produit\\\/laguiole-aubrac-messer-1-stueck-12-cm-doppelt-guillochierte-platten-und-griff-aus-federndem-rotem-lavastein-2-kropfe-klinge-aus-gebuerstetem-edelstahl\\\/#primaryimage\",\"url\":\"https:\\\/\\\/laguiole.com\\\/wp-content\\\/uploads\\\/2023\\\/11\\\/Couteau_Laguiole_en_Aubrac_1_Piece_12_cm_Double_Platines_et_ressort_guilloches_Manche_en_Pierre_de_Lave_rouge_2_Mitres_Inox_Brosse_Lame_Inox_Brosse_00.jpg\",\"contentUrl\":\"https:\\\/\\\/laguiole.com\\\/wp-content\\\/uploads\\\/2023\\\/11\\\/Couteau_Laguiole_en_Aubrac_1_Piece_12_cm_Double_Platines_et_ressort_guilloches_Manche_en_Pierre_de_Lave_rouge_2_Mitres_Inox_Brosse_Lame_Inox_Brosse_00.jpg\",\"width\":1033,\"height\":1033,\"caption\":\"Laguiole Aubrac Messer 1 St\u00fcck 12 cm Doppelt guillochierte Platten und Griff aus federndem rotem Lavastein 2 Kropfe Klinge aus geb\u00fcrstetem Edelstahl\"},{\"@type\":\"BreadcrumbList\",\"@id\":\"https:\\\/\\\/laguiole.com\\\/de\\\/produit\\\/laguiole-aubrac-messer-1-stueck-12-cm-doppelt-guillochierte-platten-und-griff-aus-federndem-rotem-lavastein-2-kropfe-klinge-aus-gebuerstetem-edelstahl\\\/#breadcrumb\",\"itemListElement\":[{\"@type\":\"ListItem\",\"position\":1,\"name\":\"Accueil\",\"item\":\"https:\\\/\\\/laguiole.com\\\/de\\\/\"},{\"@type\":\"ListItem\",\"position\":2,\"name\":\"Shop\",\"item\":\"https:\\\/\\\/laguiole.com\\\/de\\\/shop-2\\\/\"},{\"@type\":\"ListItem\",\"position\":3,\"name\":\"Laguiole Aubrac Messer 1 St\u00fcck 12 cm Doppelt guillochierte Platten und Griff aus federndem rotem Lavastein 2 Kropfe Klinge aus geb\u00fcrstetem Edelstahl\"}]},{\"@type\":\"WebSite\",\"@id\":\"https:\\\/\\\/laguiole.com\\\/de\\\/#website\",\"url\":\"https:\\\/\\\/laguiole.com\\\/de\\\/\",\"name\":\"Laguiole.com\",\"description\":\"Laguiole - Couteau laguiole, Chateau Laguiole, Laguiole en Aubrac, Forge de Laguiole\",\"publisher\":{\"@id\":\"https:\\\/\\\/laguiole.com\\\/de\\\/#organization\"},\"potentialAction\":[{\"@type\":\"SearchAction\",\"target\":{\"@type\":\"EntryPoint\",\"urlTemplate\":\"https:\\\/\\\/laguiole.com\\\/de\\\/?s={search_term_string}\"},\"query-input\":{\"@type\":\"PropertyValueSpecification\",\"valueRequired\":true,\"valueName\":\"search_term_string\"}}],\"inLanguage\":\"de\"},{\"@type\":\"Organization\",\"@id\":\"https:\\\/\\\/laguiole.com\\\/de\\\/#organization\",\"name\":\"Laguiole.com\",\"url\":\"https:\\\/\\\/laguiole.com\\\/de\\\/\",\"logo\":{\"@type\":\"ImageObject\",\"inLanguage\":\"de\",\"@id\":\"https:\\\/\\\/laguiole.com\\\/de\\\/#\\\/schema\\\/logo\\\/image\\\/\",\"url\":\"https:\\\/\\\/laguiole.com\\\/wp-content\\\/uploads\\\/2021\\\/02\\\/logo_laguiole.com-horizontal.jpg\",\"contentUrl\":\"https:\\\/\\\/laguiole.com\\\/wp-content\\\/uploads\\\/2021\\\/02\\\/logo_laguiole.com-horizontal.jpg\",\"width\":490,\"height\":156,\"caption\":\"Laguiole.com\"},\"image\":{\"@id\":\"https:\\\/\\\/laguiole.com\\\/de\\\/#\\\/schema\\\/logo\\\/image\\\/\"},\"sameAs\":[\"https:\\\/\\\/www.facebook.com\\\/laguiolecom\\\/\",\"https:\\\/\\\/www.instagram.com\\\/laguiolecom\\\/\",\"https:\\\/\\\/www.youtube.com\\\/@laguiolecom\\\/videos\"]}]}<\/script>\n<!-- \/ Yoast SEO plugin. -->","yoast_head_json":{"title":"Laguiole Aubrac Messer 1 St\u00fcck 12 cm Doppelt guillochierte Platten und Griff aus federndem rotem Lavastein 2 Kropfe Klinge aus geb\u00fcrstetem Edelstahl - Laguiole.com \u00ae","robots":{"index":"index","follow":"follow","max-snippet":"max-snippet:-1","max-image-preview":"max-image-preview:large","max-video-preview":"max-video-preview:-1"},"canonical":"https:\/\/laguiole.com\/de\/produit\/laguiole-aubrac-messer-1-stueck-12-cm-doppelt-guillochierte-platten-und-griff-aus-federndem-rotem-lavastein-2-kropfe-klinge-aus-gebuerstetem-edelstahl\/","og_locale":"de_DE","og_type":"article","og_title":"Laguiole Aubrac Messer 1 St\u00fcck 12 cm Doppelt guillochierte Platten und Griff aus federndem rotem Lavastein 2 Kropfe Klinge aus geb\u00fcrstetem Edelstahl - Laguiole.com \u00ae","og_description":"Laguiole Klappmesser aus aubrac rotem Lavastein Griff 2 Kropfe Klinge aus geb\u00fcrstetem Edelstahl 12c27 Feder aus geb\u00fcrstetem Edelstahl Feder von Hand guillochiert Feder Doppelplatten aus geb\u00fcrstetem Edelstahl guillochiert und von Hand gemei\u00dfelt Handgeschmiedete Fliegenklingenl\u00e4nge 10 cm Geschlossene Messerl\u00e4nge 12 cm Offene Messerl\u00e4nge 22 cm","og_url":"https:\/\/laguiole.com\/de\/produit\/laguiole-aubrac-messer-1-stueck-12-cm-doppelt-guillochierte-platten-und-griff-aus-federndem-rotem-lavastein-2-kropfe-klinge-aus-gebuerstetem-edelstahl\/","og_site_name":"Laguiole.com \u00ae","article_publisher":"https:\/\/www.facebook.com\/laguiolecom\/","og_image":[{"width":1033,"height":1033,"url":"https:\/\/laguiole.com\/wp-content\/uploads\/2023\/11\/Couteau_Laguiole_en_Aubrac_1_Piece_12_cm_Double_Platines_et_ressort_guilloches_Manche_en_Pierre_de_Lave_rouge_2_Mitres_Inox_Brosse_Lame_Inox_Brosse_00.jpg","type":"image\/jpeg"}],"twitter_card":"summary_large_image","schema":{"@context":"https:\/\/schema.org","@graph":[{"@type":"WebPage","@id":"https:\/\/laguiole.com\/de\/produit\/laguiole-aubrac-messer-1-stueck-12-cm-doppelt-guillochierte-platten-und-griff-aus-federndem-rotem-lavastein-2-kropfe-klinge-aus-gebuerstetem-edelstahl\/","url":"https:\/\/laguiole.com\/de\/produit\/laguiole-aubrac-messer-1-stueck-12-cm-doppelt-guillochierte-platten-und-griff-aus-federndem-rotem-lavastein-2-kropfe-klinge-aus-gebuerstetem-edelstahl\/","name":"Laguiole Aubrac Messer 1 St\u00fcck 12 cm Doppelt guillochierte Platten und Griff aus federndem rotem Lavastein 2 Kropfe Klinge aus geb\u00fcrstetem Edelstahl - Laguiole.com \u00ae","isPartOf":{"@id":"https:\/\/laguiole.com\/de\/#website"},"primaryImageOfPage":{"@id":"https:\/\/laguiole.com\/de\/produit\/laguiole-aubrac-messer-1-stueck-12-cm-doppelt-guillochierte-platten-und-griff-aus-federndem-rotem-lavastein-2-kropfe-klinge-aus-gebuerstetem-edelstahl\/#primaryimage"},"image":{"@id":"https:\/\/laguiole.com\/de\/produit\/laguiole-aubrac-messer-1-stueck-12-cm-doppelt-guillochierte-platten-und-griff-aus-federndem-rotem-lavastein-2-kropfe-klinge-aus-gebuerstetem-edelstahl\/#primaryimage"},"thumbnailUrl":"https:\/\/laguiole.com\/wp-content\/uploads\/2023\/11\/Couteau_Laguiole_en_Aubrac_1_Piece_12_cm_Double_Platines_et_ressort_guilloches_Manche_en_Pierre_de_Lave_rouge_2_Mitres_Inox_Brosse_Lame_Inox_Brosse_00.jpg","datePublished":"2023-11-18T12:01:51+00:00","breadcrumb":{"@id":"https:\/\/laguiole.com\/de\/produit\/laguiole-aubrac-messer-1-stueck-12-cm-doppelt-guillochierte-platten-und-griff-aus-federndem-rotem-lavastein-2-kropfe-klinge-aus-gebuerstetem-edelstahl\/#breadcrumb"},"inLanguage":"de","potentialAction":[{"@type":"ReadAction","target":["https:\/\/laguiole.com\/de\/produit\/laguiole-aubrac-messer-1-stueck-12-cm-doppelt-guillochierte-platten-und-griff-aus-federndem-rotem-lavastein-2-kropfe-klinge-aus-gebuerstetem-edelstahl\/"]}]},{"@type":"ImageObject","inLanguage":"de","@id":"https:\/\/laguiole.com\/de\/produit\/laguiole-aubrac-messer-1-stueck-12-cm-doppelt-guillochierte-platten-und-griff-aus-federndem-rotem-lavastein-2-kropfe-klinge-aus-gebuerstetem-edelstahl\/#primaryimage","url":"https:\/\/laguiole.com\/wp-content\/uploads\/2023\/11\/Couteau_Laguiole_en_Aubrac_1_Piece_12_cm_Double_Platines_et_ressort_guilloches_Manche_en_Pierre_de_Lave_rouge_2_Mitres_Inox_Brosse_Lame_Inox_Brosse_00.jpg","contentUrl":"https:\/\/laguiole.com\/wp-content\/uploads\/2023\/11\/Couteau_Laguiole_en_Aubrac_1_Piece_12_cm_Double_Platines_et_ressort_guilloches_Manche_en_Pierre_de_Lave_rouge_2_Mitres_Inox_Brosse_Lame_Inox_Brosse_00.jpg","width":1033,"height":1033,"caption":"Laguiole Aubrac Messer 1 St\u00fcck 12 cm Doppelt guillochierte Platten und Griff aus federndem rotem Lavastein 2 Kropfe Klinge aus geb\u00fcrstetem Edelstahl"},{"@type":"BreadcrumbList","@id":"https:\/\/laguiole.com\/de\/produit\/laguiole-aubrac-messer-1-stueck-12-cm-doppelt-guillochierte-platten-und-griff-aus-federndem-rotem-lavastein-2-kropfe-klinge-aus-gebuerstetem-edelstahl\/#breadcrumb","itemListElement":[{"@type":"ListItem","position":1,"name":"Accueil","item":"https:\/\/laguiole.com\/de\/"},{"@type":"ListItem","position":2,"name":"Shop","item":"https:\/\/laguiole.com\/de\/shop-2\/"},{"@type":"ListItem","position":3,"name":"Laguiole Aubrac Messer 1 St\u00fcck 12 cm Doppelt guillochierte Platten und Griff aus federndem rotem Lavastein 2 Kropfe Klinge aus geb\u00fcrstetem Edelstahl"}]},{"@type":"WebSite","@id":"https:\/\/laguiole.com\/de\/#website","url":"https:\/\/laguiole.com\/de\/","name":"Laguiole.com","description":"Laguiole - Couteau laguiole, Chateau Laguiole, Laguiole en Aubrac, Forge de Laguiole","publisher":{"@id":"https:\/\/laguiole.com\/de\/#organization"},"potentialAction":[{"@type":"SearchAction","target":{"@type":"EntryPoint","urlTemplate":"https:\/\/laguiole.com\/de\/?s={search_term_string}"},"query-input":{"@type":"PropertyValueSpecification","valueRequired":true,"valueName":"search_term_string"}}],"inLanguage":"de"},{"@type":"Organization","@id":"https:\/\/laguiole.com\/de\/#organization","name":"Laguiole.com","url":"https:\/\/laguiole.com\/de\/","logo":{"@type":"ImageObject","inLanguage":"de","@id":"https:\/\/laguiole.com\/de\/#\/schema\/logo\/image\/","url":"https:\/\/laguiole.com\/wp-content\/uploads\/2021\/02\/logo_laguiole.com-horizontal.jpg","contentUrl":"https:\/\/laguiole.com\/wp-content\/uploads\/2021\/02\/logo_laguiole.com-horizontal.jpg","width":490,"height":156,"caption":"Laguiole.com"},"image":{"@id":"https:\/\/laguiole.com\/de\/#\/schema\/logo\/image\/"},"sameAs":["https:\/\/www.facebook.com\/laguiolecom\/","https:\/\/www.instagram.com\/laguiolecom\/","https:\/\/www.youtube.com\/@laguiolecom\/videos"]}]}},"_links":{"self":[{"href":"https:\/\/laguiole.com\/de\/wp-json\/wp\/v2\/product\/38299","targetHints":{"allow":["GET"]}}],"collection":[{"href":"https:\/\/laguiole.com\/de\/wp-json\/wp\/v2\/product"}],"about":[{"href":"https:\/\/laguiole.com\/de\/wp-json\/wp\/v2\/types\/product"}],"version-history":[{"count":0,"href":"https:\/\/laguiole.com\/de\/wp-json\/wp\/v2\/product\/38299\/revisions"}],"wp:featuredmedia":[{"embeddable":true,"href":"https:\/\/laguiole.com\/de\/wp-json\/wp\/v2\/media\/38301"}],"wp:attachment":[{"href":"https:\/\/laguiole.com\/de\/wp-json\/wp\/v2\/media?parent=38299"}],"wp:term":[{"taxonomy":"product_brand","embeddable":true,"href":"https:\/\/laguiole.com\/de\/wp-json\/wp\/v2\/product_brand?post=38299"},{"taxonomy":"product_cat","embeddable":true,"href":"https:\/\/laguiole.com\/de\/wp-json\/wp\/v2\/product_cat?post=38299"},{"taxonomy":"product_tag","embeddable":true,"href":"https:\/\/laguiole.com\/de\/wp-json\/wp\/v2\/product_tag?post=38299"}],"curies":[{"name":"wp","href":"https:\/\/api.w.org\/{rel}","templated":true}]}}