{"id":38269,"date":"2023-12-09T21:32:29","date_gmt":"2023-12-09T20:32:29","guid":{"rendered":"https:\/\/laguiole.com\/produit\/laguiole-tafelmesser-in-aubrac-l-ecir-vollgriff-in-nussbaum-6er-set\/"},"modified":"2025-10-03T19:11:30","modified_gmt":"2025-10-03T17:11:30","slug":"laguiole-tafelmesser-in-aubrac-l-ecir-vollgriff-in-nussbaum-6er-set","status":"publish","type":"product","link":"https:\/\/laguiole.com\/de\/produit\/laguiole-tafelmesser-in-aubrac-l-ecir-vollgriff-in-nussbaum-6er-set\/","title":{"rendered":"Laguiole Tafelmesser in Aubrac l&#8217; Ecir Vollgriff in Nussbaum (6er-Set)"},"content":{"rendered":"<h3 data-start=\"156\" data-end=\"199\">Eleganz und Leistung an Ihrem Tisch<\/h3>\n<p data-start=\"200\" data-end=\"271\"><strong data-start=\"200\" data-end=\"271\">Schachtel mit 6 L&#8217;Ecir Tafelmessern aus Nussbaum \u2013 Laguiole en Aubrac<\/strong><\/p>\n<p data-start=\"273\" data-end=\"631\">Verleihen Sie Ihren Mahlzeiten einen Hauch von Raffinesse mit diesen <strong data-start=\"329\" data-end=\"359\">6 Tafelmessern von L&#8217;Ecir<\/strong>, die von <strong data-start=\"387\" data-end=\"409\">Laguiole en Aubrac<\/strong>, einem emblematischen Haus f\u00fcr franz\u00f6sisches Besteck, handgefertigt wurden. Diese in der historischen Region Laguiole hergestellten Messer der Spitzenklasse sind eine Garantie f\u00fcr Authentizit\u00e4t und Qualit\u00e4t. <\/p>\n<h4 data-start=\"633\" data-end=\"670\">Robuste und pr\u00e4zise Klingen<\/h4>\n<p data-start=\"671\" data-end=\"921\">Jedes Messer hat eine <strong data-start=\"701\" data-end=\"741\">10 cm lange Vollerlklinge aus Edelstahl<\/strong>. Sie sind korrosions- und sto\u00dffest und bieten eine <strong data-start=\"818\" data-end=\"837\">glatte Kante<\/strong> , die sich ideal zum pr\u00e4zisen Schneiden aller Arten von Lebensmitteln eignet, ohne die Fasern zu zerrei\u00dfen. <\/p>\n<h4 data-start=\"923\" data-end=\"965\">Ein edler und langlebiger Griff aus Nussbaum<\/h4>\n<p data-start=\"966\" data-end=\"1327\">Der <strong data-start=\"969\" data-end=\"988\">Griff aus Nussbaumholz<\/strong> \u2013 ein dichtes und nat\u00fcrlich gemasertes Holz \u2013 verleiht jedem Messer eine <strong data-start=\"1056\" data-end=\"1085\">einzigartige und elegante Note<\/strong>. Seine ergonomisch geschwungene Form (13,1 cm) sorgt f\u00fcr einen bequemen Griff und erm\u00f6glicht es, das Messer f\u00fcr eine originelle Pr\u00e4sentation auf dem Tisch auf der Kante zu platzieren. Die beiden <strong data-start=\"1260\" data-end=\"1284\">Befestigungsstempel<\/strong> garantieren eine unfehlbare Festigkeit.  <\/p>\n<h4 data-start=\"1329\" data-end=\"1369\">Eine raffinierte und funktionale Box<\/h4>\n<p data-start=\"1370\" data-end=\"1630\">Die Messer werden in einer <strong data-start=\"1388\" data-end=\"1421\">sicheren Aufbewahrungsbox<\/strong> pr\u00e4sentiert und an Ort und Stelle gehalten, um St\u00f6\u00dfe zwischen den Klingen zu vermeiden. Der Deckel bietet <strong data-start=\"1513\" data-end=\"1536\">optimalen Schutz<\/strong> und stilvolle Aufbewahrung, egal ob auf einer Arbeitsplatte, in einer Schublade oder einem Geschirrschrank. <\/p>\n<h4 data-start=\"1632\" data-end=\"1659\">Pflegehinweise<\/h4>\n<p data-start=\"1660\" data-end=\"1838\">Um die Sch\u00f6nheit des Holzes zu erhalten, wird <strong data-start=\"1697\" data-end=\"1717\">Handw\u00e4sche<\/strong> empfohlen. Trocknen Sie die Messer sofort mit einem sauberen Tuch ab und bewahren Sie sie nach jedem Gebrauch in ihrem Etui auf. <\/p>\n<hr data-start=\"1840\" data-end=\"1843\">\n<p data-start=\"1845\" data-end=\"2043\"><strong data-start=\"1845\" data-end=\"1871\">Eine au\u00dfergew\u00f6hnliche Box<\/strong> , um Ihre t\u00e4glichen Mahlzeiten zu verfeinern oder besondere Anl\u00e4sse zu feiern.<br data-start=\"1942\" data-end=\"1945\"><em data-start=\"1945\" data-end=\"2043\">Entscheiden Sie sich f\u00fcr Handwerkskunst und zeitlose Eleganz mit Laguiole en Aubrac.<\/em><\/p>\n","protected":false},"excerpt":{"rendered":"<p>Set mit 6 Laguiole Tafelmessern in Aubrac<br \/>\nGriffe: Nussbaum<br \/>\nVollgriff<br \/>\nKlinge und Feder gl\u00e4nzender<br \/>\nEdelstahl Klinge 10 cm<br \/>\nGriff 13 cm<\/p>\n","protected":false},"featured_media":38281,"template":"","meta":{"_acf_changed":false,"_monsterinsights_skip_tracking":false,"_monsterinsights_sitenote_active":false,"_monsterinsights_sitenote_note":"","_monsterinsights_sitenote_category":0},"product_brand":[],"product_cat":[5955,5956],"product_tag":[],"class_list":{"0":"post-38269","1":"product","2":"type-product","3":"status-publish","4":"has-post-thumbnail","6":"product_cat-laguiole-tafelbesteck","7":"product_cat-messer-tafelgeschirr","8":"pa_conditionnement-6-teiliges-set","9":"pa_finition-brillant","10":"pa_lame-glaenzender-edelstahl","11":"pa_manche-en-bois-walnuss","12":"pa_marque-laguiole-en-aubracfr","13":"pa_mitres-ohne-gehrung-vollstaendige-huelse","14":"tm-has-options","17":"instock","18":"taxable","19":"shipping-taxable","20":"purchasable","21":"product-type-simple"},"supplier_id":null,"supplier_sku":"","barcode":null,"atum_controlled":true,"out_stock_date":null,"out_stock_threshold":null,"inheritable":false,"inbound_stock":0,"stock_on_hold":0,"sold_today":0,"sales_last_days":0,"reserved_stock":0,"customer_returns":0,"warehouse_damage":0,"lost_in_post":0,"other_logs":0,"out_stock_days":0,"lost_sales":0,"has_location":false,"update_date":"2026-05-14T01:02:30","atum_locations":[],"atum_stock_status":"instock","restock_status":false,"low_stock_amount":"","sales_update_date":"2026-05-14T01:02:30","calc_backorders":0,"acf":[],"yoast_head":"<!-- This site is optimized with the Yoast SEO plugin v27.3 - https:\/\/yoast.com\/product\/yoast-seo-wordpress\/ -->\n<title>Laguiole Tafelmesser in Aubrac l&#039; Ecir Vollgriff in Nussbaum (6er-Set) - Laguiole.com \u00ae<\/title>\n<meta name=\"description\" content=\"Verleihen Sie Ihren Mahlzeiten einen Hauch von Raffinesse mit diesen 6 L&#039;Ecir Tafelmessern, die von Laguiole in Aubrac handgefertigt wurden\" \/>\n<meta name=\"robots\" content=\"index, follow, max-snippet:-1, max-image-preview:large, max-video-preview:-1\" \/>\n<link rel=\"canonical\" href=\"https:\/\/laguiole.com\/de\/produit\/laguiole-tafelmesser-in-aubrac-l-ecir-vollgriff-in-nussbaum-6er-set\/\" \/>\n<meta property=\"og:locale\" content=\"de_DE\" \/>\n<meta property=\"og:type\" content=\"article\" \/>\n<meta property=\"og:title\" content=\"Laguiole Tafelmesser in Aubrac l&#039; Ecir Vollgriff in Nussbaum (6er-Set) - Laguiole.com \u00ae\" \/>\n<meta property=\"og:description\" content=\"Verleihen Sie Ihren Mahlzeiten einen Hauch von Raffinesse mit diesen 6 L&#039;Ecir Tafelmessern, die von Laguiole in Aubrac handgefertigt wurden\" \/>\n<meta property=\"og:url\" content=\"https:\/\/laguiole.com\/de\/produit\/laguiole-tafelmesser-in-aubrac-l-ecir-vollgriff-in-nussbaum-6er-set\/\" \/>\n<meta property=\"og:site_name\" content=\"Laguiole.com \u00ae\" \/>\n<meta property=\"article:publisher\" content=\"https:\/\/www.facebook.com\/laguiolecom\/\" \/>\n<meta property=\"article:modified_time\" content=\"2025-10-03T17:11:30+00:00\" \/>\n<meta property=\"og:image\" content=\"https:\/\/laguiole.com\/wp-content\/uploads\/2023\/12\/Couteaux_de_table_Laguiole_en_Aubrac_Ecir_Plein_Manche_en_Noyer_Set_de_6_00.jpg\" \/>\n\t<meta property=\"og:image:width\" content=\"1033\" \/>\n\t<meta property=\"og:image:height\" content=\"1033\" \/>\n\t<meta property=\"og:image:type\" content=\"image\/jpeg\" \/>\n<meta name=\"twitter:card\" content=\"summary_large_image\" \/>\n<meta name=\"twitter:label1\" content=\"Gesch\u00e4tzte Lesezeit\" \/>\n\t<meta name=\"twitter:data1\" content=\"1\u00a0Minute\" \/>\n<script type=\"application\/ld+json\" class=\"yoast-schema-graph\">{\"@context\":\"https:\\\/\\\/schema.org\",\"@graph\":[{\"@type\":\"WebPage\",\"@id\":\"https:\\\/\\\/laguiole.com\\\/de\\\/produit\\\/laguiole-tafelmesser-in-aubrac-l-ecir-vollgriff-in-nussbaum-6er-set\\\/\",\"url\":\"https:\\\/\\\/laguiole.com\\\/de\\\/produit\\\/laguiole-tafelmesser-in-aubrac-l-ecir-vollgriff-in-nussbaum-6er-set\\\/\",\"name\":\"Laguiole Tafelmesser in Aubrac l' Ecir Vollgriff in Nussbaum (6er-Set) - Laguiole.com \u00ae\",\"isPartOf\":{\"@id\":\"https:\\\/\\\/laguiole.com\\\/de\\\/#website\"},\"primaryImageOfPage\":{\"@id\":\"https:\\\/\\\/laguiole.com\\\/de\\\/produit\\\/laguiole-tafelmesser-in-aubrac-l-ecir-vollgriff-in-nussbaum-6er-set\\\/#primaryimage\"},\"image\":{\"@id\":\"https:\\\/\\\/laguiole.com\\\/de\\\/produit\\\/laguiole-tafelmesser-in-aubrac-l-ecir-vollgriff-in-nussbaum-6er-set\\\/#primaryimage\"},\"thumbnailUrl\":\"https:\\\/\\\/laguiole.com\\\/wp-content\\\/uploads\\\/2023\\\/12\\\/Couteaux_de_table_Laguiole_en_Aubrac_Ecir_Plein_Manche_en_Noyer_Set_de_6_00.jpg\",\"datePublished\":\"2023-12-09T20:32:29+00:00\",\"dateModified\":\"2025-10-03T17:11:30+00:00\",\"description\":\"Verleihen Sie Ihren Mahlzeiten einen Hauch von Raffinesse mit diesen 6 L'Ecir Tafelmessern, die von Laguiole in Aubrac handgefertigt wurden\",\"breadcrumb\":{\"@id\":\"https:\\\/\\\/laguiole.com\\\/de\\\/produit\\\/laguiole-tafelmesser-in-aubrac-l-ecir-vollgriff-in-nussbaum-6er-set\\\/#breadcrumb\"},\"inLanguage\":\"de\",\"potentialAction\":[{\"@type\":\"ReadAction\",\"target\":[\"https:\\\/\\\/laguiole.com\\\/de\\\/produit\\\/laguiole-tafelmesser-in-aubrac-l-ecir-vollgriff-in-nussbaum-6er-set\\\/\"]}]},{\"@type\":\"ImageObject\",\"inLanguage\":\"de\",\"@id\":\"https:\\\/\\\/laguiole.com\\\/de\\\/produit\\\/laguiole-tafelmesser-in-aubrac-l-ecir-vollgriff-in-nussbaum-6er-set\\\/#primaryimage\",\"url\":\"https:\\\/\\\/laguiole.com\\\/wp-content\\\/uploads\\\/2023\\\/12\\\/Couteaux_de_table_Laguiole_en_Aubrac_Ecir_Plein_Manche_en_Noyer_Set_de_6_00.jpg\",\"contentUrl\":\"https:\\\/\\\/laguiole.com\\\/wp-content\\\/uploads\\\/2023\\\/12\\\/Couteaux_de_table_Laguiole_en_Aubrac_Ecir_Plein_Manche_en_Noyer_Set_de_6_00.jpg\",\"width\":1033,\"height\":1033,\"caption\":\"Laguiole Tafelmesser in Aubrac l' Ecir Vollgriff in Nussbaum (6er-Set)\"},{\"@type\":\"BreadcrumbList\",\"@id\":\"https:\\\/\\\/laguiole.com\\\/de\\\/produit\\\/laguiole-tafelmesser-in-aubrac-l-ecir-vollgriff-in-nussbaum-6er-set\\\/#breadcrumb\",\"itemListElement\":[{\"@type\":\"ListItem\",\"position\":1,\"name\":\"Accueil\",\"item\":\"https:\\\/\\\/laguiole.com\\\/de\\\/\"},{\"@type\":\"ListItem\",\"position\":2,\"name\":\"Shop\",\"item\":\"https:\\\/\\\/laguiole.com\\\/de\\\/shop-2\\\/\"},{\"@type\":\"ListItem\",\"position\":3,\"name\":\"Laguiole Tafelmesser in Aubrac l&#8217; Ecir Vollgriff in Nussbaum (6er-Set)\"}]},{\"@type\":\"WebSite\",\"@id\":\"https:\\\/\\\/laguiole.com\\\/de\\\/#website\",\"url\":\"https:\\\/\\\/laguiole.com\\\/de\\\/\",\"name\":\"Laguiole.com\",\"description\":\"Laguiole - Couteau laguiole, Chateau Laguiole, Laguiole en Aubrac, Forge de Laguiole\",\"publisher\":{\"@id\":\"https:\\\/\\\/laguiole.com\\\/de\\\/#organization\"},\"potentialAction\":[{\"@type\":\"SearchAction\",\"target\":{\"@type\":\"EntryPoint\",\"urlTemplate\":\"https:\\\/\\\/laguiole.com\\\/de\\\/?s={search_term_string}\"},\"query-input\":{\"@type\":\"PropertyValueSpecification\",\"valueRequired\":true,\"valueName\":\"search_term_string\"}}],\"inLanguage\":\"de\"},{\"@type\":\"Organization\",\"@id\":\"https:\\\/\\\/laguiole.com\\\/de\\\/#organization\",\"name\":\"Laguiole.com\",\"url\":\"https:\\\/\\\/laguiole.com\\\/de\\\/\",\"logo\":{\"@type\":\"ImageObject\",\"inLanguage\":\"de\",\"@id\":\"https:\\\/\\\/laguiole.com\\\/de\\\/#\\\/schema\\\/logo\\\/image\\\/\",\"url\":\"https:\\\/\\\/laguiole.com\\\/wp-content\\\/uploads\\\/2021\\\/02\\\/logo_laguiole.com-horizontal.jpg\",\"contentUrl\":\"https:\\\/\\\/laguiole.com\\\/wp-content\\\/uploads\\\/2021\\\/02\\\/logo_laguiole.com-horizontal.jpg\",\"width\":490,\"height\":156,\"caption\":\"Laguiole.com\"},\"image\":{\"@id\":\"https:\\\/\\\/laguiole.com\\\/de\\\/#\\\/schema\\\/logo\\\/image\\\/\"},\"sameAs\":[\"https:\\\/\\\/www.facebook.com\\\/laguiolecom\\\/\",\"https:\\\/\\\/www.instagram.com\\\/laguiolecom\\\/\",\"https:\\\/\\\/www.youtube.com\\\/@laguiolecom\\\/videos\"]}]}<\/script>\n<!-- \/ Yoast SEO plugin. -->","yoast_head_json":{"title":"Laguiole Tafelmesser in Aubrac l' Ecir Vollgriff in Nussbaum (6er-Set) - Laguiole.com \u00ae","description":"Verleihen Sie Ihren Mahlzeiten einen Hauch von Raffinesse mit diesen 6 L'Ecir Tafelmessern, die von Laguiole in Aubrac handgefertigt wurden","robots":{"index":"index","follow":"follow","max-snippet":"max-snippet:-1","max-image-preview":"max-image-preview:large","max-video-preview":"max-video-preview:-1"},"canonical":"https:\/\/laguiole.com\/de\/produit\/laguiole-tafelmesser-in-aubrac-l-ecir-vollgriff-in-nussbaum-6er-set\/","og_locale":"de_DE","og_type":"article","og_title":"Laguiole Tafelmesser in Aubrac l' Ecir Vollgriff in Nussbaum (6er-Set) - Laguiole.com \u00ae","og_description":"Verleihen Sie Ihren Mahlzeiten einen Hauch von Raffinesse mit diesen 6 L'Ecir Tafelmessern, die von Laguiole in Aubrac handgefertigt wurden","og_url":"https:\/\/laguiole.com\/de\/produit\/laguiole-tafelmesser-in-aubrac-l-ecir-vollgriff-in-nussbaum-6er-set\/","og_site_name":"Laguiole.com \u00ae","article_publisher":"https:\/\/www.facebook.com\/laguiolecom\/","article_modified_time":"2025-10-03T17:11:30+00:00","og_image":[{"width":1033,"height":1033,"url":"https:\/\/laguiole.com\/wp-content\/uploads\/2023\/12\/Couteaux_de_table_Laguiole_en_Aubrac_Ecir_Plein_Manche_en_Noyer_Set_de_6_00.jpg","type":"image\/jpeg"}],"twitter_card":"summary_large_image","twitter_misc":{"Gesch\u00e4tzte Lesezeit":"1\u00a0Minute"},"schema":{"@context":"https:\/\/schema.org","@graph":[{"@type":"WebPage","@id":"https:\/\/laguiole.com\/de\/produit\/laguiole-tafelmesser-in-aubrac-l-ecir-vollgriff-in-nussbaum-6er-set\/","url":"https:\/\/laguiole.com\/de\/produit\/laguiole-tafelmesser-in-aubrac-l-ecir-vollgriff-in-nussbaum-6er-set\/","name":"Laguiole Tafelmesser in Aubrac l' Ecir Vollgriff in Nussbaum (6er-Set) - Laguiole.com \u00ae","isPartOf":{"@id":"https:\/\/laguiole.com\/de\/#website"},"primaryImageOfPage":{"@id":"https:\/\/laguiole.com\/de\/produit\/laguiole-tafelmesser-in-aubrac-l-ecir-vollgriff-in-nussbaum-6er-set\/#primaryimage"},"image":{"@id":"https:\/\/laguiole.com\/de\/produit\/laguiole-tafelmesser-in-aubrac-l-ecir-vollgriff-in-nussbaum-6er-set\/#primaryimage"},"thumbnailUrl":"https:\/\/laguiole.com\/wp-content\/uploads\/2023\/12\/Couteaux_de_table_Laguiole_en_Aubrac_Ecir_Plein_Manche_en_Noyer_Set_de_6_00.jpg","datePublished":"2023-12-09T20:32:29+00:00","dateModified":"2025-10-03T17:11:30+00:00","description":"Verleihen Sie Ihren Mahlzeiten einen Hauch von Raffinesse mit diesen 6 L'Ecir Tafelmessern, die von Laguiole in Aubrac handgefertigt wurden","breadcrumb":{"@id":"https:\/\/laguiole.com\/de\/produit\/laguiole-tafelmesser-in-aubrac-l-ecir-vollgriff-in-nussbaum-6er-set\/#breadcrumb"},"inLanguage":"de","potentialAction":[{"@type":"ReadAction","target":["https:\/\/laguiole.com\/de\/produit\/laguiole-tafelmesser-in-aubrac-l-ecir-vollgriff-in-nussbaum-6er-set\/"]}]},{"@type":"ImageObject","inLanguage":"de","@id":"https:\/\/laguiole.com\/de\/produit\/laguiole-tafelmesser-in-aubrac-l-ecir-vollgriff-in-nussbaum-6er-set\/#primaryimage","url":"https:\/\/laguiole.com\/wp-content\/uploads\/2023\/12\/Couteaux_de_table_Laguiole_en_Aubrac_Ecir_Plein_Manche_en_Noyer_Set_de_6_00.jpg","contentUrl":"https:\/\/laguiole.com\/wp-content\/uploads\/2023\/12\/Couteaux_de_table_Laguiole_en_Aubrac_Ecir_Plein_Manche_en_Noyer_Set_de_6_00.jpg","width":1033,"height":1033,"caption":"Laguiole Tafelmesser in Aubrac l' Ecir Vollgriff in Nussbaum (6er-Set)"},{"@type":"BreadcrumbList","@id":"https:\/\/laguiole.com\/de\/produit\/laguiole-tafelmesser-in-aubrac-l-ecir-vollgriff-in-nussbaum-6er-set\/#breadcrumb","itemListElement":[{"@type":"ListItem","position":1,"name":"Accueil","item":"https:\/\/laguiole.com\/de\/"},{"@type":"ListItem","position":2,"name":"Shop","item":"https:\/\/laguiole.com\/de\/shop-2\/"},{"@type":"ListItem","position":3,"name":"Laguiole Tafelmesser in Aubrac l&#8217; Ecir Vollgriff in Nussbaum (6er-Set)"}]},{"@type":"WebSite","@id":"https:\/\/laguiole.com\/de\/#website","url":"https:\/\/laguiole.com\/de\/","name":"Laguiole.com","description":"Laguiole - Couteau laguiole, Chateau Laguiole, Laguiole en Aubrac, Forge de Laguiole","publisher":{"@id":"https:\/\/laguiole.com\/de\/#organization"},"potentialAction":[{"@type":"SearchAction","target":{"@type":"EntryPoint","urlTemplate":"https:\/\/laguiole.com\/de\/?s={search_term_string}"},"query-input":{"@type":"PropertyValueSpecification","valueRequired":true,"valueName":"search_term_string"}}],"inLanguage":"de"},{"@type":"Organization","@id":"https:\/\/laguiole.com\/de\/#organization","name":"Laguiole.com","url":"https:\/\/laguiole.com\/de\/","logo":{"@type":"ImageObject","inLanguage":"de","@id":"https:\/\/laguiole.com\/de\/#\/schema\/logo\/image\/","url":"https:\/\/laguiole.com\/wp-content\/uploads\/2021\/02\/logo_laguiole.com-horizontal.jpg","contentUrl":"https:\/\/laguiole.com\/wp-content\/uploads\/2021\/02\/logo_laguiole.com-horizontal.jpg","width":490,"height":156,"caption":"Laguiole.com"},"image":{"@id":"https:\/\/laguiole.com\/de\/#\/schema\/logo\/image\/"},"sameAs":["https:\/\/www.facebook.com\/laguiolecom\/","https:\/\/www.instagram.com\/laguiolecom\/","https:\/\/www.youtube.com\/@laguiolecom\/videos"]}]}},"_links":{"self":[{"href":"https:\/\/laguiole.com\/de\/wp-json\/wp\/v2\/product\/38269","targetHints":{"allow":["GET"]}}],"collection":[{"href":"https:\/\/laguiole.com\/de\/wp-json\/wp\/v2\/product"}],"about":[{"href":"https:\/\/laguiole.com\/de\/wp-json\/wp\/v2\/types\/product"}],"version-history":[{"count":1,"href":"https:\/\/laguiole.com\/de\/wp-json\/wp\/v2\/product\/38269\/revisions"}],"predecessor-version":[{"id":42211,"href":"https:\/\/laguiole.com\/de\/wp-json\/wp\/v2\/product\/38269\/revisions\/42211"}],"wp:featuredmedia":[{"embeddable":true,"href":"https:\/\/laguiole.com\/de\/wp-json\/wp\/v2\/media\/38281"}],"wp:attachment":[{"href":"https:\/\/laguiole.com\/de\/wp-json\/wp\/v2\/media?parent=38269"}],"wp:term":[{"taxonomy":"product_brand","embeddable":true,"href":"https:\/\/laguiole.com\/de\/wp-json\/wp\/v2\/product_brand?post=38269"},{"taxonomy":"product_cat","embeddable":true,"href":"https:\/\/laguiole.com\/de\/wp-json\/wp\/v2\/product_cat?post=38269"},{"taxonomy":"product_tag","embeddable":true,"href":"https:\/\/laguiole.com\/de\/wp-json\/wp\/v2\/product_tag?post=38269"}],"curies":[{"name":"wp","href":"https:\/\/api.w.org\/{rel}","templated":true}]}}