{"id":38256,"date":"2024-06-10T14:37:22","date_gmt":"2024-06-10T12:37:22","guid":{"rendered":"https:\/\/laguiole.com\/produit\/laguiole-prestige-designer-messer-1-muenze-15-cm-intarsienmuenze-20-franken-napoleon-gold-vollgriff-ebenholz-damast-fliegenklinge-prestige-imperial-eagle-unikat\/"},"modified":"2025-10-03T18:08:38","modified_gmt":"2025-10-03T16:08:38","slug":"laguiole-prestige-designer-messer-1-muenze-15-cm-intarsienmuenze-20-franken-napoleon-gold-vollgriff-ebenholz-damast-fliegenklinge-prestige-imperial-eagle-unikat","status":"publish","type":"product","link":"https:\/\/laguiole.com\/de\/produit\/laguiole-prestige-designer-messer-1-muenze-15-cm-intarsienmuenze-20-franken-napoleon-gold-vollgriff-ebenholz-damast-fliegenklinge-prestige-imperial-eagle-unikat\/","title":{"rendered":"Laguiole Prestige Designer Messer 1 M\u00fcnze 15 cm Intarsienm\u00fcnze 20 Franken Napoleon GOLD Vollgriff Ebenholz Damast Fliegenklinge Prestige Imperial Eagle Unikat"},"content":{"rendered":"<p>Dieses Messer zeichnet sich durch seine Raffinesse und einzigartige Geschichte aus. Sein Griff aus Ebenholz, der mit einer alten M\u00fcnze mit dem Bildnis Napoleons verziert ist, verleiht diesem Objekt eine Aura von Prestige und Eleganz. Mit seinen imposanten Ma\u00dfen von 15cm L\u00e4nge und einem Gewicht von 200g ist dieses Messer ein wahres Meisterwerk der Handwerkskunst. Die fein gearbeitete Feder, verziert mit Lorbeerbl\u00e4ttern und dem majest\u00e4tischen &#8220;N&#8221; von Napoleon in der Mitte, zeugt von dem Know-how und der Akribie des Designers. Dieses Messer verk\u00f6rpert die perfekte Kombination aus Kunst, Geschichte und Funktionalit\u00e4t. Die prestigetr\u00e4chtige Fliege, die einen Kaiseradler darstellt, verleiht diesem au\u00dfergew\u00f6hnlichen Objekt den letzten Hauch von Erhabenheit.     <\/p>\n<p>Dieses au\u00dfergew\u00f6hnliche Klappmesser, das von einem talentierten Messerschmied kreiert wurde, ist ein UNIKAT<\/p>\n","protected":false},"excerpt":{"rendered":"<p>Laguiole Prestige Designer Klappmesser<br \/>\nVoller Griff aus 15 cm Ebenholz<br \/>\nEinlage einer alten M\u00fcnze 20 Franken NAPOLEON Premier OR auf der linken Seite des Henkels<br \/>\nMessing-Platten<br \/>\nNieten aus Messing<br \/>\nGriffbreite 2cm<br \/>\nBreite Messerr\u00fccken 1,5cm<br \/>\n12 cm Klinge aus rostfreiem Damaststahl<br \/>\nGeschlossene Messergr\u00f6\u00dfe: 15 cm<br \/>\nGr\u00f6\u00dfe des offenen Messers: 27 cm<br \/>\nKlingengr\u00f6\u00dfe: 12 cm<br \/>\nKlingenbreite: 3 cm an der breitesten Stelle<br \/>\nGewicht des NAPOLEON Messers 200 GRAMM<br \/>\nFr\u00fchling Guillochierte Lorbeerblattmuster<br \/>\nPrestige Eagle Imperial Napoleon Fliege<br \/>\nEinzelst\u00fcck<br \/>\nSignatur auf der Innenseite des Messers<br \/>\nSch\u00f6pfer*in: Mickael GINISTY<\/p>\n<p><iframe src=\"https:\/\/www.youtube.com\/embed\/EdGMbrU1NVo?rel=0&amp;autoplay=1\" width=\"560\" height=\"315\" frameborder=\"0\" allowfullscreen=\"allowfullscreen\"><\/iframe><\/p>\n","protected":false},"featured_media":38268,"template":"","meta":{"_acf_changed":false,"_monsterinsights_skip_tracking":false,"_monsterinsights_sitenote_active":false,"_monsterinsights_sitenote_note":"","_monsterinsights_sitenote_category":0},"product_brand":[],"product_cat":[5938,5939,5943],"product_tag":[],"class_list":{"0":"post-38256","1":"product","2":"type-product","3":"status-publish","4":"has-post-thumbnail","6":"product_cat-klappmesser","7":"product_cat-laguiole-klappmesser","8":"product_cat-laguiole-prestiges-messer","9":"pa_composition-couteau-1-stueck-nur-klinge","10":"pa_lame-damaskus","11":"pa_manche-en-bois-ebenholz","12":"pa_marque-laguiole-createurs","13":"pa_mitres-ohne-gehrung-vollstaendige-huelse","14":"pa_mouche-geschmiedet","15":"pa_mouche-prestige","16":"pa_platines-einzelplatin","17":"pa_platines-messing","18":"pa_ressort-guilloche","19":"pa_taille-du-manche-15-cm0","20":"tm-no-options","23":"onbackorder","24":"taxable","25":"shipping-taxable","26":"purchasable","27":"product-type-simple"},"supplier_id":null,"supplier_sku":"","barcode":null,"atum_controlled":true,"out_stock_date":"2024-10-23 17:33:09","out_stock_threshold":null,"inheritable":false,"inbound_stock":0,"stock_on_hold":0,"sold_today":0,"sales_last_days":0,"reserved_stock":0,"customer_returns":0,"warehouse_damage":0,"lost_in_post":0,"other_logs":0,"out_stock_days":567,"lost_sales":0,"has_location":false,"update_date":"2026-05-14T01:02:49","atum_locations":[],"atum_stock_status":"onbackorder","restock_status":false,"low_stock_amount":"","sales_update_date":"2026-05-14T01:02:49","calc_backorders":-1,"acf":[],"yoast_head":"<!-- This site is optimized with the Yoast SEO plugin v27.3 - https:\/\/yoast.com\/product\/yoast-seo-wordpress\/ -->\n<title>Laguiole Prestige Designer Messer 1 M\u00fcnze 15 cm Intarsienm\u00fcnze 20 Franken Napoleon GOLD Vollgriff Ebenholz Damast Fliegenklinge Prestige Imperial Eagle Unikat - Laguiole.com \u00ae<\/title>\n<meta name=\"description\" content=\"Laguiole Prestige Cr\u00e9ateur Klappmesser Griff aus zwei Materialien aus Mammut und Ebenholz Elfenbein. Napoleon-M\u00fcnzeinlage.\" \/>\n<meta name=\"robots\" content=\"index, follow, max-snippet:-1, max-image-preview:large, max-video-preview:-1\" \/>\n<link rel=\"canonical\" href=\"https:\/\/laguiole.com\/de\/produit\/laguiole-prestige-designer-messer-1-muenze-15-cm-intarsienmuenze-20-franken-napoleon-gold-vollgriff-ebenholz-damast-fliegenklinge-prestige-imperial-eagle-unikat\/\" \/>\n<meta property=\"og:locale\" content=\"de_DE\" \/>\n<meta property=\"og:type\" content=\"article\" \/>\n<meta property=\"og:title\" content=\"Laguiole Prestige Designer Messer 1 M\u00fcnze 15 cm Intarsienm\u00fcnze 20 Franken Napoleon GOLD Vollgriff Ebenholz Damast Fliegenklinge Prestige Imperial Eagle Unikat - Laguiole.com \u00ae\" \/>\n<meta property=\"og:description\" content=\"Laguiole Prestige Cr\u00e9ateur Klappmesser Griff aus zwei Materialien aus Mammut und Ebenholz Elfenbein. Napoleon-M\u00fcnzeinlage.\" \/>\n<meta property=\"og:url\" content=\"https:\/\/laguiole.com\/de\/produit\/laguiole-prestige-designer-messer-1-muenze-15-cm-intarsienmuenze-20-franken-napoleon-gold-vollgriff-ebenholz-damast-fliegenklinge-prestige-imperial-eagle-unikat\/\" \/>\n<meta property=\"og:site_name\" content=\"Laguiole.com \u00ae\" \/>\n<meta property=\"article:publisher\" content=\"https:\/\/www.facebook.com\/laguiolecom\/\" \/>\n<meta property=\"article:modified_time\" content=\"2025-10-03T16:08:38+00:00\" \/>\n<meta property=\"og:image\" content=\"https:\/\/laguiole.com\/wp-content\/uploads\/2024\/06\/Couteau_Laguiole_Prestige_Createur_1_Piece_15_cm_Incrustation_Monnaie_20_Francs_Napoleon_OR_Plein_Manche_Ebene_Lame_Damas_Mouche_Prestige_Aigle_Imperial_Piece_Unique_00.jpg\" \/>\n\t<meta property=\"og:image:width\" content=\"1033\" \/>\n\t<meta property=\"og:image:height\" content=\"1033\" \/>\n\t<meta property=\"og:image:type\" content=\"image\/jpeg\" \/>\n<meta name=\"twitter:card\" content=\"summary_large_image\" \/>\n<meta name=\"twitter:label1\" content=\"Gesch\u00e4tzte Lesezeit\" \/>\n\t<meta name=\"twitter:data1\" content=\"1\u00a0Minute\" \/>\n<script type=\"application\/ld+json\" class=\"yoast-schema-graph\">{\"@context\":\"https:\\\/\\\/schema.org\",\"@graph\":[{\"@type\":\"WebPage\",\"@id\":\"https:\\\/\\\/laguiole.com\\\/de\\\/produit\\\/laguiole-prestige-designer-messer-1-muenze-15-cm-intarsienmuenze-20-franken-napoleon-gold-vollgriff-ebenholz-damast-fliegenklinge-prestige-imperial-eagle-unikat\\\/\",\"url\":\"https:\\\/\\\/laguiole.com\\\/de\\\/produit\\\/laguiole-prestige-designer-messer-1-muenze-15-cm-intarsienmuenze-20-franken-napoleon-gold-vollgriff-ebenholz-damast-fliegenklinge-prestige-imperial-eagle-unikat\\\/\",\"name\":\"Laguiole Prestige Designer Messer 1 M\u00fcnze 15 cm Intarsienm\u00fcnze 20 Franken Napoleon GOLD Vollgriff Ebenholz Damast Fliegenklinge Prestige Imperial Eagle Unikat - Laguiole.com \u00ae\",\"isPartOf\":{\"@id\":\"https:\\\/\\\/laguiole.com\\\/de\\\/#website\"},\"primaryImageOfPage\":{\"@id\":\"https:\\\/\\\/laguiole.com\\\/de\\\/produit\\\/laguiole-prestige-designer-messer-1-muenze-15-cm-intarsienmuenze-20-franken-napoleon-gold-vollgriff-ebenholz-damast-fliegenklinge-prestige-imperial-eagle-unikat\\\/#primaryimage\"},\"image\":{\"@id\":\"https:\\\/\\\/laguiole.com\\\/de\\\/produit\\\/laguiole-prestige-designer-messer-1-muenze-15-cm-intarsienmuenze-20-franken-napoleon-gold-vollgriff-ebenholz-damast-fliegenklinge-prestige-imperial-eagle-unikat\\\/#primaryimage\"},\"thumbnailUrl\":\"https:\\\/\\\/laguiole.com\\\/wp-content\\\/uploads\\\/2024\\\/06\\\/Couteau_Laguiole_Prestige_Createur_1_Piece_15_cm_Incrustation_Monnaie_20_Francs_Napoleon_OR_Plein_Manche_Ebene_Lame_Damas_Mouche_Prestige_Aigle_Imperial_Piece_Unique_00.jpg\",\"datePublished\":\"2024-06-10T12:37:22+00:00\",\"dateModified\":\"2025-10-03T16:08:38+00:00\",\"description\":\"Laguiole Prestige Cr\u00e9ateur Klappmesser Griff aus zwei Materialien aus Mammut und Ebenholz Elfenbein. Napoleon-M\u00fcnzeinlage.\",\"breadcrumb\":{\"@id\":\"https:\\\/\\\/laguiole.com\\\/de\\\/produit\\\/laguiole-prestige-designer-messer-1-muenze-15-cm-intarsienmuenze-20-franken-napoleon-gold-vollgriff-ebenholz-damast-fliegenklinge-prestige-imperial-eagle-unikat\\\/#breadcrumb\"},\"inLanguage\":\"de\",\"potentialAction\":[{\"@type\":\"ReadAction\",\"target\":[\"https:\\\/\\\/laguiole.com\\\/de\\\/produit\\\/laguiole-prestige-designer-messer-1-muenze-15-cm-intarsienmuenze-20-franken-napoleon-gold-vollgriff-ebenholz-damast-fliegenklinge-prestige-imperial-eagle-unikat\\\/\"]}]},{\"@type\":\"ImageObject\",\"inLanguage\":\"de\",\"@id\":\"https:\\\/\\\/laguiole.com\\\/de\\\/produit\\\/laguiole-prestige-designer-messer-1-muenze-15-cm-intarsienmuenze-20-franken-napoleon-gold-vollgriff-ebenholz-damast-fliegenklinge-prestige-imperial-eagle-unikat\\\/#primaryimage\",\"url\":\"https:\\\/\\\/laguiole.com\\\/wp-content\\\/uploads\\\/2024\\\/06\\\/Couteau_Laguiole_Prestige_Createur_1_Piece_15_cm_Incrustation_Monnaie_20_Francs_Napoleon_OR_Plein_Manche_Ebene_Lame_Damas_Mouche_Prestige_Aigle_Imperial_Piece_Unique_00.jpg\",\"contentUrl\":\"https:\\\/\\\/laguiole.com\\\/wp-content\\\/uploads\\\/2024\\\/06\\\/Couteau_Laguiole_Prestige_Createur_1_Piece_15_cm_Incrustation_Monnaie_20_Francs_Napoleon_OR_Plein_Manche_Ebene_Lame_Damas_Mouche_Prestige_Aigle_Imperial_Piece_Unique_00.jpg\",\"width\":1033,\"height\":1033,\"caption\":\"Laguiole Prestige Designer Messer 1 M\u00fcnze 15 cm Intarsienm\u00fcnze 20 Franken Napoleon GOLD Vollgriff Ebenholz Damast Fliegenklinge Prestige Imperial Eagle Unikat\"},{\"@type\":\"BreadcrumbList\",\"@id\":\"https:\\\/\\\/laguiole.com\\\/de\\\/produit\\\/laguiole-prestige-designer-messer-1-muenze-15-cm-intarsienmuenze-20-franken-napoleon-gold-vollgriff-ebenholz-damast-fliegenklinge-prestige-imperial-eagle-unikat\\\/#breadcrumb\",\"itemListElement\":[{\"@type\":\"ListItem\",\"position\":1,\"name\":\"Accueil\",\"item\":\"https:\\\/\\\/laguiole.com\\\/de\\\/\"},{\"@type\":\"ListItem\",\"position\":2,\"name\":\"Shop\",\"item\":\"https:\\\/\\\/laguiole.com\\\/de\\\/shop-2\\\/\"},{\"@type\":\"ListItem\",\"position\":3,\"name\":\"Laguiole Prestige Designer Messer 1 M\u00fcnze 15 cm Intarsienm\u00fcnze 20 Franken Napoleon GOLD Vollgriff Ebenholz Damast Fliegenklinge Prestige Imperial Eagle Unikat\"}]},{\"@type\":\"WebSite\",\"@id\":\"https:\\\/\\\/laguiole.com\\\/de\\\/#website\",\"url\":\"https:\\\/\\\/laguiole.com\\\/de\\\/\",\"name\":\"Laguiole.com\",\"description\":\"Laguiole - Couteau laguiole, Chateau Laguiole, Laguiole en Aubrac, Forge de Laguiole\",\"publisher\":{\"@id\":\"https:\\\/\\\/laguiole.com\\\/de\\\/#organization\"},\"potentialAction\":[{\"@type\":\"SearchAction\",\"target\":{\"@type\":\"EntryPoint\",\"urlTemplate\":\"https:\\\/\\\/laguiole.com\\\/de\\\/?s={search_term_string}\"},\"query-input\":{\"@type\":\"PropertyValueSpecification\",\"valueRequired\":true,\"valueName\":\"search_term_string\"}}],\"inLanguage\":\"de\"},{\"@type\":\"Organization\",\"@id\":\"https:\\\/\\\/laguiole.com\\\/de\\\/#organization\",\"name\":\"Laguiole.com\",\"url\":\"https:\\\/\\\/laguiole.com\\\/de\\\/\",\"logo\":{\"@type\":\"ImageObject\",\"inLanguage\":\"de\",\"@id\":\"https:\\\/\\\/laguiole.com\\\/de\\\/#\\\/schema\\\/logo\\\/image\\\/\",\"url\":\"https:\\\/\\\/laguiole.com\\\/wp-content\\\/uploads\\\/2021\\\/02\\\/logo_laguiole.com-horizontal.jpg\",\"contentUrl\":\"https:\\\/\\\/laguiole.com\\\/wp-content\\\/uploads\\\/2021\\\/02\\\/logo_laguiole.com-horizontal.jpg\",\"width\":490,\"height\":156,\"caption\":\"Laguiole.com\"},\"image\":{\"@id\":\"https:\\\/\\\/laguiole.com\\\/de\\\/#\\\/schema\\\/logo\\\/image\\\/\"},\"sameAs\":[\"https:\\\/\\\/www.facebook.com\\\/laguiolecom\\\/\",\"https:\\\/\\\/www.instagram.com\\\/laguiolecom\\\/\",\"https:\\\/\\\/www.youtube.com\\\/@laguiolecom\\\/videos\"]}]}<\/script>\n<!-- \/ Yoast SEO plugin. -->","yoast_head_json":{"title":"Laguiole Prestige Designer Messer 1 M\u00fcnze 15 cm Intarsienm\u00fcnze 20 Franken Napoleon GOLD Vollgriff Ebenholz Damast Fliegenklinge Prestige Imperial Eagle Unikat - Laguiole.com \u00ae","description":"Laguiole Prestige Cr\u00e9ateur Klappmesser Griff aus zwei Materialien aus Mammut und Ebenholz Elfenbein. Napoleon-M\u00fcnzeinlage.","robots":{"index":"index","follow":"follow","max-snippet":"max-snippet:-1","max-image-preview":"max-image-preview:large","max-video-preview":"max-video-preview:-1"},"canonical":"https:\/\/laguiole.com\/de\/produit\/laguiole-prestige-designer-messer-1-muenze-15-cm-intarsienmuenze-20-franken-napoleon-gold-vollgriff-ebenholz-damast-fliegenklinge-prestige-imperial-eagle-unikat\/","og_locale":"de_DE","og_type":"article","og_title":"Laguiole Prestige Designer Messer 1 M\u00fcnze 15 cm Intarsienm\u00fcnze 20 Franken Napoleon GOLD Vollgriff Ebenholz Damast Fliegenklinge Prestige Imperial Eagle Unikat - Laguiole.com \u00ae","og_description":"Laguiole Prestige Cr\u00e9ateur Klappmesser Griff aus zwei Materialien aus Mammut und Ebenholz Elfenbein. Napoleon-M\u00fcnzeinlage.","og_url":"https:\/\/laguiole.com\/de\/produit\/laguiole-prestige-designer-messer-1-muenze-15-cm-intarsienmuenze-20-franken-napoleon-gold-vollgriff-ebenholz-damast-fliegenklinge-prestige-imperial-eagle-unikat\/","og_site_name":"Laguiole.com \u00ae","article_publisher":"https:\/\/www.facebook.com\/laguiolecom\/","article_modified_time":"2025-10-03T16:08:38+00:00","og_image":[{"width":1033,"height":1033,"url":"https:\/\/laguiole.com\/wp-content\/uploads\/2024\/06\/Couteau_Laguiole_Prestige_Createur_1_Piece_15_cm_Incrustation_Monnaie_20_Francs_Napoleon_OR_Plein_Manche_Ebene_Lame_Damas_Mouche_Prestige_Aigle_Imperial_Piece_Unique_00.jpg","type":"image\/jpeg"}],"twitter_card":"summary_large_image","twitter_misc":{"Gesch\u00e4tzte Lesezeit":"1\u00a0Minute"},"schema":{"@context":"https:\/\/schema.org","@graph":[{"@type":"WebPage","@id":"https:\/\/laguiole.com\/de\/produit\/laguiole-prestige-designer-messer-1-muenze-15-cm-intarsienmuenze-20-franken-napoleon-gold-vollgriff-ebenholz-damast-fliegenklinge-prestige-imperial-eagle-unikat\/","url":"https:\/\/laguiole.com\/de\/produit\/laguiole-prestige-designer-messer-1-muenze-15-cm-intarsienmuenze-20-franken-napoleon-gold-vollgriff-ebenholz-damast-fliegenklinge-prestige-imperial-eagle-unikat\/","name":"Laguiole Prestige Designer Messer 1 M\u00fcnze 15 cm Intarsienm\u00fcnze 20 Franken Napoleon GOLD Vollgriff Ebenholz Damast Fliegenklinge Prestige Imperial Eagle Unikat - Laguiole.com \u00ae","isPartOf":{"@id":"https:\/\/laguiole.com\/de\/#website"},"primaryImageOfPage":{"@id":"https:\/\/laguiole.com\/de\/produit\/laguiole-prestige-designer-messer-1-muenze-15-cm-intarsienmuenze-20-franken-napoleon-gold-vollgriff-ebenholz-damast-fliegenklinge-prestige-imperial-eagle-unikat\/#primaryimage"},"image":{"@id":"https:\/\/laguiole.com\/de\/produit\/laguiole-prestige-designer-messer-1-muenze-15-cm-intarsienmuenze-20-franken-napoleon-gold-vollgriff-ebenholz-damast-fliegenklinge-prestige-imperial-eagle-unikat\/#primaryimage"},"thumbnailUrl":"https:\/\/laguiole.com\/wp-content\/uploads\/2024\/06\/Couteau_Laguiole_Prestige_Createur_1_Piece_15_cm_Incrustation_Monnaie_20_Francs_Napoleon_OR_Plein_Manche_Ebene_Lame_Damas_Mouche_Prestige_Aigle_Imperial_Piece_Unique_00.jpg","datePublished":"2024-06-10T12:37:22+00:00","dateModified":"2025-10-03T16:08:38+00:00","description":"Laguiole Prestige Cr\u00e9ateur Klappmesser Griff aus zwei Materialien aus Mammut und Ebenholz Elfenbein. Napoleon-M\u00fcnzeinlage.","breadcrumb":{"@id":"https:\/\/laguiole.com\/de\/produit\/laguiole-prestige-designer-messer-1-muenze-15-cm-intarsienmuenze-20-franken-napoleon-gold-vollgriff-ebenholz-damast-fliegenklinge-prestige-imperial-eagle-unikat\/#breadcrumb"},"inLanguage":"de","potentialAction":[{"@type":"ReadAction","target":["https:\/\/laguiole.com\/de\/produit\/laguiole-prestige-designer-messer-1-muenze-15-cm-intarsienmuenze-20-franken-napoleon-gold-vollgriff-ebenholz-damast-fliegenklinge-prestige-imperial-eagle-unikat\/"]}]},{"@type":"ImageObject","inLanguage":"de","@id":"https:\/\/laguiole.com\/de\/produit\/laguiole-prestige-designer-messer-1-muenze-15-cm-intarsienmuenze-20-franken-napoleon-gold-vollgriff-ebenholz-damast-fliegenklinge-prestige-imperial-eagle-unikat\/#primaryimage","url":"https:\/\/laguiole.com\/wp-content\/uploads\/2024\/06\/Couteau_Laguiole_Prestige_Createur_1_Piece_15_cm_Incrustation_Monnaie_20_Francs_Napoleon_OR_Plein_Manche_Ebene_Lame_Damas_Mouche_Prestige_Aigle_Imperial_Piece_Unique_00.jpg","contentUrl":"https:\/\/laguiole.com\/wp-content\/uploads\/2024\/06\/Couteau_Laguiole_Prestige_Createur_1_Piece_15_cm_Incrustation_Monnaie_20_Francs_Napoleon_OR_Plein_Manche_Ebene_Lame_Damas_Mouche_Prestige_Aigle_Imperial_Piece_Unique_00.jpg","width":1033,"height":1033,"caption":"Laguiole Prestige Designer Messer 1 M\u00fcnze 15 cm Intarsienm\u00fcnze 20 Franken Napoleon GOLD Vollgriff Ebenholz Damast Fliegenklinge Prestige Imperial Eagle Unikat"},{"@type":"BreadcrumbList","@id":"https:\/\/laguiole.com\/de\/produit\/laguiole-prestige-designer-messer-1-muenze-15-cm-intarsienmuenze-20-franken-napoleon-gold-vollgriff-ebenholz-damast-fliegenklinge-prestige-imperial-eagle-unikat\/#breadcrumb","itemListElement":[{"@type":"ListItem","position":1,"name":"Accueil","item":"https:\/\/laguiole.com\/de\/"},{"@type":"ListItem","position":2,"name":"Shop","item":"https:\/\/laguiole.com\/de\/shop-2\/"},{"@type":"ListItem","position":3,"name":"Laguiole Prestige Designer Messer 1 M\u00fcnze 15 cm Intarsienm\u00fcnze 20 Franken Napoleon GOLD Vollgriff Ebenholz Damast Fliegenklinge Prestige Imperial Eagle Unikat"}]},{"@type":"WebSite","@id":"https:\/\/laguiole.com\/de\/#website","url":"https:\/\/laguiole.com\/de\/","name":"Laguiole.com","description":"Laguiole - Couteau laguiole, Chateau Laguiole, Laguiole en Aubrac, Forge de Laguiole","publisher":{"@id":"https:\/\/laguiole.com\/de\/#organization"},"potentialAction":[{"@type":"SearchAction","target":{"@type":"EntryPoint","urlTemplate":"https:\/\/laguiole.com\/de\/?s={search_term_string}"},"query-input":{"@type":"PropertyValueSpecification","valueRequired":true,"valueName":"search_term_string"}}],"inLanguage":"de"},{"@type":"Organization","@id":"https:\/\/laguiole.com\/de\/#organization","name":"Laguiole.com","url":"https:\/\/laguiole.com\/de\/","logo":{"@type":"ImageObject","inLanguage":"de","@id":"https:\/\/laguiole.com\/de\/#\/schema\/logo\/image\/","url":"https:\/\/laguiole.com\/wp-content\/uploads\/2021\/02\/logo_laguiole.com-horizontal.jpg","contentUrl":"https:\/\/laguiole.com\/wp-content\/uploads\/2021\/02\/logo_laguiole.com-horizontal.jpg","width":490,"height":156,"caption":"Laguiole.com"},"image":{"@id":"https:\/\/laguiole.com\/de\/#\/schema\/logo\/image\/"},"sameAs":["https:\/\/www.facebook.com\/laguiolecom\/","https:\/\/www.instagram.com\/laguiolecom\/","https:\/\/www.youtube.com\/@laguiolecom\/videos"]}]}},"_links":{"self":[{"href":"https:\/\/laguiole.com\/de\/wp-json\/wp\/v2\/product\/38256","targetHints":{"allow":["GET"]}}],"collection":[{"href":"https:\/\/laguiole.com\/de\/wp-json\/wp\/v2\/product"}],"about":[{"href":"https:\/\/laguiole.com\/de\/wp-json\/wp\/v2\/types\/product"}],"version-history":[{"count":1,"href":"https:\/\/laguiole.com\/de\/wp-json\/wp\/v2\/product\/38256\/revisions"}],"predecessor-version":[{"id":41536,"href":"https:\/\/laguiole.com\/de\/wp-json\/wp\/v2\/product\/38256\/revisions\/41536"}],"wp:featuredmedia":[{"embeddable":true,"href":"https:\/\/laguiole.com\/de\/wp-json\/wp\/v2\/media\/38268"}],"wp:attachment":[{"href":"https:\/\/laguiole.com\/de\/wp-json\/wp\/v2\/media?parent=38256"}],"wp:term":[{"taxonomy":"product_brand","embeddable":true,"href":"https:\/\/laguiole.com\/de\/wp-json\/wp\/v2\/product_brand?post=38256"},{"taxonomy":"product_cat","embeddable":true,"href":"https:\/\/laguiole.com\/de\/wp-json\/wp\/v2\/product_cat?post=38256"},{"taxonomy":"product_tag","embeddable":true,"href":"https:\/\/laguiole.com\/de\/wp-json\/wp\/v2\/product_tag?post=38256"}],"curies":[{"name":"wp","href":"https:\/\/api.w.org\/{rel}","templated":true}]}}