{"id":38227,"date":"2023-11-24T21:54:28","date_gmt":"2023-11-24T20:54:28","guid":{"rendered":"https:\/\/laguiole.com\/produit\/laguiole-messer-in-aubrac-lelegant-1-stueck-12-cm-griff-aus-ebenholz-2-kropfe-aus-gebuerstetem-edelstahl-guillochiertes-federlaub-fliege-prestige\/"},"modified":"2023-11-24T21:54:28","modified_gmt":"2023-11-24T20:54:28","slug":"laguiole-messer-in-aubrac-lelegant-1-stueck-12-cm-griff-aus-ebenholz-2-kropfe-aus-gebuerstetem-edelstahl-guillochiertes-federlaub-fliege-prestige","status":"publish","type":"product","link":"https:\/\/laguiole.com\/de\/produit\/laguiole-messer-in-aubrac-lelegant-1-stueck-12-cm-griff-aus-ebenholz-2-kropfe-aus-gebuerstetem-edelstahl-guillochiertes-federlaub-fliege-prestige\/","title":{"rendered":"Laguiole Messer in Aubrac L&#8217;El\u00e9gant 1 St\u00fcck 12 cm Griff aus Ebenholz 2 Kropfe aus geb\u00fcrstetem Edelstahl guillochiertes Federlaub Fliege Prestige"},"content":{"rendered":"<p>Ihr Laguiole-Messer wird vollst\u00e4ndig von der handwerklichen Fabrik Laguiole in Aubrac hergestellt.<br \/>\nDie Klingen, die Feder, die massiven Kropfe aus geb\u00fcrstetem Edelstahl und die N\u00e4gel werden in der Laguiole-Schmiede in Aubrac hergestellt.<\/p>\n<p>Ebenholz ist ein Edelholz, das in verschiedenen tropischen Regionen beheimatet ist und f\u00fcr seine dunkle Farbe und feine Textur bekannt ist. Sein Stamm ist oft gerade, mit grauer, rissiger Rinde, was zu seinem nat\u00fcrlichen Charme beitr\u00e4gt. <\/p>\n<p>Ebenholz ist ein Symbol f\u00fcr Langlebigkeit, St\u00e4rke und Frieden und hat auch antibakterielle Eigenschaften, was es zu einer beliebten Wahl bei der Herstellung von Kochgeschirr macht.<\/p>\n<p>Der Griff aus Ebenholz Ihres Laguiole Aubrac Messers ist mit Kropfen aus geb\u00fcrstetem Edelstahl verziert, die dieses edle, widerstandsf\u00e4hige und langlebige Holz hervorheben.<br \/>\nDie Kombination aus Ebenholz und geb\u00fcrstetem Edelstahl verleiht Ihrem Laguiole eine rustikale und authentische Note. Eine pr\u00e4chtige Guillochierung mit Laub schm\u00fcckt die Feder dieses herrlichen Laguiole.<br \/>\nDas Hirtenkreuz befindet sich auf der linken Seite des Griffs dieses Laguiole-Messers und verleiht dem Design eine symbolische und traditionelle Dimension. <\/p>\n<p>Bitte beachten Sie, dass wir Materialien nat\u00fcrlichen Ursprungs verwenden, und es ist wichtig zu beachten, dass das Aussehen unserer Produkte bei demselben Substrat variieren kann. Es ist diese Eigenschaft, die jedem fertigen Produkt seinen einzigartigen Charakter verleiht. Unsere Fotos sind daher nicht vertraglich bindend.  <\/p>\n","protected":false},"excerpt":{"rendered":"<p>Laguiole Folding Aubrac Messer 1 St\u00fcck<br \/>\nEbenholzgriff<br \/>\n2 Nackenrollen Griff aus geb\u00fcrstetem<br \/>\nEdelstahl Gr\u00f6\u00dfe: 12 cm<br \/>\nKlinge 12C27MOD Geschmiedete Fliege aus geb\u00fcrstetem<br \/>\nEdelstahl Prestige Handgearbeitetes handguillochiertes<br \/>\nfederzentriertes<br \/>\nLaubmuster L\u00e4nge des geschlossenen Messers: 12 cm<br \/>\nKlingenl\u00e4nge: 10 cm<br \/>\nL\u00e4nge des offenen Messers: 22 cm<\/p>\n","protected":false},"featured_media":38234,"template":"","meta":{"_acf_changed":false,"_monsterinsights_skip_tracking":false,"_monsterinsights_sitenote_active":false,"_monsterinsights_sitenote_note":"","_monsterinsights_sitenote_category":0},"product_brand":[],"product_cat":[5938,5939,5940],"product_tag":[],"class_list":{"0":"post-38227","1":"product","2":"type-product","3":"status-publish","4":"has-post-thumbnail","6":"product_cat-klappmesser","7":"product_cat-laguiole-klappmesser","8":"product_cat-laguiole-traditionelle-messer-mit-und-ohne-korkenzieher","9":"pa_composition-couteau-1-stueck-nur-klinge","10":"pa_lame-gebuersteter-edelstahl","11":"pa_manche-en-bois-ebenholz","12":"pa_marque-laguiole-en-aubracfr","13":"pa_mitres-2-gehrungen","14":"pa_mitres-gebuersteter-edelstahl","15":"pa_mouche-geschmiedet","16":"pa_mouche-prestige","17":"pa_platines-einzelplatin","18":"pa_ressort-guilloche","19":"pa_taille-du-manche-12-cm","20":"tm-has-options","23":"instock","24":"taxable","25":"shipping-taxable","26":"purchasable","27":"product-type-simple"},"supplier_id":null,"supplier_sku":"","barcode":null,"atum_controlled":true,"out_stock_date":null,"out_stock_threshold":null,"inheritable":false,"inbound_stock":0,"stock_on_hold":0,"sold_today":0,"sales_last_days":0,"reserved_stock":0,"customer_returns":0,"warehouse_damage":0,"lost_in_post":0,"other_logs":0,"out_stock_days":0,"lost_sales":0,"has_location":false,"update_date":"2026-05-02T00:45:29","atum_locations":[],"atum_stock_status":"instock","restock_status":false,"low_stock_amount":"","sales_update_date":"2026-05-02T00:45:28","calc_backorders":0,"acf":[],"yoast_head":"<!-- This site is optimized with the Yoast SEO plugin v27.3 - https:\/\/yoast.com\/product\/yoast-seo-wordpress\/ -->\n<title>Laguiole Messer in Aubrac L&#039;El\u00e9gant 1 St\u00fcck 12 cm Griff aus Ebenholz 2 Kropfe aus geb\u00fcrstetem Edelstahl guillochiertes Federlaub Fliege Prestige - Laguiole.com \u00ae<\/title>\n<meta name=\"description\" content=\"Der Griff aus Ebenholz Ihres Laguiole Aubrac Messers ist mit Kropfen aus geb\u00fcrstetem Edelstahl verziert, die dieses edle, widerstandsf\u00e4hige und langlebige Holz hervorheben.\" \/>\n<meta name=\"robots\" content=\"index, follow, max-snippet:-1, max-image-preview:large, max-video-preview:-1\" \/>\n<link rel=\"canonical\" href=\"https:\/\/laguiole.com\/de\/produit\/laguiole-messer-in-aubrac-lelegant-1-stueck-12-cm-griff-aus-ebenholz-2-kropfe-aus-gebuerstetem-edelstahl-guillochiertes-federlaub-fliege-prestige\/\" \/>\n<meta property=\"og:locale\" content=\"de_DE\" \/>\n<meta property=\"og:type\" content=\"article\" \/>\n<meta property=\"og:title\" content=\"Laguiole Messer in Aubrac L&#039;El\u00e9gant 1 St\u00fcck 12 cm Griff aus Ebenholz 2 Kropfe aus geb\u00fcrstetem Edelstahl guillochiertes Federlaub Fliege Prestige - Laguiole.com \u00ae\" \/>\n<meta property=\"og:description\" content=\"Der Griff aus Ebenholz Ihres Laguiole Aubrac Messers ist mit Kropfen aus geb\u00fcrstetem Edelstahl verziert, die dieses edle, widerstandsf\u00e4hige und langlebige Holz hervorheben.\" \/>\n<meta property=\"og:url\" content=\"https:\/\/laguiole.com\/de\/produit\/laguiole-messer-in-aubrac-lelegant-1-stueck-12-cm-griff-aus-ebenholz-2-kropfe-aus-gebuerstetem-edelstahl-guillochiertes-federlaub-fliege-prestige\/\" \/>\n<meta property=\"og:site_name\" content=\"Laguiole.com \u00ae\" \/>\n<meta property=\"article:publisher\" content=\"https:\/\/www.facebook.com\/laguiolecom\/\" \/>\n<meta property=\"og:image\" content=\"https:\/\/laguiole.com\/wp-content\/uploads\/2023\/11\/Couteau_Laguiole_en_Aubrac_Elegant_1_piece_12cm_Manche_Ebene_2_Mitres_Inox_Brosse_Ressort_guilloche_feuillage_Mouche_Prestige_00.jpg\" \/>\n\t<meta property=\"og:image:width\" content=\"1033\" \/>\n\t<meta property=\"og:image:height\" content=\"1033\" \/>\n\t<meta property=\"og:image:type\" content=\"image\/jpeg\" \/>\n<meta name=\"twitter:card\" content=\"summary_large_image\" \/>\n<meta name=\"twitter:label1\" content=\"Gesch\u00e4tzte Lesezeit\" \/>\n\t<meta name=\"twitter:data1\" content=\"1\u00a0Minute\" \/>\n<script type=\"application\/ld+json\" class=\"yoast-schema-graph\">{\"@context\":\"https:\\\/\\\/schema.org\",\"@graph\":[{\"@type\":\"WebPage\",\"@id\":\"https:\\\/\\\/laguiole.com\\\/de\\\/produit\\\/laguiole-messer-in-aubrac-lelegant-1-stueck-12-cm-griff-aus-ebenholz-2-kropfe-aus-gebuerstetem-edelstahl-guillochiertes-federlaub-fliege-prestige\\\/\",\"url\":\"https:\\\/\\\/laguiole.com\\\/de\\\/produit\\\/laguiole-messer-in-aubrac-lelegant-1-stueck-12-cm-griff-aus-ebenholz-2-kropfe-aus-gebuerstetem-edelstahl-guillochiertes-federlaub-fliege-prestige\\\/\",\"name\":\"Laguiole Messer in Aubrac L'El\u00e9gant 1 St\u00fcck 12 cm Griff aus Ebenholz 2 Kropfe aus geb\u00fcrstetem Edelstahl guillochiertes Federlaub Fliege Prestige - Laguiole.com \u00ae\",\"isPartOf\":{\"@id\":\"https:\\\/\\\/laguiole.com\\\/de\\\/#website\"},\"primaryImageOfPage\":{\"@id\":\"https:\\\/\\\/laguiole.com\\\/de\\\/produit\\\/laguiole-messer-in-aubrac-lelegant-1-stueck-12-cm-griff-aus-ebenholz-2-kropfe-aus-gebuerstetem-edelstahl-guillochiertes-federlaub-fliege-prestige\\\/#primaryimage\"},\"image\":{\"@id\":\"https:\\\/\\\/laguiole.com\\\/de\\\/produit\\\/laguiole-messer-in-aubrac-lelegant-1-stueck-12-cm-griff-aus-ebenholz-2-kropfe-aus-gebuerstetem-edelstahl-guillochiertes-federlaub-fliege-prestige\\\/#primaryimage\"},\"thumbnailUrl\":\"https:\\\/\\\/laguiole.com\\\/wp-content\\\/uploads\\\/2023\\\/11\\\/Couteau_Laguiole_en_Aubrac_Elegant_1_piece_12cm_Manche_Ebene_2_Mitres_Inox_Brosse_Ressort_guilloche_feuillage_Mouche_Prestige_00.jpg\",\"datePublished\":\"2023-11-24T20:54:28+00:00\",\"description\":\"Der Griff aus Ebenholz Ihres Laguiole Aubrac Messers ist mit Kropfen aus geb\u00fcrstetem Edelstahl verziert, die dieses edle, widerstandsf\u00e4hige und langlebige Holz hervorheben.\",\"breadcrumb\":{\"@id\":\"https:\\\/\\\/laguiole.com\\\/de\\\/produit\\\/laguiole-messer-in-aubrac-lelegant-1-stueck-12-cm-griff-aus-ebenholz-2-kropfe-aus-gebuerstetem-edelstahl-guillochiertes-federlaub-fliege-prestige\\\/#breadcrumb\"},\"inLanguage\":\"de\",\"potentialAction\":[{\"@type\":\"ReadAction\",\"target\":[\"https:\\\/\\\/laguiole.com\\\/de\\\/produit\\\/laguiole-messer-in-aubrac-lelegant-1-stueck-12-cm-griff-aus-ebenholz-2-kropfe-aus-gebuerstetem-edelstahl-guillochiertes-federlaub-fliege-prestige\\\/\"]}]},{\"@type\":\"ImageObject\",\"inLanguage\":\"de\",\"@id\":\"https:\\\/\\\/laguiole.com\\\/de\\\/produit\\\/laguiole-messer-in-aubrac-lelegant-1-stueck-12-cm-griff-aus-ebenholz-2-kropfe-aus-gebuerstetem-edelstahl-guillochiertes-federlaub-fliege-prestige\\\/#primaryimage\",\"url\":\"https:\\\/\\\/laguiole.com\\\/wp-content\\\/uploads\\\/2023\\\/11\\\/Couteau_Laguiole_en_Aubrac_Elegant_1_piece_12cm_Manche_Ebene_2_Mitres_Inox_Brosse_Ressort_guilloche_feuillage_Mouche_Prestige_00.jpg\",\"contentUrl\":\"https:\\\/\\\/laguiole.com\\\/wp-content\\\/uploads\\\/2023\\\/11\\\/Couteau_Laguiole_en_Aubrac_Elegant_1_piece_12cm_Manche_Ebene_2_Mitres_Inox_Brosse_Ressort_guilloche_feuillage_Mouche_Prestige_00.jpg\",\"width\":1033,\"height\":1033},{\"@type\":\"BreadcrumbList\",\"@id\":\"https:\\\/\\\/laguiole.com\\\/de\\\/produit\\\/laguiole-messer-in-aubrac-lelegant-1-stueck-12-cm-griff-aus-ebenholz-2-kropfe-aus-gebuerstetem-edelstahl-guillochiertes-federlaub-fliege-prestige\\\/#breadcrumb\",\"itemListElement\":[{\"@type\":\"ListItem\",\"position\":1,\"name\":\"Accueil\",\"item\":\"https:\\\/\\\/laguiole.com\\\/de\\\/\"},{\"@type\":\"ListItem\",\"position\":2,\"name\":\"Shop\",\"item\":\"https:\\\/\\\/laguiole.com\\\/de\\\/shop-2\\\/\"},{\"@type\":\"ListItem\",\"position\":3,\"name\":\"Laguiole Messer in Aubrac L&#8217;El\u00e9gant 1 St\u00fcck 12 cm Griff aus Ebenholz 2 Kropfe aus geb\u00fcrstetem Edelstahl guillochiertes Federlaub Fliege Prestige\"}]},{\"@type\":\"WebSite\",\"@id\":\"https:\\\/\\\/laguiole.com\\\/de\\\/#website\",\"url\":\"https:\\\/\\\/laguiole.com\\\/de\\\/\",\"name\":\"Laguiole.com\",\"description\":\"Laguiole - Couteau laguiole, Chateau Laguiole, Laguiole en Aubrac, Forge de Laguiole\",\"publisher\":{\"@id\":\"https:\\\/\\\/laguiole.com\\\/de\\\/#organization\"},\"potentialAction\":[{\"@type\":\"SearchAction\",\"target\":{\"@type\":\"EntryPoint\",\"urlTemplate\":\"https:\\\/\\\/laguiole.com\\\/de\\\/?s={search_term_string}\"},\"query-input\":{\"@type\":\"PropertyValueSpecification\",\"valueRequired\":true,\"valueName\":\"search_term_string\"}}],\"inLanguage\":\"de\"},{\"@type\":\"Organization\",\"@id\":\"https:\\\/\\\/laguiole.com\\\/de\\\/#organization\",\"name\":\"Laguiole.com\",\"url\":\"https:\\\/\\\/laguiole.com\\\/de\\\/\",\"logo\":{\"@type\":\"ImageObject\",\"inLanguage\":\"de\",\"@id\":\"https:\\\/\\\/laguiole.com\\\/de\\\/#\\\/schema\\\/logo\\\/image\\\/\",\"url\":\"https:\\\/\\\/laguiole.com\\\/wp-content\\\/uploads\\\/2021\\\/02\\\/logo_laguiole.com-horizontal.jpg\",\"contentUrl\":\"https:\\\/\\\/laguiole.com\\\/wp-content\\\/uploads\\\/2021\\\/02\\\/logo_laguiole.com-horizontal.jpg\",\"width\":490,\"height\":156,\"caption\":\"Laguiole.com\"},\"image\":{\"@id\":\"https:\\\/\\\/laguiole.com\\\/de\\\/#\\\/schema\\\/logo\\\/image\\\/\"},\"sameAs\":[\"https:\\\/\\\/www.facebook.com\\\/laguiolecom\\\/\",\"https:\\\/\\\/www.instagram.com\\\/laguiolecom\\\/\",\"https:\\\/\\\/www.youtube.com\\\/@laguiolecom\\\/videos\"]}]}<\/script>\n<!-- \/ Yoast SEO plugin. -->","yoast_head_json":{"title":"Laguiole Messer in Aubrac L'El\u00e9gant 1 St\u00fcck 12 cm Griff aus Ebenholz 2 Kropfe aus geb\u00fcrstetem Edelstahl guillochiertes Federlaub Fliege Prestige - Laguiole.com \u00ae","description":"Der Griff aus Ebenholz Ihres Laguiole Aubrac Messers ist mit Kropfen aus geb\u00fcrstetem Edelstahl verziert, die dieses edle, widerstandsf\u00e4hige und langlebige Holz hervorheben.","robots":{"index":"index","follow":"follow","max-snippet":"max-snippet:-1","max-image-preview":"max-image-preview:large","max-video-preview":"max-video-preview:-1"},"canonical":"https:\/\/laguiole.com\/de\/produit\/laguiole-messer-in-aubrac-lelegant-1-stueck-12-cm-griff-aus-ebenholz-2-kropfe-aus-gebuerstetem-edelstahl-guillochiertes-federlaub-fliege-prestige\/","og_locale":"de_DE","og_type":"article","og_title":"Laguiole Messer in Aubrac L'El\u00e9gant 1 St\u00fcck 12 cm Griff aus Ebenholz 2 Kropfe aus geb\u00fcrstetem Edelstahl guillochiertes Federlaub Fliege Prestige - Laguiole.com \u00ae","og_description":"Der Griff aus Ebenholz Ihres Laguiole Aubrac Messers ist mit Kropfen aus geb\u00fcrstetem Edelstahl verziert, die dieses edle, widerstandsf\u00e4hige und langlebige Holz hervorheben.","og_url":"https:\/\/laguiole.com\/de\/produit\/laguiole-messer-in-aubrac-lelegant-1-stueck-12-cm-griff-aus-ebenholz-2-kropfe-aus-gebuerstetem-edelstahl-guillochiertes-federlaub-fliege-prestige\/","og_site_name":"Laguiole.com \u00ae","article_publisher":"https:\/\/www.facebook.com\/laguiolecom\/","og_image":[{"width":1033,"height":1033,"url":"https:\/\/laguiole.com\/wp-content\/uploads\/2023\/11\/Couteau_Laguiole_en_Aubrac_Elegant_1_piece_12cm_Manche_Ebene_2_Mitres_Inox_Brosse_Ressort_guilloche_feuillage_Mouche_Prestige_00.jpg","type":"image\/jpeg"}],"twitter_card":"summary_large_image","twitter_misc":{"Gesch\u00e4tzte Lesezeit":"1\u00a0Minute"},"schema":{"@context":"https:\/\/schema.org","@graph":[{"@type":"WebPage","@id":"https:\/\/laguiole.com\/de\/produit\/laguiole-messer-in-aubrac-lelegant-1-stueck-12-cm-griff-aus-ebenholz-2-kropfe-aus-gebuerstetem-edelstahl-guillochiertes-federlaub-fliege-prestige\/","url":"https:\/\/laguiole.com\/de\/produit\/laguiole-messer-in-aubrac-lelegant-1-stueck-12-cm-griff-aus-ebenholz-2-kropfe-aus-gebuerstetem-edelstahl-guillochiertes-federlaub-fliege-prestige\/","name":"Laguiole Messer in Aubrac L'El\u00e9gant 1 St\u00fcck 12 cm Griff aus Ebenholz 2 Kropfe aus geb\u00fcrstetem Edelstahl guillochiertes Federlaub Fliege Prestige - Laguiole.com \u00ae","isPartOf":{"@id":"https:\/\/laguiole.com\/de\/#website"},"primaryImageOfPage":{"@id":"https:\/\/laguiole.com\/de\/produit\/laguiole-messer-in-aubrac-lelegant-1-stueck-12-cm-griff-aus-ebenholz-2-kropfe-aus-gebuerstetem-edelstahl-guillochiertes-federlaub-fliege-prestige\/#primaryimage"},"image":{"@id":"https:\/\/laguiole.com\/de\/produit\/laguiole-messer-in-aubrac-lelegant-1-stueck-12-cm-griff-aus-ebenholz-2-kropfe-aus-gebuerstetem-edelstahl-guillochiertes-federlaub-fliege-prestige\/#primaryimage"},"thumbnailUrl":"https:\/\/laguiole.com\/wp-content\/uploads\/2023\/11\/Couteau_Laguiole_en_Aubrac_Elegant_1_piece_12cm_Manche_Ebene_2_Mitres_Inox_Brosse_Ressort_guilloche_feuillage_Mouche_Prestige_00.jpg","datePublished":"2023-11-24T20:54:28+00:00","description":"Der Griff aus Ebenholz Ihres Laguiole Aubrac Messers ist mit Kropfen aus geb\u00fcrstetem Edelstahl verziert, die dieses edle, widerstandsf\u00e4hige und langlebige Holz hervorheben.","breadcrumb":{"@id":"https:\/\/laguiole.com\/de\/produit\/laguiole-messer-in-aubrac-lelegant-1-stueck-12-cm-griff-aus-ebenholz-2-kropfe-aus-gebuerstetem-edelstahl-guillochiertes-federlaub-fliege-prestige\/#breadcrumb"},"inLanguage":"de","potentialAction":[{"@type":"ReadAction","target":["https:\/\/laguiole.com\/de\/produit\/laguiole-messer-in-aubrac-lelegant-1-stueck-12-cm-griff-aus-ebenholz-2-kropfe-aus-gebuerstetem-edelstahl-guillochiertes-federlaub-fliege-prestige\/"]}]},{"@type":"ImageObject","inLanguage":"de","@id":"https:\/\/laguiole.com\/de\/produit\/laguiole-messer-in-aubrac-lelegant-1-stueck-12-cm-griff-aus-ebenholz-2-kropfe-aus-gebuerstetem-edelstahl-guillochiertes-federlaub-fliege-prestige\/#primaryimage","url":"https:\/\/laguiole.com\/wp-content\/uploads\/2023\/11\/Couteau_Laguiole_en_Aubrac_Elegant_1_piece_12cm_Manche_Ebene_2_Mitres_Inox_Brosse_Ressort_guilloche_feuillage_Mouche_Prestige_00.jpg","contentUrl":"https:\/\/laguiole.com\/wp-content\/uploads\/2023\/11\/Couteau_Laguiole_en_Aubrac_Elegant_1_piece_12cm_Manche_Ebene_2_Mitres_Inox_Brosse_Ressort_guilloche_feuillage_Mouche_Prestige_00.jpg","width":1033,"height":1033},{"@type":"BreadcrumbList","@id":"https:\/\/laguiole.com\/de\/produit\/laguiole-messer-in-aubrac-lelegant-1-stueck-12-cm-griff-aus-ebenholz-2-kropfe-aus-gebuerstetem-edelstahl-guillochiertes-federlaub-fliege-prestige\/#breadcrumb","itemListElement":[{"@type":"ListItem","position":1,"name":"Accueil","item":"https:\/\/laguiole.com\/de\/"},{"@type":"ListItem","position":2,"name":"Shop","item":"https:\/\/laguiole.com\/de\/shop-2\/"},{"@type":"ListItem","position":3,"name":"Laguiole Messer in Aubrac L&#8217;El\u00e9gant 1 St\u00fcck 12 cm Griff aus Ebenholz 2 Kropfe aus geb\u00fcrstetem Edelstahl guillochiertes Federlaub Fliege Prestige"}]},{"@type":"WebSite","@id":"https:\/\/laguiole.com\/de\/#website","url":"https:\/\/laguiole.com\/de\/","name":"Laguiole.com","description":"Laguiole - Couteau laguiole, Chateau Laguiole, Laguiole en Aubrac, Forge de Laguiole","publisher":{"@id":"https:\/\/laguiole.com\/de\/#organization"},"potentialAction":[{"@type":"SearchAction","target":{"@type":"EntryPoint","urlTemplate":"https:\/\/laguiole.com\/de\/?s={search_term_string}"},"query-input":{"@type":"PropertyValueSpecification","valueRequired":true,"valueName":"search_term_string"}}],"inLanguage":"de"},{"@type":"Organization","@id":"https:\/\/laguiole.com\/de\/#organization","name":"Laguiole.com","url":"https:\/\/laguiole.com\/de\/","logo":{"@type":"ImageObject","inLanguage":"de","@id":"https:\/\/laguiole.com\/de\/#\/schema\/logo\/image\/","url":"https:\/\/laguiole.com\/wp-content\/uploads\/2021\/02\/logo_laguiole.com-horizontal.jpg","contentUrl":"https:\/\/laguiole.com\/wp-content\/uploads\/2021\/02\/logo_laguiole.com-horizontal.jpg","width":490,"height":156,"caption":"Laguiole.com"},"image":{"@id":"https:\/\/laguiole.com\/de\/#\/schema\/logo\/image\/"},"sameAs":["https:\/\/www.facebook.com\/laguiolecom\/","https:\/\/www.instagram.com\/laguiolecom\/","https:\/\/www.youtube.com\/@laguiolecom\/videos"]}]}},"_links":{"self":[{"href":"https:\/\/laguiole.com\/de\/wp-json\/wp\/v2\/product\/38227","targetHints":{"allow":["GET"]}}],"collection":[{"href":"https:\/\/laguiole.com\/de\/wp-json\/wp\/v2\/product"}],"about":[{"href":"https:\/\/laguiole.com\/de\/wp-json\/wp\/v2\/types\/product"}],"version-history":[{"count":0,"href":"https:\/\/laguiole.com\/de\/wp-json\/wp\/v2\/product\/38227\/revisions"}],"wp:featuredmedia":[{"embeddable":true,"href":"https:\/\/laguiole.com\/de\/wp-json\/wp\/v2\/media\/38234"}],"wp:attachment":[{"href":"https:\/\/laguiole.com\/de\/wp-json\/wp\/v2\/media?parent=38227"}],"wp:term":[{"taxonomy":"product_brand","embeddable":true,"href":"https:\/\/laguiole.com\/de\/wp-json\/wp\/v2\/product_brand?post=38227"},{"taxonomy":"product_cat","embeddable":true,"href":"https:\/\/laguiole.com\/de\/wp-json\/wp\/v2\/product_cat?post=38227"},{"taxonomy":"product_tag","embeddable":true,"href":"https:\/\/laguiole.com\/de\/wp-json\/wp\/v2\/product_tag?post=38227"}],"curies":[{"name":"wp","href":"https:\/\/api.w.org\/{rel}","templated":true}]}}