{"id":38112,"date":"2025-02-18T13:17:07","date_gmt":"2025-02-18T12:17:07","guid":{"rendered":"https:\/\/laguiole.com\/produit\/tradition-vertical-port-belt-case-fuer-laguiole-und-thiers-klappmesser-schwarze-farbe\/"},"modified":"2025-02-18T13:17:07","modified_gmt":"2025-02-18T12:17:07","slug":"tradition-vertical-port-belt-case-fuer-laguiole-und-thiers-klappmesser-schwarze-farbe","status":"publish","type":"product","link":"https:\/\/laguiole.com\/de\/produit\/tradition-vertical-port-belt-case-fuer-laguiole-und-thiers-klappmesser-schwarze-farbe\/","title":{"rendered":"Tradition Vertical Port Belt Case f\u00fcr Laguiole und Thiers Klappmesser schwarze Farbe"},"content":{"rendered":"<p>Klappbare Messerscheide bis 12 cm<br \/>\nVertikaler G\u00fcrtelanschluss<\/p>\n<p>Verleihen Sie Ihrem Klappmesser optimalen Schutz mit dieser Scheide, die Eleganz und Zweckm\u00e4\u00dfigkeit vereint. Er ist f\u00fcr Messer bis zu 12 cm geeignet und erm\u00f6glicht dank seiner Schnappklappe einen einfachen Zugang und garantiert gleichzeitig maximale Sicherheit. <\/p>\n<p>Sorgf\u00e4ltige Details und hochwertige Oberfl\u00e4chen:<\/p>\n<p>Laguiole.com Markierung f\u00fcr eine authentische Unterschrift.<br \/>\nFranz\u00f6sische Flagge auf dem Passanten, Symbol f\u00fcr Qualit\u00e4t und Know-how.<br \/>\nGepr\u00e4gte Biene auf dem Druckknopf, dem emblematischen Emblem der Marke.<br \/>\nTon-in-Ton-Steppn\u00e4hte f\u00fcr ein dezentes und raffiniertes Finish.<br \/>\nDie vertikale G\u00fcrtelpassform sorgt den ganzen Tag \u00fcber f\u00fcr optimalen Komfort und h\u00e4lt Ihr Messer griffbereit.<br \/>\nEin unverzichtbares Accessoire f\u00fcr Liebhaber von Laguiole-Messern.<\/p>\n","protected":false},"excerpt":{"rendered":"<p>Messeretui f\u00fcr Laguiole und Thiers Tradition<br \/>\nG\u00fcrtelschlaufe mit franz\u00f6sischer Flagge gestempelt Laguiole.com<br \/>\nTragen am G\u00fcrtel Vertikale<br \/>\nPosition Klappenverschluss durch Druckknopf mit Biene im Relief<br \/>\nN\u00e4hte im schwarzen<br \/>\nGeh\u00e4use Farbe Schwarz<br \/>\nAu\u00dfen Gesamth\u00f6he geschlossenes Geh\u00e4use 15 cm<br \/>\nGesamtbreite Au\u00dfen geschlossenes Geh\u00e4use 5 cm<br \/>\nInnenh\u00f6he (Messerschlitz) 13 cm<br \/>\nG\u00fcrtelschlaufe Breite maximal<\/p>\n<p> 6 cmGeeignet f\u00fcr alle Arten von Laguiole und Thiers Messern bis 12 cm (Messerl\u00e4nge geschlossen) INKLUSIVE KORKENZIEHER (2 St\u00fcck)<br \/>\n (auf dem Pr\u00e4sentationsfoto _le couteau_mesure 12 cm)<\/p>\n","protected":false},"featured_media":38117,"template":"","meta":{"_acf_changed":false,"_monsterinsights_skip_tracking":false,"_monsterinsights_sitenote_active":false,"_monsterinsights_sitenote_note":"","_monsterinsights_sitenote_category":0},"product_brand":[],"product_cat":[5952,5954],"product_tag":[],"class_list":{"0":"post-38112","1":"product","2":"type-product","3":"status-publish","4":"has-post-thumbnail","6":"product_cat-messerfutteral","7":"product_cat-nicht-klassifiziert-2","8":"tm-no-options","11":"instock","12":"taxable","13":"shipping-taxable","14":"purchasable","15":"product-type-simple"},"supplier_id":null,"supplier_sku":"","barcode":null,"atum_controlled":true,"out_stock_date":null,"out_stock_threshold":null,"inheritable":false,"inbound_stock":0,"stock_on_hold":0,"sold_today":0,"sales_last_days":0,"reserved_stock":0,"customer_returns":0,"warehouse_damage":0,"lost_in_post":0,"other_logs":0,"out_stock_days":0,"lost_sales":0,"has_location":false,"update_date":"2026-04-28T00:41:36","atum_locations":[],"atum_stock_status":"instock","restock_status":false,"low_stock_amount":"","sales_update_date":"2026-04-28T00:41:36","calc_backorders":0,"acf":[],"yoast_head":"<!-- This site is optimized with the Yoast SEO plugin v27.3 - https:\/\/yoast.com\/product\/yoast-seo-wordpress\/ -->\n<title>Tradition Vertical Port Belt Case f\u00fcr Laguiole und Thiers Klappmesser schwarze Farbe - Laguiole.com \u00ae<\/title>\n<meta name=\"description\" content=\"Diese Scheide ist f\u00fcr Messer bis zu 12 cm geeignet, sie erm\u00f6glicht dank ihrer Schnappklappe einen einfachen Zugang und garantiert gleichzeitig maximale Sicherheit.\" \/>\n<meta name=\"robots\" content=\"index, follow, max-snippet:-1, max-image-preview:large, max-video-preview:-1\" \/>\n<link rel=\"canonical\" href=\"https:\/\/laguiole.com\/de\/produit\/tradition-vertical-port-belt-case-fuer-laguiole-und-thiers-klappmesser-schwarze-farbe\/\" \/>\n<meta property=\"og:locale\" content=\"de_DE\" \/>\n<meta property=\"og:type\" content=\"article\" \/>\n<meta property=\"og:title\" content=\"Tradition Vertical Port Belt Case f\u00fcr Laguiole und Thiers Klappmesser schwarze Farbe - Laguiole.com \u00ae\" \/>\n<meta property=\"og:description\" content=\"Diese Scheide ist f\u00fcr Messer bis zu 12 cm geeignet, sie erm\u00f6glicht dank ihrer Schnappklappe einen einfachen Zugang und garantiert gleichzeitig maximale Sicherheit.\" \/>\n<meta property=\"og:url\" content=\"https:\/\/laguiole.com\/de\/produit\/tradition-vertical-port-belt-case-fuer-laguiole-und-thiers-klappmesser-schwarze-farbe\/\" \/>\n<meta property=\"og:site_name\" content=\"Laguiole.com \u00ae\" \/>\n<meta property=\"article:publisher\" content=\"https:\/\/www.facebook.com\/laguiolecom\/\" \/>\n<meta property=\"og:image\" content=\"https:\/\/laguiole.com\/wp-content\/uploads\/2025\/02\/Etui_Ceinture_Tradition_Port_Vertical_pour_Couteaux_Pliants_Laguiole_et_Thiers_Coloris_Noir_00.jpg\" \/>\n\t<meta property=\"og:image:width\" content=\"1033\" \/>\n\t<meta property=\"og:image:height\" content=\"1033\" \/>\n\t<meta property=\"og:image:type\" content=\"image\/jpeg\" \/>\n<meta name=\"twitter:card\" content=\"summary_large_image\" \/>\n<meta name=\"twitter:label1\" content=\"Gesch\u00e4tzte Lesezeit\" \/>\n\t<meta name=\"twitter:data1\" content=\"1\u00a0Minute\" \/>\n<script type=\"application\/ld+json\" class=\"yoast-schema-graph\">{\"@context\":\"https:\\\/\\\/schema.org\",\"@graph\":[{\"@type\":\"WebPage\",\"@id\":\"https:\\\/\\\/laguiole.com\\\/de\\\/produit\\\/tradition-vertical-port-belt-case-fuer-laguiole-und-thiers-klappmesser-schwarze-farbe\\\/\",\"url\":\"https:\\\/\\\/laguiole.com\\\/de\\\/produit\\\/tradition-vertical-port-belt-case-fuer-laguiole-und-thiers-klappmesser-schwarze-farbe\\\/\",\"name\":\"Tradition Vertical Port Belt Case f\u00fcr Laguiole und Thiers Klappmesser schwarze Farbe - Laguiole.com \u00ae\",\"isPartOf\":{\"@id\":\"https:\\\/\\\/laguiole.com\\\/de\\\/#website\"},\"primaryImageOfPage\":{\"@id\":\"https:\\\/\\\/laguiole.com\\\/de\\\/produit\\\/tradition-vertical-port-belt-case-fuer-laguiole-und-thiers-klappmesser-schwarze-farbe\\\/#primaryimage\"},\"image\":{\"@id\":\"https:\\\/\\\/laguiole.com\\\/de\\\/produit\\\/tradition-vertical-port-belt-case-fuer-laguiole-und-thiers-klappmesser-schwarze-farbe\\\/#primaryimage\"},\"thumbnailUrl\":\"https:\\\/\\\/laguiole.com\\\/wp-content\\\/uploads\\\/2025\\\/02\\\/Etui_Ceinture_Tradition_Port_Vertical_pour_Couteaux_Pliants_Laguiole_et_Thiers_Coloris_Noir_00.jpg\",\"datePublished\":\"2025-02-18T12:17:07+00:00\",\"description\":\"Diese Scheide ist f\u00fcr Messer bis zu 12 cm geeignet, sie erm\u00f6glicht dank ihrer Schnappklappe einen einfachen Zugang und garantiert gleichzeitig maximale Sicherheit.\",\"breadcrumb\":{\"@id\":\"https:\\\/\\\/laguiole.com\\\/de\\\/produit\\\/tradition-vertical-port-belt-case-fuer-laguiole-und-thiers-klappmesser-schwarze-farbe\\\/#breadcrumb\"},\"inLanguage\":\"de\",\"potentialAction\":[{\"@type\":\"ReadAction\",\"target\":[\"https:\\\/\\\/laguiole.com\\\/de\\\/produit\\\/tradition-vertical-port-belt-case-fuer-laguiole-und-thiers-klappmesser-schwarze-farbe\\\/\"]}]},{\"@type\":\"ImageObject\",\"inLanguage\":\"de\",\"@id\":\"https:\\\/\\\/laguiole.com\\\/de\\\/produit\\\/tradition-vertical-port-belt-case-fuer-laguiole-und-thiers-klappmesser-schwarze-farbe\\\/#primaryimage\",\"url\":\"https:\\\/\\\/laguiole.com\\\/wp-content\\\/uploads\\\/2025\\\/02\\\/Etui_Ceinture_Tradition_Port_Vertical_pour_Couteaux_Pliants_Laguiole_et_Thiers_Coloris_Noir_00.jpg\",\"contentUrl\":\"https:\\\/\\\/laguiole.com\\\/wp-content\\\/uploads\\\/2025\\\/02\\\/Etui_Ceinture_Tradition_Port_Vertical_pour_Couteaux_Pliants_Laguiole_et_Thiers_Coloris_Noir_00.jpg\",\"width\":1033,\"height\":1033,\"caption\":\"Etui_Ceinture_Tradition_Port_Vertical_pour_Couteaux_Pliants_Laguiole_et_Thiers_Coloris_Noir\"},{\"@type\":\"BreadcrumbList\",\"@id\":\"https:\\\/\\\/laguiole.com\\\/de\\\/produit\\\/tradition-vertical-port-belt-case-fuer-laguiole-und-thiers-klappmesser-schwarze-farbe\\\/#breadcrumb\",\"itemListElement\":[{\"@type\":\"ListItem\",\"position\":1,\"name\":\"Accueil\",\"item\":\"https:\\\/\\\/laguiole.com\\\/de\\\/\"},{\"@type\":\"ListItem\",\"position\":2,\"name\":\"Shop\",\"item\":\"https:\\\/\\\/laguiole.com\\\/de\\\/shop-2\\\/\"},{\"@type\":\"ListItem\",\"position\":3,\"name\":\"Tradition Vertical Port Belt Case f\u00fcr Laguiole und Thiers Klappmesser schwarze Farbe\"}]},{\"@type\":\"WebSite\",\"@id\":\"https:\\\/\\\/laguiole.com\\\/de\\\/#website\",\"url\":\"https:\\\/\\\/laguiole.com\\\/de\\\/\",\"name\":\"Laguiole.com\",\"description\":\"Laguiole - Couteau laguiole, Chateau Laguiole, Laguiole en Aubrac, Forge de Laguiole\",\"publisher\":{\"@id\":\"https:\\\/\\\/laguiole.com\\\/de\\\/#organization\"},\"potentialAction\":[{\"@type\":\"SearchAction\",\"target\":{\"@type\":\"EntryPoint\",\"urlTemplate\":\"https:\\\/\\\/laguiole.com\\\/de\\\/?s={search_term_string}\"},\"query-input\":{\"@type\":\"PropertyValueSpecification\",\"valueRequired\":true,\"valueName\":\"search_term_string\"}}],\"inLanguage\":\"de\"},{\"@type\":\"Organization\",\"@id\":\"https:\\\/\\\/laguiole.com\\\/de\\\/#organization\",\"name\":\"Laguiole.com\",\"url\":\"https:\\\/\\\/laguiole.com\\\/de\\\/\",\"logo\":{\"@type\":\"ImageObject\",\"inLanguage\":\"de\",\"@id\":\"https:\\\/\\\/laguiole.com\\\/de\\\/#\\\/schema\\\/logo\\\/image\\\/\",\"url\":\"https:\\\/\\\/laguiole.com\\\/wp-content\\\/uploads\\\/2021\\\/02\\\/logo_laguiole.com-horizontal.jpg\",\"contentUrl\":\"https:\\\/\\\/laguiole.com\\\/wp-content\\\/uploads\\\/2021\\\/02\\\/logo_laguiole.com-horizontal.jpg\",\"width\":490,\"height\":156,\"caption\":\"Laguiole.com\"},\"image\":{\"@id\":\"https:\\\/\\\/laguiole.com\\\/de\\\/#\\\/schema\\\/logo\\\/image\\\/\"},\"sameAs\":[\"https:\\\/\\\/www.facebook.com\\\/laguiolecom\\\/\",\"https:\\\/\\\/www.instagram.com\\\/laguiolecom\\\/\",\"https:\\\/\\\/www.youtube.com\\\/@laguiolecom\\\/videos\"]}]}<\/script>\n<!-- \/ Yoast SEO plugin. -->","yoast_head_json":{"title":"Tradition Vertical Port Belt Case f\u00fcr Laguiole und Thiers Klappmesser schwarze Farbe - Laguiole.com \u00ae","description":"Diese Scheide ist f\u00fcr Messer bis zu 12 cm geeignet, sie erm\u00f6glicht dank ihrer Schnappklappe einen einfachen Zugang und garantiert gleichzeitig maximale Sicherheit.","robots":{"index":"index","follow":"follow","max-snippet":"max-snippet:-1","max-image-preview":"max-image-preview:large","max-video-preview":"max-video-preview:-1"},"canonical":"https:\/\/laguiole.com\/de\/produit\/tradition-vertical-port-belt-case-fuer-laguiole-und-thiers-klappmesser-schwarze-farbe\/","og_locale":"de_DE","og_type":"article","og_title":"Tradition Vertical Port Belt Case f\u00fcr Laguiole und Thiers Klappmesser schwarze Farbe - Laguiole.com \u00ae","og_description":"Diese Scheide ist f\u00fcr Messer bis zu 12 cm geeignet, sie erm\u00f6glicht dank ihrer Schnappklappe einen einfachen Zugang und garantiert gleichzeitig maximale Sicherheit.","og_url":"https:\/\/laguiole.com\/de\/produit\/tradition-vertical-port-belt-case-fuer-laguiole-und-thiers-klappmesser-schwarze-farbe\/","og_site_name":"Laguiole.com \u00ae","article_publisher":"https:\/\/www.facebook.com\/laguiolecom\/","og_image":[{"width":1033,"height":1033,"url":"https:\/\/laguiole.com\/wp-content\/uploads\/2025\/02\/Etui_Ceinture_Tradition_Port_Vertical_pour_Couteaux_Pliants_Laguiole_et_Thiers_Coloris_Noir_00.jpg","type":"image\/jpeg"}],"twitter_card":"summary_large_image","twitter_misc":{"Gesch\u00e4tzte Lesezeit":"1\u00a0Minute"},"schema":{"@context":"https:\/\/schema.org","@graph":[{"@type":"WebPage","@id":"https:\/\/laguiole.com\/de\/produit\/tradition-vertical-port-belt-case-fuer-laguiole-und-thiers-klappmesser-schwarze-farbe\/","url":"https:\/\/laguiole.com\/de\/produit\/tradition-vertical-port-belt-case-fuer-laguiole-und-thiers-klappmesser-schwarze-farbe\/","name":"Tradition Vertical Port Belt Case f\u00fcr Laguiole und Thiers Klappmesser schwarze Farbe - Laguiole.com \u00ae","isPartOf":{"@id":"https:\/\/laguiole.com\/de\/#website"},"primaryImageOfPage":{"@id":"https:\/\/laguiole.com\/de\/produit\/tradition-vertical-port-belt-case-fuer-laguiole-und-thiers-klappmesser-schwarze-farbe\/#primaryimage"},"image":{"@id":"https:\/\/laguiole.com\/de\/produit\/tradition-vertical-port-belt-case-fuer-laguiole-und-thiers-klappmesser-schwarze-farbe\/#primaryimage"},"thumbnailUrl":"https:\/\/laguiole.com\/wp-content\/uploads\/2025\/02\/Etui_Ceinture_Tradition_Port_Vertical_pour_Couteaux_Pliants_Laguiole_et_Thiers_Coloris_Noir_00.jpg","datePublished":"2025-02-18T12:17:07+00:00","description":"Diese Scheide ist f\u00fcr Messer bis zu 12 cm geeignet, sie erm\u00f6glicht dank ihrer Schnappklappe einen einfachen Zugang und garantiert gleichzeitig maximale Sicherheit.","breadcrumb":{"@id":"https:\/\/laguiole.com\/de\/produit\/tradition-vertical-port-belt-case-fuer-laguiole-und-thiers-klappmesser-schwarze-farbe\/#breadcrumb"},"inLanguage":"de","potentialAction":[{"@type":"ReadAction","target":["https:\/\/laguiole.com\/de\/produit\/tradition-vertical-port-belt-case-fuer-laguiole-und-thiers-klappmesser-schwarze-farbe\/"]}]},{"@type":"ImageObject","inLanguage":"de","@id":"https:\/\/laguiole.com\/de\/produit\/tradition-vertical-port-belt-case-fuer-laguiole-und-thiers-klappmesser-schwarze-farbe\/#primaryimage","url":"https:\/\/laguiole.com\/wp-content\/uploads\/2025\/02\/Etui_Ceinture_Tradition_Port_Vertical_pour_Couteaux_Pliants_Laguiole_et_Thiers_Coloris_Noir_00.jpg","contentUrl":"https:\/\/laguiole.com\/wp-content\/uploads\/2025\/02\/Etui_Ceinture_Tradition_Port_Vertical_pour_Couteaux_Pliants_Laguiole_et_Thiers_Coloris_Noir_00.jpg","width":1033,"height":1033,"caption":"Etui_Ceinture_Tradition_Port_Vertical_pour_Couteaux_Pliants_Laguiole_et_Thiers_Coloris_Noir"},{"@type":"BreadcrumbList","@id":"https:\/\/laguiole.com\/de\/produit\/tradition-vertical-port-belt-case-fuer-laguiole-und-thiers-klappmesser-schwarze-farbe\/#breadcrumb","itemListElement":[{"@type":"ListItem","position":1,"name":"Accueil","item":"https:\/\/laguiole.com\/de\/"},{"@type":"ListItem","position":2,"name":"Shop","item":"https:\/\/laguiole.com\/de\/shop-2\/"},{"@type":"ListItem","position":3,"name":"Tradition Vertical Port Belt Case f\u00fcr Laguiole und Thiers Klappmesser schwarze Farbe"}]},{"@type":"WebSite","@id":"https:\/\/laguiole.com\/de\/#website","url":"https:\/\/laguiole.com\/de\/","name":"Laguiole.com","description":"Laguiole - Couteau laguiole, Chateau Laguiole, Laguiole en Aubrac, Forge de Laguiole","publisher":{"@id":"https:\/\/laguiole.com\/de\/#organization"},"potentialAction":[{"@type":"SearchAction","target":{"@type":"EntryPoint","urlTemplate":"https:\/\/laguiole.com\/de\/?s={search_term_string}"},"query-input":{"@type":"PropertyValueSpecification","valueRequired":true,"valueName":"search_term_string"}}],"inLanguage":"de"},{"@type":"Organization","@id":"https:\/\/laguiole.com\/de\/#organization","name":"Laguiole.com","url":"https:\/\/laguiole.com\/de\/","logo":{"@type":"ImageObject","inLanguage":"de","@id":"https:\/\/laguiole.com\/de\/#\/schema\/logo\/image\/","url":"https:\/\/laguiole.com\/wp-content\/uploads\/2021\/02\/logo_laguiole.com-horizontal.jpg","contentUrl":"https:\/\/laguiole.com\/wp-content\/uploads\/2021\/02\/logo_laguiole.com-horizontal.jpg","width":490,"height":156,"caption":"Laguiole.com"},"image":{"@id":"https:\/\/laguiole.com\/de\/#\/schema\/logo\/image\/"},"sameAs":["https:\/\/www.facebook.com\/laguiolecom\/","https:\/\/www.instagram.com\/laguiolecom\/","https:\/\/www.youtube.com\/@laguiolecom\/videos"]}]}},"_links":{"self":[{"href":"https:\/\/laguiole.com\/de\/wp-json\/wp\/v2\/product\/38112","targetHints":{"allow":["GET"]}}],"collection":[{"href":"https:\/\/laguiole.com\/de\/wp-json\/wp\/v2\/product"}],"about":[{"href":"https:\/\/laguiole.com\/de\/wp-json\/wp\/v2\/types\/product"}],"version-history":[{"count":0,"href":"https:\/\/laguiole.com\/de\/wp-json\/wp\/v2\/product\/38112\/revisions"}],"wp:featuredmedia":[{"embeddable":true,"href":"https:\/\/laguiole.com\/de\/wp-json\/wp\/v2\/media\/38117"}],"wp:attachment":[{"href":"https:\/\/laguiole.com\/de\/wp-json\/wp\/v2\/media?parent=38112"}],"wp:term":[{"taxonomy":"product_brand","embeddable":true,"href":"https:\/\/laguiole.com\/de\/wp-json\/wp\/v2\/product_brand?post=38112"},{"taxonomy":"product_cat","embeddable":true,"href":"https:\/\/laguiole.com\/de\/wp-json\/wp\/v2\/product_cat?post=38112"},{"taxonomy":"product_tag","embeddable":true,"href":"https:\/\/laguiole.com\/de\/wp-json\/wp\/v2\/product_tag?post=38112"}],"curies":[{"name":"wp","href":"https:\/\/api.w.org\/{rel}","templated":true}]}}