{"id":38095,"date":"2024-11-11T15:26:20","date_gmt":"2024-11-11T14:26:20","guid":{"rendered":"https:\/\/laguiole.com\/produit\/laguiole-messer-aus-aubrac-origin-liner-france-le-marine-vollgriff-aus-teak-und-aluminium-bullaugen-auf-der-klinge-nummeriert-und-in-limitierter-auflage-gebuerstet\/"},"modified":"2025-10-03T18:08:50","modified_gmt":"2025-10-03T16:08:50","slug":"laguiole-messer-aus-aubrac-origin-liner-france-le-marine-vollgriff-aus-teak-und-aluminium-bullaugen-auf-der-klinge-nummeriert-und-in-limitierter-auflage-gebuerstet","status":"publish","type":"product","link":"https:\/\/laguiole.com\/de\/produit\/laguiole-messer-aus-aubrac-origin-liner-france-le-marine-vollgriff-aus-teak-und-aluminium-bullaugen-auf-der-klinge-nummeriert-und-in-limitierter-auflage-gebuerstet\/","title":{"rendered":"Laguiole Messer aus Aubrac Origin Liner FRANCE Le Marine Vollgriff aus Teak und Aluminium Bullaugen auf der Klinge nummeriert und in limitierter Auflage geb\u00fcrstet"},"content":{"rendered":"<p>Laguiole Le Marine Messer mit Teakholzgriff: ein maritimes Erbe<\/p>\n<p>Das Laguiole Le Marine Messer verk\u00f6rpert mit seinem Griff aus Teakholz, einem emblematischen Holz des Schiffbaus, den Geist des maritimen Abenteuers.<\/p>\n<p>Teakholz, das f\u00fcr seine au\u00dfergew\u00f6hnliche Best\u00e4ndigkeit gegen Salzwasser und Witterungseinfl\u00fcsse gesch\u00e4tzt wird, wird in der Schiffbauindustrie h\u00e4ufig f\u00fcr Schiffsdecks und Schiffsbeschl\u00e4ge verwendet, darunter auch legend\u00e4re Transatlantikdampfer wie die Paquebot France.<\/p>\n<p>Die France, das Flaggschiff der franz\u00f6sischen Flotte und ein Symbol f\u00fcr die maritime Eleganz des zwanzigsten Jahrhunderts, war ein Meisterwerk, in dem jedes Detail die franz\u00f6sische Exzellenz widerspiegelte. Teakholz, das aufgrund seiner Langlebigkeit und Sch\u00f6nheit ausgew\u00e4hlt wurde, war ein integraler Bestandteil seiner Konstruktion und bot seinen Passagieren eine Atmosph\u00e4re von Prestige und Robustheit gegen\u00fcber den Elementen des Meeres. Dieses edle Holz, dessen nat\u00fcrliche Eigenschaften der Undurchl\u00e4ssigkeit und Widerstandsf\u00e4higkeit un\u00fcbertroffen sind, erinnert an die Zuverl\u00e4ssigkeit und Raffinesse gro\u00dfer Schiffe.  <\/p>\n<p>Mit seinem Griff aus Teakholz ist das Laguiole Le Marine Messer eine Hommage an dieses Erbe. Es l\u00e4dt uns ein, den Geist des Reisens und der gro\u00dfen \u00dcberfahrten neu zu erleben und ein Fragment dieses luxuri\u00f6sen maritimen Universums in sich zu tragen. So wird es mehr als nur ein Messer, ein Symbol f\u00fcr Geschichte und Tradition, das an die zeitlose Sch\u00f6nheit des Teakholzes erinnert, das wie das Linienschiff France auch heute noch Eleganz und maritime St\u00e4rke inspiriert.  <\/p>\n","protected":false},"excerpt":{"rendered":"<p>Laguiole Klappmesser Herkunft PAQUEBOT FRANCE Das Marine<br \/>\nLaguiole Taschenmesser aus authentischen und zertifizierten Teilen des ber\u00fchmten PAQUEBOT FRANCE<br \/>\nGriffmaterialien: Teakholz und Aluminium<br \/>\nSpezielle Fliege, die den Innenschuh<br \/>\ndarstellt Bullaugen der Sonderserie mit L\u00f6chern in der Klinge, um die Bullaugen des Innenschuhs<br \/>\ndarzustellen Limitierte und nummerierte Auflage Geb\u00fcrstetes<\/p>\n<p>Finish Klinge und Feder durch Gravur<br \/>\n anpassbarLieferung mit Zertifikat, Plan des ber\u00fchmten Liners und Laguiole-Heft in Aubrac<\/p>\n<p>L\u00e4nge des offenen Klappmessers: 12 cm<br \/>\nL\u00e4nge des Griffs: 12 cm<br \/>\nL\u00e4nge der Klinge: 10 cm<\/p>\n<p><iframe src=\"https:\/\/www.youtube.com\/embed\/3kcMcHGFix0?rel=0&amp;autoplay=1\" width=\"560\" height=\"315\" frameborder=\"0\" allowfullscreen=\"allowfullscreen\"><\/iframe><\/p>\n","protected":false},"featured_media":38104,"template":"","meta":{"_acf_changed":false,"_monsterinsights_skip_tracking":false,"_monsterinsights_sitenote_active":false,"_monsterinsights_sitenote_note":"","_monsterinsights_sitenote_category":0},"product_brand":[],"product_cat":[5963,5938,5939,5942],"product_tag":[],"class_list":{"0":"post-38095","1":"product","2":"type-product","3":"status-publish","4":"has-post-thumbnail","6":"product_cat-federgravur","7":"product_cat-klappmesser","8":"product_cat-laguiole-klappmesser","9":"product_cat-laguiole-origines-messer","10":"pa_composition-couteau-1-stueck-nur-klinge","11":"pa_finition-gebuerstet","12":"pa_lame-gebuersteter-edelstahl","13":"pa_manche-en-bois-teak","14":"pa_marque-laguiole-en-aubracfr","15":"pa_mitres-ohne-gehrung-vollstaendige-huelse","16":"pa_origines-frankreich-kreuzfahrtschiff","17":"pa_platines-einzelplatin","18":"pa_ressort-glatt","19":"pa_ressort-zum-personalisieren-lasergravur","20":"tm-has-options","23":"instock","24":"taxable","25":"shipping-taxable","26":"purchasable","27":"product-type-simple"},"supplier_id":null,"supplier_sku":"","barcode":null,"atum_controlled":true,"out_stock_date":null,"out_stock_threshold":null,"inheritable":false,"inbound_stock":0,"stock_on_hold":0,"sold_today":0,"sales_last_days":0,"reserved_stock":0,"customer_returns":0,"warehouse_damage":0,"lost_in_post":0,"other_logs":0,"out_stock_days":0,"lost_sales":0,"has_location":false,"update_date":"2026-05-02T00:42:57","atum_locations":[],"atum_stock_status":"instock","restock_status":false,"low_stock_amount":"","sales_update_date":"2026-05-02T00:42:57","calc_backorders":0,"acf":[],"yoast_head":"<!-- This site is optimized with the Yoast SEO plugin v27.3 - https:\/\/yoast.com\/product\/yoast-seo-wordpress\/ -->\n<title>Laguiole Messer aus Aubrac Origin Liner FRANCE Le Marine Vollgriff aus Teak und Aluminium Bullaugen auf der Klinge nummeriert und in limitierter Auflage geb\u00fcrstet - Laguiole.com \u00ae<\/title>\n<meta name=\"robots\" content=\"index, follow, max-snippet:-1, max-image-preview:large, max-video-preview:-1\" \/>\n<link rel=\"canonical\" href=\"https:\/\/laguiole.com\/de\/produit\/laguiole-messer-aus-aubrac-origin-liner-france-le-marine-vollgriff-aus-teak-und-aluminium-bullaugen-auf-der-klinge-nummeriert-und-in-limitierter-auflage-gebuerstet\/\" \/>\n<meta property=\"og:locale\" content=\"de_DE\" \/>\n<meta property=\"og:type\" content=\"article\" \/>\n<meta property=\"og:title\" content=\"Laguiole Messer aus Aubrac Origin Liner FRANCE Le Marine Vollgriff aus Teak und Aluminium Bullaugen auf der Klinge nummeriert und in limitierter Auflage geb\u00fcrstet - Laguiole.com \u00ae\" \/>\n<meta property=\"og:description\" content=\"Laguiole Klappmesser Herkunft PAQUEBOT FRANCE Das Marine Laguiole Taschenmesser aus authentischen und zertifizierten Teilen des ber\u00fchmten PAQUEBOT FRANCE Griffmaterialien: Teakholz und Aluminium Spezielle Fliege, die den Innenschuh darstellt Bullaugen der Sonderserie mit L\u00f6chern in der Klinge, um die Bullaugen des Innenschuhs darzustellen Limitierte und nummerierte Auflage Geb\u00fcrstetes Finish Klinge und Feder durch Gravur anpassbarLieferung mit Zertifikat, Plan des ber\u00fchmten Liners und Laguiole-Heft in Aubrac L\u00e4nge des offenen Klappmessers: 12 cm L\u00e4nge des Griffs: 12 cm L\u00e4nge der Klinge: 10 cm\" \/>\n<meta property=\"og:url\" content=\"https:\/\/laguiole.com\/de\/produit\/laguiole-messer-aus-aubrac-origin-liner-france-le-marine-vollgriff-aus-teak-und-aluminium-bullaugen-auf-der-klinge-nummeriert-und-in-limitierter-auflage-gebuerstet\/\" \/>\n<meta property=\"og:site_name\" content=\"Laguiole.com \u00ae\" \/>\n<meta property=\"article:publisher\" content=\"https:\/\/www.facebook.com\/laguiolecom\/\" \/>\n<meta property=\"article:modified_time\" content=\"2025-10-03T16:08:50+00:00\" \/>\n<meta property=\"og:image\" content=\"https:\/\/laguiole.com\/wp-content\/uploads\/2024\/11\/Couteau_Laguiole_en_Aubrac_Origine_Paquebot_FRANCE_Le_Marine_Plein_Manche_en_Teck_et_Aluminium_Hublots_sur_la_Lame_Serie_Numerotee_et_Limitee_Finition_Brossee_00.jpg\" \/>\n\t<meta property=\"og:image:width\" content=\"1033\" \/>\n\t<meta property=\"og:image:height\" content=\"1033\" \/>\n\t<meta property=\"og:image:type\" content=\"image\/jpeg\" \/>\n<meta name=\"twitter:card\" content=\"summary_large_image\" \/>\n<meta name=\"twitter:label1\" content=\"Gesch\u00e4tzte Lesezeit\" \/>\n\t<meta name=\"twitter:data1\" content=\"1\u00a0Minute\" \/>\n<script type=\"application\/ld+json\" class=\"yoast-schema-graph\">{\"@context\":\"https:\\\/\\\/schema.org\",\"@graph\":[{\"@type\":\"WebPage\",\"@id\":\"https:\\\/\\\/laguiole.com\\\/de\\\/produit\\\/laguiole-messer-aus-aubrac-origin-liner-france-le-marine-vollgriff-aus-teak-und-aluminium-bullaugen-auf-der-klinge-nummeriert-und-in-limitierter-auflage-gebuerstet\\\/\",\"url\":\"https:\\\/\\\/laguiole.com\\\/de\\\/produit\\\/laguiole-messer-aus-aubrac-origin-liner-france-le-marine-vollgriff-aus-teak-und-aluminium-bullaugen-auf-der-klinge-nummeriert-und-in-limitierter-auflage-gebuerstet\\\/\",\"name\":\"Laguiole Messer aus Aubrac Origin Liner FRANCE Le Marine Vollgriff aus Teak und Aluminium Bullaugen auf der Klinge nummeriert und in limitierter Auflage geb\u00fcrstet - Laguiole.com \u00ae\",\"isPartOf\":{\"@id\":\"https:\\\/\\\/laguiole.com\\\/de\\\/#website\"},\"primaryImageOfPage\":{\"@id\":\"https:\\\/\\\/laguiole.com\\\/de\\\/produit\\\/laguiole-messer-aus-aubrac-origin-liner-france-le-marine-vollgriff-aus-teak-und-aluminium-bullaugen-auf-der-klinge-nummeriert-und-in-limitierter-auflage-gebuerstet\\\/#primaryimage\"},\"image\":{\"@id\":\"https:\\\/\\\/laguiole.com\\\/de\\\/produit\\\/laguiole-messer-aus-aubrac-origin-liner-france-le-marine-vollgriff-aus-teak-und-aluminium-bullaugen-auf-der-klinge-nummeriert-und-in-limitierter-auflage-gebuerstet\\\/#primaryimage\"},\"thumbnailUrl\":\"https:\\\/\\\/laguiole.com\\\/wp-content\\\/uploads\\\/2024\\\/11\\\/Couteau_Laguiole_en_Aubrac_Origine_Paquebot_FRANCE_Le_Marine_Plein_Manche_en_Teck_et_Aluminium_Hublots_sur_la_Lame_Serie_Numerotee_et_Limitee_Finition_Brossee_00.jpg\",\"datePublished\":\"2024-11-11T14:26:20+00:00\",\"dateModified\":\"2025-10-03T16:08:50+00:00\",\"breadcrumb\":{\"@id\":\"https:\\\/\\\/laguiole.com\\\/de\\\/produit\\\/laguiole-messer-aus-aubrac-origin-liner-france-le-marine-vollgriff-aus-teak-und-aluminium-bullaugen-auf-der-klinge-nummeriert-und-in-limitierter-auflage-gebuerstet\\\/#breadcrumb\"},\"inLanguage\":\"de\",\"potentialAction\":[{\"@type\":\"ReadAction\",\"target\":[\"https:\\\/\\\/laguiole.com\\\/de\\\/produit\\\/laguiole-messer-aus-aubrac-origin-liner-france-le-marine-vollgriff-aus-teak-und-aluminium-bullaugen-auf-der-klinge-nummeriert-und-in-limitierter-auflage-gebuerstet\\\/\"]}]},{\"@type\":\"ImageObject\",\"inLanguage\":\"de\",\"@id\":\"https:\\\/\\\/laguiole.com\\\/de\\\/produit\\\/laguiole-messer-aus-aubrac-origin-liner-france-le-marine-vollgriff-aus-teak-und-aluminium-bullaugen-auf-der-klinge-nummeriert-und-in-limitierter-auflage-gebuerstet\\\/#primaryimage\",\"url\":\"https:\\\/\\\/laguiole.com\\\/wp-content\\\/uploads\\\/2024\\\/11\\\/Couteau_Laguiole_en_Aubrac_Origine_Paquebot_FRANCE_Le_Marine_Plein_Manche_en_Teck_et_Aluminium_Hublots_sur_la_Lame_Serie_Numerotee_et_Limitee_Finition_Brossee_00.jpg\",\"contentUrl\":\"https:\\\/\\\/laguiole.com\\\/wp-content\\\/uploads\\\/2024\\\/11\\\/Couteau_Laguiole_en_Aubrac_Origine_Paquebot_FRANCE_Le_Marine_Plein_Manche_en_Teck_et_Aluminium_Hublots_sur_la_Lame_Serie_Numerotee_et_Limitee_Finition_Brossee_00.jpg\",\"width\":1033,\"height\":1033,\"caption\":\"Laguiole Messer aus Aubrac Origin Liner FRANCE Le Marine Vollgriff aus Teak und Aluminium Bullaugen auf der Klinge nummeriert und in limitierter Auflage geb\u00fcrstet\"},{\"@type\":\"BreadcrumbList\",\"@id\":\"https:\\\/\\\/laguiole.com\\\/de\\\/produit\\\/laguiole-messer-aus-aubrac-origin-liner-france-le-marine-vollgriff-aus-teak-und-aluminium-bullaugen-auf-der-klinge-nummeriert-und-in-limitierter-auflage-gebuerstet\\\/#breadcrumb\",\"itemListElement\":[{\"@type\":\"ListItem\",\"position\":1,\"name\":\"Accueil\",\"item\":\"https:\\\/\\\/laguiole.com\\\/de\\\/\"},{\"@type\":\"ListItem\",\"position\":2,\"name\":\"Shop\",\"item\":\"https:\\\/\\\/laguiole.com\\\/de\\\/shop-2\\\/\"},{\"@type\":\"ListItem\",\"position\":3,\"name\":\"Laguiole Messer aus Aubrac Origin Liner FRANCE Le Marine Vollgriff aus Teak und Aluminium Bullaugen auf der Klinge nummeriert und in limitierter Auflage geb\u00fcrstet\"}]},{\"@type\":\"WebSite\",\"@id\":\"https:\\\/\\\/laguiole.com\\\/de\\\/#website\",\"url\":\"https:\\\/\\\/laguiole.com\\\/de\\\/\",\"name\":\"Laguiole.com\",\"description\":\"Laguiole - Couteau laguiole, Chateau Laguiole, Laguiole en Aubrac, Forge de Laguiole\",\"publisher\":{\"@id\":\"https:\\\/\\\/laguiole.com\\\/de\\\/#organization\"},\"potentialAction\":[{\"@type\":\"SearchAction\",\"target\":{\"@type\":\"EntryPoint\",\"urlTemplate\":\"https:\\\/\\\/laguiole.com\\\/de\\\/?s={search_term_string}\"},\"query-input\":{\"@type\":\"PropertyValueSpecification\",\"valueRequired\":true,\"valueName\":\"search_term_string\"}}],\"inLanguage\":\"de\"},{\"@type\":\"Organization\",\"@id\":\"https:\\\/\\\/laguiole.com\\\/de\\\/#organization\",\"name\":\"Laguiole.com\",\"url\":\"https:\\\/\\\/laguiole.com\\\/de\\\/\",\"logo\":{\"@type\":\"ImageObject\",\"inLanguage\":\"de\",\"@id\":\"https:\\\/\\\/laguiole.com\\\/de\\\/#\\\/schema\\\/logo\\\/image\\\/\",\"url\":\"https:\\\/\\\/laguiole.com\\\/wp-content\\\/uploads\\\/2021\\\/02\\\/logo_laguiole.com-horizontal.jpg\",\"contentUrl\":\"https:\\\/\\\/laguiole.com\\\/wp-content\\\/uploads\\\/2021\\\/02\\\/logo_laguiole.com-horizontal.jpg\",\"width\":490,\"height\":156,\"caption\":\"Laguiole.com\"},\"image\":{\"@id\":\"https:\\\/\\\/laguiole.com\\\/de\\\/#\\\/schema\\\/logo\\\/image\\\/\"},\"sameAs\":[\"https:\\\/\\\/www.facebook.com\\\/laguiolecom\\\/\",\"https:\\\/\\\/www.instagram.com\\\/laguiolecom\\\/\",\"https:\\\/\\\/www.youtube.com\\\/@laguiolecom\\\/videos\"]}]}<\/script>\n<!-- \/ Yoast SEO plugin. -->","yoast_head_json":{"title":"Laguiole Messer aus Aubrac Origin Liner FRANCE Le Marine Vollgriff aus Teak und Aluminium Bullaugen auf der Klinge nummeriert und in limitierter Auflage geb\u00fcrstet - Laguiole.com \u00ae","robots":{"index":"index","follow":"follow","max-snippet":"max-snippet:-1","max-image-preview":"max-image-preview:large","max-video-preview":"max-video-preview:-1"},"canonical":"https:\/\/laguiole.com\/de\/produit\/laguiole-messer-aus-aubrac-origin-liner-france-le-marine-vollgriff-aus-teak-und-aluminium-bullaugen-auf-der-klinge-nummeriert-und-in-limitierter-auflage-gebuerstet\/","og_locale":"de_DE","og_type":"article","og_title":"Laguiole Messer aus Aubrac Origin Liner FRANCE Le Marine Vollgriff aus Teak und Aluminium Bullaugen auf der Klinge nummeriert und in limitierter Auflage geb\u00fcrstet - Laguiole.com \u00ae","og_description":"Laguiole Klappmesser Herkunft PAQUEBOT FRANCE Das Marine Laguiole Taschenmesser aus authentischen und zertifizierten Teilen des ber\u00fchmten PAQUEBOT FRANCE Griffmaterialien: Teakholz und Aluminium Spezielle Fliege, die den Innenschuh darstellt Bullaugen der Sonderserie mit L\u00f6chern in der Klinge, um die Bullaugen des Innenschuhs darzustellen Limitierte und nummerierte Auflage Geb\u00fcrstetes Finish Klinge und Feder durch Gravur anpassbarLieferung mit Zertifikat, Plan des ber\u00fchmten Liners und Laguiole-Heft in Aubrac L\u00e4nge des offenen Klappmessers: 12 cm L\u00e4nge des Griffs: 12 cm L\u00e4nge der Klinge: 10 cm","og_url":"https:\/\/laguiole.com\/de\/produit\/laguiole-messer-aus-aubrac-origin-liner-france-le-marine-vollgriff-aus-teak-und-aluminium-bullaugen-auf-der-klinge-nummeriert-und-in-limitierter-auflage-gebuerstet\/","og_site_name":"Laguiole.com \u00ae","article_publisher":"https:\/\/www.facebook.com\/laguiolecom\/","article_modified_time":"2025-10-03T16:08:50+00:00","og_image":[{"width":1033,"height":1033,"url":"https:\/\/laguiole.com\/wp-content\/uploads\/2024\/11\/Couteau_Laguiole_en_Aubrac_Origine_Paquebot_FRANCE_Le_Marine_Plein_Manche_en_Teck_et_Aluminium_Hublots_sur_la_Lame_Serie_Numerotee_et_Limitee_Finition_Brossee_00.jpg","type":"image\/jpeg"}],"twitter_card":"summary_large_image","twitter_misc":{"Gesch\u00e4tzte Lesezeit":"1\u00a0Minute"},"schema":{"@context":"https:\/\/schema.org","@graph":[{"@type":"WebPage","@id":"https:\/\/laguiole.com\/de\/produit\/laguiole-messer-aus-aubrac-origin-liner-france-le-marine-vollgriff-aus-teak-und-aluminium-bullaugen-auf-der-klinge-nummeriert-und-in-limitierter-auflage-gebuerstet\/","url":"https:\/\/laguiole.com\/de\/produit\/laguiole-messer-aus-aubrac-origin-liner-france-le-marine-vollgriff-aus-teak-und-aluminium-bullaugen-auf-der-klinge-nummeriert-und-in-limitierter-auflage-gebuerstet\/","name":"Laguiole Messer aus Aubrac Origin Liner FRANCE Le Marine Vollgriff aus Teak und Aluminium Bullaugen auf der Klinge nummeriert und in limitierter Auflage geb\u00fcrstet - Laguiole.com \u00ae","isPartOf":{"@id":"https:\/\/laguiole.com\/de\/#website"},"primaryImageOfPage":{"@id":"https:\/\/laguiole.com\/de\/produit\/laguiole-messer-aus-aubrac-origin-liner-france-le-marine-vollgriff-aus-teak-und-aluminium-bullaugen-auf-der-klinge-nummeriert-und-in-limitierter-auflage-gebuerstet\/#primaryimage"},"image":{"@id":"https:\/\/laguiole.com\/de\/produit\/laguiole-messer-aus-aubrac-origin-liner-france-le-marine-vollgriff-aus-teak-und-aluminium-bullaugen-auf-der-klinge-nummeriert-und-in-limitierter-auflage-gebuerstet\/#primaryimage"},"thumbnailUrl":"https:\/\/laguiole.com\/wp-content\/uploads\/2024\/11\/Couteau_Laguiole_en_Aubrac_Origine_Paquebot_FRANCE_Le_Marine_Plein_Manche_en_Teck_et_Aluminium_Hublots_sur_la_Lame_Serie_Numerotee_et_Limitee_Finition_Brossee_00.jpg","datePublished":"2024-11-11T14:26:20+00:00","dateModified":"2025-10-03T16:08:50+00:00","breadcrumb":{"@id":"https:\/\/laguiole.com\/de\/produit\/laguiole-messer-aus-aubrac-origin-liner-france-le-marine-vollgriff-aus-teak-und-aluminium-bullaugen-auf-der-klinge-nummeriert-und-in-limitierter-auflage-gebuerstet\/#breadcrumb"},"inLanguage":"de","potentialAction":[{"@type":"ReadAction","target":["https:\/\/laguiole.com\/de\/produit\/laguiole-messer-aus-aubrac-origin-liner-france-le-marine-vollgriff-aus-teak-und-aluminium-bullaugen-auf-der-klinge-nummeriert-und-in-limitierter-auflage-gebuerstet\/"]}]},{"@type":"ImageObject","inLanguage":"de","@id":"https:\/\/laguiole.com\/de\/produit\/laguiole-messer-aus-aubrac-origin-liner-france-le-marine-vollgriff-aus-teak-und-aluminium-bullaugen-auf-der-klinge-nummeriert-und-in-limitierter-auflage-gebuerstet\/#primaryimage","url":"https:\/\/laguiole.com\/wp-content\/uploads\/2024\/11\/Couteau_Laguiole_en_Aubrac_Origine_Paquebot_FRANCE_Le_Marine_Plein_Manche_en_Teck_et_Aluminium_Hublots_sur_la_Lame_Serie_Numerotee_et_Limitee_Finition_Brossee_00.jpg","contentUrl":"https:\/\/laguiole.com\/wp-content\/uploads\/2024\/11\/Couteau_Laguiole_en_Aubrac_Origine_Paquebot_FRANCE_Le_Marine_Plein_Manche_en_Teck_et_Aluminium_Hublots_sur_la_Lame_Serie_Numerotee_et_Limitee_Finition_Brossee_00.jpg","width":1033,"height":1033,"caption":"Laguiole Messer aus Aubrac Origin Liner FRANCE Le Marine Vollgriff aus Teak und Aluminium Bullaugen auf der Klinge nummeriert und in limitierter Auflage geb\u00fcrstet"},{"@type":"BreadcrumbList","@id":"https:\/\/laguiole.com\/de\/produit\/laguiole-messer-aus-aubrac-origin-liner-france-le-marine-vollgriff-aus-teak-und-aluminium-bullaugen-auf-der-klinge-nummeriert-und-in-limitierter-auflage-gebuerstet\/#breadcrumb","itemListElement":[{"@type":"ListItem","position":1,"name":"Accueil","item":"https:\/\/laguiole.com\/de\/"},{"@type":"ListItem","position":2,"name":"Shop","item":"https:\/\/laguiole.com\/de\/shop-2\/"},{"@type":"ListItem","position":3,"name":"Laguiole Messer aus Aubrac Origin Liner FRANCE Le Marine Vollgriff aus Teak und Aluminium Bullaugen auf der Klinge nummeriert und in limitierter Auflage geb\u00fcrstet"}]},{"@type":"WebSite","@id":"https:\/\/laguiole.com\/de\/#website","url":"https:\/\/laguiole.com\/de\/","name":"Laguiole.com","description":"Laguiole - Couteau laguiole, Chateau Laguiole, Laguiole en Aubrac, Forge de Laguiole","publisher":{"@id":"https:\/\/laguiole.com\/de\/#organization"},"potentialAction":[{"@type":"SearchAction","target":{"@type":"EntryPoint","urlTemplate":"https:\/\/laguiole.com\/de\/?s={search_term_string}"},"query-input":{"@type":"PropertyValueSpecification","valueRequired":true,"valueName":"search_term_string"}}],"inLanguage":"de"},{"@type":"Organization","@id":"https:\/\/laguiole.com\/de\/#organization","name":"Laguiole.com","url":"https:\/\/laguiole.com\/de\/","logo":{"@type":"ImageObject","inLanguage":"de","@id":"https:\/\/laguiole.com\/de\/#\/schema\/logo\/image\/","url":"https:\/\/laguiole.com\/wp-content\/uploads\/2021\/02\/logo_laguiole.com-horizontal.jpg","contentUrl":"https:\/\/laguiole.com\/wp-content\/uploads\/2021\/02\/logo_laguiole.com-horizontal.jpg","width":490,"height":156,"caption":"Laguiole.com"},"image":{"@id":"https:\/\/laguiole.com\/de\/#\/schema\/logo\/image\/"},"sameAs":["https:\/\/www.facebook.com\/laguiolecom\/","https:\/\/www.instagram.com\/laguiolecom\/","https:\/\/www.youtube.com\/@laguiolecom\/videos"]}]}},"_links":{"self":[{"href":"https:\/\/laguiole.com\/de\/wp-json\/wp\/v2\/product\/38095","targetHints":{"allow":["GET"]}}],"collection":[{"href":"https:\/\/laguiole.com\/de\/wp-json\/wp\/v2\/product"}],"about":[{"href":"https:\/\/laguiole.com\/de\/wp-json\/wp\/v2\/types\/product"}],"version-history":[{"count":1,"href":"https:\/\/laguiole.com\/de\/wp-json\/wp\/v2\/product\/38095\/revisions"}],"predecessor-version":[{"id":41543,"href":"https:\/\/laguiole.com\/de\/wp-json\/wp\/v2\/product\/38095\/revisions\/41543"}],"wp:featuredmedia":[{"embeddable":true,"href":"https:\/\/laguiole.com\/de\/wp-json\/wp\/v2\/media\/38104"}],"wp:attachment":[{"href":"https:\/\/laguiole.com\/de\/wp-json\/wp\/v2\/media?parent=38095"}],"wp:term":[{"taxonomy":"product_brand","embeddable":true,"href":"https:\/\/laguiole.com\/de\/wp-json\/wp\/v2\/product_brand?post=38095"},{"taxonomy":"product_cat","embeddable":true,"href":"https:\/\/laguiole.com\/de\/wp-json\/wp\/v2\/product_cat?post=38095"},{"taxonomy":"product_tag","embeddable":true,"href":"https:\/\/laguiole.com\/de\/wp-json\/wp\/v2\/product_tag?post=38095"}],"curies":[{"name":"wp","href":"https:\/\/api.w.org\/{rel}","templated":true}]}}