{"id":38082,"date":"2024-11-30T19:55:50","date_gmt":"2024-11-30T18:55:50","guid":{"rendered":"https:\/\/laguiole.com\/produit\/laguiole-messer-in-aubrac-1-stueck-12-cm-eiffelturm-voller-griff-aus-elforyn-guillochierte-platten-aus-gebuerstetem-edelstahl-schwarze-abstandshalter-gravierte-feder-flache-fliege-in-form-eines-medail\/"},"modified":"2025-10-03T18:09:47","modified_gmt":"2025-10-03T16:09:47","slug":"laguiole-messer-in-aubrac-1-stueck-12-cm-eiffelturm-voller-griff-aus-elforyn-guillochierte-platten-aus-gebuerstetem-edelstahl-schwarze-abstandshalter-gravierte-feder-flache-fliege-in-form-eines-medail","status":"publish","type":"product","link":"https:\/\/laguiole.com\/de\/produit\/laguiole-messer-in-aubrac-1-stueck-12-cm-eiffelturm-voller-griff-aus-elforyn-guillochierte-platten-aus-gebuerstetem-edelstahl-schwarze-abstandshalter-gravierte-feder-flache-fliege-in-form-eines-medail\/","title":{"rendered":"Laguiole Messer in Aubrac 1 St\u00fcck 12 cm Eiffelturm voller Griff aus Elforyn guillochierte Platten aus geb\u00fcrstetem Edelstahl schwarze Abstandshalter gravierte Feder flache Fliege in Form eines Medaillons mit dem Eiffelturm in der Mitte geb\u00fcrstete Ausf\u00fchrung Limitierte und nummerierte Auflage"},"content":{"rendered":"<p>Ein Symbol des Prestiges<br \/>\nDas Modell Origine Tour Eiffel verk\u00f6rpert die Exzellenz des franz\u00f6sischen Know-hows. Dieses au\u00dfergew\u00f6hnliche Messer, das im Herzen der historischen Region Laguiole handgefertigt wurde, zelebriert das reiche kulturelle Erbe der franz\u00f6sischen Hauptstadt Paris. <\/p>\n<p>Eine perfekte Allianz zwischen Laguiole-Handwerkskunst und Pariser Architektur<br \/>\nDieses 12 cm lange Klappmesser zeichnet sich durch seinen einzigartigen Charakter aus: Es ist aus Stahl gefertigt, der von den Treppen des Eiffelturms stammt. Die ikonische Biene der Laguiole-Messer wurde in ein raffiniertes Medaillon verwandelt, das die ikonische Silhouette der Eisernen Dame als Hommage an Paris zeigt. <\/p>\n<p>Die Feder, die sorgf\u00e4ltig von Hand graviert wurde, reproduziert die anmutigen Kurven und komplizierten Details der B\u00f6gen des Eiffelturms. Die fein guillochierten Platten aus geb\u00fcrstetem Edelstahl erinnern an die Querstreben der Metallstruktur dieses emblematischen Monuments. Der Griff aus Elforyn, einem innovativen und nachhaltigen Material, das dank seines hohen Mineralgehalts nat\u00fcrliches Elfenbein ersetzt, verleiht dem Messer eine luxuri\u00f6se und zeitlose \u00c4sthetik. Schwarze Abstandshalter betonen die Eleganz des Halses und setzen einen dezenten, modernen Kontrast.   <\/p>\n<p>Die Klinge, deren gravierte Motive diese Harmonie noch verst\u00e4rken, ist eine Hommage an die klassische Eleganz der Haussmannschen Architektur. Ein Kunstwerk, das Tradition, Innovation und Geschichte f\u00fcr au\u00dfergew\u00f6hnliche Enthusiasten vereint. <\/p>\n<p>Limitierte Auflage von 2000 St\u00fcck und nummeriert.<\/p>\n","protected":false},"excerpt":{"rendered":"<p>Laguiole Klappmesser in Aubrac Eiffelturm<br \/>\nLimitierte Auflage von 2000 St\u00fcck<br \/>\nKlinge aus geb\u00fcrstetem Edelstahl 12C27 mit gemei\u00dfelter Lasche auf der Oberseite<br \/>\nVoller Elforyn-Griff<br \/>\nFlach geschmiedete Fliege in Form eines Medaillons mit Gravur des Eiffelturms in der Mitte<br \/>\nGravierte Feder aus geb\u00fcrstetem<br \/>\nEdelstahl Guillochierte Platten Hand<br \/>\nSchwarze Abstandshalter<br \/>\nHirtenkreuz auf der linken Seite des Messers.<br \/>\nL\u00e4nge des geschlossenen Messers: 12 cm<br \/>\nL\u00e4nge der Klinge: 10 cm<br \/>\nL\u00e4nge des offenen Messers: 22 cm<\/p>\n","protected":false},"featured_media":38084,"template":"","meta":{"_acf_changed":false,"_monsterinsights_skip_tracking":false,"_monsterinsights_sitenote_active":false,"_monsterinsights_sitenote_note":"","_monsterinsights_sitenote_category":0},"product_brand":[],"product_cat":[5938,5939,5942,5943],"product_tag":[],"class_list":{"0":"post-38082","1":"product","2":"type-product","3":"status-publish","4":"has-post-thumbnail","6":"product_cat-klappmesser","7":"product_cat-laguiole-klappmesser","8":"product_cat-laguiole-origines-messer","9":"product_cat-laguiole-prestiges-messer","10":"pa_composition-couteau-1-stueck-nur-klinge","11":"pa_finition-gebuerstet","12":"pa_lame-gebuersteter-edelstahl","13":"pa_marque-laguiole-en-aubracfr","14":"pa_mitres-ohne-gehrung-vollstaendige-huelse","15":"pa_mouche-geschmiedet","16":"pa_origines-eiffelturm","17":"pa_platines-guilloche-muster","18":"pa_ressort-guilloche","19":"pa_taille-du-manche-12-cm","20":"tm-has-options","23":"instock","24":"taxable","25":"shipping-taxable","26":"purchasable","27":"product-type-simple"},"supplier_id":null,"supplier_sku":"","barcode":null,"atum_controlled":true,"out_stock_date":null,"out_stock_threshold":null,"inheritable":false,"inbound_stock":0,"stock_on_hold":0,"sold_today":0,"sales_last_days":0,"reserved_stock":0,"customer_returns":0,"warehouse_damage":0,"lost_in_post":0,"other_logs":0,"out_stock_days":0,"lost_sales":0,"has_location":false,"update_date":"2026-05-11T00:52:37","atum_locations":[],"atum_stock_status":"instock","restock_status":false,"low_stock_amount":"","sales_update_date":"2026-05-11T00:52:37","calc_backorders":0,"acf":[],"yoast_head":"<!-- This site is optimized with the Yoast SEO plugin v27.3 - https:\/\/yoast.com\/product\/yoast-seo-wordpress\/ -->\n<title>Laguiole Messer in Aubrac 1 St\u00fcck 12 cm Eiffelturm voller Griff aus Elforyn guillochierte Platten aus geb\u00fcrstetem Edelstahl schwarze Abstandshalter gravierte Feder flache Fliege in Form eines Medaillons mit dem Eiffelturm in der Mitte geb\u00fcrstete Ausf\u00fchrung Limitierte und nummerierte Auflage - Laguiole.com \u00ae<\/title>\n<meta name=\"robots\" content=\"index, follow, max-snippet:-1, max-image-preview:large, max-video-preview:-1\" \/>\n<link rel=\"canonical\" href=\"https:\/\/laguiole.com\/de\/produit\/laguiole-messer-in-aubrac-1-stueck-12-cm-eiffelturm-voller-griff-aus-elforyn-guillochierte-platten-aus-gebuerstetem-edelstahl-schwarze-abstandshalter-gravierte-feder-flache-fliege-in-form-eines-medail\/\" \/>\n<meta property=\"og:locale\" content=\"de_DE\" \/>\n<meta property=\"og:type\" content=\"article\" \/>\n<meta property=\"og:title\" content=\"Laguiole Messer in Aubrac 1 St\u00fcck 12 cm Eiffelturm voller Griff aus Elforyn guillochierte Platten aus geb\u00fcrstetem Edelstahl schwarze Abstandshalter gravierte Feder flache Fliege in Form eines Medaillons mit dem Eiffelturm in der Mitte geb\u00fcrstete Ausf\u00fchrung Limitierte und nummerierte Auflage - Laguiole.com \u00ae\" \/>\n<meta property=\"og:description\" content=\"Laguiole Klappmesser in Aubrac Eiffelturm Limitierte Auflage von 2000 St\u00fcck Klinge aus geb\u00fcrstetem Edelstahl 12C27 mit gemei\u00dfelter Lasche auf der Oberseite Voller Elforyn-Griff Flach geschmiedete Fliege in Form eines Medaillons mit Gravur des Eiffelturms in der Mitte Gravierte Feder aus geb\u00fcrstetem Edelstahl Guillochierte Platten Hand Schwarze Abstandshalter Hirtenkreuz auf der linken Seite des Messers. L\u00e4nge des geschlossenen Messers: 12 cm L\u00e4nge der Klinge: 10 cm L\u00e4nge des offenen Messers: 22 cm\" \/>\n<meta property=\"og:url\" content=\"https:\/\/laguiole.com\/de\/produit\/laguiole-messer-in-aubrac-1-stueck-12-cm-eiffelturm-voller-griff-aus-elforyn-guillochierte-platten-aus-gebuerstetem-edelstahl-schwarze-abstandshalter-gravierte-feder-flache-fliege-in-form-eines-medail\/\" \/>\n<meta property=\"og:site_name\" content=\"Laguiole.com \u00ae\" \/>\n<meta property=\"article:publisher\" content=\"https:\/\/www.facebook.com\/laguiolecom\/\" \/>\n<meta property=\"article:modified_time\" content=\"2025-10-03T16:09:47+00:00\" \/>\n<meta property=\"og:image\" content=\"https:\/\/laguiole.com\/wp-content\/uploads\/2024\/11\/Couteau_Laguiole_en_Aubrac_1_piece_12cm_Tour_Eiffel_Plein_Manche_Elforyn_00.jpg\" \/>\n\t<meta property=\"og:image:width\" content=\"1057\" \/>\n\t<meta property=\"og:image:height\" content=\"1057\" \/>\n\t<meta property=\"og:image:type\" content=\"image\/jpeg\" \/>\n<meta name=\"twitter:card\" content=\"summary_large_image\" \/>\n<meta name=\"twitter:label1\" content=\"Gesch\u00e4tzte Lesezeit\" \/>\n\t<meta name=\"twitter:data1\" content=\"1\u00a0Minute\" \/>\n<script type=\"application\/ld+json\" class=\"yoast-schema-graph\">{\"@context\":\"https:\\\/\\\/schema.org\",\"@graph\":[{\"@type\":\"WebPage\",\"@id\":\"https:\\\/\\\/laguiole.com\\\/de\\\/produit\\\/laguiole-messer-in-aubrac-1-stueck-12-cm-eiffelturm-voller-griff-aus-elforyn-guillochierte-platten-aus-gebuerstetem-edelstahl-schwarze-abstandshalter-gravierte-feder-flache-fliege-in-form-eines-medail\\\/\",\"url\":\"https:\\\/\\\/laguiole.com\\\/de\\\/produit\\\/laguiole-messer-in-aubrac-1-stueck-12-cm-eiffelturm-voller-griff-aus-elforyn-guillochierte-platten-aus-gebuerstetem-edelstahl-schwarze-abstandshalter-gravierte-feder-flache-fliege-in-form-eines-medail\\\/\",\"name\":\"Laguiole Messer in Aubrac 1 St\u00fcck 12 cm Eiffelturm voller Griff aus Elforyn guillochierte Platten aus geb\u00fcrstetem Edelstahl schwarze Abstandshalter gravierte Feder flache Fliege in Form eines Medaillons mit dem Eiffelturm in der Mitte geb\u00fcrstete Ausf\u00fchrung Limitierte und nummerierte Auflage - Laguiole.com \u00ae\",\"isPartOf\":{\"@id\":\"https:\\\/\\\/laguiole.com\\\/de\\\/#website\"},\"primaryImageOfPage\":{\"@id\":\"https:\\\/\\\/laguiole.com\\\/de\\\/produit\\\/laguiole-messer-in-aubrac-1-stueck-12-cm-eiffelturm-voller-griff-aus-elforyn-guillochierte-platten-aus-gebuerstetem-edelstahl-schwarze-abstandshalter-gravierte-feder-flache-fliege-in-form-eines-medail\\\/#primaryimage\"},\"image\":{\"@id\":\"https:\\\/\\\/laguiole.com\\\/de\\\/produit\\\/laguiole-messer-in-aubrac-1-stueck-12-cm-eiffelturm-voller-griff-aus-elforyn-guillochierte-platten-aus-gebuerstetem-edelstahl-schwarze-abstandshalter-gravierte-feder-flache-fliege-in-form-eines-medail\\\/#primaryimage\"},\"thumbnailUrl\":\"https:\\\/\\\/laguiole.com\\\/wp-content\\\/uploads\\\/2024\\\/11\\\/Couteau_Laguiole_en_Aubrac_1_piece_12cm_Tour_Eiffel_Plein_Manche_Elforyn_00.jpg\",\"datePublished\":\"2024-11-30T18:55:50+00:00\",\"dateModified\":\"2025-10-03T16:09:47+00:00\",\"breadcrumb\":{\"@id\":\"https:\\\/\\\/laguiole.com\\\/de\\\/produit\\\/laguiole-messer-in-aubrac-1-stueck-12-cm-eiffelturm-voller-griff-aus-elforyn-guillochierte-platten-aus-gebuerstetem-edelstahl-schwarze-abstandshalter-gravierte-feder-flache-fliege-in-form-eines-medail\\\/#breadcrumb\"},\"inLanguage\":\"de\",\"potentialAction\":[{\"@type\":\"ReadAction\",\"target\":[\"https:\\\/\\\/laguiole.com\\\/de\\\/produit\\\/laguiole-messer-in-aubrac-1-stueck-12-cm-eiffelturm-voller-griff-aus-elforyn-guillochierte-platten-aus-gebuerstetem-edelstahl-schwarze-abstandshalter-gravierte-feder-flache-fliege-in-form-eines-medail\\\/\"]}]},{\"@type\":\"ImageObject\",\"inLanguage\":\"de\",\"@id\":\"https:\\\/\\\/laguiole.com\\\/de\\\/produit\\\/laguiole-messer-in-aubrac-1-stueck-12-cm-eiffelturm-voller-griff-aus-elforyn-guillochierte-platten-aus-gebuerstetem-edelstahl-schwarze-abstandshalter-gravierte-feder-flache-fliege-in-form-eines-medail\\\/#primaryimage\",\"url\":\"https:\\\/\\\/laguiole.com\\\/wp-content\\\/uploads\\\/2024\\\/11\\\/Couteau_Laguiole_en_Aubrac_1_piece_12cm_Tour_Eiffel_Plein_Manche_Elforyn_00.jpg\",\"contentUrl\":\"https:\\\/\\\/laguiole.com\\\/wp-content\\\/uploads\\\/2024\\\/11\\\/Couteau_Laguiole_en_Aubrac_1_piece_12cm_Tour_Eiffel_Plein_Manche_Elforyn_00.jpg\",\"width\":1057,\"height\":1057,\"caption\":\"Laguiole Messer in Aubrac 1 St\u00fcck 12 cm Eiffelturm voller Griff aus Elforyn guillochierte Platten aus geb\u00fcrstetem Edelstahl schwarze Abstandshalter gravierte Feder flache Fliege in Form eines Medaillons mit dem Eiffelturm in der Mitte geb\u00fcrstete Ausf\u00fchrung Limitierte und nummerierte Auflage\"},{\"@type\":\"BreadcrumbList\",\"@id\":\"https:\\\/\\\/laguiole.com\\\/de\\\/produit\\\/laguiole-messer-in-aubrac-1-stueck-12-cm-eiffelturm-voller-griff-aus-elforyn-guillochierte-platten-aus-gebuerstetem-edelstahl-schwarze-abstandshalter-gravierte-feder-flache-fliege-in-form-eines-medail\\\/#breadcrumb\",\"itemListElement\":[{\"@type\":\"ListItem\",\"position\":1,\"name\":\"Accueil\",\"item\":\"https:\\\/\\\/laguiole.com\\\/de\\\/\"},{\"@type\":\"ListItem\",\"position\":2,\"name\":\"Shop\",\"item\":\"https:\\\/\\\/laguiole.com\\\/de\\\/shop-2\\\/\"},{\"@type\":\"ListItem\",\"position\":3,\"name\":\"Laguiole Messer in Aubrac 1 St\u00fcck 12 cm Eiffelturm voller Griff aus Elforyn guillochierte Platten aus geb\u00fcrstetem Edelstahl schwarze Abstandshalter gravierte Feder flache Fliege in Form eines Medaillons mit dem Eiffelturm in der Mitte geb\u00fcrstete Ausf\u00fchrung Limitierte und nummerierte Auflage\"}]},{\"@type\":\"WebSite\",\"@id\":\"https:\\\/\\\/laguiole.com\\\/de\\\/#website\",\"url\":\"https:\\\/\\\/laguiole.com\\\/de\\\/\",\"name\":\"Laguiole.com\",\"description\":\"Laguiole - Couteau laguiole, Chateau Laguiole, Laguiole en Aubrac, Forge de Laguiole\",\"publisher\":{\"@id\":\"https:\\\/\\\/laguiole.com\\\/de\\\/#organization\"},\"potentialAction\":[{\"@type\":\"SearchAction\",\"target\":{\"@type\":\"EntryPoint\",\"urlTemplate\":\"https:\\\/\\\/laguiole.com\\\/de\\\/?s={search_term_string}\"},\"query-input\":{\"@type\":\"PropertyValueSpecification\",\"valueRequired\":true,\"valueName\":\"search_term_string\"}}],\"inLanguage\":\"de\"},{\"@type\":\"Organization\",\"@id\":\"https:\\\/\\\/laguiole.com\\\/de\\\/#organization\",\"name\":\"Laguiole.com\",\"url\":\"https:\\\/\\\/laguiole.com\\\/de\\\/\",\"logo\":{\"@type\":\"ImageObject\",\"inLanguage\":\"de\",\"@id\":\"https:\\\/\\\/laguiole.com\\\/de\\\/#\\\/schema\\\/logo\\\/image\\\/\",\"url\":\"https:\\\/\\\/laguiole.com\\\/wp-content\\\/uploads\\\/2021\\\/02\\\/logo_laguiole.com-horizontal.jpg\",\"contentUrl\":\"https:\\\/\\\/laguiole.com\\\/wp-content\\\/uploads\\\/2021\\\/02\\\/logo_laguiole.com-horizontal.jpg\",\"width\":490,\"height\":156,\"caption\":\"Laguiole.com\"},\"image\":{\"@id\":\"https:\\\/\\\/laguiole.com\\\/de\\\/#\\\/schema\\\/logo\\\/image\\\/\"},\"sameAs\":[\"https:\\\/\\\/www.facebook.com\\\/laguiolecom\\\/\",\"https:\\\/\\\/www.instagram.com\\\/laguiolecom\\\/\",\"https:\\\/\\\/www.youtube.com\\\/@laguiolecom\\\/videos\"]}]}<\/script>\n<!-- \/ Yoast SEO plugin. -->","yoast_head_json":{"title":"Laguiole Messer in Aubrac 1 St\u00fcck 12 cm Eiffelturm voller Griff aus Elforyn guillochierte Platten aus geb\u00fcrstetem Edelstahl schwarze Abstandshalter gravierte Feder flache Fliege in Form eines Medaillons mit dem Eiffelturm in der Mitte geb\u00fcrstete Ausf\u00fchrung Limitierte und nummerierte Auflage - Laguiole.com \u00ae","robots":{"index":"index","follow":"follow","max-snippet":"max-snippet:-1","max-image-preview":"max-image-preview:large","max-video-preview":"max-video-preview:-1"},"canonical":"https:\/\/laguiole.com\/de\/produit\/laguiole-messer-in-aubrac-1-stueck-12-cm-eiffelturm-voller-griff-aus-elforyn-guillochierte-platten-aus-gebuerstetem-edelstahl-schwarze-abstandshalter-gravierte-feder-flache-fliege-in-form-eines-medail\/","og_locale":"de_DE","og_type":"article","og_title":"Laguiole Messer in Aubrac 1 St\u00fcck 12 cm Eiffelturm voller Griff aus Elforyn guillochierte Platten aus geb\u00fcrstetem Edelstahl schwarze Abstandshalter gravierte Feder flache Fliege in Form eines Medaillons mit dem Eiffelturm in der Mitte geb\u00fcrstete Ausf\u00fchrung Limitierte und nummerierte Auflage - Laguiole.com \u00ae","og_description":"Laguiole Klappmesser in Aubrac Eiffelturm Limitierte Auflage von 2000 St\u00fcck Klinge aus geb\u00fcrstetem Edelstahl 12C27 mit gemei\u00dfelter Lasche auf der Oberseite Voller Elforyn-Griff Flach geschmiedete Fliege in Form eines Medaillons mit Gravur des Eiffelturms in der Mitte Gravierte Feder aus geb\u00fcrstetem Edelstahl Guillochierte Platten Hand Schwarze Abstandshalter Hirtenkreuz auf der linken Seite des Messers. L\u00e4nge des geschlossenen Messers: 12 cm L\u00e4nge der Klinge: 10 cm L\u00e4nge des offenen Messers: 22 cm","og_url":"https:\/\/laguiole.com\/de\/produit\/laguiole-messer-in-aubrac-1-stueck-12-cm-eiffelturm-voller-griff-aus-elforyn-guillochierte-platten-aus-gebuerstetem-edelstahl-schwarze-abstandshalter-gravierte-feder-flache-fliege-in-form-eines-medail\/","og_site_name":"Laguiole.com \u00ae","article_publisher":"https:\/\/www.facebook.com\/laguiolecom\/","article_modified_time":"2025-10-03T16:09:47+00:00","og_image":[{"width":1057,"height":1057,"url":"https:\/\/laguiole.com\/wp-content\/uploads\/2024\/11\/Couteau_Laguiole_en_Aubrac_1_piece_12cm_Tour_Eiffel_Plein_Manche_Elforyn_00.jpg","type":"image\/jpeg"}],"twitter_card":"summary_large_image","twitter_misc":{"Gesch\u00e4tzte Lesezeit":"1\u00a0Minute"},"schema":{"@context":"https:\/\/schema.org","@graph":[{"@type":"WebPage","@id":"https:\/\/laguiole.com\/de\/produit\/laguiole-messer-in-aubrac-1-stueck-12-cm-eiffelturm-voller-griff-aus-elforyn-guillochierte-platten-aus-gebuerstetem-edelstahl-schwarze-abstandshalter-gravierte-feder-flache-fliege-in-form-eines-medail\/","url":"https:\/\/laguiole.com\/de\/produit\/laguiole-messer-in-aubrac-1-stueck-12-cm-eiffelturm-voller-griff-aus-elforyn-guillochierte-platten-aus-gebuerstetem-edelstahl-schwarze-abstandshalter-gravierte-feder-flache-fliege-in-form-eines-medail\/","name":"Laguiole Messer in Aubrac 1 St\u00fcck 12 cm Eiffelturm voller Griff aus Elforyn guillochierte Platten aus geb\u00fcrstetem Edelstahl schwarze Abstandshalter gravierte Feder flache Fliege in Form eines Medaillons mit dem Eiffelturm in der Mitte geb\u00fcrstete Ausf\u00fchrung Limitierte und nummerierte Auflage - Laguiole.com \u00ae","isPartOf":{"@id":"https:\/\/laguiole.com\/de\/#website"},"primaryImageOfPage":{"@id":"https:\/\/laguiole.com\/de\/produit\/laguiole-messer-in-aubrac-1-stueck-12-cm-eiffelturm-voller-griff-aus-elforyn-guillochierte-platten-aus-gebuerstetem-edelstahl-schwarze-abstandshalter-gravierte-feder-flache-fliege-in-form-eines-medail\/#primaryimage"},"image":{"@id":"https:\/\/laguiole.com\/de\/produit\/laguiole-messer-in-aubrac-1-stueck-12-cm-eiffelturm-voller-griff-aus-elforyn-guillochierte-platten-aus-gebuerstetem-edelstahl-schwarze-abstandshalter-gravierte-feder-flache-fliege-in-form-eines-medail\/#primaryimage"},"thumbnailUrl":"https:\/\/laguiole.com\/wp-content\/uploads\/2024\/11\/Couteau_Laguiole_en_Aubrac_1_piece_12cm_Tour_Eiffel_Plein_Manche_Elforyn_00.jpg","datePublished":"2024-11-30T18:55:50+00:00","dateModified":"2025-10-03T16:09:47+00:00","breadcrumb":{"@id":"https:\/\/laguiole.com\/de\/produit\/laguiole-messer-in-aubrac-1-stueck-12-cm-eiffelturm-voller-griff-aus-elforyn-guillochierte-platten-aus-gebuerstetem-edelstahl-schwarze-abstandshalter-gravierte-feder-flache-fliege-in-form-eines-medail\/#breadcrumb"},"inLanguage":"de","potentialAction":[{"@type":"ReadAction","target":["https:\/\/laguiole.com\/de\/produit\/laguiole-messer-in-aubrac-1-stueck-12-cm-eiffelturm-voller-griff-aus-elforyn-guillochierte-platten-aus-gebuerstetem-edelstahl-schwarze-abstandshalter-gravierte-feder-flache-fliege-in-form-eines-medail\/"]}]},{"@type":"ImageObject","inLanguage":"de","@id":"https:\/\/laguiole.com\/de\/produit\/laguiole-messer-in-aubrac-1-stueck-12-cm-eiffelturm-voller-griff-aus-elforyn-guillochierte-platten-aus-gebuerstetem-edelstahl-schwarze-abstandshalter-gravierte-feder-flache-fliege-in-form-eines-medail\/#primaryimage","url":"https:\/\/laguiole.com\/wp-content\/uploads\/2024\/11\/Couteau_Laguiole_en_Aubrac_1_piece_12cm_Tour_Eiffel_Plein_Manche_Elforyn_00.jpg","contentUrl":"https:\/\/laguiole.com\/wp-content\/uploads\/2024\/11\/Couteau_Laguiole_en_Aubrac_1_piece_12cm_Tour_Eiffel_Plein_Manche_Elforyn_00.jpg","width":1057,"height":1057,"caption":"Laguiole Messer in Aubrac 1 St\u00fcck 12 cm Eiffelturm voller Griff aus Elforyn guillochierte Platten aus geb\u00fcrstetem Edelstahl schwarze Abstandshalter gravierte Feder flache Fliege in Form eines Medaillons mit dem Eiffelturm in der Mitte geb\u00fcrstete Ausf\u00fchrung Limitierte und nummerierte Auflage"},{"@type":"BreadcrumbList","@id":"https:\/\/laguiole.com\/de\/produit\/laguiole-messer-in-aubrac-1-stueck-12-cm-eiffelturm-voller-griff-aus-elforyn-guillochierte-platten-aus-gebuerstetem-edelstahl-schwarze-abstandshalter-gravierte-feder-flache-fliege-in-form-eines-medail\/#breadcrumb","itemListElement":[{"@type":"ListItem","position":1,"name":"Accueil","item":"https:\/\/laguiole.com\/de\/"},{"@type":"ListItem","position":2,"name":"Shop","item":"https:\/\/laguiole.com\/de\/shop-2\/"},{"@type":"ListItem","position":3,"name":"Laguiole Messer in Aubrac 1 St\u00fcck 12 cm Eiffelturm voller Griff aus Elforyn guillochierte Platten aus geb\u00fcrstetem Edelstahl schwarze Abstandshalter gravierte Feder flache Fliege in Form eines Medaillons mit dem Eiffelturm in der Mitte geb\u00fcrstete Ausf\u00fchrung Limitierte und nummerierte Auflage"}]},{"@type":"WebSite","@id":"https:\/\/laguiole.com\/de\/#website","url":"https:\/\/laguiole.com\/de\/","name":"Laguiole.com","description":"Laguiole - Couteau laguiole, Chateau Laguiole, Laguiole en Aubrac, Forge de Laguiole","publisher":{"@id":"https:\/\/laguiole.com\/de\/#organization"},"potentialAction":[{"@type":"SearchAction","target":{"@type":"EntryPoint","urlTemplate":"https:\/\/laguiole.com\/de\/?s={search_term_string}"},"query-input":{"@type":"PropertyValueSpecification","valueRequired":true,"valueName":"search_term_string"}}],"inLanguage":"de"},{"@type":"Organization","@id":"https:\/\/laguiole.com\/de\/#organization","name":"Laguiole.com","url":"https:\/\/laguiole.com\/de\/","logo":{"@type":"ImageObject","inLanguage":"de","@id":"https:\/\/laguiole.com\/de\/#\/schema\/logo\/image\/","url":"https:\/\/laguiole.com\/wp-content\/uploads\/2021\/02\/logo_laguiole.com-horizontal.jpg","contentUrl":"https:\/\/laguiole.com\/wp-content\/uploads\/2021\/02\/logo_laguiole.com-horizontal.jpg","width":490,"height":156,"caption":"Laguiole.com"},"image":{"@id":"https:\/\/laguiole.com\/de\/#\/schema\/logo\/image\/"},"sameAs":["https:\/\/www.facebook.com\/laguiolecom\/","https:\/\/www.instagram.com\/laguiolecom\/","https:\/\/www.youtube.com\/@laguiolecom\/videos"]}]}},"_links":{"self":[{"href":"https:\/\/laguiole.com\/de\/wp-json\/wp\/v2\/product\/38082","targetHints":{"allow":["GET"]}}],"collection":[{"href":"https:\/\/laguiole.com\/de\/wp-json\/wp\/v2\/product"}],"about":[{"href":"https:\/\/laguiole.com\/de\/wp-json\/wp\/v2\/types\/product"}],"version-history":[{"count":1,"href":"https:\/\/laguiole.com\/de\/wp-json\/wp\/v2\/product\/38082\/revisions"}],"predecessor-version":[{"id":41568,"href":"https:\/\/laguiole.com\/de\/wp-json\/wp\/v2\/product\/38082\/revisions\/41568"}],"wp:featuredmedia":[{"embeddable":true,"href":"https:\/\/laguiole.com\/de\/wp-json\/wp\/v2\/media\/38084"}],"wp:attachment":[{"href":"https:\/\/laguiole.com\/de\/wp-json\/wp\/v2\/media?parent=38082"}],"wp:term":[{"taxonomy":"product_brand","embeddable":true,"href":"https:\/\/laguiole.com\/de\/wp-json\/wp\/v2\/product_brand?post=38082"},{"taxonomy":"product_cat","embeddable":true,"href":"https:\/\/laguiole.com\/de\/wp-json\/wp\/v2\/product_cat?post=38082"},{"taxonomy":"product_tag","embeddable":true,"href":"https:\/\/laguiole.com\/de\/wp-json\/wp\/v2\/product_tag?post=38082"}],"curies":[{"name":"wp","href":"https:\/\/api.w.org\/{rel}","templated":true}]}}