{"id":38071,"date":"2024-11-11T19:04:17","date_gmt":"2024-11-11T18:04:17","guid":{"rendered":"https:\/\/laguiole.com\/produit\/le-thiers-le-fidele-couteau-plein-manche-buche-in-birkengruen-getoent-guillochiert-feder-gebuerstet-12cm-unique\/"},"modified":"2024-11-11T19:04:17","modified_gmt":"2024-11-11T18:04:17","slug":"le-thiers-le-fidele-couteau-plein-manche-buche-in-birkengruen-getoent-guillochiert-feder-gebuerstet-12cm-unique","status":"publish","type":"product","link":"https:\/\/laguiole.com\/de\/produit\/le-thiers-le-fidele-couteau-plein-manche-buche-in-birkengruen-getoent-guillochiert-feder-gebuerstet-12cm-unique\/","title":{"rendered":"Le Thiers Le Fid\u00e8le Couteau Plein Manche Buche in Birkengr\u00fcn get\u00f6nt, guillochiert, Feder geb\u00fcrstet, 12cm UNIQUE"},"content":{"rendered":"","protected":false},"excerpt":{"rendered":"<p>Le Thiers Le Fid\u00e8le<br \/>\nMesser Vollgriff aus stabilisierter Buche 12CM<br \/>\nVorderseite Falsche Gehrung aus stabilisierter Birke gr\u00fcn gebeizt Klinge<br \/>\naus geb\u00fcrstetem<br \/>\nEdelstahl Klinge geb\u00fcrstetes<br \/>\nFinish Einzelplatten<br \/>\nSchwarze Abstandshalter<br \/>\nHand guillochierte<br \/>\nFederklinge Gr\u00f6\u00dfe: 9 cm<br \/>\nGr\u00f6\u00dfe des offenen Messers: 21 cm<\/p>\n<p>UNIKAT<\/p>\n","protected":false},"featured_media":38073,"template":"","meta":{"_acf_changed":false,"_monsterinsights_skip_tracking":false,"_monsterinsights_sitenote_active":false,"_monsterinsights_sitenote_note":"","_monsterinsights_sitenote_category":0},"product_brand":[],"product_cat":[5938,5949],"product_tag":[],"class_list":{"0":"post-38071","1":"product","2":"type-product","3":"status-publish","4":"has-post-thumbnail","6":"product_cat-klappmesser","7":"product_cat-le-thiers-klappmesser","8":"pa_composition-couteau-1-stueck-nur-klinge","9":"pa_finition-gebuerstet","10":"pa_lame-gebuersteter-edelstahl","11":"pa_manche-en-bois-buche","12":"pa_marque-le-fidele","13":"pa_mitres-ohne-gehrung-vollstaendige-huelse","14":"pa_ressort-guilloche","15":"tm-has-options","18":"instock","19":"taxable","20":"shipping-taxable","21":"purchasable","22":"product-type-simple"},"supplier_id":null,"supplier_sku":"","barcode":null,"atum_controlled":true,"out_stock_date":null,"out_stock_threshold":null,"inheritable":false,"inbound_stock":0,"stock_on_hold":0,"sold_today":0,"sales_last_days":0,"reserved_stock":0,"customer_returns":0,"warehouse_damage":0,"lost_in_post":0,"other_logs":0,"out_stock_days":0,"lost_sales":0,"has_location":false,"update_date":"2026-04-28T00:38:13","atum_locations":[],"atum_stock_status":"instock","restock_status":false,"low_stock_amount":"","sales_update_date":"2026-04-28T00:38:13","calc_backorders":0,"acf":[],"yoast_head":"<!-- This site is optimized with the Yoast SEO plugin v27.3 - https:\/\/yoast.com\/product\/yoast-seo-wordpress\/ -->\n<title>Le Thiers Le Fid\u00e8le Couteau Plein Manche Buche in Birkengr\u00fcn get\u00f6nt, guillochiert, Feder geb\u00fcrstet, 12cm UNIQUE - Laguiole.com \u00ae<\/title>\n<meta name=\"robots\" content=\"index, follow, max-snippet:-1, max-image-preview:large, max-video-preview:-1\" \/>\n<link rel=\"canonical\" href=\"https:\/\/laguiole.com\/de\/produit\/le-thiers-le-fidele-couteau-plein-manche-buche-in-birkengruen-getoent-guillochiert-feder-gebuerstet-12cm-unique\/\" \/>\n<meta property=\"og:locale\" content=\"de_DE\" \/>\n<meta property=\"og:type\" content=\"article\" \/>\n<meta property=\"og:title\" content=\"Le Thiers Le Fid\u00e8le Couteau Plein Manche Buche in Birkengr\u00fcn get\u00f6nt, guillochiert, Feder geb\u00fcrstet, 12cm UNIQUE - Laguiole.com \u00ae\" \/>\n<meta property=\"og:description\" content=\"Le Thiers Le Fid\u00e8le Messer Vollgriff aus stabilisierter Buche 12CM Vorderseite Falsche Gehrung aus stabilisierter Birke gr\u00fcn gebeizt Klinge aus geb\u00fcrstetem Edelstahl Klinge geb\u00fcrstetes Finish Einzelplatten Schwarze Abstandshalter Hand guillochierte Federklinge Gr\u00f6\u00dfe: 9 cm Gr\u00f6\u00dfe des offenen Messers: 21 cm UNIKAT\" \/>\n<meta property=\"og:url\" content=\"https:\/\/laguiole.com\/de\/produit\/le-thiers-le-fidele-couteau-plein-manche-buche-in-birkengruen-getoent-guillochiert-feder-gebuerstet-12cm-unique\/\" \/>\n<meta property=\"og:site_name\" content=\"Laguiole.com \u00ae\" \/>\n<meta property=\"article:publisher\" content=\"https:\/\/www.facebook.com\/laguiolecom\/\" \/>\n<meta property=\"og:image\" content=\"https:\/\/laguiole.com\/wp-content\/uploads\/2024\/11\/Couteau_le_Thiers_Le_Fidele_Plein_Manche_Hetre_Mitre_en_Bouleau_PIECE_UNIQUE_00.jpg\" \/>\n\t<meta property=\"og:image:width\" content=\"1033\" \/>\n\t<meta property=\"og:image:height\" content=\"1033\" \/>\n\t<meta property=\"og:image:type\" content=\"image\/jpeg\" \/>\n<meta name=\"twitter:card\" content=\"summary_large_image\" \/>\n<script type=\"application\/ld+json\" class=\"yoast-schema-graph\">{\"@context\":\"https:\\\/\\\/schema.org\",\"@graph\":[{\"@type\":\"WebPage\",\"@id\":\"https:\\\/\\\/laguiole.com\\\/de\\\/produit\\\/le-thiers-le-fidele-couteau-plein-manche-buche-in-birkengruen-getoent-guillochiert-feder-gebuerstet-12cm-unique\\\/\",\"url\":\"https:\\\/\\\/laguiole.com\\\/de\\\/produit\\\/le-thiers-le-fidele-couteau-plein-manche-buche-in-birkengruen-getoent-guillochiert-feder-gebuerstet-12cm-unique\\\/\",\"name\":\"Le Thiers Le Fid\u00e8le Couteau Plein Manche Buche in Birkengr\u00fcn get\u00f6nt, guillochiert, Feder geb\u00fcrstet, 12cm UNIQUE - Laguiole.com \u00ae\",\"isPartOf\":{\"@id\":\"https:\\\/\\\/laguiole.com\\\/de\\\/#website\"},\"primaryImageOfPage\":{\"@id\":\"https:\\\/\\\/laguiole.com\\\/de\\\/produit\\\/le-thiers-le-fidele-couteau-plein-manche-buche-in-birkengruen-getoent-guillochiert-feder-gebuerstet-12cm-unique\\\/#primaryimage\"},\"image\":{\"@id\":\"https:\\\/\\\/laguiole.com\\\/de\\\/produit\\\/le-thiers-le-fidele-couteau-plein-manche-buche-in-birkengruen-getoent-guillochiert-feder-gebuerstet-12cm-unique\\\/#primaryimage\"},\"thumbnailUrl\":\"https:\\\/\\\/laguiole.com\\\/wp-content\\\/uploads\\\/2024\\\/11\\\/Couteau_le_Thiers_Le_Fidele_Plein_Manche_Hetre_Mitre_en_Bouleau_PIECE_UNIQUE_00.jpg\",\"datePublished\":\"2024-11-11T18:04:17+00:00\",\"breadcrumb\":{\"@id\":\"https:\\\/\\\/laguiole.com\\\/de\\\/produit\\\/le-thiers-le-fidele-couteau-plein-manche-buche-in-birkengruen-getoent-guillochiert-feder-gebuerstet-12cm-unique\\\/#breadcrumb\"},\"inLanguage\":\"de\",\"potentialAction\":[{\"@type\":\"ReadAction\",\"target\":[\"https:\\\/\\\/laguiole.com\\\/de\\\/produit\\\/le-thiers-le-fidele-couteau-plein-manche-buche-in-birkengruen-getoent-guillochiert-feder-gebuerstet-12cm-unique\\\/\"]}]},{\"@type\":\"ImageObject\",\"inLanguage\":\"de\",\"@id\":\"https:\\\/\\\/laguiole.com\\\/de\\\/produit\\\/le-thiers-le-fidele-couteau-plein-manche-buche-in-birkengruen-getoent-guillochiert-feder-gebuerstet-12cm-unique\\\/#primaryimage\",\"url\":\"https:\\\/\\\/laguiole.com\\\/wp-content\\\/uploads\\\/2024\\\/11\\\/Couteau_le_Thiers_Le_Fidele_Plein_Manche_Hetre_Mitre_en_Bouleau_PIECE_UNIQUE_00.jpg\",\"contentUrl\":\"https:\\\/\\\/laguiole.com\\\/wp-content\\\/uploads\\\/2024\\\/11\\\/Couteau_le_Thiers_Le_Fidele_Plein_Manche_Hetre_Mitre_en_Bouleau_PIECE_UNIQUE_00.jpg\",\"width\":1033,\"height\":1033,\"caption\":\"Le Thiers Le Fid\u00e8le Couteau Plein Manche Buche in Birkengr\u00fcn get\u00f6nt, guillochiert, Feder geb\u00fcrstet, 12cm UNIQUE\"},{\"@type\":\"BreadcrumbList\",\"@id\":\"https:\\\/\\\/laguiole.com\\\/de\\\/produit\\\/le-thiers-le-fidele-couteau-plein-manche-buche-in-birkengruen-getoent-guillochiert-feder-gebuerstet-12cm-unique\\\/#breadcrumb\",\"itemListElement\":[{\"@type\":\"ListItem\",\"position\":1,\"name\":\"Accueil\",\"item\":\"https:\\\/\\\/laguiole.com\\\/de\\\/\"},{\"@type\":\"ListItem\",\"position\":2,\"name\":\"Shop\",\"item\":\"https:\\\/\\\/laguiole.com\\\/de\\\/shop-2\\\/\"},{\"@type\":\"ListItem\",\"position\":3,\"name\":\"Le Thiers Le Fid\u00e8le Couteau Plein Manche Buche in Birkengr\u00fcn get\u00f6nt, guillochiert, Feder geb\u00fcrstet, 12cm UNIQUE\"}]},{\"@type\":\"WebSite\",\"@id\":\"https:\\\/\\\/laguiole.com\\\/de\\\/#website\",\"url\":\"https:\\\/\\\/laguiole.com\\\/de\\\/\",\"name\":\"Laguiole.com\",\"description\":\"Laguiole - Couteau laguiole, Chateau Laguiole, Laguiole en Aubrac, Forge de Laguiole\",\"publisher\":{\"@id\":\"https:\\\/\\\/laguiole.com\\\/de\\\/#organization\"},\"potentialAction\":[{\"@type\":\"SearchAction\",\"target\":{\"@type\":\"EntryPoint\",\"urlTemplate\":\"https:\\\/\\\/laguiole.com\\\/de\\\/?s={search_term_string}\"},\"query-input\":{\"@type\":\"PropertyValueSpecification\",\"valueRequired\":true,\"valueName\":\"search_term_string\"}}],\"inLanguage\":\"de\"},{\"@type\":\"Organization\",\"@id\":\"https:\\\/\\\/laguiole.com\\\/de\\\/#organization\",\"name\":\"Laguiole.com\",\"url\":\"https:\\\/\\\/laguiole.com\\\/de\\\/\",\"logo\":{\"@type\":\"ImageObject\",\"inLanguage\":\"de\",\"@id\":\"https:\\\/\\\/laguiole.com\\\/de\\\/#\\\/schema\\\/logo\\\/image\\\/\",\"url\":\"https:\\\/\\\/laguiole.com\\\/wp-content\\\/uploads\\\/2021\\\/02\\\/logo_laguiole.com-horizontal.jpg\",\"contentUrl\":\"https:\\\/\\\/laguiole.com\\\/wp-content\\\/uploads\\\/2021\\\/02\\\/logo_laguiole.com-horizontal.jpg\",\"width\":490,\"height\":156,\"caption\":\"Laguiole.com\"},\"image\":{\"@id\":\"https:\\\/\\\/laguiole.com\\\/de\\\/#\\\/schema\\\/logo\\\/image\\\/\"},\"sameAs\":[\"https:\\\/\\\/www.facebook.com\\\/laguiolecom\\\/\",\"https:\\\/\\\/www.instagram.com\\\/laguiolecom\\\/\",\"https:\\\/\\\/www.youtube.com\\\/@laguiolecom\\\/videos\"]}]}<\/script>\n<!-- \/ Yoast SEO plugin. -->","yoast_head_json":{"title":"Le Thiers Le Fid\u00e8le Couteau Plein Manche Buche in Birkengr\u00fcn get\u00f6nt, guillochiert, Feder geb\u00fcrstet, 12cm UNIQUE - Laguiole.com \u00ae","robots":{"index":"index","follow":"follow","max-snippet":"max-snippet:-1","max-image-preview":"max-image-preview:large","max-video-preview":"max-video-preview:-1"},"canonical":"https:\/\/laguiole.com\/de\/produit\/le-thiers-le-fidele-couteau-plein-manche-buche-in-birkengruen-getoent-guillochiert-feder-gebuerstet-12cm-unique\/","og_locale":"de_DE","og_type":"article","og_title":"Le Thiers Le Fid\u00e8le Couteau Plein Manche Buche in Birkengr\u00fcn get\u00f6nt, guillochiert, Feder geb\u00fcrstet, 12cm UNIQUE - Laguiole.com \u00ae","og_description":"Le Thiers Le Fid\u00e8le Messer Vollgriff aus stabilisierter Buche 12CM Vorderseite Falsche Gehrung aus stabilisierter Birke gr\u00fcn gebeizt Klinge aus geb\u00fcrstetem Edelstahl Klinge geb\u00fcrstetes Finish Einzelplatten Schwarze Abstandshalter Hand guillochierte Federklinge Gr\u00f6\u00dfe: 9 cm Gr\u00f6\u00dfe des offenen Messers: 21 cm UNIKAT","og_url":"https:\/\/laguiole.com\/de\/produit\/le-thiers-le-fidele-couteau-plein-manche-buche-in-birkengruen-getoent-guillochiert-feder-gebuerstet-12cm-unique\/","og_site_name":"Laguiole.com \u00ae","article_publisher":"https:\/\/www.facebook.com\/laguiolecom\/","og_image":[{"width":1033,"height":1033,"url":"https:\/\/laguiole.com\/wp-content\/uploads\/2024\/11\/Couteau_le_Thiers_Le_Fidele_Plein_Manche_Hetre_Mitre_en_Bouleau_PIECE_UNIQUE_00.jpg","type":"image\/jpeg"}],"twitter_card":"summary_large_image","schema":{"@context":"https:\/\/schema.org","@graph":[{"@type":"WebPage","@id":"https:\/\/laguiole.com\/de\/produit\/le-thiers-le-fidele-couteau-plein-manche-buche-in-birkengruen-getoent-guillochiert-feder-gebuerstet-12cm-unique\/","url":"https:\/\/laguiole.com\/de\/produit\/le-thiers-le-fidele-couteau-plein-manche-buche-in-birkengruen-getoent-guillochiert-feder-gebuerstet-12cm-unique\/","name":"Le Thiers Le Fid\u00e8le Couteau Plein Manche Buche in Birkengr\u00fcn get\u00f6nt, guillochiert, Feder geb\u00fcrstet, 12cm UNIQUE - Laguiole.com \u00ae","isPartOf":{"@id":"https:\/\/laguiole.com\/de\/#website"},"primaryImageOfPage":{"@id":"https:\/\/laguiole.com\/de\/produit\/le-thiers-le-fidele-couteau-plein-manche-buche-in-birkengruen-getoent-guillochiert-feder-gebuerstet-12cm-unique\/#primaryimage"},"image":{"@id":"https:\/\/laguiole.com\/de\/produit\/le-thiers-le-fidele-couteau-plein-manche-buche-in-birkengruen-getoent-guillochiert-feder-gebuerstet-12cm-unique\/#primaryimage"},"thumbnailUrl":"https:\/\/laguiole.com\/wp-content\/uploads\/2024\/11\/Couteau_le_Thiers_Le_Fidele_Plein_Manche_Hetre_Mitre_en_Bouleau_PIECE_UNIQUE_00.jpg","datePublished":"2024-11-11T18:04:17+00:00","breadcrumb":{"@id":"https:\/\/laguiole.com\/de\/produit\/le-thiers-le-fidele-couteau-plein-manche-buche-in-birkengruen-getoent-guillochiert-feder-gebuerstet-12cm-unique\/#breadcrumb"},"inLanguage":"de","potentialAction":[{"@type":"ReadAction","target":["https:\/\/laguiole.com\/de\/produit\/le-thiers-le-fidele-couteau-plein-manche-buche-in-birkengruen-getoent-guillochiert-feder-gebuerstet-12cm-unique\/"]}]},{"@type":"ImageObject","inLanguage":"de","@id":"https:\/\/laguiole.com\/de\/produit\/le-thiers-le-fidele-couteau-plein-manche-buche-in-birkengruen-getoent-guillochiert-feder-gebuerstet-12cm-unique\/#primaryimage","url":"https:\/\/laguiole.com\/wp-content\/uploads\/2024\/11\/Couteau_le_Thiers_Le_Fidele_Plein_Manche_Hetre_Mitre_en_Bouleau_PIECE_UNIQUE_00.jpg","contentUrl":"https:\/\/laguiole.com\/wp-content\/uploads\/2024\/11\/Couteau_le_Thiers_Le_Fidele_Plein_Manche_Hetre_Mitre_en_Bouleau_PIECE_UNIQUE_00.jpg","width":1033,"height":1033,"caption":"Le Thiers Le Fid\u00e8le Couteau Plein Manche Buche in Birkengr\u00fcn get\u00f6nt, guillochiert, Feder geb\u00fcrstet, 12cm UNIQUE"},{"@type":"BreadcrumbList","@id":"https:\/\/laguiole.com\/de\/produit\/le-thiers-le-fidele-couteau-plein-manche-buche-in-birkengruen-getoent-guillochiert-feder-gebuerstet-12cm-unique\/#breadcrumb","itemListElement":[{"@type":"ListItem","position":1,"name":"Accueil","item":"https:\/\/laguiole.com\/de\/"},{"@type":"ListItem","position":2,"name":"Shop","item":"https:\/\/laguiole.com\/de\/shop-2\/"},{"@type":"ListItem","position":3,"name":"Le Thiers Le Fid\u00e8le Couteau Plein Manche Buche in Birkengr\u00fcn get\u00f6nt, guillochiert, Feder geb\u00fcrstet, 12cm UNIQUE"}]},{"@type":"WebSite","@id":"https:\/\/laguiole.com\/de\/#website","url":"https:\/\/laguiole.com\/de\/","name":"Laguiole.com","description":"Laguiole - Couteau laguiole, Chateau Laguiole, Laguiole en Aubrac, Forge de Laguiole","publisher":{"@id":"https:\/\/laguiole.com\/de\/#organization"},"potentialAction":[{"@type":"SearchAction","target":{"@type":"EntryPoint","urlTemplate":"https:\/\/laguiole.com\/de\/?s={search_term_string}"},"query-input":{"@type":"PropertyValueSpecification","valueRequired":true,"valueName":"search_term_string"}}],"inLanguage":"de"},{"@type":"Organization","@id":"https:\/\/laguiole.com\/de\/#organization","name":"Laguiole.com","url":"https:\/\/laguiole.com\/de\/","logo":{"@type":"ImageObject","inLanguage":"de","@id":"https:\/\/laguiole.com\/de\/#\/schema\/logo\/image\/","url":"https:\/\/laguiole.com\/wp-content\/uploads\/2021\/02\/logo_laguiole.com-horizontal.jpg","contentUrl":"https:\/\/laguiole.com\/wp-content\/uploads\/2021\/02\/logo_laguiole.com-horizontal.jpg","width":490,"height":156,"caption":"Laguiole.com"},"image":{"@id":"https:\/\/laguiole.com\/de\/#\/schema\/logo\/image\/"},"sameAs":["https:\/\/www.facebook.com\/laguiolecom\/","https:\/\/www.instagram.com\/laguiolecom\/","https:\/\/www.youtube.com\/@laguiolecom\/videos"]}]}},"_links":{"self":[{"href":"https:\/\/laguiole.com\/de\/wp-json\/wp\/v2\/product\/38071","targetHints":{"allow":["GET"]}}],"collection":[{"href":"https:\/\/laguiole.com\/de\/wp-json\/wp\/v2\/product"}],"about":[{"href":"https:\/\/laguiole.com\/de\/wp-json\/wp\/v2\/types\/product"}],"version-history":[{"count":0,"href":"https:\/\/laguiole.com\/de\/wp-json\/wp\/v2\/product\/38071\/revisions"}],"wp:featuredmedia":[{"embeddable":true,"href":"https:\/\/laguiole.com\/de\/wp-json\/wp\/v2\/media\/38073"}],"wp:attachment":[{"href":"https:\/\/laguiole.com\/de\/wp-json\/wp\/v2\/media?parent=38071"}],"wp:term":[{"taxonomy":"product_brand","embeddable":true,"href":"https:\/\/laguiole.com\/de\/wp-json\/wp\/v2\/product_brand?post=38071"},{"taxonomy":"product_cat","embeddable":true,"href":"https:\/\/laguiole.com\/de\/wp-json\/wp\/v2\/product_cat?post=38071"},{"taxonomy":"product_tag","embeddable":true,"href":"https:\/\/laguiole.com\/de\/wp-json\/wp\/v2\/product_tag?post=38071"}],"curies":[{"name":"wp","href":"https:\/\/api.w.org\/{rel}","templated":true}]}}