{"id":38043,"date":"2024-10-31T11:45:40","date_gmt":"2024-10-31T10:45:40","guid":{"rendered":"https:\/\/laguiole.com\/produit\/laguiole-prestige-klappmesser-aus-aubrac-le-bijou-griff-aus-ebenholz-2-kropfe-aus-vergoldetem-messing-kupferplatten-prestige-fliegenklinge-aus-gebuerstetem-edelstahl\/"},"modified":"2024-10-31T11:45:40","modified_gmt":"2024-10-31T10:45:40","slug":"laguiole-prestige-klappmesser-aus-aubrac-le-bijou-griff-aus-ebenholz-2-kropfe-aus-vergoldetem-messing-kupferplatten-prestige-fliegenklinge-aus-gebuerstetem-edelstahl","status":"publish","type":"product","link":"https:\/\/laguiole.com\/de\/produit\/laguiole-prestige-klappmesser-aus-aubrac-le-bijou-griff-aus-ebenholz-2-kropfe-aus-vergoldetem-messing-kupferplatten-prestige-fliegenklinge-aus-gebuerstetem-edelstahl\/","title":{"rendered":"Laguiole Prestige Klappmesser aus Aubrac Le Bijou Griff aus Ebenholz 2 Kropfe aus vergoldetem Messing Kupferplatten Prestige Fliegenklinge aus geb\u00fcrstetem Edelstahl"},"content":{"rendered":"<p>Diese neue Kreation im Bereich des Kunstbestecks verk\u00f6rpert eine entschieden feminine Eleganz. Sein zartes und raffiniertes Design zeichnet sich durch eine einzigartige dreifarbige Legierung aus, die Messing, Edelstahl und Kupfer kombiniert, w\u00e4hrend der Hals durch ein wundersch\u00f6nes Ebenholzholz hervorgehoben wird, das ihm einen organischen und warmen Touch verleiht. Inspiriert von der Idee eines Drei-Gold-Rings, ist dieses Messer nicht nur ein Werkzeug, sondern wird zu einem wahren Kunstwerk, das die Harmonie von Materialien und traditioneller Handwerkskunst zelebriert.  <\/p>\n<p>Die Feinheit und Sch\u00f6nheit handgefertigter<br \/>\nDetails Dieses au\u00dfergew\u00f6hnliche 12 cm lange St\u00fcck verk\u00f6rpert den Gipfel der Handwerkskunst. Die beiden vergoldeten Messingbacken, kombiniert mit von Hand fein guillochierten Kupferplatten, offenbaren ein unvergleichliches Know-how. In der Mitte ist die emblematische Biene von Laguiole mit einem bemerkenswerten Mei\u00dfel verziert, der Finesse und Textur kombiniert und das Licht einf\u00e4ngt, um seine ganze Sch\u00f6nheit zu enth\u00fcllen.  <\/p>\n<p>Die Feder, zart guillochiert, verl\u00e4ngert sich und bringt den Ebenholz-Hals mit au\u00dfergew\u00f6hnlicher Anmut zur Geltung. Symmetrische Kurven verflechten sich mit eleganten Blumenmotiven, w\u00e4hrend kleine gemei\u00dfelte Perlen wie Diamanten funkeln und f\u00fcr einen Hauch von unverwechselbarer Raffinesse sorgen. <\/p>\n<p>Jedes Element dieses Kunstmessers wurde mit unglaublicher Akribie entworfen und spiegelt die Leidenschaft und das Know-how unserer Handwerker wider. Diese harmonische Mischung aus edlen Materialien und handwerklichen Techniken erhebt dieses Objekt in den Rang eines wahren Juwels, das nur darauf wartet, gesch\u00e4tzt und bewundert zu werden. <\/p>\n","protected":false},"excerpt":{"rendered":"<p>Laguiole Prestige Klappmesser aus Aubrac Le Bijou<br \/>\nGriff aus Ebenholz<br \/>\nGriffgr\u00f6\u00dfe 12 cm<br \/>\nKlinge aus geb\u00fcrstetem<br \/>\nEdelstahl 2 Backen aus goldenem Messing<br \/>\n2 handguillochierte Kupfer Ros\u00e9 Platten oben und unten<br \/>\nBee Prestige Jewel Von Hand geschmiedet und gemei\u00dfelt aus geb\u00fcrstetem<br \/>\nEdelstahl Geschlossenes Messer L\u00e4nge 12 cm<br \/>\nOffenes Messer L\u00e4nge 22 cm<br \/>\nKlingenl\u00e4nge 10 cm<br \/>\nLieferung in einem Lederetui mit Rei\u00dfverschluss<\/p>\n<p>Ein weicher und dezenter dreifarbiger Ehering!<\/p>\n","protected":false},"featured_media":38059,"template":"","meta":{"_acf_changed":false,"_monsterinsights_skip_tracking":false,"_monsterinsights_sitenote_active":false,"_monsterinsights_sitenote_note":"","_monsterinsights_sitenote_category":0},"product_brand":[],"product_cat":[5938,5939,5943],"product_tag":[],"class_list":{"0":"post-38043","1":"product","2":"type-product","3":"status-publish","4":"has-post-thumbnail","6":"product_cat-klappmesser","7":"product_cat-laguiole-klappmesser","8":"product_cat-laguiole-prestiges-messer","9":"pa_composition-couteau-1-stueck-nur-klinge","10":"pa_finition-gebuerstet","11":"pa_lame-gebuersteter-edelstahl","12":"pa_manche-en-bois-ebenholz","13":"pa_marque-laguiole-en-aubracfr","14":"pa_mitres-messing-geburstet","15":"pa_mitres-2-gehrungen","16":"pa_mouche-geschmiedet","17":"pa_mouche-prestige","18":"pa_platines-einzelplatin","19":"pa_platines-guilloche-muster","20":"pa_platines-kupfer","21":"pa_ressort-guilloche","22":"pa_taille-du-manche-12-cm","23":"tm-has-options","26":"instock","27":"taxable","28":"shipping-taxable","29":"purchasable","30":"product-type-simple"},"supplier_id":null,"supplier_sku":"","barcode":null,"atum_controlled":true,"out_stock_date":null,"out_stock_threshold":null,"inheritable":false,"inbound_stock":0,"stock_on_hold":0,"sold_today":0,"sales_last_days":0,"reserved_stock":0,"customer_returns":0,"warehouse_damage":0,"lost_in_post":0,"other_logs":0,"out_stock_days":0,"lost_sales":0,"has_location":false,"update_date":"2026-05-02T00:46:42","atum_locations":[],"atum_stock_status":"instock","restock_status":false,"low_stock_amount":"","sales_update_date":"2026-05-02T00:46:42","calc_backorders":0,"acf":[],"yoast_head":"<!-- This site is optimized with the Yoast SEO plugin v27.3 - https:\/\/yoast.com\/product\/yoast-seo-wordpress\/ -->\n<title>Laguiole Prestige Klappmesser aus Aubrac Le Bijou Griff aus Ebenholz 2 Kropfe aus vergoldetem Messing Kupferplatten Prestige Fliegenklinge aus geb\u00fcrstetem Edelstahl - Laguiole.com \u00ae<\/title>\n<meta name=\"robots\" content=\"index, follow, max-snippet:-1, max-image-preview:large, max-video-preview:-1\" \/>\n<link rel=\"canonical\" href=\"https:\/\/laguiole.com\/de\/produit\/laguiole-prestige-klappmesser-aus-aubrac-le-bijou-griff-aus-ebenholz-2-kropfe-aus-vergoldetem-messing-kupferplatten-prestige-fliegenklinge-aus-gebuerstetem-edelstahl\/\" \/>\n<meta property=\"og:locale\" content=\"de_DE\" \/>\n<meta property=\"og:type\" content=\"article\" \/>\n<meta property=\"og:title\" content=\"Laguiole Prestige Klappmesser aus Aubrac Le Bijou Griff aus Ebenholz 2 Kropfe aus vergoldetem Messing Kupferplatten Prestige Fliegenklinge aus geb\u00fcrstetem Edelstahl - Laguiole.com \u00ae\" \/>\n<meta property=\"og:description\" content=\"Laguiole Prestige Klappmesser aus Aubrac Le Bijou Griff aus Ebenholz Griffgr\u00f6\u00dfe 12 cm Klinge aus geb\u00fcrstetem Edelstahl 2 Backen aus goldenem Messing 2 handguillochierte Kupfer Ros\u00e9 Platten oben und unten Bee Prestige Jewel Von Hand geschmiedet und gemei\u00dfelt aus geb\u00fcrstetem Edelstahl Geschlossenes Messer L\u00e4nge 12 cm Offenes Messer L\u00e4nge 22 cm Klingenl\u00e4nge 10 cm Lieferung in einem Lederetui mit Rei\u00dfverschluss Ein weicher und dezenter dreifarbiger Ehering!\" \/>\n<meta property=\"og:url\" content=\"https:\/\/laguiole.com\/de\/produit\/laguiole-prestige-klappmesser-aus-aubrac-le-bijou-griff-aus-ebenholz-2-kropfe-aus-vergoldetem-messing-kupferplatten-prestige-fliegenklinge-aus-gebuerstetem-edelstahl\/\" \/>\n<meta property=\"og:site_name\" content=\"Laguiole.com \u00ae\" \/>\n<meta property=\"article:publisher\" content=\"https:\/\/www.facebook.com\/laguiolecom\/\" \/>\n<meta property=\"og:image\" content=\"https:\/\/laguiole.com\/wp-content\/uploads\/2024\/10\/Couteau_Pliant_Prestige_Laguiole_en_Aubrac_Le_Bijou_Manche_Ebene_Mitres_Dorees_en_Laiton_Platines_Cuivre_Mouche_Prestige_Lame_inox_Brosse_00.jpg\" \/>\n\t<meta property=\"og:image:width\" content=\"1033\" \/>\n\t<meta property=\"og:image:height\" content=\"1033\" \/>\n\t<meta property=\"og:image:type\" content=\"image\/jpeg\" \/>\n<meta name=\"twitter:card\" content=\"summary_large_image\" \/>\n<meta name=\"twitter:label1\" content=\"Gesch\u00e4tzte Lesezeit\" \/>\n\t<meta name=\"twitter:data1\" content=\"1\u00a0Minute\" \/>\n<script type=\"application\/ld+json\" class=\"yoast-schema-graph\">{\"@context\":\"https:\\\/\\\/schema.org\",\"@graph\":[{\"@type\":\"WebPage\",\"@id\":\"https:\\\/\\\/laguiole.com\\\/de\\\/produit\\\/laguiole-prestige-klappmesser-aus-aubrac-le-bijou-griff-aus-ebenholz-2-kropfe-aus-vergoldetem-messing-kupferplatten-prestige-fliegenklinge-aus-gebuerstetem-edelstahl\\\/\",\"url\":\"https:\\\/\\\/laguiole.com\\\/de\\\/produit\\\/laguiole-prestige-klappmesser-aus-aubrac-le-bijou-griff-aus-ebenholz-2-kropfe-aus-vergoldetem-messing-kupferplatten-prestige-fliegenklinge-aus-gebuerstetem-edelstahl\\\/\",\"name\":\"Laguiole Prestige Klappmesser aus Aubrac Le Bijou Griff aus Ebenholz 2 Kropfe aus vergoldetem Messing Kupferplatten Prestige Fliegenklinge aus geb\u00fcrstetem Edelstahl - Laguiole.com \u00ae\",\"isPartOf\":{\"@id\":\"https:\\\/\\\/laguiole.com\\\/de\\\/#website\"},\"primaryImageOfPage\":{\"@id\":\"https:\\\/\\\/laguiole.com\\\/de\\\/produit\\\/laguiole-prestige-klappmesser-aus-aubrac-le-bijou-griff-aus-ebenholz-2-kropfe-aus-vergoldetem-messing-kupferplatten-prestige-fliegenklinge-aus-gebuerstetem-edelstahl\\\/#primaryimage\"},\"image\":{\"@id\":\"https:\\\/\\\/laguiole.com\\\/de\\\/produit\\\/laguiole-prestige-klappmesser-aus-aubrac-le-bijou-griff-aus-ebenholz-2-kropfe-aus-vergoldetem-messing-kupferplatten-prestige-fliegenklinge-aus-gebuerstetem-edelstahl\\\/#primaryimage\"},\"thumbnailUrl\":\"https:\\\/\\\/laguiole.com\\\/wp-content\\\/uploads\\\/2024\\\/10\\\/Couteau_Pliant_Prestige_Laguiole_en_Aubrac_Le_Bijou_Manche_Ebene_Mitres_Dorees_en_Laiton_Platines_Cuivre_Mouche_Prestige_Lame_inox_Brosse_00.jpg\",\"datePublished\":\"2024-10-31T10:45:40+00:00\",\"breadcrumb\":{\"@id\":\"https:\\\/\\\/laguiole.com\\\/de\\\/produit\\\/laguiole-prestige-klappmesser-aus-aubrac-le-bijou-griff-aus-ebenholz-2-kropfe-aus-vergoldetem-messing-kupferplatten-prestige-fliegenklinge-aus-gebuerstetem-edelstahl\\\/#breadcrumb\"},\"inLanguage\":\"de\",\"potentialAction\":[{\"@type\":\"ReadAction\",\"target\":[\"https:\\\/\\\/laguiole.com\\\/de\\\/produit\\\/laguiole-prestige-klappmesser-aus-aubrac-le-bijou-griff-aus-ebenholz-2-kropfe-aus-vergoldetem-messing-kupferplatten-prestige-fliegenklinge-aus-gebuerstetem-edelstahl\\\/\"]}]},{\"@type\":\"ImageObject\",\"inLanguage\":\"de\",\"@id\":\"https:\\\/\\\/laguiole.com\\\/de\\\/produit\\\/laguiole-prestige-klappmesser-aus-aubrac-le-bijou-griff-aus-ebenholz-2-kropfe-aus-vergoldetem-messing-kupferplatten-prestige-fliegenklinge-aus-gebuerstetem-edelstahl\\\/#primaryimage\",\"url\":\"https:\\\/\\\/laguiole.com\\\/wp-content\\\/uploads\\\/2024\\\/10\\\/Couteau_Pliant_Prestige_Laguiole_en_Aubrac_Le_Bijou_Manche_Ebene_Mitres_Dorees_en_Laiton_Platines_Cuivre_Mouche_Prestige_Lame_inox_Brosse_00.jpg\",\"contentUrl\":\"https:\\\/\\\/laguiole.com\\\/wp-content\\\/uploads\\\/2024\\\/10\\\/Couteau_Pliant_Prestige_Laguiole_en_Aubrac_Le_Bijou_Manche_Ebene_Mitres_Dorees_en_Laiton_Platines_Cuivre_Mouche_Prestige_Lame_inox_Brosse_00.jpg\",\"width\":1033,\"height\":1033,\"caption\":\"Laguiole Prestige Klappmesser aus Aubrac Le Bijou Griff aus Ebenholz 2 Kropfe aus vergoldetem Messing Kupferplatten Prestige Fliegenklinge aus geb\u00fcrstetem Edelstahl\"},{\"@type\":\"BreadcrumbList\",\"@id\":\"https:\\\/\\\/laguiole.com\\\/de\\\/produit\\\/laguiole-prestige-klappmesser-aus-aubrac-le-bijou-griff-aus-ebenholz-2-kropfe-aus-vergoldetem-messing-kupferplatten-prestige-fliegenklinge-aus-gebuerstetem-edelstahl\\\/#breadcrumb\",\"itemListElement\":[{\"@type\":\"ListItem\",\"position\":1,\"name\":\"Accueil\",\"item\":\"https:\\\/\\\/laguiole.com\\\/de\\\/\"},{\"@type\":\"ListItem\",\"position\":2,\"name\":\"Shop\",\"item\":\"https:\\\/\\\/laguiole.com\\\/de\\\/shop-2\\\/\"},{\"@type\":\"ListItem\",\"position\":3,\"name\":\"Laguiole Prestige Klappmesser aus Aubrac Le Bijou Griff aus Ebenholz 2 Kropfe aus vergoldetem Messing Kupferplatten Prestige Fliegenklinge aus geb\u00fcrstetem Edelstahl\"}]},{\"@type\":\"WebSite\",\"@id\":\"https:\\\/\\\/laguiole.com\\\/de\\\/#website\",\"url\":\"https:\\\/\\\/laguiole.com\\\/de\\\/\",\"name\":\"Laguiole.com\",\"description\":\"Laguiole - Couteau laguiole, Chateau Laguiole, Laguiole en Aubrac, Forge de Laguiole\",\"publisher\":{\"@id\":\"https:\\\/\\\/laguiole.com\\\/de\\\/#organization\"},\"potentialAction\":[{\"@type\":\"SearchAction\",\"target\":{\"@type\":\"EntryPoint\",\"urlTemplate\":\"https:\\\/\\\/laguiole.com\\\/de\\\/?s={search_term_string}\"},\"query-input\":{\"@type\":\"PropertyValueSpecification\",\"valueRequired\":true,\"valueName\":\"search_term_string\"}}],\"inLanguage\":\"de\"},{\"@type\":\"Organization\",\"@id\":\"https:\\\/\\\/laguiole.com\\\/de\\\/#organization\",\"name\":\"Laguiole.com\",\"url\":\"https:\\\/\\\/laguiole.com\\\/de\\\/\",\"logo\":{\"@type\":\"ImageObject\",\"inLanguage\":\"de\",\"@id\":\"https:\\\/\\\/laguiole.com\\\/de\\\/#\\\/schema\\\/logo\\\/image\\\/\",\"url\":\"https:\\\/\\\/laguiole.com\\\/wp-content\\\/uploads\\\/2021\\\/02\\\/logo_laguiole.com-horizontal.jpg\",\"contentUrl\":\"https:\\\/\\\/laguiole.com\\\/wp-content\\\/uploads\\\/2021\\\/02\\\/logo_laguiole.com-horizontal.jpg\",\"width\":490,\"height\":156,\"caption\":\"Laguiole.com\"},\"image\":{\"@id\":\"https:\\\/\\\/laguiole.com\\\/de\\\/#\\\/schema\\\/logo\\\/image\\\/\"},\"sameAs\":[\"https:\\\/\\\/www.facebook.com\\\/laguiolecom\\\/\",\"https:\\\/\\\/www.instagram.com\\\/laguiolecom\\\/\",\"https:\\\/\\\/www.youtube.com\\\/@laguiolecom\\\/videos\"]}]}<\/script>\n<!-- \/ Yoast SEO plugin. -->","yoast_head_json":{"title":"Laguiole Prestige Klappmesser aus Aubrac Le Bijou Griff aus Ebenholz 2 Kropfe aus vergoldetem Messing Kupferplatten Prestige Fliegenklinge aus geb\u00fcrstetem Edelstahl - Laguiole.com \u00ae","robots":{"index":"index","follow":"follow","max-snippet":"max-snippet:-1","max-image-preview":"max-image-preview:large","max-video-preview":"max-video-preview:-1"},"canonical":"https:\/\/laguiole.com\/de\/produit\/laguiole-prestige-klappmesser-aus-aubrac-le-bijou-griff-aus-ebenholz-2-kropfe-aus-vergoldetem-messing-kupferplatten-prestige-fliegenklinge-aus-gebuerstetem-edelstahl\/","og_locale":"de_DE","og_type":"article","og_title":"Laguiole Prestige Klappmesser aus Aubrac Le Bijou Griff aus Ebenholz 2 Kropfe aus vergoldetem Messing Kupferplatten Prestige Fliegenklinge aus geb\u00fcrstetem Edelstahl - Laguiole.com \u00ae","og_description":"Laguiole Prestige Klappmesser aus Aubrac Le Bijou Griff aus Ebenholz Griffgr\u00f6\u00dfe 12 cm Klinge aus geb\u00fcrstetem Edelstahl 2 Backen aus goldenem Messing 2 handguillochierte Kupfer Ros\u00e9 Platten oben und unten Bee Prestige Jewel Von Hand geschmiedet und gemei\u00dfelt aus geb\u00fcrstetem Edelstahl Geschlossenes Messer L\u00e4nge 12 cm Offenes Messer L\u00e4nge 22 cm Klingenl\u00e4nge 10 cm Lieferung in einem Lederetui mit Rei\u00dfverschluss Ein weicher und dezenter dreifarbiger Ehering!","og_url":"https:\/\/laguiole.com\/de\/produit\/laguiole-prestige-klappmesser-aus-aubrac-le-bijou-griff-aus-ebenholz-2-kropfe-aus-vergoldetem-messing-kupferplatten-prestige-fliegenklinge-aus-gebuerstetem-edelstahl\/","og_site_name":"Laguiole.com \u00ae","article_publisher":"https:\/\/www.facebook.com\/laguiolecom\/","og_image":[{"width":1033,"height":1033,"url":"https:\/\/laguiole.com\/wp-content\/uploads\/2024\/10\/Couteau_Pliant_Prestige_Laguiole_en_Aubrac_Le_Bijou_Manche_Ebene_Mitres_Dorees_en_Laiton_Platines_Cuivre_Mouche_Prestige_Lame_inox_Brosse_00.jpg","type":"image\/jpeg"}],"twitter_card":"summary_large_image","twitter_misc":{"Gesch\u00e4tzte Lesezeit":"1\u00a0Minute"},"schema":{"@context":"https:\/\/schema.org","@graph":[{"@type":"WebPage","@id":"https:\/\/laguiole.com\/de\/produit\/laguiole-prestige-klappmesser-aus-aubrac-le-bijou-griff-aus-ebenholz-2-kropfe-aus-vergoldetem-messing-kupferplatten-prestige-fliegenklinge-aus-gebuerstetem-edelstahl\/","url":"https:\/\/laguiole.com\/de\/produit\/laguiole-prestige-klappmesser-aus-aubrac-le-bijou-griff-aus-ebenholz-2-kropfe-aus-vergoldetem-messing-kupferplatten-prestige-fliegenklinge-aus-gebuerstetem-edelstahl\/","name":"Laguiole Prestige Klappmesser aus Aubrac Le Bijou Griff aus Ebenholz 2 Kropfe aus vergoldetem Messing Kupferplatten Prestige Fliegenklinge aus geb\u00fcrstetem Edelstahl - Laguiole.com \u00ae","isPartOf":{"@id":"https:\/\/laguiole.com\/de\/#website"},"primaryImageOfPage":{"@id":"https:\/\/laguiole.com\/de\/produit\/laguiole-prestige-klappmesser-aus-aubrac-le-bijou-griff-aus-ebenholz-2-kropfe-aus-vergoldetem-messing-kupferplatten-prestige-fliegenklinge-aus-gebuerstetem-edelstahl\/#primaryimage"},"image":{"@id":"https:\/\/laguiole.com\/de\/produit\/laguiole-prestige-klappmesser-aus-aubrac-le-bijou-griff-aus-ebenholz-2-kropfe-aus-vergoldetem-messing-kupferplatten-prestige-fliegenklinge-aus-gebuerstetem-edelstahl\/#primaryimage"},"thumbnailUrl":"https:\/\/laguiole.com\/wp-content\/uploads\/2024\/10\/Couteau_Pliant_Prestige_Laguiole_en_Aubrac_Le_Bijou_Manche_Ebene_Mitres_Dorees_en_Laiton_Platines_Cuivre_Mouche_Prestige_Lame_inox_Brosse_00.jpg","datePublished":"2024-10-31T10:45:40+00:00","breadcrumb":{"@id":"https:\/\/laguiole.com\/de\/produit\/laguiole-prestige-klappmesser-aus-aubrac-le-bijou-griff-aus-ebenholz-2-kropfe-aus-vergoldetem-messing-kupferplatten-prestige-fliegenklinge-aus-gebuerstetem-edelstahl\/#breadcrumb"},"inLanguage":"de","potentialAction":[{"@type":"ReadAction","target":["https:\/\/laguiole.com\/de\/produit\/laguiole-prestige-klappmesser-aus-aubrac-le-bijou-griff-aus-ebenholz-2-kropfe-aus-vergoldetem-messing-kupferplatten-prestige-fliegenklinge-aus-gebuerstetem-edelstahl\/"]}]},{"@type":"ImageObject","inLanguage":"de","@id":"https:\/\/laguiole.com\/de\/produit\/laguiole-prestige-klappmesser-aus-aubrac-le-bijou-griff-aus-ebenholz-2-kropfe-aus-vergoldetem-messing-kupferplatten-prestige-fliegenklinge-aus-gebuerstetem-edelstahl\/#primaryimage","url":"https:\/\/laguiole.com\/wp-content\/uploads\/2024\/10\/Couteau_Pliant_Prestige_Laguiole_en_Aubrac_Le_Bijou_Manche_Ebene_Mitres_Dorees_en_Laiton_Platines_Cuivre_Mouche_Prestige_Lame_inox_Brosse_00.jpg","contentUrl":"https:\/\/laguiole.com\/wp-content\/uploads\/2024\/10\/Couteau_Pliant_Prestige_Laguiole_en_Aubrac_Le_Bijou_Manche_Ebene_Mitres_Dorees_en_Laiton_Platines_Cuivre_Mouche_Prestige_Lame_inox_Brosse_00.jpg","width":1033,"height":1033,"caption":"Laguiole Prestige Klappmesser aus Aubrac Le Bijou Griff aus Ebenholz 2 Kropfe aus vergoldetem Messing Kupferplatten Prestige Fliegenklinge aus geb\u00fcrstetem Edelstahl"},{"@type":"BreadcrumbList","@id":"https:\/\/laguiole.com\/de\/produit\/laguiole-prestige-klappmesser-aus-aubrac-le-bijou-griff-aus-ebenholz-2-kropfe-aus-vergoldetem-messing-kupferplatten-prestige-fliegenklinge-aus-gebuerstetem-edelstahl\/#breadcrumb","itemListElement":[{"@type":"ListItem","position":1,"name":"Accueil","item":"https:\/\/laguiole.com\/de\/"},{"@type":"ListItem","position":2,"name":"Shop","item":"https:\/\/laguiole.com\/de\/shop-2\/"},{"@type":"ListItem","position":3,"name":"Laguiole Prestige Klappmesser aus Aubrac Le Bijou Griff aus Ebenholz 2 Kropfe aus vergoldetem Messing Kupferplatten Prestige Fliegenklinge aus geb\u00fcrstetem Edelstahl"}]},{"@type":"WebSite","@id":"https:\/\/laguiole.com\/de\/#website","url":"https:\/\/laguiole.com\/de\/","name":"Laguiole.com","description":"Laguiole - Couteau laguiole, Chateau Laguiole, Laguiole en Aubrac, Forge de Laguiole","publisher":{"@id":"https:\/\/laguiole.com\/de\/#organization"},"potentialAction":[{"@type":"SearchAction","target":{"@type":"EntryPoint","urlTemplate":"https:\/\/laguiole.com\/de\/?s={search_term_string}"},"query-input":{"@type":"PropertyValueSpecification","valueRequired":true,"valueName":"search_term_string"}}],"inLanguage":"de"},{"@type":"Organization","@id":"https:\/\/laguiole.com\/de\/#organization","name":"Laguiole.com","url":"https:\/\/laguiole.com\/de\/","logo":{"@type":"ImageObject","inLanguage":"de","@id":"https:\/\/laguiole.com\/de\/#\/schema\/logo\/image\/","url":"https:\/\/laguiole.com\/wp-content\/uploads\/2021\/02\/logo_laguiole.com-horizontal.jpg","contentUrl":"https:\/\/laguiole.com\/wp-content\/uploads\/2021\/02\/logo_laguiole.com-horizontal.jpg","width":490,"height":156,"caption":"Laguiole.com"},"image":{"@id":"https:\/\/laguiole.com\/de\/#\/schema\/logo\/image\/"},"sameAs":["https:\/\/www.facebook.com\/laguiolecom\/","https:\/\/www.instagram.com\/laguiolecom\/","https:\/\/www.youtube.com\/@laguiolecom\/videos"]}]}},"_links":{"self":[{"href":"https:\/\/laguiole.com\/de\/wp-json\/wp\/v2\/product\/38043","targetHints":{"allow":["GET"]}}],"collection":[{"href":"https:\/\/laguiole.com\/de\/wp-json\/wp\/v2\/product"}],"about":[{"href":"https:\/\/laguiole.com\/de\/wp-json\/wp\/v2\/types\/product"}],"version-history":[{"count":0,"href":"https:\/\/laguiole.com\/de\/wp-json\/wp\/v2\/product\/38043\/revisions"}],"wp:featuredmedia":[{"embeddable":true,"href":"https:\/\/laguiole.com\/de\/wp-json\/wp\/v2\/media\/38059"}],"wp:attachment":[{"href":"https:\/\/laguiole.com\/de\/wp-json\/wp\/v2\/media?parent=38043"}],"wp:term":[{"taxonomy":"product_brand","embeddable":true,"href":"https:\/\/laguiole.com\/de\/wp-json\/wp\/v2\/product_brand?post=38043"},{"taxonomy":"product_cat","embeddable":true,"href":"https:\/\/laguiole.com\/de\/wp-json\/wp\/v2\/product_cat?post=38043"},{"taxonomy":"product_tag","embeddable":true,"href":"https:\/\/laguiole.com\/de\/wp-json\/wp\/v2\/product_tag?post=38043"}],"curies":[{"name":"wp","href":"https:\/\/api.w.org\/{rel}","templated":true}]}}