{"id":38036,"date":"2024-11-01T17:20:10","date_gmt":"2024-11-01T16:20:10","guid":{"rendered":"https:\/\/laguiole.com\/produit\/laguiole-aubrac-messer-1-stueck-12-cm-dunkle-hornspitze-2-glaenzende-edelstahlbacken-doppelplatten-und-federspirale-guillochiertes-finish\/"},"modified":"2024-11-01T17:20:10","modified_gmt":"2024-11-01T16:20:10","slug":"laguiole-aubrac-messer-1-stueck-12-cm-dunkle-hornspitze-2-glaenzende-edelstahlbacken-doppelplatten-und-federspirale-guillochiertes-finish","status":"publish","type":"product","link":"https:\/\/laguiole.com\/de\/produit\/laguiole-aubrac-messer-1-stueck-12-cm-dunkle-hornspitze-2-glaenzende-edelstahlbacken-doppelplatten-und-federspirale-guillochiertes-finish\/","title":{"rendered":"Laguiole Aubrac Messer 1 St\u00fcck 12 cm dunkle Hornspitze, 2 gl\u00e4nzende Edelstahlbacken, Doppelplatten und Federspirale, guillochiertes Finish"},"content":{"rendered":"<p>Ihr Laguiole-Messer wird von der handwerklichen Fabrik Laguiole in Aubrac hergestellt.<br \/>\nDie Klingen, Federn, Kropfe und N\u00e4gel aus massivem Edelstahl werden in der Laguiole-Schmiede in Aubrac hergestellt.<\/p>\n<p>Bitte beachten Sie, dass wir Materialien nat\u00fcrlichen Ursprungs verwenden und wir weisen Sie darauf hin, dass das Aussehen unserer Produkte bei gleicher Unterst\u00fctzung variieren kann.<br \/>\nDas ist es, was jedes fertige Produkt anders macht.<\/p>\n","protected":false},"excerpt":{"rendered":"<p>Laguiole Klappmesser aus Aubrac<br \/>\ngl\u00e4nzendem 12C27 Edelstahl Klinge mit Laschengriff<br \/>\ndunkle Hornspitze<br \/>\n2 gl\u00e4nzende<br \/>\nEdelstahlbacken handgeschmiedete und gemei\u00dfelte<br \/>\nDoppel-Guilloch\u00e9-Platten<br \/>\nFederspirale geschmiedet und guillochiert gl\u00e4nzender Edelstahl<br \/>\nHandl\u00e4nge des Messers geschlossen: 12 cm<br \/>\nL\u00e4nge der Klinge: 10 cm<br \/>\nL\u00e4nge des Messers offen:  ca. 22 cm<\/p>\n","protected":false},"featured_media":38044,"template":"","meta":{"_acf_changed":false,"_monsterinsights_skip_tracking":false,"_monsterinsights_sitenote_active":false,"_monsterinsights_sitenote_note":"","_monsterinsights_sitenote_category":0},"product_brand":[],"product_cat":[5938,5939,5940],"product_tag":[],"class_list":{"0":"post-38036","1":"product","2":"type-product","3":"status-publish","4":"has-post-thumbnail","6":"product_cat-klappmesser","7":"product_cat-laguiole-klappmesser","8":"product_cat-laguiole-traditionelle-messer-mit-und-ohne-korkenzieher","9":"pa_composition-couteau-1-stueck-nur-klinge","10":"pa_finition-brillant","11":"pa_lame-glaenzender-edelstahl","12":"pa_manche-en-matiere-animale-hornspitze","13":"pa_marque-laguiole-en-aubracfr","14":"pa_mitres-2-gehrungen","15":"pa_mitres-glaenzender-edelstahl","16":"pa_mouche-geschmiedet","17":"pa_platines-doppel-drehteller","18":"pa_platines-guilloche-muster","19":"pa_ressort-spiral","20":"pa_taille-du-manche-12-cm","21":"tm-has-options","24":"onbackorder","25":"taxable","26":"shipping-taxable","27":"purchasable","28":"product-type-simple"},"supplier_id":null,"supplier_sku":"","barcode":null,"atum_controlled":true,"out_stock_date":"2026-01-24 07:20:06","out_stock_threshold":null,"inheritable":false,"inbound_stock":0,"stock_on_hold":0,"sold_today":0,"sales_last_days":0,"reserved_stock":0,"customer_returns":0,"warehouse_damage":0,"lost_in_post":0,"other_logs":0,"out_stock_days":93,"lost_sales":0,"has_location":false,"update_date":"2026-04-28T00:37:07","atum_locations":[],"atum_stock_status":"onbackorder","restock_status":false,"low_stock_amount":"","sales_update_date":"2026-04-28T00:37:07","calc_backorders":0,"acf":[],"yoast_head":"<!-- This site is optimized with the Yoast SEO plugin v27.3 - https:\/\/yoast.com\/product\/yoast-seo-wordpress\/ -->\n<title>Laguiole Aubrac Messer 1 St\u00fcck 12 cm dunkle Hornspitze, 2 gl\u00e4nzende Edelstahlbacken, Doppelplatten und Federspirale, guillochiertes Finish - Laguiole.com \u00ae<\/title>\n<meta name=\"robots\" content=\"index, follow, max-snippet:-1, max-image-preview:large, max-video-preview:-1\" \/>\n<link rel=\"canonical\" href=\"https:\/\/laguiole.com\/de\/produit\/laguiole-aubrac-messer-1-stueck-12-cm-dunkle-hornspitze-2-glaenzende-edelstahlbacken-doppelplatten-und-federspirale-guillochiertes-finish\/\" \/>\n<meta property=\"og:locale\" content=\"de_DE\" \/>\n<meta property=\"og:type\" content=\"article\" \/>\n<meta property=\"og:title\" content=\"Laguiole Aubrac Messer 1 St\u00fcck 12 cm dunkle Hornspitze, 2 gl\u00e4nzende Edelstahlbacken, Doppelplatten und Federspirale, guillochiertes Finish - Laguiole.com \u00ae\" \/>\n<meta property=\"og:description\" content=\"Laguiole Klappmesser aus Aubrac gl\u00e4nzendem 12C27 Edelstahl Klinge mit Laschengriff dunkle Hornspitze 2 gl\u00e4nzende Edelstahlbacken handgeschmiedete und gemei\u00dfelte Doppel-Guilloch\u00e9-Platten Federspirale geschmiedet und guillochiert gl\u00e4nzender Edelstahl Handl\u00e4nge des Messers geschlossen: 12 cm L\u00e4nge der Klinge: 10 cm L\u00e4nge des Messers offen: ca. 22 cm\" \/>\n<meta property=\"og:url\" content=\"https:\/\/laguiole.com\/de\/produit\/laguiole-aubrac-messer-1-stueck-12-cm-dunkle-hornspitze-2-glaenzende-edelstahlbacken-doppelplatten-und-federspirale-guillochiertes-finish\/\" \/>\n<meta property=\"og:site_name\" content=\"Laguiole.com \u00ae\" \/>\n<meta property=\"article:publisher\" content=\"https:\/\/www.facebook.com\/laguiolecom\/\" \/>\n<meta property=\"og:image\" content=\"https:\/\/laguiole.com\/wp-content\/uploads\/2024\/11\/Couteau_Laguiole_en_Aubrac_1_piece_12cm_Pointe_de_Corne_Foncee_2_Mitres_Inox_Brillant_Double_Platines_et_Ressort_Spiral_Guilloches_Finition_Brillante_00.jpg\" \/>\n\t<meta property=\"og:image:width\" content=\"1033\" \/>\n\t<meta property=\"og:image:height\" content=\"1033\" \/>\n\t<meta property=\"og:image:type\" content=\"image\/jpeg\" \/>\n<meta name=\"twitter:card\" content=\"summary_large_image\" \/>\n<script type=\"application\/ld+json\" class=\"yoast-schema-graph\">{\"@context\":\"https:\\\/\\\/schema.org\",\"@graph\":[{\"@type\":\"WebPage\",\"@id\":\"https:\\\/\\\/laguiole.com\\\/de\\\/produit\\\/laguiole-aubrac-messer-1-stueck-12-cm-dunkle-hornspitze-2-glaenzende-edelstahlbacken-doppelplatten-und-federspirale-guillochiertes-finish\\\/\",\"url\":\"https:\\\/\\\/laguiole.com\\\/de\\\/produit\\\/laguiole-aubrac-messer-1-stueck-12-cm-dunkle-hornspitze-2-glaenzende-edelstahlbacken-doppelplatten-und-federspirale-guillochiertes-finish\\\/\",\"name\":\"Laguiole Aubrac Messer 1 St\u00fcck 12 cm dunkle Hornspitze, 2 gl\u00e4nzende Edelstahlbacken, Doppelplatten und Federspirale, guillochiertes Finish - Laguiole.com \u00ae\",\"isPartOf\":{\"@id\":\"https:\\\/\\\/laguiole.com\\\/de\\\/#website\"},\"primaryImageOfPage\":{\"@id\":\"https:\\\/\\\/laguiole.com\\\/de\\\/produit\\\/laguiole-aubrac-messer-1-stueck-12-cm-dunkle-hornspitze-2-glaenzende-edelstahlbacken-doppelplatten-und-federspirale-guillochiertes-finish\\\/#primaryimage\"},\"image\":{\"@id\":\"https:\\\/\\\/laguiole.com\\\/de\\\/produit\\\/laguiole-aubrac-messer-1-stueck-12-cm-dunkle-hornspitze-2-glaenzende-edelstahlbacken-doppelplatten-und-federspirale-guillochiertes-finish\\\/#primaryimage\"},\"thumbnailUrl\":\"https:\\\/\\\/laguiole.com\\\/wp-content\\\/uploads\\\/2024\\\/11\\\/Couteau_Laguiole_en_Aubrac_1_piece_12cm_Pointe_de_Corne_Foncee_2_Mitres_Inox_Brillant_Double_Platines_et_Ressort_Spiral_Guilloches_Finition_Brillante_00.jpg\",\"datePublished\":\"2024-11-01T16:20:10+00:00\",\"breadcrumb\":{\"@id\":\"https:\\\/\\\/laguiole.com\\\/de\\\/produit\\\/laguiole-aubrac-messer-1-stueck-12-cm-dunkle-hornspitze-2-glaenzende-edelstahlbacken-doppelplatten-und-federspirale-guillochiertes-finish\\\/#breadcrumb\"},\"inLanguage\":\"de\",\"potentialAction\":[{\"@type\":\"ReadAction\",\"target\":[\"https:\\\/\\\/laguiole.com\\\/de\\\/produit\\\/laguiole-aubrac-messer-1-stueck-12-cm-dunkle-hornspitze-2-glaenzende-edelstahlbacken-doppelplatten-und-federspirale-guillochiertes-finish\\\/\"]}]},{\"@type\":\"ImageObject\",\"inLanguage\":\"de\",\"@id\":\"https:\\\/\\\/laguiole.com\\\/de\\\/produit\\\/laguiole-aubrac-messer-1-stueck-12-cm-dunkle-hornspitze-2-glaenzende-edelstahlbacken-doppelplatten-und-federspirale-guillochiertes-finish\\\/#primaryimage\",\"url\":\"https:\\\/\\\/laguiole.com\\\/wp-content\\\/uploads\\\/2024\\\/11\\\/Couteau_Laguiole_en_Aubrac_1_piece_12cm_Pointe_de_Corne_Foncee_2_Mitres_Inox_Brillant_Double_Platines_et_Ressort_Spiral_Guilloches_Finition_Brillante_00.jpg\",\"contentUrl\":\"https:\\\/\\\/laguiole.com\\\/wp-content\\\/uploads\\\/2024\\\/11\\\/Couteau_Laguiole_en_Aubrac_1_piece_12cm_Pointe_de_Corne_Foncee_2_Mitres_Inox_Brillant_Double_Platines_et_Ressort_Spiral_Guilloches_Finition_Brillante_00.jpg\",\"width\":1033,\"height\":1033,\"caption\":\"Laguiole Aubrac Messer 1 St\u00fcck 12 cm dunkle Hornspitze, 2 gl\u00e4nzende Edelstahlbacken, Doppelplatten und Federspirale, guillochiertes Finish\"},{\"@type\":\"BreadcrumbList\",\"@id\":\"https:\\\/\\\/laguiole.com\\\/de\\\/produit\\\/laguiole-aubrac-messer-1-stueck-12-cm-dunkle-hornspitze-2-glaenzende-edelstahlbacken-doppelplatten-und-federspirale-guillochiertes-finish\\\/#breadcrumb\",\"itemListElement\":[{\"@type\":\"ListItem\",\"position\":1,\"name\":\"Accueil\",\"item\":\"https:\\\/\\\/laguiole.com\\\/de\\\/\"},{\"@type\":\"ListItem\",\"position\":2,\"name\":\"Shop\",\"item\":\"https:\\\/\\\/laguiole.com\\\/de\\\/shop-2\\\/\"},{\"@type\":\"ListItem\",\"position\":3,\"name\":\"Laguiole Aubrac Messer 1 St\u00fcck 12 cm dunkle Hornspitze, 2 gl\u00e4nzende Edelstahlbacken, Doppelplatten und Federspirale, guillochiertes Finish\"}]},{\"@type\":\"WebSite\",\"@id\":\"https:\\\/\\\/laguiole.com\\\/de\\\/#website\",\"url\":\"https:\\\/\\\/laguiole.com\\\/de\\\/\",\"name\":\"Laguiole.com\",\"description\":\"Laguiole - Couteau laguiole, Chateau Laguiole, Laguiole en Aubrac, Forge de Laguiole\",\"publisher\":{\"@id\":\"https:\\\/\\\/laguiole.com\\\/de\\\/#organization\"},\"potentialAction\":[{\"@type\":\"SearchAction\",\"target\":{\"@type\":\"EntryPoint\",\"urlTemplate\":\"https:\\\/\\\/laguiole.com\\\/de\\\/?s={search_term_string}\"},\"query-input\":{\"@type\":\"PropertyValueSpecification\",\"valueRequired\":true,\"valueName\":\"search_term_string\"}}],\"inLanguage\":\"de\"},{\"@type\":\"Organization\",\"@id\":\"https:\\\/\\\/laguiole.com\\\/de\\\/#organization\",\"name\":\"Laguiole.com\",\"url\":\"https:\\\/\\\/laguiole.com\\\/de\\\/\",\"logo\":{\"@type\":\"ImageObject\",\"inLanguage\":\"de\",\"@id\":\"https:\\\/\\\/laguiole.com\\\/de\\\/#\\\/schema\\\/logo\\\/image\\\/\",\"url\":\"https:\\\/\\\/laguiole.com\\\/wp-content\\\/uploads\\\/2021\\\/02\\\/logo_laguiole.com-horizontal.jpg\",\"contentUrl\":\"https:\\\/\\\/laguiole.com\\\/wp-content\\\/uploads\\\/2021\\\/02\\\/logo_laguiole.com-horizontal.jpg\",\"width\":490,\"height\":156,\"caption\":\"Laguiole.com\"},\"image\":{\"@id\":\"https:\\\/\\\/laguiole.com\\\/de\\\/#\\\/schema\\\/logo\\\/image\\\/\"},\"sameAs\":[\"https:\\\/\\\/www.facebook.com\\\/laguiolecom\\\/\",\"https:\\\/\\\/www.instagram.com\\\/laguiolecom\\\/\",\"https:\\\/\\\/www.youtube.com\\\/@laguiolecom\\\/videos\"]}]}<\/script>\n<!-- \/ Yoast SEO plugin. -->","yoast_head_json":{"title":"Laguiole Aubrac Messer 1 St\u00fcck 12 cm dunkle Hornspitze, 2 gl\u00e4nzende Edelstahlbacken, Doppelplatten und Federspirale, guillochiertes Finish - Laguiole.com \u00ae","robots":{"index":"index","follow":"follow","max-snippet":"max-snippet:-1","max-image-preview":"max-image-preview:large","max-video-preview":"max-video-preview:-1"},"canonical":"https:\/\/laguiole.com\/de\/produit\/laguiole-aubrac-messer-1-stueck-12-cm-dunkle-hornspitze-2-glaenzende-edelstahlbacken-doppelplatten-und-federspirale-guillochiertes-finish\/","og_locale":"de_DE","og_type":"article","og_title":"Laguiole Aubrac Messer 1 St\u00fcck 12 cm dunkle Hornspitze, 2 gl\u00e4nzende Edelstahlbacken, Doppelplatten und Federspirale, guillochiertes Finish - Laguiole.com \u00ae","og_description":"Laguiole Klappmesser aus Aubrac gl\u00e4nzendem 12C27 Edelstahl Klinge mit Laschengriff dunkle Hornspitze 2 gl\u00e4nzende Edelstahlbacken handgeschmiedete und gemei\u00dfelte Doppel-Guilloch\u00e9-Platten Federspirale geschmiedet und guillochiert gl\u00e4nzender Edelstahl Handl\u00e4nge des Messers geschlossen: 12 cm L\u00e4nge der Klinge: 10 cm L\u00e4nge des Messers offen: ca. 22 cm","og_url":"https:\/\/laguiole.com\/de\/produit\/laguiole-aubrac-messer-1-stueck-12-cm-dunkle-hornspitze-2-glaenzende-edelstahlbacken-doppelplatten-und-federspirale-guillochiertes-finish\/","og_site_name":"Laguiole.com \u00ae","article_publisher":"https:\/\/www.facebook.com\/laguiolecom\/","og_image":[{"width":1033,"height":1033,"url":"https:\/\/laguiole.com\/wp-content\/uploads\/2024\/11\/Couteau_Laguiole_en_Aubrac_1_piece_12cm_Pointe_de_Corne_Foncee_2_Mitres_Inox_Brillant_Double_Platines_et_Ressort_Spiral_Guilloches_Finition_Brillante_00.jpg","type":"image\/jpeg"}],"twitter_card":"summary_large_image","schema":{"@context":"https:\/\/schema.org","@graph":[{"@type":"WebPage","@id":"https:\/\/laguiole.com\/de\/produit\/laguiole-aubrac-messer-1-stueck-12-cm-dunkle-hornspitze-2-glaenzende-edelstahlbacken-doppelplatten-und-federspirale-guillochiertes-finish\/","url":"https:\/\/laguiole.com\/de\/produit\/laguiole-aubrac-messer-1-stueck-12-cm-dunkle-hornspitze-2-glaenzende-edelstahlbacken-doppelplatten-und-federspirale-guillochiertes-finish\/","name":"Laguiole Aubrac Messer 1 St\u00fcck 12 cm dunkle Hornspitze, 2 gl\u00e4nzende Edelstahlbacken, Doppelplatten und Federspirale, guillochiertes Finish - Laguiole.com \u00ae","isPartOf":{"@id":"https:\/\/laguiole.com\/de\/#website"},"primaryImageOfPage":{"@id":"https:\/\/laguiole.com\/de\/produit\/laguiole-aubrac-messer-1-stueck-12-cm-dunkle-hornspitze-2-glaenzende-edelstahlbacken-doppelplatten-und-federspirale-guillochiertes-finish\/#primaryimage"},"image":{"@id":"https:\/\/laguiole.com\/de\/produit\/laguiole-aubrac-messer-1-stueck-12-cm-dunkle-hornspitze-2-glaenzende-edelstahlbacken-doppelplatten-und-federspirale-guillochiertes-finish\/#primaryimage"},"thumbnailUrl":"https:\/\/laguiole.com\/wp-content\/uploads\/2024\/11\/Couteau_Laguiole_en_Aubrac_1_piece_12cm_Pointe_de_Corne_Foncee_2_Mitres_Inox_Brillant_Double_Platines_et_Ressort_Spiral_Guilloches_Finition_Brillante_00.jpg","datePublished":"2024-11-01T16:20:10+00:00","breadcrumb":{"@id":"https:\/\/laguiole.com\/de\/produit\/laguiole-aubrac-messer-1-stueck-12-cm-dunkle-hornspitze-2-glaenzende-edelstahlbacken-doppelplatten-und-federspirale-guillochiertes-finish\/#breadcrumb"},"inLanguage":"de","potentialAction":[{"@type":"ReadAction","target":["https:\/\/laguiole.com\/de\/produit\/laguiole-aubrac-messer-1-stueck-12-cm-dunkle-hornspitze-2-glaenzende-edelstahlbacken-doppelplatten-und-federspirale-guillochiertes-finish\/"]}]},{"@type":"ImageObject","inLanguage":"de","@id":"https:\/\/laguiole.com\/de\/produit\/laguiole-aubrac-messer-1-stueck-12-cm-dunkle-hornspitze-2-glaenzende-edelstahlbacken-doppelplatten-und-federspirale-guillochiertes-finish\/#primaryimage","url":"https:\/\/laguiole.com\/wp-content\/uploads\/2024\/11\/Couteau_Laguiole_en_Aubrac_1_piece_12cm_Pointe_de_Corne_Foncee_2_Mitres_Inox_Brillant_Double_Platines_et_Ressort_Spiral_Guilloches_Finition_Brillante_00.jpg","contentUrl":"https:\/\/laguiole.com\/wp-content\/uploads\/2024\/11\/Couteau_Laguiole_en_Aubrac_1_piece_12cm_Pointe_de_Corne_Foncee_2_Mitres_Inox_Brillant_Double_Platines_et_Ressort_Spiral_Guilloches_Finition_Brillante_00.jpg","width":1033,"height":1033,"caption":"Laguiole Aubrac Messer 1 St\u00fcck 12 cm dunkle Hornspitze, 2 gl\u00e4nzende Edelstahlbacken, Doppelplatten und Federspirale, guillochiertes Finish"},{"@type":"BreadcrumbList","@id":"https:\/\/laguiole.com\/de\/produit\/laguiole-aubrac-messer-1-stueck-12-cm-dunkle-hornspitze-2-glaenzende-edelstahlbacken-doppelplatten-und-federspirale-guillochiertes-finish\/#breadcrumb","itemListElement":[{"@type":"ListItem","position":1,"name":"Accueil","item":"https:\/\/laguiole.com\/de\/"},{"@type":"ListItem","position":2,"name":"Shop","item":"https:\/\/laguiole.com\/de\/shop-2\/"},{"@type":"ListItem","position":3,"name":"Laguiole Aubrac Messer 1 St\u00fcck 12 cm dunkle Hornspitze, 2 gl\u00e4nzende Edelstahlbacken, Doppelplatten und Federspirale, guillochiertes Finish"}]},{"@type":"WebSite","@id":"https:\/\/laguiole.com\/de\/#website","url":"https:\/\/laguiole.com\/de\/","name":"Laguiole.com","description":"Laguiole - Couteau laguiole, Chateau Laguiole, Laguiole en Aubrac, Forge de Laguiole","publisher":{"@id":"https:\/\/laguiole.com\/de\/#organization"},"potentialAction":[{"@type":"SearchAction","target":{"@type":"EntryPoint","urlTemplate":"https:\/\/laguiole.com\/de\/?s={search_term_string}"},"query-input":{"@type":"PropertyValueSpecification","valueRequired":true,"valueName":"search_term_string"}}],"inLanguage":"de"},{"@type":"Organization","@id":"https:\/\/laguiole.com\/de\/#organization","name":"Laguiole.com","url":"https:\/\/laguiole.com\/de\/","logo":{"@type":"ImageObject","inLanguage":"de","@id":"https:\/\/laguiole.com\/de\/#\/schema\/logo\/image\/","url":"https:\/\/laguiole.com\/wp-content\/uploads\/2021\/02\/logo_laguiole.com-horizontal.jpg","contentUrl":"https:\/\/laguiole.com\/wp-content\/uploads\/2021\/02\/logo_laguiole.com-horizontal.jpg","width":490,"height":156,"caption":"Laguiole.com"},"image":{"@id":"https:\/\/laguiole.com\/de\/#\/schema\/logo\/image\/"},"sameAs":["https:\/\/www.facebook.com\/laguiolecom\/","https:\/\/www.instagram.com\/laguiolecom\/","https:\/\/www.youtube.com\/@laguiolecom\/videos"]}]}},"_links":{"self":[{"href":"https:\/\/laguiole.com\/de\/wp-json\/wp\/v2\/product\/38036","targetHints":{"allow":["GET"]}}],"collection":[{"href":"https:\/\/laguiole.com\/de\/wp-json\/wp\/v2\/product"}],"about":[{"href":"https:\/\/laguiole.com\/de\/wp-json\/wp\/v2\/types\/product"}],"version-history":[{"count":0,"href":"https:\/\/laguiole.com\/de\/wp-json\/wp\/v2\/product\/38036\/revisions"}],"wp:featuredmedia":[{"embeddable":true,"href":"https:\/\/laguiole.com\/de\/wp-json\/wp\/v2\/media\/38044"}],"wp:attachment":[{"href":"https:\/\/laguiole.com\/de\/wp-json\/wp\/v2\/media?parent=38036"}],"wp:term":[{"taxonomy":"product_brand","embeddable":true,"href":"https:\/\/laguiole.com\/de\/wp-json\/wp\/v2\/product_brand?post=38036"},{"taxonomy":"product_cat","embeddable":true,"href":"https:\/\/laguiole.com\/de\/wp-json\/wp\/v2\/product_cat?post=38036"},{"taxonomy":"product_tag","embeddable":true,"href":"https:\/\/laguiole.com\/de\/wp-json\/wp\/v2\/product_tag?post=38036"}],"curies":[{"name":"wp","href":"https:\/\/api.w.org\/{rel}","templated":true}]}}