{"id":38015,"date":"2024-10-30T13:22:58","date_gmt":"2024-10-30T12:22:58","guid":{"rendered":"https:\/\/laguiole.com\/produit\/laguiole-messer-in-aubrac-1-stueck-12-cm-royal-ebony-griff-doppelt-guillochierte-platten-und-feder-2-geschmiedete-fliegenbacken-gebuerstetes-finish\/"},"modified":"2026-02-19T15:55:07","modified_gmt":"2026-02-19T14:55:07","slug":"laguiole-messer-in-aubrac-1-stueck-12-cm-royal-ebony-griff-doppelt-guillochierte-platten-und-feder-2-geschmiedete-fliegenbacken-gebuerstetes-finish","status":"publish","type":"product","link":"https:\/\/laguiole.com\/de\/produit\/laguiole-messer-in-aubrac-1-stueck-12-cm-royal-ebony-griff-doppelt-guillochierte-platten-und-feder-2-geschmiedete-fliegenbacken-gebuerstetes-finish\/","title":{"rendered":"Laguiole Aubrac Messer 1 St\u00fcck 12 cm Royal Ebony Griff Doppel-Guilloch\u00e9 Platten und Feder 2 Schmiede-Fliegenbolsters B\u00fcrstefinish NUM 1"},"content":{"rendered":"<h1 data-start=\"169\" data-end=\"246\"><strong data-start=\"174\" data-end=\"246\">Laguiole Doppel-Platin-Messer aus Royal Ebony<\/strong><\/h1>\n<h2 data-start=\"248\" data-end=\"291\">Ein prestigetr\u00e4chtiges Messer aus k\u00f6niglichem Ebenholz<\/h2>\n<p data-start=\"292\" data-end=\"673\">Entdecken Sie dieses einzigartige Laguiole-Messer, <strong data-start=\"330\" data-end=\"348\">doppelt Platin,<\/strong> mit <strong data-start=\"360\" data-end=\"386\">einem k\u00f6niglichen Ebenholz-Griff<\/strong>. Dieses wertvolle Holz stammt aus Afrika und Madagaskar. Sie zeichnet sich durch ihre nat\u00fcrliche F\u00fclle aus: Die Farbt\u00f6ne reichen von <strong data-start=\"509\" data-end=\"550\">tiefem Dunkelbraun bis zu hellen Cremet\u00f6nen<\/strong>. Jedes Messer ist daher <strong data-start=\"576\" data-end=\"597\">absolut einzigartig<\/strong>, dank der nat\u00fcrlichen Variationen des Holzes. Kein Exemplar gleicht dem anderen.    <\/p>\n<h2 data-start=\"675\" data-end=\"732\">Doppelte Guilloch\u00e9-Platte f\u00fcr maximale Eleganz<\/h2>\n<p data-start=\"733\" data-end=\"1059\">Dieses Modell verf\u00fcgt \u00fcber eine <strong data-start=\"755\" data-end=\"784\">doppelte Guilloch\u00e9-Platte<\/strong>, die eine perfekte visuelle Balance bietet. Die feinen Gravuren unterstreichen die Handwerkskunst und heben den Kontrast zwischen edlem Holz und Stahl hervor. Das Messer vereint <strong data-start=\"970\" data-end=\"1000\">N\u00fcchternheit und Raffinesse<\/strong> und bewahrt dabei die traditionelle Identit\u00e4t von Laguiole.  <\/p>\n<h2 data-start=\"1061\" data-end=\"1107\">Schmiedete Fliege- und Hand-Guilloch\u00e9-Feder<\/h2>\n<p data-start=\"1108\" data-end=\"1462\">Die <strong data-start=\"1111\" data-end=\"1148\">geschmiedete und fein gemei\u00dfelte Fliege<\/strong> f\u00fcgt ein einzigartiges dekoratives Detail hinzu, das die handgefertigte Signatur des Messers repr\u00e4sentiert.<br data-start=\"1232\" data-end=\"1235\">Die <strong data-start=\"1238\" data-end=\"1272\">hand-guilloch\u00e9 geschmiedete Feder<\/strong> verst\u00e4rkt die Struktur und verleiht ein elegantes und technisches Aussehen, das dieses Modell von Standardmessern unterscheidet. Diese Elemente zeigen sorgf\u00e4ltige Arbeit, die vollst\u00e4ndig von Hand ausgef\u00fchrt wird. <\/p>\n<h2 data-start=\"1464\" data-end=\"1498\">Ein einzigartiges und nat\u00fcrliches St\u00fcck<\/h2>\n<p data-start=\"1499\" data-end=\"1823\">Der k\u00f6nigliche Ebenholz-Griff macht jedes Messer anders. Die nat\u00fcrlichen Farbt\u00f6ne des Holzes, kombiniert mit den metallischen Oberfl\u00e4chen, schaffen einen dramatischen Kontrast. Das macht dieses Messer sowohl zu einem <strong data-start=\"1694\" data-end=\"1715\">funktionalen Werkzeug<\/strong> als auch zu einem <strong data-start=\"1723\" data-end=\"1746\">Sammlerst\u00fcck<\/strong>, perfekt f\u00fcr Liebhaber edler Materialien und traditioneller Handwerkskunst.  <\/p>\n<h2 data-start=\"1825\" data-end=\"1851\">Ein raffiniertes Finish<\/h2>\n<p data-start=\"1852\" data-end=\"2188\">Die Oberfl\u00e4che des Stahls und der Rahmen hebt das Holz hervor und verleiht gleichzeitig eine angenehme Textur. Das Design des Messers bleibt <strong data-start=\"1989\" data-end=\"2011\">modern und elegant<\/strong>, w\u00e4hrend es die klassischen Codes von Laguiole respektiert. Es richtet sich an Sammler und Enthusiasten, die ein Messer suchen, das <strong data-start=\"2154\" data-end=\"2187\">\u00e4sthetisch ansprechend, langlebig und einzigartig<\/strong> ist.  <\/p>\n<figure id=\"attachment_23009\" aria-describedby=\"caption-attachment-23009\" style=\"width: 690px\" class=\"wp-caption alignleft\"><a href=\"https:\/\/laguiole.com\/wp-content\/uploads\/2024\/10\/Screenshot_20241031_183957_Chrome.jpg\"><img fetchpriority=\"high\" decoding=\"async\" class=\"wp-image-23009 size-full\" src=\"https:\/\/laguiole.com\/wp-content\/uploads\/2024\/10\/Screenshot_20241031_183957_Chrome.jpg\" alt=\"Royal Ebony aus Laos\" width=\"690\" height=\"566\"><\/a><figcaption id=\"caption-attachment-23009\" class=\"wp-caption-text\">Royal Laos Ebenholz<\/figcaption><\/figure>\n<p>Ihr Laguiole-Messer wird von der handwerklichen Fabrik Laguiole in Aubrac hergestellt.<br \/>\nDie Klingen, Federn, Kropfe und N\u00e4gel aus massivem Edelstahl werden in der Laguiole-Schmiede in Aubrac hergestellt.<\/p>\n<p>&nbsp;<\/p>\n","protected":false},"excerpt":{"rendered":"<p>Laguiole Klappmesser aus Aubrac Doppelplatten<br \/>\nKlinge Edelstahl geb\u00fcrstet 12C27MOD<br \/>\nRoyal Ebony<br \/>\nGriff 2 Kropfe Edelstahl geb\u00fcrstet<br \/>\nFliegengeschmiedet und von Hand gemei\u00dfelt aus geb\u00fcrstetem<br \/>\nEdelstahl Geschmiedeter und guillochierter Feder geb\u00fcrsteter<br \/>\nEdelstahl Hand doppelt guillochiert Platten Edelstahl geb\u00fcrstet<br \/>\nHandl\u00e4nge des Messers geschlossen: 12 cm<br \/>\nL\u00e4nge der Klinge: 10 cm<br \/>\nL\u00e4nge des Messers offen:  ca. 22 cm<\/p>\n<p>Das k\u00f6nigliche Ebenholz von Laos ist ein noch wertvolleres Holz als das schwarze Ebenholz Afrikas und sogar das Ebenholz von Makassar. Sein Kernholz hat eine au\u00dfergew\u00f6hnliche Maserung aus unregelm\u00e4\u00dfiger schwarzer Flechtung auf blassgoldenem Grund. Ebenholz macht nur die H\u00e4lfte des Volumens des Baumholzes aus. Es ist eine seltene und sehr begehrte Substanz in der Tischlerei.   <\/p>\n<p>Sehr hartes Holz mit einer sehr feinen Maserung. Unregelm\u00e4\u00dfige Farbe von braun bis cremefarben.<br \/>\nDas k\u00f6nigliche Ebenholz von Laos gilt als das wertvollste aller Ebenholze. <\/p>\n","protected":false},"featured_media":38029,"template":"","meta":{"_acf_changed":false,"_monsterinsights_skip_tracking":false,"_monsterinsights_sitenote_active":false,"_monsterinsights_sitenote_note":"","_monsterinsights_sitenote_category":0},"product_brand":[],"product_cat":[5938,5939,5944],"product_tag":[],"class_list":{"0":"post-38015","1":"product","2":"type-product","3":"status-publish","4":"has-post-thumbnail","6":"product_cat-klappmesser","7":"product_cat-laguiole-klappmesser","8":"product_cat-laguiole-spezialmesser","9":"pa_composition-couteau-1-stueck-nur-klinge","10":"pa_finition-gebuerstet","11":"pa_lame-gebuersteter-edelstahl","12":"pa_manche-en-bois-ebenholz","13":"pa_marque-laguiole-en-aubracfr","14":"pa_mitres-2-gehrungen","15":"pa_mitres-gebuersteter-edelstahl","16":"pa_mouche-geschmiedet","17":"pa_mouche-prestige","18":"pa_platines-doppel-drehteller","19":"pa_platines-guilloche-muster","20":"pa_ressort-guilloche","21":"pa_taille-du-manche-12-cm","22":"tm-has-options","25":"instock","26":"taxable","27":"shipping-taxable","28":"purchasable","29":"product-type-simple"},"supplier_id":null,"supplier_sku":"","barcode":null,"atum_controlled":true,"out_stock_date":null,"out_stock_threshold":null,"inheritable":false,"inbound_stock":0,"stock_on_hold":0,"sold_today":0,"sales_last_days":0,"reserved_stock":0,"customer_returns":0,"warehouse_damage":0,"lost_in_post":0,"other_logs":0,"out_stock_days":0,"lost_sales":0,"has_location":false,"update_date":"2026-05-11T00:53:15","atum_locations":[],"atum_stock_status":"instock","restock_status":false,"low_stock_amount":"","sales_update_date":"2026-05-11T00:53:15","calc_backorders":null,"acf":[],"yoast_head":"<!-- This site is optimized with the Yoast SEO plugin v27.3 - https:\/\/yoast.com\/product\/yoast-seo-wordpress\/ -->\n<title>Laguiole Aubrac Messer 1 St\u00fcck 12 cm Royal Ebony Griff Doppel-Guilloch\u00e9 Platten und Feder 2 Schmiede-Fliegenbolsters B\u00fcrstefinish NUM 1 - Laguiole.com \u00ae<\/title>\n<meta name=\"description\" content=\"Laguiole-Doppelplatin-Messer mit k\u00f6niglichem Ebenholz-Griff, geschmiedetem Fliege- und Hand-Guilloch\u00e9-Feder. Jedes St\u00fcck ist einzigartig und handgefertigt.\" \/>\n<meta name=\"robots\" content=\"index, follow, max-snippet:-1, max-image-preview:large, max-video-preview:-1\" \/>\n<link rel=\"canonical\" href=\"https:\/\/laguiole.com\/de\/produit\/laguiole-messer-in-aubrac-1-stueck-12-cm-royal-ebony-griff-doppelt-guillochierte-platten-und-feder-2-geschmiedete-fliegenbacken-gebuerstetes-finish\/\" \/>\n<meta property=\"og:locale\" content=\"de_DE\" \/>\n<meta property=\"og:type\" content=\"article\" \/>\n<meta property=\"og:title\" content=\"Laguiole Aubrac Messer 1 St\u00fcck 12 cm Royal Ebony Griff Doppel-Guilloch\u00e9 Platten und Feder 2 Schmiede-Fliegenbolsters B\u00fcrstefinish NUM 1 - Laguiole.com \u00ae\" \/>\n<meta property=\"og:description\" content=\"Laguiole-Doppelplatin-Messer mit k\u00f6niglichem Ebenholz-Griff, geschmiedetem Fliege- und Hand-Guilloch\u00e9-Feder. Jedes St\u00fcck ist einzigartig und handgefertigt.\" \/>\n<meta property=\"og:url\" content=\"https:\/\/laguiole.com\/de\/produit\/laguiole-messer-in-aubrac-1-stueck-12-cm-royal-ebony-griff-doppelt-guillochierte-platten-und-feder-2-geschmiedete-fliegenbacken-gebuerstetes-finish\/\" \/>\n<meta property=\"og:site_name\" content=\"Laguiole.com \u00ae\" \/>\n<meta property=\"article:publisher\" content=\"https:\/\/www.facebook.com\/laguiolecom\/\" \/>\n<meta property=\"article:modified_time\" content=\"2026-02-19T14:55:07+00:00\" \/>\n<meta property=\"og:image\" content=\"https:\/\/laguiole.com\/wp-content\/uploads\/2024\/10\/Couteau_Laguiole_en_Aubrac_1_piece_12cm_Manche_Ebene_Royal_Double_Platines_et_Ressort_Guilloches_2_mitres_Mouche_Forgee_Finition_brossee_00.jpg\" \/>\n\t<meta property=\"og:image:width\" content=\"1057\" \/>\n\t<meta property=\"og:image:height\" content=\"1057\" \/>\n\t<meta property=\"og:image:type\" content=\"image\/jpeg\" \/>\n<meta name=\"twitter:card\" content=\"summary_large_image\" \/>\n<meta name=\"twitter:label1\" content=\"Gesch\u00e4tzte Lesezeit\" \/>\n\t<meta name=\"twitter:data1\" content=\"2\u00a0Minute\" \/>\n<script type=\"application\/ld+json\" class=\"yoast-schema-graph\">{\"@context\":\"https:\\\/\\\/schema.org\",\"@graph\":[{\"@type\":\"WebPage\",\"@id\":\"https:\\\/\\\/laguiole.com\\\/de\\\/produit\\\/laguiole-messer-in-aubrac-1-stueck-12-cm-royal-ebony-griff-doppelt-guillochierte-platten-und-feder-2-geschmiedete-fliegenbacken-gebuerstetes-finish\\\/\",\"url\":\"https:\\\/\\\/laguiole.com\\\/de\\\/produit\\\/laguiole-messer-in-aubrac-1-stueck-12-cm-royal-ebony-griff-doppelt-guillochierte-platten-und-feder-2-geschmiedete-fliegenbacken-gebuerstetes-finish\\\/\",\"name\":\"Laguiole Aubrac Messer 1 St\u00fcck 12 cm Royal Ebony Griff Doppel-Guilloch\u00e9 Platten und Feder 2 Schmiede-Fliegenbolsters B\u00fcrstefinish NUM 1 - Laguiole.com \u00ae\",\"isPartOf\":{\"@id\":\"https:\\\/\\\/laguiole.com\\\/de\\\/#website\"},\"primaryImageOfPage\":{\"@id\":\"https:\\\/\\\/laguiole.com\\\/de\\\/produit\\\/laguiole-messer-in-aubrac-1-stueck-12-cm-royal-ebony-griff-doppelt-guillochierte-platten-und-feder-2-geschmiedete-fliegenbacken-gebuerstetes-finish\\\/#primaryimage\"},\"image\":{\"@id\":\"https:\\\/\\\/laguiole.com\\\/de\\\/produit\\\/laguiole-messer-in-aubrac-1-stueck-12-cm-royal-ebony-griff-doppelt-guillochierte-platten-und-feder-2-geschmiedete-fliegenbacken-gebuerstetes-finish\\\/#primaryimage\"},\"thumbnailUrl\":\"https:\\\/\\\/laguiole.com\\\/wp-content\\\/uploads\\\/2024\\\/10\\\/Couteau_Laguiole_en_Aubrac_1_piece_12cm_Manche_Ebene_Royal_Double_Platines_et_Ressort_Guilloches_2_mitres_Mouche_Forgee_Finition_brossee_00.jpg\",\"datePublished\":\"2024-10-30T12:22:58+00:00\",\"dateModified\":\"2026-02-19T14:55:07+00:00\",\"description\":\"Laguiole-Doppelplatin-Messer mit k\u00f6niglichem Ebenholz-Griff, geschmiedetem Fliege- und Hand-Guilloch\u00e9-Feder. Jedes St\u00fcck ist einzigartig und handgefertigt.\",\"breadcrumb\":{\"@id\":\"https:\\\/\\\/laguiole.com\\\/de\\\/produit\\\/laguiole-messer-in-aubrac-1-stueck-12-cm-royal-ebony-griff-doppelt-guillochierte-platten-und-feder-2-geschmiedete-fliegenbacken-gebuerstetes-finish\\\/#breadcrumb\"},\"inLanguage\":\"de\",\"potentialAction\":[{\"@type\":\"ReadAction\",\"target\":[\"https:\\\/\\\/laguiole.com\\\/de\\\/produit\\\/laguiole-messer-in-aubrac-1-stueck-12-cm-royal-ebony-griff-doppelt-guillochierte-platten-und-feder-2-geschmiedete-fliegenbacken-gebuerstetes-finish\\\/\"]}]},{\"@type\":\"ImageObject\",\"inLanguage\":\"de\",\"@id\":\"https:\\\/\\\/laguiole.com\\\/de\\\/produit\\\/laguiole-messer-in-aubrac-1-stueck-12-cm-royal-ebony-griff-doppelt-guillochierte-platten-und-feder-2-geschmiedete-fliegenbacken-gebuerstetes-finish\\\/#primaryimage\",\"url\":\"https:\\\/\\\/laguiole.com\\\/wp-content\\\/uploads\\\/2024\\\/10\\\/Couteau_Laguiole_en_Aubrac_1_piece_12cm_Manche_Ebene_Royal_Double_Platines_et_Ressort_Guilloches_2_mitres_Mouche_Forgee_Finition_brossee_00.jpg\",\"contentUrl\":\"https:\\\/\\\/laguiole.com\\\/wp-content\\\/uploads\\\/2024\\\/10\\\/Couteau_Laguiole_en_Aubrac_1_piece_12cm_Manche_Ebene_Royal_Double_Platines_et_Ressort_Guilloches_2_mitres_Mouche_Forgee_Finition_brossee_00.jpg\",\"width\":1057,\"height\":1057,\"caption\":\"Laguiole Messer in Aubrac 1 St\u00fcck 12 cm Royal Ebony Griff Doppelt guillochierte Platten und Feder 2 geschmiedete Fliegenbacken Geb\u00fcrstetes Finish\"},{\"@type\":\"BreadcrumbList\",\"@id\":\"https:\\\/\\\/laguiole.com\\\/de\\\/produit\\\/laguiole-messer-in-aubrac-1-stueck-12-cm-royal-ebony-griff-doppelt-guillochierte-platten-und-feder-2-geschmiedete-fliegenbacken-gebuerstetes-finish\\\/#breadcrumb\",\"itemListElement\":[{\"@type\":\"ListItem\",\"position\":1,\"name\":\"Accueil\",\"item\":\"https:\\\/\\\/laguiole.com\\\/de\\\/\"},{\"@type\":\"ListItem\",\"position\":2,\"name\":\"Shop\",\"item\":\"https:\\\/\\\/laguiole.com\\\/de\\\/shop-2\\\/\"},{\"@type\":\"ListItem\",\"position\":3,\"name\":\"Laguiole Aubrac Messer 1 St\u00fcck 12 cm Royal Ebony Griff Doppel-Guilloch\u00e9 Platten und Feder 2 Schmiede-Fliegenbolsters B\u00fcrstefinish NUM 1\"}]},{\"@type\":\"WebSite\",\"@id\":\"https:\\\/\\\/laguiole.com\\\/de\\\/#website\",\"url\":\"https:\\\/\\\/laguiole.com\\\/de\\\/\",\"name\":\"Laguiole.com\",\"description\":\"Laguiole - Couteau laguiole, Chateau Laguiole, Laguiole en Aubrac, Forge de Laguiole\",\"publisher\":{\"@id\":\"https:\\\/\\\/laguiole.com\\\/de\\\/#organization\"},\"potentialAction\":[{\"@type\":\"SearchAction\",\"target\":{\"@type\":\"EntryPoint\",\"urlTemplate\":\"https:\\\/\\\/laguiole.com\\\/de\\\/?s={search_term_string}\"},\"query-input\":{\"@type\":\"PropertyValueSpecification\",\"valueRequired\":true,\"valueName\":\"search_term_string\"}}],\"inLanguage\":\"de\"},{\"@type\":\"Organization\",\"@id\":\"https:\\\/\\\/laguiole.com\\\/de\\\/#organization\",\"name\":\"Laguiole.com\",\"url\":\"https:\\\/\\\/laguiole.com\\\/de\\\/\",\"logo\":{\"@type\":\"ImageObject\",\"inLanguage\":\"de\",\"@id\":\"https:\\\/\\\/laguiole.com\\\/de\\\/#\\\/schema\\\/logo\\\/image\\\/\",\"url\":\"https:\\\/\\\/laguiole.com\\\/wp-content\\\/uploads\\\/2021\\\/02\\\/logo_laguiole.com-horizontal.jpg\",\"contentUrl\":\"https:\\\/\\\/laguiole.com\\\/wp-content\\\/uploads\\\/2021\\\/02\\\/logo_laguiole.com-horizontal.jpg\",\"width\":490,\"height\":156,\"caption\":\"Laguiole.com\"},\"image\":{\"@id\":\"https:\\\/\\\/laguiole.com\\\/de\\\/#\\\/schema\\\/logo\\\/image\\\/\"},\"sameAs\":[\"https:\\\/\\\/www.facebook.com\\\/laguiolecom\\\/\",\"https:\\\/\\\/www.instagram.com\\\/laguiolecom\\\/\",\"https:\\\/\\\/www.youtube.com\\\/@laguiolecom\\\/videos\"]}]}<\/script>\n<!-- \/ Yoast SEO plugin. -->","yoast_head_json":{"title":"Laguiole Aubrac Messer 1 St\u00fcck 12 cm Royal Ebony Griff Doppel-Guilloch\u00e9 Platten und Feder 2 Schmiede-Fliegenbolsters B\u00fcrstefinish NUM 1 - Laguiole.com \u00ae","description":"Laguiole-Doppelplatin-Messer mit k\u00f6niglichem Ebenholz-Griff, geschmiedetem Fliege- und Hand-Guilloch\u00e9-Feder. Jedes St\u00fcck ist einzigartig und handgefertigt.","robots":{"index":"index","follow":"follow","max-snippet":"max-snippet:-1","max-image-preview":"max-image-preview:large","max-video-preview":"max-video-preview:-1"},"canonical":"https:\/\/laguiole.com\/de\/produit\/laguiole-messer-in-aubrac-1-stueck-12-cm-royal-ebony-griff-doppelt-guillochierte-platten-und-feder-2-geschmiedete-fliegenbacken-gebuerstetes-finish\/","og_locale":"de_DE","og_type":"article","og_title":"Laguiole Aubrac Messer 1 St\u00fcck 12 cm Royal Ebony Griff Doppel-Guilloch\u00e9 Platten und Feder 2 Schmiede-Fliegenbolsters B\u00fcrstefinish NUM 1 - Laguiole.com \u00ae","og_description":"Laguiole-Doppelplatin-Messer mit k\u00f6niglichem Ebenholz-Griff, geschmiedetem Fliege- und Hand-Guilloch\u00e9-Feder. Jedes St\u00fcck ist einzigartig und handgefertigt.","og_url":"https:\/\/laguiole.com\/de\/produit\/laguiole-messer-in-aubrac-1-stueck-12-cm-royal-ebony-griff-doppelt-guillochierte-platten-und-feder-2-geschmiedete-fliegenbacken-gebuerstetes-finish\/","og_site_name":"Laguiole.com \u00ae","article_publisher":"https:\/\/www.facebook.com\/laguiolecom\/","article_modified_time":"2026-02-19T14:55:07+00:00","og_image":[{"width":1057,"height":1057,"url":"https:\/\/laguiole.com\/wp-content\/uploads\/2024\/10\/Couteau_Laguiole_en_Aubrac_1_piece_12cm_Manche_Ebene_Royal_Double_Platines_et_Ressort_Guilloches_2_mitres_Mouche_Forgee_Finition_brossee_00.jpg","type":"image\/jpeg"}],"twitter_card":"summary_large_image","twitter_misc":{"Gesch\u00e4tzte Lesezeit":"2\u00a0Minute"},"schema":{"@context":"https:\/\/schema.org","@graph":[{"@type":"WebPage","@id":"https:\/\/laguiole.com\/de\/produit\/laguiole-messer-in-aubrac-1-stueck-12-cm-royal-ebony-griff-doppelt-guillochierte-platten-und-feder-2-geschmiedete-fliegenbacken-gebuerstetes-finish\/","url":"https:\/\/laguiole.com\/de\/produit\/laguiole-messer-in-aubrac-1-stueck-12-cm-royal-ebony-griff-doppelt-guillochierte-platten-und-feder-2-geschmiedete-fliegenbacken-gebuerstetes-finish\/","name":"Laguiole Aubrac Messer 1 St\u00fcck 12 cm Royal Ebony Griff Doppel-Guilloch\u00e9 Platten und Feder 2 Schmiede-Fliegenbolsters B\u00fcrstefinish NUM 1 - Laguiole.com \u00ae","isPartOf":{"@id":"https:\/\/laguiole.com\/de\/#website"},"primaryImageOfPage":{"@id":"https:\/\/laguiole.com\/de\/produit\/laguiole-messer-in-aubrac-1-stueck-12-cm-royal-ebony-griff-doppelt-guillochierte-platten-und-feder-2-geschmiedete-fliegenbacken-gebuerstetes-finish\/#primaryimage"},"image":{"@id":"https:\/\/laguiole.com\/de\/produit\/laguiole-messer-in-aubrac-1-stueck-12-cm-royal-ebony-griff-doppelt-guillochierte-platten-und-feder-2-geschmiedete-fliegenbacken-gebuerstetes-finish\/#primaryimage"},"thumbnailUrl":"https:\/\/laguiole.com\/wp-content\/uploads\/2024\/10\/Couteau_Laguiole_en_Aubrac_1_piece_12cm_Manche_Ebene_Royal_Double_Platines_et_Ressort_Guilloches_2_mitres_Mouche_Forgee_Finition_brossee_00.jpg","datePublished":"2024-10-30T12:22:58+00:00","dateModified":"2026-02-19T14:55:07+00:00","description":"Laguiole-Doppelplatin-Messer mit k\u00f6niglichem Ebenholz-Griff, geschmiedetem Fliege- und Hand-Guilloch\u00e9-Feder. Jedes St\u00fcck ist einzigartig und handgefertigt.","breadcrumb":{"@id":"https:\/\/laguiole.com\/de\/produit\/laguiole-messer-in-aubrac-1-stueck-12-cm-royal-ebony-griff-doppelt-guillochierte-platten-und-feder-2-geschmiedete-fliegenbacken-gebuerstetes-finish\/#breadcrumb"},"inLanguage":"de","potentialAction":[{"@type":"ReadAction","target":["https:\/\/laguiole.com\/de\/produit\/laguiole-messer-in-aubrac-1-stueck-12-cm-royal-ebony-griff-doppelt-guillochierte-platten-und-feder-2-geschmiedete-fliegenbacken-gebuerstetes-finish\/"]}]},{"@type":"ImageObject","inLanguage":"de","@id":"https:\/\/laguiole.com\/de\/produit\/laguiole-messer-in-aubrac-1-stueck-12-cm-royal-ebony-griff-doppelt-guillochierte-platten-und-feder-2-geschmiedete-fliegenbacken-gebuerstetes-finish\/#primaryimage","url":"https:\/\/laguiole.com\/wp-content\/uploads\/2024\/10\/Couteau_Laguiole_en_Aubrac_1_piece_12cm_Manche_Ebene_Royal_Double_Platines_et_Ressort_Guilloches_2_mitres_Mouche_Forgee_Finition_brossee_00.jpg","contentUrl":"https:\/\/laguiole.com\/wp-content\/uploads\/2024\/10\/Couteau_Laguiole_en_Aubrac_1_piece_12cm_Manche_Ebene_Royal_Double_Platines_et_Ressort_Guilloches_2_mitres_Mouche_Forgee_Finition_brossee_00.jpg","width":1057,"height":1057,"caption":"Laguiole Messer in Aubrac 1 St\u00fcck 12 cm Royal Ebony Griff Doppelt guillochierte Platten und Feder 2 geschmiedete Fliegenbacken Geb\u00fcrstetes Finish"},{"@type":"BreadcrumbList","@id":"https:\/\/laguiole.com\/de\/produit\/laguiole-messer-in-aubrac-1-stueck-12-cm-royal-ebony-griff-doppelt-guillochierte-platten-und-feder-2-geschmiedete-fliegenbacken-gebuerstetes-finish\/#breadcrumb","itemListElement":[{"@type":"ListItem","position":1,"name":"Accueil","item":"https:\/\/laguiole.com\/de\/"},{"@type":"ListItem","position":2,"name":"Shop","item":"https:\/\/laguiole.com\/de\/shop-2\/"},{"@type":"ListItem","position":3,"name":"Laguiole Aubrac Messer 1 St\u00fcck 12 cm Royal Ebony Griff Doppel-Guilloch\u00e9 Platten und Feder 2 Schmiede-Fliegenbolsters B\u00fcrstefinish NUM 1"}]},{"@type":"WebSite","@id":"https:\/\/laguiole.com\/de\/#website","url":"https:\/\/laguiole.com\/de\/","name":"Laguiole.com","description":"Laguiole - Couteau laguiole, Chateau Laguiole, Laguiole en Aubrac, Forge de Laguiole","publisher":{"@id":"https:\/\/laguiole.com\/de\/#organization"},"potentialAction":[{"@type":"SearchAction","target":{"@type":"EntryPoint","urlTemplate":"https:\/\/laguiole.com\/de\/?s={search_term_string}"},"query-input":{"@type":"PropertyValueSpecification","valueRequired":true,"valueName":"search_term_string"}}],"inLanguage":"de"},{"@type":"Organization","@id":"https:\/\/laguiole.com\/de\/#organization","name":"Laguiole.com","url":"https:\/\/laguiole.com\/de\/","logo":{"@type":"ImageObject","inLanguage":"de","@id":"https:\/\/laguiole.com\/de\/#\/schema\/logo\/image\/","url":"https:\/\/laguiole.com\/wp-content\/uploads\/2021\/02\/logo_laguiole.com-horizontal.jpg","contentUrl":"https:\/\/laguiole.com\/wp-content\/uploads\/2021\/02\/logo_laguiole.com-horizontal.jpg","width":490,"height":156,"caption":"Laguiole.com"},"image":{"@id":"https:\/\/laguiole.com\/de\/#\/schema\/logo\/image\/"},"sameAs":["https:\/\/www.facebook.com\/laguiolecom\/","https:\/\/www.instagram.com\/laguiolecom\/","https:\/\/www.youtube.com\/@laguiolecom\/videos"]}]}},"_links":{"self":[{"href":"https:\/\/laguiole.com\/de\/wp-json\/wp\/v2\/product\/38015","targetHints":{"allow":["GET"]}}],"collection":[{"href":"https:\/\/laguiole.com\/de\/wp-json\/wp\/v2\/product"}],"about":[{"href":"https:\/\/laguiole.com\/de\/wp-json\/wp\/v2\/types\/product"}],"version-history":[{"count":1,"href":"https:\/\/laguiole.com\/de\/wp-json\/wp\/v2\/product\/38015\/revisions"}],"predecessor-version":[{"id":50101,"href":"https:\/\/laguiole.com\/de\/wp-json\/wp\/v2\/product\/38015\/revisions\/50101"}],"wp:featuredmedia":[{"embeddable":true,"href":"https:\/\/laguiole.com\/de\/wp-json\/wp\/v2\/media\/38029"}],"wp:attachment":[{"href":"https:\/\/laguiole.com\/de\/wp-json\/wp\/v2\/media?parent=38015"}],"wp:term":[{"taxonomy":"product_brand","embeddable":true,"href":"https:\/\/laguiole.com\/de\/wp-json\/wp\/v2\/product_brand?post=38015"},{"taxonomy":"product_cat","embeddable":true,"href":"https:\/\/laguiole.com\/de\/wp-json\/wp\/v2\/product_cat?post=38015"},{"taxonomy":"product_tag","embeddable":true,"href":"https:\/\/laguiole.com\/de\/wp-json\/wp\/v2\/product_tag?post=38015"}],"curies":[{"name":"wp","href":"https:\/\/api.w.org\/{rel}","templated":true}]}}