{"id":38001,"date":"2024-10-21T12:37:14","date_gmt":"2024-10-21T10:37:14","guid":{"rendered":"https:\/\/laguiole.com\/produit\/laguiole-aubrac-besteckset-in-gemischten-hoernern-24-teile\/"},"modified":"2025-10-22T14:41:21","modified_gmt":"2025-10-22T12:41:21","slug":"laguiole-aubrac-besteckset-in-gemischten-hoernern-24-teile","status":"publish","type":"product","link":"https:\/\/laguiole.com\/de\/produit\/laguiole-aubrac-besteckset-in-gemischten-hoernern-24-teile\/","title":{"rendered":"Laguiole Aubrac Besteckset in gemischten H\u00f6rnern (24 Teile)"},"content":{"rendered":"<p>Das 24-teilige Besteckset aus Mixed Horns von Laguiole in Aubrac verk\u00f6rpert Eleganz und Distinktion. Jedes St\u00fcck dieses prestigetr\u00e4chtigen Sets wird mit Liebe zum Detail und unvergleichlicher Handwerkskunst gefertigt. <\/p>\n<p>Die \u00c4rmel aus gemischtem Horn verleihen jedem Gedeck eine nat\u00fcrliche Sch\u00f6nheit und zeitlose Raffinesse. Jeder Bandansto\u00df hat seine eigenen Schattierungen und subtilen Variationen, die jedem Element des Bestecks einen Hauch von Prestige verleihen. <\/p>\n<p>Jedes St\u00fcck ist sorgf\u00e4ltig gefertigt, um Form und Funktion zu verbinden und das au\u00dfergew\u00f6hnliche handwerkliche Erbe von Laguiole im Aubrac widerzuspiegeln. Der hochwertige Edelstahl, der f\u00fcr die Metallteile verwendet wird, garantiert Langlebigkeit und Best\u00e4ndigkeit gegen jeden Test. <\/p>\n<p>Das Set enth\u00e4lt alles, was Sie f\u00fcr einen raffinierten Tisch ben\u00f6tigen. Jedes St\u00fcck tr\u00e4gt die unverwechselbare Handschrift von Laguiole und zeugt von seiner Authentizit\u00e4t und \u00fcberlegenen Qualit\u00e4t. <\/p>\n<p>Ob f\u00fcr besondere Anl\u00e4sse oder zur Versch\u00f6nerung des Alltags, dieses 24-teilige Besteckset aus gemischtem Horn von Laguiole in Aubrac ist der Inbegriff franz\u00f6sischer Raffinesse und Raffinesse und bietet ein unvergleichliches kulinarisches Erlebnis. Ein Verm\u00e4chtnis von Handwerkskunst und Qualit\u00e4t, das in jede Mahlzeit einflie\u00dft. <\/p>\n<p>Seien Sie vorsichtig, s\u00e4mtliches Besteck muss von Hand gewaschen und sofort abgewischt werden, kein Einweichen in Wasser und Sp\u00fclmaschinenschutz verboten.<\/p>\n","protected":false},"excerpt":{"rendered":"<p>Laguiole Besteckset 24-teilig<br \/>\nGriffe: Gemischte H\u00f6rner (Geweih, Hornspitze, B\u00fcffelkruste, B\u00fcffel, Widder, Knochen)<br \/>\nLaguiole Besteckset 24-teilig, einschlie\u00dflich:<\/p>\n<p>&#8211; 6 Tafelmesser<br \/>\n&#8211; 6 Tafelgabeln<br \/>\n&#8211; 6 Essl\u00f6ffel- 6<\/p>\n<p>Essl\u00f6ffel<br \/>\n Laguiole High-End, handgefertigt in Aubrac<\/p>\n","protected":false},"featured_media":38007,"template":"","meta":{"_acf_changed":false,"_monsterinsights_skip_tracking":false,"_monsterinsights_sitenote_active":false,"_monsterinsights_sitenote_note":"","_monsterinsights_sitenote_category":0},"product_brand":[],"product_cat":[5955,5959],"product_tag":[],"class_list":{"0":"post-38001","1":"product","2":"type-product","3":"status-publish","4":"has-post-thumbnail","6":"product_cat-laguiole-tafelbesteck","7":"product_cat-besteckkasten","8":"pa_finition-brillant","9":"pa_manche-en-matiere-animale-bueffel","10":"pa_manche-en-matiere-animale-bueffelkruste","11":"pa_manche-en-matiere-animale-hirschgeweih","12":"pa_manche-en-matiere-animale-hornspitze","13":"pa_manche-en-matiere-animale-knochen","14":"pa_manche-en-matiere-animale-widderkruste","15":"pa_marque-laguiole-en-aubracfr","16":"pa_mitres-2-gehrungen","17":"pa_mitres-glaenzender-edelstahl","18":"tm-has-options","21":"onbackorder","22":"taxable","23":"shipping-taxable","24":"purchasable","25":"product-type-simple"},"supplier_id":null,"supplier_sku":"","barcode":null,"atum_controlled":true,"out_stock_date":"2025-12-22 04:28:47","out_stock_threshold":null,"inheritable":false,"inbound_stock":0,"stock_on_hold":0,"sold_today":0,"sales_last_days":0,"reserved_stock":0,"customer_returns":0,"warehouse_damage":0,"lost_in_post":0,"other_logs":0,"out_stock_days":126,"lost_sales":0,"has_location":false,"update_date":"2026-04-28T00:38:05","atum_locations":[],"atum_stock_status":"onbackorder","restock_status":false,"low_stock_amount":"","sales_update_date":"2026-04-28T00:38:05","calc_backorders":0,"acf":[],"yoast_head":"<!-- This site is optimized with the Yoast SEO plugin v27.3 - https:\/\/yoast.com\/product\/yoast-seo-wordpress\/ -->\n<title>Laguiole Aubrac Besteckset in gemischten H\u00f6rnern (24 Teile) - Laguiole.com \u00ae<\/title>\n<meta name=\"description\" content=\"Das Horn mit seinen satten Schattierungen und subtilen Variationen verleiht jedem Element des Bestecks einen Hauch von Prestige.\" \/>\n<meta name=\"robots\" content=\"index, follow, max-snippet:-1, max-image-preview:large, max-video-preview:-1\" \/>\n<link rel=\"canonical\" href=\"https:\/\/laguiole.com\/de\/produit\/laguiole-aubrac-besteckset-in-gemischten-hoernern-24-teile\/\" \/>\n<meta property=\"og:locale\" content=\"de_DE\" \/>\n<meta property=\"og:type\" content=\"article\" \/>\n<meta property=\"og:title\" content=\"Laguiole Aubrac Besteckset in gemischten H\u00f6rnern (24 Teile) - Laguiole.com \u00ae\" \/>\n<meta property=\"og:description\" content=\"Das Horn mit seinen satten Schattierungen und subtilen Variationen verleiht jedem Element des Bestecks einen Hauch von Prestige.\" \/>\n<meta property=\"og:url\" content=\"https:\/\/laguiole.com\/de\/produit\/laguiole-aubrac-besteckset-in-gemischten-hoernern-24-teile\/\" \/>\n<meta property=\"og:site_name\" content=\"Laguiole.com \u00ae\" \/>\n<meta property=\"article:publisher\" content=\"https:\/\/www.facebook.com\/laguiolecom\/\" \/>\n<meta property=\"article:modified_time\" content=\"2025-10-22T12:41:21+00:00\" \/>\n<meta property=\"og:image\" content=\"https:\/\/laguiole.com\/wp-content\/uploads\/2024\/10\/menagere_24p_Laguiole_en_Aubrac_Cornes_Mixtes_00.jpg\" \/>\n\t<meta property=\"og:image:width\" content=\"1033\" \/>\n\t<meta property=\"og:image:height\" content=\"1033\" \/>\n\t<meta property=\"og:image:type\" content=\"image\/jpeg\" \/>\n<meta name=\"twitter:card\" content=\"summary_large_image\" \/>\n<meta name=\"twitter:label1\" content=\"Gesch\u00e4tzte Lesezeit\" \/>\n\t<meta name=\"twitter:data1\" content=\"1\u00a0Minute\" \/>\n<script type=\"application\/ld+json\" class=\"yoast-schema-graph\">{\"@context\":\"https:\\\/\\\/schema.org\",\"@graph\":[{\"@type\":\"WebPage\",\"@id\":\"https:\\\/\\\/laguiole.com\\\/de\\\/produit\\\/laguiole-aubrac-besteckset-in-gemischten-hoernern-24-teile\\\/\",\"url\":\"https:\\\/\\\/laguiole.com\\\/de\\\/produit\\\/laguiole-aubrac-besteckset-in-gemischten-hoernern-24-teile\\\/\",\"name\":\"Laguiole Aubrac Besteckset in gemischten H\u00f6rnern (24 Teile) - Laguiole.com \u00ae\",\"isPartOf\":{\"@id\":\"https:\\\/\\\/laguiole.com\\\/de\\\/#website\"},\"primaryImageOfPage\":{\"@id\":\"https:\\\/\\\/laguiole.com\\\/de\\\/produit\\\/laguiole-aubrac-besteckset-in-gemischten-hoernern-24-teile\\\/#primaryimage\"},\"image\":{\"@id\":\"https:\\\/\\\/laguiole.com\\\/de\\\/produit\\\/laguiole-aubrac-besteckset-in-gemischten-hoernern-24-teile\\\/#primaryimage\"},\"thumbnailUrl\":\"https:\\\/\\\/laguiole.com\\\/wp-content\\\/uploads\\\/2024\\\/10\\\/menagere_24p_Laguiole_en_Aubrac_Cornes_Mixtes_00.jpg\",\"datePublished\":\"2024-10-21T10:37:14+00:00\",\"dateModified\":\"2025-10-22T12:41:21+00:00\",\"description\":\"Das Horn mit seinen satten Schattierungen und subtilen Variationen verleiht jedem Element des Bestecks einen Hauch von Prestige.\",\"breadcrumb\":{\"@id\":\"https:\\\/\\\/laguiole.com\\\/de\\\/produit\\\/laguiole-aubrac-besteckset-in-gemischten-hoernern-24-teile\\\/#breadcrumb\"},\"inLanguage\":\"de\",\"potentialAction\":[{\"@type\":\"ReadAction\",\"target\":[\"https:\\\/\\\/laguiole.com\\\/de\\\/produit\\\/laguiole-aubrac-besteckset-in-gemischten-hoernern-24-teile\\\/\"]}]},{\"@type\":\"ImageObject\",\"inLanguage\":\"de\",\"@id\":\"https:\\\/\\\/laguiole.com\\\/de\\\/produit\\\/laguiole-aubrac-besteckset-in-gemischten-hoernern-24-teile\\\/#primaryimage\",\"url\":\"https:\\\/\\\/laguiole.com\\\/wp-content\\\/uploads\\\/2024\\\/10\\\/menagere_24p_Laguiole_en_Aubrac_Cornes_Mixtes_00.jpg\",\"contentUrl\":\"https:\\\/\\\/laguiole.com\\\/wp-content\\\/uploads\\\/2024\\\/10\\\/menagere_24p_Laguiole_en_Aubrac_Cornes_Mixtes_00.jpg\",\"width\":1033,\"height\":1033,\"caption\":\"Laguiole Aubrac Besteckset in gemischten H\u00f6rnern (24 Teile)\"},{\"@type\":\"BreadcrumbList\",\"@id\":\"https:\\\/\\\/laguiole.com\\\/de\\\/produit\\\/laguiole-aubrac-besteckset-in-gemischten-hoernern-24-teile\\\/#breadcrumb\",\"itemListElement\":[{\"@type\":\"ListItem\",\"position\":1,\"name\":\"Accueil\",\"item\":\"https:\\\/\\\/laguiole.com\\\/de\\\/\"},{\"@type\":\"ListItem\",\"position\":2,\"name\":\"Shop\",\"item\":\"https:\\\/\\\/laguiole.com\\\/de\\\/shop-2\\\/\"},{\"@type\":\"ListItem\",\"position\":3,\"name\":\"Laguiole Aubrac Besteckset in gemischten H\u00f6rnern (24 Teile)\"}]},{\"@type\":\"WebSite\",\"@id\":\"https:\\\/\\\/laguiole.com\\\/de\\\/#website\",\"url\":\"https:\\\/\\\/laguiole.com\\\/de\\\/\",\"name\":\"Laguiole.com\",\"description\":\"Laguiole - Couteau laguiole, Chateau Laguiole, Laguiole en Aubrac, Forge de Laguiole\",\"publisher\":{\"@id\":\"https:\\\/\\\/laguiole.com\\\/de\\\/#organization\"},\"potentialAction\":[{\"@type\":\"SearchAction\",\"target\":{\"@type\":\"EntryPoint\",\"urlTemplate\":\"https:\\\/\\\/laguiole.com\\\/de\\\/?s={search_term_string}\"},\"query-input\":{\"@type\":\"PropertyValueSpecification\",\"valueRequired\":true,\"valueName\":\"search_term_string\"}}],\"inLanguage\":\"de\"},{\"@type\":\"Organization\",\"@id\":\"https:\\\/\\\/laguiole.com\\\/de\\\/#organization\",\"name\":\"Laguiole.com\",\"url\":\"https:\\\/\\\/laguiole.com\\\/de\\\/\",\"logo\":{\"@type\":\"ImageObject\",\"inLanguage\":\"de\",\"@id\":\"https:\\\/\\\/laguiole.com\\\/de\\\/#\\\/schema\\\/logo\\\/image\\\/\",\"url\":\"https:\\\/\\\/laguiole.com\\\/wp-content\\\/uploads\\\/2021\\\/02\\\/logo_laguiole.com-horizontal.jpg\",\"contentUrl\":\"https:\\\/\\\/laguiole.com\\\/wp-content\\\/uploads\\\/2021\\\/02\\\/logo_laguiole.com-horizontal.jpg\",\"width\":490,\"height\":156,\"caption\":\"Laguiole.com\"},\"image\":{\"@id\":\"https:\\\/\\\/laguiole.com\\\/de\\\/#\\\/schema\\\/logo\\\/image\\\/\"},\"sameAs\":[\"https:\\\/\\\/www.facebook.com\\\/laguiolecom\\\/\",\"https:\\\/\\\/www.instagram.com\\\/laguiolecom\\\/\",\"https:\\\/\\\/www.youtube.com\\\/@laguiolecom\\\/videos\"]}]}<\/script>\n<!-- \/ Yoast SEO plugin. -->","yoast_head_json":{"title":"Laguiole Aubrac Besteckset in gemischten H\u00f6rnern (24 Teile) - Laguiole.com \u00ae","description":"Das Horn mit seinen satten Schattierungen und subtilen Variationen verleiht jedem Element des Bestecks einen Hauch von Prestige.","robots":{"index":"index","follow":"follow","max-snippet":"max-snippet:-1","max-image-preview":"max-image-preview:large","max-video-preview":"max-video-preview:-1"},"canonical":"https:\/\/laguiole.com\/de\/produit\/laguiole-aubrac-besteckset-in-gemischten-hoernern-24-teile\/","og_locale":"de_DE","og_type":"article","og_title":"Laguiole Aubrac Besteckset in gemischten H\u00f6rnern (24 Teile) - Laguiole.com \u00ae","og_description":"Das Horn mit seinen satten Schattierungen und subtilen Variationen verleiht jedem Element des Bestecks einen Hauch von Prestige.","og_url":"https:\/\/laguiole.com\/de\/produit\/laguiole-aubrac-besteckset-in-gemischten-hoernern-24-teile\/","og_site_name":"Laguiole.com \u00ae","article_publisher":"https:\/\/www.facebook.com\/laguiolecom\/","article_modified_time":"2025-10-22T12:41:21+00:00","og_image":[{"width":1033,"height":1033,"url":"https:\/\/laguiole.com\/wp-content\/uploads\/2024\/10\/menagere_24p_Laguiole_en_Aubrac_Cornes_Mixtes_00.jpg","type":"image\/jpeg"}],"twitter_card":"summary_large_image","twitter_misc":{"Gesch\u00e4tzte Lesezeit":"1\u00a0Minute"},"schema":{"@context":"https:\/\/schema.org","@graph":[{"@type":"WebPage","@id":"https:\/\/laguiole.com\/de\/produit\/laguiole-aubrac-besteckset-in-gemischten-hoernern-24-teile\/","url":"https:\/\/laguiole.com\/de\/produit\/laguiole-aubrac-besteckset-in-gemischten-hoernern-24-teile\/","name":"Laguiole Aubrac Besteckset in gemischten H\u00f6rnern (24 Teile) - Laguiole.com \u00ae","isPartOf":{"@id":"https:\/\/laguiole.com\/de\/#website"},"primaryImageOfPage":{"@id":"https:\/\/laguiole.com\/de\/produit\/laguiole-aubrac-besteckset-in-gemischten-hoernern-24-teile\/#primaryimage"},"image":{"@id":"https:\/\/laguiole.com\/de\/produit\/laguiole-aubrac-besteckset-in-gemischten-hoernern-24-teile\/#primaryimage"},"thumbnailUrl":"https:\/\/laguiole.com\/wp-content\/uploads\/2024\/10\/menagere_24p_Laguiole_en_Aubrac_Cornes_Mixtes_00.jpg","datePublished":"2024-10-21T10:37:14+00:00","dateModified":"2025-10-22T12:41:21+00:00","description":"Das Horn mit seinen satten Schattierungen und subtilen Variationen verleiht jedem Element des Bestecks einen Hauch von Prestige.","breadcrumb":{"@id":"https:\/\/laguiole.com\/de\/produit\/laguiole-aubrac-besteckset-in-gemischten-hoernern-24-teile\/#breadcrumb"},"inLanguage":"de","potentialAction":[{"@type":"ReadAction","target":["https:\/\/laguiole.com\/de\/produit\/laguiole-aubrac-besteckset-in-gemischten-hoernern-24-teile\/"]}]},{"@type":"ImageObject","inLanguage":"de","@id":"https:\/\/laguiole.com\/de\/produit\/laguiole-aubrac-besteckset-in-gemischten-hoernern-24-teile\/#primaryimage","url":"https:\/\/laguiole.com\/wp-content\/uploads\/2024\/10\/menagere_24p_Laguiole_en_Aubrac_Cornes_Mixtes_00.jpg","contentUrl":"https:\/\/laguiole.com\/wp-content\/uploads\/2024\/10\/menagere_24p_Laguiole_en_Aubrac_Cornes_Mixtes_00.jpg","width":1033,"height":1033,"caption":"Laguiole Aubrac Besteckset in gemischten H\u00f6rnern (24 Teile)"},{"@type":"BreadcrumbList","@id":"https:\/\/laguiole.com\/de\/produit\/laguiole-aubrac-besteckset-in-gemischten-hoernern-24-teile\/#breadcrumb","itemListElement":[{"@type":"ListItem","position":1,"name":"Accueil","item":"https:\/\/laguiole.com\/de\/"},{"@type":"ListItem","position":2,"name":"Shop","item":"https:\/\/laguiole.com\/de\/shop-2\/"},{"@type":"ListItem","position":3,"name":"Laguiole Aubrac Besteckset in gemischten H\u00f6rnern (24 Teile)"}]},{"@type":"WebSite","@id":"https:\/\/laguiole.com\/de\/#website","url":"https:\/\/laguiole.com\/de\/","name":"Laguiole.com","description":"Laguiole - Couteau laguiole, Chateau Laguiole, Laguiole en Aubrac, Forge de Laguiole","publisher":{"@id":"https:\/\/laguiole.com\/de\/#organization"},"potentialAction":[{"@type":"SearchAction","target":{"@type":"EntryPoint","urlTemplate":"https:\/\/laguiole.com\/de\/?s={search_term_string}"},"query-input":{"@type":"PropertyValueSpecification","valueRequired":true,"valueName":"search_term_string"}}],"inLanguage":"de"},{"@type":"Organization","@id":"https:\/\/laguiole.com\/de\/#organization","name":"Laguiole.com","url":"https:\/\/laguiole.com\/de\/","logo":{"@type":"ImageObject","inLanguage":"de","@id":"https:\/\/laguiole.com\/de\/#\/schema\/logo\/image\/","url":"https:\/\/laguiole.com\/wp-content\/uploads\/2021\/02\/logo_laguiole.com-horizontal.jpg","contentUrl":"https:\/\/laguiole.com\/wp-content\/uploads\/2021\/02\/logo_laguiole.com-horizontal.jpg","width":490,"height":156,"caption":"Laguiole.com"},"image":{"@id":"https:\/\/laguiole.com\/de\/#\/schema\/logo\/image\/"},"sameAs":["https:\/\/www.facebook.com\/laguiolecom\/","https:\/\/www.instagram.com\/laguiolecom\/","https:\/\/www.youtube.com\/@laguiolecom\/videos"]}]}},"_links":{"self":[{"href":"https:\/\/laguiole.com\/de\/wp-json\/wp\/v2\/product\/38001","targetHints":{"allow":["GET"]}}],"collection":[{"href":"https:\/\/laguiole.com\/de\/wp-json\/wp\/v2\/product"}],"about":[{"href":"https:\/\/laguiole.com\/de\/wp-json\/wp\/v2\/types\/product"}],"version-history":[{"count":1,"href":"https:\/\/laguiole.com\/de\/wp-json\/wp\/v2\/product\/38001\/revisions"}],"predecessor-version":[{"id":43795,"href":"https:\/\/laguiole.com\/de\/wp-json\/wp\/v2\/product\/38001\/revisions\/43795"}],"wp:featuredmedia":[{"embeddable":true,"href":"https:\/\/laguiole.com\/de\/wp-json\/wp\/v2\/media\/38007"}],"wp:attachment":[{"href":"https:\/\/laguiole.com\/de\/wp-json\/wp\/v2\/media?parent=38001"}],"wp:term":[{"taxonomy":"product_brand","embeddable":true,"href":"https:\/\/laguiole.com\/de\/wp-json\/wp\/v2\/product_brand?post=38001"},{"taxonomy":"product_cat","embeddable":true,"href":"https:\/\/laguiole.com\/de\/wp-json\/wp\/v2\/product_cat?post=38001"},{"taxonomy":"product_tag","embeddable":true,"href":"https:\/\/laguiole.com\/de\/wp-json\/wp\/v2\/product_tag?post=38001"}],"curies":[{"name":"wp","href":"https:\/\/api.w.org\/{rel}","templated":true}]}}