{"id":37989,"date":"2024-10-20T15:24:46","date_gmt":"2024-10-20T13:24:46","guid":{"rendered":"https:\/\/laguiole.com\/produit\/laguiole-messer-in-aubrac-1-stueck-12cm-vollstiel-bueffelfeder-doppelspiralplatten-fein-guillochiert-von-hand-glaenzendes-finish-n3\/"},"modified":"2024-10-20T15:24:46","modified_gmt":"2024-10-20T13:24:46","slug":"laguiole-messer-in-aubrac-1-stueck-12cm-vollstiel-bueffelfeder-doppelspiralplatten-fein-guillochiert-von-hand-glaenzendes-finish-n3","status":"publish","type":"product","link":"https:\/\/laguiole.com\/de\/produit\/laguiole-messer-in-aubrac-1-stueck-12cm-vollstiel-bueffelfeder-doppelspiralplatten-fein-guillochiert-von-hand-glaenzendes-finish-n3\/","title":{"rendered":"Laguiole Messer in Aubrac 1 St\u00fcck 12cm Vollstiel B\u00fcffelfeder Doppelspiralplatten fein guillochiert von Hand gl\u00e4nzendes Finish N\u00b03"},"content":{"rendered":"<p>Das von uns angebotene Klappmesser Laguiole wird von der renommierten handwerklichen Fabrik Laguiole in Aubrac hergestellt. Alle Komponenten, Klingen, Federn und N\u00e4gel, werden in der Laguiole-Werkstatt in Aubrac sorgf\u00e4ltig geschmiedet. <\/p>\n<p>Das Laguiole Klappmesser mit Vollgriff aus Wasserb\u00fcffel (Bubalus Bubalis) verk\u00f6rpert harmonisch die Allianz zwischen Handwerkskunst und Natur. Seine pr\u00e4zise Stahlklinge sorgt jedes Mal f\u00fcr einen sauberen und pr\u00e4zisen Schnitt. Der Griff aus Wasserb\u00fcffel verleiht rustikale Eleganz und einzigartige Textur und erinnert an die weite Wildnis, in der dieses Material geerntet wird. Das Wasserb\u00fcffelhorn, bekannt f\u00fcr seine Robustheit und Widerstandsf\u00e4higkeit, h\u00e4lt den anspruchsvollsten Dr\u00fccken und St\u00f6\u00dfen problemlos stand. Jede Maserung und jeder Farbton erz\u00e4hlt die Geschichte dieses nat\u00fcrlichen Materials und verleiht Ihrem Messer eine authentische und einzigartige Pers\u00f6nlichkeit.    <\/p>\n<p>Die Ergonomie, die sorgf\u00e4ltig untersucht wurde, garantiert einen bequemen Griff, w\u00e4hrend der Klappmechanismus eine reibungslose und sichere Verwendung gew\u00e4hrleistet. Die Integration der handguillochierten Doppelplatten und der geschmiedeten Spiralfeder f\u00fcgt <\/p>\n<p>Ein Hauch von unvergleichlicher Eleganz, der mechanische Pr\u00e4zision mit Goldschmiedekunst verbindet. Das Laguiole Klappmesser aus Wasserb\u00fcffel wird so zu viel mehr als nur einem Messer, es verwandelt sich in ein au\u00dfergew\u00f6hnliches St\u00fcck, eine Ode an die Natur und au\u00dfergew\u00f6hnliche Handwerkskunst. <\/p>\n<p>Bubalus bubalis ist eine S\u00e4ugetierart aus der Familie der Bovidae. Er wird h\u00e4ufig domestiziert und f\u00fcr verschiedene landwirtschaftliche Zwecke gez\u00fcchtet, wie z. B. f\u00fcr die Tierhaltung, Milch- und Fleischproduktion, und ist in Asien beheimatet. Angepasst an feuchte Gebiete, wird er gerne zum Pfl\u00fcgen von Reisfeldern eingesetzt. Sein dunkles Fell, die gebogenen H\u00f6rner und die gro\u00dfe k\u00f6rperliche Widerstandsf\u00e4higkeit machen ihn in vielen Teilen der Welt, insbesondere in S\u00fcdasien, zu einem wertvollen Tier.   <\/p>\n<p>Wir m\u00f6chten betonen, dass unsere Produkte Materialien nat\u00fcrlichen Ursprungs verwenden, die von Messer zu Messer unterschiedlich aussehen k\u00f6nnen. Jedes Horn hat eine einzigartige Textur mit Variationen in Adern und Farbt\u00f6nen. Das ist es, was jedes fertige Produkt zu einem Unikat macht. Bitte beachten Sie, dass es sich bei unseren Fotos um Richtwerte handelt, die nicht vertraglich bindend sind.   <\/p>\n<figure id=\"attachment_37969\" aria-describedby=\"caption-attachment-37969\" style=\"width: 437px\" class=\"wp-caption alignnone\"><a href=\"https:\/\/laguiole.com\/wp-content\/uploads\/2023\/08\/buffle-d-asie-e1697795697513.jpg\"><img fetchpriority=\"high\" decoding=\"async\" class=\"size-full wp-image-16108\" src=\"https:\/\/laguiole.com\/wp-content\/uploads\/2023\/08\/buffle-d-asie-e1697795697513.jpg\" alt=\"\" width=\"437\" height=\"229\"><\/a><figcaption id=\"caption-attachment-37969\" class=\"wp-caption-text\">Wasserb\u00fcffel Foto<\/figcaption><\/figure>\n","protected":false},"excerpt":{"rendered":"<p>Laguiole Klappmesser aus Aubrac N\u00b03<br \/>\nKlinge aus gl\u00e4nzendem Edelstahl 12C27 mit Grifflasche<\/p>\n<p>aus B\u00fcffel, durchgehender Fliegengriff<br \/>\n, von Hand<br \/>\ngeschmiedet und gemei\u00dfelt, Spirale, Feder, geschmiedeter und guillochierter, polierter Edelstahl<br \/>\n, Hand mit doppelter Guillochierung, Hand aus gl\u00e4nzendem Edelstahl, Hirtenkreuz<br \/>\nauf der linken Seite des Messers.<br \/>\nL\u00e4nge des geschlossenen Messers: 12 cm<br \/>\nL\u00e4nge der Klinge: 10 cm<br \/>\nL\u00e4nge des offenen Messers: 22 cm<br \/>\n<iframe style=\"max-width: 100%; max-height: 100vw;\" src=\"https:\/\/spinzam.com\/shot\/embed\/?idx=225964\" width=\"420\" height=\"420\" frameborder=\"0\" scrolling=\"no\"><\/iframe><\/p>\n","protected":false},"featured_media":37996,"template":"","meta":{"_acf_changed":false,"_monsterinsights_skip_tracking":false,"_monsterinsights_sitenote_active":false,"_monsterinsights_sitenote_note":"","_monsterinsights_sitenote_category":0},"product_brand":[],"product_cat":[5938,5939,5944],"product_tag":[],"class_list":{"0":"post-37989","1":"product","2":"type-product","3":"status-publish","4":"has-post-thumbnail","6":"product_cat-klappmesser","7":"product_cat-laguiole-klappmesser","8":"product_cat-laguiole-spezialmesser","9":"pa_composition-couteau-1-stueck-nur-klinge","10":"pa_finition-brillant","11":"pa_lame-glaenzender-edelstahl","12":"pa_manche-en-matiere-animale-bueffel","13":"pa_marque-laguiole-en-aubracfr","14":"pa_mitres-ohne-gehrung-vollstaendige-huelse","15":"pa_mouche-geschmiedet","16":"pa_platines-doppel-drehteller","17":"pa_platines-guilloche-muster","18":"pa_ressort-spiral","19":"pa_taille-du-manche-12-cm","20":"tm-has-options","23":"instock","24":"taxable","25":"shipping-taxable","26":"purchasable","27":"product-type-simple"},"supplier_id":null,"supplier_sku":"","barcode":null,"atum_controlled":true,"out_stock_date":null,"out_stock_threshold":null,"inheritable":false,"inbound_stock":0,"stock_on_hold":0,"sold_today":0,"sales_last_days":0,"reserved_stock":0,"customer_returns":0,"warehouse_damage":0,"lost_in_post":0,"other_logs":0,"out_stock_days":0,"lost_sales":0,"has_location":false,"update_date":"2026-04-28T00:38:08","atum_locations":[],"atum_stock_status":"instock","restock_status":false,"low_stock_amount":"","sales_update_date":"2026-04-28T00:38:08","calc_backorders":0,"acf":[],"yoast_head":"<!-- This site is optimized with the Yoast SEO plugin v27.3 - https:\/\/yoast.com\/product\/yoast-seo-wordpress\/ -->\n<title>Laguiole Messer in Aubrac 1 St\u00fcck 12cm Vollstiel B\u00fcffelfeder Doppelspiralplatten fein guillochiert von Hand gl\u00e4nzendes Finish N\u00b03 - Laguiole.com \u00ae<\/title>\n<meta name=\"description\" content=\"Das Laguiole Klappmesser mit Vollgriff aus Wasserb\u00fcffel (Bubalus Bubalis) verk\u00f6rpert harmonisch die Allianz zwischen Handwerkskunst und Natur. Seine pr\u00e4zise Stahlklinge sorgt jedes Mal f\u00fcr einen sauberen und pr\u00e4zisen Schnitt. Der Griff aus Wasserb\u00fcffel verleiht rustikale Eleganz und einzigartige Textur und erinnert an die weite Wildnis, in der dieses Material geerntet wird. Das Wasserb\u00fcffelhorn, bekannt f\u00fcr seine Robustheit und Widerstandsf\u00e4higkeit, h\u00e4lt den anspruchsvollsten Dr\u00fccken und St\u00f6\u00dfen problemlos stand. Jede Maserung und jeder Farbton erz\u00e4hlt die Geschichte dieses nat\u00fcrlichen Materials und verleiht Ihrem Messer eine authentische und einzigartige Pers\u00f6nlichkeit.\" \/>\n<meta name=\"robots\" content=\"index, follow, max-snippet:-1, max-image-preview:large, max-video-preview:-1\" \/>\n<link rel=\"canonical\" href=\"https:\/\/laguiole.com\/de\/produit\/laguiole-messer-in-aubrac-1-stueck-12cm-vollstiel-bueffelfeder-doppelspiralplatten-fein-guillochiert-von-hand-glaenzendes-finish-n3\/\" \/>\n<meta property=\"og:locale\" content=\"de_DE\" \/>\n<meta property=\"og:type\" content=\"article\" \/>\n<meta property=\"og:title\" content=\"Laguiole Messer in Aubrac 1 St\u00fcck 12cm Vollstiel B\u00fcffelfeder Doppelspiralplatten fein guillochiert von Hand gl\u00e4nzendes Finish N\u00b03 - Laguiole.com \u00ae\" \/>\n<meta property=\"og:description\" content=\"Das Laguiole Klappmesser mit Vollgriff aus Wasserb\u00fcffel (Bubalus Bubalis) verk\u00f6rpert harmonisch die Allianz zwischen Handwerkskunst und Natur. Seine pr\u00e4zise Stahlklinge sorgt jedes Mal f\u00fcr einen sauberen und pr\u00e4zisen Schnitt. Der Griff aus Wasserb\u00fcffel verleiht rustikale Eleganz und einzigartige Textur und erinnert an die weite Wildnis, in der dieses Material geerntet wird. Das Wasserb\u00fcffelhorn, bekannt f\u00fcr seine Robustheit und Widerstandsf\u00e4higkeit, h\u00e4lt den anspruchsvollsten Dr\u00fccken und St\u00f6\u00dfen problemlos stand. Jede Maserung und jeder Farbton erz\u00e4hlt die Geschichte dieses nat\u00fcrlichen Materials und verleiht Ihrem Messer eine authentische und einzigartige Pers\u00f6nlichkeit.\" \/>\n<meta property=\"og:url\" content=\"https:\/\/laguiole.com\/de\/produit\/laguiole-messer-in-aubrac-1-stueck-12cm-vollstiel-bueffelfeder-doppelspiralplatten-fein-guillochiert-von-hand-glaenzendes-finish-n3\/\" \/>\n<meta property=\"og:site_name\" content=\"Laguiole.com \u00ae\" \/>\n<meta property=\"article:publisher\" content=\"https:\/\/www.facebook.com\/laguiolecom\/\" \/>\n<meta property=\"og:image\" content=\"https:\/\/laguiole.com\/wp-content\/uploads\/2024\/10\/Couteau_Laguiole_en_Aubrac_1_piece_12cm_Plein_Manche_Buffle_Ressort_Spirale_Double_Platines_Finement_Guillochees_a_la_main_Finition_Brillante_Num3_00.jpg\" \/>\n\t<meta property=\"og:image:width\" content=\"1033\" \/>\n\t<meta property=\"og:image:height\" content=\"1033\" \/>\n\t<meta property=\"og:image:type\" content=\"image\/jpeg\" \/>\n<meta name=\"twitter:card\" content=\"summary_large_image\" \/>\n<meta name=\"twitter:label1\" content=\"Gesch\u00e4tzte Lesezeit\" \/>\n\t<meta name=\"twitter:data1\" content=\"2\u00a0Minute\" \/>\n<script type=\"application\/ld+json\" class=\"yoast-schema-graph\">{\"@context\":\"https:\\\/\\\/schema.org\",\"@graph\":[{\"@type\":\"WebPage\",\"@id\":\"https:\\\/\\\/laguiole.com\\\/de\\\/produit\\\/laguiole-messer-in-aubrac-1-stueck-12cm-vollstiel-bueffelfeder-doppelspiralplatten-fein-guillochiert-von-hand-glaenzendes-finish-n3\\\/\",\"url\":\"https:\\\/\\\/laguiole.com\\\/de\\\/produit\\\/laguiole-messer-in-aubrac-1-stueck-12cm-vollstiel-bueffelfeder-doppelspiralplatten-fein-guillochiert-von-hand-glaenzendes-finish-n3\\\/\",\"name\":\"Laguiole Messer in Aubrac 1 St\u00fcck 12cm Vollstiel B\u00fcffelfeder Doppelspiralplatten fein guillochiert von Hand gl\u00e4nzendes Finish N\u00b03 - Laguiole.com \u00ae\",\"isPartOf\":{\"@id\":\"https:\\\/\\\/laguiole.com\\\/de\\\/#website\"},\"primaryImageOfPage\":{\"@id\":\"https:\\\/\\\/laguiole.com\\\/de\\\/produit\\\/laguiole-messer-in-aubrac-1-stueck-12cm-vollstiel-bueffelfeder-doppelspiralplatten-fein-guillochiert-von-hand-glaenzendes-finish-n3\\\/#primaryimage\"},\"image\":{\"@id\":\"https:\\\/\\\/laguiole.com\\\/de\\\/produit\\\/laguiole-messer-in-aubrac-1-stueck-12cm-vollstiel-bueffelfeder-doppelspiralplatten-fein-guillochiert-von-hand-glaenzendes-finish-n3\\\/#primaryimage\"},\"thumbnailUrl\":\"https:\\\/\\\/laguiole.com\\\/wp-content\\\/uploads\\\/2024\\\/10\\\/Couteau_Laguiole_en_Aubrac_1_piece_12cm_Plein_Manche_Buffle_Ressort_Spirale_Double_Platines_Finement_Guillochees_a_la_main_Finition_Brillante_Num3_00.jpg\",\"datePublished\":\"2024-10-20T13:24:46+00:00\",\"description\":\"Das Laguiole Klappmesser mit Vollgriff aus Wasserb\u00fcffel (Bubalus Bubalis) verk\u00f6rpert harmonisch die Allianz zwischen Handwerkskunst und Natur. Seine pr\u00e4zise Stahlklinge sorgt jedes Mal f\u00fcr einen sauberen und pr\u00e4zisen Schnitt. Der Griff aus Wasserb\u00fcffel verleiht rustikale Eleganz und einzigartige Textur und erinnert an die weite Wildnis, in der dieses Material geerntet wird. Das Wasserb\u00fcffelhorn, bekannt f\u00fcr seine Robustheit und Widerstandsf\u00e4higkeit, h\u00e4lt den anspruchsvollsten Dr\u00fccken und St\u00f6\u00dfen problemlos stand. Jede Maserung und jeder Farbton erz\u00e4hlt die Geschichte dieses nat\u00fcrlichen Materials und verleiht Ihrem Messer eine authentische und einzigartige Pers\u00f6nlichkeit.\",\"breadcrumb\":{\"@id\":\"https:\\\/\\\/laguiole.com\\\/de\\\/produit\\\/laguiole-messer-in-aubrac-1-stueck-12cm-vollstiel-bueffelfeder-doppelspiralplatten-fein-guillochiert-von-hand-glaenzendes-finish-n3\\\/#breadcrumb\"},\"inLanguage\":\"de\",\"potentialAction\":[{\"@type\":\"ReadAction\",\"target\":[\"https:\\\/\\\/laguiole.com\\\/de\\\/produit\\\/laguiole-messer-in-aubrac-1-stueck-12cm-vollstiel-bueffelfeder-doppelspiralplatten-fein-guillochiert-von-hand-glaenzendes-finish-n3\\\/\"]}]},{\"@type\":\"ImageObject\",\"inLanguage\":\"de\",\"@id\":\"https:\\\/\\\/laguiole.com\\\/de\\\/produit\\\/laguiole-messer-in-aubrac-1-stueck-12cm-vollstiel-bueffelfeder-doppelspiralplatten-fein-guillochiert-von-hand-glaenzendes-finish-n3\\\/#primaryimage\",\"url\":\"https:\\\/\\\/laguiole.com\\\/wp-content\\\/uploads\\\/2024\\\/10\\\/Couteau_Laguiole_en_Aubrac_1_piece_12cm_Plein_Manche_Buffle_Ressort_Spirale_Double_Platines_Finement_Guillochees_a_la_main_Finition_Brillante_Num3_00.jpg\",\"contentUrl\":\"https:\\\/\\\/laguiole.com\\\/wp-content\\\/uploads\\\/2024\\\/10\\\/Couteau_Laguiole_en_Aubrac_1_piece_12cm_Plein_Manche_Buffle_Ressort_Spirale_Double_Platines_Finement_Guillochees_a_la_main_Finition_Brillante_Num3_00.jpg\",\"width\":1033,\"height\":1033,\"caption\":\"Laguiole Messer in Aubrac 1 St\u00fcck 12cm Vollstiel B\u00fcffelfeder Doppelspiralplatten fein guillochiert von Hand gl\u00e4nzendes Finish N\u00b03\"},{\"@type\":\"BreadcrumbList\",\"@id\":\"https:\\\/\\\/laguiole.com\\\/de\\\/produit\\\/laguiole-messer-in-aubrac-1-stueck-12cm-vollstiel-bueffelfeder-doppelspiralplatten-fein-guillochiert-von-hand-glaenzendes-finish-n3\\\/#breadcrumb\",\"itemListElement\":[{\"@type\":\"ListItem\",\"position\":1,\"name\":\"Accueil\",\"item\":\"https:\\\/\\\/laguiole.com\\\/de\\\/\"},{\"@type\":\"ListItem\",\"position\":2,\"name\":\"Shop\",\"item\":\"https:\\\/\\\/laguiole.com\\\/de\\\/shop-2\\\/\"},{\"@type\":\"ListItem\",\"position\":3,\"name\":\"Laguiole Messer in Aubrac 1 St\u00fcck 12cm Vollstiel B\u00fcffelfeder Doppelspiralplatten fein guillochiert von Hand gl\u00e4nzendes Finish N\u00b03\"}]},{\"@type\":\"WebSite\",\"@id\":\"https:\\\/\\\/laguiole.com\\\/de\\\/#website\",\"url\":\"https:\\\/\\\/laguiole.com\\\/de\\\/\",\"name\":\"Laguiole.com\",\"description\":\"Laguiole - Couteau laguiole, Chateau Laguiole, Laguiole en Aubrac, Forge de Laguiole\",\"publisher\":{\"@id\":\"https:\\\/\\\/laguiole.com\\\/de\\\/#organization\"},\"potentialAction\":[{\"@type\":\"SearchAction\",\"target\":{\"@type\":\"EntryPoint\",\"urlTemplate\":\"https:\\\/\\\/laguiole.com\\\/de\\\/?s={search_term_string}\"},\"query-input\":{\"@type\":\"PropertyValueSpecification\",\"valueRequired\":true,\"valueName\":\"search_term_string\"}}],\"inLanguage\":\"de\"},{\"@type\":\"Organization\",\"@id\":\"https:\\\/\\\/laguiole.com\\\/de\\\/#organization\",\"name\":\"Laguiole.com\",\"url\":\"https:\\\/\\\/laguiole.com\\\/de\\\/\",\"logo\":{\"@type\":\"ImageObject\",\"inLanguage\":\"de\",\"@id\":\"https:\\\/\\\/laguiole.com\\\/de\\\/#\\\/schema\\\/logo\\\/image\\\/\",\"url\":\"https:\\\/\\\/laguiole.com\\\/wp-content\\\/uploads\\\/2021\\\/02\\\/logo_laguiole.com-horizontal.jpg\",\"contentUrl\":\"https:\\\/\\\/laguiole.com\\\/wp-content\\\/uploads\\\/2021\\\/02\\\/logo_laguiole.com-horizontal.jpg\",\"width\":490,\"height\":156,\"caption\":\"Laguiole.com\"},\"image\":{\"@id\":\"https:\\\/\\\/laguiole.com\\\/de\\\/#\\\/schema\\\/logo\\\/image\\\/\"},\"sameAs\":[\"https:\\\/\\\/www.facebook.com\\\/laguiolecom\\\/\",\"https:\\\/\\\/www.instagram.com\\\/laguiolecom\\\/\",\"https:\\\/\\\/www.youtube.com\\\/@laguiolecom\\\/videos\"]}]}<\/script>\n<!-- \/ Yoast SEO plugin. -->","yoast_head_json":{"title":"Laguiole Messer in Aubrac 1 St\u00fcck 12cm Vollstiel B\u00fcffelfeder Doppelspiralplatten fein guillochiert von Hand gl\u00e4nzendes Finish N\u00b03 - Laguiole.com \u00ae","description":"Das Laguiole Klappmesser mit Vollgriff aus Wasserb\u00fcffel (Bubalus Bubalis) verk\u00f6rpert harmonisch die Allianz zwischen Handwerkskunst und Natur. Seine pr\u00e4zise Stahlklinge sorgt jedes Mal f\u00fcr einen sauberen und pr\u00e4zisen Schnitt. Der Griff aus Wasserb\u00fcffel verleiht rustikale Eleganz und einzigartige Textur und erinnert an die weite Wildnis, in der dieses Material geerntet wird. Das Wasserb\u00fcffelhorn, bekannt f\u00fcr seine Robustheit und Widerstandsf\u00e4higkeit, h\u00e4lt den anspruchsvollsten Dr\u00fccken und St\u00f6\u00dfen problemlos stand. Jede Maserung und jeder Farbton erz\u00e4hlt die Geschichte dieses nat\u00fcrlichen Materials und verleiht Ihrem Messer eine authentische und einzigartige Pers\u00f6nlichkeit.","robots":{"index":"index","follow":"follow","max-snippet":"max-snippet:-1","max-image-preview":"max-image-preview:large","max-video-preview":"max-video-preview:-1"},"canonical":"https:\/\/laguiole.com\/de\/produit\/laguiole-messer-in-aubrac-1-stueck-12cm-vollstiel-bueffelfeder-doppelspiralplatten-fein-guillochiert-von-hand-glaenzendes-finish-n3\/","og_locale":"de_DE","og_type":"article","og_title":"Laguiole Messer in Aubrac 1 St\u00fcck 12cm Vollstiel B\u00fcffelfeder Doppelspiralplatten fein guillochiert von Hand gl\u00e4nzendes Finish N\u00b03 - Laguiole.com \u00ae","og_description":"Das Laguiole Klappmesser mit Vollgriff aus Wasserb\u00fcffel (Bubalus Bubalis) verk\u00f6rpert harmonisch die Allianz zwischen Handwerkskunst und Natur. Seine pr\u00e4zise Stahlklinge sorgt jedes Mal f\u00fcr einen sauberen und pr\u00e4zisen Schnitt. Der Griff aus Wasserb\u00fcffel verleiht rustikale Eleganz und einzigartige Textur und erinnert an die weite Wildnis, in der dieses Material geerntet wird. Das Wasserb\u00fcffelhorn, bekannt f\u00fcr seine Robustheit und Widerstandsf\u00e4higkeit, h\u00e4lt den anspruchsvollsten Dr\u00fccken und St\u00f6\u00dfen problemlos stand. Jede Maserung und jeder Farbton erz\u00e4hlt die Geschichte dieses nat\u00fcrlichen Materials und verleiht Ihrem Messer eine authentische und einzigartige Pers\u00f6nlichkeit.","og_url":"https:\/\/laguiole.com\/de\/produit\/laguiole-messer-in-aubrac-1-stueck-12cm-vollstiel-bueffelfeder-doppelspiralplatten-fein-guillochiert-von-hand-glaenzendes-finish-n3\/","og_site_name":"Laguiole.com \u00ae","article_publisher":"https:\/\/www.facebook.com\/laguiolecom\/","og_image":[{"width":1033,"height":1033,"url":"https:\/\/laguiole.com\/wp-content\/uploads\/2024\/10\/Couteau_Laguiole_en_Aubrac_1_piece_12cm_Plein_Manche_Buffle_Ressort_Spirale_Double_Platines_Finement_Guillochees_a_la_main_Finition_Brillante_Num3_00.jpg","type":"image\/jpeg"}],"twitter_card":"summary_large_image","twitter_misc":{"Gesch\u00e4tzte Lesezeit":"2\u00a0Minute"},"schema":{"@context":"https:\/\/schema.org","@graph":[{"@type":"WebPage","@id":"https:\/\/laguiole.com\/de\/produit\/laguiole-messer-in-aubrac-1-stueck-12cm-vollstiel-bueffelfeder-doppelspiralplatten-fein-guillochiert-von-hand-glaenzendes-finish-n3\/","url":"https:\/\/laguiole.com\/de\/produit\/laguiole-messer-in-aubrac-1-stueck-12cm-vollstiel-bueffelfeder-doppelspiralplatten-fein-guillochiert-von-hand-glaenzendes-finish-n3\/","name":"Laguiole Messer in Aubrac 1 St\u00fcck 12cm Vollstiel B\u00fcffelfeder Doppelspiralplatten fein guillochiert von Hand gl\u00e4nzendes Finish N\u00b03 - Laguiole.com \u00ae","isPartOf":{"@id":"https:\/\/laguiole.com\/de\/#website"},"primaryImageOfPage":{"@id":"https:\/\/laguiole.com\/de\/produit\/laguiole-messer-in-aubrac-1-stueck-12cm-vollstiel-bueffelfeder-doppelspiralplatten-fein-guillochiert-von-hand-glaenzendes-finish-n3\/#primaryimage"},"image":{"@id":"https:\/\/laguiole.com\/de\/produit\/laguiole-messer-in-aubrac-1-stueck-12cm-vollstiel-bueffelfeder-doppelspiralplatten-fein-guillochiert-von-hand-glaenzendes-finish-n3\/#primaryimage"},"thumbnailUrl":"https:\/\/laguiole.com\/wp-content\/uploads\/2024\/10\/Couteau_Laguiole_en_Aubrac_1_piece_12cm_Plein_Manche_Buffle_Ressort_Spirale_Double_Platines_Finement_Guillochees_a_la_main_Finition_Brillante_Num3_00.jpg","datePublished":"2024-10-20T13:24:46+00:00","description":"Das Laguiole Klappmesser mit Vollgriff aus Wasserb\u00fcffel (Bubalus Bubalis) verk\u00f6rpert harmonisch die Allianz zwischen Handwerkskunst und Natur. Seine pr\u00e4zise Stahlklinge sorgt jedes Mal f\u00fcr einen sauberen und pr\u00e4zisen Schnitt. Der Griff aus Wasserb\u00fcffel verleiht rustikale Eleganz und einzigartige Textur und erinnert an die weite Wildnis, in der dieses Material geerntet wird. Das Wasserb\u00fcffelhorn, bekannt f\u00fcr seine Robustheit und Widerstandsf\u00e4higkeit, h\u00e4lt den anspruchsvollsten Dr\u00fccken und St\u00f6\u00dfen problemlos stand. Jede Maserung und jeder Farbton erz\u00e4hlt die Geschichte dieses nat\u00fcrlichen Materials und verleiht Ihrem Messer eine authentische und einzigartige Pers\u00f6nlichkeit.","breadcrumb":{"@id":"https:\/\/laguiole.com\/de\/produit\/laguiole-messer-in-aubrac-1-stueck-12cm-vollstiel-bueffelfeder-doppelspiralplatten-fein-guillochiert-von-hand-glaenzendes-finish-n3\/#breadcrumb"},"inLanguage":"de","potentialAction":[{"@type":"ReadAction","target":["https:\/\/laguiole.com\/de\/produit\/laguiole-messer-in-aubrac-1-stueck-12cm-vollstiel-bueffelfeder-doppelspiralplatten-fein-guillochiert-von-hand-glaenzendes-finish-n3\/"]}]},{"@type":"ImageObject","inLanguage":"de","@id":"https:\/\/laguiole.com\/de\/produit\/laguiole-messer-in-aubrac-1-stueck-12cm-vollstiel-bueffelfeder-doppelspiralplatten-fein-guillochiert-von-hand-glaenzendes-finish-n3\/#primaryimage","url":"https:\/\/laguiole.com\/wp-content\/uploads\/2024\/10\/Couteau_Laguiole_en_Aubrac_1_piece_12cm_Plein_Manche_Buffle_Ressort_Spirale_Double_Platines_Finement_Guillochees_a_la_main_Finition_Brillante_Num3_00.jpg","contentUrl":"https:\/\/laguiole.com\/wp-content\/uploads\/2024\/10\/Couteau_Laguiole_en_Aubrac_1_piece_12cm_Plein_Manche_Buffle_Ressort_Spirale_Double_Platines_Finement_Guillochees_a_la_main_Finition_Brillante_Num3_00.jpg","width":1033,"height":1033,"caption":"Laguiole Messer in Aubrac 1 St\u00fcck 12cm Vollstiel B\u00fcffelfeder Doppelspiralplatten fein guillochiert von Hand gl\u00e4nzendes Finish N\u00b03"},{"@type":"BreadcrumbList","@id":"https:\/\/laguiole.com\/de\/produit\/laguiole-messer-in-aubrac-1-stueck-12cm-vollstiel-bueffelfeder-doppelspiralplatten-fein-guillochiert-von-hand-glaenzendes-finish-n3\/#breadcrumb","itemListElement":[{"@type":"ListItem","position":1,"name":"Accueil","item":"https:\/\/laguiole.com\/de\/"},{"@type":"ListItem","position":2,"name":"Shop","item":"https:\/\/laguiole.com\/de\/shop-2\/"},{"@type":"ListItem","position":3,"name":"Laguiole Messer in Aubrac 1 St\u00fcck 12cm Vollstiel B\u00fcffelfeder Doppelspiralplatten fein guillochiert von Hand gl\u00e4nzendes Finish N\u00b03"}]},{"@type":"WebSite","@id":"https:\/\/laguiole.com\/de\/#website","url":"https:\/\/laguiole.com\/de\/","name":"Laguiole.com","description":"Laguiole - Couteau laguiole, Chateau Laguiole, Laguiole en Aubrac, Forge de Laguiole","publisher":{"@id":"https:\/\/laguiole.com\/de\/#organization"},"potentialAction":[{"@type":"SearchAction","target":{"@type":"EntryPoint","urlTemplate":"https:\/\/laguiole.com\/de\/?s={search_term_string}"},"query-input":{"@type":"PropertyValueSpecification","valueRequired":true,"valueName":"search_term_string"}}],"inLanguage":"de"},{"@type":"Organization","@id":"https:\/\/laguiole.com\/de\/#organization","name":"Laguiole.com","url":"https:\/\/laguiole.com\/de\/","logo":{"@type":"ImageObject","inLanguage":"de","@id":"https:\/\/laguiole.com\/de\/#\/schema\/logo\/image\/","url":"https:\/\/laguiole.com\/wp-content\/uploads\/2021\/02\/logo_laguiole.com-horizontal.jpg","contentUrl":"https:\/\/laguiole.com\/wp-content\/uploads\/2021\/02\/logo_laguiole.com-horizontal.jpg","width":490,"height":156,"caption":"Laguiole.com"},"image":{"@id":"https:\/\/laguiole.com\/de\/#\/schema\/logo\/image\/"},"sameAs":["https:\/\/www.facebook.com\/laguiolecom\/","https:\/\/www.instagram.com\/laguiolecom\/","https:\/\/www.youtube.com\/@laguiolecom\/videos"]}]}},"_links":{"self":[{"href":"https:\/\/laguiole.com\/de\/wp-json\/wp\/v2\/product\/37989","targetHints":{"allow":["GET"]}}],"collection":[{"href":"https:\/\/laguiole.com\/de\/wp-json\/wp\/v2\/product"}],"about":[{"href":"https:\/\/laguiole.com\/de\/wp-json\/wp\/v2\/types\/product"}],"version-history":[{"count":0,"href":"https:\/\/laguiole.com\/de\/wp-json\/wp\/v2\/product\/37989\/revisions"}],"wp:featuredmedia":[{"embeddable":true,"href":"https:\/\/laguiole.com\/de\/wp-json\/wp\/v2\/media\/37996"}],"wp:attachment":[{"href":"https:\/\/laguiole.com\/de\/wp-json\/wp\/v2\/media?parent=37989"}],"wp:term":[{"taxonomy":"product_brand","embeddable":true,"href":"https:\/\/laguiole.com\/de\/wp-json\/wp\/v2\/product_brand?post=37989"},{"taxonomy":"product_cat","embeddable":true,"href":"https:\/\/laguiole.com\/de\/wp-json\/wp\/v2\/product_cat?post=37989"},{"taxonomy":"product_tag","embeddable":true,"href":"https:\/\/laguiole.com\/de\/wp-json\/wp\/v2\/product_tag?post=37989"}],"curies":[{"name":"wp","href":"https:\/\/api.w.org\/{rel}","templated":true}]}}