{"id":37929,"date":"2024-12-14T11:48:55","date_gmt":"2024-12-14T10:48:55","guid":{"rendered":"https:\/\/laguiole.com\/produit\/laguiole-prestige-designer-messer-1-stueck-12-cm-inlay-napoleon-muenze-vollsilber-ebenholz-griff-guillochierte-feder-unikat\/"},"modified":"2024-12-14T11:48:55","modified_gmt":"2024-12-14T10:48:55","slug":"laguiole-prestige-designer-messer-1-stueck-12-cm-inlay-napoleon-muenze-vollsilber-ebenholz-griff-guillochierte-feder-unikat","status":"publish","type":"product","link":"https:\/\/laguiole.com\/de\/produit\/laguiole-prestige-designer-messer-1-stueck-12-cm-inlay-napoleon-muenze-vollsilber-ebenholz-griff-guillochierte-feder-unikat\/","title":{"rendered":"Laguiole Prestige Designer Messer 1 St\u00fcck 12 cm Inlay Napoleon M\u00fcnze Vollsilber Ebenholz Griff guillochierte Feder Unikat"},"content":{"rendered":"<p>Entdecken Sie dieses pr\u00e4chtige handgefertigte Messer, ein au\u00dfergew\u00f6hnliches St\u00fcck, das Eleganz, Funktionalit\u00e4t und historisches Erbe vereint. Der Griff, der vollst\u00e4ndig aus Ebenholz gefertigt ist, bietet einen Griff, der sowohl bequem als auch raffiniert ist. Dieses kostbare Holz, das f\u00fcr seine Dichte und tiefe Sch\u00f6nheit bekannt ist, hat dunkle und satinierte Farbt\u00f6ne, die das zeitlose Design dieses Messers sublimieren.  <\/p>\n<p>Das bemerkenswerteste Element ist zweifellos die Einlage einer echten Napoleon-Silberm\u00fcnze, die sorgf\u00e4ltig in den Griff integriert ist. Dieses einzigartige Detail verleiht dem Messer einen Hauch von Authentizit\u00e4t und Geschichte und macht es sowohl zu einem Alltagsgegenstand als auch zu einem Sammlerst\u00fcck. <\/p>\n<p>Dieses Messer, das in au\u00dfergew\u00f6hnlicher Handwerkskunst gefertigt wurde, garantiert nicht nur seine Robustheit, sondern auch seine unvergleichliche \u00c4sthetik. Perfekt f\u00fcr Liebhaber von au\u00dfergew\u00f6hnlichem Kunsthandwerk, Sammler oder diejenigen, die ein einzigartiges und prestigetr\u00e4chtiges Geschenk suchen.<br \/>\nST\u00dcCK UNIKAT <\/p>\n<p>Hauptmerkmale:<br \/>\nGriffmaterial: Massives Ebenholz, bekannt f\u00fcr seine Langlebigkeit und zeitlose Eleganz.<br \/>\nInlay: Echte Napoleon-Silberm\u00fcnze, sorgf\u00e4ltig gesetzt.<br \/>\nKlinge: Hergestellt aus hochwertigem Stahl und bietet eine hervorragende Schneidleistung.<br \/>\nVerarbeitung: Handgefertigt, mit viel Liebe zum Detail.<br \/>\nDieses Messer ist mehr als nur ein Werkzeug: Es ist ein Zeugnis der Handwerkskunst und eine Hommage an das Erbe. G\u00f6nnen Sie sich ein St\u00fcck, das Geschichte, Luxus und Funktionalit\u00e4t vereint. <\/p>\n<p>Z\u00f6gern Sie nicht, uns f\u00fcr weitere Informationen zu kontaktieren oder Ihr St\u00fcck mit einer Gravur auf der Klinge zu personalisieren.<\/p>\n","protected":false},"excerpt":{"rendered":"<p>Laguiole Prestige<br \/>\nKlappmesser mit vollem Griff von 12 cm aus Ebenholz<br \/>\nKlinge aus geb\u00fcrstetem<br \/>\nEdelstahl Inlay einer antiken M\u00fcnze NAPOLEON Silber 1\/2 Franken<br \/>\nGr\u00f6\u00dfe geschlossenes Messer: 12 cm<br \/>\nGr\u00f6\u00dfe offenes Messer: 22 cm<br \/>\nKlingengr\u00f6\u00dfe: 10 cm<br \/>\nGewicht des Messers NAPOLEON 139 Grs<br \/>\nGuillochiertes Federmuster Eichenbl\u00e4tter und Eicheln<br \/>\nGeschmiedete Fliege geb\u00fcrsteter<br \/>\nEdelstahl Einzelst\u00fcck<br \/>\n<iframe src=\"https:\/\/www.youtube.com\/embed\/GA4Y5IsJxcY?rel=0&amp;autoplay=1\" width=\"560\" height=\"315\" frameborder=\"0\" allowfullscreen=\"allowfullscreen\"><\/iframe><\/p>\n","protected":false},"featured_media":37930,"template":"","meta":{"_acf_changed":false,"_monsterinsights_skip_tracking":false,"_monsterinsights_sitenote_active":false,"_monsterinsights_sitenote_note":"","_monsterinsights_sitenote_category":0},"product_brand":[],"product_cat":[5938,5939,5943],"product_tag":[],"class_list":{"0":"post-37929","1":"product","2":"type-product","3":"status-publish","4":"has-post-thumbnail","6":"product_cat-klappmesser","7":"product_cat-laguiole-klappmesser","8":"product_cat-laguiole-prestiges-messer","9":"pa_composition-couteau-1-stueck-nur-klinge","10":"pa_lame-gebuersteter-edelstahl","11":"pa_manche-en-bois-ebenholz","12":"pa_marque-le-fidele","13":"pa_mitres-ohne-gehrung-vollstaendige-huelse","14":"pa_mouche-geschmiedet","15":"pa_platines-einzelplatin","16":"pa_ressort-guilloche","17":"pa_taille-du-manche-12-cm","18":"tm-no-options","21":"instock","22":"taxable","23":"shipping-taxable","24":"purchasable","25":"product-type-simple"},"supplier_id":null,"supplier_sku":"","barcode":null,"atum_controlled":true,"out_stock_date":null,"out_stock_threshold":null,"inheritable":false,"inbound_stock":0,"stock_on_hold":0,"sold_today":0,"sales_last_days":0,"reserved_stock":0,"customer_returns":0,"warehouse_damage":0,"lost_in_post":0,"other_logs":0,"out_stock_days":0,"lost_sales":0,"has_location":false,"update_date":"2026-05-02T00:44:10","atum_locations":[],"atum_stock_status":"instock","restock_status":false,"low_stock_amount":"","sales_update_date":"2026-05-02T00:44:10","calc_backorders":0,"acf":[],"yoast_head":"<!-- This site is optimized with the Yoast SEO plugin v27.3 - https:\/\/yoast.com\/product\/yoast-seo-wordpress\/ -->\n<title>Laguiole Prestige Designer Messer 1 St\u00fcck 12 cm Inlay Napoleon M\u00fcnze Vollsilber Ebenholz Griff guillochierte Feder Unikat - Laguiole.com \u00ae<\/title>\n<meta name=\"description\" content=\"Laguiole Prestige Cr\u00e9ateur Klappmesser Griff aus zwei Materialien aus Mammut und Ebenholz Elfenbein. Napoleon-M\u00fcnzeinlage.\" \/>\n<meta name=\"robots\" content=\"index, follow, max-snippet:-1, max-image-preview:large, max-video-preview:-1\" \/>\n<link rel=\"canonical\" href=\"https:\/\/laguiole.com\/de\/produit\/laguiole-prestige-designer-messer-1-stueck-12-cm-inlay-napoleon-muenze-vollsilber-ebenholz-griff-guillochierte-feder-unikat\/\" \/>\n<meta property=\"og:locale\" content=\"de_DE\" \/>\n<meta property=\"og:type\" content=\"article\" \/>\n<meta property=\"og:title\" content=\"Laguiole Prestige Designer Messer 1 St\u00fcck 12 cm Inlay Napoleon M\u00fcnze Vollsilber Ebenholz Griff guillochierte Feder Unikat - Laguiole.com \u00ae\" \/>\n<meta property=\"og:description\" content=\"Laguiole Prestige Cr\u00e9ateur Klappmesser Griff aus zwei Materialien aus Mammut und Ebenholz Elfenbein. Napoleon-M\u00fcnzeinlage.\" \/>\n<meta property=\"og:url\" content=\"https:\/\/laguiole.com\/de\/produit\/laguiole-prestige-designer-messer-1-stueck-12-cm-inlay-napoleon-muenze-vollsilber-ebenholz-griff-guillochierte-feder-unikat\/\" \/>\n<meta property=\"og:site_name\" content=\"Laguiole.com \u00ae\" \/>\n<meta property=\"article:publisher\" content=\"https:\/\/www.facebook.com\/laguiolecom\/\" \/>\n<meta property=\"og:image\" content=\"https:\/\/laguiole.com\/wp-content\/uploads\/2024\/12\/Laguiole_Napoelon_Argent_Manche_Ebene_00.jpg\" \/>\n\t<meta property=\"og:image:width\" content=\"1033\" \/>\n\t<meta property=\"og:image:height\" content=\"1033\" \/>\n\t<meta property=\"og:image:type\" content=\"image\/jpeg\" \/>\n<meta name=\"twitter:card\" content=\"summary_large_image\" \/>\n<meta name=\"twitter:label1\" content=\"Gesch\u00e4tzte Lesezeit\" \/>\n\t<meta name=\"twitter:data1\" content=\"1\u00a0Minute\" \/>\n<script type=\"application\/ld+json\" class=\"yoast-schema-graph\">{\"@context\":\"https:\\\/\\\/schema.org\",\"@graph\":[{\"@type\":\"WebPage\",\"@id\":\"https:\\\/\\\/laguiole.com\\\/de\\\/produit\\\/laguiole-prestige-designer-messer-1-stueck-12-cm-inlay-napoleon-muenze-vollsilber-ebenholz-griff-guillochierte-feder-unikat\\\/\",\"url\":\"https:\\\/\\\/laguiole.com\\\/de\\\/produit\\\/laguiole-prestige-designer-messer-1-stueck-12-cm-inlay-napoleon-muenze-vollsilber-ebenholz-griff-guillochierte-feder-unikat\\\/\",\"name\":\"Laguiole Prestige Designer Messer 1 St\u00fcck 12 cm Inlay Napoleon M\u00fcnze Vollsilber Ebenholz Griff guillochierte Feder Unikat - Laguiole.com \u00ae\",\"isPartOf\":{\"@id\":\"https:\\\/\\\/laguiole.com\\\/de\\\/#website\"},\"primaryImageOfPage\":{\"@id\":\"https:\\\/\\\/laguiole.com\\\/de\\\/produit\\\/laguiole-prestige-designer-messer-1-stueck-12-cm-inlay-napoleon-muenze-vollsilber-ebenholz-griff-guillochierte-feder-unikat\\\/#primaryimage\"},\"image\":{\"@id\":\"https:\\\/\\\/laguiole.com\\\/de\\\/produit\\\/laguiole-prestige-designer-messer-1-stueck-12-cm-inlay-napoleon-muenze-vollsilber-ebenholz-griff-guillochierte-feder-unikat\\\/#primaryimage\"},\"thumbnailUrl\":\"https:\\\/\\\/laguiole.com\\\/wp-content\\\/uploads\\\/2024\\\/12\\\/Laguiole_Napoelon_Argent_Manche_Ebene_00.jpg\",\"datePublished\":\"2024-12-14T10:48:55+00:00\",\"description\":\"Laguiole Prestige Cr\u00e9ateur Klappmesser Griff aus zwei Materialien aus Mammut und Ebenholz Elfenbein. Napoleon-M\u00fcnzeinlage.\",\"breadcrumb\":{\"@id\":\"https:\\\/\\\/laguiole.com\\\/de\\\/produit\\\/laguiole-prestige-designer-messer-1-stueck-12-cm-inlay-napoleon-muenze-vollsilber-ebenholz-griff-guillochierte-feder-unikat\\\/#breadcrumb\"},\"inLanguage\":\"de\",\"potentialAction\":[{\"@type\":\"ReadAction\",\"target\":[\"https:\\\/\\\/laguiole.com\\\/de\\\/produit\\\/laguiole-prestige-designer-messer-1-stueck-12-cm-inlay-napoleon-muenze-vollsilber-ebenholz-griff-guillochierte-feder-unikat\\\/\"]}]},{\"@type\":\"ImageObject\",\"inLanguage\":\"de\",\"@id\":\"https:\\\/\\\/laguiole.com\\\/de\\\/produit\\\/laguiole-prestige-designer-messer-1-stueck-12-cm-inlay-napoleon-muenze-vollsilber-ebenholz-griff-guillochierte-feder-unikat\\\/#primaryimage\",\"url\":\"https:\\\/\\\/laguiole.com\\\/wp-content\\\/uploads\\\/2024\\\/12\\\/Laguiole_Napoelon_Argent_Manche_Ebene_00.jpg\",\"contentUrl\":\"https:\\\/\\\/laguiole.com\\\/wp-content\\\/uploads\\\/2024\\\/12\\\/Laguiole_Napoelon_Argent_Manche_Ebene_00.jpg\",\"width\":1033,\"height\":1033,\"caption\":\"Laguiole Prestige Designer Messer 1 M\u00fcnze 12 cm Intarsien Napoleon M\u00fcnze Vollsilbergriff aus Ebenholz\"},{\"@type\":\"BreadcrumbList\",\"@id\":\"https:\\\/\\\/laguiole.com\\\/de\\\/produit\\\/laguiole-prestige-designer-messer-1-stueck-12-cm-inlay-napoleon-muenze-vollsilber-ebenholz-griff-guillochierte-feder-unikat\\\/#breadcrumb\",\"itemListElement\":[{\"@type\":\"ListItem\",\"position\":1,\"name\":\"Accueil\",\"item\":\"https:\\\/\\\/laguiole.com\\\/de\\\/\"},{\"@type\":\"ListItem\",\"position\":2,\"name\":\"Shop\",\"item\":\"https:\\\/\\\/laguiole.com\\\/de\\\/shop-2\\\/\"},{\"@type\":\"ListItem\",\"position\":3,\"name\":\"Laguiole Prestige Designer Messer 1 St\u00fcck 12 cm Inlay Napoleon M\u00fcnze Vollsilber Ebenholz Griff guillochierte Feder Unikat\"}]},{\"@type\":\"WebSite\",\"@id\":\"https:\\\/\\\/laguiole.com\\\/de\\\/#website\",\"url\":\"https:\\\/\\\/laguiole.com\\\/de\\\/\",\"name\":\"Laguiole.com\",\"description\":\"Laguiole - Couteau laguiole, Chateau Laguiole, Laguiole en Aubrac, Forge de Laguiole\",\"publisher\":{\"@id\":\"https:\\\/\\\/laguiole.com\\\/de\\\/#organization\"},\"potentialAction\":[{\"@type\":\"SearchAction\",\"target\":{\"@type\":\"EntryPoint\",\"urlTemplate\":\"https:\\\/\\\/laguiole.com\\\/de\\\/?s={search_term_string}\"},\"query-input\":{\"@type\":\"PropertyValueSpecification\",\"valueRequired\":true,\"valueName\":\"search_term_string\"}}],\"inLanguage\":\"de\"},{\"@type\":\"Organization\",\"@id\":\"https:\\\/\\\/laguiole.com\\\/de\\\/#organization\",\"name\":\"Laguiole.com\",\"url\":\"https:\\\/\\\/laguiole.com\\\/de\\\/\",\"logo\":{\"@type\":\"ImageObject\",\"inLanguage\":\"de\",\"@id\":\"https:\\\/\\\/laguiole.com\\\/de\\\/#\\\/schema\\\/logo\\\/image\\\/\",\"url\":\"https:\\\/\\\/laguiole.com\\\/wp-content\\\/uploads\\\/2021\\\/02\\\/logo_laguiole.com-horizontal.jpg\",\"contentUrl\":\"https:\\\/\\\/laguiole.com\\\/wp-content\\\/uploads\\\/2021\\\/02\\\/logo_laguiole.com-horizontal.jpg\",\"width\":490,\"height\":156,\"caption\":\"Laguiole.com\"},\"image\":{\"@id\":\"https:\\\/\\\/laguiole.com\\\/de\\\/#\\\/schema\\\/logo\\\/image\\\/\"},\"sameAs\":[\"https:\\\/\\\/www.facebook.com\\\/laguiolecom\\\/\",\"https:\\\/\\\/www.instagram.com\\\/laguiolecom\\\/\",\"https:\\\/\\\/www.youtube.com\\\/@laguiolecom\\\/videos\"]}]}<\/script>\n<!-- \/ Yoast SEO plugin. -->","yoast_head_json":{"title":"Laguiole Prestige Designer Messer 1 St\u00fcck 12 cm Inlay Napoleon M\u00fcnze Vollsilber Ebenholz Griff guillochierte Feder Unikat - Laguiole.com \u00ae","description":"Laguiole Prestige Cr\u00e9ateur Klappmesser Griff aus zwei Materialien aus Mammut und Ebenholz Elfenbein. Napoleon-M\u00fcnzeinlage.","robots":{"index":"index","follow":"follow","max-snippet":"max-snippet:-1","max-image-preview":"max-image-preview:large","max-video-preview":"max-video-preview:-1"},"canonical":"https:\/\/laguiole.com\/de\/produit\/laguiole-prestige-designer-messer-1-stueck-12-cm-inlay-napoleon-muenze-vollsilber-ebenholz-griff-guillochierte-feder-unikat\/","og_locale":"de_DE","og_type":"article","og_title":"Laguiole Prestige Designer Messer 1 St\u00fcck 12 cm Inlay Napoleon M\u00fcnze Vollsilber Ebenholz Griff guillochierte Feder Unikat - Laguiole.com \u00ae","og_description":"Laguiole Prestige Cr\u00e9ateur Klappmesser Griff aus zwei Materialien aus Mammut und Ebenholz Elfenbein. Napoleon-M\u00fcnzeinlage.","og_url":"https:\/\/laguiole.com\/de\/produit\/laguiole-prestige-designer-messer-1-stueck-12-cm-inlay-napoleon-muenze-vollsilber-ebenholz-griff-guillochierte-feder-unikat\/","og_site_name":"Laguiole.com \u00ae","article_publisher":"https:\/\/www.facebook.com\/laguiolecom\/","og_image":[{"width":1033,"height":1033,"url":"https:\/\/laguiole.com\/wp-content\/uploads\/2024\/12\/Laguiole_Napoelon_Argent_Manche_Ebene_00.jpg","type":"image\/jpeg"}],"twitter_card":"summary_large_image","twitter_misc":{"Gesch\u00e4tzte Lesezeit":"1\u00a0Minute"},"schema":{"@context":"https:\/\/schema.org","@graph":[{"@type":"WebPage","@id":"https:\/\/laguiole.com\/de\/produit\/laguiole-prestige-designer-messer-1-stueck-12-cm-inlay-napoleon-muenze-vollsilber-ebenholz-griff-guillochierte-feder-unikat\/","url":"https:\/\/laguiole.com\/de\/produit\/laguiole-prestige-designer-messer-1-stueck-12-cm-inlay-napoleon-muenze-vollsilber-ebenholz-griff-guillochierte-feder-unikat\/","name":"Laguiole Prestige Designer Messer 1 St\u00fcck 12 cm Inlay Napoleon M\u00fcnze Vollsilber Ebenholz Griff guillochierte Feder Unikat - Laguiole.com \u00ae","isPartOf":{"@id":"https:\/\/laguiole.com\/de\/#website"},"primaryImageOfPage":{"@id":"https:\/\/laguiole.com\/de\/produit\/laguiole-prestige-designer-messer-1-stueck-12-cm-inlay-napoleon-muenze-vollsilber-ebenholz-griff-guillochierte-feder-unikat\/#primaryimage"},"image":{"@id":"https:\/\/laguiole.com\/de\/produit\/laguiole-prestige-designer-messer-1-stueck-12-cm-inlay-napoleon-muenze-vollsilber-ebenholz-griff-guillochierte-feder-unikat\/#primaryimage"},"thumbnailUrl":"https:\/\/laguiole.com\/wp-content\/uploads\/2024\/12\/Laguiole_Napoelon_Argent_Manche_Ebene_00.jpg","datePublished":"2024-12-14T10:48:55+00:00","description":"Laguiole Prestige Cr\u00e9ateur Klappmesser Griff aus zwei Materialien aus Mammut und Ebenholz Elfenbein. Napoleon-M\u00fcnzeinlage.","breadcrumb":{"@id":"https:\/\/laguiole.com\/de\/produit\/laguiole-prestige-designer-messer-1-stueck-12-cm-inlay-napoleon-muenze-vollsilber-ebenholz-griff-guillochierte-feder-unikat\/#breadcrumb"},"inLanguage":"de","potentialAction":[{"@type":"ReadAction","target":["https:\/\/laguiole.com\/de\/produit\/laguiole-prestige-designer-messer-1-stueck-12-cm-inlay-napoleon-muenze-vollsilber-ebenholz-griff-guillochierte-feder-unikat\/"]}]},{"@type":"ImageObject","inLanguage":"de","@id":"https:\/\/laguiole.com\/de\/produit\/laguiole-prestige-designer-messer-1-stueck-12-cm-inlay-napoleon-muenze-vollsilber-ebenholz-griff-guillochierte-feder-unikat\/#primaryimage","url":"https:\/\/laguiole.com\/wp-content\/uploads\/2024\/12\/Laguiole_Napoelon_Argent_Manche_Ebene_00.jpg","contentUrl":"https:\/\/laguiole.com\/wp-content\/uploads\/2024\/12\/Laguiole_Napoelon_Argent_Manche_Ebene_00.jpg","width":1033,"height":1033,"caption":"Laguiole Prestige Designer Messer 1 M\u00fcnze 12 cm Intarsien Napoleon M\u00fcnze Vollsilbergriff aus Ebenholz"},{"@type":"BreadcrumbList","@id":"https:\/\/laguiole.com\/de\/produit\/laguiole-prestige-designer-messer-1-stueck-12-cm-inlay-napoleon-muenze-vollsilber-ebenholz-griff-guillochierte-feder-unikat\/#breadcrumb","itemListElement":[{"@type":"ListItem","position":1,"name":"Accueil","item":"https:\/\/laguiole.com\/de\/"},{"@type":"ListItem","position":2,"name":"Shop","item":"https:\/\/laguiole.com\/de\/shop-2\/"},{"@type":"ListItem","position":3,"name":"Laguiole Prestige Designer Messer 1 St\u00fcck 12 cm Inlay Napoleon M\u00fcnze Vollsilber Ebenholz Griff guillochierte Feder Unikat"}]},{"@type":"WebSite","@id":"https:\/\/laguiole.com\/de\/#website","url":"https:\/\/laguiole.com\/de\/","name":"Laguiole.com","description":"Laguiole - Couteau laguiole, Chateau Laguiole, Laguiole en Aubrac, Forge de Laguiole","publisher":{"@id":"https:\/\/laguiole.com\/de\/#organization"},"potentialAction":[{"@type":"SearchAction","target":{"@type":"EntryPoint","urlTemplate":"https:\/\/laguiole.com\/de\/?s={search_term_string}"},"query-input":{"@type":"PropertyValueSpecification","valueRequired":true,"valueName":"search_term_string"}}],"inLanguage":"de"},{"@type":"Organization","@id":"https:\/\/laguiole.com\/de\/#organization","name":"Laguiole.com","url":"https:\/\/laguiole.com\/de\/","logo":{"@type":"ImageObject","inLanguage":"de","@id":"https:\/\/laguiole.com\/de\/#\/schema\/logo\/image\/","url":"https:\/\/laguiole.com\/wp-content\/uploads\/2021\/02\/logo_laguiole.com-horizontal.jpg","contentUrl":"https:\/\/laguiole.com\/wp-content\/uploads\/2021\/02\/logo_laguiole.com-horizontal.jpg","width":490,"height":156,"caption":"Laguiole.com"},"image":{"@id":"https:\/\/laguiole.com\/de\/#\/schema\/logo\/image\/"},"sameAs":["https:\/\/www.facebook.com\/laguiolecom\/","https:\/\/www.instagram.com\/laguiolecom\/","https:\/\/www.youtube.com\/@laguiolecom\/videos"]}]}},"_links":{"self":[{"href":"https:\/\/laguiole.com\/de\/wp-json\/wp\/v2\/product\/37929","targetHints":{"allow":["GET"]}}],"collection":[{"href":"https:\/\/laguiole.com\/de\/wp-json\/wp\/v2\/product"}],"about":[{"href":"https:\/\/laguiole.com\/de\/wp-json\/wp\/v2\/types\/product"}],"version-history":[{"count":0,"href":"https:\/\/laguiole.com\/de\/wp-json\/wp\/v2\/product\/37929\/revisions"}],"wp:featuredmedia":[{"embeddable":true,"href":"https:\/\/laguiole.com\/de\/wp-json\/wp\/v2\/media\/37930"}],"wp:attachment":[{"href":"https:\/\/laguiole.com\/de\/wp-json\/wp\/v2\/media?parent=37929"}],"wp:term":[{"taxonomy":"product_brand","embeddable":true,"href":"https:\/\/laguiole.com\/de\/wp-json\/wp\/v2\/product_brand?post=37929"},{"taxonomy":"product_cat","embeddable":true,"href":"https:\/\/laguiole.com\/de\/wp-json\/wp\/v2\/product_cat?post=37929"},{"taxonomy":"product_tag","embeddable":true,"href":"https:\/\/laguiole.com\/de\/wp-json\/wp\/v2\/product_tag?post=37929"}],"curies":[{"name":"wp","href":"https:\/\/api.w.org\/{rel}","templated":true}]}}