{"id":37896,"date":"2024-12-01T21:06:13","date_gmt":"2024-12-01T20:06:13","guid":{"rendered":"https:\/\/laguiole.com\/produit\/laguiole-aubrac-messer-1-stueck-12cm-bueffelgriff-vollgriff-glaenzendes-finish-doppelplatten-num1\/"},"modified":"2024-12-01T21:06:13","modified_gmt":"2024-12-01T20:06:13","slug":"laguiole-aubrac-messer-1-stueck-12cm-bueffelgriff-vollgriff-glaenzendes-finish-doppelplatten-num1","status":"publish","type":"product","link":"https:\/\/laguiole.com\/de\/produit\/laguiole-aubrac-messer-1-stueck-12cm-bueffelgriff-vollgriff-glaenzendes-finish-doppelplatten-num1\/","title":{"rendered":"Laguiole Aubrac Messer 1 St\u00fcck 12cm B\u00fcffelgriff Vollgriff Gl\u00e4nzendes Finish Doppelplatten NUM1"},"content":{"rendered":"<p>Ihr Laguiole-Messer wird von der handwerklichen Fabrik Laguiole in Aubrac hergestellt.<br \/>\nDie Klingen, Federn, Kropfe und N\u00e4gel aus massivem Edelstahl werden in der Laguiole-Schmiede in Aubrac hergestellt.<\/p>\n<p>Das Laguiole Klappmesser mit Vollgriff aus Wasserb\u00fcffel (Bubalus Bubalis) verk\u00f6rpert die perfekte Kombination aus Handwerkskunst und Natur. Die pr\u00e4zisionsgesch\u00e4rfte Klinge aus Stahl verspricht jedes Mal einen sauberen, pr\u00e4zisen Schnitt. Der Griff aus Wasserb\u00fcffel verleiht ihm eine rustikale Eleganz und eine einzigartige Textur, die an die weite Wildnis erinnert, in der dieses Material geerntet wird. Wasserb\u00fcffelhorn ist bekannt f\u00fcr seine St\u00e4rke und Widerstandsf\u00e4higkeit. Es ist in der Lage, erheblichen Dr\u00fccken und St\u00f6\u00dfen standzuhalten. Jede Ader und jede Nuance erz\u00e4hlt die Geschichte dieses nat\u00fcrlichen Materials und verleiht Ihrem Messer eine authentische und einzigartige Pers\u00f6nlichkeit. Die sorgf\u00e4ltig durchdachte Ergonomie garantiert einen bequemen Griff, w\u00e4hrend die Zuverl\u00e4ssigkeit der Klappmechanik eine reibungslose und sichere Verwendung gew\u00e4hrleistet. Die Integration der handguillochierten Doppelplatine verleiht dieser Laguiole eine unvergleichliche Eleganz und markiert die harmonische Verbindung zwischen mechanischer Pr\u00e4zision und Goldschmiedekunst. Das Laguiole Klappmesser aus Wasserb\u00fcffel wird so zu viel mehr als nur einem Messer, es wird zu einem au\u00dfergew\u00f6hnlichen St\u00fcck, einer Ode an die Natur und au\u00dfergew\u00f6hnliche Handwerkskunst.        <\/p>\n<p>Bubalus bubalis, allgemein bekannt als Wasserb\u00fcffel, ist eine S\u00e4ugetierart aus der Familie der Bovidae. Er wird in gro\u00dfem Umfang domestiziert und f\u00fcr eine Vielzahl von landwirtschaftlichen Zwecken gez\u00fcchtet, darunter Tiertraktion, Milchproduktion und Fleisch. Der in Asien beheimatete Wasserb\u00fcffel ist gut an Feuchtgebiete angepasst und wird oft zum Pfl\u00fcgen von Reisfeldern eingesetzt. Er hat ein dunkles Fell, gebogene H\u00f6rner und eine gro\u00dfe k\u00f6rperliche Widerstandsf\u00e4higkeit. Der Wasserb\u00fcffel spielt in vielen Teilen der Welt, vor allem in S\u00fcdasien, eine wichtige Rolle in der Landwirtschaft.    <\/p>\n<p>Bitte beachten Sie, dass wir Materialien nat\u00fcrlichen Ursprungs verwenden und m\u00f6chten Sie darauf hinweisen, dass das Aussehen unserer Produkte von Messer zu Messer variieren kann. Jedes Horn hat eine spezifische Textur mit Variationen in Adern und Farbschattierungen.<br \/>\nDas ist es, was jedes fertige Produkt anders macht. <\/p>\n<figure id=\"attachment_16108\" aria-describedby=\"caption-attachment-16108\" style=\"width: 417px\" class=\"wp-caption alignnone\"><a href=\"https:\/\/laguiole.com\/wp-content\/uploads\/2023\/08\/buffle-d-asie-e1697795697513.jpg\"><img fetchpriority=\"high\" decoding=\"async\" class=\"wp-image-16108 \" src=\"https:\/\/laguiole.com\/wp-content\/uploads\/2023\/08\/buffle-d-asie-e1697795697513.jpg\" alt=\"\" width=\"417\" height=\"219\"><\/a><figcaption id=\"caption-attachment-16108\" class=\"wp-caption-text\">Foto: Wasserb\u00fcffel (Bubalus Bubalis)<\/figcaption><\/figure>\n<p>&nbsp;<\/p>\n<p>&nbsp;<\/p>\n","protected":false},"excerpt":{"rendered":"<p>Laguiole Klappmesser aus Aubrac<br \/>\nEdelstahl Klinge 12C27 gl\u00e4nzend mit Gehrung<br \/>\nB\u00fcffel Griff<br \/>\nFull Fly Griff<br \/>\ngeschmiedet und gemei\u00dfelt handgeschmiedet<br \/>\nund guillochiert Feder aus handgefertigten<br \/>\ngl\u00e4nzenden Edelstahl Doppel guillochierte Platten Hand in gl\u00e4nzendem<br \/>\nEdelstahl Sch\u00e4ferkreuz auf der linken Seite des Messers.<br \/>\nL\u00e4nge des geschlossenen Messers: 12 cm<br \/>\nL\u00e4nge der Klinge: 10 cm<br \/>\nL\u00e4nge des offenen Messers: 22 cm<\/p>\n","protected":false},"featured_media":37924,"template":"","meta":{"_acf_changed":false,"_monsterinsights_skip_tracking":false,"_monsterinsights_sitenote_active":false,"_monsterinsights_sitenote_note":"","_monsterinsights_sitenote_category":0},"product_brand":[],"product_cat":[5938,5939,5944],"product_tag":[],"class_list":{"0":"post-37896","1":"product","2":"type-product","3":"status-publish","4":"has-post-thumbnail","6":"product_cat-klappmesser","7":"product_cat-laguiole-klappmesser","8":"product_cat-laguiole-spezialmesser","9":"pa_composition-couteau-1-stueck-nur-klinge","10":"pa_finition-brillant","11":"pa_lame-glaenzender-edelstahl","12":"pa_manche-en-matiere-animale-bueffel","13":"pa_marque-laguiole-en-aubracfr","14":"pa_mitres-ohne-gehrung-vollstaendige-huelse","15":"pa_mouche-geschmiedet","16":"pa_platines-doppel-drehteller","17":"pa_platines-guilloche-muster","18":"pa_ressort-guilloche","19":"pa_taille-du-manche-12-cm","20":"tm-has-options","23":"instock","24":"taxable","25":"shipping-taxable","26":"purchasable","27":"product-type-simple"},"supplier_id":null,"supplier_sku":"","barcode":null,"atum_controlled":true,"out_stock_date":null,"out_stock_threshold":null,"inheritable":false,"inbound_stock":0,"stock_on_hold":0,"sold_today":0,"sales_last_days":0,"reserved_stock":0,"customer_returns":0,"warehouse_damage":0,"lost_in_post":0,"other_logs":0,"out_stock_days":0,"lost_sales":0,"has_location":false,"update_date":"2026-05-10T00:53:14","atum_locations":[],"atum_stock_status":"instock","restock_status":false,"low_stock_amount":"","sales_update_date":"2026-05-10T00:53:14","calc_backorders":0,"acf":[],"yoast_head":"<!-- This site is optimized with the Yoast SEO plugin v27.3 - https:\/\/yoast.com\/product\/yoast-seo-wordpress\/ -->\n<title>Laguiole Aubrac Messer 1 St\u00fcck 12cm B\u00fcffelgriff Vollgriff Gl\u00e4nzendes Finish Doppelplatten NUM1 - Laguiole.com \u00ae<\/title>\n<meta name=\"robots\" content=\"index, follow, max-snippet:-1, max-image-preview:large, max-video-preview:-1\" \/>\n<link rel=\"canonical\" href=\"https:\/\/laguiole.com\/de\/produit\/laguiole-aubrac-messer-1-stueck-12cm-bueffelgriff-vollgriff-glaenzendes-finish-doppelplatten-num1\/\" \/>\n<meta property=\"og:locale\" content=\"de_DE\" \/>\n<meta property=\"og:type\" content=\"article\" \/>\n<meta property=\"og:title\" content=\"Laguiole Aubrac Messer 1 St\u00fcck 12cm B\u00fcffelgriff Vollgriff Gl\u00e4nzendes Finish Doppelplatten NUM1 - Laguiole.com \u00ae\" \/>\n<meta property=\"og:description\" content=\"Laguiole Klappmesser aus Aubrac Edelstahl Klinge 12C27 gl\u00e4nzend mit Gehrung B\u00fcffel Griff Full Fly Griff geschmiedet und gemei\u00dfelt handgeschmiedet und guillochiert Feder aus handgefertigten gl\u00e4nzenden Edelstahl Doppel guillochierte Platten Hand in gl\u00e4nzendem Edelstahl Sch\u00e4ferkreuz auf der linken Seite des Messers. L\u00e4nge des geschlossenen Messers: 12 cm L\u00e4nge der Klinge: 10 cm L\u00e4nge des offenen Messers: 22 cm\" \/>\n<meta property=\"og:url\" content=\"https:\/\/laguiole.com\/de\/produit\/laguiole-aubrac-messer-1-stueck-12cm-bueffelgriff-vollgriff-glaenzendes-finish-doppelplatten-num1\/\" \/>\n<meta property=\"og:site_name\" content=\"Laguiole.com \u00ae\" \/>\n<meta property=\"article:publisher\" content=\"https:\/\/www.facebook.com\/laguiolecom\/\" \/>\n<meta property=\"og:image\" content=\"https:\/\/laguiole.com\/wp-content\/uploads\/2024\/12\/Couteau_Laguiole_en_Aubrac_1_piece_12cm_Manche_Buffle_Plein_Manche_Finition_Brillante_Double_Platines_NUM1_00.jpg\" \/>\n\t<meta property=\"og:image:width\" content=\"1057\" \/>\n\t<meta property=\"og:image:height\" content=\"1057\" \/>\n\t<meta property=\"og:image:type\" content=\"image\/jpeg\" \/>\n<meta name=\"twitter:card\" content=\"summary_large_image\" \/>\n<meta name=\"twitter:label1\" content=\"Gesch\u00e4tzte Lesezeit\" \/>\n\t<meta name=\"twitter:data1\" content=\"2\u00a0Minute\" \/>\n<script type=\"application\/ld+json\" class=\"yoast-schema-graph\">{\"@context\":\"https:\\\/\\\/schema.org\",\"@graph\":[{\"@type\":\"WebPage\",\"@id\":\"https:\\\/\\\/laguiole.com\\\/de\\\/produit\\\/laguiole-aubrac-messer-1-stueck-12cm-bueffelgriff-vollgriff-glaenzendes-finish-doppelplatten-num1\\\/\",\"url\":\"https:\\\/\\\/laguiole.com\\\/de\\\/produit\\\/laguiole-aubrac-messer-1-stueck-12cm-bueffelgriff-vollgriff-glaenzendes-finish-doppelplatten-num1\\\/\",\"name\":\"Laguiole Aubrac Messer 1 St\u00fcck 12cm B\u00fcffelgriff Vollgriff Gl\u00e4nzendes Finish Doppelplatten NUM1 - Laguiole.com \u00ae\",\"isPartOf\":{\"@id\":\"https:\\\/\\\/laguiole.com\\\/de\\\/#website\"},\"primaryImageOfPage\":{\"@id\":\"https:\\\/\\\/laguiole.com\\\/de\\\/produit\\\/laguiole-aubrac-messer-1-stueck-12cm-bueffelgriff-vollgriff-glaenzendes-finish-doppelplatten-num1\\\/#primaryimage\"},\"image\":{\"@id\":\"https:\\\/\\\/laguiole.com\\\/de\\\/produit\\\/laguiole-aubrac-messer-1-stueck-12cm-bueffelgriff-vollgriff-glaenzendes-finish-doppelplatten-num1\\\/#primaryimage\"},\"thumbnailUrl\":\"https:\\\/\\\/laguiole.com\\\/wp-content\\\/uploads\\\/2024\\\/12\\\/Couteau_Laguiole_en_Aubrac_1_piece_12cm_Manche_Buffle_Plein_Manche_Finition_Brillante_Double_Platines_NUM1_00.jpg\",\"datePublished\":\"2024-12-01T20:06:13+00:00\",\"breadcrumb\":{\"@id\":\"https:\\\/\\\/laguiole.com\\\/de\\\/produit\\\/laguiole-aubrac-messer-1-stueck-12cm-bueffelgriff-vollgriff-glaenzendes-finish-doppelplatten-num1\\\/#breadcrumb\"},\"inLanguage\":\"de\",\"potentialAction\":[{\"@type\":\"ReadAction\",\"target\":[\"https:\\\/\\\/laguiole.com\\\/de\\\/produit\\\/laguiole-aubrac-messer-1-stueck-12cm-bueffelgriff-vollgriff-glaenzendes-finish-doppelplatten-num1\\\/\"]}]},{\"@type\":\"ImageObject\",\"inLanguage\":\"de\",\"@id\":\"https:\\\/\\\/laguiole.com\\\/de\\\/produit\\\/laguiole-aubrac-messer-1-stueck-12cm-bueffelgriff-vollgriff-glaenzendes-finish-doppelplatten-num1\\\/#primaryimage\",\"url\":\"https:\\\/\\\/laguiole.com\\\/wp-content\\\/uploads\\\/2024\\\/12\\\/Couteau_Laguiole_en_Aubrac_1_piece_12cm_Manche_Buffle_Plein_Manche_Finition_Brillante_Double_Platines_NUM1_00.jpg\",\"contentUrl\":\"https:\\\/\\\/laguiole.com\\\/wp-content\\\/uploads\\\/2024\\\/12\\\/Couteau_Laguiole_en_Aubrac_1_piece_12cm_Manche_Buffle_Plein_Manche_Finition_Brillante_Double_Platines_NUM1_00.jpg\",\"width\":1057,\"height\":1057,\"caption\":\"Laguiole Aubrac Messer 1 St\u00fcck 12cm B\u00fcffelgriff Vollgriff Gl\u00e4nzendes Finish Doppelplatten NUM1\"},{\"@type\":\"BreadcrumbList\",\"@id\":\"https:\\\/\\\/laguiole.com\\\/de\\\/produit\\\/laguiole-aubrac-messer-1-stueck-12cm-bueffelgriff-vollgriff-glaenzendes-finish-doppelplatten-num1\\\/#breadcrumb\",\"itemListElement\":[{\"@type\":\"ListItem\",\"position\":1,\"name\":\"Accueil\",\"item\":\"https:\\\/\\\/laguiole.com\\\/de\\\/\"},{\"@type\":\"ListItem\",\"position\":2,\"name\":\"Shop\",\"item\":\"https:\\\/\\\/laguiole.com\\\/de\\\/shop-2\\\/\"},{\"@type\":\"ListItem\",\"position\":3,\"name\":\"Laguiole Aubrac Messer 1 St\u00fcck 12cm B\u00fcffelgriff Vollgriff Gl\u00e4nzendes Finish Doppelplatten NUM1\"}]},{\"@type\":\"WebSite\",\"@id\":\"https:\\\/\\\/laguiole.com\\\/de\\\/#website\",\"url\":\"https:\\\/\\\/laguiole.com\\\/de\\\/\",\"name\":\"Laguiole.com\",\"description\":\"Laguiole - Couteau laguiole, Chateau Laguiole, Laguiole en Aubrac, Forge de Laguiole\",\"publisher\":{\"@id\":\"https:\\\/\\\/laguiole.com\\\/de\\\/#organization\"},\"potentialAction\":[{\"@type\":\"SearchAction\",\"target\":{\"@type\":\"EntryPoint\",\"urlTemplate\":\"https:\\\/\\\/laguiole.com\\\/de\\\/?s={search_term_string}\"},\"query-input\":{\"@type\":\"PropertyValueSpecification\",\"valueRequired\":true,\"valueName\":\"search_term_string\"}}],\"inLanguage\":\"de\"},{\"@type\":\"Organization\",\"@id\":\"https:\\\/\\\/laguiole.com\\\/de\\\/#organization\",\"name\":\"Laguiole.com\",\"url\":\"https:\\\/\\\/laguiole.com\\\/de\\\/\",\"logo\":{\"@type\":\"ImageObject\",\"inLanguage\":\"de\",\"@id\":\"https:\\\/\\\/laguiole.com\\\/de\\\/#\\\/schema\\\/logo\\\/image\\\/\",\"url\":\"https:\\\/\\\/laguiole.com\\\/wp-content\\\/uploads\\\/2021\\\/02\\\/logo_laguiole.com-horizontal.jpg\",\"contentUrl\":\"https:\\\/\\\/laguiole.com\\\/wp-content\\\/uploads\\\/2021\\\/02\\\/logo_laguiole.com-horizontal.jpg\",\"width\":490,\"height\":156,\"caption\":\"Laguiole.com\"},\"image\":{\"@id\":\"https:\\\/\\\/laguiole.com\\\/de\\\/#\\\/schema\\\/logo\\\/image\\\/\"},\"sameAs\":[\"https:\\\/\\\/www.facebook.com\\\/laguiolecom\\\/\",\"https:\\\/\\\/www.instagram.com\\\/laguiolecom\\\/\",\"https:\\\/\\\/www.youtube.com\\\/@laguiolecom\\\/videos\"]}]}<\/script>\n<!-- \/ Yoast SEO plugin. -->","yoast_head_json":{"title":"Laguiole Aubrac Messer 1 St\u00fcck 12cm B\u00fcffelgriff Vollgriff Gl\u00e4nzendes Finish Doppelplatten NUM1 - Laguiole.com \u00ae","robots":{"index":"index","follow":"follow","max-snippet":"max-snippet:-1","max-image-preview":"max-image-preview:large","max-video-preview":"max-video-preview:-1"},"canonical":"https:\/\/laguiole.com\/de\/produit\/laguiole-aubrac-messer-1-stueck-12cm-bueffelgriff-vollgriff-glaenzendes-finish-doppelplatten-num1\/","og_locale":"de_DE","og_type":"article","og_title":"Laguiole Aubrac Messer 1 St\u00fcck 12cm B\u00fcffelgriff Vollgriff Gl\u00e4nzendes Finish Doppelplatten NUM1 - Laguiole.com \u00ae","og_description":"Laguiole Klappmesser aus Aubrac Edelstahl Klinge 12C27 gl\u00e4nzend mit Gehrung B\u00fcffel Griff Full Fly Griff geschmiedet und gemei\u00dfelt handgeschmiedet und guillochiert Feder aus handgefertigten gl\u00e4nzenden Edelstahl Doppel guillochierte Platten Hand in gl\u00e4nzendem Edelstahl Sch\u00e4ferkreuz auf der linken Seite des Messers. L\u00e4nge des geschlossenen Messers: 12 cm L\u00e4nge der Klinge: 10 cm L\u00e4nge des offenen Messers: 22 cm","og_url":"https:\/\/laguiole.com\/de\/produit\/laguiole-aubrac-messer-1-stueck-12cm-bueffelgriff-vollgriff-glaenzendes-finish-doppelplatten-num1\/","og_site_name":"Laguiole.com \u00ae","article_publisher":"https:\/\/www.facebook.com\/laguiolecom\/","og_image":[{"width":1057,"height":1057,"url":"https:\/\/laguiole.com\/wp-content\/uploads\/2024\/12\/Couteau_Laguiole_en_Aubrac_1_piece_12cm_Manche_Buffle_Plein_Manche_Finition_Brillante_Double_Platines_NUM1_00.jpg","type":"image\/jpeg"}],"twitter_card":"summary_large_image","twitter_misc":{"Gesch\u00e4tzte Lesezeit":"2\u00a0Minute"},"schema":{"@context":"https:\/\/schema.org","@graph":[{"@type":"WebPage","@id":"https:\/\/laguiole.com\/de\/produit\/laguiole-aubrac-messer-1-stueck-12cm-bueffelgriff-vollgriff-glaenzendes-finish-doppelplatten-num1\/","url":"https:\/\/laguiole.com\/de\/produit\/laguiole-aubrac-messer-1-stueck-12cm-bueffelgriff-vollgriff-glaenzendes-finish-doppelplatten-num1\/","name":"Laguiole Aubrac Messer 1 St\u00fcck 12cm B\u00fcffelgriff Vollgriff Gl\u00e4nzendes Finish Doppelplatten NUM1 - Laguiole.com \u00ae","isPartOf":{"@id":"https:\/\/laguiole.com\/de\/#website"},"primaryImageOfPage":{"@id":"https:\/\/laguiole.com\/de\/produit\/laguiole-aubrac-messer-1-stueck-12cm-bueffelgriff-vollgriff-glaenzendes-finish-doppelplatten-num1\/#primaryimage"},"image":{"@id":"https:\/\/laguiole.com\/de\/produit\/laguiole-aubrac-messer-1-stueck-12cm-bueffelgriff-vollgriff-glaenzendes-finish-doppelplatten-num1\/#primaryimage"},"thumbnailUrl":"https:\/\/laguiole.com\/wp-content\/uploads\/2024\/12\/Couteau_Laguiole_en_Aubrac_1_piece_12cm_Manche_Buffle_Plein_Manche_Finition_Brillante_Double_Platines_NUM1_00.jpg","datePublished":"2024-12-01T20:06:13+00:00","breadcrumb":{"@id":"https:\/\/laguiole.com\/de\/produit\/laguiole-aubrac-messer-1-stueck-12cm-bueffelgriff-vollgriff-glaenzendes-finish-doppelplatten-num1\/#breadcrumb"},"inLanguage":"de","potentialAction":[{"@type":"ReadAction","target":["https:\/\/laguiole.com\/de\/produit\/laguiole-aubrac-messer-1-stueck-12cm-bueffelgriff-vollgriff-glaenzendes-finish-doppelplatten-num1\/"]}]},{"@type":"ImageObject","inLanguage":"de","@id":"https:\/\/laguiole.com\/de\/produit\/laguiole-aubrac-messer-1-stueck-12cm-bueffelgriff-vollgriff-glaenzendes-finish-doppelplatten-num1\/#primaryimage","url":"https:\/\/laguiole.com\/wp-content\/uploads\/2024\/12\/Couteau_Laguiole_en_Aubrac_1_piece_12cm_Manche_Buffle_Plein_Manche_Finition_Brillante_Double_Platines_NUM1_00.jpg","contentUrl":"https:\/\/laguiole.com\/wp-content\/uploads\/2024\/12\/Couteau_Laguiole_en_Aubrac_1_piece_12cm_Manche_Buffle_Plein_Manche_Finition_Brillante_Double_Platines_NUM1_00.jpg","width":1057,"height":1057,"caption":"Laguiole Aubrac Messer 1 St\u00fcck 12cm B\u00fcffelgriff Vollgriff Gl\u00e4nzendes Finish Doppelplatten NUM1"},{"@type":"BreadcrumbList","@id":"https:\/\/laguiole.com\/de\/produit\/laguiole-aubrac-messer-1-stueck-12cm-bueffelgriff-vollgriff-glaenzendes-finish-doppelplatten-num1\/#breadcrumb","itemListElement":[{"@type":"ListItem","position":1,"name":"Accueil","item":"https:\/\/laguiole.com\/de\/"},{"@type":"ListItem","position":2,"name":"Shop","item":"https:\/\/laguiole.com\/de\/shop-2\/"},{"@type":"ListItem","position":3,"name":"Laguiole Aubrac Messer 1 St\u00fcck 12cm B\u00fcffelgriff Vollgriff Gl\u00e4nzendes Finish Doppelplatten NUM1"}]},{"@type":"WebSite","@id":"https:\/\/laguiole.com\/de\/#website","url":"https:\/\/laguiole.com\/de\/","name":"Laguiole.com","description":"Laguiole - Couteau laguiole, Chateau Laguiole, Laguiole en Aubrac, Forge de Laguiole","publisher":{"@id":"https:\/\/laguiole.com\/de\/#organization"},"potentialAction":[{"@type":"SearchAction","target":{"@type":"EntryPoint","urlTemplate":"https:\/\/laguiole.com\/de\/?s={search_term_string}"},"query-input":{"@type":"PropertyValueSpecification","valueRequired":true,"valueName":"search_term_string"}}],"inLanguage":"de"},{"@type":"Organization","@id":"https:\/\/laguiole.com\/de\/#organization","name":"Laguiole.com","url":"https:\/\/laguiole.com\/de\/","logo":{"@type":"ImageObject","inLanguage":"de","@id":"https:\/\/laguiole.com\/de\/#\/schema\/logo\/image\/","url":"https:\/\/laguiole.com\/wp-content\/uploads\/2021\/02\/logo_laguiole.com-horizontal.jpg","contentUrl":"https:\/\/laguiole.com\/wp-content\/uploads\/2021\/02\/logo_laguiole.com-horizontal.jpg","width":490,"height":156,"caption":"Laguiole.com"},"image":{"@id":"https:\/\/laguiole.com\/de\/#\/schema\/logo\/image\/"},"sameAs":["https:\/\/www.facebook.com\/laguiolecom\/","https:\/\/www.instagram.com\/laguiolecom\/","https:\/\/www.youtube.com\/@laguiolecom\/videos"]}]}},"_links":{"self":[{"href":"https:\/\/laguiole.com\/de\/wp-json\/wp\/v2\/product\/37896","targetHints":{"allow":["GET"]}}],"collection":[{"href":"https:\/\/laguiole.com\/de\/wp-json\/wp\/v2\/product"}],"about":[{"href":"https:\/\/laguiole.com\/de\/wp-json\/wp\/v2\/types\/product"}],"version-history":[{"count":0,"href":"https:\/\/laguiole.com\/de\/wp-json\/wp\/v2\/product\/37896\/revisions"}],"wp:featuredmedia":[{"embeddable":true,"href":"https:\/\/laguiole.com\/de\/wp-json\/wp\/v2\/media\/37924"}],"wp:attachment":[{"href":"https:\/\/laguiole.com\/de\/wp-json\/wp\/v2\/media?parent=37896"}],"wp:term":[{"taxonomy":"product_brand","embeddable":true,"href":"https:\/\/laguiole.com\/de\/wp-json\/wp\/v2\/product_brand?post=37896"},{"taxonomy":"product_cat","embeddable":true,"href":"https:\/\/laguiole.com\/de\/wp-json\/wp\/v2\/product_cat?post=37896"},{"taxonomy":"product_tag","embeddable":true,"href":"https:\/\/laguiole.com\/de\/wp-json\/wp\/v2\/product_tag?post=37896"}],"curies":[{"name":"wp","href":"https:\/\/api.w.org\/{rel}","templated":true}]}}